{"id":11478,"date":"2021-07-15T09:44:46","date_gmt":"2021-07-29T11:51:32","guid":{"rendered":"https:\/\/videstehnika.lv\/?post_type=product&#038;p=11478"},"modified":"2021-11-07T13:43:19","modified_gmt":"2021-11-07T11:43:19","slug":"velux-roller-blinds","status":"publish","type":"product","link":"https:\/\/videstehnika.lv\/en\/catalog\/windows\/internal-blinds\/velux-roller-blinds\/","title":{"rendered":"VELUX roller blinds"},"content":{"rendered":"<h2>VELUX roller blinds<\/h2>\n<p>Provides easy dimming and privacy. Great for living rooms.<\/p>\n<ul>\n<li>Dispers incoming light and provides privacy;<\/li>\n<li>Available with white or brushed aluminum side rails;<\/li>\n<li>Available with manual, electric or solar control;<\/li>\n<li>16 new tones.<\/li>\n<\/ul>\n","protected":false},"excerpt":{"rendered":"<p>VELUX roller blinds Provides easy dimming and privacy. Great for living rooms. Dispers incoming light and provides privacy; Available with<\/p>\n","protected":false},"featured_media":10619,"template":"","meta":{"_acf_changed":false},"product_cat":[1621,1578],"product_tag":[],"class_list":{"0":"post-11478","1":"product","2":"type-product","3":"status-publish","4":"has-post-thumbnail","6":"product_cat-internal-blinds","7":"product_cat-windows","9":"first","10":"onbackorder","11":"taxable","12":"shipping-taxable","13":"purchasable","14":"product-type-simple"},"acf":[],"yoast_head":"<!-- This site is optimized with the Yoast SEO plugin v24.2 - https:\/\/yoast.com\/wordpress\/plugins\/seo\/ -->\n<title>VELUX roof window roller blinds - 16 tones &#8226; Vides Tehnika<\/title>\n<meta name=\"description\" content=\"Provides easy dimming and privacy. Great for living rooms. Dispers incoming light and provides privacy. 16 new tones.\" \/>\n<meta name=\"robots\" content=\"index, follow, max-snippet:-1, max-image-preview:large, max-video-preview:-1\" \/>\n<link rel=\"canonical\" href=\"https:\/\/videstehnika.lv\/en\/catalog\/windows\/internal-blinds\/velux-roller-blinds\/\" \/>\n<meta property=\"og:locale\" content=\"en_US\" \/>\n<meta property=\"og:type\" content=\"article\" \/>\n<meta property=\"og:title\" content=\"VELUX roof window roller blinds - 16 tones &#8226; Vides Tehnika\" \/>\n<meta property=\"og:description\" content=\"Provides easy dimming and privacy. Great for living rooms. Dispers incoming light and provides privacy. 16 new tones.\" \/>\n<meta property=\"og:url\" content=\"https:\/\/videstehnika.lv\/en\/catalog\/windows\/internal-blinds\/velux-roller-blinds\/\" \/>\n<meta property=\"og:site_name\" content=\"Vides Tehnika\" \/>\n<meta property=\"article:modified_time\" content=\"2021-11-07T11:43:19+00:00\" \/>\n<meta property=\"og:image\" content=\"https:\/\/videstehnika.lv\/wp-content\/uploads\/2021\/07\/VELUX-rullveida-zaluzijas.jpg\" \/>\n\t<meta property=\"og:image:width\" content=\"900\" \/>\n\t<meta property=\"og:image:height\" content=\"900\" \/>\n\t<meta property=\"og:image:type\" content=\"image\/jpeg\" \/>\n<meta name=\"twitter:card\" content=\"summary_large_image\" \/>\n<meta name=\"twitter:label1\" content=\"Est. reading time\" \/>\n\t<meta name=\"twitter:data1\" content=\"1 minute\" \/>\n<script type=\"application\/ld+json\" class=\"yoast-schema-graph\">{\"@context\":\"https:\/\/schema.org\",\"@graph\":[{\"@type\":\"WebPage\",\"@id\":\"https:\/\/videstehnika.lv\/en\/catalog\/windows\/internal-blinds\/velux-roller-blinds\/\",\"url\":\"https:\/\/videstehnika.lv\/en\/catalog\/windows\/internal-blinds\/velux-roller-blinds\/\",\"name\":\"VELUX roof window roller blinds - 16 tones &#8226; Vides Tehnika\",\"isPartOf\":{\"@id\":\"https:\/\/videstehnika.lv\/en\/#website\"},\"primaryImageOfPage\":{\"@id\":\"https:\/\/videstehnika.lv\/en\/catalog\/windows\/internal-blinds\/velux-roller-blinds\/#primaryimage\"},\"image\":{\"@id\":\"https:\/\/videstehnika.lv\/en\/catalog\/windows\/internal-blinds\/velux-roller-blinds\/#primaryimage\"},\"thumbnailUrl\":\"https:\/\/videstehnika.lv\/wp-content\/uploads\/2021\/07\/VELUX-rullveida-zaluzijas.jpg\",\"datePublished\":\"2021-07-29T11:51:32+00:00\",\"dateModified\":\"2021-11-07T11:43:19+00:00\",\"description\":\"Provides easy dimming and privacy. Great for living rooms. Dispers incoming light and provides privacy. 16 new tones.\",\"breadcrumb\":{\"@id\":\"https:\/\/videstehnika.lv\/en\/catalog\/windows\/internal-blinds\/velux-roller-blinds\/#breadcrumb\"},\"inLanguage\":\"en-US\",\"potentialAction\":[{\"@type\":\"ReadAction\",\"target\":[\"https:\/\/videstehnika.lv\/en\/catalog\/windows\/internal-blinds\/velux-roller-blinds\/\"]}]},{\"@type\":\"ImageObject\",\"inLanguage\":\"en-US\",\"@id\":\"https:\/\/videstehnika.lv\/en\/catalog\/windows\/internal-blinds\/velux-roller-blinds\/#primaryimage\",\"url\":\"https:\/\/videstehnika.lv\/wp-content\/uploads\/2021\/07\/VELUX-rullveida-zaluzijas.jpg\",\"contentUrl\":\"https:\/\/videstehnika.lv\/wp-content\/uploads\/2021\/07\/VELUX-rullveida-zaluzijas.jpg\",\"width\":900,\"height\":900,\"caption\":\"VELUX ru\u013c\u013cveida \u017eal\u016bzijas\"},{\"@type\":\"BreadcrumbList\",\"@id\":\"https:\/\/videstehnika.lv\/en\/catalog\/windows\/internal-blinds\/velux-roller-blinds\/#breadcrumb\",\"itemListElement\":[{\"@type\":\"ListItem\",\"position\":1,\"name\":\"Home\",\"item\":\"https:\/\/videstehnika.lv\/en\/\"},{\"@type\":\"ListItem\",\"position\":2,\"name\":\"Katalogs\",\"item\":\"https:\/\/videstehnika.lv\/en\/katalogs\/\"},{\"@type\":\"ListItem\",\"position\":3,\"name\":\"VELUX roller blinds\"}]},{\"@type\":\"WebSite\",\"@id\":\"https:\/\/videstehnika.lv\/en\/#website\",\"url\":\"https:\/\/videstehnika.lv\/en\/\",\"name\":\"Vides Tehnika\",\"description\":\"\",\"potentialAction\":[{\"@type\":\"SearchAction\",\"target\":{\"@type\":\"EntryPoint\",\"urlTemplate\":\"https:\/\/videstehnika.lv\/en\/?s={search_term_string}\"},\"query-input\":{\"@type\":\"PropertyValueSpecification\",\"valueRequired\":true,\"valueName\":\"search_term_string\"}}],\"inLanguage\":\"en-US\"}]}<\/script>\n<!-- \/ Yoast SEO plugin. -->","yoast_head_json":{"title":"VELUX roof window roller blinds - 16 tones &#8226; Vides Tehnika","description":"Provides easy dimming and privacy. Great for living rooms. Dispers incoming light and provides privacy. 16 new tones.","robots":{"index":"index","follow":"follow","max-snippet":"max-snippet:-1","max-image-preview":"max-image-preview:large","max-video-preview":"max-video-preview:-1"},"canonical":"https:\/\/videstehnika.lv\/en\/catalog\/windows\/internal-blinds\/velux-roller-blinds\/","og_locale":"en_US","og_type":"article","og_title":"VELUX roof window roller blinds - 16 tones &#8226; Vides Tehnika","og_description":"Provides easy dimming and privacy. Great for living rooms. Dispers incoming light and provides privacy. 16 new tones.","og_url":"https:\/\/videstehnika.lv\/en\/catalog\/windows\/internal-blinds\/velux-roller-blinds\/","og_site_name":"Vides Tehnika","article_modified_time":"2021-11-07T11:43:19+00:00","og_image":[{"width":900,"height":900,"url":"https:\/\/videstehnika.lv\/wp-content\/uploads\/2021\/07\/VELUX-rullveida-zaluzijas.jpg","type":"image\/jpeg"}],"twitter_card":"summary_large_image","twitter_misc":{"Est. reading time":"1 minute"},"schema":{"@context":"https:\/\/schema.org","@graph":[{"@type":"WebPage","@id":"https:\/\/videstehnika.lv\/en\/catalog\/windows\/internal-blinds\/velux-roller-blinds\/","url":"https:\/\/videstehnika.lv\/en\/catalog\/windows\/internal-blinds\/velux-roller-blinds\/","name":"VELUX roof window roller blinds - 16 tones &#8226; Vides Tehnika","isPartOf":{"@id":"https:\/\/videstehnika.lv\/en\/#website"},"primaryImageOfPage":{"@id":"https:\/\/videstehnika.lv\/en\/catalog\/windows\/internal-blinds\/velux-roller-blinds\/#primaryimage"},"image":{"@id":"https:\/\/videstehnika.lv\/en\/catalog\/windows\/internal-blinds\/velux-roller-blinds\/#primaryimage"},"thumbnailUrl":"https:\/\/videstehnika.lv\/wp-content\/uploads\/2021\/07\/VELUX-rullveida-zaluzijas.jpg","datePublished":"2021-07-29T11:51:32+00:00","dateModified":"2021-11-07T11:43:19+00:00","description":"Provides easy dimming and privacy. Great for living rooms. Dispers incoming light and provides privacy. 16 new tones.","breadcrumb":{"@id":"https:\/\/videstehnika.lv\/en\/catalog\/windows\/internal-blinds\/velux-roller-blinds\/#breadcrumb"},"inLanguage":"en-US","potentialAction":[{"@type":"ReadAction","target":["https:\/\/videstehnika.lv\/en\/catalog\/windows\/internal-blinds\/velux-roller-blinds\/"]}]},{"@type":"ImageObject","inLanguage":"en-US","@id":"https:\/\/videstehnika.lv\/en\/catalog\/windows\/internal-blinds\/velux-roller-blinds\/#primaryimage","url":"https:\/\/videstehnika.lv\/wp-content\/uploads\/2021\/07\/VELUX-rullveida-zaluzijas.jpg","contentUrl":"https:\/\/videstehnika.lv\/wp-content\/uploads\/2021\/07\/VELUX-rullveida-zaluzijas.jpg","width":900,"height":900,"caption":"VELUX ru\u013c\u013cveida \u017eal\u016bzijas"},{"@type":"BreadcrumbList","@id":"https:\/\/videstehnika.lv\/en\/catalog\/windows\/internal-blinds\/velux-roller-blinds\/#breadcrumb","itemListElement":[{"@type":"ListItem","position":1,"name":"Home","item":"https:\/\/videstehnika.lv\/en\/"},{"@type":"ListItem","position":2,"name":"Katalogs","item":"https:\/\/videstehnika.lv\/en\/katalogs\/"},{"@type":"ListItem","position":3,"name":"VELUX roller blinds"}]},{"@type":"WebSite","@id":"https:\/\/videstehnika.lv\/en\/#website","url":"https:\/\/videstehnika.lv\/en\/","name":"Vides Tehnika","description":"","potentialAction":[{"@type":"SearchAction","target":{"@type":"EntryPoint","urlTemplate":"https:\/\/videstehnika.lv\/en\/?s={search_term_string}"},"query-input":{"@type":"PropertyValueSpecification","valueRequired":true,"valueName":"search_term_string"}}],"inLanguage":"en-US"}]}},"_links":{"self":[{"href":"https:\/\/videstehnika.lv\/en\/wp-json\/wp\/v2\/product\/11478","targetHints":{"allow":["GET"]}}],"collection":[{"href":"https:\/\/videstehnika.lv\/en\/wp-json\/wp\/v2\/product"}],"about":[{"href":"https:\/\/videstehnika.lv\/en\/wp-json\/wp\/v2\/types\/product"}],"wp:featuredmedia":[{"embeddable":true,"href":"https:\/\/videstehnika.lv\/en\/wp-json\/wp\/v2\/media\/10619"}],"wp:attachment":[{"href":"https:\/\/videstehnika.lv\/en\/wp-json\/wp\/v2\/media?parent=11478"}],"wp:term":[{"taxonomy":"product_cat","embeddable":true,"href":"https:\/\/videstehnika.lv\/en\/wp-json\/wp\/v2\/product_cat?post=11478"},{"taxonomy":"product_tag","embeddable":true,"href":"https:\/\/videstehnika.lv\/en\/wp-json\/wp\/v2\/product_tag?post=11478"}],"curies":[{"name":"wp","href":"https:\/\/api.w.org\/{rel}","templated":true}]}}