{"id":11481,"date":"2021-07-15T10:32:22","date_gmt":"2021-07-29T11:55:52","guid":{"rendered":"https:\/\/videstehnika.lv\/?post_type=product&#038;p=11481"},"modified":"2021-11-07T13:45:46","modified_gmt":"2021-11-07T11:45:46","slug":"velux-blind-collection-for-children","status":"publish","type":"product","link":"https:\/\/videstehnika.lv\/en\/catalog\/windows\/internal-blinds\/velux-blind-collection-for-children\/","title":{"rendered":"VELUX blind collection for children"},"content":{"rendered":"<h2>VELUX blind collection for children<\/h2>\n<p>The most beautiful adventures begin with a good night&#8217;s sleep. Blackout blinds and Duo blackout blinds are available in 9 inspiring and exciting designs designed specifically for children&#8217;s rooms.<\/p>\n<p>Blinds:<\/p>\n<ul>\n<li>Completely darkens the room;<\/li>\n<li>Available with white or brushed aluminum side rails;<\/li>\n<li>Available with manual control.<\/li>\n<\/ul>\n<p>Duo opaque blinds:<\/p>\n<ul>\n<li>Completely darkens the room or scatters incoming light;<\/li>\n<li>Available in any color of blinds in combination with white pleated blinds (1016);<\/li>\n<li>Available with white or brushed aluminum side rails;<\/li>\n<li>Available with manual control.<\/li>\n<\/ul>\n","protected":false},"excerpt":{"rendered":"<p>VELUX blind collection for children The most beautiful adventures begin with a good night&#8217;s sleep. Blackout blinds and Duo blackout<\/p>\n","protected":false},"featured_media":10631,"template":"","meta":{"_acf_changed":false},"product_cat":[1621,1578],"product_tag":[],"class_list":{"0":"post-11481","1":"product","2":"type-product","3":"status-publish","4":"has-post-thumbnail","6":"product_cat-internal-blinds","7":"product_cat-windows","9":"first","10":"onbackorder","11":"taxable","12":"shipping-taxable","13":"purchasable","14":"product-type-simple"},"acf":[],"yoast_head":"<!-- This site is optimized with the Yoast SEO plugin v24.2 - https:\/\/yoast.com\/wordpress\/plugins\/seo\/ -->\n<title>VELUX blind collection for children &#8226; Vides Tehnika<\/title>\n<meta name=\"description\" content=\"Blackout blinds and Duo blackout blinds are available in 9 inspiring and exciting designs designed specifically for children&#039;s rooms.\" \/>\n<meta name=\"robots\" content=\"index, follow, max-snippet:-1, max-image-preview:large, max-video-preview:-1\" \/>\n<link rel=\"canonical\" href=\"https:\/\/videstehnika.lv\/en\/catalog\/windows\/internal-blinds\/velux-blind-collection-for-children\/\" \/>\n<meta property=\"og:locale\" content=\"en_US\" \/>\n<meta property=\"og:type\" content=\"article\" \/>\n<meta property=\"og:title\" content=\"VELUX blind collection for children &#8226; Vides Tehnika\" \/>\n<meta property=\"og:description\" content=\"Blackout blinds and Duo blackout blinds are available in 9 inspiring and exciting designs designed specifically for children&#039;s rooms.\" \/>\n<meta property=\"og:url\" content=\"https:\/\/videstehnika.lv\/en\/catalog\/windows\/internal-blinds\/velux-blind-collection-for-children\/\" \/>\n<meta property=\"og:site_name\" content=\"Vides Tehnika\" \/>\n<meta property=\"article:modified_time\" content=\"2021-11-07T11:45:46+00:00\" \/>\n<meta property=\"og:image\" content=\"https:\/\/videstehnika.lv\/wp-content\/uploads\/2021\/07\/VELUX-zaluziju-kolekcija-berniem.jpg\" \/>\n\t<meta property=\"og:image:width\" content=\"900\" \/>\n\t<meta property=\"og:image:height\" content=\"900\" \/>\n\t<meta property=\"og:image:type\" content=\"image\/jpeg\" \/>\n<meta name=\"twitter:card\" content=\"summary_large_image\" \/>\n<meta name=\"twitter:label1\" content=\"Est. reading time\" \/>\n\t<meta name=\"twitter:data1\" content=\"1 minute\" \/>\n<script type=\"application\/ld+json\" class=\"yoast-schema-graph\">{\"@context\":\"https:\/\/schema.org\",\"@graph\":[{\"@type\":\"WebPage\",\"@id\":\"https:\/\/videstehnika.lv\/en\/catalog\/windows\/internal-blinds\/velux-blind-collection-for-children\/\",\"url\":\"https:\/\/videstehnika.lv\/en\/catalog\/windows\/internal-blinds\/velux-blind-collection-for-children\/\",\"name\":\"VELUX blind collection for children &#8226; Vides Tehnika\",\"isPartOf\":{\"@id\":\"https:\/\/videstehnika.lv\/en\/#website\"},\"primaryImageOfPage\":{\"@id\":\"https:\/\/videstehnika.lv\/en\/catalog\/windows\/internal-blinds\/velux-blind-collection-for-children\/#primaryimage\"},\"image\":{\"@id\":\"https:\/\/videstehnika.lv\/en\/catalog\/windows\/internal-blinds\/velux-blind-collection-for-children\/#primaryimage\"},\"thumbnailUrl\":\"https:\/\/videstehnika.lv\/wp-content\/uploads\/2021\/07\/VELUX-zaluziju-kolekcija-berniem.jpg\",\"datePublished\":\"2021-07-29T11:55:52+00:00\",\"dateModified\":\"2021-11-07T11:45:46+00:00\",\"description\":\"Blackout blinds and Duo blackout blinds are available in 9 inspiring and exciting designs designed specifically for children's rooms.\",\"breadcrumb\":{\"@id\":\"https:\/\/videstehnika.lv\/en\/catalog\/windows\/internal-blinds\/velux-blind-collection-for-children\/#breadcrumb\"},\"inLanguage\":\"en-US\",\"potentialAction\":[{\"@type\":\"ReadAction\",\"target\":[\"https:\/\/videstehnika.lv\/en\/catalog\/windows\/internal-blinds\/velux-blind-collection-for-children\/\"]}]},{\"@type\":\"ImageObject\",\"inLanguage\":\"en-US\",\"@id\":\"https:\/\/videstehnika.lv\/en\/catalog\/windows\/internal-blinds\/velux-blind-collection-for-children\/#primaryimage\",\"url\":\"https:\/\/videstehnika.lv\/wp-content\/uploads\/2021\/07\/VELUX-zaluziju-kolekcija-berniem.jpg\",\"contentUrl\":\"https:\/\/videstehnika.lv\/wp-content\/uploads\/2021\/07\/VELUX-zaluziju-kolekcija-berniem.jpg\",\"width\":900,\"height\":900,\"caption\":\"VELUX \u017eal\u016bziju kolekcija b\u0113rniem\"},{\"@type\":\"BreadcrumbList\",\"@id\":\"https:\/\/videstehnika.lv\/en\/catalog\/windows\/internal-blinds\/velux-blind-collection-for-children\/#breadcrumb\",\"itemListElement\":[{\"@type\":\"ListItem\",\"position\":1,\"name\":\"Home\",\"item\":\"https:\/\/videstehnika.lv\/en\/\"},{\"@type\":\"ListItem\",\"position\":2,\"name\":\"Katalogs\",\"item\":\"https:\/\/videstehnika.lv\/en\/katalogs\/\"},{\"@type\":\"ListItem\",\"position\":3,\"name\":\"VELUX blind collection for children\"}]},{\"@type\":\"WebSite\",\"@id\":\"https:\/\/videstehnika.lv\/en\/#website\",\"url\":\"https:\/\/videstehnika.lv\/en\/\",\"name\":\"Vides Tehnika\",\"description\":\"\",\"potentialAction\":[{\"@type\":\"SearchAction\",\"target\":{\"@type\":\"EntryPoint\",\"urlTemplate\":\"https:\/\/videstehnika.lv\/en\/?s={search_term_string}\"},\"query-input\":{\"@type\":\"PropertyValueSpecification\",\"valueRequired\":true,\"valueName\":\"search_term_string\"}}],\"inLanguage\":\"en-US\"}]}<\/script>\n<!-- \/ Yoast SEO plugin. -->","yoast_head_json":{"title":"VELUX blind collection for children &#8226; Vides Tehnika","description":"Blackout blinds and Duo blackout blinds are available in 9 inspiring and exciting designs designed specifically for children's rooms.","robots":{"index":"index","follow":"follow","max-snippet":"max-snippet:-1","max-image-preview":"max-image-preview:large","max-video-preview":"max-video-preview:-1"},"canonical":"https:\/\/videstehnika.lv\/en\/catalog\/windows\/internal-blinds\/velux-blind-collection-for-children\/","og_locale":"en_US","og_type":"article","og_title":"VELUX blind collection for children &#8226; Vides Tehnika","og_description":"Blackout blinds and Duo blackout blinds are available in 9 inspiring and exciting designs designed specifically for children's rooms.","og_url":"https:\/\/videstehnika.lv\/en\/catalog\/windows\/internal-blinds\/velux-blind-collection-for-children\/","og_site_name":"Vides Tehnika","article_modified_time":"2021-11-07T11:45:46+00:00","og_image":[{"width":900,"height":900,"url":"https:\/\/videstehnika.lv\/wp-content\/uploads\/2021\/07\/VELUX-zaluziju-kolekcija-berniem.jpg","type":"image\/jpeg"}],"twitter_card":"summary_large_image","twitter_misc":{"Est. reading time":"1 minute"},"schema":{"@context":"https:\/\/schema.org","@graph":[{"@type":"WebPage","@id":"https:\/\/videstehnika.lv\/en\/catalog\/windows\/internal-blinds\/velux-blind-collection-for-children\/","url":"https:\/\/videstehnika.lv\/en\/catalog\/windows\/internal-blinds\/velux-blind-collection-for-children\/","name":"VELUX blind collection for children &#8226; Vides Tehnika","isPartOf":{"@id":"https:\/\/videstehnika.lv\/en\/#website"},"primaryImageOfPage":{"@id":"https:\/\/videstehnika.lv\/en\/catalog\/windows\/internal-blinds\/velux-blind-collection-for-children\/#primaryimage"},"image":{"@id":"https:\/\/videstehnika.lv\/en\/catalog\/windows\/internal-blinds\/velux-blind-collection-for-children\/#primaryimage"},"thumbnailUrl":"https:\/\/videstehnika.lv\/wp-content\/uploads\/2021\/07\/VELUX-zaluziju-kolekcija-berniem.jpg","datePublished":"2021-07-29T11:55:52+00:00","dateModified":"2021-11-07T11:45:46+00:00","description":"Blackout blinds and Duo blackout blinds are available in 9 inspiring and exciting designs designed specifically for children's rooms.","breadcrumb":{"@id":"https:\/\/videstehnika.lv\/en\/catalog\/windows\/internal-blinds\/velux-blind-collection-for-children\/#breadcrumb"},"inLanguage":"en-US","potentialAction":[{"@type":"ReadAction","target":["https:\/\/videstehnika.lv\/en\/catalog\/windows\/internal-blinds\/velux-blind-collection-for-children\/"]}]},{"@type":"ImageObject","inLanguage":"en-US","@id":"https:\/\/videstehnika.lv\/en\/catalog\/windows\/internal-blinds\/velux-blind-collection-for-children\/#primaryimage","url":"https:\/\/videstehnika.lv\/wp-content\/uploads\/2021\/07\/VELUX-zaluziju-kolekcija-berniem.jpg","contentUrl":"https:\/\/videstehnika.lv\/wp-content\/uploads\/2021\/07\/VELUX-zaluziju-kolekcija-berniem.jpg","width":900,"height":900,"caption":"VELUX \u017eal\u016bziju kolekcija b\u0113rniem"},{"@type":"BreadcrumbList","@id":"https:\/\/videstehnika.lv\/en\/catalog\/windows\/internal-blinds\/velux-blind-collection-for-children\/#breadcrumb","itemListElement":[{"@type":"ListItem","position":1,"name":"Home","item":"https:\/\/videstehnika.lv\/en\/"},{"@type":"ListItem","position":2,"name":"Katalogs","item":"https:\/\/videstehnika.lv\/en\/katalogs\/"},{"@type":"ListItem","position":3,"name":"VELUX blind collection for children"}]},{"@type":"WebSite","@id":"https:\/\/videstehnika.lv\/en\/#website","url":"https:\/\/videstehnika.lv\/en\/","name":"Vides Tehnika","description":"","potentialAction":[{"@type":"SearchAction","target":{"@type":"EntryPoint","urlTemplate":"https:\/\/videstehnika.lv\/en\/?s={search_term_string}"},"query-input":{"@type":"PropertyValueSpecification","valueRequired":true,"valueName":"search_term_string"}}],"inLanguage":"en-US"}]}},"_links":{"self":[{"href":"https:\/\/videstehnika.lv\/en\/wp-json\/wp\/v2\/product\/11481","targetHints":{"allow":["GET"]}}],"collection":[{"href":"https:\/\/videstehnika.lv\/en\/wp-json\/wp\/v2\/product"}],"about":[{"href":"https:\/\/videstehnika.lv\/en\/wp-json\/wp\/v2\/types\/product"}],"wp:featuredmedia":[{"embeddable":true,"href":"https:\/\/videstehnika.lv\/en\/wp-json\/wp\/v2\/media\/10631"}],"wp:attachment":[{"href":"https:\/\/videstehnika.lv\/en\/wp-json\/wp\/v2\/media?parent=11481"}],"wp:term":[{"taxonomy":"product_cat","embeddable":true,"href":"https:\/\/videstehnika.lv\/en\/wp-json\/wp\/v2\/product_cat?post=11481"},{"taxonomy":"product_tag","embeddable":true,"href":"https:\/\/videstehnika.lv\/en\/wp-json\/wp\/v2\/product_tag?post=11481"}],"curies":[{"name":"wp","href":"https:\/\/api.w.org\/{rel}","templated":true}]}}