{"id":12719,"date":"2021-09-27T17:00:18","date_gmt":"2021-09-28T10:28:08","guid":{"rendered":"https:\/\/videstehnika.lv\/?post_type=product&#038;p=12719"},"modified":"2024-07-04T08:46:31","modified_gmt":"2024-07-04T05:46:31","slug":"sakret-bak-reinforcement-and-gluing-mortar","status":"publish","type":"product","link":"https:\/\/videstehnika.lv\/en\/catalog\/buvmateriali-en\/dry-building-mixes\/adhesives-reinforcement-mortars\/sakret-bak-reinforcement-and-gluing-mortar\/","title":{"rendered":"SAKRET BAK reinforcement and gluing mortar"},"content":{"rendered":"<h2>SAKRET BAK reinforcement and gluing mortar<\/h2>\n<p>SAKRET BAK is a cement based mortar for gluing and reinforcing stone wool and expanded polystyrene thermal insulation boards.<\/p>\n<h2>SAKRET BAK advantages:<\/h2>\n<ul>\n<li>Reinforced with polypropylene fiber;<\/li>\n<li>With adhesion and flexibility enhancing additives;<\/li>\n<li>Included in certified insulation system SAKRET ETICS EPS and SAKRET ETICS MW;<\/li>\n<li>Water vapor permeable;<\/li>\n<li>Water and frost resistant;<\/li>\n<li>Gray.<\/li>\n<\/ul>\n<h3>Application of SAKRET BAK:<\/h3>\n<p><strong>Reinforcement of thermal insulation boards<\/strong><\/p>\n<p>Apply SAKRET BAK on the thermal insulation board in an even layer (up to 5 mm), pull out with a notched trowel, insert the alkali-resistant reinforcing mesh into the mass and level with a flat trowel so that the reinforcing mesh is completely covered with SAKRET BAK. If the thermal insulation board is made of mineral wool, then SAKRET BAK is first rubbed on the surface of the board.<\/p>\n<p><strong>Bonding of thermal insulation boards<\/strong><\/p>\n<p>If the wall is flat (unevenness &lt;10mm \/ m), apply SAKRET BAK with a notched trowel (tooth size &#8211; 12 mm) on the entire surface of the thermal insulation board and glue to the substrate. If the wall is uneven, apply SAKRET BAK on the edges of the thermal insulation boards (~ 5 cm wide and 2 cm high) and place 6 lumps of material on the surface of the boards, then glue to the wall. If the thermal insulation board is made of mineral wool, SAKRET BAK is first rubbed on the surface of the board.<\/p>\n<h4>Package:<\/h4>\n<p>25 kg \/ paper bags \/ 48 bags on a pallet<br \/>\n1,000 kg \/ BigBag package \/ pre-order<br \/>\n10,000 kg &#8211; 20,000 kg \/ mobile transport silos<\/p>\n","protected":false},"excerpt":{"rendered":"<p><strong>Price is for bag (25 kg)<\/strong><\/p>\n","protected":false},"featured_media":12611,"template":"","meta":{"_acf_changed":false},"product_cat":[2073],"product_tag":[],"class_list":{"0":"post-12719","1":"product","2":"type-product","3":"status-publish","4":"has-post-thumbnail","6":"product_cat-adhesives-reinforcement-mortars","8":"first","9":"instock","10":"featured","11":"taxable","12":"shipping-taxable","13":"purchasable","14":"product-type-simple"},"acf":[],"yoast_head":"<!-- This site is optimized with the Yoast SEO plugin v24.2 - https:\/\/yoast.com\/wordpress\/plugins\/seo\/ -->\n<title>SAKRET BAK reinforcement and gluing mortar &#8226; Vides Tehnika<\/title>\n<meta name=\"description\" content=\"SAKRET BAK is a cement based mortar for gluing and reinforcing stone wool and expanded polystyrene thermal insulation boards.\" \/>\n<meta name=\"robots\" content=\"index, follow, max-snippet:-1, max-image-preview:large, max-video-preview:-1\" \/>\n<link rel=\"canonical\" href=\"https:\/\/videstehnika.lv\/en\/catalog\/buvmateriali-en\/dry-building-mixes\/adhesives-reinforcement-mortars\/sakret-bak-reinforcement-and-gluing-mortar\/\" \/>\n<meta property=\"og:locale\" content=\"en_US\" \/>\n<meta property=\"og:type\" content=\"article\" \/>\n<meta property=\"og:title\" content=\"SAKRET BAK reinforcement and gluing mortar &#8226; Vides Tehnika\" \/>\n<meta property=\"og:description\" content=\"SAKRET BAK is a cement based mortar for gluing and reinforcing stone wool and expanded polystyrene thermal insulation boards.\" \/>\n<meta property=\"og:url\" content=\"https:\/\/videstehnika.lv\/en\/catalog\/buvmateriali-en\/dry-building-mixes\/adhesives-reinforcement-mortars\/sakret-bak-reinforcement-and-gluing-mortar\/\" \/>\n<meta property=\"og:site_name\" content=\"Vides Tehnika\" \/>\n<meta property=\"article:modified_time\" content=\"2024-07-04T05:46:31+00:00\" \/>\n<meta property=\"og:image\" content=\"https:\/\/videstehnika.lv\/wp-content\/uploads\/2021\/09\/sakret-bak-limesanas-armesanas-java.jpg\" \/>\n\t<meta property=\"og:image:width\" content=\"900\" \/>\n\t<meta property=\"og:image:height\" content=\"900\" \/>\n\t<meta property=\"og:image:type\" content=\"image\/jpeg\" \/>\n<meta name=\"twitter:card\" content=\"summary_large_image\" \/>\n<meta name=\"twitter:label1\" content=\"Est. reading time\" \/>\n\t<meta name=\"twitter:data1\" content=\"2 minutes\" \/>\n<script type=\"application\/ld+json\" class=\"yoast-schema-graph\">{\"@context\":\"https:\/\/schema.org\",\"@graph\":[{\"@type\":\"WebPage\",\"@id\":\"https:\/\/videstehnika.lv\/en\/catalog\/buvmateriali-en\/dry-building-mixes\/adhesives-reinforcement-mortars\/sakret-bak-reinforcement-and-gluing-mortar\/\",\"url\":\"https:\/\/videstehnika.lv\/en\/catalog\/buvmateriali-en\/dry-building-mixes\/adhesives-reinforcement-mortars\/sakret-bak-reinforcement-and-gluing-mortar\/\",\"name\":\"SAKRET BAK reinforcement and gluing mortar &#8226; Vides Tehnika\",\"isPartOf\":{\"@id\":\"https:\/\/videstehnika.lv\/en\/#website\"},\"primaryImageOfPage\":{\"@id\":\"https:\/\/videstehnika.lv\/en\/catalog\/buvmateriali-en\/dry-building-mixes\/adhesives-reinforcement-mortars\/sakret-bak-reinforcement-and-gluing-mortar\/#primaryimage\"},\"image\":{\"@id\":\"https:\/\/videstehnika.lv\/en\/catalog\/buvmateriali-en\/dry-building-mixes\/adhesives-reinforcement-mortars\/sakret-bak-reinforcement-and-gluing-mortar\/#primaryimage\"},\"thumbnailUrl\":\"https:\/\/videstehnika.lv\/wp-content\/uploads\/2021\/09\/sakret-bak-limesanas-armesanas-java.jpg\",\"datePublished\":\"2021-09-28T10:28:08+00:00\",\"dateModified\":\"2024-07-04T05:46:31+00:00\",\"description\":\"SAKRET BAK is a cement based mortar for gluing and reinforcing stone wool and expanded polystyrene thermal insulation boards.\",\"breadcrumb\":{\"@id\":\"https:\/\/videstehnika.lv\/en\/catalog\/buvmateriali-en\/dry-building-mixes\/adhesives-reinforcement-mortars\/sakret-bak-reinforcement-and-gluing-mortar\/#breadcrumb\"},\"inLanguage\":\"en-US\",\"potentialAction\":[{\"@type\":\"ReadAction\",\"target\":[\"https:\/\/videstehnika.lv\/en\/catalog\/buvmateriali-en\/dry-building-mixes\/adhesives-reinforcement-mortars\/sakret-bak-reinforcement-and-gluing-mortar\/\"]}]},{\"@type\":\"ImageObject\",\"inLanguage\":\"en-US\",\"@id\":\"https:\/\/videstehnika.lv\/en\/catalog\/buvmateriali-en\/dry-building-mixes\/adhesives-reinforcement-mortars\/sakret-bak-reinforcement-and-gluing-mortar\/#primaryimage\",\"url\":\"https:\/\/videstehnika.lv\/wp-content\/uploads\/2021\/09\/sakret-bak-limesanas-armesanas-java.jpg\",\"contentUrl\":\"https:\/\/videstehnika.lv\/wp-content\/uploads\/2021\/09\/sakret-bak-limesanas-armesanas-java.jpg\",\"width\":900,\"height\":900,\"caption\":\"Sakret BAK l\u012bm\u0113\u0161anas un arm\u0113\u0161anas java\"},{\"@type\":\"BreadcrumbList\",\"@id\":\"https:\/\/videstehnika.lv\/en\/catalog\/buvmateriali-en\/dry-building-mixes\/adhesives-reinforcement-mortars\/sakret-bak-reinforcement-and-gluing-mortar\/#breadcrumb\",\"itemListElement\":[{\"@type\":\"ListItem\",\"position\":1,\"name\":\"Home\",\"item\":\"https:\/\/videstehnika.lv\/en\/\"},{\"@type\":\"ListItem\",\"position\":2,\"name\":\"Katalogs\",\"item\":\"https:\/\/videstehnika.lv\/en\/katalogs\/\"},{\"@type\":\"ListItem\",\"position\":3,\"name\":\"SAKRET BAK reinforcement and gluing mortar\"}]},{\"@type\":\"WebSite\",\"@id\":\"https:\/\/videstehnika.lv\/en\/#website\",\"url\":\"https:\/\/videstehnika.lv\/en\/\",\"name\":\"Vides Tehnika\",\"description\":\"\",\"potentialAction\":[{\"@type\":\"SearchAction\",\"target\":{\"@type\":\"EntryPoint\",\"urlTemplate\":\"https:\/\/videstehnika.lv\/en\/?s={search_term_string}\"},\"query-input\":{\"@type\":\"PropertyValueSpecification\",\"valueRequired\":true,\"valueName\":\"search_term_string\"}}],\"inLanguage\":\"en-US\"}]}<\/script>\n<!-- \/ Yoast SEO plugin. -->","yoast_head_json":{"title":"SAKRET BAK reinforcement and gluing mortar &#8226; Vides Tehnika","description":"SAKRET BAK is a cement based mortar for gluing and reinforcing stone wool and expanded polystyrene thermal insulation boards.","robots":{"index":"index","follow":"follow","max-snippet":"max-snippet:-1","max-image-preview":"max-image-preview:large","max-video-preview":"max-video-preview:-1"},"canonical":"https:\/\/videstehnika.lv\/en\/catalog\/buvmateriali-en\/dry-building-mixes\/adhesives-reinforcement-mortars\/sakret-bak-reinforcement-and-gluing-mortar\/","og_locale":"en_US","og_type":"article","og_title":"SAKRET BAK reinforcement and gluing mortar &#8226; Vides Tehnika","og_description":"SAKRET BAK is a cement based mortar for gluing and reinforcing stone wool and expanded polystyrene thermal insulation boards.","og_url":"https:\/\/videstehnika.lv\/en\/catalog\/buvmateriali-en\/dry-building-mixes\/adhesives-reinforcement-mortars\/sakret-bak-reinforcement-and-gluing-mortar\/","og_site_name":"Vides Tehnika","article_modified_time":"2024-07-04T05:46:31+00:00","og_image":[{"width":900,"height":900,"url":"https:\/\/videstehnika.lv\/wp-content\/uploads\/2021\/09\/sakret-bak-limesanas-armesanas-java.jpg","type":"image\/jpeg"}],"twitter_card":"summary_large_image","twitter_misc":{"Est. reading time":"2 minutes"},"schema":{"@context":"https:\/\/schema.org","@graph":[{"@type":"WebPage","@id":"https:\/\/videstehnika.lv\/en\/catalog\/buvmateriali-en\/dry-building-mixes\/adhesives-reinforcement-mortars\/sakret-bak-reinforcement-and-gluing-mortar\/","url":"https:\/\/videstehnika.lv\/en\/catalog\/buvmateriali-en\/dry-building-mixes\/adhesives-reinforcement-mortars\/sakret-bak-reinforcement-and-gluing-mortar\/","name":"SAKRET BAK reinforcement and gluing mortar &#8226; Vides Tehnika","isPartOf":{"@id":"https:\/\/videstehnika.lv\/en\/#website"},"primaryImageOfPage":{"@id":"https:\/\/videstehnika.lv\/en\/catalog\/buvmateriali-en\/dry-building-mixes\/adhesives-reinforcement-mortars\/sakret-bak-reinforcement-and-gluing-mortar\/#primaryimage"},"image":{"@id":"https:\/\/videstehnika.lv\/en\/catalog\/buvmateriali-en\/dry-building-mixes\/adhesives-reinforcement-mortars\/sakret-bak-reinforcement-and-gluing-mortar\/#primaryimage"},"thumbnailUrl":"https:\/\/videstehnika.lv\/wp-content\/uploads\/2021\/09\/sakret-bak-limesanas-armesanas-java.jpg","datePublished":"2021-09-28T10:28:08+00:00","dateModified":"2024-07-04T05:46:31+00:00","description":"SAKRET BAK is a cement based mortar for gluing and reinforcing stone wool and expanded polystyrene thermal insulation boards.","breadcrumb":{"@id":"https:\/\/videstehnika.lv\/en\/catalog\/buvmateriali-en\/dry-building-mixes\/adhesives-reinforcement-mortars\/sakret-bak-reinforcement-and-gluing-mortar\/#breadcrumb"},"inLanguage":"en-US","potentialAction":[{"@type":"ReadAction","target":["https:\/\/videstehnika.lv\/en\/catalog\/buvmateriali-en\/dry-building-mixes\/adhesives-reinforcement-mortars\/sakret-bak-reinforcement-and-gluing-mortar\/"]}]},{"@type":"ImageObject","inLanguage":"en-US","@id":"https:\/\/videstehnika.lv\/en\/catalog\/buvmateriali-en\/dry-building-mixes\/adhesives-reinforcement-mortars\/sakret-bak-reinforcement-and-gluing-mortar\/#primaryimage","url":"https:\/\/videstehnika.lv\/wp-content\/uploads\/2021\/09\/sakret-bak-limesanas-armesanas-java.jpg","contentUrl":"https:\/\/videstehnika.lv\/wp-content\/uploads\/2021\/09\/sakret-bak-limesanas-armesanas-java.jpg","width":900,"height":900,"caption":"Sakret BAK l\u012bm\u0113\u0161anas un arm\u0113\u0161anas java"},{"@type":"BreadcrumbList","@id":"https:\/\/videstehnika.lv\/en\/catalog\/buvmateriali-en\/dry-building-mixes\/adhesives-reinforcement-mortars\/sakret-bak-reinforcement-and-gluing-mortar\/#breadcrumb","itemListElement":[{"@type":"ListItem","position":1,"name":"Home","item":"https:\/\/videstehnika.lv\/en\/"},{"@type":"ListItem","position":2,"name":"Katalogs","item":"https:\/\/videstehnika.lv\/en\/katalogs\/"},{"@type":"ListItem","position":3,"name":"SAKRET BAK reinforcement and gluing mortar"}]},{"@type":"WebSite","@id":"https:\/\/videstehnika.lv\/en\/#website","url":"https:\/\/videstehnika.lv\/en\/","name":"Vides Tehnika","description":"","potentialAction":[{"@type":"SearchAction","target":{"@type":"EntryPoint","urlTemplate":"https:\/\/videstehnika.lv\/en\/?s={search_term_string}"},"query-input":{"@type":"PropertyValueSpecification","valueRequired":true,"valueName":"search_term_string"}}],"inLanguage":"en-US"}]}},"_links":{"self":[{"href":"https:\/\/videstehnika.lv\/en\/wp-json\/wp\/v2\/product\/12719","targetHints":{"allow":["GET"]}}],"collection":[{"href":"https:\/\/videstehnika.lv\/en\/wp-json\/wp\/v2\/product"}],"about":[{"href":"https:\/\/videstehnika.lv\/en\/wp-json\/wp\/v2\/types\/product"}],"wp:featuredmedia":[{"embeddable":true,"href":"https:\/\/videstehnika.lv\/en\/wp-json\/wp\/v2\/media\/12611"}],"wp:attachment":[{"href":"https:\/\/videstehnika.lv\/en\/wp-json\/wp\/v2\/media?parent=12719"}],"wp:term":[{"taxonomy":"product_cat","embeddable":true,"href":"https:\/\/videstehnika.lv\/en\/wp-json\/wp\/v2\/product_cat?post=12719"},{"taxonomy":"product_tag","embeddable":true,"href":"https:\/\/videstehnika.lv\/en\/wp-json\/wp\/v2\/product_tag?post=12719"}],"curies":[{"name":"wp","href":"https:\/\/api.w.org\/{rel}","templated":true}]}}