{"id":12720,"date":"2021-09-27T17:10:42","date_gmt":"2021-09-28T10:32:17","guid":{"rendered":"https:\/\/videstehnika.lv\/?post_type=product&#038;p=12720"},"modified":"2024-07-04T08:46:34","modified_gmt":"2024-07-04T05:46:34","slug":"sakret-fk-tile-adhesive","status":"publish","type":"product","link":"https:\/\/videstehnika.lv\/en\/catalog\/buvmateriali-en\/dry-building-mixes\/tile-adhesives\/sakret-fk-tile-adhesive\/","title":{"rendered":"SAKRET FK tile adhesive"},"content":{"rendered":"<h2>SAKRET FK tile adhesive<\/h2>\n<p>SAKRET FK tile adhesive is based on cement, for gluing tiles in thin and medium thick layers. Suitable for ceramic and stoneware tiles (not larger than 35x35cm). Also suitable for gluing on concrete or other stable mineral surfaces. Gray or white.<\/p>\n<h2>Package:<\/h2>\n<p>5 kg \/ paper bags \/ 200 bags on a pallet<br \/>\n12.5 kg \/ paper bags \/ 96 bags on a pallet<br \/>\n25 kg \/ paper bags \/ 48 bags on a pallet<br \/>\n1,000 kg \/ BigBag package \/ pre-order<br \/>\n10,000 kg &#8211; 20,000 kg \/ mobile transport silos<\/p>\n","protected":false},"excerpt":{"rendered":"<p><strong>Price is for bag (25 kg)<\/strong><\/p>\n","protected":false},"featured_media":12624,"template":"","meta":{"_acf_changed":false},"product_cat":[2074],"product_tag":[],"class_list":{"0":"post-12720","1":"product","2":"type-product","3":"status-publish","4":"has-post-thumbnail","6":"product_cat-tile-adhesives","8":"first","9":"onbackorder","10":"taxable","11":"shipping-taxable","12":"purchasable","13":"product-type-simple"},"acf":[],"yoast_head":"<!-- This site is optimized with the Yoast SEO plugin v24.2 - https:\/\/yoast.com\/wordpress\/plugins\/seo\/ -->\n<title>SAKRET FK tile adhesive &#8226; Vides Tehnika<\/title>\n<meta name=\"description\" content=\"SAKRET FK tile adhesive is based on cement, for gluing tiles in thin and medium thick layers. Suitable for ceramic and stoneware tiles.\" \/>\n<meta name=\"robots\" content=\"index, follow, max-snippet:-1, max-image-preview:large, max-video-preview:-1\" \/>\n<link rel=\"canonical\" href=\"https:\/\/videstehnika.lv\/en\/catalog\/buvmateriali-en\/dry-building-mixes\/tile-adhesives\/sakret-fk-tile-adhesive\/\" \/>\n<meta property=\"og:locale\" content=\"en_US\" \/>\n<meta property=\"og:type\" content=\"article\" \/>\n<meta property=\"og:title\" content=\"SAKRET FK tile adhesive &#8226; Vides Tehnika\" \/>\n<meta property=\"og:description\" content=\"SAKRET FK tile adhesive is based on cement, for gluing tiles in thin and medium thick layers. Suitable for ceramic and stoneware tiles.\" \/>\n<meta property=\"og:url\" content=\"https:\/\/videstehnika.lv\/en\/catalog\/buvmateriali-en\/dry-building-mixes\/tile-adhesives\/sakret-fk-tile-adhesive\/\" \/>\n<meta property=\"og:site_name\" content=\"Vides Tehnika\" \/>\n<meta property=\"article:modified_time\" content=\"2024-07-04T05:46:34+00:00\" \/>\n<meta property=\"og:image\" content=\"https:\/\/videstehnika.lv\/wp-content\/uploads\/2021\/09\/sakret-fk-flizu-lime.jpg\" \/>\n\t<meta property=\"og:image:width\" content=\"900\" \/>\n\t<meta property=\"og:image:height\" content=\"900\" \/>\n\t<meta property=\"og:image:type\" content=\"image\/jpeg\" \/>\n<meta name=\"twitter:card\" content=\"summary_large_image\" \/>\n<meta name=\"twitter:label1\" content=\"Est. reading time\" \/>\n\t<meta name=\"twitter:data1\" content=\"1 minute\" \/>\n<script type=\"application\/ld+json\" class=\"yoast-schema-graph\">{\"@context\":\"https:\/\/schema.org\",\"@graph\":[{\"@type\":\"WebPage\",\"@id\":\"https:\/\/videstehnika.lv\/en\/catalog\/buvmateriali-en\/dry-building-mixes\/tile-adhesives\/sakret-fk-tile-adhesive\/\",\"url\":\"https:\/\/videstehnika.lv\/en\/catalog\/buvmateriali-en\/dry-building-mixes\/tile-adhesives\/sakret-fk-tile-adhesive\/\",\"name\":\"SAKRET FK tile adhesive &#8226; Vides Tehnika\",\"isPartOf\":{\"@id\":\"https:\/\/videstehnika.lv\/en\/#website\"},\"primaryImageOfPage\":{\"@id\":\"https:\/\/videstehnika.lv\/en\/catalog\/buvmateriali-en\/dry-building-mixes\/tile-adhesives\/sakret-fk-tile-adhesive\/#primaryimage\"},\"image\":{\"@id\":\"https:\/\/videstehnika.lv\/en\/catalog\/buvmateriali-en\/dry-building-mixes\/tile-adhesives\/sakret-fk-tile-adhesive\/#primaryimage\"},\"thumbnailUrl\":\"https:\/\/videstehnika.lv\/wp-content\/uploads\/2021\/09\/sakret-fk-flizu-lime.jpg\",\"datePublished\":\"2021-09-28T10:32:17+00:00\",\"dateModified\":\"2024-07-04T05:46:34+00:00\",\"description\":\"SAKRET FK tile adhesive is based on cement, for gluing tiles in thin and medium thick layers. Suitable for ceramic and stoneware tiles.\",\"breadcrumb\":{\"@id\":\"https:\/\/videstehnika.lv\/en\/catalog\/buvmateriali-en\/dry-building-mixes\/tile-adhesives\/sakret-fk-tile-adhesive\/#breadcrumb\"},\"inLanguage\":\"en-US\",\"potentialAction\":[{\"@type\":\"ReadAction\",\"target\":[\"https:\/\/videstehnika.lv\/en\/catalog\/buvmateriali-en\/dry-building-mixes\/tile-adhesives\/sakret-fk-tile-adhesive\/\"]}]},{\"@type\":\"ImageObject\",\"inLanguage\":\"en-US\",\"@id\":\"https:\/\/videstehnika.lv\/en\/catalog\/buvmateriali-en\/dry-building-mixes\/tile-adhesives\/sakret-fk-tile-adhesive\/#primaryimage\",\"url\":\"https:\/\/videstehnika.lv\/wp-content\/uploads\/2021\/09\/sakret-fk-flizu-lime.jpg\",\"contentUrl\":\"https:\/\/videstehnika.lv\/wp-content\/uploads\/2021\/09\/sakret-fk-flizu-lime.jpg\",\"width\":900,\"height\":900,\"caption\":\"Sakret FK fl\u012b\u017eu l\u012bme\"},{\"@type\":\"BreadcrumbList\",\"@id\":\"https:\/\/videstehnika.lv\/en\/catalog\/buvmateriali-en\/dry-building-mixes\/tile-adhesives\/sakret-fk-tile-adhesive\/#breadcrumb\",\"itemListElement\":[{\"@type\":\"ListItem\",\"position\":1,\"name\":\"Home\",\"item\":\"https:\/\/videstehnika.lv\/en\/\"},{\"@type\":\"ListItem\",\"position\":2,\"name\":\"Katalogs\",\"item\":\"https:\/\/videstehnika.lv\/en\/katalogs\/\"},{\"@type\":\"ListItem\",\"position\":3,\"name\":\"SAKRET FK tile adhesive\"}]},{\"@type\":\"WebSite\",\"@id\":\"https:\/\/videstehnika.lv\/en\/#website\",\"url\":\"https:\/\/videstehnika.lv\/en\/\",\"name\":\"Vides Tehnika\",\"description\":\"\",\"potentialAction\":[{\"@type\":\"SearchAction\",\"target\":{\"@type\":\"EntryPoint\",\"urlTemplate\":\"https:\/\/videstehnika.lv\/en\/?s={search_term_string}\"},\"query-input\":{\"@type\":\"PropertyValueSpecification\",\"valueRequired\":true,\"valueName\":\"search_term_string\"}}],\"inLanguage\":\"en-US\"}]}<\/script>\n<!-- \/ Yoast SEO plugin. -->","yoast_head_json":{"title":"SAKRET FK tile adhesive &#8226; Vides Tehnika","description":"SAKRET FK tile adhesive is based on cement, for gluing tiles in thin and medium thick layers. Suitable for ceramic and stoneware tiles.","robots":{"index":"index","follow":"follow","max-snippet":"max-snippet:-1","max-image-preview":"max-image-preview:large","max-video-preview":"max-video-preview:-1"},"canonical":"https:\/\/videstehnika.lv\/en\/catalog\/buvmateriali-en\/dry-building-mixes\/tile-adhesives\/sakret-fk-tile-adhesive\/","og_locale":"en_US","og_type":"article","og_title":"SAKRET FK tile adhesive &#8226; Vides Tehnika","og_description":"SAKRET FK tile adhesive is based on cement, for gluing tiles in thin and medium thick layers. Suitable for ceramic and stoneware tiles.","og_url":"https:\/\/videstehnika.lv\/en\/catalog\/buvmateriali-en\/dry-building-mixes\/tile-adhesives\/sakret-fk-tile-adhesive\/","og_site_name":"Vides Tehnika","article_modified_time":"2024-07-04T05:46:34+00:00","og_image":[{"width":900,"height":900,"url":"https:\/\/videstehnika.lv\/wp-content\/uploads\/2021\/09\/sakret-fk-flizu-lime.jpg","type":"image\/jpeg"}],"twitter_card":"summary_large_image","twitter_misc":{"Est. reading time":"1 minute"},"schema":{"@context":"https:\/\/schema.org","@graph":[{"@type":"WebPage","@id":"https:\/\/videstehnika.lv\/en\/catalog\/buvmateriali-en\/dry-building-mixes\/tile-adhesives\/sakret-fk-tile-adhesive\/","url":"https:\/\/videstehnika.lv\/en\/catalog\/buvmateriali-en\/dry-building-mixes\/tile-adhesives\/sakret-fk-tile-adhesive\/","name":"SAKRET FK tile adhesive &#8226; Vides Tehnika","isPartOf":{"@id":"https:\/\/videstehnika.lv\/en\/#website"},"primaryImageOfPage":{"@id":"https:\/\/videstehnika.lv\/en\/catalog\/buvmateriali-en\/dry-building-mixes\/tile-adhesives\/sakret-fk-tile-adhesive\/#primaryimage"},"image":{"@id":"https:\/\/videstehnika.lv\/en\/catalog\/buvmateriali-en\/dry-building-mixes\/tile-adhesives\/sakret-fk-tile-adhesive\/#primaryimage"},"thumbnailUrl":"https:\/\/videstehnika.lv\/wp-content\/uploads\/2021\/09\/sakret-fk-flizu-lime.jpg","datePublished":"2021-09-28T10:32:17+00:00","dateModified":"2024-07-04T05:46:34+00:00","description":"SAKRET FK tile adhesive is based on cement, for gluing tiles in thin and medium thick layers. Suitable for ceramic and stoneware tiles.","breadcrumb":{"@id":"https:\/\/videstehnika.lv\/en\/catalog\/buvmateriali-en\/dry-building-mixes\/tile-adhesives\/sakret-fk-tile-adhesive\/#breadcrumb"},"inLanguage":"en-US","potentialAction":[{"@type":"ReadAction","target":["https:\/\/videstehnika.lv\/en\/catalog\/buvmateriali-en\/dry-building-mixes\/tile-adhesives\/sakret-fk-tile-adhesive\/"]}]},{"@type":"ImageObject","inLanguage":"en-US","@id":"https:\/\/videstehnika.lv\/en\/catalog\/buvmateriali-en\/dry-building-mixes\/tile-adhesives\/sakret-fk-tile-adhesive\/#primaryimage","url":"https:\/\/videstehnika.lv\/wp-content\/uploads\/2021\/09\/sakret-fk-flizu-lime.jpg","contentUrl":"https:\/\/videstehnika.lv\/wp-content\/uploads\/2021\/09\/sakret-fk-flizu-lime.jpg","width":900,"height":900,"caption":"Sakret FK fl\u012b\u017eu l\u012bme"},{"@type":"BreadcrumbList","@id":"https:\/\/videstehnika.lv\/en\/catalog\/buvmateriali-en\/dry-building-mixes\/tile-adhesives\/sakret-fk-tile-adhesive\/#breadcrumb","itemListElement":[{"@type":"ListItem","position":1,"name":"Home","item":"https:\/\/videstehnika.lv\/en\/"},{"@type":"ListItem","position":2,"name":"Katalogs","item":"https:\/\/videstehnika.lv\/en\/katalogs\/"},{"@type":"ListItem","position":3,"name":"SAKRET FK tile adhesive"}]},{"@type":"WebSite","@id":"https:\/\/videstehnika.lv\/en\/#website","url":"https:\/\/videstehnika.lv\/en\/","name":"Vides Tehnika","description":"","potentialAction":[{"@type":"SearchAction","target":{"@type":"EntryPoint","urlTemplate":"https:\/\/videstehnika.lv\/en\/?s={search_term_string}"},"query-input":{"@type":"PropertyValueSpecification","valueRequired":true,"valueName":"search_term_string"}}],"inLanguage":"en-US"}]}},"_links":{"self":[{"href":"https:\/\/videstehnika.lv\/en\/wp-json\/wp\/v2\/product\/12720","targetHints":{"allow":["GET"]}}],"collection":[{"href":"https:\/\/videstehnika.lv\/en\/wp-json\/wp\/v2\/product"}],"about":[{"href":"https:\/\/videstehnika.lv\/en\/wp-json\/wp\/v2\/types\/product"}],"wp:featuredmedia":[{"embeddable":true,"href":"https:\/\/videstehnika.lv\/en\/wp-json\/wp\/v2\/media\/12624"}],"wp:attachment":[{"href":"https:\/\/videstehnika.lv\/en\/wp-json\/wp\/v2\/media?parent=12720"}],"wp:term":[{"taxonomy":"product_cat","embeddable":true,"href":"https:\/\/videstehnika.lv\/en\/wp-json\/wp\/v2\/product_cat?post=12720"},{"taxonomy":"product_tag","embeddable":true,"href":"https:\/\/videstehnika.lv\/en\/wp-json\/wp\/v2\/product_tag?post=12720"}],"curies":[{"name":"wp","href":"https:\/\/api.w.org\/{rel}","templated":true}]}}