{"id":12727,"date":"2021-09-27T18:46:03","date_gmt":"2021-09-28T11:56:52","guid":{"rendered":"https:\/\/videstehnika.lv\/?post_type=product&#038;p=12727"},"modified":"2024-07-04T08:46:33","modified_gmt":"2024-07-04T05:46:33","slug":"sakret-reinforcement-mesh","status":"publish","type":"product","link":"https:\/\/videstehnika.lv\/en\/catalog\/buvmateriali-en\/facade-mesh\/sakret-reinforcement-mesh\/","title":{"rendered":"SAKRET reinforcement mesh"},"content":{"rendered":"<h2>SAKRET reinforcement mesh<\/h2>\n<p>SAKRET fiberglass mesh is used as a reinforcing material in building exterior wall insulation systems, floor, ceiling and wall repairs.<\/p>\n<ul>\n<li>In a roll 55 m\u00b2;<\/li>\n<li>Length 50 m, width 1.1 m;<\/li>\n<li>Weight 160 g \/ m\u00b2;<\/li>\n<li>With the SAKRET logo;<\/li>\n<li>Included in certified insulation systems SAKRET ETICS EPS and SAKRET ETICS MW.<\/li>\n<\/ul>\n","protected":false},"excerpt":{"rendered":"<p><strong>Price is per roll<\/strong><\/p>\n","protected":false},"featured_media":12676,"template":"","meta":{"_acf_changed":false},"product_cat":[2081],"product_tag":[],"class_list":{"0":"post-12727","1":"product","2":"type-product","3":"status-publish","4":"has-post-thumbnail","6":"product_cat-facade-mesh","8":"first","9":"onbackorder","10":"taxable","11":"shipping-taxable","12":"purchasable","13":"product-type-simple"},"acf":[],"yoast_head":"<!-- This site is optimized with the Yoast SEO plugin v24.2 - https:\/\/yoast.com\/wordpress\/plugins\/seo\/ -->\n<title>SAKRET reinforcement mesh &#8226; Vides Tehnika<\/title>\n<meta name=\"description\" content=\"SAKRET fiberglass mesh is used as a reinforcing material in building exterior wall insulation systems, floor, ceiling and wall repairs.\" \/>\n<meta name=\"robots\" content=\"index, follow, max-snippet:-1, max-image-preview:large, max-video-preview:-1\" \/>\n<link rel=\"canonical\" href=\"https:\/\/videstehnika.lv\/en\/catalog\/buvmateriali-en\/facade-mesh\/sakret-reinforcement-mesh\/\" \/>\n<meta property=\"og:locale\" content=\"en_US\" \/>\n<meta property=\"og:type\" content=\"article\" \/>\n<meta property=\"og:title\" content=\"SAKRET reinforcement mesh &#8226; Vides Tehnika\" \/>\n<meta property=\"og:description\" content=\"SAKRET fiberglass mesh is used as a reinforcing material in building exterior wall insulation systems, floor, ceiling and wall repairs.\" \/>\n<meta property=\"og:url\" content=\"https:\/\/videstehnika.lv\/en\/catalog\/buvmateriali-en\/facade-mesh\/sakret-reinforcement-mesh\/\" \/>\n<meta property=\"og:site_name\" content=\"Vides Tehnika\" \/>\n<meta property=\"article:modified_time\" content=\"2024-07-04T05:46:33+00:00\" \/>\n<meta property=\"og:image\" content=\"https:\/\/videstehnika.lv\/wp-content\/uploads\/2021\/09\/Siets-SSA-1363-160-sakret.jpg\" \/>\n\t<meta property=\"og:image:width\" content=\"900\" \/>\n\t<meta property=\"og:image:height\" content=\"900\" \/>\n\t<meta property=\"og:image:type\" content=\"image\/jpeg\" \/>\n<meta name=\"twitter:card\" content=\"summary_large_image\" \/>\n<meta name=\"twitter:label1\" content=\"Est. reading time\" \/>\n\t<meta name=\"twitter:data1\" content=\"1 minute\" \/>\n<script type=\"application\/ld+json\" class=\"yoast-schema-graph\">{\"@context\":\"https:\/\/schema.org\",\"@graph\":[{\"@type\":\"WebPage\",\"@id\":\"https:\/\/videstehnika.lv\/en\/catalog\/buvmateriali-en\/facade-mesh\/sakret-reinforcement-mesh\/\",\"url\":\"https:\/\/videstehnika.lv\/en\/catalog\/buvmateriali-en\/facade-mesh\/sakret-reinforcement-mesh\/\",\"name\":\"SAKRET reinforcement mesh &#8226; Vides Tehnika\",\"isPartOf\":{\"@id\":\"https:\/\/videstehnika.lv\/en\/#website\"},\"primaryImageOfPage\":{\"@id\":\"https:\/\/videstehnika.lv\/en\/catalog\/buvmateriali-en\/facade-mesh\/sakret-reinforcement-mesh\/#primaryimage\"},\"image\":{\"@id\":\"https:\/\/videstehnika.lv\/en\/catalog\/buvmateriali-en\/facade-mesh\/sakret-reinforcement-mesh\/#primaryimage\"},\"thumbnailUrl\":\"https:\/\/videstehnika.lv\/wp-content\/uploads\/2021\/09\/Siets-SSA-1363-160-sakret.jpg\",\"datePublished\":\"2021-09-28T11:56:52+00:00\",\"dateModified\":\"2024-07-04T05:46:33+00:00\",\"description\":\"SAKRET fiberglass mesh is used as a reinforcing material in building exterior wall insulation systems, floor, ceiling and wall repairs.\",\"breadcrumb\":{\"@id\":\"https:\/\/videstehnika.lv\/en\/catalog\/buvmateriali-en\/facade-mesh\/sakret-reinforcement-mesh\/#breadcrumb\"},\"inLanguage\":\"en-US\",\"potentialAction\":[{\"@type\":\"ReadAction\",\"target\":[\"https:\/\/videstehnika.lv\/en\/catalog\/buvmateriali-en\/facade-mesh\/sakret-reinforcement-mesh\/\"]}]},{\"@type\":\"ImageObject\",\"inLanguage\":\"en-US\",\"@id\":\"https:\/\/videstehnika.lv\/en\/catalog\/buvmateriali-en\/facade-mesh\/sakret-reinforcement-mesh\/#primaryimage\",\"url\":\"https:\/\/videstehnika.lv\/wp-content\/uploads\/2021\/09\/Siets-SSA-1363-160-sakret.jpg\",\"contentUrl\":\"https:\/\/videstehnika.lv\/wp-content\/uploads\/2021\/09\/Siets-SSA-1363-160-sakret.jpg\",\"width\":900,\"height\":900,\"caption\":\"Stikla \u0161\u0137iedras arm\u0113\u0161anas SIETS SAKRET\"},{\"@type\":\"BreadcrumbList\",\"@id\":\"https:\/\/videstehnika.lv\/en\/catalog\/buvmateriali-en\/facade-mesh\/sakret-reinforcement-mesh\/#breadcrumb\",\"itemListElement\":[{\"@type\":\"ListItem\",\"position\":1,\"name\":\"Home\",\"item\":\"https:\/\/videstehnika.lv\/en\/\"},{\"@type\":\"ListItem\",\"position\":2,\"name\":\"Katalogs\",\"item\":\"https:\/\/videstehnika.lv\/en\/katalogs\/\"},{\"@type\":\"ListItem\",\"position\":3,\"name\":\"SAKRET reinforcement mesh\"}]},{\"@type\":\"WebSite\",\"@id\":\"https:\/\/videstehnika.lv\/en\/#website\",\"url\":\"https:\/\/videstehnika.lv\/en\/\",\"name\":\"Vides Tehnika\",\"description\":\"\",\"potentialAction\":[{\"@type\":\"SearchAction\",\"target\":{\"@type\":\"EntryPoint\",\"urlTemplate\":\"https:\/\/videstehnika.lv\/en\/?s={search_term_string}\"},\"query-input\":{\"@type\":\"PropertyValueSpecification\",\"valueRequired\":true,\"valueName\":\"search_term_string\"}}],\"inLanguage\":\"en-US\"}]}<\/script>\n<!-- \/ Yoast SEO plugin. -->","yoast_head_json":{"title":"SAKRET reinforcement mesh &#8226; Vides Tehnika","description":"SAKRET fiberglass mesh is used as a reinforcing material in building exterior wall insulation systems, floor, ceiling and wall repairs.","robots":{"index":"index","follow":"follow","max-snippet":"max-snippet:-1","max-image-preview":"max-image-preview:large","max-video-preview":"max-video-preview:-1"},"canonical":"https:\/\/videstehnika.lv\/en\/catalog\/buvmateriali-en\/facade-mesh\/sakret-reinforcement-mesh\/","og_locale":"en_US","og_type":"article","og_title":"SAKRET reinforcement mesh &#8226; Vides Tehnika","og_description":"SAKRET fiberglass mesh is used as a reinforcing material in building exterior wall insulation systems, floor, ceiling and wall repairs.","og_url":"https:\/\/videstehnika.lv\/en\/catalog\/buvmateriali-en\/facade-mesh\/sakret-reinforcement-mesh\/","og_site_name":"Vides Tehnika","article_modified_time":"2024-07-04T05:46:33+00:00","og_image":[{"width":900,"height":900,"url":"https:\/\/videstehnika.lv\/wp-content\/uploads\/2021\/09\/Siets-SSA-1363-160-sakret.jpg","type":"image\/jpeg"}],"twitter_card":"summary_large_image","twitter_misc":{"Est. reading time":"1 minute"},"schema":{"@context":"https:\/\/schema.org","@graph":[{"@type":"WebPage","@id":"https:\/\/videstehnika.lv\/en\/catalog\/buvmateriali-en\/facade-mesh\/sakret-reinforcement-mesh\/","url":"https:\/\/videstehnika.lv\/en\/catalog\/buvmateriali-en\/facade-mesh\/sakret-reinforcement-mesh\/","name":"SAKRET reinforcement mesh &#8226; Vides Tehnika","isPartOf":{"@id":"https:\/\/videstehnika.lv\/en\/#website"},"primaryImageOfPage":{"@id":"https:\/\/videstehnika.lv\/en\/catalog\/buvmateriali-en\/facade-mesh\/sakret-reinforcement-mesh\/#primaryimage"},"image":{"@id":"https:\/\/videstehnika.lv\/en\/catalog\/buvmateriali-en\/facade-mesh\/sakret-reinforcement-mesh\/#primaryimage"},"thumbnailUrl":"https:\/\/videstehnika.lv\/wp-content\/uploads\/2021\/09\/Siets-SSA-1363-160-sakret.jpg","datePublished":"2021-09-28T11:56:52+00:00","dateModified":"2024-07-04T05:46:33+00:00","description":"SAKRET fiberglass mesh is used as a reinforcing material in building exterior wall insulation systems, floor, ceiling and wall repairs.","breadcrumb":{"@id":"https:\/\/videstehnika.lv\/en\/catalog\/buvmateriali-en\/facade-mesh\/sakret-reinforcement-mesh\/#breadcrumb"},"inLanguage":"en-US","potentialAction":[{"@type":"ReadAction","target":["https:\/\/videstehnika.lv\/en\/catalog\/buvmateriali-en\/facade-mesh\/sakret-reinforcement-mesh\/"]}]},{"@type":"ImageObject","inLanguage":"en-US","@id":"https:\/\/videstehnika.lv\/en\/catalog\/buvmateriali-en\/facade-mesh\/sakret-reinforcement-mesh\/#primaryimage","url":"https:\/\/videstehnika.lv\/wp-content\/uploads\/2021\/09\/Siets-SSA-1363-160-sakret.jpg","contentUrl":"https:\/\/videstehnika.lv\/wp-content\/uploads\/2021\/09\/Siets-SSA-1363-160-sakret.jpg","width":900,"height":900,"caption":"Stikla \u0161\u0137iedras arm\u0113\u0161anas SIETS SAKRET"},{"@type":"BreadcrumbList","@id":"https:\/\/videstehnika.lv\/en\/catalog\/buvmateriali-en\/facade-mesh\/sakret-reinforcement-mesh\/#breadcrumb","itemListElement":[{"@type":"ListItem","position":1,"name":"Home","item":"https:\/\/videstehnika.lv\/en\/"},{"@type":"ListItem","position":2,"name":"Katalogs","item":"https:\/\/videstehnika.lv\/en\/katalogs\/"},{"@type":"ListItem","position":3,"name":"SAKRET reinforcement mesh"}]},{"@type":"WebSite","@id":"https:\/\/videstehnika.lv\/en\/#website","url":"https:\/\/videstehnika.lv\/en\/","name":"Vides Tehnika","description":"","potentialAction":[{"@type":"SearchAction","target":{"@type":"EntryPoint","urlTemplate":"https:\/\/videstehnika.lv\/en\/?s={search_term_string}"},"query-input":{"@type":"PropertyValueSpecification","valueRequired":true,"valueName":"search_term_string"}}],"inLanguage":"en-US"}]}},"_links":{"self":[{"href":"https:\/\/videstehnika.lv\/en\/wp-json\/wp\/v2\/product\/12727","targetHints":{"allow":["GET"]}}],"collection":[{"href":"https:\/\/videstehnika.lv\/en\/wp-json\/wp\/v2\/product"}],"about":[{"href":"https:\/\/videstehnika.lv\/en\/wp-json\/wp\/v2\/types\/product"}],"wp:featuredmedia":[{"embeddable":true,"href":"https:\/\/videstehnika.lv\/en\/wp-json\/wp\/v2\/media\/12676"}],"wp:attachment":[{"href":"https:\/\/videstehnika.lv\/en\/wp-json\/wp\/v2\/media?parent=12727"}],"wp:term":[{"taxonomy":"product_cat","embeddable":true,"href":"https:\/\/videstehnika.lv\/en\/wp-json\/wp\/v2\/product_cat?post=12727"},{"taxonomy":"product_tag","embeddable":true,"href":"https:\/\/videstehnika.lv\/en\/wp-json\/wp\/v2\/product_tag?post=12727"}],"curies":[{"name":"wp","href":"https:\/\/api.w.org\/{rel}","templated":true}]}}