{"id":17562,"date":"2023-04-06T15:03:35","date_gmt":"2023-04-06T12:03:35","guid":{"rendered":"https:\/\/videstehnika.lv\/?post_type=product&#038;p=17562"},"modified":"2023-04-06T15:03:36","modified_gmt":"2023-04-06T12:03:36","slug":"biora-primer","status":"publish","type":"product","link":"https:\/\/videstehnika.lv\/en\/catalog\/biora-primer\/","title":{"rendered":"BIORA\u00ae Primer"},"content":{"rendered":"<p><strong> BIORA\u00ae Primer<\/strong><\/p>\n<p>Piln\u012bgi mat\u0113ta gruntskr\u0101sa un griestu kr\u0101sa. Nekr\u0101sotu virsmu grunt\u0113\u0161anai un k\u0101 virs\u0113jais p\u0101rkl\u0101jums griestiem.<\/p>\n<p>BIORA<sup>\u00ae<\/sup>\u00a0100% \u016bdens b\u0101zes iek\u0161darbu kr\u0101sas, kas nesatur \u0161\u0137\u012bdin\u0101t\u0101jus, ir augstas kvalit\u0101tes un viegli uzkl\u0101jamas. J\u016bs noteikti atrad\u012bsiet sev piem\u0113rotu kr\u0101su no daudzpus\u012bg\u0101 kl\u0101sta, un ar v\u0113lamo toni var\u0113siet viegli rad\u012bt jaunu izskatu savam m\u0101joklim. M1 mar\u0137\u0113jums, Zieme\u013cvalstu ekomar\u0137\u0113jums un Aler\u0123ijas mar\u0137\u0113jums garant\u0113 kr\u0101su atbild\u012bbu un dro\u0161\u012bbu.<\/p>\n<p>Jaunie inovat\u012bvie, uz \u016bdens b\u0101zes ra\u017eotie BIORA iek\u0161telpu kr\u0101su produkti\u00a0 pal\u012bdz uztur\u0113t t\u012br\u0101ku m\u0101jas iek\u0161telpu gaisu un sienu virsmas.<\/p>\n<p>&nbsp;<\/p>\n","protected":false},"excerpt":{"rendered":"<p>BIORA\u00ae Primer Piln\u012bgi mat\u0113ta gruntskr\u0101sa un griestu kr\u0101sa. Nekr\u0101sotu virsmu grunt\u0113\u0161anai un k\u0101 virs\u0113jais p\u0101rkl\u0101jums griestiem. BIORA\u00ae\u00a0100% \u016bdens b\u0101zes iek\u0161darbu<\/p>\n","protected":false},"featured_media":0,"template":"","meta":{"_acf_changed":false},"product_cat":[70],"product_tag":[],"class_list":{"0":"post-17562","1":"product","2":"type-product","3":"status-publish","5":"product_cat-buvmateriali-buvei-remontam-un-ieksdarbiem","7":"first","8":"instock","9":"taxable","10":"shipping-taxable","11":"product-type-simple"},"acf":[],"yoast_head":"<!-- This site is optimized with the Yoast SEO plugin v24.2 - https:\/\/yoast.com\/wordpress\/plugins\/seo\/ -->\n<title>BIORA\u00ae Primer &#8226; Vides Tehnika<\/title>\n<meta name=\"description\" content=\"Piln\u012bgi mat\u0113ta gruntskr\u0101sa un griestu kr\u0101sa. Nekr\u0101sotu virsmu grunt\u0113\u0161anai un k\u0101 virs\u0113jais p\u0101rkl\u0101jums griestiem.\" \/>\n<meta name=\"robots\" content=\"index, follow, max-snippet:-1, max-image-preview:large, max-video-preview:-1\" \/>\n<link rel=\"canonical\" href=\"https:\/\/videstehnika.lv\/en\/catalog\/biora-primer\/\" \/>\n<meta property=\"og:locale\" content=\"en_US\" \/>\n<meta property=\"og:type\" content=\"article\" \/>\n<meta property=\"og:title\" content=\"BIORA\u00ae Primer &#8226; Vides Tehnika\" \/>\n<meta property=\"og:description\" content=\"Piln\u012bgi mat\u0113ta gruntskr\u0101sa un griestu kr\u0101sa. Nekr\u0101sotu virsmu grunt\u0113\u0161anai un k\u0101 virs\u0113jais p\u0101rkl\u0101jums griestiem.\" \/>\n<meta property=\"og:url\" content=\"https:\/\/videstehnika.lv\/en\/catalog\/biora-primer\/\" \/>\n<meta property=\"og:site_name\" content=\"Vides Tehnika\" \/>\n<meta property=\"article:modified_time\" content=\"2023-04-06T12:03:36+00:00\" \/>\n<meta name=\"twitter:card\" content=\"summary_large_image\" \/>\n<meta name=\"twitter:label1\" content=\"Est. reading time\" \/>\n\t<meta name=\"twitter:data1\" content=\"1 minute\" \/>\n<script type=\"application\/ld+json\" class=\"yoast-schema-graph\">{\"@context\":\"https:\/\/schema.org\",\"@graph\":[{\"@type\":\"WebPage\",\"@id\":\"https:\/\/videstehnika.lv\/en\/catalog\/biora-primer\/\",\"url\":\"https:\/\/videstehnika.lv\/en\/catalog\/biora-primer\/\",\"name\":\"BIORA\u00ae Primer &#8226; Vides Tehnika\",\"isPartOf\":{\"@id\":\"https:\/\/videstehnika.lv\/en\/#website\"},\"datePublished\":\"2023-04-06T12:03:35+00:00\",\"dateModified\":\"2023-04-06T12:03:36+00:00\",\"description\":\"Piln\u012bgi mat\u0113ta gruntskr\u0101sa un griestu kr\u0101sa. Nekr\u0101sotu virsmu grunt\u0113\u0161anai un k\u0101 virs\u0113jais p\u0101rkl\u0101jums griestiem.\",\"breadcrumb\":{\"@id\":\"https:\/\/videstehnika.lv\/en\/catalog\/biora-primer\/#breadcrumb\"},\"inLanguage\":\"en-US\",\"potentialAction\":[{\"@type\":\"ReadAction\",\"target\":[\"https:\/\/videstehnika.lv\/en\/catalog\/biora-primer\/\"]}]},{\"@type\":\"BreadcrumbList\",\"@id\":\"https:\/\/videstehnika.lv\/en\/catalog\/biora-primer\/#breadcrumb\",\"itemListElement\":[{\"@type\":\"ListItem\",\"position\":1,\"name\":\"Home\",\"item\":\"https:\/\/videstehnika.lv\/en\/\"},{\"@type\":\"ListItem\",\"position\":2,\"name\":\"Katalogs\",\"item\":\"https:\/\/videstehnika.lv\/en\/katalogs\/\"},{\"@type\":\"ListItem\",\"position\":3,\"name\":\"BIORA\u00ae Primer\"}]},{\"@type\":\"WebSite\",\"@id\":\"https:\/\/videstehnika.lv\/en\/#website\",\"url\":\"https:\/\/videstehnika.lv\/en\/\",\"name\":\"Vides Tehnika\",\"description\":\"\",\"potentialAction\":[{\"@type\":\"SearchAction\",\"target\":{\"@type\":\"EntryPoint\",\"urlTemplate\":\"https:\/\/videstehnika.lv\/en\/?s={search_term_string}\"},\"query-input\":{\"@type\":\"PropertyValueSpecification\",\"valueRequired\":true,\"valueName\":\"search_term_string\"}}],\"inLanguage\":\"en-US\"}]}<\/script>\n<!-- \/ Yoast SEO plugin. -->","yoast_head_json":{"title":"BIORA\u00ae Primer &#8226; Vides Tehnika","description":"Piln\u012bgi mat\u0113ta gruntskr\u0101sa un griestu kr\u0101sa. Nekr\u0101sotu virsmu grunt\u0113\u0161anai un k\u0101 virs\u0113jais p\u0101rkl\u0101jums griestiem.","robots":{"index":"index","follow":"follow","max-snippet":"max-snippet:-1","max-image-preview":"max-image-preview:large","max-video-preview":"max-video-preview:-1"},"canonical":"https:\/\/videstehnika.lv\/en\/catalog\/biora-primer\/","og_locale":"en_US","og_type":"article","og_title":"BIORA\u00ae Primer &#8226; Vides Tehnika","og_description":"Piln\u012bgi mat\u0113ta gruntskr\u0101sa un griestu kr\u0101sa. Nekr\u0101sotu virsmu grunt\u0113\u0161anai un k\u0101 virs\u0113jais p\u0101rkl\u0101jums griestiem.","og_url":"https:\/\/videstehnika.lv\/en\/catalog\/biora-primer\/","og_site_name":"Vides Tehnika","article_modified_time":"2023-04-06T12:03:36+00:00","twitter_card":"summary_large_image","twitter_misc":{"Est. reading time":"1 minute"},"schema":{"@context":"https:\/\/schema.org","@graph":[{"@type":"WebPage","@id":"https:\/\/videstehnika.lv\/en\/catalog\/biora-primer\/","url":"https:\/\/videstehnika.lv\/en\/catalog\/biora-primer\/","name":"BIORA\u00ae Primer &#8226; Vides Tehnika","isPartOf":{"@id":"https:\/\/videstehnika.lv\/en\/#website"},"datePublished":"2023-04-06T12:03:35+00:00","dateModified":"2023-04-06T12:03:36+00:00","description":"Piln\u012bgi mat\u0113ta gruntskr\u0101sa un griestu kr\u0101sa. Nekr\u0101sotu virsmu grunt\u0113\u0161anai un k\u0101 virs\u0113jais p\u0101rkl\u0101jums griestiem.","breadcrumb":{"@id":"https:\/\/videstehnika.lv\/en\/catalog\/biora-primer\/#breadcrumb"},"inLanguage":"en-US","potentialAction":[{"@type":"ReadAction","target":["https:\/\/videstehnika.lv\/en\/catalog\/biora-primer\/"]}]},{"@type":"BreadcrumbList","@id":"https:\/\/videstehnika.lv\/en\/catalog\/biora-primer\/#breadcrumb","itemListElement":[{"@type":"ListItem","position":1,"name":"Home","item":"https:\/\/videstehnika.lv\/en\/"},{"@type":"ListItem","position":2,"name":"Katalogs","item":"https:\/\/videstehnika.lv\/en\/katalogs\/"},{"@type":"ListItem","position":3,"name":"BIORA\u00ae Primer"}]},{"@type":"WebSite","@id":"https:\/\/videstehnika.lv\/en\/#website","url":"https:\/\/videstehnika.lv\/en\/","name":"Vides Tehnika","description":"","potentialAction":[{"@type":"SearchAction","target":{"@type":"EntryPoint","urlTemplate":"https:\/\/videstehnika.lv\/en\/?s={search_term_string}"},"query-input":{"@type":"PropertyValueSpecification","valueRequired":true,"valueName":"search_term_string"}}],"inLanguage":"en-US"}]}},"_links":{"self":[{"href":"https:\/\/videstehnika.lv\/en\/wp-json\/wp\/v2\/product\/17562","targetHints":{"allow":["GET"]}}],"collection":[{"href":"https:\/\/videstehnika.lv\/en\/wp-json\/wp\/v2\/product"}],"about":[{"href":"https:\/\/videstehnika.lv\/en\/wp-json\/wp\/v2\/types\/product"}],"wp:attachment":[{"href":"https:\/\/videstehnika.lv\/en\/wp-json\/wp\/v2\/media?parent=17562"}],"wp:term":[{"taxonomy":"product_cat","embeddable":true,"href":"https:\/\/videstehnika.lv\/en\/wp-json\/wp\/v2\/product_cat?post=17562"},{"taxonomy":"product_tag","embeddable":true,"href":"https:\/\/videstehnika.lv\/en\/wp-json\/wp\/v2\/product_tag?post=17562"}],"curies":[{"name":"wp","href":"https:\/\/api.w.org\/{rel}","templated":true}]}}