{"id":18883,"date":"2023-05-10T14:19:04","date_gmt":"2023-05-10T11:19:04","guid":{"rendered":"https:\/\/videstehnika.lv\/?post_type=product&#038;p=18883"},"modified":"2023-05-16T14:59:31","modified_gmt":"2023-05-16T11:59:31","slug":"freight-transport-services","status":"publish","type":"product","link":"https:\/\/videstehnika.lv\/en\/catalog\/tractor-equipment-and-cargo-transport-services\/freight-transport-services\/freight-transport-services\/","title":{"rendered":"Freight transport services"},"content":{"rendered":"<h2>Freight transport services from 50 Eur per hour, 1.20 Eur per kilometer<\/h2>\n<p>SIA &#8220;Vides Tehnika&#8221; offers short-term and long-term rental services of cargo transport Scania G450, Palfinger 26000 with 13m semi-trailer and manipulators with a driver from 50 Eur per hour.<\/p>\n<p>Lifting capacity 24t. Rotator .Scanreco radio remote control<\/p>\n<p><strong>Lifting capacity of the manipulator:<\/strong><\/p>\n<p>4.30 m -5200 kg;<br \/>\n6.20 m -3450 kg;<br \/>\n8.10 m -2500 kg;<br \/>\n10.20 m -1900 kg;<br \/>\n12.30 m -1540 kg;<br \/>\n14.40 m -1300 kg;<\/p>\n<p><strong>Price list<\/strong><\/p>\n<p>The minimum amount of 1 order is 100 Eur<\/p>\n<p>1km = 1.20 Eur (between cities)<\/p>\n<p>1h = 50 Eur (around Riga and its surroundings)<\/p>\n<p>Manipulator services &#8211; 50 Eur \/ 1h<\/p>\n<p>Idle time independent of us &#8211; 50 Eur \/ 1h<\/p>\n<p>Example:\u00a0 Riga &#8211; Vamliera &#8211; Riga with 2 hours loading. 250km x 1.20 +2h (manipulator) = 400 Eur<\/p>\n<p>More information by contacting us: https:\/\/videstehnika.lv\/kontakti\/<\/p>\n","protected":false},"excerpt":{"rendered":"<p>Freight transport services from 50 Eur per hour, 1.20 Eur per kilometer SIA &#8220;Vides Tehnika&#8221; offers short-term and long-term rental<\/p>\n","protected":false},"featured_media":17853,"template":"","meta":{"_acf_changed":false},"product_cat":[3102],"product_tag":[],"class_list":{"0":"post-18883","1":"product","2":"type-product","3":"status-publish","4":"has-post-thumbnail","6":"product_cat-freight-transport-services","8":"first","9":"instock","10":"taxable","11":"shipping-taxable","12":"purchasable","13":"product-type-simple"},"acf":[],"yoast_head":"<!-- This site is optimized with the Yoast SEO plugin v24.2 - https:\/\/yoast.com\/wordpress\/plugins\/seo\/ -->\n<title>Freight transport services &#8226; Vides Tehnika<\/title>\n<meta name=\"description\" content=\"Kravas transporta Scania G450, Palfinger 26000 ar 13m puspiekabi un manipulatoru nomas pakalpojumus \u012bstermi\u0146\u0101 un ilgtermi\u0146\u0101 ar vad\u012bt\u0101ju no 50 Eur stund\u0101.\" \/>\n<meta name=\"robots\" content=\"index, follow, max-snippet:-1, max-image-preview:large, max-video-preview:-1\" \/>\n<link rel=\"canonical\" href=\"https:\/\/videstehnika.lv\/en\/catalog\/tractor-equipment-and-cargo-transport-services\/freight-transport-services\/freight-transport-services\/\" \/>\n<meta property=\"og:locale\" content=\"en_US\" \/>\n<meta property=\"og:type\" content=\"article\" \/>\n<meta property=\"og:title\" content=\"Freight transport services &#8226; Vides Tehnika\" \/>\n<meta property=\"og:description\" content=\"Kravas transporta Scania G450, Palfinger 26000 ar 13m puspiekabi un manipulatoru nomas pakalpojumus \u012bstermi\u0146\u0101 un ilgtermi\u0146\u0101 ar vad\u012bt\u0101ju no 50 Eur stund\u0101.\" \/>\n<meta property=\"og:url\" content=\"https:\/\/videstehnika.lv\/en\/catalog\/tractor-equipment-and-cargo-transport-services\/freight-transport-services\/freight-transport-services\/\" \/>\n<meta property=\"og:site_name\" content=\"Vides Tehnika\" \/>\n<meta property=\"article:modified_time\" content=\"2023-05-16T11:59:31+00:00\" \/>\n<meta property=\"og:image\" content=\"https:\/\/videstehnika.lv\/wp-content\/uploads\/2023\/04\/WhatsApp-Image-2023-04-21-at-10.24.43-2.jpeg\" \/>\n\t<meta property=\"og:image:width\" content=\"1019\" \/>\n\t<meta property=\"og:image:height\" content=\"799\" \/>\n\t<meta property=\"og:image:type\" content=\"image\/jpeg\" \/>\n<meta name=\"twitter:card\" content=\"summary_large_image\" \/>\n<meta name=\"twitter:label1\" content=\"Est. reading time\" \/>\n\t<meta name=\"twitter:data1\" content=\"1 minute\" \/>\n<script type=\"application\/ld+json\" class=\"yoast-schema-graph\">{\"@context\":\"https:\/\/schema.org\",\"@graph\":[{\"@type\":\"WebPage\",\"@id\":\"https:\/\/videstehnika.lv\/en\/catalog\/tractor-equipment-and-cargo-transport-services\/freight-transport-services\/freight-transport-services\/\",\"url\":\"https:\/\/videstehnika.lv\/en\/catalog\/tractor-equipment-and-cargo-transport-services\/freight-transport-services\/freight-transport-services\/\",\"name\":\"Freight transport services &#8226; Vides Tehnika\",\"isPartOf\":{\"@id\":\"https:\/\/videstehnika.lv\/en\/#website\"},\"primaryImageOfPage\":{\"@id\":\"https:\/\/videstehnika.lv\/en\/catalog\/tractor-equipment-and-cargo-transport-services\/freight-transport-services\/freight-transport-services\/#primaryimage\"},\"image\":{\"@id\":\"https:\/\/videstehnika.lv\/en\/catalog\/tractor-equipment-and-cargo-transport-services\/freight-transport-services\/freight-transport-services\/#primaryimage\"},\"thumbnailUrl\":\"https:\/\/videstehnika.lv\/wp-content\/uploads\/2023\/04\/WhatsApp-Image-2023-04-21-at-10.24.43-2.jpeg\",\"datePublished\":\"2023-05-10T11:19:04+00:00\",\"dateModified\":\"2023-05-16T11:59:31+00:00\",\"description\":\"Kravas transporta Scania G450, Palfinger 26000 ar 13m puspiekabi un manipulatoru nomas pakalpojumus \u012bstermi\u0146\u0101 un ilgtermi\u0146\u0101 ar vad\u012bt\u0101ju no 50 Eur stund\u0101.\",\"breadcrumb\":{\"@id\":\"https:\/\/videstehnika.lv\/en\/catalog\/tractor-equipment-and-cargo-transport-services\/freight-transport-services\/freight-transport-services\/#breadcrumb\"},\"inLanguage\":\"en-US\",\"potentialAction\":[{\"@type\":\"ReadAction\",\"target\":[\"https:\/\/videstehnika.lv\/en\/catalog\/tractor-equipment-and-cargo-transport-services\/freight-transport-services\/freight-transport-services\/\"]}]},{\"@type\":\"ImageObject\",\"inLanguage\":\"en-US\",\"@id\":\"https:\/\/videstehnika.lv\/en\/catalog\/tractor-equipment-and-cargo-transport-services\/freight-transport-services\/freight-transport-services\/#primaryimage\",\"url\":\"https:\/\/videstehnika.lv\/wp-content\/uploads\/2023\/04\/WhatsApp-Image-2023-04-21-at-10.24.43-2.jpeg\",\"contentUrl\":\"https:\/\/videstehnika.lv\/wp-content\/uploads\/2023\/04\/WhatsApp-Image-2023-04-21-at-10.24.43-2.jpeg\",\"width\":1019,\"height\":799},{\"@type\":\"BreadcrumbList\",\"@id\":\"https:\/\/videstehnika.lv\/en\/catalog\/tractor-equipment-and-cargo-transport-services\/freight-transport-services\/freight-transport-services\/#breadcrumb\",\"itemListElement\":[{\"@type\":\"ListItem\",\"position\":1,\"name\":\"Home\",\"item\":\"https:\/\/videstehnika.lv\/en\/\"},{\"@type\":\"ListItem\",\"position\":2,\"name\":\"Katalogs\",\"item\":\"https:\/\/videstehnika.lv\/en\/katalogs\/\"},{\"@type\":\"ListItem\",\"position\":3,\"name\":\"Freight transport services\"}]},{\"@type\":\"WebSite\",\"@id\":\"https:\/\/videstehnika.lv\/en\/#website\",\"url\":\"https:\/\/videstehnika.lv\/en\/\",\"name\":\"Vides Tehnika\",\"description\":\"\",\"potentialAction\":[{\"@type\":\"SearchAction\",\"target\":{\"@type\":\"EntryPoint\",\"urlTemplate\":\"https:\/\/videstehnika.lv\/en\/?s={search_term_string}\"},\"query-input\":{\"@type\":\"PropertyValueSpecification\",\"valueRequired\":true,\"valueName\":\"search_term_string\"}}],\"inLanguage\":\"en-US\"}]}<\/script>\n<!-- \/ Yoast SEO plugin. -->","yoast_head_json":{"title":"Freight transport services &#8226; Vides Tehnika","description":"Kravas transporta Scania G450, Palfinger 26000 ar 13m puspiekabi un manipulatoru nomas pakalpojumus \u012bstermi\u0146\u0101 un ilgtermi\u0146\u0101 ar vad\u012bt\u0101ju no 50 Eur stund\u0101.","robots":{"index":"index","follow":"follow","max-snippet":"max-snippet:-1","max-image-preview":"max-image-preview:large","max-video-preview":"max-video-preview:-1"},"canonical":"https:\/\/videstehnika.lv\/en\/catalog\/tractor-equipment-and-cargo-transport-services\/freight-transport-services\/freight-transport-services\/","og_locale":"en_US","og_type":"article","og_title":"Freight transport services &#8226; Vides Tehnika","og_description":"Kravas transporta Scania G450, Palfinger 26000 ar 13m puspiekabi un manipulatoru nomas pakalpojumus \u012bstermi\u0146\u0101 un ilgtermi\u0146\u0101 ar vad\u012bt\u0101ju no 50 Eur stund\u0101.","og_url":"https:\/\/videstehnika.lv\/en\/catalog\/tractor-equipment-and-cargo-transport-services\/freight-transport-services\/freight-transport-services\/","og_site_name":"Vides Tehnika","article_modified_time":"2023-05-16T11:59:31+00:00","og_image":[{"width":1019,"height":799,"url":"https:\/\/videstehnika.lv\/wp-content\/uploads\/2023\/04\/WhatsApp-Image-2023-04-21-at-10.24.43-2.jpeg","type":"image\/jpeg"}],"twitter_card":"summary_large_image","twitter_misc":{"Est. reading time":"1 minute"},"schema":{"@context":"https:\/\/schema.org","@graph":[{"@type":"WebPage","@id":"https:\/\/videstehnika.lv\/en\/catalog\/tractor-equipment-and-cargo-transport-services\/freight-transport-services\/freight-transport-services\/","url":"https:\/\/videstehnika.lv\/en\/catalog\/tractor-equipment-and-cargo-transport-services\/freight-transport-services\/freight-transport-services\/","name":"Freight transport services &#8226; Vides Tehnika","isPartOf":{"@id":"https:\/\/videstehnika.lv\/en\/#website"},"primaryImageOfPage":{"@id":"https:\/\/videstehnika.lv\/en\/catalog\/tractor-equipment-and-cargo-transport-services\/freight-transport-services\/freight-transport-services\/#primaryimage"},"image":{"@id":"https:\/\/videstehnika.lv\/en\/catalog\/tractor-equipment-and-cargo-transport-services\/freight-transport-services\/freight-transport-services\/#primaryimage"},"thumbnailUrl":"https:\/\/videstehnika.lv\/wp-content\/uploads\/2023\/04\/WhatsApp-Image-2023-04-21-at-10.24.43-2.jpeg","datePublished":"2023-05-10T11:19:04+00:00","dateModified":"2023-05-16T11:59:31+00:00","description":"Kravas transporta Scania G450, Palfinger 26000 ar 13m puspiekabi un manipulatoru nomas pakalpojumus \u012bstermi\u0146\u0101 un ilgtermi\u0146\u0101 ar vad\u012bt\u0101ju no 50 Eur stund\u0101.","breadcrumb":{"@id":"https:\/\/videstehnika.lv\/en\/catalog\/tractor-equipment-and-cargo-transport-services\/freight-transport-services\/freight-transport-services\/#breadcrumb"},"inLanguage":"en-US","potentialAction":[{"@type":"ReadAction","target":["https:\/\/videstehnika.lv\/en\/catalog\/tractor-equipment-and-cargo-transport-services\/freight-transport-services\/freight-transport-services\/"]}]},{"@type":"ImageObject","inLanguage":"en-US","@id":"https:\/\/videstehnika.lv\/en\/catalog\/tractor-equipment-and-cargo-transport-services\/freight-transport-services\/freight-transport-services\/#primaryimage","url":"https:\/\/videstehnika.lv\/wp-content\/uploads\/2023\/04\/WhatsApp-Image-2023-04-21-at-10.24.43-2.jpeg","contentUrl":"https:\/\/videstehnika.lv\/wp-content\/uploads\/2023\/04\/WhatsApp-Image-2023-04-21-at-10.24.43-2.jpeg","width":1019,"height":799},{"@type":"BreadcrumbList","@id":"https:\/\/videstehnika.lv\/en\/catalog\/tractor-equipment-and-cargo-transport-services\/freight-transport-services\/freight-transport-services\/#breadcrumb","itemListElement":[{"@type":"ListItem","position":1,"name":"Home","item":"https:\/\/videstehnika.lv\/en\/"},{"@type":"ListItem","position":2,"name":"Katalogs","item":"https:\/\/videstehnika.lv\/en\/katalogs\/"},{"@type":"ListItem","position":3,"name":"Freight transport services"}]},{"@type":"WebSite","@id":"https:\/\/videstehnika.lv\/en\/#website","url":"https:\/\/videstehnika.lv\/en\/","name":"Vides Tehnika","description":"","potentialAction":[{"@type":"SearchAction","target":{"@type":"EntryPoint","urlTemplate":"https:\/\/videstehnika.lv\/en\/?s={search_term_string}"},"query-input":{"@type":"PropertyValueSpecification","valueRequired":true,"valueName":"search_term_string"}}],"inLanguage":"en-US"}]}},"_links":{"self":[{"href":"https:\/\/videstehnika.lv\/en\/wp-json\/wp\/v2\/product\/18883","targetHints":{"allow":["GET"]}}],"collection":[{"href":"https:\/\/videstehnika.lv\/en\/wp-json\/wp\/v2\/product"}],"about":[{"href":"https:\/\/videstehnika.lv\/en\/wp-json\/wp\/v2\/types\/product"}],"wp:featuredmedia":[{"embeddable":true,"href":"https:\/\/videstehnika.lv\/en\/wp-json\/wp\/v2\/media\/17853"}],"wp:attachment":[{"href":"https:\/\/videstehnika.lv\/en\/wp-json\/wp\/v2\/media?parent=18883"}],"wp:term":[{"taxonomy":"product_cat","embeddable":true,"href":"https:\/\/videstehnika.lv\/en\/wp-json\/wp\/v2\/product_cat?post=18883"},{"taxonomy":"product_tag","embeddable":true,"href":"https:\/\/videstehnika.lv\/en\/wp-json\/wp\/v2\/product_tag?post=18883"}],"curies":[{"name":"wp","href":"https:\/\/api.w.org\/{rel}","templated":true}]}}