{"id":37522,"date":"2024-07-25T15:02:23","date_gmt":"2024-07-25T12:02:23","guid":{"rendered":"https:\/\/videstehnika.lv\/?post_type=product&#038;p=37522"},"modified":"2024-07-25T16:26:01","modified_gmt":"2024-07-25T13:26:01","slug":"viken-taisnstura-darza-galds-160x90x75-cm","status":"publish","type":"product","link":"https:\/\/videstehnika.lv\/katalogs\/darza-mebeles\/viken-taisnstura-darza-galds-160x90x75-cm\/","title":{"rendered":"VIKEN taisnst\u016bra d\u0101rza galds 160x90x75 cm"},"content":{"rendered":"<p>VIKEN taisnst\u016bra d\u0101rza galds 160x90x75 cm<\/p>\n<p>Materi\u0101ls: Alum\u012bnijs<br \/>\nKr\u0101sa: melns<br \/>\nIzm\u0113ri: 160x90x75 cm<\/p>\n","protected":false},"excerpt":{"rendered":"<p>VIKEN taisnst\u016bra d\u0101rza galds 160x90x75 cm Materi\u0101ls: Alum\u012bnijs Kr\u0101sa: melns Izm\u0113ri: 160x90x75 cm<\/p>\n","protected":false},"featured_media":37523,"template":"","meta":{"_acf_changed":false},"product_cat":[5294,5296],"product_tag":[],"class_list":{"0":"post-37522","1":"product","2":"type-product","3":"status-publish","4":"has-post-thumbnail","6":"product_cat-darza-mebeles","7":"product_cat-galdi","9":"first","10":"instock","11":"taxable","12":"shipping-taxable","13":"purchasable","14":"product-type-simple"},"acf":[],"yoast_head":"<!-- This site is optimized with the Yoast SEO plugin v24.2 - https:\/\/yoast.com\/wordpress\/plugins\/seo\/ -->\n<title>VIKEN taisnst\u016bra d\u0101rza galds 160x90x75 cm &#8226; Vides Tehnika<\/title>\n<meta name=\"robots\" content=\"index, follow, max-snippet:-1, max-image-preview:large, max-video-preview:-1\" \/>\n<link rel=\"canonical\" href=\"https:\/\/videstehnika.lv\/en\/katalogs\/darza-mebeles\/viken-taisnstura-darza-galds-160x90x75-cm\/\" \/>\n<meta property=\"og:locale\" content=\"en_US\" \/>\n<meta property=\"og:type\" content=\"article\" \/>\n<meta property=\"og:title\" content=\"VIKEN taisnst\u016bra d\u0101rza galds 160x90x75 cm &#8226; Vides Tehnika\" \/>\n<meta property=\"og:description\" content=\"VIKEN taisnst\u016bra d\u0101rza galds 160x90x75 cm Materi\u0101ls: Alum\u012bnijs Kr\u0101sa: melns Izm\u0113ri: 160x90x75 cm\" \/>\n<meta property=\"og:url\" content=\"https:\/\/videstehnika.lv\/katalogs\/darza-mebeles\/viken-taisnstura-darza-galds-160x90x75-cm\/\" \/>\n<meta property=\"og:site_name\" content=\"Vides Tehnika\" \/>\n<meta property=\"article:modified_time\" content=\"2024-07-25T13:26:01+00:00\" \/>\n<meta property=\"og:image\" content=\"https:\/\/videstehnika.lv\/wp-content\/uploads\/2024\/07\/Screenshot-2024-07-25-145456.jpg\" \/>\n\t<meta property=\"og:image:width\" content=\"742\" \/>\n\t<meta property=\"og:image:height\" content=\"746\" \/>\n\t<meta property=\"og:image:type\" content=\"image\/jpeg\" \/>\n<meta name=\"twitter:card\" content=\"summary_large_image\" \/>\n<meta name=\"twitter:label1\" content=\"Est. reading time\" \/>\n\t<meta name=\"twitter:data1\" content=\"1 minute\" \/>\n<script type=\"application\/ld+json\" class=\"yoast-schema-graph\">{\"@context\":\"https:\/\/schema.org\",\"@graph\":[{\"@type\":\"WebPage\",\"@id\":\"https:\/\/videstehnika.lv\/katalogs\/darza-mebeles\/viken-taisnstura-darza-galds-160x90x75-cm\/\",\"url\":\"https:\/\/videstehnika.lv\/katalogs\/darza-mebeles\/viken-taisnstura-darza-galds-160x90x75-cm\/\",\"name\":\"VIKEN taisnst\u016bra d\u0101rza galds 160x90x75 cm &#8226; Vides Tehnika\",\"isPartOf\":{\"@id\":\"https:\/\/videstehnika.lv\/en\/#website\"},\"primaryImageOfPage\":{\"@id\":\"https:\/\/videstehnika.lv\/katalogs\/darza-mebeles\/viken-taisnstura-darza-galds-160x90x75-cm\/#primaryimage\"},\"image\":{\"@id\":\"https:\/\/videstehnika.lv\/katalogs\/darza-mebeles\/viken-taisnstura-darza-galds-160x90x75-cm\/#primaryimage\"},\"thumbnailUrl\":\"https:\/\/videstehnika.lv\/wp-content\/uploads\/2024\/07\/Screenshot-2024-07-25-145456.jpg\",\"datePublished\":\"2024-07-25T12:02:23+00:00\",\"dateModified\":\"2024-07-25T13:26:01+00:00\",\"breadcrumb\":{\"@id\":\"https:\/\/videstehnika.lv\/katalogs\/darza-mebeles\/viken-taisnstura-darza-galds-160x90x75-cm\/#breadcrumb\"},\"inLanguage\":\"en-US\",\"potentialAction\":[{\"@type\":\"ReadAction\",\"target\":[\"https:\/\/videstehnika.lv\/katalogs\/darza-mebeles\/viken-taisnstura-darza-galds-160x90x75-cm\/\"]}]},{\"@type\":\"ImageObject\",\"inLanguage\":\"en-US\",\"@id\":\"https:\/\/videstehnika.lv\/katalogs\/darza-mebeles\/viken-taisnstura-darza-galds-160x90x75-cm\/#primaryimage\",\"url\":\"https:\/\/videstehnika.lv\/wp-content\/uploads\/2024\/07\/Screenshot-2024-07-25-145456.jpg\",\"contentUrl\":\"https:\/\/videstehnika.lv\/wp-content\/uploads\/2024\/07\/Screenshot-2024-07-25-145456.jpg\",\"width\":742,\"height\":746},{\"@type\":\"BreadcrumbList\",\"@id\":\"https:\/\/videstehnika.lv\/katalogs\/darza-mebeles\/viken-taisnstura-darza-galds-160x90x75-cm\/#breadcrumb\",\"itemListElement\":[{\"@type\":\"ListItem\",\"position\":1,\"name\":\"Home\",\"item\":\"https:\/\/videstehnika.lv\/en\/\"},{\"@type\":\"ListItem\",\"position\":2,\"name\":\"Katalogs\",\"item\":\"https:\/\/videstehnika.lv\/en\/katalogs\/\"},{\"@type\":\"ListItem\",\"position\":3,\"name\":\"VIKEN taisnst\u016bra d\u0101rza galds 160x90x75 cm\"}]},{\"@type\":\"WebSite\",\"@id\":\"https:\/\/videstehnika.lv\/en\/#website\",\"url\":\"https:\/\/videstehnika.lv\/en\/\",\"name\":\"Vides Tehnika\",\"description\":\"\",\"potentialAction\":[{\"@type\":\"SearchAction\",\"target\":{\"@type\":\"EntryPoint\",\"urlTemplate\":\"https:\/\/videstehnika.lv\/en\/?s={search_term_string}\"},\"query-input\":{\"@type\":\"PropertyValueSpecification\",\"valueRequired\":true,\"valueName\":\"search_term_string\"}}],\"inLanguage\":\"en-US\"}]}<\/script>\n<!-- \/ Yoast SEO plugin. -->","yoast_head_json":{"title":"VIKEN taisnst\u016bra d\u0101rza galds 160x90x75 cm &#8226; Vides Tehnika","robots":{"index":"index","follow":"follow","max-snippet":"max-snippet:-1","max-image-preview":"max-image-preview:large","max-video-preview":"max-video-preview:-1"},"canonical":"https:\/\/videstehnika.lv\/en\/katalogs\/darza-mebeles\/viken-taisnstura-darza-galds-160x90x75-cm\/","og_locale":"en_US","og_type":"article","og_title":"VIKEN taisnst\u016bra d\u0101rza galds 160x90x75 cm &#8226; Vides Tehnika","og_description":"VIKEN taisnst\u016bra d\u0101rza galds 160x90x75 cm Materi\u0101ls: Alum\u012bnijs Kr\u0101sa: melns Izm\u0113ri: 160x90x75 cm","og_url":"https:\/\/videstehnika.lv\/katalogs\/darza-mebeles\/viken-taisnstura-darza-galds-160x90x75-cm\/","og_site_name":"Vides Tehnika","article_modified_time":"2024-07-25T13:26:01+00:00","og_image":[{"width":742,"height":746,"url":"https:\/\/videstehnika.lv\/wp-content\/uploads\/2024\/07\/Screenshot-2024-07-25-145456.jpg","type":"image\/jpeg"}],"twitter_card":"summary_large_image","twitter_misc":{"Est. reading time":"1 minute"},"schema":{"@context":"https:\/\/schema.org","@graph":[{"@type":"WebPage","@id":"https:\/\/videstehnika.lv\/katalogs\/darza-mebeles\/viken-taisnstura-darza-galds-160x90x75-cm\/","url":"https:\/\/videstehnika.lv\/katalogs\/darza-mebeles\/viken-taisnstura-darza-galds-160x90x75-cm\/","name":"VIKEN taisnst\u016bra d\u0101rza galds 160x90x75 cm &#8226; Vides Tehnika","isPartOf":{"@id":"https:\/\/videstehnika.lv\/en\/#website"},"primaryImageOfPage":{"@id":"https:\/\/videstehnika.lv\/katalogs\/darza-mebeles\/viken-taisnstura-darza-galds-160x90x75-cm\/#primaryimage"},"image":{"@id":"https:\/\/videstehnika.lv\/katalogs\/darza-mebeles\/viken-taisnstura-darza-galds-160x90x75-cm\/#primaryimage"},"thumbnailUrl":"https:\/\/videstehnika.lv\/wp-content\/uploads\/2024\/07\/Screenshot-2024-07-25-145456.jpg","datePublished":"2024-07-25T12:02:23+00:00","dateModified":"2024-07-25T13:26:01+00:00","breadcrumb":{"@id":"https:\/\/videstehnika.lv\/katalogs\/darza-mebeles\/viken-taisnstura-darza-galds-160x90x75-cm\/#breadcrumb"},"inLanguage":"en-US","potentialAction":[{"@type":"ReadAction","target":["https:\/\/videstehnika.lv\/katalogs\/darza-mebeles\/viken-taisnstura-darza-galds-160x90x75-cm\/"]}]},{"@type":"ImageObject","inLanguage":"en-US","@id":"https:\/\/videstehnika.lv\/katalogs\/darza-mebeles\/viken-taisnstura-darza-galds-160x90x75-cm\/#primaryimage","url":"https:\/\/videstehnika.lv\/wp-content\/uploads\/2024\/07\/Screenshot-2024-07-25-145456.jpg","contentUrl":"https:\/\/videstehnika.lv\/wp-content\/uploads\/2024\/07\/Screenshot-2024-07-25-145456.jpg","width":742,"height":746},{"@type":"BreadcrumbList","@id":"https:\/\/videstehnika.lv\/katalogs\/darza-mebeles\/viken-taisnstura-darza-galds-160x90x75-cm\/#breadcrumb","itemListElement":[{"@type":"ListItem","position":1,"name":"Home","item":"https:\/\/videstehnika.lv\/en\/"},{"@type":"ListItem","position":2,"name":"Katalogs","item":"https:\/\/videstehnika.lv\/en\/katalogs\/"},{"@type":"ListItem","position":3,"name":"VIKEN taisnst\u016bra d\u0101rza galds 160x90x75 cm"}]},{"@type":"WebSite","@id":"https:\/\/videstehnika.lv\/en\/#website","url":"https:\/\/videstehnika.lv\/en\/","name":"Vides Tehnika","description":"","potentialAction":[{"@type":"SearchAction","target":{"@type":"EntryPoint","urlTemplate":"https:\/\/videstehnika.lv\/en\/?s={search_term_string}"},"query-input":{"@type":"PropertyValueSpecification","valueRequired":true,"valueName":"search_term_string"}}],"inLanguage":"en-US"}]}},"_links":{"self":[{"href":"https:\/\/videstehnika.lv\/en\/wp-json\/wp\/v2\/product\/37522","targetHints":{"allow":["GET"]}}],"collection":[{"href":"https:\/\/videstehnika.lv\/en\/wp-json\/wp\/v2\/product"}],"about":[{"href":"https:\/\/videstehnika.lv\/en\/wp-json\/wp\/v2\/types\/product"}],"wp:featuredmedia":[{"embeddable":true,"href":"https:\/\/videstehnika.lv\/en\/wp-json\/wp\/v2\/media\/37523"}],"wp:attachment":[{"href":"https:\/\/videstehnika.lv\/en\/wp-json\/wp\/v2\/media?parent=37522"}],"wp:term":[{"taxonomy":"product_cat","embeddable":true,"href":"https:\/\/videstehnika.lv\/en\/wp-json\/wp\/v2\/product_cat?post=37522"},{"taxonomy":"product_tag","embeddable":true,"href":"https:\/\/videstehnika.lv\/en\/wp-json\/wp\/v2\/product_tag?post=37522"}],"curies":[{"name":"wp","href":"https:\/\/api.w.org\/{rel}","templated":true}]}}