{"id":38275,"date":"2024-08-05T13:08:59","date_gmt":"2024-08-05T10:08:59","guid":{"rendered":"https:\/\/videstehnika.lv\/?post_type=product&#038;p=38275"},"modified":"2026-01-13T15:53:03","modified_gmt":"2026-01-13T13:53:03","slug":"elektriskas-siltas-gridas-paklajs-ditra-heat","status":"publish","type":"product","link":"https:\/\/videstehnika.lv\/katalogs\/buvmateriali-buvei-remontam-un-ieksdarbiem\/atdalosie-paklaji\/elektriskas-siltas-gridas-paklajs-ditra-heat\/","title":{"rendered":"DITRA-HEAT univers\u0101la membr\u0101na ar vietu elektrisko apsildes kabe\u013cu mont\u0101\u017eai"},"content":{"rendered":"<h2 class=\"product_title entry-title\">DITRA-HEAT univers\u0101la membr\u0101na ar vietu elektrisko apsildes kabe\u013cu mont\u0101\u017eai<\/h2>\n<p>Elektrisk\u0101s silt\u0101s gr\u012bdas pakl\u0101js DITRA-HEAT ir \u013coti viegli un \u0101tri iekl\u0101jama. Apsildes sist\u0113ma gr\u012bd\u0101m un sien\u0101m ar fl\u012b\u017eu vai dab\u012bg\u0101 akmens, elast\u012bgiem vai tekstila segumiem, k\u0101 ar\u012b ar lamin\u0101ta vai daudz sl\u0101\u0146u parketa segumiem.<\/p>\n<p>Elektrisk\u0101 apsildes sist\u0113ma tr\u012bs vien\u0101 \u2013 Apkure, Hidroizol\u0101cija, Seguma atdal\u012b\u0161ana. Papildus gr\u012bdas un sienu apsildes funkcij\u0101m DITRA-HEAT-E pied\u0101v\u0101 ar\u012b citas funkcijas un priek\u0161roc\u012bbas, kas ir nepiecie\u0161amas augstas kvalit\u0101tes fl\u012b\u017eu un pl\u0101k\u0161\u0146u segumiem. T\u0101 aizsarg\u0101 gr\u012bdu no mitruma, plaisas no pamatnes netiek p\u0101rnestas uz segumu, tie\u0161a slodzes p\u0101rne\u0161ana un neitraliz\u0113jo\u0161\u0101 atdal\u012b\u0161ana garant\u0113 j\u016bsu gr\u012bdas un sienas seguma ilglaic\u012bgu kalpo\u0161anu<\/p>\n<h1 class=\"product_title entry-title\">DITRA-HEAT \u012bpa\u0161\u012bbas<\/h1>\n<div class=\"woocommerce-product-details__short-description\">\n<p>Pat\u012bkamu istabas klimatu, piem\u0113rotu ar\u012b aler\u0123iskiem cilv\u0113kiem<br \/>\nPrec\u012bzu un \u0101tru temperat\u016bras regul\u0113\u0161ana<br \/>\nIetaupa izmaksas, laiku un bez papildus ekspluat\u0101cijas izmaks\u0101m<br \/>\nVieglu, \u0101tra mont\u0101\u017eu<br \/>\nSeguma atdal\u012b\u0161ana no pamatnes<br \/>\nSien\u0101m un gr\u012bd\u0101m.<br \/>\nHidroizol\u0101cija saska\u0146\u0101 ar Eiropas tehnisk\u0101 standarta ETAG-022-2.<\/p>\n<\/div>\n<p>&nbsp;<\/p>\n<h2>DITRA-HEAT sist\u0113mas izmanto\u0161anas piem\u0113ri:<\/h2>\n<p>Gr\u012bdu un sienu apsild\u012b\u0161anai viesistab\u0101s un vannas istab\u0101s k\u0101 papildin\u0101jums pamata apkures sist\u0113mai.<br \/>\nK\u0101 rezerves apkure \u0113kas ar \u013coti zemu siltumener\u0123ijas pat\u0113ri\u0146u (piem\u0113ram, pas\u012bv\u0101s ener\u0123ijas m\u0101jas).<br \/>\nPagaidu apkure \u0113k\u0101m, kuras tiek izmantotas tikai reiz\u0113m, piem\u0113ram, br\u012bvdienu m\u0101jas.<br \/>\nM\u0113r\u0137tiec\u012bga sienu zonu apsild\u012b\u0161ana, piem\u0113ram, dvie\u013cu \u017e\u0101v\u0113\u0161anai.<br \/>\nProfilaktiska \u0101r\u0113jo sienu iek\u0161\u0113j\u0101s temperat\u016bras kontrole, lai nov\u0113rstu pel\u0113jumu, piem\u0113ram, du\u0161as zon\u0101s.<br \/>\nKomforta zonu izveido\u0161ana atp\u016btas zon\u0101s, \u0113damistabas zon\u0101s, pie galdiem vai s\u0113dviet\u0101m.<br \/>\nPiem\u0113rota k\u0101 pilnv\u0113rt\u012bga apkures sist\u0113ma savienojum\u0101 ar atbilsto\u0161\u0101m regul\u0113\u0161anas iek\u0101rt\u0101m.<\/p>\n<p>At\u0161\u0137ir\u012bb\u0101 no parastaj\u0101m sist\u0113m\u0101m, kas darbojas ar iepriek\u0161 piel\u012bm\u0113tiem sild\u012b\u0161anas pakl\u0101jiem, DITRA-HEAT-E sild\u012b\u0161anas kabe\u013ci ir ievietoti atdal\u012b\u0161anas pakl\u0101j\u0101. Tas pied\u0101v\u0101 p\u0113c iesp\u0113jas liel\u0101ku br\u012bv\u012bbu, nosakot nepiecie\u0161am\u0101s apsild\u0101m\u0101s vietas. DITRA-HEAT atdal\u012b\u0161anas pakl\u0101ja plaisu nosedzo\u0161\u0101 \u012bpa\u0161\u012bba noz\u012bm\u0113, ka kritisk\u0101s pamatnes, piem\u0113ram, koka konstrukcijas, svaigi cementa vai betona kloni utt., var p\u0101rkl\u0101t, nebaidoties no fl\u012b\u017eu seguma vai apkures kabe\u013cu boj\u0101jumiem. Un, protams, izm\u0113\u0123in\u0101t\u0101s un p\u0101rbaud\u012bt\u0101s DITRA tehnolo\u0123ijas izmanto\u0161ana nov\u0113r\u0161 ar\u012b seguma boj\u0101jumus no strauj\u0101m temperat\u016bras izmai\u0146\u0101m.<br \/>\n\u012apa\u0161i zem\u0101 uzst\u0101d\u012b\u0161anas augstuma d\u0113\u013c (atdal\u012b\u0161anas pakl\u0101js ar apkures kabeli no 5,5 mm) DITRA-HEAT-E ir pla\u0161i pielietojams. T\u0101p\u0113c tas ir ide\u0101li piem\u0113rots remonta un restaur\u0101cijas darbiem. Un v\u0113l viena priek\u0161roc\u012bba: t\u0101 k\u0101 apkures kabe\u013ci ir iestr\u0101d\u0101ti tie\u0161i atdal\u012b\u0161anas pakl\u0101j\u0101 un p\u0101rkl\u0101ti ar fl\u012b\u017eu l\u012bmi, tie atrodas tie\u0161i zem fl\u012b\u017eu seguma. Tas nodro\u0161ina efekt\u012bvu siltuma izmanto\u0161anu. Zemo invest\u012bciju un papildu izmaksu d\u0113\u013c elektrisk\u0101 gr\u012bdas apsilde noteikti ir \u201cnaudas ieguld\u012b\u0161anas v\u0113rta\u201d.<\/p>\n<h2>DITRA-HEAT nodro\u0161ina:<\/h2>\n<ul>\n<li><strong>Atdal\u012b\u0161anu (spriegumu kompens\u0101ciju)<br \/>\n<\/strong>DITRA-HEAT atdala segumu no pamatnes un t\u0101d\u0113j\u0101di neitraliz\u0113 spriegumu starp pamatni un fl\u012b\u017eu segumu, kas var rasties da\u017e\u0101du formas izmai\u0146u d\u0113\u013c. Bez tam sprieguma rad\u012bt\u0101s plaisas pamatn\u0113 tiek p\u0101rkl\u0101tas un t\u0101s netiek tie\u0161i aizvad\u012btas uz fl\u012b\u017eu segumu.<\/li>\n<li><strong>Hidroizol\u0101cija<br \/>\n<\/strong>DITRA-HEAT ir ar relat\u012bvi augstu \u016bdens tvaiku dif\u016bzijas bl\u012bvumu. Pareizi iestr\u0101d\u0101jot salaiduma p\u0101rkl\u0101jumus, k\u0101 ar\u012b pie sienas pievadiem un salaiduma viet\u0101s ar cit\u0101m b\u016bvda\u013c\u0101m, saska\u0146\u0101 ar Eiropas tehnisk\u0101 standarta ETAG 022 \u201eBl\u012bv\u0113jumi sien\u0101m un gr\u012bd\u0101m mitr\u0101s telp\u0101s\u201c 2. da\u013cu \u201eBl\u012bv\u0113juma joslas\u201c.<\/li>\n<li><strong>Slodzes sadal\u012bjums<br \/>\n<\/strong>DITRA-HEAT novada kust\u012bbas slodzi, kas izdar\u012bta uz fl\u012b\u017eu segumu ar l\u012bmi aizpild\u012bto kvadr\u0101tisko padzi\u013cin\u0101jumu apak\u0161u tie\u0161i pamatn\u0113. L\u012bdz ar to fl\u012b\u017eu segums, kas kl\u0101ts uz DITRA-HEAT, atbilsto\u0161i iztur \u013coti lielas slodzes. Stipras noslodzes zon\u0101s, fl\u012bz\u0113m uz pilnas virsmas piln\u012bgi j\u0101piegu\u013c virsmai. J\u0101iev\u0113ro DITRA-HEAT kontakta virsma aiz\u0146em apm\u0113ram 50% no kop\u0113j\u0101s virsmas. Tas nodro\u0161ina atbilsto\u0161u spiediena pretest\u012bbas samazin\u0101\u0161anos augstas punkta slodzes gad\u012bjumos.<\/li>\n<li><strong>Sa\u0137eres rad\u012b\u0161ana<br \/>\n<\/strong>DITRA-HEAT nostiprinot ar l\u012bmi pie pamatnes, un meh\u0101niski iespie\u017eot l\u012bmi iegrieztajos padzi\u013cin\u0101jumos, nodro\u0161ina labu sa\u0137eres k\u0101rtu starp fl\u012b\u017eu segumu un pamatni. DITRA var izmantot sien\u0101m un gr\u012bd\u0101m.<\/li>\n<\/ul>\n<p>Ja dom\u0101jat, ka elektrisk\u0101s apkures gr\u012bdas un sienas ir par d\u0101rgu, par\u0113\u0137iniet savus ieguld\u012bjumus ar DITRA-HEAT-E. Sist\u0113mas \u0101tra un prec\u012bza laika un temperat\u016bras kontrole pat\u012bkami sild\u012bs J\u016bsu p\u0113das, nevis iz\u017e\u0101v\u0113s J\u016bsu maku! Iekl\u0101jot atdalo\u0161u pakl\u0101ju ar elektrisk\u0101s apkures kabe\u013ca mont\u0101\u017eas iesp\u0113j\u0101m, J\u016bs ietaupiet b\u016bvniec\u012bbas laiku.<br \/>\nIzgatavota no polipropil\u0113na loksn\u0113m ar virspus\u0113 speci\u0101li veidotu izci\u013c\u0146u strukt\u016bru un apak\u0161\u0113j\u0101 da\u013c\u0101 r\u016bpnieciski nostiprin\u0101tu audumu k\u0101rtu sa\u0137erei ar pl\u0101nas k\u0101rtas l\u012bmi. T\u0101 ir univers\u0101la pamatne fl\u012b\u017eu l\u012bm\u0113\u0161anai ar atdal\u012b\u0161anas (spriegumu kompens\u0101cijas), hidroizol\u0101cijas un \u016bdens tvaika spiediena regul\u0113\u0161anas funkcij\u0101m un taj\u0101 paredz\u0113ta vieta elektrisko kabe\u013cu mont\u0101\u017eai komforta gr\u012bdas un sienas apkurei. Izmantojama ar\u012b virs \u016bdens apkures silt\u0101s gr\u012bdas.<\/p>\n<p>Atbilst Eiropas tehniskajam standartam ETAG 022 \u201eBl\u012bv\u0113jumi sien\u0101m un gr\u012bd\u0101m mitr\u0101s telp\u0101s\u201c 2. da\u013cu \u201eBl\u012bv\u0113juma joslas\u201c.<\/p>\n<p>Hidroizol\u0101cijas ier\u012bko\u0161anai iek\u0161telp\u0101s atbilsto\u0161i DIN 18534:<br \/>\nGr\u012bd\u0101m un sien\u0101m ar \u016bdens slodzes klas\u0113m W0-I, W1-I, W2-I un W3-I.<\/p>\n<p>DITRA-HEAT ir piem\u0113rots lieto\u0161anai mitruma iedarb\u012bbas klas\u0113 A, B un C (DIBt) B\u016bvnoteikumu A saraksta 2. da\u013cas Nr. 1.10 un B l\u012bdz B0 klas\u0113 saska\u0146\u0101 ar ZDF bro\u0161\u016bru \u201cHidroizol\u0101cijas kontakt\u0101 ar pamatni\u201d.<\/p>\n<h5>Hidroizol\u0101cijas ier\u012bko\u0161anai saska\u0146\u0101 ar saska\u0146oto Eiropas standartu ETAG 022-1<\/h5>\n<p>Ar \u201eCE\u201d atbilst\u012bbas z\u012bmi mar\u0137\u0113tus bl\u012bv\u0113jumus saska\u0146\u0101 ar Eiropas tehnisko at\u013cauju (ETA), kas izsniegta uz Eiropas Tehnisko at\u013cauju direkt\u012bvas ETAG 022 1., 2. un 3. da\u013cas pamata. \u0160\u012bs hidroizol\u0101cijas dr\u012bkst lietot telp\u0101s, kur\u0101s sagaid\u0101ma pastiprin\u0101ta zem spiediena neeso\u0161a \u016bdens iedarb\u012bba (iedarb\u012bbas klase A). Tas attiecas uz tie\u0161ai iedarb\u012bbai pak\u013caut\u0101m sienu un gr\u012bdu virsm\u0101m telp\u0101s, kur\u0101s bie\u017ei vai ilgi tiek veiktas darb\u012bbas ar lieto\u0161anas vai mazg\u0101\u0161anas \u016bdeni. \u0160\u0101das telpas piem\u0113ram ir peldbaseinu un du\u0161u pal\u012bgtelp\u0101s sabiedrisk\u0101s un priv\u0101t\u0101s \u0113k\u0101s.<\/p>\n<p>Ar tie\u0161ai iedarb\u012bbai pak\u013caut\u0101m zon\u0101m j\u0101saprot gr\u012bdu vai sienu virsmas, kas saska\u0146\u0101 ar pl\u0101nu tiek pak\u013cautas tie\u0161ai \u016bdens iedarb\u012bbai. \u016adens tiek novad\u012bts caur noteku (gr\u012bdas noteku, vannas vai du\u0161as noteku). Netie\u0161ai iedarb\u012bbai pak\u013cautas gr\u012bdas virsmas, kur\u0101s ir iestr\u0101d\u0101tas gr\u012bdas notekas, tiek uzskat\u012btas par tie\u0161ai iedarb\u012bbai pak\u013caut\u0101m virsm\u0101m.<br \/>\nPamatnes virsmas, ko izmanto iedarb\u012bbas klases A bl\u012bv\u0113jumiem, dr\u012bkst sast\u0101v\u0113t tikai no t\u0101diem b\u016bvmateri\u0101liem, kas nav j\u016bt\u012bgi pret mitrumu. T\u0101diem ir pieskait\u0101mas b\u016bvdeta\u013cas no betona, nobl\u012bv\u0113jo\u0161s cementa apmetums, javas grupu P II un PIII apmetumi, m\u016bra konstrukcijas un \u0161\u016bnbetons.<\/p>\n","protected":false},"excerpt":{"rendered":"<p>DITRA-HEAT univers\u0101la membr\u0101na ar vietu elektrisko apsildes kabe\u013cu mont\u0101\u017eai Elektrisk\u0101s silt\u0101s gr\u012bdas pakl\u0101js DITRA-HEAT ir \u013coti viegli un \u0101tri iekl\u0101jama.<\/p>\n","protected":false},"featured_media":38276,"template":"","meta":{"_acf_changed":false},"product_cat":[5316],"product_tag":[],"class_list":{"0":"post-38275","1":"product","2":"type-product","3":"status-publish","4":"has-post-thumbnail","6":"product_cat-atdalosie-paklaji","8":"first","9":"instock","10":"taxable","11":"shipping-taxable","12":"purchasable","13":"product-type-simple"},"acf":[],"yoast_head":"<!-- This site is optimized with the Yoast SEO plugin v24.2 - https:\/\/yoast.com\/wordpress\/plugins\/seo\/ -->\n<title>DITRA-HEAT univers\u0101la membr\u0101na ar vietu elektrisko apsildes kabe\u013cu mont\u0101\u017eai &#8226; Vides Tehnika<\/title>\n<meta name=\"robots\" content=\"index, follow, max-snippet:-1, max-image-preview:large, max-video-preview:-1\" \/>\n<link rel=\"canonical\" href=\"https:\/\/videstehnika.lv\/en\/katalogs\/buvmateriali-buvei-remontam-un-ieksdarbiem\/atdalosie-paklaji\/elektriskas-siltas-gridas-paklajs-ditra-heat\/\" \/>\n<meta property=\"og:locale\" content=\"en_US\" \/>\n<meta property=\"og:type\" content=\"article\" \/>\n<meta property=\"og:title\" content=\"DITRA-HEAT univers\u0101la membr\u0101na ar vietu elektrisko apsildes kabe\u013cu mont\u0101\u017eai &#8226; Vides Tehnika\" \/>\n<meta property=\"og:description\" content=\"DITRA-HEAT univers\u0101la membr\u0101na ar vietu elektrisko apsildes kabe\u013cu mont\u0101\u017eai Elektrisk\u0101s silt\u0101s gr\u012bdas pakl\u0101js DITRA-HEAT ir \u013coti viegli un \u0101tri iekl\u0101jama.\" \/>\n<meta property=\"og:url\" content=\"https:\/\/videstehnika.lv\/katalogs\/buvmateriali-buvei-remontam-un-ieksdarbiem\/atdalosie-paklaji\/elektriskas-siltas-gridas-paklajs-ditra-heat\/\" \/>\n<meta property=\"og:site_name\" content=\"Vides Tehnika\" \/>\n<meta property=\"article:modified_time\" content=\"2026-01-13T13:53:03+00:00\" \/>\n<meta property=\"og:image\" content=\"https:\/\/videstehnika.lv\/wp-content\/uploads\/2024\/08\/Apkures-atdalisanas-un-hidroizolacijas-membrana-Schluter-DITRA-HEAT_2.jpg\" \/>\n\t<meta property=\"og:image:width\" content=\"1024\" \/>\n\t<meta property=\"og:image:height\" content=\"683\" \/>\n\t<meta property=\"og:image:type\" content=\"image\/jpeg\" \/>\n<meta name=\"twitter:card\" content=\"summary_large_image\" \/>\n<meta name=\"twitter:label1\" content=\"Est. reading time\" \/>\n\t<meta name=\"twitter:data1\" content=\"5 minutes\" \/>\n<script type=\"application\/ld+json\" class=\"yoast-schema-graph\">{\"@context\":\"https:\/\/schema.org\",\"@graph\":[{\"@type\":\"WebPage\",\"@id\":\"https:\/\/videstehnika.lv\/katalogs\/buvmateriali-buvei-remontam-un-ieksdarbiem\/atdalosie-paklaji\/elektriskas-siltas-gridas-paklajs-ditra-heat\/\",\"url\":\"https:\/\/videstehnika.lv\/katalogs\/buvmateriali-buvei-remontam-un-ieksdarbiem\/atdalosie-paklaji\/elektriskas-siltas-gridas-paklajs-ditra-heat\/\",\"name\":\"DITRA-HEAT univers\u0101la membr\u0101na ar vietu elektrisko apsildes kabe\u013cu mont\u0101\u017eai &#8226; Vides Tehnika\",\"isPartOf\":{\"@id\":\"https:\/\/videstehnika.lv\/en\/#website\"},\"primaryImageOfPage\":{\"@id\":\"https:\/\/videstehnika.lv\/katalogs\/buvmateriali-buvei-remontam-un-ieksdarbiem\/atdalosie-paklaji\/elektriskas-siltas-gridas-paklajs-ditra-heat\/#primaryimage\"},\"image\":{\"@id\":\"https:\/\/videstehnika.lv\/katalogs\/buvmateriali-buvei-remontam-un-ieksdarbiem\/atdalosie-paklaji\/elektriskas-siltas-gridas-paklajs-ditra-heat\/#primaryimage\"},\"thumbnailUrl\":\"https:\/\/videstehnika.lv\/wp-content\/uploads\/2024\/08\/Apkures-atdalisanas-un-hidroizolacijas-membrana-Schluter-DITRA-HEAT_2.jpg\",\"datePublished\":\"2024-08-05T10:08:59+00:00\",\"dateModified\":\"2026-01-13T13:53:03+00:00\",\"breadcrumb\":{\"@id\":\"https:\/\/videstehnika.lv\/katalogs\/buvmateriali-buvei-remontam-un-ieksdarbiem\/atdalosie-paklaji\/elektriskas-siltas-gridas-paklajs-ditra-heat\/#breadcrumb\"},\"inLanguage\":\"en-US\",\"potentialAction\":[{\"@type\":\"ReadAction\",\"target\":[\"https:\/\/videstehnika.lv\/katalogs\/buvmateriali-buvei-remontam-un-ieksdarbiem\/atdalosie-paklaji\/elektriskas-siltas-gridas-paklajs-ditra-heat\/\"]}]},{\"@type\":\"ImageObject\",\"inLanguage\":\"en-US\",\"@id\":\"https:\/\/videstehnika.lv\/katalogs\/buvmateriali-buvei-remontam-un-ieksdarbiem\/atdalosie-paklaji\/elektriskas-siltas-gridas-paklajs-ditra-heat\/#primaryimage\",\"url\":\"https:\/\/videstehnika.lv\/wp-content\/uploads\/2024\/08\/Apkures-atdalisanas-un-hidroizolacijas-membrana-Schluter-DITRA-HEAT_2.jpg\",\"contentUrl\":\"https:\/\/videstehnika.lv\/wp-content\/uploads\/2024\/08\/Apkures-atdalisanas-un-hidroizolacijas-membrana-Schluter-DITRA-HEAT_2.jpg\",\"width\":1024,\"height\":683},{\"@type\":\"BreadcrumbList\",\"@id\":\"https:\/\/videstehnika.lv\/katalogs\/buvmateriali-buvei-remontam-un-ieksdarbiem\/atdalosie-paklaji\/elektriskas-siltas-gridas-paklajs-ditra-heat\/#breadcrumb\",\"itemListElement\":[{\"@type\":\"ListItem\",\"position\":1,\"name\":\"Home\",\"item\":\"https:\/\/videstehnika.lv\/en\/\"},{\"@type\":\"ListItem\",\"position\":2,\"name\":\"Katalogs\",\"item\":\"https:\/\/videstehnika.lv\/en\/katalogs\/\"},{\"@type\":\"ListItem\",\"position\":3,\"name\":\"DITRA-HEAT univers\u0101la membr\u0101na ar vietu elektrisko apsildes kabe\u013cu mont\u0101\u017eai\"}]},{\"@type\":\"WebSite\",\"@id\":\"https:\/\/videstehnika.lv\/en\/#website\",\"url\":\"https:\/\/videstehnika.lv\/en\/\",\"name\":\"Vides Tehnika\",\"description\":\"\",\"potentialAction\":[{\"@type\":\"SearchAction\",\"target\":{\"@type\":\"EntryPoint\",\"urlTemplate\":\"https:\/\/videstehnika.lv\/en\/?s={search_term_string}\"},\"query-input\":{\"@type\":\"PropertyValueSpecification\",\"valueRequired\":true,\"valueName\":\"search_term_string\"}}],\"inLanguage\":\"en-US\"}]}<\/script>\n<!-- \/ Yoast SEO plugin. -->","yoast_head_json":{"title":"DITRA-HEAT univers\u0101la membr\u0101na ar vietu elektrisko apsildes kabe\u013cu mont\u0101\u017eai &#8226; Vides Tehnika","robots":{"index":"index","follow":"follow","max-snippet":"max-snippet:-1","max-image-preview":"max-image-preview:large","max-video-preview":"max-video-preview:-1"},"canonical":"https:\/\/videstehnika.lv\/en\/katalogs\/buvmateriali-buvei-remontam-un-ieksdarbiem\/atdalosie-paklaji\/elektriskas-siltas-gridas-paklajs-ditra-heat\/","og_locale":"en_US","og_type":"article","og_title":"DITRA-HEAT univers\u0101la membr\u0101na ar vietu elektrisko apsildes kabe\u013cu mont\u0101\u017eai &#8226; Vides Tehnika","og_description":"DITRA-HEAT univers\u0101la membr\u0101na ar vietu elektrisko apsildes kabe\u013cu mont\u0101\u017eai Elektrisk\u0101s silt\u0101s gr\u012bdas pakl\u0101js DITRA-HEAT ir \u013coti viegli un \u0101tri iekl\u0101jama.","og_url":"https:\/\/videstehnika.lv\/katalogs\/buvmateriali-buvei-remontam-un-ieksdarbiem\/atdalosie-paklaji\/elektriskas-siltas-gridas-paklajs-ditra-heat\/","og_site_name":"Vides Tehnika","article_modified_time":"2026-01-13T13:53:03+00:00","og_image":[{"width":1024,"height":683,"url":"https:\/\/videstehnika.lv\/wp-content\/uploads\/2024\/08\/Apkures-atdalisanas-un-hidroizolacijas-membrana-Schluter-DITRA-HEAT_2.jpg","type":"image\/jpeg"}],"twitter_card":"summary_large_image","twitter_misc":{"Est. reading time":"5 minutes"},"schema":{"@context":"https:\/\/schema.org","@graph":[{"@type":"WebPage","@id":"https:\/\/videstehnika.lv\/katalogs\/buvmateriali-buvei-remontam-un-ieksdarbiem\/atdalosie-paklaji\/elektriskas-siltas-gridas-paklajs-ditra-heat\/","url":"https:\/\/videstehnika.lv\/katalogs\/buvmateriali-buvei-remontam-un-ieksdarbiem\/atdalosie-paklaji\/elektriskas-siltas-gridas-paklajs-ditra-heat\/","name":"DITRA-HEAT univers\u0101la membr\u0101na ar vietu elektrisko apsildes kabe\u013cu mont\u0101\u017eai &#8226; Vides Tehnika","isPartOf":{"@id":"https:\/\/videstehnika.lv\/en\/#website"},"primaryImageOfPage":{"@id":"https:\/\/videstehnika.lv\/katalogs\/buvmateriali-buvei-remontam-un-ieksdarbiem\/atdalosie-paklaji\/elektriskas-siltas-gridas-paklajs-ditra-heat\/#primaryimage"},"image":{"@id":"https:\/\/videstehnika.lv\/katalogs\/buvmateriali-buvei-remontam-un-ieksdarbiem\/atdalosie-paklaji\/elektriskas-siltas-gridas-paklajs-ditra-heat\/#primaryimage"},"thumbnailUrl":"https:\/\/videstehnika.lv\/wp-content\/uploads\/2024\/08\/Apkures-atdalisanas-un-hidroizolacijas-membrana-Schluter-DITRA-HEAT_2.jpg","datePublished":"2024-08-05T10:08:59+00:00","dateModified":"2026-01-13T13:53:03+00:00","breadcrumb":{"@id":"https:\/\/videstehnika.lv\/katalogs\/buvmateriali-buvei-remontam-un-ieksdarbiem\/atdalosie-paklaji\/elektriskas-siltas-gridas-paklajs-ditra-heat\/#breadcrumb"},"inLanguage":"en-US","potentialAction":[{"@type":"ReadAction","target":["https:\/\/videstehnika.lv\/katalogs\/buvmateriali-buvei-remontam-un-ieksdarbiem\/atdalosie-paklaji\/elektriskas-siltas-gridas-paklajs-ditra-heat\/"]}]},{"@type":"ImageObject","inLanguage":"en-US","@id":"https:\/\/videstehnika.lv\/katalogs\/buvmateriali-buvei-remontam-un-ieksdarbiem\/atdalosie-paklaji\/elektriskas-siltas-gridas-paklajs-ditra-heat\/#primaryimage","url":"https:\/\/videstehnika.lv\/wp-content\/uploads\/2024\/08\/Apkures-atdalisanas-un-hidroizolacijas-membrana-Schluter-DITRA-HEAT_2.jpg","contentUrl":"https:\/\/videstehnika.lv\/wp-content\/uploads\/2024\/08\/Apkures-atdalisanas-un-hidroizolacijas-membrana-Schluter-DITRA-HEAT_2.jpg","width":1024,"height":683},{"@type":"BreadcrumbList","@id":"https:\/\/videstehnika.lv\/katalogs\/buvmateriali-buvei-remontam-un-ieksdarbiem\/atdalosie-paklaji\/elektriskas-siltas-gridas-paklajs-ditra-heat\/#breadcrumb","itemListElement":[{"@type":"ListItem","position":1,"name":"Home","item":"https:\/\/videstehnika.lv\/en\/"},{"@type":"ListItem","position":2,"name":"Katalogs","item":"https:\/\/videstehnika.lv\/en\/katalogs\/"},{"@type":"ListItem","position":3,"name":"DITRA-HEAT univers\u0101la membr\u0101na ar vietu elektrisko apsildes kabe\u013cu mont\u0101\u017eai"}]},{"@type":"WebSite","@id":"https:\/\/videstehnika.lv\/en\/#website","url":"https:\/\/videstehnika.lv\/en\/","name":"Vides Tehnika","description":"","potentialAction":[{"@type":"SearchAction","target":{"@type":"EntryPoint","urlTemplate":"https:\/\/videstehnika.lv\/en\/?s={search_term_string}"},"query-input":{"@type":"PropertyValueSpecification","valueRequired":true,"valueName":"search_term_string"}}],"inLanguage":"en-US"}]}},"_links":{"self":[{"href":"https:\/\/videstehnika.lv\/en\/wp-json\/wp\/v2\/product\/38275","targetHints":{"allow":["GET"]}}],"collection":[{"href":"https:\/\/videstehnika.lv\/en\/wp-json\/wp\/v2\/product"}],"about":[{"href":"https:\/\/videstehnika.lv\/en\/wp-json\/wp\/v2\/types\/product"}],"wp:featuredmedia":[{"embeddable":true,"href":"https:\/\/videstehnika.lv\/en\/wp-json\/wp\/v2\/media\/38276"}],"wp:attachment":[{"href":"https:\/\/videstehnika.lv\/en\/wp-json\/wp\/v2\/media?parent=38275"}],"wp:term":[{"taxonomy":"product_cat","embeddable":true,"href":"https:\/\/videstehnika.lv\/en\/wp-json\/wp\/v2\/product_cat?post=38275"},{"taxonomy":"product_tag","embeddable":true,"href":"https:\/\/videstehnika.lv\/en\/wp-json\/wp\/v2\/product_tag?post=38275"}],"curies":[{"name":"wp","href":"https:\/\/api.w.org\/{rel}","templated":true}]}}