{"id":53966,"date":"2025-03-26T12:28:53","date_gmt":"2025-03-26T10:28:53","guid":{"rendered":"https:\/\/videstehnika.lv\/?post_type=product&#038;p=53966"},"modified":"2025-03-26T12:56:11","modified_gmt":"2025-03-26T10:56:11","slug":"cementa-skiedru-plaksne-9x1220x2440-fc-101","status":"publish","type":"product","link":"https:\/\/videstehnika.lv\/katalogs\/fasades-apdare\/cementa-skiedru-plaksne-9x1220x2440-fc-101\/","title":{"rendered":"Cementa \u0161\u0137iedru pl\u0101ksne 9x1220x2440 (FC-101)"},"content":{"rendered":"<h4>Fiber-C\u00a0\u00a0Mas\u0101 ton\u0113tas \u0161\u0137iedru cementa pl\u0101ksnes ar mat\u0113tu virsmu un viegli izteikt\u0101m sl\u012bp\u0113juma l\u012bnij\u0101m.<\/h4>\n<h4>Standarta izm\u0113r\u0101 pieejamas 9 kr\u0101su to\u0146os.<\/h4>\n<p>Ilgm\u016b\u017e\u012bgas, \u013coti iztur\u012bgas pret ekstr\u0113m\u0101m temperat\u016br\u0101m, salu un laika apst\u0101k\u013ciem.<\/p>\n<p>Piln\u012bgi nedego\u0161as.<\/p>\n<p>Fiber-C pl\u0101ksn\u0113m pie\u0161\u0137irta augst\u0101k\u0101 A1 uguns reakcijas klase.<\/p>\n<p>Notur\u012bgas pret pel\u0113jumu, bakt\u0113rij\u0101m, insektiem un kait\u0113k\u013ciem.<\/p>\n<p>Notur\u012bgas pret daudz\u0101m \u0137\u012bmiskaj\u0101m viel\u0101m.<\/p>\n<p>Pl\u0101ksn\u0113m ir \u013coti labas ska\u0146as izol\u0101cijas \u012bpa\u0161\u012bbas, t\u0101s nodro\u0161ina klusu un pat\u012bkamu dz\u012bves vidi. Videi draudz\u012bgs materi\u0101ls: cements, miner\u0101lu pildvielas, celuloze un organisk\u0101s \u0161\u0137iedras.<\/p>\n<p>Ra\u017eo\u0161anas proces\u0101 tiek p\u0101rkl\u0101tas ar hidrofobu sl\u0101ni, k\u0101 rezult\u0101t\u0101 to virsma k\u013c\u016bst \u012bpa\u0161i iztur\u012bga pret mitrumu.<\/p>\n<p>Ir viegli grie\u017eamas gan liel\u0101kos, gan maz\u0101kos gabalos.<\/p>\n","protected":false},"excerpt":{"rendered":"<p>Fiber-C\u00a0\u00a0Mas\u0101 ton\u0113tas \u0161\u0137iedru cementa pl\u0101ksnes ar mat\u0113tu virsmu un viegli izteikt\u0101m sl\u012bp\u0113juma l\u012bnij\u0101m. Standarta izm\u0113r\u0101 pieejamas 9 kr\u0101su to\u0146os. Ilgm\u016b\u017e\u012bgas,<\/p>\n","protected":false},"featured_media":53967,"template":"","meta":{"_acf_changed":false},"product_cat":[5465,5492,5500],"product_tag":[],"class_list":{"0":"post-53966","1":"product","2":"type-product","3":"status-publish","4":"has-post-thumbnail","6":"product_cat-fasades-apdare","7":"product_cat-cementa-skiedru-plaksnes","8":"product_cat-fiberc","10":"first","11":"instock","12":"taxable","13":"shipping-taxable","14":"purchasable","15":"product-type-simple"},"acf":[],"yoast_head":"<!-- This site is optimized with the Yoast SEO plugin v24.2 - https:\/\/yoast.com\/wordpress\/plugins\/seo\/ -->\n<title>Cementa \u0161\u0137iedru pl\u0101ksne 9x1220x2440 (FC-101) &#8226; Vides Tehnika<\/title>\n<meta name=\"robots\" content=\"index, follow, max-snippet:-1, max-image-preview:large, max-video-preview:-1\" \/>\n<link rel=\"canonical\" href=\"https:\/\/videstehnika.lv\/en\/katalogs\/fasades-apdare\/cementa-skiedru-plaksne-9x1220x2440-fc-101\/\" \/>\n<meta property=\"og:locale\" content=\"en_US\" \/>\n<meta property=\"og:type\" content=\"article\" \/>\n<meta property=\"og:title\" content=\"Cementa \u0161\u0137iedru pl\u0101ksne 9x1220x2440 (FC-101) &#8226; Vides Tehnika\" \/>\n<meta property=\"og:description\" content=\"Fiber-C\u00a0\u00a0Mas\u0101 ton\u0113tas \u0161\u0137iedru cementa pl\u0101ksnes ar mat\u0113tu virsmu un viegli izteikt\u0101m sl\u012bp\u0113juma l\u012bnij\u0101m. Standarta izm\u0113r\u0101 pieejamas 9 kr\u0101su to\u0146os. Ilgm\u016b\u017e\u012bgas,\" \/>\n<meta property=\"og:url\" content=\"https:\/\/videstehnika.lv\/katalogs\/fasades-apdare\/cementa-skiedru-plaksne-9x1220x2440-fc-101\/\" \/>\n<meta property=\"og:site_name\" content=\"Vides Tehnika\" \/>\n<meta property=\"article:modified_time\" content=\"2025-03-26T10:56:11+00:00\" \/>\n<meta property=\"og:image\" content=\"https:\/\/videstehnika.lv\/wp-content\/uploads\/2025\/03\/fc-101.jpg\" \/>\n\t<meta property=\"og:image:width\" content=\"320\" \/>\n\t<meta property=\"og:image:height\" content=\"320\" \/>\n\t<meta property=\"og:image:type\" content=\"image\/jpeg\" \/>\n<meta name=\"twitter:card\" content=\"summary_large_image\" \/>\n<meta name=\"twitter:label1\" content=\"Est. reading time\" \/>\n\t<meta name=\"twitter:data1\" content=\"1 minute\" \/>\n<script type=\"application\/ld+json\" class=\"yoast-schema-graph\">{\"@context\":\"https:\/\/schema.org\",\"@graph\":[{\"@type\":\"WebPage\",\"@id\":\"https:\/\/videstehnika.lv\/katalogs\/fasades-apdare\/cementa-skiedru-plaksne-9x1220x2440-fc-101\/\",\"url\":\"https:\/\/videstehnika.lv\/katalogs\/fasades-apdare\/cementa-skiedru-plaksne-9x1220x2440-fc-101\/\",\"name\":\"Cementa \u0161\u0137iedru pl\u0101ksne 9x1220x2440 (FC-101) &#8226; Vides Tehnika\",\"isPartOf\":{\"@id\":\"https:\/\/videstehnika.lv\/en\/#website\"},\"primaryImageOfPage\":{\"@id\":\"https:\/\/videstehnika.lv\/katalogs\/fasades-apdare\/cementa-skiedru-plaksne-9x1220x2440-fc-101\/#primaryimage\"},\"image\":{\"@id\":\"https:\/\/videstehnika.lv\/katalogs\/fasades-apdare\/cementa-skiedru-plaksne-9x1220x2440-fc-101\/#primaryimage\"},\"thumbnailUrl\":\"https:\/\/videstehnika.lv\/wp-content\/uploads\/2025\/03\/fc-101.jpg\",\"datePublished\":\"2025-03-26T10:28:53+00:00\",\"dateModified\":\"2025-03-26T10:56:11+00:00\",\"breadcrumb\":{\"@id\":\"https:\/\/videstehnika.lv\/katalogs\/fasades-apdare\/cementa-skiedru-plaksne-9x1220x2440-fc-101\/#breadcrumb\"},\"inLanguage\":\"en-US\",\"potentialAction\":[{\"@type\":\"ReadAction\",\"target\":[\"https:\/\/videstehnika.lv\/katalogs\/fasades-apdare\/cementa-skiedru-plaksne-9x1220x2440-fc-101\/\"]}]},{\"@type\":\"ImageObject\",\"inLanguage\":\"en-US\",\"@id\":\"https:\/\/videstehnika.lv\/katalogs\/fasades-apdare\/cementa-skiedru-plaksne-9x1220x2440-fc-101\/#primaryimage\",\"url\":\"https:\/\/videstehnika.lv\/wp-content\/uploads\/2025\/03\/fc-101.jpg\",\"contentUrl\":\"https:\/\/videstehnika.lv\/wp-content\/uploads\/2025\/03\/fc-101.jpg\",\"width\":320,\"height\":320},{\"@type\":\"BreadcrumbList\",\"@id\":\"https:\/\/videstehnika.lv\/katalogs\/fasades-apdare\/cementa-skiedru-plaksne-9x1220x2440-fc-101\/#breadcrumb\",\"itemListElement\":[{\"@type\":\"ListItem\",\"position\":1,\"name\":\"Home\",\"item\":\"https:\/\/videstehnika.lv\/en\/\"},{\"@type\":\"ListItem\",\"position\":2,\"name\":\"Katalogs\",\"item\":\"https:\/\/videstehnika.lv\/en\/katalogs\/\"},{\"@type\":\"ListItem\",\"position\":3,\"name\":\"Cementa \u0161\u0137iedru pl\u0101ksne 9x1220x2440 (FC-101)\"}]},{\"@type\":\"WebSite\",\"@id\":\"https:\/\/videstehnika.lv\/en\/#website\",\"url\":\"https:\/\/videstehnika.lv\/en\/\",\"name\":\"Vides Tehnika\",\"description\":\"\",\"potentialAction\":[{\"@type\":\"SearchAction\",\"target\":{\"@type\":\"EntryPoint\",\"urlTemplate\":\"https:\/\/videstehnika.lv\/en\/?s={search_term_string}\"},\"query-input\":{\"@type\":\"PropertyValueSpecification\",\"valueRequired\":true,\"valueName\":\"search_term_string\"}}],\"inLanguage\":\"en-US\"}]}<\/script>\n<!-- \/ Yoast SEO plugin. -->","yoast_head_json":{"title":"Cementa \u0161\u0137iedru pl\u0101ksne 9x1220x2440 (FC-101) &#8226; Vides Tehnika","robots":{"index":"index","follow":"follow","max-snippet":"max-snippet:-1","max-image-preview":"max-image-preview:large","max-video-preview":"max-video-preview:-1"},"canonical":"https:\/\/videstehnika.lv\/en\/katalogs\/fasades-apdare\/cementa-skiedru-plaksne-9x1220x2440-fc-101\/","og_locale":"en_US","og_type":"article","og_title":"Cementa \u0161\u0137iedru pl\u0101ksne 9x1220x2440 (FC-101) &#8226; Vides Tehnika","og_description":"Fiber-C\u00a0\u00a0Mas\u0101 ton\u0113tas \u0161\u0137iedru cementa pl\u0101ksnes ar mat\u0113tu virsmu un viegli izteikt\u0101m sl\u012bp\u0113juma l\u012bnij\u0101m. Standarta izm\u0113r\u0101 pieejamas 9 kr\u0101su to\u0146os. Ilgm\u016b\u017e\u012bgas,","og_url":"https:\/\/videstehnika.lv\/katalogs\/fasades-apdare\/cementa-skiedru-plaksne-9x1220x2440-fc-101\/","og_site_name":"Vides Tehnika","article_modified_time":"2025-03-26T10:56:11+00:00","og_image":[{"width":320,"height":320,"url":"https:\/\/videstehnika.lv\/wp-content\/uploads\/2025\/03\/fc-101.jpg","type":"image\/jpeg"}],"twitter_card":"summary_large_image","twitter_misc":{"Est. reading time":"1 minute"},"schema":{"@context":"https:\/\/schema.org","@graph":[{"@type":"WebPage","@id":"https:\/\/videstehnika.lv\/katalogs\/fasades-apdare\/cementa-skiedru-plaksne-9x1220x2440-fc-101\/","url":"https:\/\/videstehnika.lv\/katalogs\/fasades-apdare\/cementa-skiedru-plaksne-9x1220x2440-fc-101\/","name":"Cementa \u0161\u0137iedru pl\u0101ksne 9x1220x2440 (FC-101) &#8226; Vides Tehnika","isPartOf":{"@id":"https:\/\/videstehnika.lv\/en\/#website"},"primaryImageOfPage":{"@id":"https:\/\/videstehnika.lv\/katalogs\/fasades-apdare\/cementa-skiedru-plaksne-9x1220x2440-fc-101\/#primaryimage"},"image":{"@id":"https:\/\/videstehnika.lv\/katalogs\/fasades-apdare\/cementa-skiedru-plaksne-9x1220x2440-fc-101\/#primaryimage"},"thumbnailUrl":"https:\/\/videstehnika.lv\/wp-content\/uploads\/2025\/03\/fc-101.jpg","datePublished":"2025-03-26T10:28:53+00:00","dateModified":"2025-03-26T10:56:11+00:00","breadcrumb":{"@id":"https:\/\/videstehnika.lv\/katalogs\/fasades-apdare\/cementa-skiedru-plaksne-9x1220x2440-fc-101\/#breadcrumb"},"inLanguage":"en-US","potentialAction":[{"@type":"ReadAction","target":["https:\/\/videstehnika.lv\/katalogs\/fasades-apdare\/cementa-skiedru-plaksne-9x1220x2440-fc-101\/"]}]},{"@type":"ImageObject","inLanguage":"en-US","@id":"https:\/\/videstehnika.lv\/katalogs\/fasades-apdare\/cementa-skiedru-plaksne-9x1220x2440-fc-101\/#primaryimage","url":"https:\/\/videstehnika.lv\/wp-content\/uploads\/2025\/03\/fc-101.jpg","contentUrl":"https:\/\/videstehnika.lv\/wp-content\/uploads\/2025\/03\/fc-101.jpg","width":320,"height":320},{"@type":"BreadcrumbList","@id":"https:\/\/videstehnika.lv\/katalogs\/fasades-apdare\/cementa-skiedru-plaksne-9x1220x2440-fc-101\/#breadcrumb","itemListElement":[{"@type":"ListItem","position":1,"name":"Home","item":"https:\/\/videstehnika.lv\/en\/"},{"@type":"ListItem","position":2,"name":"Katalogs","item":"https:\/\/videstehnika.lv\/en\/katalogs\/"},{"@type":"ListItem","position":3,"name":"Cementa \u0161\u0137iedru pl\u0101ksne 9x1220x2440 (FC-101)"}]},{"@type":"WebSite","@id":"https:\/\/videstehnika.lv\/en\/#website","url":"https:\/\/videstehnika.lv\/en\/","name":"Vides Tehnika","description":"","potentialAction":[{"@type":"SearchAction","target":{"@type":"EntryPoint","urlTemplate":"https:\/\/videstehnika.lv\/en\/?s={search_term_string}"},"query-input":{"@type":"PropertyValueSpecification","valueRequired":true,"valueName":"search_term_string"}}],"inLanguage":"en-US"}]}},"_links":{"self":[{"href":"https:\/\/videstehnika.lv\/en\/wp-json\/wp\/v2\/product\/53966","targetHints":{"allow":["GET"]}}],"collection":[{"href":"https:\/\/videstehnika.lv\/en\/wp-json\/wp\/v2\/product"}],"about":[{"href":"https:\/\/videstehnika.lv\/en\/wp-json\/wp\/v2\/types\/product"}],"wp:featuredmedia":[{"embeddable":true,"href":"https:\/\/videstehnika.lv\/en\/wp-json\/wp\/v2\/media\/53967"}],"wp:attachment":[{"href":"https:\/\/videstehnika.lv\/en\/wp-json\/wp\/v2\/media?parent=53966"}],"wp:term":[{"taxonomy":"product_cat","embeddable":true,"href":"https:\/\/videstehnika.lv\/en\/wp-json\/wp\/v2\/product_cat?post=53966"},{"taxonomy":"product_tag","embeddable":true,"href":"https:\/\/videstehnika.lv\/en\/wp-json\/wp\/v2\/product_tag?post=53966"}],"curies":[{"name":"wp","href":"https:\/\/api.w.org\/{rel}","templated":true}]}}