{"id":6122,"date":"2020-07-03T17:45:19","date_gmt":"2020-09-15T11:11:23","guid":{"rendered":"https:\/\/videstehnika.lv\/?post_type=product&#038;p=6122"},"modified":"2024-07-04T08:46:36","modified_gmt":"2024-07-04T05:46:36","slug":"loose-mineral-wool-paroc-blt9-15kg","status":"publish","type":"product","link":"https:\/\/videstehnika.lv\/en\/catalog\/ecological-insulation-materials\/loose-mineral-wool-paroc-blt9-15kg\/","title":{"rendered":"Loose mineral wool PAROC BLT9, 15kg"},"content":{"rendered":"<h2>Loose stone wool &#8220;PAROC&#8221;<\/h2>\n<p>&#8220;PAROC BLT9&#8221; is a non-combustible thermal stone wool insulation for attics, new and existing buildings. PAROC stone wool products are able to withstand high temperatures. The binder begins to evaporate when the temperature exceeds about 200 \u00b0 C. The thermal insulation properties remain the same, but the compressive strength decreases. The softening temperature for stone wool products is more than 1000 \u00b0 C.<\/p>\n<h2>Application of loose stone wool<\/h2>\n<ul>\n<li>Attic coverings;<\/li>\n<li>For new and existing buildings.<\/li>\n<\/ul>\n<p>With \u201cPAROC BLT9\u201d bulk rock wool, it is easy to heat insulate in hard-to-reach places. This loose stone wool forms a continuous layer of thermal insulation. The thermal insulation of stone wool is dry, it does not settle and does not shrink. It is recommended to apply mechanically with the help of a blowing device.<\/p>\n","protected":false},"excerpt":{"rendered":"<p>The price is indicated for a bag<\/p>\n","protected":false},"featured_media":3415,"template":"","meta":{"_acf_changed":false},"product_cat":[479,482],"product_tag":[],"class_list":{"0":"post-6122","1":"product","2":"type-product","3":"status-publish","4":"has-post-thumbnail","6":"product_cat-ecological-insulation-materials","7":"product_cat-loose-wool-for-structural-insulation","9":"first","10":"instock","11":"taxable","12":"shipping-taxable","13":"purchasable","14":"product-type-simple"},"acf":[],"yoast_head":"<!-- This site is optimized with the Yoast SEO plugin v24.2 - https:\/\/yoast.com\/wordpress\/plugins\/seo\/ -->\n<title>Loose mineral wool PAROC BLT9, 15kg &#8226; Vides Tehnika<\/title>\n<meta name=\"description\" content=\"PAROC BLT9 is a non-flammable loose mineral wool thermal insulation for attic floors in new and existing buildings.\" \/>\n<meta name=\"robots\" content=\"index, follow, max-snippet:-1, max-image-preview:large, max-video-preview:-1\" \/>\n<link rel=\"canonical\" href=\"https:\/\/videstehnika.lv\/en\/catalog\/ecological-insulation-materials\/loose-mineral-wool-paroc-blt9-15kg\/\" \/>\n<meta property=\"og:locale\" content=\"en_US\" \/>\n<meta property=\"og:type\" content=\"article\" \/>\n<meta property=\"og:title\" content=\"Loose mineral wool PAROC BLT9, 15kg &#8226; Vides Tehnika\" \/>\n<meta property=\"og:description\" content=\"PAROC BLT9 is a non-flammable loose mineral wool thermal insulation for attic floors in new and existing buildings.\" \/>\n<meta property=\"og:url\" content=\"https:\/\/videstehnika.lv\/en\/catalog\/ecological-insulation-materials\/loose-mineral-wool-paroc-blt9-15kg\/\" \/>\n<meta property=\"og:site_name\" content=\"Vides Tehnika\" \/>\n<meta property=\"article:modified_time\" content=\"2024-07-04T05:46:36+00:00\" \/>\n<meta property=\"og:image\" content=\"https:\/\/videstehnika.lv\/wp-content\/uploads\/2020\/07\/vides-tehnika-paroc-blt-9.jpg\" \/>\n\t<meta property=\"og:image:width\" content=\"900\" \/>\n\t<meta property=\"og:image:height\" content=\"900\" \/>\n\t<meta property=\"og:image:type\" content=\"image\/jpeg\" \/>\n<meta name=\"twitter:card\" content=\"summary_large_image\" \/>\n<meta name=\"twitter:label1\" content=\"Est. reading time\" \/>\n\t<meta name=\"twitter:data1\" content=\"1 minute\" \/>\n<script type=\"application\/ld+json\" class=\"yoast-schema-graph\">{\"@context\":\"https:\/\/schema.org\",\"@graph\":[{\"@type\":\"WebPage\",\"@id\":\"https:\/\/videstehnika.lv\/en\/catalog\/ecological-insulation-materials\/loose-mineral-wool-paroc-blt9-15kg\/\",\"url\":\"https:\/\/videstehnika.lv\/en\/catalog\/ecological-insulation-materials\/loose-mineral-wool-paroc-blt9-15kg\/\",\"name\":\"Loose mineral wool PAROC BLT9, 15kg &#8226; Vides Tehnika\",\"isPartOf\":{\"@id\":\"https:\/\/videstehnika.lv\/en\/#website\"},\"primaryImageOfPage\":{\"@id\":\"https:\/\/videstehnika.lv\/en\/catalog\/ecological-insulation-materials\/loose-mineral-wool-paroc-blt9-15kg\/#primaryimage\"},\"image\":{\"@id\":\"https:\/\/videstehnika.lv\/en\/catalog\/ecological-insulation-materials\/loose-mineral-wool-paroc-blt9-15kg\/#primaryimage\"},\"thumbnailUrl\":\"https:\/\/videstehnika.lv\/wp-content\/uploads\/2020\/07\/vides-tehnika-paroc-blt-9.jpg\",\"datePublished\":\"2020-09-15T11:11:23+00:00\",\"dateModified\":\"2024-07-04T05:46:36+00:00\",\"description\":\"PAROC BLT9 is a non-flammable loose mineral wool thermal insulation for attic floors in new and existing buildings.\",\"breadcrumb\":{\"@id\":\"https:\/\/videstehnika.lv\/en\/catalog\/ecological-insulation-materials\/loose-mineral-wool-paroc-blt9-15kg\/#breadcrumb\"},\"inLanguage\":\"en-US\",\"potentialAction\":[{\"@type\":\"ReadAction\",\"target\":[\"https:\/\/videstehnika.lv\/en\/catalog\/ecological-insulation-materials\/loose-mineral-wool-paroc-blt9-15kg\/\"]}]},{\"@type\":\"ImageObject\",\"inLanguage\":\"en-US\",\"@id\":\"https:\/\/videstehnika.lv\/en\/catalog\/ecological-insulation-materials\/loose-mineral-wool-paroc-blt9-15kg\/#primaryimage\",\"url\":\"https:\/\/videstehnika.lv\/wp-content\/uploads\/2020\/07\/vides-tehnika-paroc-blt-9.jpg\",\"contentUrl\":\"https:\/\/videstehnika.lv\/wp-content\/uploads\/2020\/07\/vides-tehnika-paroc-blt-9.jpg\",\"width\":900,\"height\":900,\"caption\":\"PAROC BLT9 ir nedego\u0161a beram\u0101s akmens vates siltumizol\u0101cija b\u0113ni\u0146u p\u0101rsegumiem jaun\u0101m un eso\u0161\u0101m \u0113k\u0101m\"},{\"@type\":\"BreadcrumbList\",\"@id\":\"https:\/\/videstehnika.lv\/en\/catalog\/ecological-insulation-materials\/loose-mineral-wool-paroc-blt9-15kg\/#breadcrumb\",\"itemListElement\":[{\"@type\":\"ListItem\",\"position\":1,\"name\":\"Home\",\"item\":\"https:\/\/videstehnika.lv\/en\/\"},{\"@type\":\"ListItem\",\"position\":2,\"name\":\"Katalogs\",\"item\":\"https:\/\/videstehnika.lv\/en\/katalogs\/\"},{\"@type\":\"ListItem\",\"position\":3,\"name\":\"Loose mineral wool PAROC BLT9, 15kg\"}]},{\"@type\":\"WebSite\",\"@id\":\"https:\/\/videstehnika.lv\/en\/#website\",\"url\":\"https:\/\/videstehnika.lv\/en\/\",\"name\":\"Vides Tehnika\",\"description\":\"\",\"potentialAction\":[{\"@type\":\"SearchAction\",\"target\":{\"@type\":\"EntryPoint\",\"urlTemplate\":\"https:\/\/videstehnika.lv\/en\/?s={search_term_string}\"},\"query-input\":{\"@type\":\"PropertyValueSpecification\",\"valueRequired\":true,\"valueName\":\"search_term_string\"}}],\"inLanguage\":\"en-US\"}]}<\/script>\n<!-- \/ Yoast SEO plugin. -->","yoast_head_json":{"title":"Loose mineral wool PAROC BLT9, 15kg &#8226; Vides Tehnika","description":"PAROC BLT9 is a non-flammable loose mineral wool thermal insulation for attic floors in new and existing buildings.","robots":{"index":"index","follow":"follow","max-snippet":"max-snippet:-1","max-image-preview":"max-image-preview:large","max-video-preview":"max-video-preview:-1"},"canonical":"https:\/\/videstehnika.lv\/en\/catalog\/ecological-insulation-materials\/loose-mineral-wool-paroc-blt9-15kg\/","og_locale":"en_US","og_type":"article","og_title":"Loose mineral wool PAROC BLT9, 15kg &#8226; Vides Tehnika","og_description":"PAROC BLT9 is a non-flammable loose mineral wool thermal insulation for attic floors in new and existing buildings.","og_url":"https:\/\/videstehnika.lv\/en\/catalog\/ecological-insulation-materials\/loose-mineral-wool-paroc-blt9-15kg\/","og_site_name":"Vides Tehnika","article_modified_time":"2024-07-04T05:46:36+00:00","og_image":[{"width":900,"height":900,"url":"https:\/\/videstehnika.lv\/wp-content\/uploads\/2020\/07\/vides-tehnika-paroc-blt-9.jpg","type":"image\/jpeg"}],"twitter_card":"summary_large_image","twitter_misc":{"Est. reading time":"1 minute"},"schema":{"@context":"https:\/\/schema.org","@graph":[{"@type":"WebPage","@id":"https:\/\/videstehnika.lv\/en\/catalog\/ecological-insulation-materials\/loose-mineral-wool-paroc-blt9-15kg\/","url":"https:\/\/videstehnika.lv\/en\/catalog\/ecological-insulation-materials\/loose-mineral-wool-paroc-blt9-15kg\/","name":"Loose mineral wool PAROC BLT9, 15kg &#8226; Vides Tehnika","isPartOf":{"@id":"https:\/\/videstehnika.lv\/en\/#website"},"primaryImageOfPage":{"@id":"https:\/\/videstehnika.lv\/en\/catalog\/ecological-insulation-materials\/loose-mineral-wool-paroc-blt9-15kg\/#primaryimage"},"image":{"@id":"https:\/\/videstehnika.lv\/en\/catalog\/ecological-insulation-materials\/loose-mineral-wool-paroc-blt9-15kg\/#primaryimage"},"thumbnailUrl":"https:\/\/videstehnika.lv\/wp-content\/uploads\/2020\/07\/vides-tehnika-paroc-blt-9.jpg","datePublished":"2020-09-15T11:11:23+00:00","dateModified":"2024-07-04T05:46:36+00:00","description":"PAROC BLT9 is a non-flammable loose mineral wool thermal insulation for attic floors in new and existing buildings.","breadcrumb":{"@id":"https:\/\/videstehnika.lv\/en\/catalog\/ecological-insulation-materials\/loose-mineral-wool-paroc-blt9-15kg\/#breadcrumb"},"inLanguage":"en-US","potentialAction":[{"@type":"ReadAction","target":["https:\/\/videstehnika.lv\/en\/catalog\/ecological-insulation-materials\/loose-mineral-wool-paroc-blt9-15kg\/"]}]},{"@type":"ImageObject","inLanguage":"en-US","@id":"https:\/\/videstehnika.lv\/en\/catalog\/ecological-insulation-materials\/loose-mineral-wool-paroc-blt9-15kg\/#primaryimage","url":"https:\/\/videstehnika.lv\/wp-content\/uploads\/2020\/07\/vides-tehnika-paroc-blt-9.jpg","contentUrl":"https:\/\/videstehnika.lv\/wp-content\/uploads\/2020\/07\/vides-tehnika-paroc-blt-9.jpg","width":900,"height":900,"caption":"PAROC BLT9 ir nedego\u0161a beram\u0101s akmens vates siltumizol\u0101cija b\u0113ni\u0146u p\u0101rsegumiem jaun\u0101m un eso\u0161\u0101m \u0113k\u0101m"},{"@type":"BreadcrumbList","@id":"https:\/\/videstehnika.lv\/en\/catalog\/ecological-insulation-materials\/loose-mineral-wool-paroc-blt9-15kg\/#breadcrumb","itemListElement":[{"@type":"ListItem","position":1,"name":"Home","item":"https:\/\/videstehnika.lv\/en\/"},{"@type":"ListItem","position":2,"name":"Katalogs","item":"https:\/\/videstehnika.lv\/en\/katalogs\/"},{"@type":"ListItem","position":3,"name":"Loose mineral wool PAROC BLT9, 15kg"}]},{"@type":"WebSite","@id":"https:\/\/videstehnika.lv\/en\/#website","url":"https:\/\/videstehnika.lv\/en\/","name":"Vides Tehnika","description":"","potentialAction":[{"@type":"SearchAction","target":{"@type":"EntryPoint","urlTemplate":"https:\/\/videstehnika.lv\/en\/?s={search_term_string}"},"query-input":{"@type":"PropertyValueSpecification","valueRequired":true,"valueName":"search_term_string"}}],"inLanguage":"en-US"}]}},"_links":{"self":[{"href":"https:\/\/videstehnika.lv\/en\/wp-json\/wp\/v2\/product\/6122","targetHints":{"allow":["GET"]}}],"collection":[{"href":"https:\/\/videstehnika.lv\/en\/wp-json\/wp\/v2\/product"}],"about":[{"href":"https:\/\/videstehnika.lv\/en\/wp-json\/wp\/v2\/types\/product"}],"wp:featuredmedia":[{"embeddable":true,"href":"https:\/\/videstehnika.lv\/en\/wp-json\/wp\/v2\/media\/3415"}],"wp:attachment":[{"href":"https:\/\/videstehnika.lv\/en\/wp-json\/wp\/v2\/media?parent=6122"}],"wp:term":[{"taxonomy":"product_cat","embeddable":true,"href":"https:\/\/videstehnika.lv\/en\/wp-json\/wp\/v2\/product_cat?post=6122"},{"taxonomy":"product_tag","embeddable":true,"href":"https:\/\/videstehnika.lv\/en\/wp-json\/wp\/v2\/product_tag?post=6122"}],"curies":[{"name":"wp","href":"https:\/\/api.w.org\/{rel}","templated":true}]}}