{"id":62054,"date":"2025-06-03T15:54:03","date_gmt":"2025-06-03T12:54:03","guid":{"rendered":"https:\/\/videstehnika.lv\/?post_type=product&#038;p=62054"},"modified":"2026-01-27T14:48:25","modified_gmt":"2026-01-27T12:48:25","slug":"mitrumizturigs-regipsis-gipskartons-nida-water-siniat-gkbi","status":"publish","type":"product","link":"https:\/\/videstehnika.lv\/katalogs\/buvmateriali-buvei-remontam-un-ieksdarbiem\/mitrumizturigs-regipsis-gipskartons-nida-water-siniat-gkbi\/","title":{"rendered":"Mitrumiztur\u012bgs Re\u0123ipsis (\u0122ip\u0161kartons) NIDA water SINIAT (GKBI)"},"content":{"rendered":"<p>G\u0327ips\u030ckartona pla\u0304ksne, kas pieme\u0304rota izmantos\u030canai telpa\u0304s ar i\u0304slaici\u0304gu (li\u0304dz 10 stunda\u0304m) paaugstina\u0304tu relati\u0304vo gaisa mitrumu li\u0304dz 85%, pieme\u0304ram, vannas istaba\u0304s, virtuve\u0304s utt.<\/p>\n<p>Tai raksturi\u0304ga maza\u0304ka u\u0304dens uzsu\u0304ks\u030cana\u0304s \u2013 samitrina\u0304s\u030cana\u0304s maza\u0304ka par 10%.<\/p>\n","protected":false},"excerpt":{"rendered":"<p>G\u0327ips\u030ckartona pla\u0304ksne, kas pieme\u0304rota izmantos\u030canai telpa\u0304s ar i\u0304slaici\u0304gu (li\u0304dz 10 stunda\u0304m) paaugstina\u0304tu relati\u0304vo gaisa mitrumu li\u0304dz 85%, pieme\u0304ram, vannas istaba\u0304s,<\/p>\n","protected":false},"featured_media":62058,"template":"","meta":{"_acf_changed":false},"product_cat":[70,100],"product_tag":[],"class_list":{"0":"post-62054","1":"product","2":"type-product","3":"status-publish","4":"has-post-thumbnail","6":"product_cat-buvmateriali-buvei-remontam-un-ieksdarbiem","7":"product_cat-regipsis","9":"first","10":"instock","11":"taxable","12":"shipping-taxable","13":"purchasable","14":"product-type-variable"},"acf":[],"yoast_head":"<!-- This site is optimized with the Yoast SEO plugin v24.2 - https:\/\/yoast.com\/wordpress\/plugins\/seo\/ -->\n<title>Mitrumiztur\u012bgs Re\u0123ipsis (\u0122ip\u0161kartons) NIDA water SINIAT (GKBI) &#8226; Vides Tehnika<\/title>\n<meta name=\"robots\" content=\"index, follow, max-snippet:-1, max-image-preview:large, max-video-preview:-1\" \/>\n<link rel=\"canonical\" href=\"https:\/\/videstehnika.lv\/en\/katalogs\/buvmateriali-buvei-remontam-un-ieksdarbiem\/mitrumizturigs-regipsis-gipskartons-nida-water-siniat-gkbi\/\" \/>\n<meta property=\"og:locale\" content=\"en_US\" \/>\n<meta property=\"og:type\" content=\"article\" \/>\n<meta property=\"og:title\" content=\"Mitrumiztur\u012bgs Re\u0123ipsis (\u0122ip\u0161kartons) NIDA water SINIAT (GKBI) &#8226; Vides Tehnika\" \/>\n<meta property=\"og:description\" content=\"G\u0327ips\u030ckartona pla\u0304ksne, kas pieme\u0304rota izmantos\u030canai telpa\u0304s ar i\u0304slaici\u0304gu (li\u0304dz 10 stunda\u0304m) paaugstina\u0304tu relati\u0304vo gaisa mitrumu li\u0304dz 85%, pieme\u0304ram, vannas istaba\u0304s,\" \/>\n<meta property=\"og:url\" content=\"https:\/\/videstehnika.lv\/katalogs\/buvmateriali-buvei-remontam-un-ieksdarbiem\/mitrumizturigs-regipsis-gipskartons-nida-water-siniat-gkbi\/\" \/>\n<meta property=\"og:site_name\" content=\"Vides Tehnika\" \/>\n<meta property=\"article:modified_time\" content=\"2026-01-27T12:48:25+00:00\" \/>\n<meta property=\"og:image\" content=\"https:\/\/videstehnika.lv\/wp-content\/uploads\/2025\/06\/1636476923_daf3eeae9d3aeb5bdf9a2b9f86ba8bab.jpg\" \/>\n\t<meta property=\"og:image:width\" content=\"1000\" \/>\n\t<meta property=\"og:image:height\" content=\"532\" \/>\n\t<meta property=\"og:image:type\" content=\"image\/jpeg\" \/>\n<meta name=\"twitter:card\" content=\"summary_large_image\" \/>\n<meta name=\"twitter:label1\" content=\"Est. reading time\" \/>\n\t<meta name=\"twitter:data1\" content=\"1 minute\" \/>\n<script type=\"application\/ld+json\" class=\"yoast-schema-graph\">{\"@context\":\"https:\/\/schema.org\",\"@graph\":[{\"@type\":\"WebPage\",\"@id\":\"https:\/\/videstehnika.lv\/katalogs\/buvmateriali-buvei-remontam-un-ieksdarbiem\/mitrumizturigs-regipsis-gipskartons-nida-water-siniat-gkbi\/\",\"url\":\"https:\/\/videstehnika.lv\/katalogs\/buvmateriali-buvei-remontam-un-ieksdarbiem\/mitrumizturigs-regipsis-gipskartons-nida-water-siniat-gkbi\/\",\"name\":\"Mitrumiztur\u012bgs Re\u0123ipsis (\u0122ip\u0161kartons) NIDA water SINIAT (GKBI) &#8226; Vides Tehnika\",\"isPartOf\":{\"@id\":\"https:\/\/videstehnika.lv\/en\/#website\"},\"primaryImageOfPage\":{\"@id\":\"https:\/\/videstehnika.lv\/katalogs\/buvmateriali-buvei-remontam-un-ieksdarbiem\/mitrumizturigs-regipsis-gipskartons-nida-water-siniat-gkbi\/#primaryimage\"},\"image\":{\"@id\":\"https:\/\/videstehnika.lv\/katalogs\/buvmateriali-buvei-remontam-un-ieksdarbiem\/mitrumizturigs-regipsis-gipskartons-nida-water-siniat-gkbi\/#primaryimage\"},\"thumbnailUrl\":\"https:\/\/videstehnika.lv\/wp-content\/uploads\/2025\/06\/1636476923_daf3eeae9d3aeb5bdf9a2b9f86ba8bab.jpg\",\"datePublished\":\"2025-06-03T12:54:03+00:00\",\"dateModified\":\"2026-01-27T12:48:25+00:00\",\"breadcrumb\":{\"@id\":\"https:\/\/videstehnika.lv\/katalogs\/buvmateriali-buvei-remontam-un-ieksdarbiem\/mitrumizturigs-regipsis-gipskartons-nida-water-siniat-gkbi\/#breadcrumb\"},\"inLanguage\":\"en-US\",\"potentialAction\":[{\"@type\":\"ReadAction\",\"target\":[\"https:\/\/videstehnika.lv\/katalogs\/buvmateriali-buvei-remontam-un-ieksdarbiem\/mitrumizturigs-regipsis-gipskartons-nida-water-siniat-gkbi\/\"]}]},{\"@type\":\"ImageObject\",\"inLanguage\":\"en-US\",\"@id\":\"https:\/\/videstehnika.lv\/katalogs\/buvmateriali-buvei-remontam-un-ieksdarbiem\/mitrumizturigs-regipsis-gipskartons-nida-water-siniat-gkbi\/#primaryimage\",\"url\":\"https:\/\/videstehnika.lv\/wp-content\/uploads\/2025\/06\/1636476923_daf3eeae9d3aeb5bdf9a2b9f86ba8bab.jpg\",\"contentUrl\":\"https:\/\/videstehnika.lv\/wp-content\/uploads\/2025\/06\/1636476923_daf3eeae9d3aeb5bdf9a2b9f86ba8bab.jpg\",\"width\":1000,\"height\":532},{\"@type\":\"BreadcrumbList\",\"@id\":\"https:\/\/videstehnika.lv\/katalogs\/buvmateriali-buvei-remontam-un-ieksdarbiem\/mitrumizturigs-regipsis-gipskartons-nida-water-siniat-gkbi\/#breadcrumb\",\"itemListElement\":[{\"@type\":\"ListItem\",\"position\":1,\"name\":\"Home\",\"item\":\"https:\/\/videstehnika.lv\/en\/\"},{\"@type\":\"ListItem\",\"position\":2,\"name\":\"Katalogs\",\"item\":\"https:\/\/videstehnika.lv\/en\/katalogs\/\"},{\"@type\":\"ListItem\",\"position\":3,\"name\":\"Mitrumiztur\u012bgs Re\u0123ipsis (\u0122ip\u0161kartons) NIDA water SINIAT (GKBI)\"}]},{\"@type\":\"WebSite\",\"@id\":\"https:\/\/videstehnika.lv\/en\/#website\",\"url\":\"https:\/\/videstehnika.lv\/en\/\",\"name\":\"Vides Tehnika\",\"description\":\"\",\"potentialAction\":[{\"@type\":\"SearchAction\",\"target\":{\"@type\":\"EntryPoint\",\"urlTemplate\":\"https:\/\/videstehnika.lv\/en\/?s={search_term_string}\"},\"query-input\":{\"@type\":\"PropertyValueSpecification\",\"valueRequired\":true,\"valueName\":\"search_term_string\"}}],\"inLanguage\":\"en-US\"}]}<\/script>\n<!-- \/ Yoast SEO plugin. -->","yoast_head_json":{"title":"Mitrumiztur\u012bgs Re\u0123ipsis (\u0122ip\u0161kartons) NIDA water SINIAT (GKBI) &#8226; Vides Tehnika","robots":{"index":"index","follow":"follow","max-snippet":"max-snippet:-1","max-image-preview":"max-image-preview:large","max-video-preview":"max-video-preview:-1"},"canonical":"https:\/\/videstehnika.lv\/en\/katalogs\/buvmateriali-buvei-remontam-un-ieksdarbiem\/mitrumizturigs-regipsis-gipskartons-nida-water-siniat-gkbi\/","og_locale":"en_US","og_type":"article","og_title":"Mitrumiztur\u012bgs Re\u0123ipsis (\u0122ip\u0161kartons) NIDA water SINIAT (GKBI) &#8226; Vides Tehnika","og_description":"G\u0327ips\u030ckartona pla\u0304ksne, kas pieme\u0304rota izmantos\u030canai telpa\u0304s ar i\u0304slaici\u0304gu (li\u0304dz 10 stunda\u0304m) paaugstina\u0304tu relati\u0304vo gaisa mitrumu li\u0304dz 85%, pieme\u0304ram, vannas istaba\u0304s,","og_url":"https:\/\/videstehnika.lv\/katalogs\/buvmateriali-buvei-remontam-un-ieksdarbiem\/mitrumizturigs-regipsis-gipskartons-nida-water-siniat-gkbi\/","og_site_name":"Vides Tehnika","article_modified_time":"2026-01-27T12:48:25+00:00","og_image":[{"width":1000,"height":532,"url":"https:\/\/videstehnika.lv\/wp-content\/uploads\/2025\/06\/1636476923_daf3eeae9d3aeb5bdf9a2b9f86ba8bab.jpg","type":"image\/jpeg"}],"twitter_card":"summary_large_image","twitter_misc":{"Est. reading time":"1 minute"},"schema":{"@context":"https:\/\/schema.org","@graph":[{"@type":"WebPage","@id":"https:\/\/videstehnika.lv\/katalogs\/buvmateriali-buvei-remontam-un-ieksdarbiem\/mitrumizturigs-regipsis-gipskartons-nida-water-siniat-gkbi\/","url":"https:\/\/videstehnika.lv\/katalogs\/buvmateriali-buvei-remontam-un-ieksdarbiem\/mitrumizturigs-regipsis-gipskartons-nida-water-siniat-gkbi\/","name":"Mitrumiztur\u012bgs Re\u0123ipsis (\u0122ip\u0161kartons) NIDA water SINIAT (GKBI) &#8226; Vides Tehnika","isPartOf":{"@id":"https:\/\/videstehnika.lv\/en\/#website"},"primaryImageOfPage":{"@id":"https:\/\/videstehnika.lv\/katalogs\/buvmateriali-buvei-remontam-un-ieksdarbiem\/mitrumizturigs-regipsis-gipskartons-nida-water-siniat-gkbi\/#primaryimage"},"image":{"@id":"https:\/\/videstehnika.lv\/katalogs\/buvmateriali-buvei-remontam-un-ieksdarbiem\/mitrumizturigs-regipsis-gipskartons-nida-water-siniat-gkbi\/#primaryimage"},"thumbnailUrl":"https:\/\/videstehnika.lv\/wp-content\/uploads\/2025\/06\/1636476923_daf3eeae9d3aeb5bdf9a2b9f86ba8bab.jpg","datePublished":"2025-06-03T12:54:03+00:00","dateModified":"2026-01-27T12:48:25+00:00","breadcrumb":{"@id":"https:\/\/videstehnika.lv\/katalogs\/buvmateriali-buvei-remontam-un-ieksdarbiem\/mitrumizturigs-regipsis-gipskartons-nida-water-siniat-gkbi\/#breadcrumb"},"inLanguage":"en-US","potentialAction":[{"@type":"ReadAction","target":["https:\/\/videstehnika.lv\/katalogs\/buvmateriali-buvei-remontam-un-ieksdarbiem\/mitrumizturigs-regipsis-gipskartons-nida-water-siniat-gkbi\/"]}]},{"@type":"ImageObject","inLanguage":"en-US","@id":"https:\/\/videstehnika.lv\/katalogs\/buvmateriali-buvei-remontam-un-ieksdarbiem\/mitrumizturigs-regipsis-gipskartons-nida-water-siniat-gkbi\/#primaryimage","url":"https:\/\/videstehnika.lv\/wp-content\/uploads\/2025\/06\/1636476923_daf3eeae9d3aeb5bdf9a2b9f86ba8bab.jpg","contentUrl":"https:\/\/videstehnika.lv\/wp-content\/uploads\/2025\/06\/1636476923_daf3eeae9d3aeb5bdf9a2b9f86ba8bab.jpg","width":1000,"height":532},{"@type":"BreadcrumbList","@id":"https:\/\/videstehnika.lv\/katalogs\/buvmateriali-buvei-remontam-un-ieksdarbiem\/mitrumizturigs-regipsis-gipskartons-nida-water-siniat-gkbi\/#breadcrumb","itemListElement":[{"@type":"ListItem","position":1,"name":"Home","item":"https:\/\/videstehnika.lv\/en\/"},{"@type":"ListItem","position":2,"name":"Katalogs","item":"https:\/\/videstehnika.lv\/en\/katalogs\/"},{"@type":"ListItem","position":3,"name":"Mitrumiztur\u012bgs Re\u0123ipsis (\u0122ip\u0161kartons) NIDA water SINIAT (GKBI)"}]},{"@type":"WebSite","@id":"https:\/\/videstehnika.lv\/en\/#website","url":"https:\/\/videstehnika.lv\/en\/","name":"Vides Tehnika","description":"","potentialAction":[{"@type":"SearchAction","target":{"@type":"EntryPoint","urlTemplate":"https:\/\/videstehnika.lv\/en\/?s={search_term_string}"},"query-input":{"@type":"PropertyValueSpecification","valueRequired":true,"valueName":"search_term_string"}}],"inLanguage":"en-US"}]}},"_links":{"self":[{"href":"https:\/\/videstehnika.lv\/en\/wp-json\/wp\/v2\/product\/62054","targetHints":{"allow":["GET"]}}],"collection":[{"href":"https:\/\/videstehnika.lv\/en\/wp-json\/wp\/v2\/product"}],"about":[{"href":"https:\/\/videstehnika.lv\/en\/wp-json\/wp\/v2\/types\/product"}],"wp:featuredmedia":[{"embeddable":true,"href":"https:\/\/videstehnika.lv\/en\/wp-json\/wp\/v2\/media\/62058"}],"wp:attachment":[{"href":"https:\/\/videstehnika.lv\/en\/wp-json\/wp\/v2\/media?parent=62054"}],"wp:term":[{"taxonomy":"product_cat","embeddable":true,"href":"https:\/\/videstehnika.lv\/en\/wp-json\/wp\/v2\/product_cat?post=62054"},{"taxonomy":"product_tag","embeddable":true,"href":"https:\/\/videstehnika.lv\/en\/wp-json\/wp\/v2\/product_tag?post=62054"}],"curies":[{"name":"wp","href":"https:\/\/api.w.org\/{rel}","templated":true}]}}