{"id":6698,"date":"2020-07-14T12:18:06","date_gmt":"2020-12-03T10:08:31","guid":{"rendered":"https:\/\/videstehnika.lv\/?post_type=product&#038;p=6698"},"modified":"2021-11-07T13:10:46","modified_gmt":"2021-11-07T11:10:46","slug":"steico-joist-wood-fiber-beams","status":"publish","type":"product","link":"https:\/\/videstehnika.lv\/en\/catalog\/buvmateriali-en\/steico-joist-wood-fiber-beams\/","title":{"rendered":"Wood-fiber beams STEICO JOIST"},"content":{"rendered":"<h2>Wood-fiber beams STEICO JOIST<\/h2>\n<p>STEICO JOIST wood fiber beams are designed for fixing thermal insulation wood fiber boards to roof structures or for installation in floor structures.<\/p>\n<h2><strong>Advantages of STEICO JOIST beams<\/strong><\/h2>\n<ul>\n<li>Convenient and easy to use, simple and inexpensive installation;<\/li>\n<li>High durability, longevity;<\/li>\n<li>Excellent quality because it is made of solid wood;<\/li>\n<li>Lightweight material that does not cause additional construction weight;<\/li>\n<li>Ecologically clean, environmentally and human friendly material;<\/li>\n<li>Anti-allergic material, does not irritate the skin;<\/li>\n<li>Suitable for recycling;<\/li>\n<li>Certified material produced in accordance with European quality requirements.<\/li>\n<\/ul>\n","protected":false},"excerpt":{"rendered":"<ul>\n<li>SJ 45 (45x45x200mm) On order<\/li>\n<li>SJ 45 (45x45x240mm) On order<\/li>\n<li>SJ 45 (45x45x300mm) On order<\/li>\n<li>SJ 45 (45x45x360mm) On order<\/li>\n<li>SJ 60 (60x45x200mm) On order<\/li>\n<li>SJ 60 (60x45x240mm) On order<\/li>\n<li>SJ 60 (60x45x300mm) On order<\/li>\n<li>SJ 60 (60x45x360mm) On order<\/li>\n<li>SJ 60 (60x45x400mm) On order<\/li>\n<li>SJ 90 (90x45x200mm) On order<\/li>\n<li>SJ 90 (90x45x240mm) On order<\/li>\n<li>SJ 90 (90x45x300mm) On order<\/li>\n<li>SJ 90 (90x45x360mm) On order<\/li>\n<li>SJ 90 (90x45x400mm) On order<\/li>\n<\/ul>\n","protected":false},"featured_media":4367,"template":"","meta":{"_acf_changed":false},"product_cat":[411,491],"product_tag":[],"class_list":{"0":"post-6698","1":"product","2":"type-product","3":"status-publish","4":"has-post-thumbnail","6":"product_cat-buvmateriali-en","7":"product_cat-wood-fiber-boards-for-building-insulation","9":"first","10":"onbackorder","11":"taxable","12":"shipping-taxable","13":"product-type-variable"},"acf":[],"yoast_head":"<!-- This site is optimized with the Yoast SEO plugin v24.2 - https:\/\/yoast.com\/wordpress\/plugins\/seo\/ -->\n<title>Wood-fiber beams STEICO JOIST for thermal insulation &#8226; Vides Tehnika<\/title>\n<meta name=\"description\" content=\"STEICO JOIST wood fiber beams are designed for fixing thermal insulation wood fiber boards or for installation in floor structures.\" \/>\n<meta name=\"robots\" content=\"index, follow, max-snippet:-1, max-image-preview:large, max-video-preview:-1\" \/>\n<link rel=\"canonical\" href=\"https:\/\/videstehnika.lv\/en\/catalog\/buvmateriali-en\/steico-joist-wood-fiber-beams\/\" \/>\n<meta property=\"og:locale\" content=\"en_US\" \/>\n<meta property=\"og:type\" content=\"article\" \/>\n<meta property=\"og:title\" content=\"Wood-fiber beams STEICO JOIST for thermal insulation &#8226; Vides Tehnika\" \/>\n<meta property=\"og:description\" content=\"STEICO JOIST wood fiber beams are designed for fixing thermal insulation wood fiber boards or for installation in floor structures.\" \/>\n<meta property=\"og:url\" content=\"https:\/\/videstehnika.lv\/en\/catalog\/buvmateriali-en\/steico-joist-wood-fiber-beams\/\" \/>\n<meta property=\"og:site_name\" content=\"Vides Tehnika\" \/>\n<meta property=\"article:modified_time\" content=\"2021-11-07T11:10:46+00:00\" \/>\n<meta property=\"og:image\" content=\"https:\/\/videstehnika.lv\/wp-content\/uploads\/2020\/07\/vides-tehnika-steico-joist-kokskiedras-sijas.jpg\" \/>\n\t<meta property=\"og:image:width\" content=\"900\" \/>\n\t<meta property=\"og:image:height\" content=\"900\" \/>\n\t<meta property=\"og:image:type\" content=\"image\/jpeg\" \/>\n<meta name=\"twitter:card\" content=\"summary_large_image\" \/>\n<meta name=\"twitter:label1\" content=\"Est. reading time\" \/>\n\t<meta name=\"twitter:data1\" content=\"1 minute\" \/>\n<script type=\"application\/ld+json\" class=\"yoast-schema-graph\">{\"@context\":\"https:\/\/schema.org\",\"@graph\":[{\"@type\":\"WebPage\",\"@id\":\"https:\/\/videstehnika.lv\/en\/catalog\/buvmateriali-en\/steico-joist-wood-fiber-beams\/\",\"url\":\"https:\/\/videstehnika.lv\/en\/catalog\/buvmateriali-en\/steico-joist-wood-fiber-beams\/\",\"name\":\"Wood-fiber beams STEICO JOIST for thermal insulation &#8226; Vides Tehnika\",\"isPartOf\":{\"@id\":\"https:\/\/videstehnika.lv\/en\/#website\"},\"primaryImageOfPage\":{\"@id\":\"https:\/\/videstehnika.lv\/en\/catalog\/buvmateriali-en\/steico-joist-wood-fiber-beams\/#primaryimage\"},\"image\":{\"@id\":\"https:\/\/videstehnika.lv\/en\/catalog\/buvmateriali-en\/steico-joist-wood-fiber-beams\/#primaryimage\"},\"thumbnailUrl\":\"https:\/\/videstehnika.lv\/wp-content\/uploads\/2020\/07\/vides-tehnika-steico-joist-kokskiedras-sijas.jpg\",\"datePublished\":\"2020-12-03T10:08:31+00:00\",\"dateModified\":\"2021-11-07T11:10:46+00:00\",\"description\":\"STEICO JOIST wood fiber beams are designed for fixing thermal insulation wood fiber boards or for installation in floor structures.\",\"breadcrumb\":{\"@id\":\"https:\/\/videstehnika.lv\/en\/catalog\/buvmateriali-en\/steico-joist-wood-fiber-beams\/#breadcrumb\"},\"inLanguage\":\"en-US\",\"potentialAction\":[{\"@type\":\"ReadAction\",\"target\":[\"https:\/\/videstehnika.lv\/en\/catalog\/buvmateriali-en\/steico-joist-wood-fiber-beams\/\"]}]},{\"@type\":\"ImageObject\",\"inLanguage\":\"en-US\",\"@id\":\"https:\/\/videstehnika.lv\/en\/catalog\/buvmateriali-en\/steico-joist-wood-fiber-beams\/#primaryimage\",\"url\":\"https:\/\/videstehnika.lv\/wp-content\/uploads\/2020\/07\/vides-tehnika-steico-joist-kokskiedras-sijas.jpg\",\"contentUrl\":\"https:\/\/videstehnika.lv\/wp-content\/uploads\/2020\/07\/vides-tehnika-steico-joist-kokskiedras-sijas.jpg\",\"width\":900,\"height\":900,\"caption\":\"STEICO JOIST kok\u0161\u0137iedras sijas paredz\u0113tas siltumizol\u0101cijas kok\u0161\u0137iedras pl\u0101k\u0161\u0146u stiprin\u0101\u0161anai pie jumta konstrukcij\u0101m vai iestr\u0101dei gr\u012bdas konstrukcij\u0101s.\"},{\"@type\":\"BreadcrumbList\",\"@id\":\"https:\/\/videstehnika.lv\/en\/catalog\/buvmateriali-en\/steico-joist-wood-fiber-beams\/#breadcrumb\",\"itemListElement\":[{\"@type\":\"ListItem\",\"position\":1,\"name\":\"Home\",\"item\":\"https:\/\/videstehnika.lv\/en\/\"},{\"@type\":\"ListItem\",\"position\":2,\"name\":\"Katalogs\",\"item\":\"https:\/\/videstehnika.lv\/en\/katalogs\/\"},{\"@type\":\"ListItem\",\"position\":3,\"name\":\"Wood-fiber beams STEICO JOIST\"}]},{\"@type\":\"WebSite\",\"@id\":\"https:\/\/videstehnika.lv\/en\/#website\",\"url\":\"https:\/\/videstehnika.lv\/en\/\",\"name\":\"Vides Tehnika\",\"description\":\"\",\"potentialAction\":[{\"@type\":\"SearchAction\",\"target\":{\"@type\":\"EntryPoint\",\"urlTemplate\":\"https:\/\/videstehnika.lv\/en\/?s={search_term_string}\"},\"query-input\":{\"@type\":\"PropertyValueSpecification\",\"valueRequired\":true,\"valueName\":\"search_term_string\"}}],\"inLanguage\":\"en-US\"}]}<\/script>\n<!-- \/ Yoast SEO plugin. -->","yoast_head_json":{"title":"Wood-fiber beams STEICO JOIST for thermal insulation &#8226; Vides Tehnika","description":"STEICO JOIST wood fiber beams are designed for fixing thermal insulation wood fiber boards or for installation in floor structures.","robots":{"index":"index","follow":"follow","max-snippet":"max-snippet:-1","max-image-preview":"max-image-preview:large","max-video-preview":"max-video-preview:-1"},"canonical":"https:\/\/videstehnika.lv\/en\/catalog\/buvmateriali-en\/steico-joist-wood-fiber-beams\/","og_locale":"en_US","og_type":"article","og_title":"Wood-fiber beams STEICO JOIST for thermal insulation &#8226; Vides Tehnika","og_description":"STEICO JOIST wood fiber beams are designed for fixing thermal insulation wood fiber boards or for installation in floor structures.","og_url":"https:\/\/videstehnika.lv\/en\/catalog\/buvmateriali-en\/steico-joist-wood-fiber-beams\/","og_site_name":"Vides Tehnika","article_modified_time":"2021-11-07T11:10:46+00:00","og_image":[{"width":900,"height":900,"url":"https:\/\/videstehnika.lv\/wp-content\/uploads\/2020\/07\/vides-tehnika-steico-joist-kokskiedras-sijas.jpg","type":"image\/jpeg"}],"twitter_card":"summary_large_image","twitter_misc":{"Est. reading time":"1 minute"},"schema":{"@context":"https:\/\/schema.org","@graph":[{"@type":"WebPage","@id":"https:\/\/videstehnika.lv\/en\/catalog\/buvmateriali-en\/steico-joist-wood-fiber-beams\/","url":"https:\/\/videstehnika.lv\/en\/catalog\/buvmateriali-en\/steico-joist-wood-fiber-beams\/","name":"Wood-fiber beams STEICO JOIST for thermal insulation &#8226; Vides Tehnika","isPartOf":{"@id":"https:\/\/videstehnika.lv\/en\/#website"},"primaryImageOfPage":{"@id":"https:\/\/videstehnika.lv\/en\/catalog\/buvmateriali-en\/steico-joist-wood-fiber-beams\/#primaryimage"},"image":{"@id":"https:\/\/videstehnika.lv\/en\/catalog\/buvmateriali-en\/steico-joist-wood-fiber-beams\/#primaryimage"},"thumbnailUrl":"https:\/\/videstehnika.lv\/wp-content\/uploads\/2020\/07\/vides-tehnika-steico-joist-kokskiedras-sijas.jpg","datePublished":"2020-12-03T10:08:31+00:00","dateModified":"2021-11-07T11:10:46+00:00","description":"STEICO JOIST wood fiber beams are designed for fixing thermal insulation wood fiber boards or for installation in floor structures.","breadcrumb":{"@id":"https:\/\/videstehnika.lv\/en\/catalog\/buvmateriali-en\/steico-joist-wood-fiber-beams\/#breadcrumb"},"inLanguage":"en-US","potentialAction":[{"@type":"ReadAction","target":["https:\/\/videstehnika.lv\/en\/catalog\/buvmateriali-en\/steico-joist-wood-fiber-beams\/"]}]},{"@type":"ImageObject","inLanguage":"en-US","@id":"https:\/\/videstehnika.lv\/en\/catalog\/buvmateriali-en\/steico-joist-wood-fiber-beams\/#primaryimage","url":"https:\/\/videstehnika.lv\/wp-content\/uploads\/2020\/07\/vides-tehnika-steico-joist-kokskiedras-sijas.jpg","contentUrl":"https:\/\/videstehnika.lv\/wp-content\/uploads\/2020\/07\/vides-tehnika-steico-joist-kokskiedras-sijas.jpg","width":900,"height":900,"caption":"STEICO JOIST kok\u0161\u0137iedras sijas paredz\u0113tas siltumizol\u0101cijas kok\u0161\u0137iedras pl\u0101k\u0161\u0146u stiprin\u0101\u0161anai pie jumta konstrukcij\u0101m vai iestr\u0101dei gr\u012bdas konstrukcij\u0101s."},{"@type":"BreadcrumbList","@id":"https:\/\/videstehnika.lv\/en\/catalog\/buvmateriali-en\/steico-joist-wood-fiber-beams\/#breadcrumb","itemListElement":[{"@type":"ListItem","position":1,"name":"Home","item":"https:\/\/videstehnika.lv\/en\/"},{"@type":"ListItem","position":2,"name":"Katalogs","item":"https:\/\/videstehnika.lv\/en\/katalogs\/"},{"@type":"ListItem","position":3,"name":"Wood-fiber beams STEICO JOIST"}]},{"@type":"WebSite","@id":"https:\/\/videstehnika.lv\/en\/#website","url":"https:\/\/videstehnika.lv\/en\/","name":"Vides Tehnika","description":"","potentialAction":[{"@type":"SearchAction","target":{"@type":"EntryPoint","urlTemplate":"https:\/\/videstehnika.lv\/en\/?s={search_term_string}"},"query-input":{"@type":"PropertyValueSpecification","valueRequired":true,"valueName":"search_term_string"}}],"inLanguage":"en-US"}]}},"_links":{"self":[{"href":"https:\/\/videstehnika.lv\/en\/wp-json\/wp\/v2\/product\/6698","targetHints":{"allow":["GET"]}}],"collection":[{"href":"https:\/\/videstehnika.lv\/en\/wp-json\/wp\/v2\/product"}],"about":[{"href":"https:\/\/videstehnika.lv\/en\/wp-json\/wp\/v2\/types\/product"}],"wp:featuredmedia":[{"embeddable":true,"href":"https:\/\/videstehnika.lv\/en\/wp-json\/wp\/v2\/media\/4367"}],"wp:attachment":[{"href":"https:\/\/videstehnika.lv\/en\/wp-json\/wp\/v2\/media?parent=6698"}],"wp:term":[{"taxonomy":"product_cat","embeddable":true,"href":"https:\/\/videstehnika.lv\/en\/wp-json\/wp\/v2\/product_cat?post=6698"},{"taxonomy":"product_tag","embeddable":true,"href":"https:\/\/videstehnika.lv\/en\/wp-json\/wp\/v2\/product_tag?post=6698"}],"curies":[{"name":"wp","href":"https:\/\/api.w.org\/{rel}","templated":true}]}}