{"id":6731,"date":"2020-07-08T16:03:41","date_gmt":"2020-12-03T10:36:17","guid":{"rendered":"https:\/\/videstehnika.lv\/?post_type=product&#038;p=6731"},"modified":"2024-07-04T08:46:42","modified_gmt":"2024-07-04T05:46:42","slug":"wood-fiber-boards-steico-floor","status":"publish","type":"product","link":"https:\/\/videstehnika.lv\/en\/catalog\/ecological-insulation-materials\/wood-fiber-boards-for-building-insulation\/wood-fiber-boards-steico-floor\/","title":{"rendered":"Wood-fiber floor boards STEICO Floor"},"content":{"rendered":"<h2>Wood-fiber boards &#8220;STEICO Floor&#8221;<\/h2>\n<p>Wood-fiber boards &#8220;STEICO Floor&#8221; with a spike is designed to enhance the thermal insulation of the floor covering and to reduce sound \/ noise by eliminating acoustic voids in the floor covering.<\/p>\n<h2>Advantages of STEICO Floor<\/h2>\n<ul>\n<li>Convenient and easy to use, inexpensive installation;<\/li>\n<li>Ideal sound insulation;<\/li>\n<li>Improves room acoustics;<\/li>\n<li>Promotes floor insulation;<\/li>\n<li>Excellent diffusion ability;<\/li>\n<li>Ecologically clean, environmentally and human friendly material;<\/li>\n<li>Anti-allergic material, does not irritate the skin;<\/li>\n<li>Suitable for recycling;<\/li>\n<li>Certified material produced in accordance with European quality requirements.<\/li>\n<\/ul>\n<h3>Application of STEICO Floor<\/h3>\n<ul>\n<li>For floors, laying under hard flooring.<\/li>\n<\/ul>\n","protected":false},"excerpt":{"rendered":"<p>The price is indicated per sheet<\/p>\n<p><strong>Size: 40x1200x380mm\u00a0<\/strong><\/p>\n","protected":false},"featured_media":3719,"template":"","meta":{"_acf_changed":false},"product_cat":[479,491],"product_tag":[],"class_list":{"0":"post-6731","1":"product","2":"type-product","3":"status-publish","4":"has-post-thumbnail","6":"product_cat-ecological-insulation-materials","7":"product_cat-wood-fiber-boards-for-building-insulation","9":"first","10":"onbackorder","11":"taxable","12":"shipping-taxable","13":"purchasable","14":"product-type-simple"},"acf":[],"yoast_head":"<!-- This site is optimized with the Yoast SEO plugin v24.2 - https:\/\/yoast.com\/wordpress\/plugins\/seo\/ -->\n<title>Wood-fiber boards &quot;STEICO Floor&quot; &#8226; Vides Tehnika<\/title>\n<meta name=\"description\" content=\"Wood-fiber boards &quot;STEICO Floor&quot; with a spike is designed to enhance the thermal insulation of the floor covering and to reduce sound.\" \/>\n<meta name=\"robots\" content=\"index, follow, max-snippet:-1, max-image-preview:large, max-video-preview:-1\" \/>\n<link rel=\"canonical\" href=\"https:\/\/videstehnika.lv\/en\/catalog\/ecological-insulation-materials\/wood-fiber-boards-for-building-insulation\/wood-fiber-boards-steico-floor\/\" \/>\n<meta property=\"og:locale\" content=\"en_US\" \/>\n<meta property=\"og:type\" content=\"article\" \/>\n<meta property=\"og:title\" content=\"Wood-fiber boards &quot;STEICO Floor&quot; &#8226; Vides Tehnika\" \/>\n<meta property=\"og:description\" content=\"Wood-fiber boards &quot;STEICO Floor&quot; with a spike is designed to enhance the thermal insulation of the floor covering and to reduce sound.\" \/>\n<meta property=\"og:url\" content=\"https:\/\/videstehnika.lv\/en\/catalog\/ecological-insulation-materials\/wood-fiber-boards-for-building-insulation\/wood-fiber-boards-steico-floor\/\" \/>\n<meta property=\"og:site_name\" content=\"Vides Tehnika\" \/>\n<meta property=\"article:modified_time\" content=\"2024-07-04T05:46:42+00:00\" \/>\n<meta property=\"og:image\" content=\"https:\/\/videstehnika.lv\/wp-content\/uploads\/2020\/07\/vides-tehnika-kokskiedras-plaksnes-steico-floor.jpg\" \/>\n\t<meta property=\"og:image:width\" content=\"900\" \/>\n\t<meta property=\"og:image:height\" content=\"900\" \/>\n\t<meta property=\"og:image:type\" content=\"image\/jpeg\" \/>\n<meta name=\"twitter:card\" content=\"summary_large_image\" \/>\n<meta name=\"twitter:label1\" content=\"Est. reading time\" \/>\n\t<meta name=\"twitter:data1\" content=\"1 minute\" \/>\n<script type=\"application\/ld+json\" class=\"yoast-schema-graph\">{\"@context\":\"https:\/\/schema.org\",\"@graph\":[{\"@type\":\"WebPage\",\"@id\":\"https:\/\/videstehnika.lv\/en\/catalog\/ecological-insulation-materials\/wood-fiber-boards-for-building-insulation\/wood-fiber-boards-steico-floor\/\",\"url\":\"https:\/\/videstehnika.lv\/en\/catalog\/ecological-insulation-materials\/wood-fiber-boards-for-building-insulation\/wood-fiber-boards-steico-floor\/\",\"name\":\"Wood-fiber boards \\\"STEICO Floor\\\" &#8226; Vides Tehnika\",\"isPartOf\":{\"@id\":\"https:\/\/videstehnika.lv\/en\/#website\"},\"primaryImageOfPage\":{\"@id\":\"https:\/\/videstehnika.lv\/en\/catalog\/ecological-insulation-materials\/wood-fiber-boards-for-building-insulation\/wood-fiber-boards-steico-floor\/#primaryimage\"},\"image\":{\"@id\":\"https:\/\/videstehnika.lv\/en\/catalog\/ecological-insulation-materials\/wood-fiber-boards-for-building-insulation\/wood-fiber-boards-steico-floor\/#primaryimage\"},\"thumbnailUrl\":\"https:\/\/videstehnika.lv\/wp-content\/uploads\/2020\/07\/vides-tehnika-kokskiedras-plaksnes-steico-floor.jpg\",\"datePublished\":\"2020-12-03T10:36:17+00:00\",\"dateModified\":\"2024-07-04T05:46:42+00:00\",\"description\":\"Wood-fiber boards \\\"STEICO Floor\\\" with a spike is designed to enhance the thermal insulation of the floor covering and to reduce sound.\",\"breadcrumb\":{\"@id\":\"https:\/\/videstehnika.lv\/en\/catalog\/ecological-insulation-materials\/wood-fiber-boards-for-building-insulation\/wood-fiber-boards-steico-floor\/#breadcrumb\"},\"inLanguage\":\"en-US\",\"potentialAction\":[{\"@type\":\"ReadAction\",\"target\":[\"https:\/\/videstehnika.lv\/en\/catalog\/ecological-insulation-materials\/wood-fiber-boards-for-building-insulation\/wood-fiber-boards-steico-floor\/\"]}]},{\"@type\":\"ImageObject\",\"inLanguage\":\"en-US\",\"@id\":\"https:\/\/videstehnika.lv\/en\/catalog\/ecological-insulation-materials\/wood-fiber-boards-for-building-insulation\/wood-fiber-boards-steico-floor\/#primaryimage\",\"url\":\"https:\/\/videstehnika.lv\/wp-content\/uploads\/2020\/07\/vides-tehnika-kokskiedras-plaksnes-steico-floor.jpg\",\"contentUrl\":\"https:\/\/videstehnika.lv\/wp-content\/uploads\/2020\/07\/vides-tehnika-kokskiedras-plaksnes-steico-floor.jpg\",\"width\":900,\"height\":900,\"caption\":\"STEICO Floor kok\u0161\u0137iedras pl\u0101ksnes ar spundi paredz\u0113tas gr\u012bdas seguma siltumizol\u0101cijas veicin\u0101\u0161anai un ska\u0146as\/trok\u0161\u0146a sl\u0101p\u0113\u0161anai, nov\u0113r\u0161ot akustiskos tuk\u0161umus gr\u012bdas segum\u0101.\"},{\"@type\":\"BreadcrumbList\",\"@id\":\"https:\/\/videstehnika.lv\/en\/catalog\/ecological-insulation-materials\/wood-fiber-boards-for-building-insulation\/wood-fiber-boards-steico-floor\/#breadcrumb\",\"itemListElement\":[{\"@type\":\"ListItem\",\"position\":1,\"name\":\"Home\",\"item\":\"https:\/\/videstehnika.lv\/en\/\"},{\"@type\":\"ListItem\",\"position\":2,\"name\":\"Katalogs\",\"item\":\"https:\/\/videstehnika.lv\/en\/katalogs\/\"},{\"@type\":\"ListItem\",\"position\":3,\"name\":\"Wood-fiber floor boards STEICO Floor\"}]},{\"@type\":\"WebSite\",\"@id\":\"https:\/\/videstehnika.lv\/en\/#website\",\"url\":\"https:\/\/videstehnika.lv\/en\/\",\"name\":\"Vides Tehnika\",\"description\":\"\",\"potentialAction\":[{\"@type\":\"SearchAction\",\"target\":{\"@type\":\"EntryPoint\",\"urlTemplate\":\"https:\/\/videstehnika.lv\/en\/?s={search_term_string}\"},\"query-input\":{\"@type\":\"PropertyValueSpecification\",\"valueRequired\":true,\"valueName\":\"search_term_string\"}}],\"inLanguage\":\"en-US\"}]}<\/script>\n<!-- \/ Yoast SEO plugin. -->","yoast_head_json":{"title":"Wood-fiber boards \"STEICO Floor\" &#8226; Vides Tehnika","description":"Wood-fiber boards \"STEICO Floor\" with a spike is designed to enhance the thermal insulation of the floor covering and to reduce sound.","robots":{"index":"index","follow":"follow","max-snippet":"max-snippet:-1","max-image-preview":"max-image-preview:large","max-video-preview":"max-video-preview:-1"},"canonical":"https:\/\/videstehnika.lv\/en\/catalog\/ecological-insulation-materials\/wood-fiber-boards-for-building-insulation\/wood-fiber-boards-steico-floor\/","og_locale":"en_US","og_type":"article","og_title":"Wood-fiber boards \"STEICO Floor\" &#8226; Vides Tehnika","og_description":"Wood-fiber boards \"STEICO Floor\" with a spike is designed to enhance the thermal insulation of the floor covering and to reduce sound.","og_url":"https:\/\/videstehnika.lv\/en\/catalog\/ecological-insulation-materials\/wood-fiber-boards-for-building-insulation\/wood-fiber-boards-steico-floor\/","og_site_name":"Vides Tehnika","article_modified_time":"2024-07-04T05:46:42+00:00","og_image":[{"width":900,"height":900,"url":"https:\/\/videstehnika.lv\/wp-content\/uploads\/2020\/07\/vides-tehnika-kokskiedras-plaksnes-steico-floor.jpg","type":"image\/jpeg"}],"twitter_card":"summary_large_image","twitter_misc":{"Est. reading time":"1 minute"},"schema":{"@context":"https:\/\/schema.org","@graph":[{"@type":"WebPage","@id":"https:\/\/videstehnika.lv\/en\/catalog\/ecological-insulation-materials\/wood-fiber-boards-for-building-insulation\/wood-fiber-boards-steico-floor\/","url":"https:\/\/videstehnika.lv\/en\/catalog\/ecological-insulation-materials\/wood-fiber-boards-for-building-insulation\/wood-fiber-boards-steico-floor\/","name":"Wood-fiber boards \"STEICO Floor\" &#8226; Vides Tehnika","isPartOf":{"@id":"https:\/\/videstehnika.lv\/en\/#website"},"primaryImageOfPage":{"@id":"https:\/\/videstehnika.lv\/en\/catalog\/ecological-insulation-materials\/wood-fiber-boards-for-building-insulation\/wood-fiber-boards-steico-floor\/#primaryimage"},"image":{"@id":"https:\/\/videstehnika.lv\/en\/catalog\/ecological-insulation-materials\/wood-fiber-boards-for-building-insulation\/wood-fiber-boards-steico-floor\/#primaryimage"},"thumbnailUrl":"https:\/\/videstehnika.lv\/wp-content\/uploads\/2020\/07\/vides-tehnika-kokskiedras-plaksnes-steico-floor.jpg","datePublished":"2020-12-03T10:36:17+00:00","dateModified":"2024-07-04T05:46:42+00:00","description":"Wood-fiber boards \"STEICO Floor\" with a spike is designed to enhance the thermal insulation of the floor covering and to reduce sound.","breadcrumb":{"@id":"https:\/\/videstehnika.lv\/en\/catalog\/ecological-insulation-materials\/wood-fiber-boards-for-building-insulation\/wood-fiber-boards-steico-floor\/#breadcrumb"},"inLanguage":"en-US","potentialAction":[{"@type":"ReadAction","target":["https:\/\/videstehnika.lv\/en\/catalog\/ecological-insulation-materials\/wood-fiber-boards-for-building-insulation\/wood-fiber-boards-steico-floor\/"]}]},{"@type":"ImageObject","inLanguage":"en-US","@id":"https:\/\/videstehnika.lv\/en\/catalog\/ecological-insulation-materials\/wood-fiber-boards-for-building-insulation\/wood-fiber-boards-steico-floor\/#primaryimage","url":"https:\/\/videstehnika.lv\/wp-content\/uploads\/2020\/07\/vides-tehnika-kokskiedras-plaksnes-steico-floor.jpg","contentUrl":"https:\/\/videstehnika.lv\/wp-content\/uploads\/2020\/07\/vides-tehnika-kokskiedras-plaksnes-steico-floor.jpg","width":900,"height":900,"caption":"STEICO Floor kok\u0161\u0137iedras pl\u0101ksnes ar spundi paredz\u0113tas gr\u012bdas seguma siltumizol\u0101cijas veicin\u0101\u0161anai un ska\u0146as\/trok\u0161\u0146a sl\u0101p\u0113\u0161anai, nov\u0113r\u0161ot akustiskos tuk\u0161umus gr\u012bdas segum\u0101."},{"@type":"BreadcrumbList","@id":"https:\/\/videstehnika.lv\/en\/catalog\/ecological-insulation-materials\/wood-fiber-boards-for-building-insulation\/wood-fiber-boards-steico-floor\/#breadcrumb","itemListElement":[{"@type":"ListItem","position":1,"name":"Home","item":"https:\/\/videstehnika.lv\/en\/"},{"@type":"ListItem","position":2,"name":"Katalogs","item":"https:\/\/videstehnika.lv\/en\/katalogs\/"},{"@type":"ListItem","position":3,"name":"Wood-fiber floor boards STEICO Floor"}]},{"@type":"WebSite","@id":"https:\/\/videstehnika.lv\/en\/#website","url":"https:\/\/videstehnika.lv\/en\/","name":"Vides Tehnika","description":"","potentialAction":[{"@type":"SearchAction","target":{"@type":"EntryPoint","urlTemplate":"https:\/\/videstehnika.lv\/en\/?s={search_term_string}"},"query-input":{"@type":"PropertyValueSpecification","valueRequired":true,"valueName":"search_term_string"}}],"inLanguage":"en-US"}]}},"_links":{"self":[{"href":"https:\/\/videstehnika.lv\/en\/wp-json\/wp\/v2\/product\/6731","targetHints":{"allow":["GET"]}}],"collection":[{"href":"https:\/\/videstehnika.lv\/en\/wp-json\/wp\/v2\/product"}],"about":[{"href":"https:\/\/videstehnika.lv\/en\/wp-json\/wp\/v2\/types\/product"}],"wp:featuredmedia":[{"embeddable":true,"href":"https:\/\/videstehnika.lv\/en\/wp-json\/wp\/v2\/media\/3719"}],"wp:attachment":[{"href":"https:\/\/videstehnika.lv\/en\/wp-json\/wp\/v2\/media?parent=6731"}],"wp:term":[{"taxonomy":"product_cat","embeddable":true,"href":"https:\/\/videstehnika.lv\/en\/wp-json\/wp\/v2\/product_cat?post=6731"},{"taxonomy":"product_tag","embeddable":true,"href":"https:\/\/videstehnika.lv\/en\/wp-json\/wp\/v2\/product_tag?post=6731"}],"curies":[{"name":"wp","href":"https:\/\/api.w.org\/{rel}","templated":true}]}}