{"id":6749,"date":"2020-07-08T15:19:05","date_gmt":"2020-12-03T11:06:31","guid":{"rendered":"https:\/\/videstehnika.lv\/?post_type=product&#038;p=6749"},"modified":"2024-11-05T09:53:18","modified_gmt":"2024-11-05T07:53:18","slug":"wood-fiber-boards-steico-therm-internal","status":"publish","type":"product","link":"https:\/\/videstehnika.lv\/en\/catalog\/siltumizolacijas-materiali-en\/wood-fiber-boards-for-building-insulation\/wood-fiber-boards-steico-therm-internal\/","title":{"rendered":"Wood-fiber boards STEICO Therm Internal"},"content":{"rendered":"<h2>Wood-fiber boards &#8220;STEICO Therm Internal&#8221;<\/h2>\n<p>Wood-fiber boards &#8220;STEICO Therm Internal&#8221; are designed for insulation of all types of structures, providing excellent results &#8211; heat, coziness and noise insulation in all rooms. Due to the solid structure of the material, it is suitable for further plastering, making its application even wider.<\/p>\n<p>By choosing &#8220;STEICO Therm Internal&#8221; panels for building insulation work, you will achieve excellent results, good quality and reliable service for years. Thanks to the wide range of applications, the material is convenient and economical to use, as well as one of the most practical thermal insulation materials. Effect achieved after incorporation of the material: thermal insulation, sound insulation, humidity regulation in the premises, healthy microclimate and cozy environment.<\/p>\n<h2><strong>Advantages of STEICO Therm Internal<\/strong><\/h2>\n<ul>\n<li>Excellent thermal insulation properties;<\/li>\n<li>Convenient and easy to use;<\/li>\n<li>Economical and widely used material;<\/li>\n<li>Excellent diffusion ability;<\/li>\n<li>Suitable for use under plaster, as well as above the loose and soft layer of thermal insulation material;<\/li>\n<li>Resistant to deformation and heavy load;<\/li>\n<li>Ecologically clean, environmentally and human friendly material;<\/li>\n<li>Anti-allergic material, does not irritate the skin;<\/li>\n<li>Suitable for recycling;<\/li>\n<li>Certified material produced in accordance with European quality requirements.<\/li>\n<\/ul>\n<h3><strong>Application of STEICO Therm Internal<\/strong><\/h3>\n<ul>\n<li>Roof;<\/li>\n<li>Walls;<\/li>\n<li>Ceiling;<\/li>\n<li>Floors.<\/li>\n<\/ul>\n","protected":false},"excerpt":{"rendered":"<p>The price is indicated per sheet<\/p>\n<p><strong>Size: 40x380x1200mm(0,456m2)<\/strong><\/p>\n","protected":false},"featured_media":3825,"template":"","meta":{"_acf_changed":false},"product_cat":[479,491],"product_tag":[],"class_list":{"0":"post-6749","1":"product","2":"type-product","3":"status-publish","4":"has-post-thumbnail","6":"product_cat-ecological-insulation-materials","7":"product_cat-wood-fiber-boards-for-building-insulation","9":"first","10":"onbackorder","11":"taxable","12":"shipping-taxable","13":"purchasable","14":"product-type-variable"},"acf":[],"yoast_head":"<!-- This site is optimized with the Yoast SEO plugin v24.2 - https:\/\/yoast.com\/wordpress\/plugins\/seo\/ -->\n<title>Wood-fiber boards &quot;STEICO Therm Internal&quot; &#8226; Vides Tehnika<\/title>\n<meta name=\"description\" content=\"Wood-fiber boards &quot;STEICO Therm Internal&quot; are designed for providing excellent results - heat, coziness and noise insulation in all rooms.\" \/>\n<meta name=\"robots\" content=\"index, follow, max-snippet:-1, max-image-preview:large, max-video-preview:-1\" \/>\n<link rel=\"canonical\" href=\"https:\/\/videstehnika.lv\/en\/catalog\/siltumizolacijas-materiali-en\/wood-fiber-boards-for-building-insulation\/wood-fiber-boards-steico-therm-internal\/\" \/>\n<meta property=\"og:locale\" content=\"en_US\" \/>\n<meta property=\"og:type\" content=\"article\" \/>\n<meta property=\"og:title\" content=\"Wood-fiber boards &quot;STEICO Therm Internal&quot; &#8226; Vides Tehnika\" \/>\n<meta property=\"og:description\" content=\"Wood-fiber boards &quot;STEICO Therm Internal&quot; are designed for providing excellent results - heat, coziness and noise insulation in all rooms.\" \/>\n<meta property=\"og:url\" content=\"https:\/\/videstehnika.lv\/en\/catalog\/siltumizolacijas-materiali-en\/wood-fiber-boards-for-building-insulation\/wood-fiber-boards-steico-therm-internal\/\" \/>\n<meta property=\"og:site_name\" content=\"Vides Tehnika\" \/>\n<meta property=\"article:modified_time\" content=\"2024-11-05T07:53:18+00:00\" \/>\n<meta property=\"og:image\" content=\"https:\/\/videstehnika.lv\/wp-content\/uploads\/2020\/07\/vides-tehnika-kokskiedras-plaksnes-steico-therm-internal-1.jpg\" \/>\n\t<meta property=\"og:image:width\" content=\"900\" \/>\n\t<meta property=\"og:image:height\" content=\"900\" \/>\n\t<meta property=\"og:image:type\" content=\"image\/jpeg\" \/>\n<meta name=\"twitter:card\" content=\"summary_large_image\" \/>\n<meta name=\"twitter:label1\" content=\"Est. reading time\" \/>\n\t<meta name=\"twitter:data1\" content=\"1 minute\" \/>\n<script type=\"application\/ld+json\" class=\"yoast-schema-graph\">{\"@context\":\"https:\/\/schema.org\",\"@graph\":[{\"@type\":\"WebPage\",\"@id\":\"https:\/\/videstehnika.lv\/en\/catalog\/siltumizolacijas-materiali-en\/wood-fiber-boards-for-building-insulation\/wood-fiber-boards-steico-therm-internal\/\",\"url\":\"https:\/\/videstehnika.lv\/en\/catalog\/siltumizolacijas-materiali-en\/wood-fiber-boards-for-building-insulation\/wood-fiber-boards-steico-therm-internal\/\",\"name\":\"Wood-fiber boards \\\"STEICO Therm Internal\\\" &#8226; Vides Tehnika\",\"isPartOf\":{\"@id\":\"https:\/\/videstehnika.lv\/en\/#website\"},\"primaryImageOfPage\":{\"@id\":\"https:\/\/videstehnika.lv\/en\/catalog\/siltumizolacijas-materiali-en\/wood-fiber-boards-for-building-insulation\/wood-fiber-boards-steico-therm-internal\/#primaryimage\"},\"image\":{\"@id\":\"https:\/\/videstehnika.lv\/en\/catalog\/siltumizolacijas-materiali-en\/wood-fiber-boards-for-building-insulation\/wood-fiber-boards-steico-therm-internal\/#primaryimage\"},\"thumbnailUrl\":\"https:\/\/videstehnika.lv\/wp-content\/uploads\/2020\/07\/vides-tehnika-kokskiedras-plaksnes-steico-therm-internal-1.jpg\",\"datePublished\":\"2020-12-03T11:06:31+00:00\",\"dateModified\":\"2024-11-05T07:53:18+00:00\",\"description\":\"Wood-fiber boards \\\"STEICO Therm Internal\\\" are designed for providing excellent results - heat, coziness and noise insulation in all rooms.\",\"breadcrumb\":{\"@id\":\"https:\/\/videstehnika.lv\/en\/catalog\/siltumizolacijas-materiali-en\/wood-fiber-boards-for-building-insulation\/wood-fiber-boards-steico-therm-internal\/#breadcrumb\"},\"inLanguage\":\"en-US\",\"potentialAction\":[{\"@type\":\"ReadAction\",\"target\":[\"https:\/\/videstehnika.lv\/en\/catalog\/siltumizolacijas-materiali-en\/wood-fiber-boards-for-building-insulation\/wood-fiber-boards-steico-therm-internal\/\"]}]},{\"@type\":\"ImageObject\",\"inLanguage\":\"en-US\",\"@id\":\"https:\/\/videstehnika.lv\/en\/catalog\/siltumizolacijas-materiali-en\/wood-fiber-boards-for-building-insulation\/wood-fiber-boards-steico-therm-internal\/#primaryimage\",\"url\":\"https:\/\/videstehnika.lv\/wp-content\/uploads\/2020\/07\/vides-tehnika-kokskiedras-plaksnes-steico-therm-internal-1.jpg\",\"contentUrl\":\"https:\/\/videstehnika.lv\/wp-content\/uploads\/2020\/07\/vides-tehnika-kokskiedras-plaksnes-steico-therm-internal-1.jpg\",\"width\":900,\"height\":900,\"caption\":\"STEICO Therm Internal univers\u0101l\u0101s kok\u0161\u0137iedras siltumizol\u0101cijas pl\u0101ksnes ir paredz\u0113tas visa veida konstrukciju siltin\u0101\u0161anai, nodro\u0161inot teicamu rezult\u0101tu \u2013 siltumu, m\u0101j\u012bgumu un trok\u0161\u0146a izol\u0101ciju vis\u0101s telp\u0101s\"},{\"@type\":\"BreadcrumbList\",\"@id\":\"https:\/\/videstehnika.lv\/en\/catalog\/siltumizolacijas-materiali-en\/wood-fiber-boards-for-building-insulation\/wood-fiber-boards-steico-therm-internal\/#breadcrumb\",\"itemListElement\":[{\"@type\":\"ListItem\",\"position\":1,\"name\":\"Home\",\"item\":\"https:\/\/videstehnika.lv\/en\/\"},{\"@type\":\"ListItem\",\"position\":2,\"name\":\"Katalogs\",\"item\":\"https:\/\/videstehnika.lv\/en\/katalogs\/\"},{\"@type\":\"ListItem\",\"position\":3,\"name\":\"Wood-fiber boards STEICO Therm Internal\"}]},{\"@type\":\"WebSite\",\"@id\":\"https:\/\/videstehnika.lv\/en\/#website\",\"url\":\"https:\/\/videstehnika.lv\/en\/\",\"name\":\"Vides Tehnika\",\"description\":\"\",\"potentialAction\":[{\"@type\":\"SearchAction\",\"target\":{\"@type\":\"EntryPoint\",\"urlTemplate\":\"https:\/\/videstehnika.lv\/en\/?s={search_term_string}\"},\"query-input\":{\"@type\":\"PropertyValueSpecification\",\"valueRequired\":true,\"valueName\":\"search_term_string\"}}],\"inLanguage\":\"en-US\"}]}<\/script>\n<!-- \/ Yoast SEO plugin. -->","yoast_head_json":{"title":"Wood-fiber boards \"STEICO Therm Internal\" &#8226; Vides Tehnika","description":"Wood-fiber boards \"STEICO Therm Internal\" are designed for providing excellent results - heat, coziness and noise insulation in all rooms.","robots":{"index":"index","follow":"follow","max-snippet":"max-snippet:-1","max-image-preview":"max-image-preview:large","max-video-preview":"max-video-preview:-1"},"canonical":"https:\/\/videstehnika.lv\/en\/catalog\/siltumizolacijas-materiali-en\/wood-fiber-boards-for-building-insulation\/wood-fiber-boards-steico-therm-internal\/","og_locale":"en_US","og_type":"article","og_title":"Wood-fiber boards \"STEICO Therm Internal\" &#8226; Vides Tehnika","og_description":"Wood-fiber boards \"STEICO Therm Internal\" are designed for providing excellent results - heat, coziness and noise insulation in all rooms.","og_url":"https:\/\/videstehnika.lv\/en\/catalog\/siltumizolacijas-materiali-en\/wood-fiber-boards-for-building-insulation\/wood-fiber-boards-steico-therm-internal\/","og_site_name":"Vides Tehnika","article_modified_time":"2024-11-05T07:53:18+00:00","og_image":[{"width":900,"height":900,"url":"https:\/\/videstehnika.lv\/wp-content\/uploads\/2020\/07\/vides-tehnika-kokskiedras-plaksnes-steico-therm-internal-1.jpg","type":"image\/jpeg"}],"twitter_card":"summary_large_image","twitter_misc":{"Est. reading time":"1 minute"},"schema":{"@context":"https:\/\/schema.org","@graph":[{"@type":"WebPage","@id":"https:\/\/videstehnika.lv\/en\/catalog\/siltumizolacijas-materiali-en\/wood-fiber-boards-for-building-insulation\/wood-fiber-boards-steico-therm-internal\/","url":"https:\/\/videstehnika.lv\/en\/catalog\/siltumizolacijas-materiali-en\/wood-fiber-boards-for-building-insulation\/wood-fiber-boards-steico-therm-internal\/","name":"Wood-fiber boards \"STEICO Therm Internal\" &#8226; Vides Tehnika","isPartOf":{"@id":"https:\/\/videstehnika.lv\/en\/#website"},"primaryImageOfPage":{"@id":"https:\/\/videstehnika.lv\/en\/catalog\/siltumizolacijas-materiali-en\/wood-fiber-boards-for-building-insulation\/wood-fiber-boards-steico-therm-internal\/#primaryimage"},"image":{"@id":"https:\/\/videstehnika.lv\/en\/catalog\/siltumizolacijas-materiali-en\/wood-fiber-boards-for-building-insulation\/wood-fiber-boards-steico-therm-internal\/#primaryimage"},"thumbnailUrl":"https:\/\/videstehnika.lv\/wp-content\/uploads\/2020\/07\/vides-tehnika-kokskiedras-plaksnes-steico-therm-internal-1.jpg","datePublished":"2020-12-03T11:06:31+00:00","dateModified":"2024-11-05T07:53:18+00:00","description":"Wood-fiber boards \"STEICO Therm Internal\" are designed for providing excellent results - heat, coziness and noise insulation in all rooms.","breadcrumb":{"@id":"https:\/\/videstehnika.lv\/en\/catalog\/siltumizolacijas-materiali-en\/wood-fiber-boards-for-building-insulation\/wood-fiber-boards-steico-therm-internal\/#breadcrumb"},"inLanguage":"en-US","potentialAction":[{"@type":"ReadAction","target":["https:\/\/videstehnika.lv\/en\/catalog\/siltumizolacijas-materiali-en\/wood-fiber-boards-for-building-insulation\/wood-fiber-boards-steico-therm-internal\/"]}]},{"@type":"ImageObject","inLanguage":"en-US","@id":"https:\/\/videstehnika.lv\/en\/catalog\/siltumizolacijas-materiali-en\/wood-fiber-boards-for-building-insulation\/wood-fiber-boards-steico-therm-internal\/#primaryimage","url":"https:\/\/videstehnika.lv\/wp-content\/uploads\/2020\/07\/vides-tehnika-kokskiedras-plaksnes-steico-therm-internal-1.jpg","contentUrl":"https:\/\/videstehnika.lv\/wp-content\/uploads\/2020\/07\/vides-tehnika-kokskiedras-plaksnes-steico-therm-internal-1.jpg","width":900,"height":900,"caption":"STEICO Therm Internal univers\u0101l\u0101s kok\u0161\u0137iedras siltumizol\u0101cijas pl\u0101ksnes ir paredz\u0113tas visa veida konstrukciju siltin\u0101\u0161anai, nodro\u0161inot teicamu rezult\u0101tu \u2013 siltumu, m\u0101j\u012bgumu un trok\u0161\u0146a izol\u0101ciju vis\u0101s telp\u0101s"},{"@type":"BreadcrumbList","@id":"https:\/\/videstehnika.lv\/en\/catalog\/siltumizolacijas-materiali-en\/wood-fiber-boards-for-building-insulation\/wood-fiber-boards-steico-therm-internal\/#breadcrumb","itemListElement":[{"@type":"ListItem","position":1,"name":"Home","item":"https:\/\/videstehnika.lv\/en\/"},{"@type":"ListItem","position":2,"name":"Katalogs","item":"https:\/\/videstehnika.lv\/en\/katalogs\/"},{"@type":"ListItem","position":3,"name":"Wood-fiber boards STEICO Therm Internal"}]},{"@type":"WebSite","@id":"https:\/\/videstehnika.lv\/en\/#website","url":"https:\/\/videstehnika.lv\/en\/","name":"Vides Tehnika","description":"","potentialAction":[{"@type":"SearchAction","target":{"@type":"EntryPoint","urlTemplate":"https:\/\/videstehnika.lv\/en\/?s={search_term_string}"},"query-input":{"@type":"PropertyValueSpecification","valueRequired":true,"valueName":"search_term_string"}}],"inLanguage":"en-US"}]}},"_links":{"self":[{"href":"https:\/\/videstehnika.lv\/en\/wp-json\/wp\/v2\/product\/6749","targetHints":{"allow":["GET"]}}],"collection":[{"href":"https:\/\/videstehnika.lv\/en\/wp-json\/wp\/v2\/product"}],"about":[{"href":"https:\/\/videstehnika.lv\/en\/wp-json\/wp\/v2\/types\/product"}],"wp:featuredmedia":[{"embeddable":true,"href":"https:\/\/videstehnika.lv\/en\/wp-json\/wp\/v2\/media\/3825"}],"wp:attachment":[{"href":"https:\/\/videstehnika.lv\/en\/wp-json\/wp\/v2\/media?parent=6749"}],"wp:term":[{"taxonomy":"product_cat","embeddable":true,"href":"https:\/\/videstehnika.lv\/en\/wp-json\/wp\/v2\/product_cat?post=6749"},{"taxonomy":"product_tag","embeddable":true,"href":"https:\/\/videstehnika.lv\/en\/wp-json\/wp\/v2\/product_tag?post=6749"}],"curies":[{"name":"wp","href":"https:\/\/api.w.org\/{rel}","templated":true}]}}