{"id":6846,"date":"2020-07-09T16:46:10","date_gmt":"2020-12-04T09:20:05","guid":{"rendered":"https:\/\/videstehnika.lv\/?post_type=product&#038;p=6846"},"modified":"2024-07-04T08:46:42","modified_gmt":"2024-07-04T05:46:42","slug":"wood-fiber-wind-protection-boards","status":"publish","type":"product","link":"https:\/\/videstehnika.lv\/en\/catalog\/ecological-insulation-materials\/wood-fiber-boards-for-building-insulation\/wood-fiber-wind-protection-boards\/","title":{"rendered":"Wood-fiber wind protection boards with spile"},"content":{"rendered":"<h2>Wood-fiber wind protection boards<\/h2>\n<p>Wood-fiber wind protection boards are an effective wind-retaining thermal insulation material suitable for complete or partial insulation of building exterior walls, ceilings and roofing. Wind protection boards are made of coniferous chips, which are impregnated with natural resin and a layer of paraffin, which ensures the longevity of the boards and resistance to moisture. Wood fiber wind boards are suitable for use in both cold and humid climates, thus they will perfectly protect against cold and humidity in Latvia&#8217;s wet autumns and warm winters.<\/p>\n<h2><strong>Advantages of wind protection boards<\/strong><\/h2>\n<ul>\n<li>Holds the wind;<\/li>\n<li>Forms a layer of thermal insulation;<\/li>\n<li>Increases surface strength, thickness and rigidity;<\/li>\n<li>Windbreaks help protect structures from adverse weather conditions and climate retention while keeping the building breathing;<\/li>\n<li>Suitable material for the reinforcement of bulk and fibrous thermal insulation materials, which simultaneously serve as a structural support and increases the efficiency of thermal insulation materials;<\/li>\n<li>Simple and convenient installation that does not require specific skills or techniques;<\/li>\n<li>The plates are resistant to damage, greatly facilitating their installation and do not require further maintenance during their service life;<\/li>\n<li>Ecological material, does not contain harmful or allergic impurities;<\/li>\n<li>Suitable for filling, painting and other further processing;<\/li>\n<\/ul>\n<h3><strong>Application of wind protection boards<\/strong><\/h3>\n<ul>\n<li>Exterior walls of buildings;<\/li>\n<li>The ceiling;<\/li>\n<li>For roofing.<\/li>\n<\/ul>\n","protected":false},"excerpt":{"rendered":"<p>The price is indicated per sheet<\/p>\n<p><strong>Size: 24x580x2500mm (1,45m2)<\/strong><\/p>\n","protected":false},"featured_media":5296,"template":"","meta":{"_acf_changed":false},"product_cat":[479,491],"product_tag":[],"class_list":{"0":"post-6846","1":"product","2":"type-product","3":"status-publish","4":"has-post-thumbnail","6":"product_cat-ecological-insulation-materials","7":"product_cat-wood-fiber-boards-for-building-insulation","9":"first","10":"onbackorder","11":"taxable","12":"shipping-taxable","13":"product-type-simple"},"acf":[],"yoast_head":"<!-- This site is optimized with the Yoast SEO plugin v24.2 - https:\/\/yoast.com\/wordpress\/plugins\/seo\/ -->\n<title>Wood-fiber wind protection boards &#8226; Vides Tehnika<\/title>\n<meta name=\"description\" content=\"Wood-fiber wind protection boards are an effective wind-retaining thermal insulation material suitable for complete or partial insulation.\" \/>\n<meta name=\"robots\" content=\"index, follow, max-snippet:-1, max-image-preview:large, max-video-preview:-1\" \/>\n<link rel=\"canonical\" href=\"https:\/\/videstehnika.lv\/en\/catalog\/ecological-insulation-materials\/wood-fiber-boards-for-building-insulation\/wood-fiber-wind-protection-boards\/\" \/>\n<meta property=\"og:locale\" content=\"en_US\" \/>\n<meta property=\"og:type\" content=\"article\" \/>\n<meta property=\"og:title\" content=\"Wood-fiber wind protection boards &#8226; Vides Tehnika\" \/>\n<meta property=\"og:description\" content=\"Wood-fiber wind protection boards are an effective wind-retaining thermal insulation material suitable for complete or partial insulation.\" \/>\n<meta property=\"og:url\" content=\"https:\/\/videstehnika.lv\/en\/catalog\/ecological-insulation-materials\/wood-fiber-boards-for-building-insulation\/wood-fiber-wind-protection-boards\/\" \/>\n<meta property=\"og:site_name\" content=\"Vides Tehnika\" \/>\n<meta property=\"article:modified_time\" content=\"2024-07-04T05:46:42+00:00\" \/>\n<meta property=\"og:image\" content=\"https:\/\/videstehnika.lv\/wp-content\/uploads\/2020\/07\/vides-tehnika-pretveja-plaksne-spundeta.jpg\" \/>\n\t<meta property=\"og:image:width\" content=\"900\" \/>\n\t<meta property=\"og:image:height\" content=\"900\" \/>\n\t<meta property=\"og:image:type\" content=\"image\/jpeg\" \/>\n<meta name=\"twitter:card\" content=\"summary_large_image\" \/>\n<meta name=\"twitter:label1\" content=\"Est. reading time\" \/>\n\t<meta name=\"twitter:data1\" content=\"1 minute\" \/>\n<script type=\"application\/ld+json\" class=\"yoast-schema-graph\">{\"@context\":\"https:\/\/schema.org\",\"@graph\":[{\"@type\":\"WebPage\",\"@id\":\"https:\/\/videstehnika.lv\/en\/catalog\/ecological-insulation-materials\/wood-fiber-boards-for-building-insulation\/wood-fiber-wind-protection-boards\/\",\"url\":\"https:\/\/videstehnika.lv\/en\/catalog\/ecological-insulation-materials\/wood-fiber-boards-for-building-insulation\/wood-fiber-wind-protection-boards\/\",\"name\":\"Wood-fiber wind protection boards &#8226; Vides Tehnika\",\"isPartOf\":{\"@id\":\"https:\/\/videstehnika.lv\/en\/#website\"},\"primaryImageOfPage\":{\"@id\":\"https:\/\/videstehnika.lv\/en\/catalog\/ecological-insulation-materials\/wood-fiber-boards-for-building-insulation\/wood-fiber-wind-protection-boards\/#primaryimage\"},\"image\":{\"@id\":\"https:\/\/videstehnika.lv\/en\/catalog\/ecological-insulation-materials\/wood-fiber-boards-for-building-insulation\/wood-fiber-wind-protection-boards\/#primaryimage\"},\"thumbnailUrl\":\"https:\/\/videstehnika.lv\/wp-content\/uploads\/2020\/07\/vides-tehnika-pretveja-plaksne-spundeta.jpg\",\"datePublished\":\"2020-12-04T09:20:05+00:00\",\"dateModified\":\"2024-07-04T05:46:42+00:00\",\"description\":\"Wood-fiber wind protection boards are an effective wind-retaining thermal insulation material suitable for complete or partial insulation.\",\"breadcrumb\":{\"@id\":\"https:\/\/videstehnika.lv\/en\/catalog\/ecological-insulation-materials\/wood-fiber-boards-for-building-insulation\/wood-fiber-wind-protection-boards\/#breadcrumb\"},\"inLanguage\":\"en-US\",\"potentialAction\":[{\"@type\":\"ReadAction\",\"target\":[\"https:\/\/videstehnika.lv\/en\/catalog\/ecological-insulation-materials\/wood-fiber-boards-for-building-insulation\/wood-fiber-wind-protection-boards\/\"]}]},{\"@type\":\"ImageObject\",\"inLanguage\":\"en-US\",\"@id\":\"https:\/\/videstehnika.lv\/en\/catalog\/ecological-insulation-materials\/wood-fiber-boards-for-building-insulation\/wood-fiber-wind-protection-boards\/#primaryimage\",\"url\":\"https:\/\/videstehnika.lv\/wp-content\/uploads\/2020\/07\/vides-tehnika-pretveja-plaksne-spundeta.jpg\",\"contentUrl\":\"https:\/\/videstehnika.lv\/wp-content\/uploads\/2020\/07\/vides-tehnika-pretveja-plaksne-spundeta.jpg\",\"width\":900,\"height\":900,\"caption\":\"ISOPLAAT kok\u0161\u0137iedras pretv\u0113ja pl\u0101ksnes ir efekt\u012bvs v\u0113ja aizturo\u0161s siltumizol\u0101cijas materi\u0101ls, kas piem\u0113rots \u0113ku \u0101rsienu, griestu un jumta seguma piln\u012bgai vai da\u013c\u0113jai nosiltin\u0101\u0161anai.\"},{\"@type\":\"BreadcrumbList\",\"@id\":\"https:\/\/videstehnika.lv\/en\/catalog\/ecological-insulation-materials\/wood-fiber-boards-for-building-insulation\/wood-fiber-wind-protection-boards\/#breadcrumb\",\"itemListElement\":[{\"@type\":\"ListItem\",\"position\":1,\"name\":\"Home\",\"item\":\"https:\/\/videstehnika.lv\/en\/\"},{\"@type\":\"ListItem\",\"position\":2,\"name\":\"Katalogs\",\"item\":\"https:\/\/videstehnika.lv\/en\/katalogs\/\"},{\"@type\":\"ListItem\",\"position\":3,\"name\":\"Wood-fiber wind protection boards with spile\"}]},{\"@type\":\"WebSite\",\"@id\":\"https:\/\/videstehnika.lv\/en\/#website\",\"url\":\"https:\/\/videstehnika.lv\/en\/\",\"name\":\"Vides Tehnika\",\"description\":\"\",\"potentialAction\":[{\"@type\":\"SearchAction\",\"target\":{\"@type\":\"EntryPoint\",\"urlTemplate\":\"https:\/\/videstehnika.lv\/en\/?s={search_term_string}\"},\"query-input\":{\"@type\":\"PropertyValueSpecification\",\"valueRequired\":true,\"valueName\":\"search_term_string\"}}],\"inLanguage\":\"en-US\"}]}<\/script>\n<!-- \/ Yoast SEO plugin. -->","yoast_head_json":{"title":"Wood-fiber wind protection boards &#8226; Vides Tehnika","description":"Wood-fiber wind protection boards are an effective wind-retaining thermal insulation material suitable for complete or partial insulation.","robots":{"index":"index","follow":"follow","max-snippet":"max-snippet:-1","max-image-preview":"max-image-preview:large","max-video-preview":"max-video-preview:-1"},"canonical":"https:\/\/videstehnika.lv\/en\/catalog\/ecological-insulation-materials\/wood-fiber-boards-for-building-insulation\/wood-fiber-wind-protection-boards\/","og_locale":"en_US","og_type":"article","og_title":"Wood-fiber wind protection boards &#8226; Vides Tehnika","og_description":"Wood-fiber wind protection boards are an effective wind-retaining thermal insulation material suitable for complete or partial insulation.","og_url":"https:\/\/videstehnika.lv\/en\/catalog\/ecological-insulation-materials\/wood-fiber-boards-for-building-insulation\/wood-fiber-wind-protection-boards\/","og_site_name":"Vides Tehnika","article_modified_time":"2024-07-04T05:46:42+00:00","og_image":[{"width":900,"height":900,"url":"https:\/\/videstehnika.lv\/wp-content\/uploads\/2020\/07\/vides-tehnika-pretveja-plaksne-spundeta.jpg","type":"image\/jpeg"}],"twitter_card":"summary_large_image","twitter_misc":{"Est. reading time":"1 minute"},"schema":{"@context":"https:\/\/schema.org","@graph":[{"@type":"WebPage","@id":"https:\/\/videstehnika.lv\/en\/catalog\/ecological-insulation-materials\/wood-fiber-boards-for-building-insulation\/wood-fiber-wind-protection-boards\/","url":"https:\/\/videstehnika.lv\/en\/catalog\/ecological-insulation-materials\/wood-fiber-boards-for-building-insulation\/wood-fiber-wind-protection-boards\/","name":"Wood-fiber wind protection boards &#8226; Vides Tehnika","isPartOf":{"@id":"https:\/\/videstehnika.lv\/en\/#website"},"primaryImageOfPage":{"@id":"https:\/\/videstehnika.lv\/en\/catalog\/ecological-insulation-materials\/wood-fiber-boards-for-building-insulation\/wood-fiber-wind-protection-boards\/#primaryimage"},"image":{"@id":"https:\/\/videstehnika.lv\/en\/catalog\/ecological-insulation-materials\/wood-fiber-boards-for-building-insulation\/wood-fiber-wind-protection-boards\/#primaryimage"},"thumbnailUrl":"https:\/\/videstehnika.lv\/wp-content\/uploads\/2020\/07\/vides-tehnika-pretveja-plaksne-spundeta.jpg","datePublished":"2020-12-04T09:20:05+00:00","dateModified":"2024-07-04T05:46:42+00:00","description":"Wood-fiber wind protection boards are an effective wind-retaining thermal insulation material suitable for complete or partial insulation.","breadcrumb":{"@id":"https:\/\/videstehnika.lv\/en\/catalog\/ecological-insulation-materials\/wood-fiber-boards-for-building-insulation\/wood-fiber-wind-protection-boards\/#breadcrumb"},"inLanguage":"en-US","potentialAction":[{"@type":"ReadAction","target":["https:\/\/videstehnika.lv\/en\/catalog\/ecological-insulation-materials\/wood-fiber-boards-for-building-insulation\/wood-fiber-wind-protection-boards\/"]}]},{"@type":"ImageObject","inLanguage":"en-US","@id":"https:\/\/videstehnika.lv\/en\/catalog\/ecological-insulation-materials\/wood-fiber-boards-for-building-insulation\/wood-fiber-wind-protection-boards\/#primaryimage","url":"https:\/\/videstehnika.lv\/wp-content\/uploads\/2020\/07\/vides-tehnika-pretveja-plaksne-spundeta.jpg","contentUrl":"https:\/\/videstehnika.lv\/wp-content\/uploads\/2020\/07\/vides-tehnika-pretveja-plaksne-spundeta.jpg","width":900,"height":900,"caption":"ISOPLAAT kok\u0161\u0137iedras pretv\u0113ja pl\u0101ksnes ir efekt\u012bvs v\u0113ja aizturo\u0161s siltumizol\u0101cijas materi\u0101ls, kas piem\u0113rots \u0113ku \u0101rsienu, griestu un jumta seguma piln\u012bgai vai da\u013c\u0113jai nosiltin\u0101\u0161anai."},{"@type":"BreadcrumbList","@id":"https:\/\/videstehnika.lv\/en\/catalog\/ecological-insulation-materials\/wood-fiber-boards-for-building-insulation\/wood-fiber-wind-protection-boards\/#breadcrumb","itemListElement":[{"@type":"ListItem","position":1,"name":"Home","item":"https:\/\/videstehnika.lv\/en\/"},{"@type":"ListItem","position":2,"name":"Katalogs","item":"https:\/\/videstehnika.lv\/en\/katalogs\/"},{"@type":"ListItem","position":3,"name":"Wood-fiber wind protection boards with spile"}]},{"@type":"WebSite","@id":"https:\/\/videstehnika.lv\/en\/#website","url":"https:\/\/videstehnika.lv\/en\/","name":"Vides Tehnika","description":"","potentialAction":[{"@type":"SearchAction","target":{"@type":"EntryPoint","urlTemplate":"https:\/\/videstehnika.lv\/en\/?s={search_term_string}"},"query-input":{"@type":"PropertyValueSpecification","valueRequired":true,"valueName":"search_term_string"}}],"inLanguage":"en-US"}]}},"_links":{"self":[{"href":"https:\/\/videstehnika.lv\/en\/wp-json\/wp\/v2\/product\/6846","targetHints":{"allow":["GET"]}}],"collection":[{"href":"https:\/\/videstehnika.lv\/en\/wp-json\/wp\/v2\/product"}],"about":[{"href":"https:\/\/videstehnika.lv\/en\/wp-json\/wp\/v2\/types\/product"}],"wp:featuredmedia":[{"embeddable":true,"href":"https:\/\/videstehnika.lv\/en\/wp-json\/wp\/v2\/media\/5296"}],"wp:attachment":[{"href":"https:\/\/videstehnika.lv\/en\/wp-json\/wp\/v2\/media?parent=6846"}],"wp:term":[{"taxonomy":"product_cat","embeddable":true,"href":"https:\/\/videstehnika.lv\/en\/wp-json\/wp\/v2\/product_cat?post=6846"},{"taxonomy":"product_tag","embeddable":true,"href":"https:\/\/videstehnika.lv\/en\/wp-json\/wp\/v2\/product_tag?post=6846"}],"curies":[{"name":"wp","href":"https:\/\/api.w.org\/{rel}","templated":true}]}}