{"id":7076,"date":"2020-07-08T12:08:01","date_gmt":"2020-12-10T10:43:29","guid":{"rendered":"https:\/\/videstehnika.lv\/?post_type=product&#038;p=7076"},"modified":"2021-03-11T10:26:44","modified_gmt":"2021-03-11T08:26:44","slug":"gaps-filling-insulation-material-grand-full","status":"publish","type":"product","link":"https:\/\/videstehnika.lv\/en\/catalog\/siltumizolacijas-materiali-en\/gaps-filling-insulation-material-grand-full\/","title":{"rendered":"Gaps filling insulation material Grand Full"},"content":{"rendered":"<h2>Gaps filling insulation material Grand Full<\/h2>\n<p>Grand Full pellets (0.35 m3 \/ bag) is an effective thermal insulation material that is especially suitable for insulating the exterior walls of old buildings by filling air gaps and empty cavities between the exterior wall walls. These polystyrene granules stand out with their fine texture and lightness. Grand Full pellets can be quickly and accurately incorporated into even the narrowest cracks and fissures, effectively insulating even the most difficult-to-reach structures, ensuring tight installation and excellent thermal insulation.<\/p>\n<h2><strong>Advantages of Grand Full<\/strong><\/h2>\n<ul>\n<li>Excellent thermal insulation properties;<\/li>\n<li>Non-aging, stainless material;<\/li>\n<li>The material does not settle and does not compact over time;<\/li>\n<li>Fine particles fill all cracks and gaps in the building, suitable for insulation of hard-to-reach structures;<\/li>\n<li>Easy and fast installation &#8211; without dust, dirt, without changing the appearance of the building facade;<\/li>\n<li>Economical to use &#8211; no leftovers.<\/li>\n<\/ul>\n","protected":false},"excerpt":{"rendered":"<p>The price is indicated for a bag<\/p>\n","protected":false},"featured_media":3629,"template":"","meta":{"_acf_changed":false},"product_cat":[479,482],"product_tag":[],"class_list":{"0":"post-7076","1":"product","2":"type-product","3":"status-publish","4":"has-post-thumbnail","6":"product_cat-ecological-insulation-materials","7":"product_cat-loose-wool-for-structural-insulation","9":"first","10":"instock","11":"taxable","12":"shipping-taxable","13":"purchasable","14":"product-type-simple"},"acf":[],"yoast_head":"<!-- This site is optimized with the Yoast SEO plugin v24.2 - https:\/\/yoast.com\/wordpress\/plugins\/seo\/ -->\n<title>Gaps filling insulation material Grand Full &#8226; Vides Tehnika<\/title>\n<meta name=\"description\" content=\"Grand Full pellets is an effective thermal insulation material that is especially suitable for insulating the exterior walls of old buildings.\" \/>\n<meta name=\"robots\" content=\"index, follow, max-snippet:-1, max-image-preview:large, max-video-preview:-1\" \/>\n<link rel=\"canonical\" href=\"https:\/\/videstehnika.lv\/en\/catalog\/siltumizolacijas-materiali-en\/gaps-filling-insulation-material-grand-full\/\" \/>\n<meta property=\"og:locale\" content=\"en_US\" \/>\n<meta property=\"og:type\" content=\"article\" \/>\n<meta property=\"og:title\" content=\"Gaps filling insulation material Grand Full &#8226; Vides Tehnika\" \/>\n<meta property=\"og:description\" content=\"Grand Full pellets is an effective thermal insulation material that is especially suitable for insulating the exterior walls of old buildings.\" \/>\n<meta property=\"og:url\" content=\"https:\/\/videstehnika.lv\/en\/catalog\/siltumizolacijas-materiali-en\/gaps-filling-insulation-material-grand-full\/\" \/>\n<meta property=\"og:site_name\" content=\"Vides Tehnika\" \/>\n<meta property=\"article:modified_time\" content=\"2021-03-11T08:26:44+00:00\" \/>\n<meta property=\"og:image\" content=\"https:\/\/videstehnika.lv\/wp-content\/uploads\/2020\/07\/vides-tehnika-grand-full-granulas.jpg\" \/>\n\t<meta property=\"og:image:width\" content=\"900\" \/>\n\t<meta property=\"og:image:height\" content=\"900\" \/>\n\t<meta property=\"og:image:type\" content=\"image\/jpeg\" \/>\n<meta name=\"twitter:card\" content=\"summary_large_image\" \/>\n<meta name=\"twitter:label1\" content=\"Est. reading time\" \/>\n\t<meta name=\"twitter:data1\" content=\"1 minute\" \/>\n<script type=\"application\/ld+json\" class=\"yoast-schema-graph\">{\"@context\":\"https:\/\/schema.org\",\"@graph\":[{\"@type\":\"WebPage\",\"@id\":\"https:\/\/videstehnika.lv\/en\/catalog\/siltumizolacijas-materiali-en\/gaps-filling-insulation-material-grand-full\/\",\"url\":\"https:\/\/videstehnika.lv\/en\/catalog\/siltumizolacijas-materiali-en\/gaps-filling-insulation-material-grand-full\/\",\"name\":\"Gaps filling insulation material Grand Full &#8226; Vides Tehnika\",\"isPartOf\":{\"@id\":\"https:\/\/videstehnika.lv\/en\/#website\"},\"primaryImageOfPage\":{\"@id\":\"https:\/\/videstehnika.lv\/en\/catalog\/siltumizolacijas-materiali-en\/gaps-filling-insulation-material-grand-full\/#primaryimage\"},\"image\":{\"@id\":\"https:\/\/videstehnika.lv\/en\/catalog\/siltumizolacijas-materiali-en\/gaps-filling-insulation-material-grand-full\/#primaryimage\"},\"thumbnailUrl\":\"https:\/\/videstehnika.lv\/wp-content\/uploads\/2020\/07\/vides-tehnika-grand-full-granulas.jpg\",\"datePublished\":\"2020-12-10T10:43:29+00:00\",\"dateModified\":\"2021-03-11T08:26:44+00:00\",\"description\":\"Grand Full pellets is an effective thermal insulation material that is especially suitable for insulating the exterior walls of old buildings.\",\"breadcrumb\":{\"@id\":\"https:\/\/videstehnika.lv\/en\/catalog\/siltumizolacijas-materiali-en\/gaps-filling-insulation-material-grand-full\/#breadcrumb\"},\"inLanguage\":\"en-US\",\"potentialAction\":[{\"@type\":\"ReadAction\",\"target\":[\"https:\/\/videstehnika.lv\/en\/catalog\/siltumizolacijas-materiali-en\/gaps-filling-insulation-material-grand-full\/\"]}]},{\"@type\":\"ImageObject\",\"inLanguage\":\"en-US\",\"@id\":\"https:\/\/videstehnika.lv\/en\/catalog\/siltumizolacijas-materiali-en\/gaps-filling-insulation-material-grand-full\/#primaryimage\",\"url\":\"https:\/\/videstehnika.lv\/wp-content\/uploads\/2020\/07\/vides-tehnika-grand-full-granulas.jpg\",\"contentUrl\":\"https:\/\/videstehnika.lv\/wp-content\/uploads\/2020\/07\/vides-tehnika-grand-full-granulas.jpg\",\"width\":900,\"height\":900,\"caption\":\"Grand Full ir efekt\u012bvs siltumizol\u0101cijas materi\u0101ls, kas ir \u012bpa\u0161i piem\u0113rots vecu \u0113ku \u0101rsienu nosiltin\u0101\u0161anai, aizpildot gaisa spraugas un tuk\u0161os dobumus starp \u0101rsienu m\u016briem\"},{\"@type\":\"BreadcrumbList\",\"@id\":\"https:\/\/videstehnika.lv\/en\/catalog\/siltumizolacijas-materiali-en\/gaps-filling-insulation-material-grand-full\/#breadcrumb\",\"itemListElement\":[{\"@type\":\"ListItem\",\"position\":1,\"name\":\"Home\",\"item\":\"https:\/\/videstehnika.lv\/en\/\"},{\"@type\":\"ListItem\",\"position\":2,\"name\":\"Katalogs\",\"item\":\"https:\/\/videstehnika.lv\/en\/katalogs\/\"},{\"@type\":\"ListItem\",\"position\":3,\"name\":\"Gaps filling insulation material Grand Full\"}]},{\"@type\":\"WebSite\",\"@id\":\"https:\/\/videstehnika.lv\/en\/#website\",\"url\":\"https:\/\/videstehnika.lv\/en\/\",\"name\":\"Vides Tehnika\",\"description\":\"\",\"potentialAction\":[{\"@type\":\"SearchAction\",\"target\":{\"@type\":\"EntryPoint\",\"urlTemplate\":\"https:\/\/videstehnika.lv\/en\/?s={search_term_string}\"},\"query-input\":{\"@type\":\"PropertyValueSpecification\",\"valueRequired\":true,\"valueName\":\"search_term_string\"}}],\"inLanguage\":\"en-US\"}]}<\/script>\n<!-- \/ Yoast SEO plugin. -->","yoast_head_json":{"title":"Gaps filling insulation material Grand Full &#8226; Vides Tehnika","description":"Grand Full pellets is an effective thermal insulation material that is especially suitable for insulating the exterior walls of old buildings.","robots":{"index":"index","follow":"follow","max-snippet":"max-snippet:-1","max-image-preview":"max-image-preview:large","max-video-preview":"max-video-preview:-1"},"canonical":"https:\/\/videstehnika.lv\/en\/catalog\/siltumizolacijas-materiali-en\/gaps-filling-insulation-material-grand-full\/","og_locale":"en_US","og_type":"article","og_title":"Gaps filling insulation material Grand Full &#8226; Vides Tehnika","og_description":"Grand Full pellets is an effective thermal insulation material that is especially suitable for insulating the exterior walls of old buildings.","og_url":"https:\/\/videstehnika.lv\/en\/catalog\/siltumizolacijas-materiali-en\/gaps-filling-insulation-material-grand-full\/","og_site_name":"Vides Tehnika","article_modified_time":"2021-03-11T08:26:44+00:00","og_image":[{"width":900,"height":900,"url":"https:\/\/videstehnika.lv\/wp-content\/uploads\/2020\/07\/vides-tehnika-grand-full-granulas.jpg","type":"image\/jpeg"}],"twitter_card":"summary_large_image","twitter_misc":{"Est. reading time":"1 minute"},"schema":{"@context":"https:\/\/schema.org","@graph":[{"@type":"WebPage","@id":"https:\/\/videstehnika.lv\/en\/catalog\/siltumizolacijas-materiali-en\/gaps-filling-insulation-material-grand-full\/","url":"https:\/\/videstehnika.lv\/en\/catalog\/siltumizolacijas-materiali-en\/gaps-filling-insulation-material-grand-full\/","name":"Gaps filling insulation material Grand Full &#8226; Vides Tehnika","isPartOf":{"@id":"https:\/\/videstehnika.lv\/en\/#website"},"primaryImageOfPage":{"@id":"https:\/\/videstehnika.lv\/en\/catalog\/siltumizolacijas-materiali-en\/gaps-filling-insulation-material-grand-full\/#primaryimage"},"image":{"@id":"https:\/\/videstehnika.lv\/en\/catalog\/siltumizolacijas-materiali-en\/gaps-filling-insulation-material-grand-full\/#primaryimage"},"thumbnailUrl":"https:\/\/videstehnika.lv\/wp-content\/uploads\/2020\/07\/vides-tehnika-grand-full-granulas.jpg","datePublished":"2020-12-10T10:43:29+00:00","dateModified":"2021-03-11T08:26:44+00:00","description":"Grand Full pellets is an effective thermal insulation material that is especially suitable for insulating the exterior walls of old buildings.","breadcrumb":{"@id":"https:\/\/videstehnika.lv\/en\/catalog\/siltumizolacijas-materiali-en\/gaps-filling-insulation-material-grand-full\/#breadcrumb"},"inLanguage":"en-US","potentialAction":[{"@type":"ReadAction","target":["https:\/\/videstehnika.lv\/en\/catalog\/siltumizolacijas-materiali-en\/gaps-filling-insulation-material-grand-full\/"]}]},{"@type":"ImageObject","inLanguage":"en-US","@id":"https:\/\/videstehnika.lv\/en\/catalog\/siltumizolacijas-materiali-en\/gaps-filling-insulation-material-grand-full\/#primaryimage","url":"https:\/\/videstehnika.lv\/wp-content\/uploads\/2020\/07\/vides-tehnika-grand-full-granulas.jpg","contentUrl":"https:\/\/videstehnika.lv\/wp-content\/uploads\/2020\/07\/vides-tehnika-grand-full-granulas.jpg","width":900,"height":900,"caption":"Grand Full ir efekt\u012bvs siltumizol\u0101cijas materi\u0101ls, kas ir \u012bpa\u0161i piem\u0113rots vecu \u0113ku \u0101rsienu nosiltin\u0101\u0161anai, aizpildot gaisa spraugas un tuk\u0161os dobumus starp \u0101rsienu m\u016briem"},{"@type":"BreadcrumbList","@id":"https:\/\/videstehnika.lv\/en\/catalog\/siltumizolacijas-materiali-en\/gaps-filling-insulation-material-grand-full\/#breadcrumb","itemListElement":[{"@type":"ListItem","position":1,"name":"Home","item":"https:\/\/videstehnika.lv\/en\/"},{"@type":"ListItem","position":2,"name":"Katalogs","item":"https:\/\/videstehnika.lv\/en\/katalogs\/"},{"@type":"ListItem","position":3,"name":"Gaps filling insulation material Grand Full"}]},{"@type":"WebSite","@id":"https:\/\/videstehnika.lv\/en\/#website","url":"https:\/\/videstehnika.lv\/en\/","name":"Vides Tehnika","description":"","potentialAction":[{"@type":"SearchAction","target":{"@type":"EntryPoint","urlTemplate":"https:\/\/videstehnika.lv\/en\/?s={search_term_string}"},"query-input":{"@type":"PropertyValueSpecification","valueRequired":true,"valueName":"search_term_string"}}],"inLanguage":"en-US"}]}},"_links":{"self":[{"href":"https:\/\/videstehnika.lv\/en\/wp-json\/wp\/v2\/product\/7076","targetHints":{"allow":["GET"]}}],"collection":[{"href":"https:\/\/videstehnika.lv\/en\/wp-json\/wp\/v2\/product"}],"about":[{"href":"https:\/\/videstehnika.lv\/en\/wp-json\/wp\/v2\/types\/product"}],"wp:featuredmedia":[{"embeddable":true,"href":"https:\/\/videstehnika.lv\/en\/wp-json\/wp\/v2\/media\/3629"}],"wp:attachment":[{"href":"https:\/\/videstehnika.lv\/en\/wp-json\/wp\/v2\/media?parent=7076"}],"wp:term":[{"taxonomy":"product_cat","embeddable":true,"href":"https:\/\/videstehnika.lv\/en\/wp-json\/wp\/v2\/product_cat?post=7076"},{"taxonomy":"product_tag","embeddable":true,"href":"https:\/\/videstehnika.lv\/en\/wp-json\/wp\/v2\/product_tag?post=7076"}],"curies":[{"name":"wp","href":"https:\/\/api.w.org\/{rel}","templated":true}]}}