{"id":7120,"date":"2020-07-30T10:05:08","date_gmt":"2020-12-10T12:59:05","guid":{"rendered":"https:\/\/videstehnika.lv\/?post_type=product&#038;p=7120"},"modified":"2024-07-04T08:46:47","modified_gmt":"2024-07-04T05:46:47","slug":"alfa-flex-ultra-black-50mmx25m","status":"publish","type":"product","link":"https:\/\/videstehnika.lv\/en\/catalog\/limes-limlentas-en\/celtniecibas-limlentas-en\/alfa-flex-ultra-black-50mmx25m\/","title":{"rendered":"Alfa Flex Ultra Black, 50mmx25m"},"content":{"rendered":"<h2>Alfa Flex Ultra Black adhesive tape<\/h2>\n<p>Alfa Flex is a one-sided, high-strength film adhesive tape designed for durable sealing of joints in vapor-tight thermal insulation layers. The airtight construction capsule saves energy and protects the structure from damage.<\/p>\n<p>Alfa Flex is universally applicable in roof and interior constructions and, thanks to its flexible and flexible foil, is ideal for securing through-seams at the insulation level (eg exhaust pipes, electrical cable ducts, windows, rafters, cables, etc.). Ideal for installing joints in building panels (OSB boards).<\/p>\n<p>Can also be used to install through-seams and lay underground layers.<\/p>\n<h2><strong>Advantages of Alfa Flex Ultra Black<\/strong><\/h2>\n<ul>\n<li>Meets ZVDH and EnEV requirements;<\/li>\n<li>Free of solvents, chlorine and formaldehyde;<\/li>\n<li>High bonding;<\/li>\n<li>Special reinforced foil with increased flexibility;<\/li>\n<li>High abrasion resistance;<\/li>\n<li>Can be outdoors for 4 months;<\/li>\n<li>For internal and external use.<\/li>\n<\/ul>\n<h3><strong>Application of Alfa Flex Ultra Black<\/strong><\/h3>\n<ul>\n<li>In roof constructions<\/li>\n<\/ul>\n","protected":false},"excerpt":{"rendered":"<p>Alfa Flex Ultra Black adhesive tape Alfa Flex is a one-sided, high-strength film adhesive tape designed for durable sealing of<\/p>\n","protected":false},"featured_media":4900,"template":"","meta":{"_acf_changed":false},"product_cat":[449,447],"product_tag":[],"class_list":{"0":"post-7120","1":"product","2":"type-product","3":"status-publish","4":"has-post-thumbnail","6":"product_cat-celtniecibas-limlentas-en","7":"product_cat-limes-limlentas-en","9":"first","10":"onbackorder","11":"taxable","12":"shipping-taxable","13":"purchasable","14":"product-type-simple"},"acf":[],"yoast_head":"<!-- This site is optimized with the Yoast SEO plugin v24.2 - https:\/\/yoast.com\/wordpress\/plugins\/seo\/ -->\n<title>Alfa Flex Ultra Black, 50mmx25m adhesive tape &#8226; Vides Tehnika<\/title>\n<meta name=\"description\" content=\"AlfaFlex is a one-sided, high-strength film adhesive tape designed for durable sealing of joints in vapor-tight thermal insulation layers.\" \/>\n<meta name=\"robots\" content=\"index, follow, max-snippet:-1, max-image-preview:large, max-video-preview:-1\" \/>\n<link rel=\"canonical\" href=\"https:\/\/videstehnika.lv\/en\/catalog\/limes-limlentas-en\/celtniecibas-limlentas-en\/alfa-flex-ultra-black-50mmx25m\/\" \/>\n<meta property=\"og:locale\" content=\"en_US\" \/>\n<meta property=\"og:type\" content=\"article\" \/>\n<meta property=\"og:title\" content=\"Alfa Flex Ultra Black, 50mmx25m adhesive tape &#8226; Vides Tehnika\" \/>\n<meta property=\"og:description\" content=\"AlfaFlex is a one-sided, high-strength film adhesive tape designed for durable sealing of joints in vapor-tight thermal insulation layers.\" \/>\n<meta property=\"og:url\" content=\"https:\/\/videstehnika.lv\/en\/catalog\/limes-limlentas-en\/celtniecibas-limlentas-en\/alfa-flex-ultra-black-50mmx25m\/\" \/>\n<meta property=\"og:site_name\" content=\"Vides Tehnika\" \/>\n<meta property=\"article:modified_time\" content=\"2024-07-04T05:46:47+00:00\" \/>\n<meta property=\"og:image\" content=\"https:\/\/videstehnika.lv\/wp-content\/uploads\/2020\/07\/vides-tehnika-alfa-flex-ultra-black.jpg\" \/>\n\t<meta property=\"og:image:width\" content=\"900\" \/>\n\t<meta property=\"og:image:height\" content=\"900\" \/>\n\t<meta property=\"og:image:type\" content=\"image\/jpeg\" \/>\n<meta name=\"twitter:card\" content=\"summary_large_image\" \/>\n<meta name=\"twitter:label1\" content=\"Est. reading time\" \/>\n\t<meta name=\"twitter:data1\" content=\"1 minute\" \/>\n<script type=\"application\/ld+json\" class=\"yoast-schema-graph\">{\"@context\":\"https:\/\/schema.org\",\"@graph\":[{\"@type\":\"WebPage\",\"@id\":\"https:\/\/videstehnika.lv\/en\/catalog\/limes-limlentas-en\/celtniecibas-limlentas-en\/alfa-flex-ultra-black-50mmx25m\/\",\"url\":\"https:\/\/videstehnika.lv\/en\/catalog\/limes-limlentas-en\/celtniecibas-limlentas-en\/alfa-flex-ultra-black-50mmx25m\/\",\"name\":\"Alfa Flex Ultra Black, 50mmx25m adhesive tape &#8226; Vides Tehnika\",\"isPartOf\":{\"@id\":\"https:\/\/videstehnika.lv\/en\/#website\"},\"primaryImageOfPage\":{\"@id\":\"https:\/\/videstehnika.lv\/en\/catalog\/limes-limlentas-en\/celtniecibas-limlentas-en\/alfa-flex-ultra-black-50mmx25m\/#primaryimage\"},\"image\":{\"@id\":\"https:\/\/videstehnika.lv\/en\/catalog\/limes-limlentas-en\/celtniecibas-limlentas-en\/alfa-flex-ultra-black-50mmx25m\/#primaryimage\"},\"thumbnailUrl\":\"https:\/\/videstehnika.lv\/wp-content\/uploads\/2020\/07\/vides-tehnika-alfa-flex-ultra-black.jpg\",\"datePublished\":\"2020-12-10T12:59:05+00:00\",\"dateModified\":\"2024-07-04T05:46:47+00:00\",\"description\":\"AlfaFlex is a one-sided, high-strength film adhesive tape designed for durable sealing of joints in vapor-tight thermal insulation layers.\",\"breadcrumb\":{\"@id\":\"https:\/\/videstehnika.lv\/en\/catalog\/limes-limlentas-en\/celtniecibas-limlentas-en\/alfa-flex-ultra-black-50mmx25m\/#breadcrumb\"},\"inLanguage\":\"en-US\",\"potentialAction\":[{\"@type\":\"ReadAction\",\"target\":[\"https:\/\/videstehnika.lv\/en\/catalog\/limes-limlentas-en\/celtniecibas-limlentas-en\/alfa-flex-ultra-black-50mmx25m\/\"]}]},{\"@type\":\"ImageObject\",\"inLanguage\":\"en-US\",\"@id\":\"https:\/\/videstehnika.lv\/en\/catalog\/limes-limlentas-en\/celtniecibas-limlentas-en\/alfa-flex-ultra-black-50mmx25m\/#primaryimage\",\"url\":\"https:\/\/videstehnika.lv\/wp-content\/uploads\/2020\/07\/vides-tehnika-alfa-flex-ultra-black.jpg\",\"contentUrl\":\"https:\/\/videstehnika.lv\/wp-content\/uploads\/2020\/07\/vides-tehnika-alfa-flex-ultra-black.jpg\",\"width\":900,\"height\":900,\"caption\":\"AlfaFlex ir vienpus\u0113ja, \u012bpa\u0161i sp\u0113c\u012bgas iedarb\u012bbas pl\u0113ves l\u012bmlente, kas paredz\u0113ta tvaikus necaurlaid\u012bgas siltumizol\u0101cijas sl\u0101\u0146u segumu iztur\u012bgai \u0161uvju hermetiz\u0101cijai.\"},{\"@type\":\"BreadcrumbList\",\"@id\":\"https:\/\/videstehnika.lv\/en\/catalog\/limes-limlentas-en\/celtniecibas-limlentas-en\/alfa-flex-ultra-black-50mmx25m\/#breadcrumb\",\"itemListElement\":[{\"@type\":\"ListItem\",\"position\":1,\"name\":\"Home\",\"item\":\"https:\/\/videstehnika.lv\/en\/\"},{\"@type\":\"ListItem\",\"position\":2,\"name\":\"Katalogs\",\"item\":\"https:\/\/videstehnika.lv\/en\/katalogs\/\"},{\"@type\":\"ListItem\",\"position\":3,\"name\":\"Alfa Flex Ultra Black, 50mmx25m\"}]},{\"@type\":\"WebSite\",\"@id\":\"https:\/\/videstehnika.lv\/en\/#website\",\"url\":\"https:\/\/videstehnika.lv\/en\/\",\"name\":\"Vides Tehnika\",\"description\":\"\",\"potentialAction\":[{\"@type\":\"SearchAction\",\"target\":{\"@type\":\"EntryPoint\",\"urlTemplate\":\"https:\/\/videstehnika.lv\/en\/?s={search_term_string}\"},\"query-input\":{\"@type\":\"PropertyValueSpecification\",\"valueRequired\":true,\"valueName\":\"search_term_string\"}}],\"inLanguage\":\"en-US\"}]}<\/script>\n<!-- \/ Yoast SEO plugin. -->","yoast_head_json":{"title":"Alfa Flex Ultra Black, 50mmx25m adhesive tape &#8226; Vides Tehnika","description":"AlfaFlex is a one-sided, high-strength film adhesive tape designed for durable sealing of joints in vapor-tight thermal insulation layers.","robots":{"index":"index","follow":"follow","max-snippet":"max-snippet:-1","max-image-preview":"max-image-preview:large","max-video-preview":"max-video-preview:-1"},"canonical":"https:\/\/videstehnika.lv\/en\/catalog\/limes-limlentas-en\/celtniecibas-limlentas-en\/alfa-flex-ultra-black-50mmx25m\/","og_locale":"en_US","og_type":"article","og_title":"Alfa Flex Ultra Black, 50mmx25m adhesive tape &#8226; Vides Tehnika","og_description":"AlfaFlex is a one-sided, high-strength film adhesive tape designed for durable sealing of joints in vapor-tight thermal insulation layers.","og_url":"https:\/\/videstehnika.lv\/en\/catalog\/limes-limlentas-en\/celtniecibas-limlentas-en\/alfa-flex-ultra-black-50mmx25m\/","og_site_name":"Vides Tehnika","article_modified_time":"2024-07-04T05:46:47+00:00","og_image":[{"width":900,"height":900,"url":"https:\/\/videstehnika.lv\/wp-content\/uploads\/2020\/07\/vides-tehnika-alfa-flex-ultra-black.jpg","type":"image\/jpeg"}],"twitter_card":"summary_large_image","twitter_misc":{"Est. reading time":"1 minute"},"schema":{"@context":"https:\/\/schema.org","@graph":[{"@type":"WebPage","@id":"https:\/\/videstehnika.lv\/en\/catalog\/limes-limlentas-en\/celtniecibas-limlentas-en\/alfa-flex-ultra-black-50mmx25m\/","url":"https:\/\/videstehnika.lv\/en\/catalog\/limes-limlentas-en\/celtniecibas-limlentas-en\/alfa-flex-ultra-black-50mmx25m\/","name":"Alfa Flex Ultra Black, 50mmx25m adhesive tape &#8226; Vides Tehnika","isPartOf":{"@id":"https:\/\/videstehnika.lv\/en\/#website"},"primaryImageOfPage":{"@id":"https:\/\/videstehnika.lv\/en\/catalog\/limes-limlentas-en\/celtniecibas-limlentas-en\/alfa-flex-ultra-black-50mmx25m\/#primaryimage"},"image":{"@id":"https:\/\/videstehnika.lv\/en\/catalog\/limes-limlentas-en\/celtniecibas-limlentas-en\/alfa-flex-ultra-black-50mmx25m\/#primaryimage"},"thumbnailUrl":"https:\/\/videstehnika.lv\/wp-content\/uploads\/2020\/07\/vides-tehnika-alfa-flex-ultra-black.jpg","datePublished":"2020-12-10T12:59:05+00:00","dateModified":"2024-07-04T05:46:47+00:00","description":"AlfaFlex is a one-sided, high-strength film adhesive tape designed for durable sealing of joints in vapor-tight thermal insulation layers.","breadcrumb":{"@id":"https:\/\/videstehnika.lv\/en\/catalog\/limes-limlentas-en\/celtniecibas-limlentas-en\/alfa-flex-ultra-black-50mmx25m\/#breadcrumb"},"inLanguage":"en-US","potentialAction":[{"@type":"ReadAction","target":["https:\/\/videstehnika.lv\/en\/catalog\/limes-limlentas-en\/celtniecibas-limlentas-en\/alfa-flex-ultra-black-50mmx25m\/"]}]},{"@type":"ImageObject","inLanguage":"en-US","@id":"https:\/\/videstehnika.lv\/en\/catalog\/limes-limlentas-en\/celtniecibas-limlentas-en\/alfa-flex-ultra-black-50mmx25m\/#primaryimage","url":"https:\/\/videstehnika.lv\/wp-content\/uploads\/2020\/07\/vides-tehnika-alfa-flex-ultra-black.jpg","contentUrl":"https:\/\/videstehnika.lv\/wp-content\/uploads\/2020\/07\/vides-tehnika-alfa-flex-ultra-black.jpg","width":900,"height":900,"caption":"AlfaFlex ir vienpus\u0113ja, \u012bpa\u0161i sp\u0113c\u012bgas iedarb\u012bbas pl\u0113ves l\u012bmlente, kas paredz\u0113ta tvaikus necaurlaid\u012bgas siltumizol\u0101cijas sl\u0101\u0146u segumu iztur\u012bgai \u0161uvju hermetiz\u0101cijai."},{"@type":"BreadcrumbList","@id":"https:\/\/videstehnika.lv\/en\/catalog\/limes-limlentas-en\/celtniecibas-limlentas-en\/alfa-flex-ultra-black-50mmx25m\/#breadcrumb","itemListElement":[{"@type":"ListItem","position":1,"name":"Home","item":"https:\/\/videstehnika.lv\/en\/"},{"@type":"ListItem","position":2,"name":"Katalogs","item":"https:\/\/videstehnika.lv\/en\/katalogs\/"},{"@type":"ListItem","position":3,"name":"Alfa Flex Ultra Black, 50mmx25m"}]},{"@type":"WebSite","@id":"https:\/\/videstehnika.lv\/en\/#website","url":"https:\/\/videstehnika.lv\/en\/","name":"Vides Tehnika","description":"","potentialAction":[{"@type":"SearchAction","target":{"@type":"EntryPoint","urlTemplate":"https:\/\/videstehnika.lv\/en\/?s={search_term_string}"},"query-input":{"@type":"PropertyValueSpecification","valueRequired":true,"valueName":"search_term_string"}}],"inLanguage":"en-US"}]}},"_links":{"self":[{"href":"https:\/\/videstehnika.lv\/en\/wp-json\/wp\/v2\/product\/7120","targetHints":{"allow":["GET"]}}],"collection":[{"href":"https:\/\/videstehnika.lv\/en\/wp-json\/wp\/v2\/product"}],"about":[{"href":"https:\/\/videstehnika.lv\/en\/wp-json\/wp\/v2\/types\/product"}],"wp:featuredmedia":[{"embeddable":true,"href":"https:\/\/videstehnika.lv\/en\/wp-json\/wp\/v2\/media\/4900"}],"wp:attachment":[{"href":"https:\/\/videstehnika.lv\/en\/wp-json\/wp\/v2\/media?parent=7120"}],"wp:term":[{"taxonomy":"product_cat","embeddable":true,"href":"https:\/\/videstehnika.lv\/en\/wp-json\/wp\/v2\/product_cat?post=7120"},{"taxonomy":"product_tag","embeddable":true,"href":"https:\/\/videstehnika.lv\/en\/wp-json\/wp\/v2\/product_tag?post=7120"}],"curies":[{"name":"wp","href":"https:\/\/api.w.org\/{rel}","templated":true}]}}