{"id":7182,"date":"2020-08-18T13:22:21","date_gmt":"2020-12-11T10:15:49","guid":{"rendered":"https:\/\/videstehnika.lv\/?post_type=product&#038;p=7182"},"modified":"2021-11-07T14:11:00","modified_gmt":"2021-11-07T12:11:00","slug":"wood-pellets-stali-15kg","status":"publish","type":"product","link":"https:\/\/videstehnika.lv\/en\/catalog\/apkure-en\/kurinamais-en\/wood-pellets-stali-15kg\/","title":{"rendered":"Wood pellets &#8220;Sta\u013ci&#8221;, 15kg"},"content":{"rendered":"<h2>Wood pellets &#8220;Sta\u013ci&#8221;<\/h2>\n<p>High quality wood pellets. Dried shavings and sawdust are used in their production. Dried sawdust and shavings were ground in a mill and pressed using 6 mm diameter dies.<\/p>\n<p>Increasing the pressure raises the temperature of the raw material needed to activate the lignin from the wood fiber cells. Lignin contains granules together. No other binders are used in the production of pellets.<\/p>\n<p>Wood pellets are a biomass fuel. Biomass allows the absorbed solar energy to be used for space heating. Wood pellets are a renewable fuel that is environmentally friendly and burns to generate heat.<\/p>\n<p>.<\/p>\n","protected":false},"excerpt":{"rendered":"<p>The price is for a bag<\/p>\n<p>Number of bags on the pallet: 64 pc<\/p>\n","protected":false},"featured_media":5483,"template":"","meta":{"_acf_changed":false},"product_cat":[399,1001],"product_tag":[],"class_list":{"0":"post-7182","1":"product","2":"type-product","3":"status-publish","4":"has-post-thumbnail","6":"product_cat-apkure-en","7":"product_cat-kurinamais-en","9":"first","10":"outofstock","11":"featured","12":"taxable","13":"shipping-taxable","14":"purchasable","15":"product-type-simple"},"acf":[],"yoast_head":"<!-- This site is optimized with the Yoast SEO plugin v24.2 - https:\/\/yoast.com\/wordpress\/plugins\/seo\/ -->\n<title>High quality Wood pellets &quot;Sta\u013ci&quot;, 15kg &#8226; Vides Tehnika<\/title>\n<meta name=\"description\" content=\"Wood pellets are a biomass fuel that allows the absorbed solar energy to be used for space heating and burns to generate heat.\" \/>\n<meta name=\"robots\" content=\"index, follow, max-snippet:-1, max-image-preview:large, max-video-preview:-1\" \/>\n<link rel=\"canonical\" href=\"https:\/\/videstehnika.lv\/en\/catalog\/apkure-en\/kurinamais-en\/wood-pellets-stali-15kg\/\" \/>\n<meta property=\"og:locale\" content=\"en_US\" \/>\n<meta property=\"og:type\" content=\"article\" \/>\n<meta property=\"og:title\" content=\"High quality Wood pellets &quot;Sta\u013ci&quot;, 15kg &#8226; Vides Tehnika\" \/>\n<meta property=\"og:description\" content=\"Wood pellets are a biomass fuel that allows the absorbed solar energy to be used for space heating and burns to generate heat.\" \/>\n<meta property=\"og:url\" content=\"https:\/\/videstehnika.lv\/en\/catalog\/apkure-en\/kurinamais-en\/wood-pellets-stali-15kg\/\" \/>\n<meta property=\"og:site_name\" content=\"Vides Tehnika\" \/>\n<meta property=\"article:modified_time\" content=\"2021-11-07T12:11:00+00:00\" \/>\n<meta property=\"og:image\" content=\"https:\/\/videstehnika.lv\/wp-content\/uploads\/2020\/08\/kokskaidu-granulas-stali.jpg\" \/>\n\t<meta property=\"og:image:width\" content=\"900\" \/>\n\t<meta property=\"og:image:height\" content=\"900\" \/>\n\t<meta property=\"og:image:type\" content=\"image\/jpeg\" \/>\n<meta name=\"twitter:card\" content=\"summary_large_image\" \/>\n<script type=\"application\/ld+json\" class=\"yoast-schema-graph\">{\"@context\":\"https:\/\/schema.org\",\"@graph\":[{\"@type\":\"WebPage\",\"@id\":\"https:\/\/videstehnika.lv\/en\/catalog\/apkure-en\/kurinamais-en\/wood-pellets-stali-15kg\/\",\"url\":\"https:\/\/videstehnika.lv\/en\/catalog\/apkure-en\/kurinamais-en\/wood-pellets-stali-15kg\/\",\"name\":\"High quality Wood pellets \\\"Sta\u013ci\\\", 15kg &#8226; Vides Tehnika\",\"isPartOf\":{\"@id\":\"https:\/\/videstehnika.lv\/en\/#website\"},\"primaryImageOfPage\":{\"@id\":\"https:\/\/videstehnika.lv\/en\/catalog\/apkure-en\/kurinamais-en\/wood-pellets-stali-15kg\/#primaryimage\"},\"image\":{\"@id\":\"https:\/\/videstehnika.lv\/en\/catalog\/apkure-en\/kurinamais-en\/wood-pellets-stali-15kg\/#primaryimage\"},\"thumbnailUrl\":\"https:\/\/videstehnika.lv\/wp-content\/uploads\/2020\/08\/kokskaidu-granulas-stali.jpg\",\"datePublished\":\"2020-12-11T10:15:49+00:00\",\"dateModified\":\"2021-11-07T12:11:00+00:00\",\"description\":\"Wood pellets are a biomass fuel that allows the absorbed solar energy to be used for space heating and burns to generate heat.\",\"breadcrumb\":{\"@id\":\"https:\/\/videstehnika.lv\/en\/catalog\/apkure-en\/kurinamais-en\/wood-pellets-stali-15kg\/#breadcrumb\"},\"inLanguage\":\"en-US\",\"potentialAction\":[{\"@type\":\"ReadAction\",\"target\":[\"https:\/\/videstehnika.lv\/en\/catalog\/apkure-en\/kurinamais-en\/wood-pellets-stali-15kg\/\"]}]},{\"@type\":\"ImageObject\",\"inLanguage\":\"en-US\",\"@id\":\"https:\/\/videstehnika.lv\/en\/catalog\/apkure-en\/kurinamais-en\/wood-pellets-stali-15kg\/#primaryimage\",\"url\":\"https:\/\/videstehnika.lv\/wp-content\/uploads\/2020\/08\/kokskaidu-granulas-stali.jpg\",\"contentUrl\":\"https:\/\/videstehnika.lv\/wp-content\/uploads\/2020\/08\/kokskaidu-granulas-stali.jpg\",\"width\":900,\"height\":900,\"caption\":\"Augstas kvalit\u0101tes kokskaidu granulas. To ra\u017eo\u0161an\u0101 tiek izmantotas \u017e\u0101v\u0113tas \u0113ve\u013cskaidas un z\u0101\u0123skaidas.\"},{\"@type\":\"BreadcrumbList\",\"@id\":\"https:\/\/videstehnika.lv\/en\/catalog\/apkure-en\/kurinamais-en\/wood-pellets-stali-15kg\/#breadcrumb\",\"itemListElement\":[{\"@type\":\"ListItem\",\"position\":1,\"name\":\"Home\",\"item\":\"https:\/\/videstehnika.lv\/en\/\"},{\"@type\":\"ListItem\",\"position\":2,\"name\":\"Katalogs\",\"item\":\"https:\/\/videstehnika.lv\/en\/katalogs\/\"},{\"@type\":\"ListItem\",\"position\":3,\"name\":\"Wood pellets &#8220;Sta\u013ci&#8221;, 15kg\"}]},{\"@type\":\"WebSite\",\"@id\":\"https:\/\/videstehnika.lv\/en\/#website\",\"url\":\"https:\/\/videstehnika.lv\/en\/\",\"name\":\"Vides Tehnika\",\"description\":\"\",\"potentialAction\":[{\"@type\":\"SearchAction\",\"target\":{\"@type\":\"EntryPoint\",\"urlTemplate\":\"https:\/\/videstehnika.lv\/en\/?s={search_term_string}\"},\"query-input\":{\"@type\":\"PropertyValueSpecification\",\"valueRequired\":true,\"valueName\":\"search_term_string\"}}],\"inLanguage\":\"en-US\"}]}<\/script>\n<!-- \/ Yoast SEO plugin. -->","yoast_head_json":{"title":"High quality Wood pellets \"Sta\u013ci\", 15kg &#8226; Vides Tehnika","description":"Wood pellets are a biomass fuel that allows the absorbed solar energy to be used for space heating and burns to generate heat.","robots":{"index":"index","follow":"follow","max-snippet":"max-snippet:-1","max-image-preview":"max-image-preview:large","max-video-preview":"max-video-preview:-1"},"canonical":"https:\/\/videstehnika.lv\/en\/catalog\/apkure-en\/kurinamais-en\/wood-pellets-stali-15kg\/","og_locale":"en_US","og_type":"article","og_title":"High quality Wood pellets \"Sta\u013ci\", 15kg &#8226; Vides Tehnika","og_description":"Wood pellets are a biomass fuel that allows the absorbed solar energy to be used for space heating and burns to generate heat.","og_url":"https:\/\/videstehnika.lv\/en\/catalog\/apkure-en\/kurinamais-en\/wood-pellets-stali-15kg\/","og_site_name":"Vides Tehnika","article_modified_time":"2021-11-07T12:11:00+00:00","og_image":[{"width":900,"height":900,"url":"https:\/\/videstehnika.lv\/wp-content\/uploads\/2020\/08\/kokskaidu-granulas-stali.jpg","type":"image\/jpeg"}],"twitter_card":"summary_large_image","schema":{"@context":"https:\/\/schema.org","@graph":[{"@type":"WebPage","@id":"https:\/\/videstehnika.lv\/en\/catalog\/apkure-en\/kurinamais-en\/wood-pellets-stali-15kg\/","url":"https:\/\/videstehnika.lv\/en\/catalog\/apkure-en\/kurinamais-en\/wood-pellets-stali-15kg\/","name":"High quality Wood pellets \"Sta\u013ci\", 15kg &#8226; Vides Tehnika","isPartOf":{"@id":"https:\/\/videstehnika.lv\/en\/#website"},"primaryImageOfPage":{"@id":"https:\/\/videstehnika.lv\/en\/catalog\/apkure-en\/kurinamais-en\/wood-pellets-stali-15kg\/#primaryimage"},"image":{"@id":"https:\/\/videstehnika.lv\/en\/catalog\/apkure-en\/kurinamais-en\/wood-pellets-stali-15kg\/#primaryimage"},"thumbnailUrl":"https:\/\/videstehnika.lv\/wp-content\/uploads\/2020\/08\/kokskaidu-granulas-stali.jpg","datePublished":"2020-12-11T10:15:49+00:00","dateModified":"2021-11-07T12:11:00+00:00","description":"Wood pellets are a biomass fuel that allows the absorbed solar energy to be used for space heating and burns to generate heat.","breadcrumb":{"@id":"https:\/\/videstehnika.lv\/en\/catalog\/apkure-en\/kurinamais-en\/wood-pellets-stali-15kg\/#breadcrumb"},"inLanguage":"en-US","potentialAction":[{"@type":"ReadAction","target":["https:\/\/videstehnika.lv\/en\/catalog\/apkure-en\/kurinamais-en\/wood-pellets-stali-15kg\/"]}]},{"@type":"ImageObject","inLanguage":"en-US","@id":"https:\/\/videstehnika.lv\/en\/catalog\/apkure-en\/kurinamais-en\/wood-pellets-stali-15kg\/#primaryimage","url":"https:\/\/videstehnika.lv\/wp-content\/uploads\/2020\/08\/kokskaidu-granulas-stali.jpg","contentUrl":"https:\/\/videstehnika.lv\/wp-content\/uploads\/2020\/08\/kokskaidu-granulas-stali.jpg","width":900,"height":900,"caption":"Augstas kvalit\u0101tes kokskaidu granulas. To ra\u017eo\u0161an\u0101 tiek izmantotas \u017e\u0101v\u0113tas \u0113ve\u013cskaidas un z\u0101\u0123skaidas."},{"@type":"BreadcrumbList","@id":"https:\/\/videstehnika.lv\/en\/catalog\/apkure-en\/kurinamais-en\/wood-pellets-stali-15kg\/#breadcrumb","itemListElement":[{"@type":"ListItem","position":1,"name":"Home","item":"https:\/\/videstehnika.lv\/en\/"},{"@type":"ListItem","position":2,"name":"Katalogs","item":"https:\/\/videstehnika.lv\/en\/katalogs\/"},{"@type":"ListItem","position":3,"name":"Wood pellets &#8220;Sta\u013ci&#8221;, 15kg"}]},{"@type":"WebSite","@id":"https:\/\/videstehnika.lv\/en\/#website","url":"https:\/\/videstehnika.lv\/en\/","name":"Vides Tehnika","description":"","potentialAction":[{"@type":"SearchAction","target":{"@type":"EntryPoint","urlTemplate":"https:\/\/videstehnika.lv\/en\/?s={search_term_string}"},"query-input":{"@type":"PropertyValueSpecification","valueRequired":true,"valueName":"search_term_string"}}],"inLanguage":"en-US"}]}},"_links":{"self":[{"href":"https:\/\/videstehnika.lv\/en\/wp-json\/wp\/v2\/product\/7182","targetHints":{"allow":["GET"]}}],"collection":[{"href":"https:\/\/videstehnika.lv\/en\/wp-json\/wp\/v2\/product"}],"about":[{"href":"https:\/\/videstehnika.lv\/en\/wp-json\/wp\/v2\/types\/product"}],"wp:featuredmedia":[{"embeddable":true,"href":"https:\/\/videstehnika.lv\/en\/wp-json\/wp\/v2\/media\/5483"}],"wp:attachment":[{"href":"https:\/\/videstehnika.lv\/en\/wp-json\/wp\/v2\/media?parent=7182"}],"wp:term":[{"taxonomy":"product_cat","embeddable":true,"href":"https:\/\/videstehnika.lv\/en\/wp-json\/wp\/v2\/product_cat?post=7182"},{"taxonomy":"product_tag","embeddable":true,"href":"https:\/\/videstehnika.lv\/en\/wp-json\/wp\/v2\/product_tag?post=7182"}],"curies":[{"name":"wp","href":"https:\/\/api.w.org\/{rel}","templated":true}]}}