{"id":7201,"date":"2020-08-19T12:58:52","date_gmt":"2020-12-11T11:37:10","guid":{"rendered":"https:\/\/videstehnika.lv\/?post_type=product&#038;p=7201"},"modified":"2021-11-07T14:28:40","modified_gmt":"2021-11-07T12:28:40","slug":"krendl-2300-installation-equipment","status":"publish","type":"product","link":"https:\/\/videstehnika.lv\/en\/catalog\/iestrades-iekartas-en\/krendl-iekartas-en\/krendl-2300-installation-equipment\/","title":{"rendered":"Krendl 2300 installation equipment"},"content":{"rendered":"<h2>Krendl 2300 installation equipment<\/h2>\n<p>Increase your productivity with the Krendl 2300, a powerful and professional thermal insulation material from the US manufacturer Krendl Machine Company, ideal for the application of eco-wool and bulk mineral wool.<\/p>\n<p>The large and powerful compressor of the device will ensure fast incorporation of a large amount of thermal insulation materials for professional insulation works. This device is one of the most powerful and productive among the models of portable electrical thermal insulation equipment.<\/p>\n<h2><strong>Productivity for different types of materials<\/strong><\/h2>\n<ul>\n<li>Ecowool &#8211; 1362kg \/ h shredder + double 3-stage blower; shredder + quadruple 3-stage blower<\/li>\n<li>Rock wool &#8211; 908kg \/ h shredder + double 3-stage blower; shredder + quadruple 3-stage blower<\/li>\n<li>Mineral wool &#8211; 454kg \/ h shredder + double 3-stage blower; 590kg \/ h shredder + quadruple 3-stage blower<\/li>\n<\/ul>\n<p>Material density and application conditions can affect the productivity of the material application equipment.<\/p>\n<p>More information on the manufacturer&#8217;s website: <a target=\"_blank\" href=\"http:\/\/krendlmachine.com\/\" rel=\"noopener\">www.krendlmachine.com<\/a><\/p>\n","protected":false},"excerpt":{"rendered":"<p>Krendl 2300 installation equipment Increase your productivity with the Krendl 2300, a powerful and professional thermal insulation material from the<\/p>\n","protected":false},"featured_media":5561,"template":"","meta":{"_acf_changed":false},"product_cat":[437,435],"product_tag":[],"class_list":{"0":"post-7201","1":"product","2":"type-product","3":"status-publish","4":"has-post-thumbnail","6":"product_cat-krendl-iekartas-en","7":"product_cat-iestrades-iekartas-en","9":"first","10":"onbackorder","11":"taxable","12":"shipping-taxable","13":"purchasable","14":"product-type-simple"},"acf":[],"yoast_head":"<!-- This site is optimized with the Yoast SEO plugin v24.2 - https:\/\/yoast.com\/wordpress\/plugins\/seo\/ -->\n<title>Krendl 2300 installation equipment &#8226; Vides Tehnika<\/title>\n<meta name=\"description\" content=\"Krendl 2300, a powerful and professional thermal insulation material from the US manufacturer Krendl Machine Company.\" \/>\n<meta name=\"robots\" content=\"index, follow, max-snippet:-1, max-image-preview:large, max-video-preview:-1\" \/>\n<link rel=\"canonical\" href=\"https:\/\/videstehnika.lv\/en\/catalog\/iestrades-iekartas-en\/krendl-iekartas-en\/krendl-2300-installation-equipment\/\" \/>\n<meta property=\"og:locale\" content=\"en_US\" \/>\n<meta property=\"og:type\" content=\"article\" \/>\n<meta property=\"og:title\" content=\"Krendl 2300 installation equipment &#8226; Vides Tehnika\" \/>\n<meta property=\"og:description\" content=\"Krendl 2300, a powerful and professional thermal insulation material from the US manufacturer Krendl Machine Company.\" \/>\n<meta property=\"og:url\" content=\"https:\/\/videstehnika.lv\/en\/catalog\/iestrades-iekartas-en\/krendl-iekartas-en\/krendl-2300-installation-equipment\/\" \/>\n<meta property=\"og:site_name\" content=\"Vides Tehnika\" \/>\n<meta property=\"article:modified_time\" content=\"2021-11-07T12:28:40+00:00\" \/>\n<meta property=\"og:image\" content=\"https:\/\/videstehnika.lv\/wp-content\/uploads\/2020\/08\/Krendl-2300.jpg\" \/>\n\t<meta property=\"og:image:width\" content=\"900\" \/>\n\t<meta property=\"og:image:height\" content=\"900\" \/>\n\t<meta property=\"og:image:type\" content=\"image\/jpeg\" \/>\n<meta name=\"twitter:card\" content=\"summary_large_image\" \/>\n<meta name=\"twitter:label1\" content=\"Est. reading time\" \/>\n\t<meta name=\"twitter:data1\" content=\"1 minute\" \/>\n<script type=\"application\/ld+json\" class=\"yoast-schema-graph\">{\"@context\":\"https:\/\/schema.org\",\"@graph\":[{\"@type\":\"WebPage\",\"@id\":\"https:\/\/videstehnika.lv\/en\/catalog\/iestrades-iekartas-en\/krendl-iekartas-en\/krendl-2300-installation-equipment\/\",\"url\":\"https:\/\/videstehnika.lv\/en\/catalog\/iestrades-iekartas-en\/krendl-iekartas-en\/krendl-2300-installation-equipment\/\",\"name\":\"Krendl 2300 installation equipment &#8226; Vides Tehnika\",\"isPartOf\":{\"@id\":\"https:\/\/videstehnika.lv\/en\/#website\"},\"primaryImageOfPage\":{\"@id\":\"https:\/\/videstehnika.lv\/en\/catalog\/iestrades-iekartas-en\/krendl-iekartas-en\/krendl-2300-installation-equipment\/#primaryimage\"},\"image\":{\"@id\":\"https:\/\/videstehnika.lv\/en\/catalog\/iestrades-iekartas-en\/krendl-iekartas-en\/krendl-2300-installation-equipment\/#primaryimage\"},\"thumbnailUrl\":\"https:\/\/videstehnika.lv\/wp-content\/uploads\/2020\/08\/Krendl-2300.jpg\",\"datePublished\":\"2020-12-11T11:37:10+00:00\",\"dateModified\":\"2021-11-07T12:28:40+00:00\",\"description\":\"Krendl 2300, a powerful and professional thermal insulation material from the US manufacturer Krendl Machine Company.\",\"breadcrumb\":{\"@id\":\"https:\/\/videstehnika.lv\/en\/catalog\/iestrades-iekartas-en\/krendl-iekartas-en\/krendl-2300-installation-equipment\/#breadcrumb\"},\"inLanguage\":\"en-US\",\"potentialAction\":[{\"@type\":\"ReadAction\",\"target\":[\"https:\/\/videstehnika.lv\/en\/catalog\/iestrades-iekartas-en\/krendl-iekartas-en\/krendl-2300-installation-equipment\/\"]}]},{\"@type\":\"ImageObject\",\"inLanguage\":\"en-US\",\"@id\":\"https:\/\/videstehnika.lv\/en\/catalog\/iestrades-iekartas-en\/krendl-iekartas-en\/krendl-2300-installation-equipment\/#primaryimage\",\"url\":\"https:\/\/videstehnika.lv\/wp-content\/uploads\/2020\/08\/Krendl-2300.jpg\",\"contentUrl\":\"https:\/\/videstehnika.lv\/wp-content\/uploads\/2020\/08\/Krendl-2300.jpg\",\"width\":900,\"height\":900,\"caption\":\"Krendl 2300 \u2013 jaud\u012bga un profesion\u0101la siltumizol\u0101cijas materi\u0101lu iestr\u0101des iek\u0101rtu, kas ir ide\u0101li piem\u0113rota ekovates un beram\u0101s miner\u0101lvates iestr\u0101dei.\"},{\"@type\":\"BreadcrumbList\",\"@id\":\"https:\/\/videstehnika.lv\/en\/catalog\/iestrades-iekartas-en\/krendl-iekartas-en\/krendl-2300-installation-equipment\/#breadcrumb\",\"itemListElement\":[{\"@type\":\"ListItem\",\"position\":1,\"name\":\"Home\",\"item\":\"https:\/\/videstehnika.lv\/en\/\"},{\"@type\":\"ListItem\",\"position\":2,\"name\":\"Katalogs\",\"item\":\"https:\/\/videstehnika.lv\/en\/katalogs\/\"},{\"@type\":\"ListItem\",\"position\":3,\"name\":\"Krendl 2300 installation equipment\"}]},{\"@type\":\"WebSite\",\"@id\":\"https:\/\/videstehnika.lv\/en\/#website\",\"url\":\"https:\/\/videstehnika.lv\/en\/\",\"name\":\"Vides Tehnika\",\"description\":\"\",\"potentialAction\":[{\"@type\":\"SearchAction\",\"target\":{\"@type\":\"EntryPoint\",\"urlTemplate\":\"https:\/\/videstehnika.lv\/en\/?s={search_term_string}\"},\"query-input\":{\"@type\":\"PropertyValueSpecification\",\"valueRequired\":true,\"valueName\":\"search_term_string\"}}],\"inLanguage\":\"en-US\"}]}<\/script>\n<!-- \/ Yoast SEO plugin. -->","yoast_head_json":{"title":"Krendl 2300 installation equipment &#8226; Vides Tehnika","description":"Krendl 2300, a powerful and professional thermal insulation material from the US manufacturer Krendl Machine Company.","robots":{"index":"index","follow":"follow","max-snippet":"max-snippet:-1","max-image-preview":"max-image-preview:large","max-video-preview":"max-video-preview:-1"},"canonical":"https:\/\/videstehnika.lv\/en\/catalog\/iestrades-iekartas-en\/krendl-iekartas-en\/krendl-2300-installation-equipment\/","og_locale":"en_US","og_type":"article","og_title":"Krendl 2300 installation equipment &#8226; Vides Tehnika","og_description":"Krendl 2300, a powerful and professional thermal insulation material from the US manufacturer Krendl Machine Company.","og_url":"https:\/\/videstehnika.lv\/en\/catalog\/iestrades-iekartas-en\/krendl-iekartas-en\/krendl-2300-installation-equipment\/","og_site_name":"Vides Tehnika","article_modified_time":"2021-11-07T12:28:40+00:00","og_image":[{"width":900,"height":900,"url":"https:\/\/videstehnika.lv\/wp-content\/uploads\/2020\/08\/Krendl-2300.jpg","type":"image\/jpeg"}],"twitter_card":"summary_large_image","twitter_misc":{"Est. reading time":"1 minute"},"schema":{"@context":"https:\/\/schema.org","@graph":[{"@type":"WebPage","@id":"https:\/\/videstehnika.lv\/en\/catalog\/iestrades-iekartas-en\/krendl-iekartas-en\/krendl-2300-installation-equipment\/","url":"https:\/\/videstehnika.lv\/en\/catalog\/iestrades-iekartas-en\/krendl-iekartas-en\/krendl-2300-installation-equipment\/","name":"Krendl 2300 installation equipment &#8226; Vides Tehnika","isPartOf":{"@id":"https:\/\/videstehnika.lv\/en\/#website"},"primaryImageOfPage":{"@id":"https:\/\/videstehnika.lv\/en\/catalog\/iestrades-iekartas-en\/krendl-iekartas-en\/krendl-2300-installation-equipment\/#primaryimage"},"image":{"@id":"https:\/\/videstehnika.lv\/en\/catalog\/iestrades-iekartas-en\/krendl-iekartas-en\/krendl-2300-installation-equipment\/#primaryimage"},"thumbnailUrl":"https:\/\/videstehnika.lv\/wp-content\/uploads\/2020\/08\/Krendl-2300.jpg","datePublished":"2020-12-11T11:37:10+00:00","dateModified":"2021-11-07T12:28:40+00:00","description":"Krendl 2300, a powerful and professional thermal insulation material from the US manufacturer Krendl Machine Company.","breadcrumb":{"@id":"https:\/\/videstehnika.lv\/en\/catalog\/iestrades-iekartas-en\/krendl-iekartas-en\/krendl-2300-installation-equipment\/#breadcrumb"},"inLanguage":"en-US","potentialAction":[{"@type":"ReadAction","target":["https:\/\/videstehnika.lv\/en\/catalog\/iestrades-iekartas-en\/krendl-iekartas-en\/krendl-2300-installation-equipment\/"]}]},{"@type":"ImageObject","inLanguage":"en-US","@id":"https:\/\/videstehnika.lv\/en\/catalog\/iestrades-iekartas-en\/krendl-iekartas-en\/krendl-2300-installation-equipment\/#primaryimage","url":"https:\/\/videstehnika.lv\/wp-content\/uploads\/2020\/08\/Krendl-2300.jpg","contentUrl":"https:\/\/videstehnika.lv\/wp-content\/uploads\/2020\/08\/Krendl-2300.jpg","width":900,"height":900,"caption":"Krendl 2300 \u2013 jaud\u012bga un profesion\u0101la siltumizol\u0101cijas materi\u0101lu iestr\u0101des iek\u0101rtu, kas ir ide\u0101li piem\u0113rota ekovates un beram\u0101s miner\u0101lvates iestr\u0101dei."},{"@type":"BreadcrumbList","@id":"https:\/\/videstehnika.lv\/en\/catalog\/iestrades-iekartas-en\/krendl-iekartas-en\/krendl-2300-installation-equipment\/#breadcrumb","itemListElement":[{"@type":"ListItem","position":1,"name":"Home","item":"https:\/\/videstehnika.lv\/en\/"},{"@type":"ListItem","position":2,"name":"Katalogs","item":"https:\/\/videstehnika.lv\/en\/katalogs\/"},{"@type":"ListItem","position":3,"name":"Krendl 2300 installation equipment"}]},{"@type":"WebSite","@id":"https:\/\/videstehnika.lv\/en\/#website","url":"https:\/\/videstehnika.lv\/en\/","name":"Vides Tehnika","description":"","potentialAction":[{"@type":"SearchAction","target":{"@type":"EntryPoint","urlTemplate":"https:\/\/videstehnika.lv\/en\/?s={search_term_string}"},"query-input":{"@type":"PropertyValueSpecification","valueRequired":true,"valueName":"search_term_string"}}],"inLanguage":"en-US"}]}},"_links":{"self":[{"href":"https:\/\/videstehnika.lv\/en\/wp-json\/wp\/v2\/product\/7201","targetHints":{"allow":["GET"]}}],"collection":[{"href":"https:\/\/videstehnika.lv\/en\/wp-json\/wp\/v2\/product"}],"about":[{"href":"https:\/\/videstehnika.lv\/en\/wp-json\/wp\/v2\/types\/product"}],"wp:featuredmedia":[{"embeddable":true,"href":"https:\/\/videstehnika.lv\/en\/wp-json\/wp\/v2\/media\/5561"}],"wp:attachment":[{"href":"https:\/\/videstehnika.lv\/en\/wp-json\/wp\/v2\/media?parent=7201"}],"wp:term":[{"taxonomy":"product_cat","embeddable":true,"href":"https:\/\/videstehnika.lv\/en\/wp-json\/wp\/v2\/product_cat?post=7201"},{"taxonomy":"product_tag","embeddable":true,"href":"https:\/\/videstehnika.lv\/en\/wp-json\/wp\/v2\/product_tag?post=7201"}],"curies":[{"name":"wp","href":"https:\/\/api.w.org\/{rel}","templated":true}]}}