{"id":7204,"date":"2020-08-19T11:45:38","date_gmt":"2020-12-11T11:49:32","guid":{"rendered":"https:\/\/videstehnika.lv\/?post_type=product&#038;p=7204"},"modified":"2021-11-07T14:29:16","modified_gmt":"2021-11-07T12:29:16","slug":"krendl-500-installation-equipment","status":"publish","type":"product","link":"https:\/\/videstehnika.lv\/en\/catalog\/iestrades-iekartas-en\/krendl-iekartas-en\/krendl-500-installation-equipment\/","title":{"rendered":"Krendl 500 installation equipment"},"content":{"rendered":"<h2>Krendl 500 installation equipment<\/h2>\n<p>We offer to buy the Krendl 500 thermal insulation material installation equipment of the US manufacturer Krendl Machine Company, which is ideally suited for the installation of eco-wool and bulk mineral wool.<\/p>\n<p>The machine combines reduced weight and is electrically operated. As the machine is easy to move and provides other additional options &#8211; shredder, double blower &#8211; this model has become an excellent choice for small professional insulation work, where it is planned to use various insulation materials with blowing or spray application method.<\/p>\n<h2><strong>Productivity for different types of materials<\/strong><\/h2>\n<ul>\n<li>Ecowool &#8211; 771kg \/ h shredder + double 3-stage blower<\/li>\n<li>Mineral wool &#8211; 317kg \/ h shredder + double 3-stage blower<\/li>\n<\/ul>\n<p>Material density and application conditions can affect the productivity of the material application equipment.<\/p>\n<p>More information on the manufacturer&#8217;s website: <a target=\"_blank\" href=\"http:\/\/www.krendlmachine.com\" rel=\"noopener\">www.krendlmachine.com<\/a><\/p>\n","protected":false},"excerpt":{"rendered":"<p>Krendl 500 installation equipment We offer to buy the Krendl 500 thermal insulation material installation equipment of the US manufacturer<\/p>\n","protected":false},"featured_media":12898,"template":"","meta":{"_acf_changed":false},"product_cat":[437,435],"product_tag":[],"class_list":{"0":"post-7204","1":"product","2":"type-product","3":"status-publish","4":"has-post-thumbnail","6":"product_cat-krendl-iekartas-en","7":"product_cat-iestrades-iekartas-en","9":"first","10":"onbackorder","11":"taxable","12":"shipping-taxable","13":"purchasable","14":"product-type-simple"},"acf":[],"yoast_head":"<!-- This site is optimized with the Yoast SEO plugin v24.2 - https:\/\/yoast.com\/wordpress\/plugins\/seo\/ -->\n<title>Krendl 500 installation equipment for thermal insulation &#8226; Vides Tehnika<\/title>\n<meta name=\"description\" content=\"Krendl 500 installation equipment is ideally suited for the installation of ecowool and bulk mineral wool.\" \/>\n<meta name=\"robots\" content=\"index, follow, max-snippet:-1, max-image-preview:large, max-video-preview:-1\" \/>\n<link rel=\"canonical\" href=\"https:\/\/videstehnika.lv\/en\/catalog\/iestrades-iekartas-en\/krendl-iekartas-en\/krendl-500-installation-equipment\/\" \/>\n<meta property=\"og:locale\" content=\"en_US\" \/>\n<meta property=\"og:type\" content=\"article\" \/>\n<meta property=\"og:title\" content=\"Krendl 500 installation equipment for thermal insulation &#8226; Vides Tehnika\" \/>\n<meta property=\"og:description\" content=\"Krendl 500 installation equipment is ideally suited for the installation of ecowool and bulk mineral wool.\" \/>\n<meta property=\"og:url\" content=\"https:\/\/videstehnika.lv\/en\/catalog\/iestrades-iekartas-en\/krendl-iekartas-en\/krendl-500-installation-equipment\/\" \/>\n<meta property=\"og:site_name\" content=\"Vides Tehnika\" \/>\n<meta property=\"article:modified_time\" content=\"2021-11-07T12:29:16+00:00\" \/>\n<meta property=\"og:image\" content=\"https:\/\/videstehnika.lv\/wp-content\/uploads\/2020\/08\/Krendl-500-siltumizolacijas-materialu-iestrades-iekarta.jpg\" \/>\n\t<meta property=\"og:image:width\" content=\"900\" \/>\n\t<meta property=\"og:image:height\" content=\"900\" \/>\n\t<meta property=\"og:image:type\" content=\"image\/jpeg\" \/>\n<meta name=\"twitter:card\" content=\"summary_large_image\" \/>\n<meta name=\"twitter:label1\" content=\"Est. reading time\" \/>\n\t<meta name=\"twitter:data1\" content=\"1 minute\" \/>\n<script type=\"application\/ld+json\" class=\"yoast-schema-graph\">{\"@context\":\"https:\/\/schema.org\",\"@graph\":[{\"@type\":\"WebPage\",\"@id\":\"https:\/\/videstehnika.lv\/en\/catalog\/iestrades-iekartas-en\/krendl-iekartas-en\/krendl-500-installation-equipment\/\",\"url\":\"https:\/\/videstehnika.lv\/en\/catalog\/iestrades-iekartas-en\/krendl-iekartas-en\/krendl-500-installation-equipment\/\",\"name\":\"Krendl 500 installation equipment for thermal insulation &#8226; Vides Tehnika\",\"isPartOf\":{\"@id\":\"https:\/\/videstehnika.lv\/en\/#website\"},\"primaryImageOfPage\":{\"@id\":\"https:\/\/videstehnika.lv\/en\/catalog\/iestrades-iekartas-en\/krendl-iekartas-en\/krendl-500-installation-equipment\/#primaryimage\"},\"image\":{\"@id\":\"https:\/\/videstehnika.lv\/en\/catalog\/iestrades-iekartas-en\/krendl-iekartas-en\/krendl-500-installation-equipment\/#primaryimage\"},\"thumbnailUrl\":\"https:\/\/videstehnika.lv\/wp-content\/uploads\/2020\/08\/Krendl-500-siltumizolacijas-materialu-iestrades-iekarta.jpg\",\"datePublished\":\"2020-12-11T11:49:32+00:00\",\"dateModified\":\"2021-11-07T12:29:16+00:00\",\"description\":\"Krendl 500 installation equipment is ideally suited for the installation of ecowool and bulk mineral wool.\",\"breadcrumb\":{\"@id\":\"https:\/\/videstehnika.lv\/en\/catalog\/iestrades-iekartas-en\/krendl-iekartas-en\/krendl-500-installation-equipment\/#breadcrumb\"},\"inLanguage\":\"en-US\",\"potentialAction\":[{\"@type\":\"ReadAction\",\"target\":[\"https:\/\/videstehnika.lv\/en\/catalog\/iestrades-iekartas-en\/krendl-iekartas-en\/krendl-500-installation-equipment\/\"]}]},{\"@type\":\"ImageObject\",\"inLanguage\":\"en-US\",\"@id\":\"https:\/\/videstehnika.lv\/en\/catalog\/iestrades-iekartas-en\/krendl-iekartas-en\/krendl-500-installation-equipment\/#primaryimage\",\"url\":\"https:\/\/videstehnika.lv\/wp-content\/uploads\/2020\/08\/Krendl-500-siltumizolacijas-materialu-iestrades-iekarta.jpg\",\"contentUrl\":\"https:\/\/videstehnika.lv\/wp-content\/uploads\/2020\/08\/Krendl-500-siltumizolacijas-materialu-iestrades-iekarta.jpg\",\"width\":900,\"height\":900,\"caption\":\"Krendl 500 siltumizol\u0101cijas materi\u0101lu iestr\u0101des iek\u0101rta\"},{\"@type\":\"BreadcrumbList\",\"@id\":\"https:\/\/videstehnika.lv\/en\/catalog\/iestrades-iekartas-en\/krendl-iekartas-en\/krendl-500-installation-equipment\/#breadcrumb\",\"itemListElement\":[{\"@type\":\"ListItem\",\"position\":1,\"name\":\"Home\",\"item\":\"https:\/\/videstehnika.lv\/en\/\"},{\"@type\":\"ListItem\",\"position\":2,\"name\":\"Katalogs\",\"item\":\"https:\/\/videstehnika.lv\/en\/katalogs\/\"},{\"@type\":\"ListItem\",\"position\":3,\"name\":\"Krendl 500 installation equipment\"}]},{\"@type\":\"WebSite\",\"@id\":\"https:\/\/videstehnika.lv\/en\/#website\",\"url\":\"https:\/\/videstehnika.lv\/en\/\",\"name\":\"Vides Tehnika\",\"description\":\"\",\"potentialAction\":[{\"@type\":\"SearchAction\",\"target\":{\"@type\":\"EntryPoint\",\"urlTemplate\":\"https:\/\/videstehnika.lv\/en\/?s={search_term_string}\"},\"query-input\":{\"@type\":\"PropertyValueSpecification\",\"valueRequired\":true,\"valueName\":\"search_term_string\"}}],\"inLanguage\":\"en-US\"}]}<\/script>\n<!-- \/ Yoast SEO plugin. -->","yoast_head_json":{"title":"Krendl 500 installation equipment for thermal insulation &#8226; Vides Tehnika","description":"Krendl 500 installation equipment is ideally suited for the installation of ecowool and bulk mineral wool.","robots":{"index":"index","follow":"follow","max-snippet":"max-snippet:-1","max-image-preview":"max-image-preview:large","max-video-preview":"max-video-preview:-1"},"canonical":"https:\/\/videstehnika.lv\/en\/catalog\/iestrades-iekartas-en\/krendl-iekartas-en\/krendl-500-installation-equipment\/","og_locale":"en_US","og_type":"article","og_title":"Krendl 500 installation equipment for thermal insulation &#8226; Vides Tehnika","og_description":"Krendl 500 installation equipment is ideally suited for the installation of ecowool and bulk mineral wool.","og_url":"https:\/\/videstehnika.lv\/en\/catalog\/iestrades-iekartas-en\/krendl-iekartas-en\/krendl-500-installation-equipment\/","og_site_name":"Vides Tehnika","article_modified_time":"2021-11-07T12:29:16+00:00","og_image":[{"width":900,"height":900,"url":"https:\/\/videstehnika.lv\/wp-content\/uploads\/2020\/08\/Krendl-500-siltumizolacijas-materialu-iestrades-iekarta.jpg","type":"image\/jpeg"}],"twitter_card":"summary_large_image","twitter_misc":{"Est. reading time":"1 minute"},"schema":{"@context":"https:\/\/schema.org","@graph":[{"@type":"WebPage","@id":"https:\/\/videstehnika.lv\/en\/catalog\/iestrades-iekartas-en\/krendl-iekartas-en\/krendl-500-installation-equipment\/","url":"https:\/\/videstehnika.lv\/en\/catalog\/iestrades-iekartas-en\/krendl-iekartas-en\/krendl-500-installation-equipment\/","name":"Krendl 500 installation equipment for thermal insulation &#8226; Vides Tehnika","isPartOf":{"@id":"https:\/\/videstehnika.lv\/en\/#website"},"primaryImageOfPage":{"@id":"https:\/\/videstehnika.lv\/en\/catalog\/iestrades-iekartas-en\/krendl-iekartas-en\/krendl-500-installation-equipment\/#primaryimage"},"image":{"@id":"https:\/\/videstehnika.lv\/en\/catalog\/iestrades-iekartas-en\/krendl-iekartas-en\/krendl-500-installation-equipment\/#primaryimage"},"thumbnailUrl":"https:\/\/videstehnika.lv\/wp-content\/uploads\/2020\/08\/Krendl-500-siltumizolacijas-materialu-iestrades-iekarta.jpg","datePublished":"2020-12-11T11:49:32+00:00","dateModified":"2021-11-07T12:29:16+00:00","description":"Krendl 500 installation equipment is ideally suited for the installation of ecowool and bulk mineral wool.","breadcrumb":{"@id":"https:\/\/videstehnika.lv\/en\/catalog\/iestrades-iekartas-en\/krendl-iekartas-en\/krendl-500-installation-equipment\/#breadcrumb"},"inLanguage":"en-US","potentialAction":[{"@type":"ReadAction","target":["https:\/\/videstehnika.lv\/en\/catalog\/iestrades-iekartas-en\/krendl-iekartas-en\/krendl-500-installation-equipment\/"]}]},{"@type":"ImageObject","inLanguage":"en-US","@id":"https:\/\/videstehnika.lv\/en\/catalog\/iestrades-iekartas-en\/krendl-iekartas-en\/krendl-500-installation-equipment\/#primaryimage","url":"https:\/\/videstehnika.lv\/wp-content\/uploads\/2020\/08\/Krendl-500-siltumizolacijas-materialu-iestrades-iekarta.jpg","contentUrl":"https:\/\/videstehnika.lv\/wp-content\/uploads\/2020\/08\/Krendl-500-siltumizolacijas-materialu-iestrades-iekarta.jpg","width":900,"height":900,"caption":"Krendl 500 siltumizol\u0101cijas materi\u0101lu iestr\u0101des iek\u0101rta"},{"@type":"BreadcrumbList","@id":"https:\/\/videstehnika.lv\/en\/catalog\/iestrades-iekartas-en\/krendl-iekartas-en\/krendl-500-installation-equipment\/#breadcrumb","itemListElement":[{"@type":"ListItem","position":1,"name":"Home","item":"https:\/\/videstehnika.lv\/en\/"},{"@type":"ListItem","position":2,"name":"Katalogs","item":"https:\/\/videstehnika.lv\/en\/katalogs\/"},{"@type":"ListItem","position":3,"name":"Krendl 500 installation equipment"}]},{"@type":"WebSite","@id":"https:\/\/videstehnika.lv\/en\/#website","url":"https:\/\/videstehnika.lv\/en\/","name":"Vides Tehnika","description":"","potentialAction":[{"@type":"SearchAction","target":{"@type":"EntryPoint","urlTemplate":"https:\/\/videstehnika.lv\/en\/?s={search_term_string}"},"query-input":{"@type":"PropertyValueSpecification","valueRequired":true,"valueName":"search_term_string"}}],"inLanguage":"en-US"}]}},"_links":{"self":[{"href":"https:\/\/videstehnika.lv\/en\/wp-json\/wp\/v2\/product\/7204","targetHints":{"allow":["GET"]}}],"collection":[{"href":"https:\/\/videstehnika.lv\/en\/wp-json\/wp\/v2\/product"}],"about":[{"href":"https:\/\/videstehnika.lv\/en\/wp-json\/wp\/v2\/types\/product"}],"wp:featuredmedia":[{"embeddable":true,"href":"https:\/\/videstehnika.lv\/en\/wp-json\/wp\/v2\/media\/12898"}],"wp:attachment":[{"href":"https:\/\/videstehnika.lv\/en\/wp-json\/wp\/v2\/media?parent=7204"}],"wp:term":[{"taxonomy":"product_cat","embeddable":true,"href":"https:\/\/videstehnika.lv\/en\/wp-json\/wp\/v2\/product_cat?post=7204"},{"taxonomy":"product_tag","embeddable":true,"href":"https:\/\/videstehnika.lv\/en\/wp-json\/wp\/v2\/product_tag?post=7204"}],"curies":[{"name":"wp","href":"https:\/\/api.w.org\/{rel}","templated":true}]}}