{"id":7246,"date":"2020-07-30T11:24:16","date_gmt":"2020-12-11T14:13:04","guid":{"rendered":"https:\/\/videstehnika.lv\/?post_type=product&#038;p=7246"},"modified":"2021-11-07T14:36:36","modified_gmt":"2021-11-07T12:36:36","slug":"two-ply-toilet-paper-120m-180m","status":"publish","type":"product","link":"https:\/\/videstehnika.lv\/en\/catalog\/papirs-en\/tualetes-papirs-en\/two-ply-toilet-paper-120m-180m\/","title":{"rendered":"Two-ply toilet paper (120m &#8211; 200m)"},"content":{"rendered":"<h2>Two-ply toilet paper<\/h2>\n<p>Toilet paper in rolls of 100% cellulose, made of new fiber, with perforation, 2 layers:<\/p>\n<ul>\n<li>Paper length 120, width 9.5cm, diameter 18cm, sheet length 19cm, pack of 12 rolls<\/li>\n<li>Paper length 140m, width 9.5cm, diameter 18cm, sheet length 19cm, pack of 12 rolls<\/li>\n<li>Paper length 160m, width 9.5cm, diameter 18cm, sheet length 19cm, pack of 12 rolls<\/li>\n<li>Paper length 180m, width 12.5cm, diameter 18cm, sheet length 19cm, pack of 6 rolls<\/li>\n<li>Paper length 180m, width 9.5cm, diameter 18cm, sheet length 19cm, pack of 12 rolls<\/li>\n<li>Paper length 200m, width 9.5cm, diameter 18cm, sheet length 19cm, pack of 12 rolls<\/li>\n<\/ul>\n","protected":false},"excerpt":{"rendered":"<p>The price is indicated for the package<\/p>\n","protected":false},"featured_media":4928,"template":"","meta":{"_acf_changed":false},"product_cat":[411],"product_tag":[],"class_list":{"0":"post-7246","1":"product","2":"type-product","3":"status-publish","4":"has-post-thumbnail","6":"product_cat-buvmateriali-en","8":"first","9":"onbackorder","10":"taxable","11":"shipping-taxable","12":"purchasable","13":"product-type-variable"},"acf":[],"yoast_head":"<!-- This site is optimized with the Yoast SEO plugin v24.2 - https:\/\/yoast.com\/wordpress\/plugins\/seo\/ -->\n<title>Two-ply toilet paper (120m - 200m) &#8226; Vides Tehnika<\/title>\n<meta name=\"description\" content=\"Toilet paper in rolls of 100% cellulose, made of new fiber, with perforation, 2 layers.\" \/>\n<meta name=\"robots\" content=\"index, follow, max-snippet:-1, max-image-preview:large, max-video-preview:-1\" \/>\n<link rel=\"canonical\" href=\"https:\/\/videstehnika.lv\/en\/catalog\/papirs-en\/tualetes-papirs-en\/two-ply-toilet-paper-120m-180m\/\" \/>\n<meta property=\"og:locale\" content=\"en_US\" \/>\n<meta property=\"og:type\" content=\"article\" \/>\n<meta property=\"og:title\" content=\"Two-ply toilet paper (120m - 200m) &#8226; Vides Tehnika\" \/>\n<meta property=\"og:description\" content=\"Toilet paper in rolls of 100% cellulose, made of new fiber, with perforation, 2 layers.\" \/>\n<meta property=\"og:url\" content=\"https:\/\/videstehnika.lv\/en\/catalog\/papirs-en\/tualetes-papirs-en\/two-ply-toilet-paper-120m-180m\/\" \/>\n<meta property=\"og:site_name\" content=\"Vides Tehnika\" \/>\n<meta property=\"article:modified_time\" content=\"2021-11-07T12:36:36+00:00\" \/>\n<meta property=\"og:image\" content=\"https:\/\/videstehnika.lv\/wp-content\/uploads\/2020\/07\/tualetes-papirs-rullos-vides-tehnika.jpg\" \/>\n\t<meta property=\"og:image:width\" content=\"900\" \/>\n\t<meta property=\"og:image:height\" content=\"900\" \/>\n\t<meta property=\"og:image:type\" content=\"image\/jpeg\" \/>\n<meta name=\"twitter:card\" content=\"summary_large_image\" \/>\n<meta name=\"twitter:label1\" content=\"Est. reading time\" \/>\n\t<meta name=\"twitter:data1\" content=\"1 minute\" \/>\n<script type=\"application\/ld+json\" class=\"yoast-schema-graph\">{\"@context\":\"https:\/\/schema.org\",\"@graph\":[{\"@type\":\"WebPage\",\"@id\":\"https:\/\/videstehnika.lv\/en\/catalog\/papirs-en\/tualetes-papirs-en\/two-ply-toilet-paper-120m-180m\/\",\"url\":\"https:\/\/videstehnika.lv\/en\/catalog\/papirs-en\/tualetes-papirs-en\/two-ply-toilet-paper-120m-180m\/\",\"name\":\"Two-ply toilet paper (120m - 200m) &#8226; Vides Tehnika\",\"isPartOf\":{\"@id\":\"https:\/\/videstehnika.lv\/en\/#website\"},\"primaryImageOfPage\":{\"@id\":\"https:\/\/videstehnika.lv\/en\/catalog\/papirs-en\/tualetes-papirs-en\/two-ply-toilet-paper-120m-180m\/#primaryimage\"},\"image\":{\"@id\":\"https:\/\/videstehnika.lv\/en\/catalog\/papirs-en\/tualetes-papirs-en\/two-ply-toilet-paper-120m-180m\/#primaryimage\"},\"thumbnailUrl\":\"https:\/\/videstehnika.lv\/wp-content\/uploads\/2020\/07\/tualetes-papirs-rullos-vides-tehnika.jpg\",\"datePublished\":\"2020-12-11T14:13:04+00:00\",\"dateModified\":\"2021-11-07T12:36:36+00:00\",\"description\":\"Toilet paper in rolls of 100% cellulose, made of new fiber, with perforation, 2 layers.\",\"breadcrumb\":{\"@id\":\"https:\/\/videstehnika.lv\/en\/catalog\/papirs-en\/tualetes-papirs-en\/two-ply-toilet-paper-120m-180m\/#breadcrumb\"},\"inLanguage\":\"en-US\",\"potentialAction\":[{\"@type\":\"ReadAction\",\"target\":[\"https:\/\/videstehnika.lv\/en\/catalog\/papirs-en\/tualetes-papirs-en\/two-ply-toilet-paper-120m-180m\/\"]}]},{\"@type\":\"ImageObject\",\"inLanguage\":\"en-US\",\"@id\":\"https:\/\/videstehnika.lv\/en\/catalog\/papirs-en\/tualetes-papirs-en\/two-ply-toilet-paper-120m-180m\/#primaryimage\",\"url\":\"https:\/\/videstehnika.lv\/wp-content\/uploads\/2020\/07\/tualetes-papirs-rullos-vides-tehnika.jpg\",\"contentUrl\":\"https:\/\/videstehnika.lv\/wp-content\/uploads\/2020\/07\/tualetes-papirs-rullos-vides-tehnika.jpg\",\"width\":900,\"height\":900,\"caption\":\"Tualetes pap\u012brs ru\u013c\u013cos no 100% celulozes, no jaun\u0161\u0137iedras, ar perfor\u0101ciju.\"},{\"@type\":\"BreadcrumbList\",\"@id\":\"https:\/\/videstehnika.lv\/en\/catalog\/papirs-en\/tualetes-papirs-en\/two-ply-toilet-paper-120m-180m\/#breadcrumb\",\"itemListElement\":[{\"@type\":\"ListItem\",\"position\":1,\"name\":\"Home\",\"item\":\"https:\/\/videstehnika.lv\/en\/\"},{\"@type\":\"ListItem\",\"position\":2,\"name\":\"Katalogs\",\"item\":\"https:\/\/videstehnika.lv\/en\/katalogs\/\"},{\"@type\":\"ListItem\",\"position\":3,\"name\":\"Two-ply toilet paper (120m &#8211; 200m)\"}]},{\"@type\":\"WebSite\",\"@id\":\"https:\/\/videstehnika.lv\/en\/#website\",\"url\":\"https:\/\/videstehnika.lv\/en\/\",\"name\":\"Vides Tehnika\",\"description\":\"\",\"potentialAction\":[{\"@type\":\"SearchAction\",\"target\":{\"@type\":\"EntryPoint\",\"urlTemplate\":\"https:\/\/videstehnika.lv\/en\/?s={search_term_string}\"},\"query-input\":{\"@type\":\"PropertyValueSpecification\",\"valueRequired\":true,\"valueName\":\"search_term_string\"}}],\"inLanguage\":\"en-US\"}]}<\/script>\n<!-- \/ Yoast SEO plugin. -->","yoast_head_json":{"title":"Two-ply toilet paper (120m - 200m) &#8226; Vides Tehnika","description":"Toilet paper in rolls of 100% cellulose, made of new fiber, with perforation, 2 layers.","robots":{"index":"index","follow":"follow","max-snippet":"max-snippet:-1","max-image-preview":"max-image-preview:large","max-video-preview":"max-video-preview:-1"},"canonical":"https:\/\/videstehnika.lv\/en\/catalog\/papirs-en\/tualetes-papirs-en\/two-ply-toilet-paper-120m-180m\/","og_locale":"en_US","og_type":"article","og_title":"Two-ply toilet paper (120m - 200m) &#8226; Vides Tehnika","og_description":"Toilet paper in rolls of 100% cellulose, made of new fiber, with perforation, 2 layers.","og_url":"https:\/\/videstehnika.lv\/en\/catalog\/papirs-en\/tualetes-papirs-en\/two-ply-toilet-paper-120m-180m\/","og_site_name":"Vides Tehnika","article_modified_time":"2021-11-07T12:36:36+00:00","og_image":[{"width":900,"height":900,"url":"https:\/\/videstehnika.lv\/wp-content\/uploads\/2020\/07\/tualetes-papirs-rullos-vides-tehnika.jpg","type":"image\/jpeg"}],"twitter_card":"summary_large_image","twitter_misc":{"Est. reading time":"1 minute"},"schema":{"@context":"https:\/\/schema.org","@graph":[{"@type":"WebPage","@id":"https:\/\/videstehnika.lv\/en\/catalog\/papirs-en\/tualetes-papirs-en\/two-ply-toilet-paper-120m-180m\/","url":"https:\/\/videstehnika.lv\/en\/catalog\/papirs-en\/tualetes-papirs-en\/two-ply-toilet-paper-120m-180m\/","name":"Two-ply toilet paper (120m - 200m) &#8226; Vides Tehnika","isPartOf":{"@id":"https:\/\/videstehnika.lv\/en\/#website"},"primaryImageOfPage":{"@id":"https:\/\/videstehnika.lv\/en\/catalog\/papirs-en\/tualetes-papirs-en\/two-ply-toilet-paper-120m-180m\/#primaryimage"},"image":{"@id":"https:\/\/videstehnika.lv\/en\/catalog\/papirs-en\/tualetes-papirs-en\/two-ply-toilet-paper-120m-180m\/#primaryimage"},"thumbnailUrl":"https:\/\/videstehnika.lv\/wp-content\/uploads\/2020\/07\/tualetes-papirs-rullos-vides-tehnika.jpg","datePublished":"2020-12-11T14:13:04+00:00","dateModified":"2021-11-07T12:36:36+00:00","description":"Toilet paper in rolls of 100% cellulose, made of new fiber, with perforation, 2 layers.","breadcrumb":{"@id":"https:\/\/videstehnika.lv\/en\/catalog\/papirs-en\/tualetes-papirs-en\/two-ply-toilet-paper-120m-180m\/#breadcrumb"},"inLanguage":"en-US","potentialAction":[{"@type":"ReadAction","target":["https:\/\/videstehnika.lv\/en\/catalog\/papirs-en\/tualetes-papirs-en\/two-ply-toilet-paper-120m-180m\/"]}]},{"@type":"ImageObject","inLanguage":"en-US","@id":"https:\/\/videstehnika.lv\/en\/catalog\/papirs-en\/tualetes-papirs-en\/two-ply-toilet-paper-120m-180m\/#primaryimage","url":"https:\/\/videstehnika.lv\/wp-content\/uploads\/2020\/07\/tualetes-papirs-rullos-vides-tehnika.jpg","contentUrl":"https:\/\/videstehnika.lv\/wp-content\/uploads\/2020\/07\/tualetes-papirs-rullos-vides-tehnika.jpg","width":900,"height":900,"caption":"Tualetes pap\u012brs ru\u013c\u013cos no 100% celulozes, no jaun\u0161\u0137iedras, ar perfor\u0101ciju."},{"@type":"BreadcrumbList","@id":"https:\/\/videstehnika.lv\/en\/catalog\/papirs-en\/tualetes-papirs-en\/two-ply-toilet-paper-120m-180m\/#breadcrumb","itemListElement":[{"@type":"ListItem","position":1,"name":"Home","item":"https:\/\/videstehnika.lv\/en\/"},{"@type":"ListItem","position":2,"name":"Katalogs","item":"https:\/\/videstehnika.lv\/en\/katalogs\/"},{"@type":"ListItem","position":3,"name":"Two-ply toilet paper (120m &#8211; 200m)"}]},{"@type":"WebSite","@id":"https:\/\/videstehnika.lv\/en\/#website","url":"https:\/\/videstehnika.lv\/en\/","name":"Vides Tehnika","description":"","potentialAction":[{"@type":"SearchAction","target":{"@type":"EntryPoint","urlTemplate":"https:\/\/videstehnika.lv\/en\/?s={search_term_string}"},"query-input":{"@type":"PropertyValueSpecification","valueRequired":true,"valueName":"search_term_string"}}],"inLanguage":"en-US"}]}},"_links":{"self":[{"href":"https:\/\/videstehnika.lv\/en\/wp-json\/wp\/v2\/product\/7246","targetHints":{"allow":["GET"]}}],"collection":[{"href":"https:\/\/videstehnika.lv\/en\/wp-json\/wp\/v2\/product"}],"about":[{"href":"https:\/\/videstehnika.lv\/en\/wp-json\/wp\/v2\/types\/product"}],"wp:featuredmedia":[{"embeddable":true,"href":"https:\/\/videstehnika.lv\/en\/wp-json\/wp\/v2\/media\/4928"}],"wp:attachment":[{"href":"https:\/\/videstehnika.lv\/en\/wp-json\/wp\/v2\/media?parent=7246"}],"wp:term":[{"taxonomy":"product_cat","embeddable":true,"href":"https:\/\/videstehnika.lv\/en\/wp-json\/wp\/v2\/product_cat?post=7246"},{"taxonomy":"product_tag","embeddable":true,"href":"https:\/\/videstehnika.lv\/en\/wp-json\/wp\/v2\/product_tag?post=7246"}],"curies":[{"name":"wp","href":"https:\/\/api.w.org\/{rel}","templated":true}]}}