{"id":7362,"date":"2020-09-28T12:42:30","date_gmt":"2020-12-11T15:29:56","guid":{"rendered":"https:\/\/videstehnika.lv\/?post_type=product&#038;p=7362"},"modified":"2021-11-07T12:46:52","modified_gmt":"2021-11-07T10:46:52","slug":"blocks-acoustic","status":"publish","type":"product","link":"https:\/\/videstehnika.lv\/en\/catalog\/buvmateriali-en\/blocks-acoustic\/","title":{"rendered":"blocks ACOUSTIC"},"content":{"rendered":"<h2>blocks ACOUSTIC<\/h2>\n<p>bauroc ACOUSTIC block is a product with excellent airborne sound insulation. The blocks are manufactured with an average dry density of 575 kg \/ m3 and an average compressive strength of fb = 4.0 N \/ mm2.<\/p>\n<h2><strong>Application of ACOUSTIC blocks<\/strong><\/h2>\n<ul>\n<li>Suitable for the construction of load-bearing and non-load-bearing interior walls of buildings, which are subject to increased sound insulation requirements.<\/li>\n<li>Suitable for construction of partitions of health care institutions, classes of educational institutions (walls without doorways), partitions of office premises, as well as walls between groups and sleeping rooms in pre-school educational institutions.<\/li>\n<li>In multi-layer wall constructions used in apartment buildings in partitions between apartments, as well as in the walls of technical rooms with increased noise and walls between living and working rooms.<\/li>\n<\/ul>\n<p>For more information on block assembly, specifications and applications, please visit: <a target=\"_blank\" href=\"https:\/\/bauroc.lv\/product\/bloki-acoustic\/\" rel=\"noopener\">https:\/\/bauroc.lv\/product\/bloki-acoustic\/<\/a><\/p>\n","protected":false},"excerpt":{"rendered":"<p>blocks ACOUSTIC bauroc ACOUSTIC block is a product with excellent airborne sound insulation. The blocks are manufactured with an average<\/p>\n","protected":false},"featured_media":6335,"template":"","meta":{"_acf_changed":false},"product_cat":[1081,1080,411,1079],"product_tag":[],"class_list":{"0":"post-7362","1":"product","2":"type-product","3":"status-publish","4":"has-post-thumbnail","6":"product_cat-bauroc-blocks","7":"product_cat-aerated-concrete-blocks","8":"product_cat-buvmateriali-en","9":"product_cat-blocks","11":"first","12":"onbackorder","13":"taxable","14":"shipping-taxable","15":"purchasable","16":"product-type-variable"},"acf":[],"yoast_head":"<!-- This site is optimized with the Yoast SEO plugin v24.2 - https:\/\/yoast.com\/wordpress\/plugins\/seo\/ -->\n<title>blocks ACOUSTIC for wall construction &#8226; Vides Tehnika<\/title>\n<meta name=\"description\" content=\"Suitable for the construction of interior walls of buildings, which are subject to increased sound insulation requirements.\" \/>\n<meta name=\"robots\" content=\"index, follow, max-snippet:-1, max-image-preview:large, max-video-preview:-1\" \/>\n<link rel=\"canonical\" href=\"https:\/\/videstehnika.lv\/en\/catalog\/buvmateriali-en\/blocks-acoustic\/\" \/>\n<meta property=\"og:locale\" content=\"en_US\" \/>\n<meta property=\"og:type\" content=\"article\" \/>\n<meta property=\"og:title\" content=\"blocks ACOUSTIC for wall construction &#8226; Vides Tehnika\" \/>\n<meta property=\"og:description\" content=\"Suitable for the construction of interior walls of buildings, which are subject to increased sound insulation requirements.\" \/>\n<meta property=\"og:url\" content=\"https:\/\/videstehnika.lv\/en\/catalog\/buvmateriali-en\/blocks-acoustic\/\" \/>\n<meta property=\"og:site_name\" content=\"Vides Tehnika\" \/>\n<meta property=\"article:modified_time\" content=\"2021-11-07T10:46:52+00:00\" \/>\n<meta property=\"og:image\" content=\"https:\/\/videstehnika.lv\/wp-content\/uploads\/2020\/09\/bloki-bauroc-hard-vides-tehnika.jpg\" \/>\n\t<meta property=\"og:image:width\" content=\"900\" \/>\n\t<meta property=\"og:image:height\" content=\"900\" \/>\n\t<meta property=\"og:image:type\" content=\"image\/jpeg\" \/>\n<meta name=\"twitter:card\" content=\"summary_large_image\" \/>\n<meta name=\"twitter:label1\" content=\"Est. reading time\" \/>\n\t<meta name=\"twitter:data1\" content=\"1 minute\" \/>\n<script type=\"application\/ld+json\" class=\"yoast-schema-graph\">{\"@context\":\"https:\/\/schema.org\",\"@graph\":[{\"@type\":\"WebPage\",\"@id\":\"https:\/\/videstehnika.lv\/en\/catalog\/buvmateriali-en\/blocks-acoustic\/\",\"url\":\"https:\/\/videstehnika.lv\/en\/catalog\/buvmateriali-en\/blocks-acoustic\/\",\"name\":\"blocks ACOUSTIC for wall construction &#8226; Vides Tehnika\",\"isPartOf\":{\"@id\":\"https:\/\/videstehnika.lv\/en\/#website\"},\"primaryImageOfPage\":{\"@id\":\"https:\/\/videstehnika.lv\/en\/catalog\/buvmateriali-en\/blocks-acoustic\/#primaryimage\"},\"image\":{\"@id\":\"https:\/\/videstehnika.lv\/en\/catalog\/buvmateriali-en\/blocks-acoustic\/#primaryimage\"},\"thumbnailUrl\":\"https:\/\/videstehnika.lv\/wp-content\/uploads\/2020\/09\/bloki-bauroc-hard-vides-tehnika.jpg\",\"datePublished\":\"2020-12-11T15:29:56+00:00\",\"dateModified\":\"2021-11-07T10:46:52+00:00\",\"description\":\"Suitable for the construction of interior walls of buildings, which are subject to increased sound insulation requirements.\",\"breadcrumb\":{\"@id\":\"https:\/\/videstehnika.lv\/en\/catalog\/buvmateriali-en\/blocks-acoustic\/#breadcrumb\"},\"inLanguage\":\"en-US\",\"potentialAction\":[{\"@type\":\"ReadAction\",\"target\":[\"https:\/\/videstehnika.lv\/en\/catalog\/buvmateriali-en\/blocks-acoustic\/\"]}]},{\"@type\":\"ImageObject\",\"inLanguage\":\"en-US\",\"@id\":\"https:\/\/videstehnika.lv\/en\/catalog\/buvmateriali-en\/blocks-acoustic\/#primaryimage\",\"url\":\"https:\/\/videstehnika.lv\/wp-content\/uploads\/2020\/09\/bloki-bauroc-hard-vides-tehnika.jpg\",\"contentUrl\":\"https:\/\/videstehnika.lv\/wp-content\/uploads\/2020\/09\/bloki-bauroc-hard-vides-tehnika.jpg\",\"width\":900,\"height\":900,\"caption\":\"bauroc HARD 5 MPa bloki ir 1.kategorijas bloki, kas atbilst harmoniz\u0113t\u0101 standarta pras\u012bb\u0101m un kuriem ir ES mar\u0137\u0113jums. bauroc blokiem ir plakana virsma un taisnst\u016bra forma.\"},{\"@type\":\"BreadcrumbList\",\"@id\":\"https:\/\/videstehnika.lv\/en\/catalog\/buvmateriali-en\/blocks-acoustic\/#breadcrumb\",\"itemListElement\":[{\"@type\":\"ListItem\",\"position\":1,\"name\":\"Home\",\"item\":\"https:\/\/videstehnika.lv\/en\/\"},{\"@type\":\"ListItem\",\"position\":2,\"name\":\"Katalogs\",\"item\":\"https:\/\/videstehnika.lv\/en\/katalogs\/\"},{\"@type\":\"ListItem\",\"position\":3,\"name\":\"blocks ACOUSTIC\"}]},{\"@type\":\"WebSite\",\"@id\":\"https:\/\/videstehnika.lv\/en\/#website\",\"url\":\"https:\/\/videstehnika.lv\/en\/\",\"name\":\"Vides Tehnika\",\"description\":\"\",\"potentialAction\":[{\"@type\":\"SearchAction\",\"target\":{\"@type\":\"EntryPoint\",\"urlTemplate\":\"https:\/\/videstehnika.lv\/en\/?s={search_term_string}\"},\"query-input\":{\"@type\":\"PropertyValueSpecification\",\"valueRequired\":true,\"valueName\":\"search_term_string\"}}],\"inLanguage\":\"en-US\"}]}<\/script>\n<!-- \/ Yoast SEO plugin. -->","yoast_head_json":{"title":"blocks ACOUSTIC for wall construction &#8226; Vides Tehnika","description":"Suitable for the construction of interior walls of buildings, which are subject to increased sound insulation requirements.","robots":{"index":"index","follow":"follow","max-snippet":"max-snippet:-1","max-image-preview":"max-image-preview:large","max-video-preview":"max-video-preview:-1"},"canonical":"https:\/\/videstehnika.lv\/en\/catalog\/buvmateriali-en\/blocks-acoustic\/","og_locale":"en_US","og_type":"article","og_title":"blocks ACOUSTIC for wall construction &#8226; Vides Tehnika","og_description":"Suitable for the construction of interior walls of buildings, which are subject to increased sound insulation requirements.","og_url":"https:\/\/videstehnika.lv\/en\/catalog\/buvmateriali-en\/blocks-acoustic\/","og_site_name":"Vides Tehnika","article_modified_time":"2021-11-07T10:46:52+00:00","og_image":[{"width":900,"height":900,"url":"https:\/\/videstehnika.lv\/wp-content\/uploads\/2020\/09\/bloki-bauroc-hard-vides-tehnika.jpg","type":"image\/jpeg"}],"twitter_card":"summary_large_image","twitter_misc":{"Est. reading time":"1 minute"},"schema":{"@context":"https:\/\/schema.org","@graph":[{"@type":"WebPage","@id":"https:\/\/videstehnika.lv\/en\/catalog\/buvmateriali-en\/blocks-acoustic\/","url":"https:\/\/videstehnika.lv\/en\/catalog\/buvmateriali-en\/blocks-acoustic\/","name":"blocks ACOUSTIC for wall construction &#8226; Vides Tehnika","isPartOf":{"@id":"https:\/\/videstehnika.lv\/en\/#website"},"primaryImageOfPage":{"@id":"https:\/\/videstehnika.lv\/en\/catalog\/buvmateriali-en\/blocks-acoustic\/#primaryimage"},"image":{"@id":"https:\/\/videstehnika.lv\/en\/catalog\/buvmateriali-en\/blocks-acoustic\/#primaryimage"},"thumbnailUrl":"https:\/\/videstehnika.lv\/wp-content\/uploads\/2020\/09\/bloki-bauroc-hard-vides-tehnika.jpg","datePublished":"2020-12-11T15:29:56+00:00","dateModified":"2021-11-07T10:46:52+00:00","description":"Suitable for the construction of interior walls of buildings, which are subject to increased sound insulation requirements.","breadcrumb":{"@id":"https:\/\/videstehnika.lv\/en\/catalog\/buvmateriali-en\/blocks-acoustic\/#breadcrumb"},"inLanguage":"en-US","potentialAction":[{"@type":"ReadAction","target":["https:\/\/videstehnika.lv\/en\/catalog\/buvmateriali-en\/blocks-acoustic\/"]}]},{"@type":"ImageObject","inLanguage":"en-US","@id":"https:\/\/videstehnika.lv\/en\/catalog\/buvmateriali-en\/blocks-acoustic\/#primaryimage","url":"https:\/\/videstehnika.lv\/wp-content\/uploads\/2020\/09\/bloki-bauroc-hard-vides-tehnika.jpg","contentUrl":"https:\/\/videstehnika.lv\/wp-content\/uploads\/2020\/09\/bloki-bauroc-hard-vides-tehnika.jpg","width":900,"height":900,"caption":"bauroc HARD 5 MPa bloki ir 1.kategorijas bloki, kas atbilst harmoniz\u0113t\u0101 standarta pras\u012bb\u0101m un kuriem ir ES mar\u0137\u0113jums. bauroc blokiem ir plakana virsma un taisnst\u016bra forma."},{"@type":"BreadcrumbList","@id":"https:\/\/videstehnika.lv\/en\/catalog\/buvmateriali-en\/blocks-acoustic\/#breadcrumb","itemListElement":[{"@type":"ListItem","position":1,"name":"Home","item":"https:\/\/videstehnika.lv\/en\/"},{"@type":"ListItem","position":2,"name":"Katalogs","item":"https:\/\/videstehnika.lv\/en\/katalogs\/"},{"@type":"ListItem","position":3,"name":"blocks ACOUSTIC"}]},{"@type":"WebSite","@id":"https:\/\/videstehnika.lv\/en\/#website","url":"https:\/\/videstehnika.lv\/en\/","name":"Vides Tehnika","description":"","potentialAction":[{"@type":"SearchAction","target":{"@type":"EntryPoint","urlTemplate":"https:\/\/videstehnika.lv\/en\/?s={search_term_string}"},"query-input":{"@type":"PropertyValueSpecification","valueRequired":true,"valueName":"search_term_string"}}],"inLanguage":"en-US"}]}},"_links":{"self":[{"href":"https:\/\/videstehnika.lv\/en\/wp-json\/wp\/v2\/product\/7362","targetHints":{"allow":["GET"]}}],"collection":[{"href":"https:\/\/videstehnika.lv\/en\/wp-json\/wp\/v2\/product"}],"about":[{"href":"https:\/\/videstehnika.lv\/en\/wp-json\/wp\/v2\/types\/product"}],"wp:featuredmedia":[{"embeddable":true,"href":"https:\/\/videstehnika.lv\/en\/wp-json\/wp\/v2\/media\/6335"}],"wp:attachment":[{"href":"https:\/\/videstehnika.lv\/en\/wp-json\/wp\/v2\/media?parent=7362"}],"wp:term":[{"taxonomy":"product_cat","embeddable":true,"href":"https:\/\/videstehnika.lv\/en\/wp-json\/wp\/v2\/product_cat?post=7362"},{"taxonomy":"product_tag","embeddable":true,"href":"https:\/\/videstehnika.lv\/en\/wp-json\/wp\/v2\/product_tag?post=7362"}],"curies":[{"name":"wp","href":"https:\/\/api.w.org\/{rel}","templated":true}]}}