{"id":79877,"date":"2025-10-24T12:30:20","date_gmt":"2025-10-24T09:30:20","guid":{"rendered":"https:\/\/videstehnika.lv\/?post_type=product&#038;p=79877"},"modified":"2025-11-20T12:28:58","modified_gmt":"2025-11-20T10:28:58","slug":"ardex-b14-betona-remonta-java","status":"publish","type":"product","link":"https:\/\/videstehnika.lv\/katalogs\/buvmateriali-buvei-remontam-un-ieksdarbiem\/sausie-maisijumi-ara-darbiem-un-ieksdarbiem\/betona-spakteles-un-remonta-javas\/ardex-b14-betona-remonta-java\/","title":{"rendered":"ARDEX B14 betona remonta java"},"content":{"rendered":"<h2>ARDEX B14 betona remonta java<\/h2>\n<p>Iek\u0161darbiem un \u0101rdarbiem.<\/p>\n<p><strong>R2 saska\u0146\u0101 ar EN 1504-3:2006: &#8220;Produkti un sist\u0113mas betona konstrukciju aizsardz\u012bbai un remontam&#8221;.<\/strong><\/p>\n<p>No 1 l\u012bdz 5 mm biez\u0101m k\u0101rt\u0101m.<br \/>\nNo 5 l\u012bdz 50 mm biez\u0101m k\u0101rt\u0101m samais\u0101ms ar smilti.<\/p>\n<h2>Pielietojums.<\/h2>\n<p>Betona vai dzelzsbetona elementu sienu un griestu remontam pl\u0101n\u0101s un biez\u0101s k\u0101rt\u0101s:<br \/>\n\u2013 plaisu, spraugu, dobumu un defektu aizpild\u012b\u0161anai,<br \/>\n\u2013 betona, dzelzsbetona elementu vai cementa apmetuma sienu un griestu laukumu atjauno\u0161anai un izl\u012bdzin\u0101\u0161anai.<br \/>\nSajaucot ar smilt\u012bm, to izmanto betona, cementa apmetuma un m\u016bra sienu apme\u0161anai, izl\u012bdzin\u0101\u0161anai vai atjauno\u0161anas darbiem.<\/p>\n<h2>Pamatnes sagatavo\u0161ana<\/h2>\n<p>Pamatne var b\u016bt sausa vai mitra, bet tai ir j\u0101b\u016bt stingrai, ar lab\u0101m sa\u0137eres \u012bpa\u0161\u012bb\u0101m, att\u012br\u012btai no putek\u013ciem, net\u012brumiem, kr\u0101sas, apmetuma p\u0101rpalikumiem, ka\u013c\u0137u \u0161\u013cakat\u0101m un sa\u0137eri samazino\u0161\u0101m viel\u0101m. V\u0101jas virsmas da\u013cas ir j\u0101no\u0146em l\u012bdz stingram pamatam. Met\u0101liem j\u0101b\u016bt ar pret korozijas p\u0101rkl\u0101jumu, kur\u0161 vienlaikus ar\u012b uzlabo sa\u0137eri.<\/p>\n<p>Lai vien\u0101dotu kr\u0101su ar apk\u0101rt eso\u0161ajiem betona laukumiem,ARDEX B14 var iekr\u0101sot ar cementa kr\u0101su pigmentiem. Tie vispirms j\u0101samaisa ar \u016bdeni un tad k\u0101 viendab\u012bga pasta j\u0101pievieno pie ARDEX B14 javas. Kr\u0101sojo\u0161\u0101 piedeva var veidot l\u012bdz pat 3 % no ARDEX B14 pulvera svara.<\/p>\n","protected":false},"excerpt":{"rendered":"<p>ARDEX B14 betona remonta java Iek\u0161darbiem un \u0101rdarbiem. R2 saska\u0146\u0101 ar EN 1504-3:2006: &#8220;Produkti un sist\u0113mas betona konstrukciju aizsardz\u012bbai un<\/p>\n","protected":false},"featured_media":79878,"template":"","meta":{"_acf_changed":false},"product_cat":[5538],"product_tag":[],"class_list":{"0":"post-79877","1":"product","2":"type-product","3":"status-publish","4":"has-post-thumbnail","6":"product_cat-betona-spakteles-un-remonta-javas","8":"first","9":"onbackorder","10":"taxable","11":"shipping-taxable","12":"purchasable","13":"product-type-simple"},"acf":[],"yoast_head":"<!-- This site is optimized with the Yoast SEO plugin v24.2 - https:\/\/yoast.com\/wordpress\/plugins\/seo\/ -->\n<title>ARDEX B14 betona remonta java &#8226; Vides Tehnika<\/title>\n<meta name=\"description\" content=\"Betona vai dzelzsbetona elementu sienu un griestu remontam pl\u0101n\u0101s un biez\u0101s k\u0101rt\u0101s, plaisu, spraugu, dobumu un defektu aizpild\u012b\u0161anai.\" \/>\n<meta name=\"robots\" content=\"index, follow, max-snippet:-1, max-image-preview:large, max-video-preview:-1\" \/>\n<link rel=\"canonical\" href=\"https:\/\/videstehnika.lv\/en\/katalogs\/buvmateriali-buvei-remontam-un-ieksdarbiem\/sausie-maisijumi-ara-darbiem-un-ieksdarbiem\/betona-spakteles-un-remonta-javas\/ardex-b14-betona-remonta-java\/\" \/>\n<meta property=\"og:locale\" content=\"en_US\" \/>\n<meta property=\"og:type\" content=\"article\" \/>\n<meta property=\"og:title\" content=\"ARDEX B14 betona remonta java &#8226; Vides Tehnika\" \/>\n<meta property=\"og:description\" content=\"Betona vai dzelzsbetona elementu sienu un griestu remontam pl\u0101n\u0101s un biez\u0101s k\u0101rt\u0101s, plaisu, spraugu, dobumu un defektu aizpild\u012b\u0161anai.\" \/>\n<meta property=\"og:url\" content=\"https:\/\/videstehnika.lv\/katalogs\/buvmateriali-buvei-remontam-un-ieksdarbiem\/sausie-maisijumi-ara-darbiem-un-ieksdarbiem\/betona-spakteles-un-remonta-javas\/ardex-b14-betona-remonta-java\/\" \/>\n<meta property=\"og:site_name\" content=\"Vides Tehnika\" \/>\n<meta property=\"article:modified_time\" content=\"2025-11-20T10:28:58+00:00\" \/>\n<meta property=\"og:image\" content=\"https:\/\/videstehnika.lv\/wp-content\/uploads\/2025\/10\/ARDEX-B-14-grey-20-kg-low.png\" \/>\n\t<meta property=\"og:image:width\" content=\"594\" \/>\n\t<meta property=\"og:image:height\" content=\"640\" \/>\n\t<meta property=\"og:image:type\" content=\"image\/png\" \/>\n<meta name=\"twitter:card\" content=\"summary_large_image\" \/>\n<meta name=\"twitter:label1\" content=\"Est. reading time\" \/>\n\t<meta name=\"twitter:data1\" content=\"1 minute\" \/>\n<script type=\"application\/ld+json\" class=\"yoast-schema-graph\">{\"@context\":\"https:\/\/schema.org\",\"@graph\":[{\"@type\":\"WebPage\",\"@id\":\"https:\/\/videstehnika.lv\/katalogs\/buvmateriali-buvei-remontam-un-ieksdarbiem\/sausie-maisijumi-ara-darbiem-un-ieksdarbiem\/betona-spakteles-un-remonta-javas\/ardex-b14-betona-remonta-java\/\",\"url\":\"https:\/\/videstehnika.lv\/katalogs\/buvmateriali-buvei-remontam-un-ieksdarbiem\/sausie-maisijumi-ara-darbiem-un-ieksdarbiem\/betona-spakteles-un-remonta-javas\/ardex-b14-betona-remonta-java\/\",\"name\":\"ARDEX B14 betona remonta java &#8226; Vides Tehnika\",\"isPartOf\":{\"@id\":\"https:\/\/videstehnika.lv\/en\/#website\"},\"primaryImageOfPage\":{\"@id\":\"https:\/\/videstehnika.lv\/katalogs\/buvmateriali-buvei-remontam-un-ieksdarbiem\/sausie-maisijumi-ara-darbiem-un-ieksdarbiem\/betona-spakteles-un-remonta-javas\/ardex-b14-betona-remonta-java\/#primaryimage\"},\"image\":{\"@id\":\"https:\/\/videstehnika.lv\/katalogs\/buvmateriali-buvei-remontam-un-ieksdarbiem\/sausie-maisijumi-ara-darbiem-un-ieksdarbiem\/betona-spakteles-un-remonta-javas\/ardex-b14-betona-remonta-java\/#primaryimage\"},\"thumbnailUrl\":\"https:\/\/videstehnika.lv\/wp-content\/uploads\/2025\/10\/ARDEX-B-14-grey-20-kg-low.png\",\"datePublished\":\"2025-10-24T09:30:20+00:00\",\"dateModified\":\"2025-11-20T10:28:58+00:00\",\"description\":\"Betona vai dzelzsbetona elementu sienu un griestu remontam pl\u0101n\u0101s un biez\u0101s k\u0101rt\u0101s, plaisu, spraugu, dobumu un defektu aizpild\u012b\u0161anai.\",\"breadcrumb\":{\"@id\":\"https:\/\/videstehnika.lv\/katalogs\/buvmateriali-buvei-remontam-un-ieksdarbiem\/sausie-maisijumi-ara-darbiem-un-ieksdarbiem\/betona-spakteles-un-remonta-javas\/ardex-b14-betona-remonta-java\/#breadcrumb\"},\"inLanguage\":\"en-US\",\"potentialAction\":[{\"@type\":\"ReadAction\",\"target\":[\"https:\/\/videstehnika.lv\/katalogs\/buvmateriali-buvei-remontam-un-ieksdarbiem\/sausie-maisijumi-ara-darbiem-un-ieksdarbiem\/betona-spakteles-un-remonta-javas\/ardex-b14-betona-remonta-java\/\"]}]},{\"@type\":\"ImageObject\",\"inLanguage\":\"en-US\",\"@id\":\"https:\/\/videstehnika.lv\/katalogs\/buvmateriali-buvei-remontam-un-ieksdarbiem\/sausie-maisijumi-ara-darbiem-un-ieksdarbiem\/betona-spakteles-un-remonta-javas\/ardex-b14-betona-remonta-java\/#primaryimage\",\"url\":\"https:\/\/videstehnika.lv\/wp-content\/uploads\/2025\/10\/ARDEX-B-14-grey-20-kg-low.png\",\"contentUrl\":\"https:\/\/videstehnika.lv\/wp-content\/uploads\/2025\/10\/ARDEX-B-14-grey-20-kg-low.png\",\"width\":594,\"height\":640},{\"@type\":\"BreadcrumbList\",\"@id\":\"https:\/\/videstehnika.lv\/katalogs\/buvmateriali-buvei-remontam-un-ieksdarbiem\/sausie-maisijumi-ara-darbiem-un-ieksdarbiem\/betona-spakteles-un-remonta-javas\/ardex-b14-betona-remonta-java\/#breadcrumb\",\"itemListElement\":[{\"@type\":\"ListItem\",\"position\":1,\"name\":\"Home\",\"item\":\"https:\/\/videstehnika.lv\/en\/\"},{\"@type\":\"ListItem\",\"position\":2,\"name\":\"Katalogs\",\"item\":\"https:\/\/videstehnika.lv\/en\/katalogs\/\"},{\"@type\":\"ListItem\",\"position\":3,\"name\":\"ARDEX B14 betona remonta java\"}]},{\"@type\":\"WebSite\",\"@id\":\"https:\/\/videstehnika.lv\/en\/#website\",\"url\":\"https:\/\/videstehnika.lv\/en\/\",\"name\":\"Vides Tehnika\",\"description\":\"\",\"potentialAction\":[{\"@type\":\"SearchAction\",\"target\":{\"@type\":\"EntryPoint\",\"urlTemplate\":\"https:\/\/videstehnika.lv\/en\/?s={search_term_string}\"},\"query-input\":{\"@type\":\"PropertyValueSpecification\",\"valueRequired\":true,\"valueName\":\"search_term_string\"}}],\"inLanguage\":\"en-US\"}]}<\/script>\n<!-- \/ Yoast SEO plugin. -->","yoast_head_json":{"title":"ARDEX B14 betona remonta java &#8226; Vides Tehnika","description":"Betona vai dzelzsbetona elementu sienu un griestu remontam pl\u0101n\u0101s un biez\u0101s k\u0101rt\u0101s, plaisu, spraugu, dobumu un defektu aizpild\u012b\u0161anai.","robots":{"index":"index","follow":"follow","max-snippet":"max-snippet:-1","max-image-preview":"max-image-preview:large","max-video-preview":"max-video-preview:-1"},"canonical":"https:\/\/videstehnika.lv\/en\/katalogs\/buvmateriali-buvei-remontam-un-ieksdarbiem\/sausie-maisijumi-ara-darbiem-un-ieksdarbiem\/betona-spakteles-un-remonta-javas\/ardex-b14-betona-remonta-java\/","og_locale":"en_US","og_type":"article","og_title":"ARDEX B14 betona remonta java &#8226; Vides Tehnika","og_description":"Betona vai dzelzsbetona elementu sienu un griestu remontam pl\u0101n\u0101s un biez\u0101s k\u0101rt\u0101s, plaisu, spraugu, dobumu un defektu aizpild\u012b\u0161anai.","og_url":"https:\/\/videstehnika.lv\/katalogs\/buvmateriali-buvei-remontam-un-ieksdarbiem\/sausie-maisijumi-ara-darbiem-un-ieksdarbiem\/betona-spakteles-un-remonta-javas\/ardex-b14-betona-remonta-java\/","og_site_name":"Vides Tehnika","article_modified_time":"2025-11-20T10:28:58+00:00","og_image":[{"width":594,"height":640,"url":"https:\/\/videstehnika.lv\/wp-content\/uploads\/2025\/10\/ARDEX-B-14-grey-20-kg-low.png","type":"image\/png"}],"twitter_card":"summary_large_image","twitter_misc":{"Est. reading time":"1 minute"},"schema":{"@context":"https:\/\/schema.org","@graph":[{"@type":"WebPage","@id":"https:\/\/videstehnika.lv\/katalogs\/buvmateriali-buvei-remontam-un-ieksdarbiem\/sausie-maisijumi-ara-darbiem-un-ieksdarbiem\/betona-spakteles-un-remonta-javas\/ardex-b14-betona-remonta-java\/","url":"https:\/\/videstehnika.lv\/katalogs\/buvmateriali-buvei-remontam-un-ieksdarbiem\/sausie-maisijumi-ara-darbiem-un-ieksdarbiem\/betona-spakteles-un-remonta-javas\/ardex-b14-betona-remonta-java\/","name":"ARDEX B14 betona remonta java &#8226; Vides Tehnika","isPartOf":{"@id":"https:\/\/videstehnika.lv\/en\/#website"},"primaryImageOfPage":{"@id":"https:\/\/videstehnika.lv\/katalogs\/buvmateriali-buvei-remontam-un-ieksdarbiem\/sausie-maisijumi-ara-darbiem-un-ieksdarbiem\/betona-spakteles-un-remonta-javas\/ardex-b14-betona-remonta-java\/#primaryimage"},"image":{"@id":"https:\/\/videstehnika.lv\/katalogs\/buvmateriali-buvei-remontam-un-ieksdarbiem\/sausie-maisijumi-ara-darbiem-un-ieksdarbiem\/betona-spakteles-un-remonta-javas\/ardex-b14-betona-remonta-java\/#primaryimage"},"thumbnailUrl":"https:\/\/videstehnika.lv\/wp-content\/uploads\/2025\/10\/ARDEX-B-14-grey-20-kg-low.png","datePublished":"2025-10-24T09:30:20+00:00","dateModified":"2025-11-20T10:28:58+00:00","description":"Betona vai dzelzsbetona elementu sienu un griestu remontam pl\u0101n\u0101s un biez\u0101s k\u0101rt\u0101s, plaisu, spraugu, dobumu un defektu aizpild\u012b\u0161anai.","breadcrumb":{"@id":"https:\/\/videstehnika.lv\/katalogs\/buvmateriali-buvei-remontam-un-ieksdarbiem\/sausie-maisijumi-ara-darbiem-un-ieksdarbiem\/betona-spakteles-un-remonta-javas\/ardex-b14-betona-remonta-java\/#breadcrumb"},"inLanguage":"en-US","potentialAction":[{"@type":"ReadAction","target":["https:\/\/videstehnika.lv\/katalogs\/buvmateriali-buvei-remontam-un-ieksdarbiem\/sausie-maisijumi-ara-darbiem-un-ieksdarbiem\/betona-spakteles-un-remonta-javas\/ardex-b14-betona-remonta-java\/"]}]},{"@type":"ImageObject","inLanguage":"en-US","@id":"https:\/\/videstehnika.lv\/katalogs\/buvmateriali-buvei-remontam-un-ieksdarbiem\/sausie-maisijumi-ara-darbiem-un-ieksdarbiem\/betona-spakteles-un-remonta-javas\/ardex-b14-betona-remonta-java\/#primaryimage","url":"https:\/\/videstehnika.lv\/wp-content\/uploads\/2025\/10\/ARDEX-B-14-grey-20-kg-low.png","contentUrl":"https:\/\/videstehnika.lv\/wp-content\/uploads\/2025\/10\/ARDEX-B-14-grey-20-kg-low.png","width":594,"height":640},{"@type":"BreadcrumbList","@id":"https:\/\/videstehnika.lv\/katalogs\/buvmateriali-buvei-remontam-un-ieksdarbiem\/sausie-maisijumi-ara-darbiem-un-ieksdarbiem\/betona-spakteles-un-remonta-javas\/ardex-b14-betona-remonta-java\/#breadcrumb","itemListElement":[{"@type":"ListItem","position":1,"name":"Home","item":"https:\/\/videstehnika.lv\/en\/"},{"@type":"ListItem","position":2,"name":"Katalogs","item":"https:\/\/videstehnika.lv\/en\/katalogs\/"},{"@type":"ListItem","position":3,"name":"ARDEX B14 betona remonta java"}]},{"@type":"WebSite","@id":"https:\/\/videstehnika.lv\/en\/#website","url":"https:\/\/videstehnika.lv\/en\/","name":"Vides Tehnika","description":"","potentialAction":[{"@type":"SearchAction","target":{"@type":"EntryPoint","urlTemplate":"https:\/\/videstehnika.lv\/en\/?s={search_term_string}"},"query-input":{"@type":"PropertyValueSpecification","valueRequired":true,"valueName":"search_term_string"}}],"inLanguage":"en-US"}]}},"_links":{"self":[{"href":"https:\/\/videstehnika.lv\/en\/wp-json\/wp\/v2\/product\/79877","targetHints":{"allow":["GET"]}}],"collection":[{"href":"https:\/\/videstehnika.lv\/en\/wp-json\/wp\/v2\/product"}],"about":[{"href":"https:\/\/videstehnika.lv\/en\/wp-json\/wp\/v2\/types\/product"}],"wp:featuredmedia":[{"embeddable":true,"href":"https:\/\/videstehnika.lv\/en\/wp-json\/wp\/v2\/media\/79878"}],"wp:attachment":[{"href":"https:\/\/videstehnika.lv\/en\/wp-json\/wp\/v2\/media?parent=79877"}],"wp:term":[{"taxonomy":"product_cat","embeddable":true,"href":"https:\/\/videstehnika.lv\/en\/wp-json\/wp\/v2\/product_cat?post=79877"},{"taxonomy":"product_tag","embeddable":true,"href":"https:\/\/videstehnika.lv\/en\/wp-json\/wp\/v2\/product_tag?post=79877"}],"curies":[{"name":"wp","href":"https:\/\/api.w.org\/{rel}","templated":true}]}}