{"id":80031,"date":"2025-10-24T15:04:40","date_gmt":"2025-10-24T12:04:40","guid":{"rendered":"https:\/\/videstehnika.lv\/?post_type=product&#038;p=80031"},"modified":"2025-11-20T13:18:05","modified_gmt":"2025-11-20T11:18:05","slug":"ardex-p82-sintetisko-sveku-grunts","status":"publish","type":"product","link":"https:\/\/videstehnika.lv\/katalogs\/buvmateriali-buvei-remontam-un-ieksdarbiem\/gruntis-ara-darbiem-un-ieksdarbiem\/ardex-p82-sintetisko-sveku-grunts\/","title":{"rendered":"ARDEX P82 sint\u0113tisko sve\u0137u grunts"},"content":{"rendered":"<h2>ARDEX P82 sint\u0113tisko sve\u0137u grunts<\/h2>\n<p>Iek\u0161darbiem, gr\u012bd\u0101m, sien\u0101m, griestiem.<br \/>\n\u013boti glud\u0101m un neuzs\u016bco\u0161\u0101m virsm\u0101m.<br \/>\n\u0100tri \u017e\u016bsto\u0161a.<br \/>\nBez \u0161\u0137\u012bdin\u0101t\u0101jiem.<br \/>\nDro\u0161i transport\u0113t, uzglab\u0101t un lietot.<\/p>\n<h2>Lieto\u0161ana<\/h2>\n<p>ARDEX P 82 grunti uzkl\u0101j ar otu, rull\u012bti, sareni vai gludu \u0161pakteli uz sausas pamatnes, kas att\u012br\u012bta no putek\u013ciem, net\u012brumiem un cit\u0101m sa\u0137eri trauc\u0113jo\u0161\u0101m k\u0101rt\u0101m. Lai atvieglotu iestr\u0101di var pievienot l\u012bdz 5% \u016bdens. Tikai tad, kad grunts ir piln\u012bb\u0101 no\u017euvusi un izveidojusies caursp\u012bd\u012bga, lip\u012bga pl\u0113v\u012bte, tas ir apm. p\u0113c 1. stundas, bet ne v\u0113l\u0101k, k\u0101 p\u0113c 48 stund\u0101m, dr\u012bkst uzkl\u0101t izl\u012bdzino\u0161os mais\u012bjumus, \u0161pakteles vai l\u012bmes.<br \/>\nSamais\u012b\u0161anas traukus un instrumentus uzreiz p\u0113c lieto\u0161anas nomazg\u0101t ar \u016bdeni.<\/p>\n<h2>Pielietojums<\/h2>\n<p>Grunt\u0113\u0161anai un adh\u0113zijas uzlabo\u0161anai uz glud\u0101m un bl\u012bv\u0101m pamatn\u0113m, piem\u0113ram:<br \/>\n\u2013 saliekam\u0101 betona elementiem,<br \/>\n\u2013 bl\u012bv\u0101m uzlejam\u0101m betona gr\u012bd\u0101m,<br \/>\n\u2013 liet\u0101 asfalta, kas slikti nokais\u012bts ar smilt\u012bm,<br \/>\n\u2013 veca liet\u0101 asfalta,<br \/>\n\u2013 anhidr\u012bta pamatn\u0113m,<br \/>\n\u2013 magnez\u012bta gr\u012bd\u0101m,<br \/>\n\u2013 kokskaidu un kok\u0161\u0137iedru pl\u0101ksn\u0113m,<br \/>\n\u2013 koka d\u0113\u013cu,<br \/>\n\u2013 akmens,<br \/>\n\u2013 klinkera,<br \/>\n\u2013 fl\u012bz\u0113m,<br \/>\n\u2013 met\u0101la,<br \/>\n\u2013 sint\u0113tiskiem segumiem,<br \/>\n\u2013 lakot\u0101m, ar e\u013c\u013cas kr\u0101s\u0101m kr\u0101sot\u0101m un plastik\u0101ta virsm\u0101m<br \/>\npirms izl\u012bdzin\u0101\u0161anas mais\u012bjumiem, \u0161paktel\u0113m un fl\u012b\u017eu l\u012bm\u0113m.<\/p>\n","protected":false},"excerpt":{"rendered":"<p>ARDEX P82 sint\u0113tisko sve\u0137u grunts Iek\u0161darbiem, gr\u012bd\u0101m, sien\u0101m, griestiem. \u013boti glud\u0101m un neuzs\u016bco\u0161\u0101m virsm\u0101m. \u0100tri \u017e\u016bsto\u0161a. Bez \u0161\u0137\u012bdin\u0101t\u0101jiem. Dro\u0161i transport\u0113t,<\/p>\n","protected":false},"featured_media":80032,"template":"","meta":{"_acf_changed":false},"product_cat":[2063],"product_tag":[],"class_list":{"0":"post-80031","1":"product","2":"type-product","3":"status-publish","4":"has-post-thumbnail","6":"product_cat-gruntis-ara-darbiem-un-ieksdarbiem","8":"first","9":"onbackorder","10":"taxable","11":"shipping-taxable","12":"purchasable","13":"product-type-variable"},"acf":[],"yoast_head":"<!-- This site is optimized with the Yoast SEO plugin v24.2 - https:\/\/yoast.com\/wordpress\/plugins\/seo\/ -->\n<title>ARDEX P82 sint\u0113tisko sve\u0137u grunts &#8226; Vides Tehnika<\/title>\n<meta name=\"description\" content=\"Grunt\u0113\u0161anai un adh\u0113zijas uzlabo\u0161anai uz glud\u0101m un bl\u012bv\u0101m pamatn\u0113m. Iek\u0161darbiem.\" \/>\n<meta name=\"robots\" content=\"index, follow, max-snippet:-1, max-image-preview:large, max-video-preview:-1\" \/>\n<link rel=\"canonical\" href=\"https:\/\/videstehnika.lv\/en\/katalogs\/buvmateriali-buvei-remontam-un-ieksdarbiem\/gruntis-ara-darbiem-un-ieksdarbiem\/ardex-p82-sintetisko-sveku-grunts\/\" \/>\n<meta property=\"og:locale\" content=\"en_US\" \/>\n<meta property=\"og:type\" content=\"article\" \/>\n<meta property=\"og:title\" content=\"ARDEX P82 sint\u0113tisko sve\u0137u grunts &#8226; Vides Tehnika\" \/>\n<meta property=\"og:description\" content=\"Grunt\u0113\u0161anai un adh\u0113zijas uzlabo\u0161anai uz glud\u0101m un bl\u012bv\u0101m pamatn\u0113m. Iek\u0161darbiem.\" \/>\n<meta property=\"og:url\" content=\"https:\/\/videstehnika.lv\/katalogs\/buvmateriali-buvei-remontam-un-ieksdarbiem\/gruntis-ara-darbiem-un-ieksdarbiem\/ardex-p82-sintetisko-sveku-grunts\/\" \/>\n<meta property=\"og:site_name\" content=\"Vides Tehnika\" \/>\n<meta property=\"article:modified_time\" content=\"2025-11-20T11:18:05+00:00\" \/>\n<meta property=\"og:image\" content=\"https:\/\/videstehnika.lv\/wp-content\/uploads\/2025\/10\/ARDEX-P-82-AB-web.png\" \/>\n\t<meta property=\"og:image:width\" content=\"640\" \/>\n\t<meta property=\"og:image:height\" content=\"594\" \/>\n\t<meta property=\"og:image:type\" content=\"image\/png\" \/>\n<meta name=\"twitter:card\" content=\"summary_large_image\" \/>\n<meta name=\"twitter:label1\" content=\"Est. reading time\" \/>\n\t<meta name=\"twitter:data1\" content=\"1 minute\" \/>\n<script type=\"application\/ld+json\" class=\"yoast-schema-graph\">{\"@context\":\"https:\/\/schema.org\",\"@graph\":[{\"@type\":\"WebPage\",\"@id\":\"https:\/\/videstehnika.lv\/katalogs\/buvmateriali-buvei-remontam-un-ieksdarbiem\/gruntis-ara-darbiem-un-ieksdarbiem\/ardex-p82-sintetisko-sveku-grunts\/\",\"url\":\"https:\/\/videstehnika.lv\/katalogs\/buvmateriali-buvei-remontam-un-ieksdarbiem\/gruntis-ara-darbiem-un-ieksdarbiem\/ardex-p82-sintetisko-sveku-grunts\/\",\"name\":\"ARDEX P82 sint\u0113tisko sve\u0137u grunts &#8226; Vides Tehnika\",\"isPartOf\":{\"@id\":\"https:\/\/videstehnika.lv\/en\/#website\"},\"primaryImageOfPage\":{\"@id\":\"https:\/\/videstehnika.lv\/katalogs\/buvmateriali-buvei-remontam-un-ieksdarbiem\/gruntis-ara-darbiem-un-ieksdarbiem\/ardex-p82-sintetisko-sveku-grunts\/#primaryimage\"},\"image\":{\"@id\":\"https:\/\/videstehnika.lv\/katalogs\/buvmateriali-buvei-remontam-un-ieksdarbiem\/gruntis-ara-darbiem-un-ieksdarbiem\/ardex-p82-sintetisko-sveku-grunts\/#primaryimage\"},\"thumbnailUrl\":\"https:\/\/videstehnika.lv\/wp-content\/uploads\/2025\/10\/ARDEX-P-82-AB-web.png\",\"datePublished\":\"2025-10-24T12:04:40+00:00\",\"dateModified\":\"2025-11-20T11:18:05+00:00\",\"description\":\"Grunt\u0113\u0161anai un adh\u0113zijas uzlabo\u0161anai uz glud\u0101m un bl\u012bv\u0101m pamatn\u0113m. Iek\u0161darbiem.\",\"breadcrumb\":{\"@id\":\"https:\/\/videstehnika.lv\/katalogs\/buvmateriali-buvei-remontam-un-ieksdarbiem\/gruntis-ara-darbiem-un-ieksdarbiem\/ardex-p82-sintetisko-sveku-grunts\/#breadcrumb\"},\"inLanguage\":\"en-US\",\"potentialAction\":[{\"@type\":\"ReadAction\",\"target\":[\"https:\/\/videstehnika.lv\/katalogs\/buvmateriali-buvei-remontam-un-ieksdarbiem\/gruntis-ara-darbiem-un-ieksdarbiem\/ardex-p82-sintetisko-sveku-grunts\/\"]}]},{\"@type\":\"ImageObject\",\"inLanguage\":\"en-US\",\"@id\":\"https:\/\/videstehnika.lv\/katalogs\/buvmateriali-buvei-remontam-un-ieksdarbiem\/gruntis-ara-darbiem-un-ieksdarbiem\/ardex-p82-sintetisko-sveku-grunts\/#primaryimage\",\"url\":\"https:\/\/videstehnika.lv\/wp-content\/uploads\/2025\/10\/ARDEX-P-82-AB-web.png\",\"contentUrl\":\"https:\/\/videstehnika.lv\/wp-content\/uploads\/2025\/10\/ARDEX-P-82-AB-web.png\",\"width\":640,\"height\":594},{\"@type\":\"BreadcrumbList\",\"@id\":\"https:\/\/videstehnika.lv\/katalogs\/buvmateriali-buvei-remontam-un-ieksdarbiem\/gruntis-ara-darbiem-un-ieksdarbiem\/ardex-p82-sintetisko-sveku-grunts\/#breadcrumb\",\"itemListElement\":[{\"@type\":\"ListItem\",\"position\":1,\"name\":\"Home\",\"item\":\"https:\/\/videstehnika.lv\/en\/\"},{\"@type\":\"ListItem\",\"position\":2,\"name\":\"Katalogs\",\"item\":\"https:\/\/videstehnika.lv\/en\/katalogs\/\"},{\"@type\":\"ListItem\",\"position\":3,\"name\":\"ARDEX P82 sint\u0113tisko sve\u0137u grunts\"}]},{\"@type\":\"WebSite\",\"@id\":\"https:\/\/videstehnika.lv\/en\/#website\",\"url\":\"https:\/\/videstehnika.lv\/en\/\",\"name\":\"Vides Tehnika\",\"description\":\"\",\"potentialAction\":[{\"@type\":\"SearchAction\",\"target\":{\"@type\":\"EntryPoint\",\"urlTemplate\":\"https:\/\/videstehnika.lv\/en\/?s={search_term_string}\"},\"query-input\":{\"@type\":\"PropertyValueSpecification\",\"valueRequired\":true,\"valueName\":\"search_term_string\"}}],\"inLanguage\":\"en-US\"}]}<\/script>\n<!-- \/ Yoast SEO plugin. -->","yoast_head_json":{"title":"ARDEX P82 sint\u0113tisko sve\u0137u grunts &#8226; Vides Tehnika","description":"Grunt\u0113\u0161anai un adh\u0113zijas uzlabo\u0161anai uz glud\u0101m un bl\u012bv\u0101m pamatn\u0113m. Iek\u0161darbiem.","robots":{"index":"index","follow":"follow","max-snippet":"max-snippet:-1","max-image-preview":"max-image-preview:large","max-video-preview":"max-video-preview:-1"},"canonical":"https:\/\/videstehnika.lv\/en\/katalogs\/buvmateriali-buvei-remontam-un-ieksdarbiem\/gruntis-ara-darbiem-un-ieksdarbiem\/ardex-p82-sintetisko-sveku-grunts\/","og_locale":"en_US","og_type":"article","og_title":"ARDEX P82 sint\u0113tisko sve\u0137u grunts &#8226; Vides Tehnika","og_description":"Grunt\u0113\u0161anai un adh\u0113zijas uzlabo\u0161anai uz glud\u0101m un bl\u012bv\u0101m pamatn\u0113m. Iek\u0161darbiem.","og_url":"https:\/\/videstehnika.lv\/katalogs\/buvmateriali-buvei-remontam-un-ieksdarbiem\/gruntis-ara-darbiem-un-ieksdarbiem\/ardex-p82-sintetisko-sveku-grunts\/","og_site_name":"Vides Tehnika","article_modified_time":"2025-11-20T11:18:05+00:00","og_image":[{"width":640,"height":594,"url":"https:\/\/videstehnika.lv\/wp-content\/uploads\/2025\/10\/ARDEX-P-82-AB-web.png","type":"image\/png"}],"twitter_card":"summary_large_image","twitter_misc":{"Est. reading time":"1 minute"},"schema":{"@context":"https:\/\/schema.org","@graph":[{"@type":"WebPage","@id":"https:\/\/videstehnika.lv\/katalogs\/buvmateriali-buvei-remontam-un-ieksdarbiem\/gruntis-ara-darbiem-un-ieksdarbiem\/ardex-p82-sintetisko-sveku-grunts\/","url":"https:\/\/videstehnika.lv\/katalogs\/buvmateriali-buvei-remontam-un-ieksdarbiem\/gruntis-ara-darbiem-un-ieksdarbiem\/ardex-p82-sintetisko-sveku-grunts\/","name":"ARDEX P82 sint\u0113tisko sve\u0137u grunts &#8226; Vides Tehnika","isPartOf":{"@id":"https:\/\/videstehnika.lv\/en\/#website"},"primaryImageOfPage":{"@id":"https:\/\/videstehnika.lv\/katalogs\/buvmateriali-buvei-remontam-un-ieksdarbiem\/gruntis-ara-darbiem-un-ieksdarbiem\/ardex-p82-sintetisko-sveku-grunts\/#primaryimage"},"image":{"@id":"https:\/\/videstehnika.lv\/katalogs\/buvmateriali-buvei-remontam-un-ieksdarbiem\/gruntis-ara-darbiem-un-ieksdarbiem\/ardex-p82-sintetisko-sveku-grunts\/#primaryimage"},"thumbnailUrl":"https:\/\/videstehnika.lv\/wp-content\/uploads\/2025\/10\/ARDEX-P-82-AB-web.png","datePublished":"2025-10-24T12:04:40+00:00","dateModified":"2025-11-20T11:18:05+00:00","description":"Grunt\u0113\u0161anai un adh\u0113zijas uzlabo\u0161anai uz glud\u0101m un bl\u012bv\u0101m pamatn\u0113m. Iek\u0161darbiem.","breadcrumb":{"@id":"https:\/\/videstehnika.lv\/katalogs\/buvmateriali-buvei-remontam-un-ieksdarbiem\/gruntis-ara-darbiem-un-ieksdarbiem\/ardex-p82-sintetisko-sveku-grunts\/#breadcrumb"},"inLanguage":"en-US","potentialAction":[{"@type":"ReadAction","target":["https:\/\/videstehnika.lv\/katalogs\/buvmateriali-buvei-remontam-un-ieksdarbiem\/gruntis-ara-darbiem-un-ieksdarbiem\/ardex-p82-sintetisko-sveku-grunts\/"]}]},{"@type":"ImageObject","inLanguage":"en-US","@id":"https:\/\/videstehnika.lv\/katalogs\/buvmateriali-buvei-remontam-un-ieksdarbiem\/gruntis-ara-darbiem-un-ieksdarbiem\/ardex-p82-sintetisko-sveku-grunts\/#primaryimage","url":"https:\/\/videstehnika.lv\/wp-content\/uploads\/2025\/10\/ARDEX-P-82-AB-web.png","contentUrl":"https:\/\/videstehnika.lv\/wp-content\/uploads\/2025\/10\/ARDEX-P-82-AB-web.png","width":640,"height":594},{"@type":"BreadcrumbList","@id":"https:\/\/videstehnika.lv\/katalogs\/buvmateriali-buvei-remontam-un-ieksdarbiem\/gruntis-ara-darbiem-un-ieksdarbiem\/ardex-p82-sintetisko-sveku-grunts\/#breadcrumb","itemListElement":[{"@type":"ListItem","position":1,"name":"Home","item":"https:\/\/videstehnika.lv\/en\/"},{"@type":"ListItem","position":2,"name":"Katalogs","item":"https:\/\/videstehnika.lv\/en\/katalogs\/"},{"@type":"ListItem","position":3,"name":"ARDEX P82 sint\u0113tisko sve\u0137u grunts"}]},{"@type":"WebSite","@id":"https:\/\/videstehnika.lv\/en\/#website","url":"https:\/\/videstehnika.lv\/en\/","name":"Vides Tehnika","description":"","potentialAction":[{"@type":"SearchAction","target":{"@type":"EntryPoint","urlTemplate":"https:\/\/videstehnika.lv\/en\/?s={search_term_string}"},"query-input":{"@type":"PropertyValueSpecification","valueRequired":true,"valueName":"search_term_string"}}],"inLanguage":"en-US"}]}},"_links":{"self":[{"href":"https:\/\/videstehnika.lv\/en\/wp-json\/wp\/v2\/product\/80031","targetHints":{"allow":["GET"]}}],"collection":[{"href":"https:\/\/videstehnika.lv\/en\/wp-json\/wp\/v2\/product"}],"about":[{"href":"https:\/\/videstehnika.lv\/en\/wp-json\/wp\/v2\/types\/product"}],"wp:featuredmedia":[{"embeddable":true,"href":"https:\/\/videstehnika.lv\/en\/wp-json\/wp\/v2\/media\/80032"}],"wp:attachment":[{"href":"https:\/\/videstehnika.lv\/en\/wp-json\/wp\/v2\/media?parent=80031"}],"wp:term":[{"taxonomy":"product_cat","embeddable":true,"href":"https:\/\/videstehnika.lv\/en\/wp-json\/wp\/v2\/product_cat?post=80031"},{"taxonomy":"product_tag","embeddable":true,"href":"https:\/\/videstehnika.lv\/en\/wp-json\/wp\/v2\/product_tag?post=80031"}],"curies":[{"name":"wp","href":"https:\/\/api.w.org\/{rel}","templated":true}]}}