{"id":80569,"date":"2025-10-27T15:10:45","date_gmt":"2025-10-27T13:10:45","guid":{"rendered":"https:\/\/videstehnika.lv\/?post_type=product&#038;p=80569"},"modified":"2025-11-20T12:00:12","modified_gmt":"2025-11-20T10:00:12","slug":"ardex-x77-microtec-elastiga-lime-c2ttee-s1","status":"publish","type":"product","link":"https:\/\/videstehnika.lv\/katalogs\/buvmateriali-buvei-remontam-un-ieksdarbiem\/sausie-maisijumi-ara-darbiem-un-ieksdarbiem\/flizu-limes-uz-cementa-bazes\/ardex-x77-microtec-elastiga-lime-c2ttee-s1\/","title":{"rendered":"ARDEX X77 MICROTEC elast\u012bga l\u012bme (C2T(T)E(E)\/S1)"},"content":{"rendered":"<h2>ARDEX X77 MICROTEC elast\u012bga l\u012bme (C2T(T)E(E)\/S1)<\/h2>\n<p>Iek\u0161darbiem un \u0101rdarbiem, sien\u0101m un gr\u012bd\u0101m.<br \/>\nSaus\u0101m un mitr\u0101m telp\u0101m, basieniem, balkoniem, fas\u0101d\u0113m.<br \/>\nCementa b\u0101zes.<br \/>\nBez ka\u013c\u0137a izsv\u012bdumiem (k\u0101pnes, fas\u0101des).<br \/>\nIztur\u012bga pret \u016bdeni un salu.<br \/>\n\u013boti ekonomiska.<br \/>\nDivk\u0101r\u0161a notur\u012bba pret vertik\u0101lu nosl\u012bd\u0113\u0161anu.<br \/>\nDivreiz ilg\u0101ks l\u012bmes atv\u0113rtais laiks.<br \/>\nSist\u0113mas produkts kop\u0101 ar ARDEX hidroizol\u0101cij\u0101m.<\/p>\n<p>Dro\u0161\u012bba pateicoties \u0161\u0137iedr\u0101m:<br \/>\n\u2013 stipr\u0101ka sa\u0137ere,<br \/>\n\u2013 iztur\u012bba pret b\u012bdi un deform\u0101cij\u0101m<\/p>\n<h2>Pielietojums<\/h2>\n<p>\u2013 keramikas, porcel\u0101na, akmens masas un klinkera fl\u012b\u017eu,<br \/>\n\u2013 stikla un porcel\u0101na moza\u012bkas, \u2013 pret mitrumu notur\u012bga dab\u012bg\u0101 akmens,<br \/>\n\u2013 betona pl\u0101k\u0161\u0146u l\u012bm\u0113\u0161anai un:<br \/>\n\u2013 sienu apdares pl\u0101k\u0161\u0146u, piem\u0113ram, \u0123ip\u0161kartona,<br \/>\n\u2013 miner\u0101l\u0161\u0137iedras un putu polistirola pl\u0101k\u0161\u0146u,<br \/>\n\u2013 celtniec\u012bbas pl\u0101k\u0161\u0146u (izol\u0101cijas pl\u0101ksnes, kas no ab\u0101m pus\u0113m p\u0101rkl\u0101tas ar javu) stiprin\u0101\u0161anai.<br \/>\n\u2013 Var izmantot uz betona un m\u016bra, kur\u0161 turpina deform\u0113ties un ir vismaz 3 m\u0113ne\u0161us ciet\u0113jis.<br \/>\nPiem\u0113rota uz apsild\u0101m\u0101m virsm\u0101m.<\/p>\n<p>ARDEX X 77 + ARDEX E 90<br \/>\n= v\u0113l elast\u012bg\u0101ka (S2 atbilsto\u0161i EN 12002)<\/p>\n<p><strong>Klasifik\u0101cija:<\/strong><br \/>\nC2\/T(T)E(E) S1 atbilsto\u0161i EN 12004\/12002<\/p>\n","protected":false},"excerpt":{"rendered":"<p>ARDEX X77 MICROTEC elast\u012bga l\u012bme (C2T(T)E(E)\/S1) Iek\u0161darbiem un \u0101rdarbiem, sien\u0101m un gr\u012bd\u0101m. Saus\u0101m un mitr\u0101m telp\u0101m, basieniem, balkoniem, fas\u0101d\u0113m. Cementa<\/p>\n","protected":false},"featured_media":80600,"template":"","meta":{"_acf_changed":false},"product_cat":[2057],"product_tag":[],"class_list":{"0":"post-80569","1":"product","2":"type-product","3":"status-publish","4":"has-post-thumbnail","6":"product_cat-flizu-limes-uz-cementa-bazes","8":"first","9":"instock","10":"taxable","11":"shipping-taxable","12":"purchasable","13":"product-type-simple"},"acf":[],"yoast_head":"<!-- This site is optimized with the Yoast SEO plugin v24.2 - https:\/\/yoast.com\/wordpress\/plugins\/seo\/ -->\n<title>ARDEX X77 MICROTEC elast\u012bga l\u012bme (C2T(T)E(E)\/S1) &#8226; Vides Tehnika<\/title>\n<meta name=\"description\" content=\"ARDEX X77 MICROTEC elast\u012bga l\u012bme iek\u0161darbiem un \u0101rdarbiem, sien\u0101m un gr\u012bd\u0101m, basieniem, balkoniem, fas\u0101d\u0113m. Iztur\u012bga pret \u016bdeni un salu.\" \/>\n<meta name=\"robots\" content=\"index, follow, max-snippet:-1, max-image-preview:large, max-video-preview:-1\" \/>\n<link rel=\"canonical\" href=\"https:\/\/videstehnika.lv\/en\/katalogs\/buvmateriali-buvei-remontam-un-ieksdarbiem\/sausie-maisijumi-ara-darbiem-un-ieksdarbiem\/flizu-limes-uz-cementa-bazes\/ardex-x77-microtec-elastiga-lime-c2ttee-s1\/\" \/>\n<meta property=\"og:locale\" content=\"en_US\" \/>\n<meta property=\"og:type\" content=\"article\" \/>\n<meta property=\"og:title\" content=\"ARDEX X77 MICROTEC elast\u012bga l\u012bme (C2T(T)E(E)\/S1) &#8226; Vides Tehnika\" \/>\n<meta property=\"og:description\" content=\"ARDEX X77 MICROTEC elast\u012bga l\u012bme iek\u0161darbiem un \u0101rdarbiem, sien\u0101m un gr\u012bd\u0101m, basieniem, balkoniem, fas\u0101d\u0113m. Iztur\u012bga pret \u016bdeni un salu.\" \/>\n<meta property=\"og:url\" content=\"https:\/\/videstehnika.lv\/katalogs\/buvmateriali-buvei-remontam-un-ieksdarbiem\/sausie-maisijumi-ara-darbiem-un-ieksdarbiem\/flizu-limes-uz-cementa-bazes\/ardex-x77-microtec-elastiga-lime-c2ttee-s1\/\" \/>\n<meta property=\"og:site_name\" content=\"Vides Tehnika\" \/>\n<meta property=\"article:modified_time\" content=\"2025-11-20T10:00:12+00:00\" \/>\n<meta property=\"og:image\" content=\"https:\/\/videstehnika.lv\/wp-content\/uploads\/2025\/10\/ARDEX-X-77-20kg.png\" \/>\n\t<meta property=\"og:image:width\" content=\"594\" \/>\n\t<meta property=\"og:image:height\" content=\"640\" \/>\n\t<meta property=\"og:image:type\" content=\"image\/png\" \/>\n<meta name=\"twitter:card\" content=\"summary_large_image\" \/>\n<meta name=\"twitter:label1\" content=\"Est. reading time\" \/>\n\t<meta name=\"twitter:data1\" content=\"1 minute\" \/>\n<script type=\"application\/ld+json\" class=\"yoast-schema-graph\">{\"@context\":\"https:\/\/schema.org\",\"@graph\":[{\"@type\":\"WebPage\",\"@id\":\"https:\/\/videstehnika.lv\/katalogs\/buvmateriali-buvei-remontam-un-ieksdarbiem\/sausie-maisijumi-ara-darbiem-un-ieksdarbiem\/flizu-limes-uz-cementa-bazes\/ardex-x77-microtec-elastiga-lime-c2ttee-s1\/\",\"url\":\"https:\/\/videstehnika.lv\/katalogs\/buvmateriali-buvei-remontam-un-ieksdarbiem\/sausie-maisijumi-ara-darbiem-un-ieksdarbiem\/flizu-limes-uz-cementa-bazes\/ardex-x77-microtec-elastiga-lime-c2ttee-s1\/\",\"name\":\"ARDEX X77 MICROTEC elast\u012bga l\u012bme (C2T(T)E(E)\/S1) &#8226; Vides Tehnika\",\"isPartOf\":{\"@id\":\"https:\/\/videstehnika.lv\/en\/#website\"},\"primaryImageOfPage\":{\"@id\":\"https:\/\/videstehnika.lv\/katalogs\/buvmateriali-buvei-remontam-un-ieksdarbiem\/sausie-maisijumi-ara-darbiem-un-ieksdarbiem\/flizu-limes-uz-cementa-bazes\/ardex-x77-microtec-elastiga-lime-c2ttee-s1\/#primaryimage\"},\"image\":{\"@id\":\"https:\/\/videstehnika.lv\/katalogs\/buvmateriali-buvei-remontam-un-ieksdarbiem\/sausie-maisijumi-ara-darbiem-un-ieksdarbiem\/flizu-limes-uz-cementa-bazes\/ardex-x77-microtec-elastiga-lime-c2ttee-s1\/#primaryimage\"},\"thumbnailUrl\":\"https:\/\/videstehnika.lv\/wp-content\/uploads\/2025\/10\/ARDEX-X-77-20kg.png\",\"datePublished\":\"2025-10-27T13:10:45+00:00\",\"dateModified\":\"2025-11-20T10:00:12+00:00\",\"description\":\"ARDEX X77 MICROTEC elast\u012bga l\u012bme iek\u0161darbiem un \u0101rdarbiem, sien\u0101m un gr\u012bd\u0101m, basieniem, balkoniem, fas\u0101d\u0113m. Iztur\u012bga pret \u016bdeni un salu.\",\"breadcrumb\":{\"@id\":\"https:\/\/videstehnika.lv\/katalogs\/buvmateriali-buvei-remontam-un-ieksdarbiem\/sausie-maisijumi-ara-darbiem-un-ieksdarbiem\/flizu-limes-uz-cementa-bazes\/ardex-x77-microtec-elastiga-lime-c2ttee-s1\/#breadcrumb\"},\"inLanguage\":\"en-US\",\"potentialAction\":[{\"@type\":\"ReadAction\",\"target\":[\"https:\/\/videstehnika.lv\/katalogs\/buvmateriali-buvei-remontam-un-ieksdarbiem\/sausie-maisijumi-ara-darbiem-un-ieksdarbiem\/flizu-limes-uz-cementa-bazes\/ardex-x77-microtec-elastiga-lime-c2ttee-s1\/\"]}]},{\"@type\":\"ImageObject\",\"inLanguage\":\"en-US\",\"@id\":\"https:\/\/videstehnika.lv\/katalogs\/buvmateriali-buvei-remontam-un-ieksdarbiem\/sausie-maisijumi-ara-darbiem-un-ieksdarbiem\/flizu-limes-uz-cementa-bazes\/ardex-x77-microtec-elastiga-lime-c2ttee-s1\/#primaryimage\",\"url\":\"https:\/\/videstehnika.lv\/wp-content\/uploads\/2025\/10\/ARDEX-X-77-20kg.png\",\"contentUrl\":\"https:\/\/videstehnika.lv\/wp-content\/uploads\/2025\/10\/ARDEX-X-77-20kg.png\",\"width\":594,\"height\":640},{\"@type\":\"BreadcrumbList\",\"@id\":\"https:\/\/videstehnika.lv\/katalogs\/buvmateriali-buvei-remontam-un-ieksdarbiem\/sausie-maisijumi-ara-darbiem-un-ieksdarbiem\/flizu-limes-uz-cementa-bazes\/ardex-x77-microtec-elastiga-lime-c2ttee-s1\/#breadcrumb\",\"itemListElement\":[{\"@type\":\"ListItem\",\"position\":1,\"name\":\"Home\",\"item\":\"https:\/\/videstehnika.lv\/en\/\"},{\"@type\":\"ListItem\",\"position\":2,\"name\":\"Katalogs\",\"item\":\"https:\/\/videstehnika.lv\/en\/katalogs\/\"},{\"@type\":\"ListItem\",\"position\":3,\"name\":\"ARDEX X77 MICROTEC elast\u012bga l\u012bme (C2T(T)E(E)\/S1)\"}]},{\"@type\":\"WebSite\",\"@id\":\"https:\/\/videstehnika.lv\/en\/#website\",\"url\":\"https:\/\/videstehnika.lv\/en\/\",\"name\":\"Vides Tehnika\",\"description\":\"\",\"potentialAction\":[{\"@type\":\"SearchAction\",\"target\":{\"@type\":\"EntryPoint\",\"urlTemplate\":\"https:\/\/videstehnika.lv\/en\/?s={search_term_string}\"},\"query-input\":{\"@type\":\"PropertyValueSpecification\",\"valueRequired\":true,\"valueName\":\"search_term_string\"}}],\"inLanguage\":\"en-US\"}]}<\/script>\n<!-- \/ Yoast SEO plugin. -->","yoast_head_json":{"title":"ARDEX X77 MICROTEC elast\u012bga l\u012bme (C2T(T)E(E)\/S1) &#8226; Vides Tehnika","description":"ARDEX X77 MICROTEC elast\u012bga l\u012bme iek\u0161darbiem un \u0101rdarbiem, sien\u0101m un gr\u012bd\u0101m, basieniem, balkoniem, fas\u0101d\u0113m. Iztur\u012bga pret \u016bdeni un salu.","robots":{"index":"index","follow":"follow","max-snippet":"max-snippet:-1","max-image-preview":"max-image-preview:large","max-video-preview":"max-video-preview:-1"},"canonical":"https:\/\/videstehnika.lv\/en\/katalogs\/buvmateriali-buvei-remontam-un-ieksdarbiem\/sausie-maisijumi-ara-darbiem-un-ieksdarbiem\/flizu-limes-uz-cementa-bazes\/ardex-x77-microtec-elastiga-lime-c2ttee-s1\/","og_locale":"en_US","og_type":"article","og_title":"ARDEX X77 MICROTEC elast\u012bga l\u012bme (C2T(T)E(E)\/S1) &#8226; Vides Tehnika","og_description":"ARDEX X77 MICROTEC elast\u012bga l\u012bme iek\u0161darbiem un \u0101rdarbiem, sien\u0101m un gr\u012bd\u0101m, basieniem, balkoniem, fas\u0101d\u0113m. Iztur\u012bga pret \u016bdeni un salu.","og_url":"https:\/\/videstehnika.lv\/katalogs\/buvmateriali-buvei-remontam-un-ieksdarbiem\/sausie-maisijumi-ara-darbiem-un-ieksdarbiem\/flizu-limes-uz-cementa-bazes\/ardex-x77-microtec-elastiga-lime-c2ttee-s1\/","og_site_name":"Vides Tehnika","article_modified_time":"2025-11-20T10:00:12+00:00","og_image":[{"width":594,"height":640,"url":"https:\/\/videstehnika.lv\/wp-content\/uploads\/2025\/10\/ARDEX-X-77-20kg.png","type":"image\/png"}],"twitter_card":"summary_large_image","twitter_misc":{"Est. reading time":"1 minute"},"schema":{"@context":"https:\/\/schema.org","@graph":[{"@type":"WebPage","@id":"https:\/\/videstehnika.lv\/katalogs\/buvmateriali-buvei-remontam-un-ieksdarbiem\/sausie-maisijumi-ara-darbiem-un-ieksdarbiem\/flizu-limes-uz-cementa-bazes\/ardex-x77-microtec-elastiga-lime-c2ttee-s1\/","url":"https:\/\/videstehnika.lv\/katalogs\/buvmateriali-buvei-remontam-un-ieksdarbiem\/sausie-maisijumi-ara-darbiem-un-ieksdarbiem\/flizu-limes-uz-cementa-bazes\/ardex-x77-microtec-elastiga-lime-c2ttee-s1\/","name":"ARDEX X77 MICROTEC elast\u012bga l\u012bme (C2T(T)E(E)\/S1) &#8226; Vides Tehnika","isPartOf":{"@id":"https:\/\/videstehnika.lv\/en\/#website"},"primaryImageOfPage":{"@id":"https:\/\/videstehnika.lv\/katalogs\/buvmateriali-buvei-remontam-un-ieksdarbiem\/sausie-maisijumi-ara-darbiem-un-ieksdarbiem\/flizu-limes-uz-cementa-bazes\/ardex-x77-microtec-elastiga-lime-c2ttee-s1\/#primaryimage"},"image":{"@id":"https:\/\/videstehnika.lv\/katalogs\/buvmateriali-buvei-remontam-un-ieksdarbiem\/sausie-maisijumi-ara-darbiem-un-ieksdarbiem\/flizu-limes-uz-cementa-bazes\/ardex-x77-microtec-elastiga-lime-c2ttee-s1\/#primaryimage"},"thumbnailUrl":"https:\/\/videstehnika.lv\/wp-content\/uploads\/2025\/10\/ARDEX-X-77-20kg.png","datePublished":"2025-10-27T13:10:45+00:00","dateModified":"2025-11-20T10:00:12+00:00","description":"ARDEX X77 MICROTEC elast\u012bga l\u012bme iek\u0161darbiem un \u0101rdarbiem, sien\u0101m un gr\u012bd\u0101m, basieniem, balkoniem, fas\u0101d\u0113m. Iztur\u012bga pret \u016bdeni un salu.","breadcrumb":{"@id":"https:\/\/videstehnika.lv\/katalogs\/buvmateriali-buvei-remontam-un-ieksdarbiem\/sausie-maisijumi-ara-darbiem-un-ieksdarbiem\/flizu-limes-uz-cementa-bazes\/ardex-x77-microtec-elastiga-lime-c2ttee-s1\/#breadcrumb"},"inLanguage":"en-US","potentialAction":[{"@type":"ReadAction","target":["https:\/\/videstehnika.lv\/katalogs\/buvmateriali-buvei-remontam-un-ieksdarbiem\/sausie-maisijumi-ara-darbiem-un-ieksdarbiem\/flizu-limes-uz-cementa-bazes\/ardex-x77-microtec-elastiga-lime-c2ttee-s1\/"]}]},{"@type":"ImageObject","inLanguage":"en-US","@id":"https:\/\/videstehnika.lv\/katalogs\/buvmateriali-buvei-remontam-un-ieksdarbiem\/sausie-maisijumi-ara-darbiem-un-ieksdarbiem\/flizu-limes-uz-cementa-bazes\/ardex-x77-microtec-elastiga-lime-c2ttee-s1\/#primaryimage","url":"https:\/\/videstehnika.lv\/wp-content\/uploads\/2025\/10\/ARDEX-X-77-20kg.png","contentUrl":"https:\/\/videstehnika.lv\/wp-content\/uploads\/2025\/10\/ARDEX-X-77-20kg.png","width":594,"height":640},{"@type":"BreadcrumbList","@id":"https:\/\/videstehnika.lv\/katalogs\/buvmateriali-buvei-remontam-un-ieksdarbiem\/sausie-maisijumi-ara-darbiem-un-ieksdarbiem\/flizu-limes-uz-cementa-bazes\/ardex-x77-microtec-elastiga-lime-c2ttee-s1\/#breadcrumb","itemListElement":[{"@type":"ListItem","position":1,"name":"Home","item":"https:\/\/videstehnika.lv\/en\/"},{"@type":"ListItem","position":2,"name":"Katalogs","item":"https:\/\/videstehnika.lv\/en\/katalogs\/"},{"@type":"ListItem","position":3,"name":"ARDEX X77 MICROTEC elast\u012bga l\u012bme (C2T(T)E(E)\/S1)"}]},{"@type":"WebSite","@id":"https:\/\/videstehnika.lv\/en\/#website","url":"https:\/\/videstehnika.lv\/en\/","name":"Vides Tehnika","description":"","potentialAction":[{"@type":"SearchAction","target":{"@type":"EntryPoint","urlTemplate":"https:\/\/videstehnika.lv\/en\/?s={search_term_string}"},"query-input":{"@type":"PropertyValueSpecification","valueRequired":true,"valueName":"search_term_string"}}],"inLanguage":"en-US"}]}},"_links":{"self":[{"href":"https:\/\/videstehnika.lv\/en\/wp-json\/wp\/v2\/product\/80569","targetHints":{"allow":["GET"]}}],"collection":[{"href":"https:\/\/videstehnika.lv\/en\/wp-json\/wp\/v2\/product"}],"about":[{"href":"https:\/\/videstehnika.lv\/en\/wp-json\/wp\/v2\/types\/product"}],"wp:featuredmedia":[{"embeddable":true,"href":"https:\/\/videstehnika.lv\/en\/wp-json\/wp\/v2\/media\/80600"}],"wp:attachment":[{"href":"https:\/\/videstehnika.lv\/en\/wp-json\/wp\/v2\/media?parent=80569"}],"wp:term":[{"taxonomy":"product_cat","embeddable":true,"href":"https:\/\/videstehnika.lv\/en\/wp-json\/wp\/v2\/product_cat?post=80569"},{"taxonomy":"product_tag","embeddable":true,"href":"https:\/\/videstehnika.lv\/en\/wp-json\/wp\/v2\/product_tag?post=80569"}],"curies":[{"name":"wp","href":"https:\/\/api.w.org\/{rel}","templated":true}]}}