{"id":80735,"date":"2025-10-27T16:00:52","date_gmt":"2025-10-27T14:00:52","guid":{"rendered":"https:\/\/videstehnika.lv\/?post_type=product&#038;p=80735"},"modified":"2025-11-20T11:57:23","modified_gmt":"2025-11-20T09:57:23","slug":"ardex-e90-sintetisko-sveku-piedeva-limem","status":"publish","type":"product","link":"https:\/\/videstehnika.lv\/katalogs\/buvmateriali-buvei-remontam-un-ieksdarbiem\/sausie-maisijumi-ara-darbiem-un-ieksdarbiem\/flizu-limes-uz-cementa-bazes\/ardex-e90-sintetisko-sveku-piedeva-limem\/","title":{"rendered":"ARDEX E90 sint\u0113tisko sve\u0137u piedeva l\u012bm\u0113m"},"content":{"rendered":"<h2>ARDEX E90 sint\u0113tisko sve\u0137u piedeva l\u012bm\u0113m<\/h2>\n<p>Iek\u0161darbiem un \u0101rdarbiem.<\/p>\n<p>L\u012bm\u0113m:<br \/>\nARDEX X 77 W<br \/>\nARDEX X 77<br \/>\nARDEX X 77 S<br \/>\nARDEX X 78<br \/>\nARDEX X 80<br \/>\nARDEX X 90<br \/>\nARDEX N 23 W<br \/>\nARDEX S 28<\/p>\n<p>\u012apa\u0161\u012bbas:<br \/>\n&#8211; Palielina \u016bdens atgr\u016b\u0161anu<br \/>\n&#8211; Paaugstina l\u012bmes elast\u012bbu<\/p>\n<p>Mais\u012b\u0161anas attiec\u012bba:<br \/>\n20 kg ARDEX X 77 W +<br \/>\n3,0 kg ARDEX E 90 + 6,0 l \u016bdens<\/p>\n<p>20 kg ARDEX X 77 +<br \/>\n3,6 kg ARDEX E 90 + 7,2 l \u016bdens<\/p>\n<p>12,5 kg ARDEX X 77 S +<br \/>\n1,75 kg ARDEX E 90 + 3,5 l \u016bdens<\/p>\n<p>20 kg ARDEX X 78 +<br \/>\n2,8 kg ARDEX E 90 + 5,6 l \u016bdens<\/p>\n<p>20 kg ARDEX X 90 +<br \/>\n2,6 kg ARDEX E 90 + 5,3 l \u016bdens<\/p>\n<p>20 kg ARDEX N 23 W +<br \/>\n2,65 kg ARDEX E 90 + 5,35 l \u016bdens<\/p>\n<p>25 kg ARDEX S 28 +<br \/>\n2,65 kg ARDEX E 90 + 5,35 l \u016bdens<\/p>\n","protected":false},"excerpt":{"rendered":"<p>ARDEX E90 sint\u0113tisko sve\u0137u piedeva l\u012bm\u0113m Iek\u0161darbiem un \u0101rdarbiem. L\u012bm\u0113m: ARDEX X 77 W ARDEX X 77 ARDEX X 77<\/p>\n","protected":false},"featured_media":80741,"template":"","meta":{"_acf_changed":false},"product_cat":[2057],"product_tag":[],"class_list":{"0":"post-80735","1":"product","2":"type-product","3":"status-publish","4":"has-post-thumbnail","6":"product_cat-flizu-limes-uz-cementa-bazes","8":"first","9":"onbackorder","10":"taxable","11":"shipping-taxable","12":"purchasable","13":"product-type-simple"},"acf":[],"yoast_head":"<!-- This site is optimized with the Yoast SEO plugin v24.2 - https:\/\/yoast.com\/wordpress\/plugins\/seo\/ -->\n<title>ARDEX E90 sint\u0113tisko sve\u0137u piedeva l\u012bm\u0113m &#8226; Vides Tehnika<\/title>\n<meta name=\"description\" content=\"ARDEX E90 sint\u0113tisko sve\u0137u piedeva l\u012bm\u0113m\" \/>\n<meta name=\"robots\" content=\"index, follow, max-snippet:-1, max-image-preview:large, max-video-preview:-1\" \/>\n<link rel=\"canonical\" href=\"https:\/\/videstehnika.lv\/en\/katalogs\/buvmateriali-buvei-remontam-un-ieksdarbiem\/sausie-maisijumi-ara-darbiem-un-ieksdarbiem\/flizu-limes-uz-cementa-bazes\/ardex-e90-sintetisko-sveku-piedeva-limem\/\" \/>\n<meta property=\"og:locale\" content=\"en_US\" \/>\n<meta property=\"og:type\" content=\"article\" \/>\n<meta property=\"og:title\" content=\"ARDEX E90 sint\u0113tisko sve\u0137u piedeva l\u012bm\u0113m &#8226; Vides Tehnika\" \/>\n<meta property=\"og:description\" content=\"ARDEX E90 sint\u0113tisko sve\u0137u piedeva l\u012bm\u0113m\" \/>\n<meta property=\"og:url\" content=\"https:\/\/videstehnika.lv\/katalogs\/buvmateriali-buvei-remontam-un-ieksdarbiem\/sausie-maisijumi-ara-darbiem-un-ieksdarbiem\/flizu-limes-uz-cementa-bazes\/ardex-e90-sintetisko-sveku-piedeva-limem\/\" \/>\n<meta property=\"og:site_name\" content=\"Vides Tehnika\" \/>\n<meta property=\"article:modified_time\" content=\"2025-11-20T09:57:23+00:00\" \/>\n<meta property=\"og:image\" content=\"https:\/\/videstehnika.lv\/wp-content\/uploads\/2025\/10\/ARDEX-E-90-web.png\" \/>\n\t<meta property=\"og:image:width\" content=\"594\" \/>\n\t<meta property=\"og:image:height\" content=\"640\" \/>\n\t<meta property=\"og:image:type\" content=\"image\/png\" \/>\n<meta name=\"twitter:card\" content=\"summary_large_image\" \/>\n<meta name=\"twitter:label1\" content=\"Est. reading time\" \/>\n\t<meta name=\"twitter:data1\" content=\"1 minute\" \/>\n<script type=\"application\/ld+json\" class=\"yoast-schema-graph\">{\"@context\":\"https:\/\/schema.org\",\"@graph\":[{\"@type\":\"WebPage\",\"@id\":\"https:\/\/videstehnika.lv\/katalogs\/buvmateriali-buvei-remontam-un-ieksdarbiem\/sausie-maisijumi-ara-darbiem-un-ieksdarbiem\/flizu-limes-uz-cementa-bazes\/ardex-e90-sintetisko-sveku-piedeva-limem\/\",\"url\":\"https:\/\/videstehnika.lv\/katalogs\/buvmateriali-buvei-remontam-un-ieksdarbiem\/sausie-maisijumi-ara-darbiem-un-ieksdarbiem\/flizu-limes-uz-cementa-bazes\/ardex-e90-sintetisko-sveku-piedeva-limem\/\",\"name\":\"ARDEX E90 sint\u0113tisko sve\u0137u piedeva l\u012bm\u0113m &#8226; Vides Tehnika\",\"isPartOf\":{\"@id\":\"https:\/\/videstehnika.lv\/en\/#website\"},\"primaryImageOfPage\":{\"@id\":\"https:\/\/videstehnika.lv\/katalogs\/buvmateriali-buvei-remontam-un-ieksdarbiem\/sausie-maisijumi-ara-darbiem-un-ieksdarbiem\/flizu-limes-uz-cementa-bazes\/ardex-e90-sintetisko-sveku-piedeva-limem\/#primaryimage\"},\"image\":{\"@id\":\"https:\/\/videstehnika.lv\/katalogs\/buvmateriali-buvei-remontam-un-ieksdarbiem\/sausie-maisijumi-ara-darbiem-un-ieksdarbiem\/flizu-limes-uz-cementa-bazes\/ardex-e90-sintetisko-sveku-piedeva-limem\/#primaryimage\"},\"thumbnailUrl\":\"https:\/\/videstehnika.lv\/wp-content\/uploads\/2025\/10\/ARDEX-E-90-web.png\",\"datePublished\":\"2025-10-27T14:00:52+00:00\",\"dateModified\":\"2025-11-20T09:57:23+00:00\",\"description\":\"ARDEX E90 sint\u0113tisko sve\u0137u piedeva l\u012bm\u0113m\",\"breadcrumb\":{\"@id\":\"https:\/\/videstehnika.lv\/katalogs\/buvmateriali-buvei-remontam-un-ieksdarbiem\/sausie-maisijumi-ara-darbiem-un-ieksdarbiem\/flizu-limes-uz-cementa-bazes\/ardex-e90-sintetisko-sveku-piedeva-limem\/#breadcrumb\"},\"inLanguage\":\"en-US\",\"potentialAction\":[{\"@type\":\"ReadAction\",\"target\":[\"https:\/\/videstehnika.lv\/katalogs\/buvmateriali-buvei-remontam-un-ieksdarbiem\/sausie-maisijumi-ara-darbiem-un-ieksdarbiem\/flizu-limes-uz-cementa-bazes\/ardex-e90-sintetisko-sveku-piedeva-limem\/\"]}]},{\"@type\":\"ImageObject\",\"inLanguage\":\"en-US\",\"@id\":\"https:\/\/videstehnika.lv\/katalogs\/buvmateriali-buvei-remontam-un-ieksdarbiem\/sausie-maisijumi-ara-darbiem-un-ieksdarbiem\/flizu-limes-uz-cementa-bazes\/ardex-e90-sintetisko-sveku-piedeva-limem\/#primaryimage\",\"url\":\"https:\/\/videstehnika.lv\/wp-content\/uploads\/2025\/10\/ARDEX-E-90-web.png\",\"contentUrl\":\"https:\/\/videstehnika.lv\/wp-content\/uploads\/2025\/10\/ARDEX-E-90-web.png\",\"width\":594,\"height\":640},{\"@type\":\"BreadcrumbList\",\"@id\":\"https:\/\/videstehnika.lv\/katalogs\/buvmateriali-buvei-remontam-un-ieksdarbiem\/sausie-maisijumi-ara-darbiem-un-ieksdarbiem\/flizu-limes-uz-cementa-bazes\/ardex-e90-sintetisko-sveku-piedeva-limem\/#breadcrumb\",\"itemListElement\":[{\"@type\":\"ListItem\",\"position\":1,\"name\":\"Home\",\"item\":\"https:\/\/videstehnika.lv\/en\/\"},{\"@type\":\"ListItem\",\"position\":2,\"name\":\"Katalogs\",\"item\":\"https:\/\/videstehnika.lv\/en\/katalogs\/\"},{\"@type\":\"ListItem\",\"position\":3,\"name\":\"ARDEX E90 sint\u0113tisko sve\u0137u piedeva l\u012bm\u0113m\"}]},{\"@type\":\"WebSite\",\"@id\":\"https:\/\/videstehnika.lv\/en\/#website\",\"url\":\"https:\/\/videstehnika.lv\/en\/\",\"name\":\"Vides Tehnika\",\"description\":\"\",\"potentialAction\":[{\"@type\":\"SearchAction\",\"target\":{\"@type\":\"EntryPoint\",\"urlTemplate\":\"https:\/\/videstehnika.lv\/en\/?s={search_term_string}\"},\"query-input\":{\"@type\":\"PropertyValueSpecification\",\"valueRequired\":true,\"valueName\":\"search_term_string\"}}],\"inLanguage\":\"en-US\"}]}<\/script>\n<!-- \/ Yoast SEO plugin. -->","yoast_head_json":{"title":"ARDEX E90 sint\u0113tisko sve\u0137u piedeva l\u012bm\u0113m &#8226; Vides Tehnika","description":"ARDEX E90 sint\u0113tisko sve\u0137u piedeva l\u012bm\u0113m","robots":{"index":"index","follow":"follow","max-snippet":"max-snippet:-1","max-image-preview":"max-image-preview:large","max-video-preview":"max-video-preview:-1"},"canonical":"https:\/\/videstehnika.lv\/en\/katalogs\/buvmateriali-buvei-remontam-un-ieksdarbiem\/sausie-maisijumi-ara-darbiem-un-ieksdarbiem\/flizu-limes-uz-cementa-bazes\/ardex-e90-sintetisko-sveku-piedeva-limem\/","og_locale":"en_US","og_type":"article","og_title":"ARDEX E90 sint\u0113tisko sve\u0137u piedeva l\u012bm\u0113m &#8226; Vides Tehnika","og_description":"ARDEX E90 sint\u0113tisko sve\u0137u piedeva l\u012bm\u0113m","og_url":"https:\/\/videstehnika.lv\/katalogs\/buvmateriali-buvei-remontam-un-ieksdarbiem\/sausie-maisijumi-ara-darbiem-un-ieksdarbiem\/flizu-limes-uz-cementa-bazes\/ardex-e90-sintetisko-sveku-piedeva-limem\/","og_site_name":"Vides Tehnika","article_modified_time":"2025-11-20T09:57:23+00:00","og_image":[{"width":594,"height":640,"url":"https:\/\/videstehnika.lv\/wp-content\/uploads\/2025\/10\/ARDEX-E-90-web.png","type":"image\/png"}],"twitter_card":"summary_large_image","twitter_misc":{"Est. reading time":"1 minute"},"schema":{"@context":"https:\/\/schema.org","@graph":[{"@type":"WebPage","@id":"https:\/\/videstehnika.lv\/katalogs\/buvmateriali-buvei-remontam-un-ieksdarbiem\/sausie-maisijumi-ara-darbiem-un-ieksdarbiem\/flizu-limes-uz-cementa-bazes\/ardex-e90-sintetisko-sveku-piedeva-limem\/","url":"https:\/\/videstehnika.lv\/katalogs\/buvmateriali-buvei-remontam-un-ieksdarbiem\/sausie-maisijumi-ara-darbiem-un-ieksdarbiem\/flizu-limes-uz-cementa-bazes\/ardex-e90-sintetisko-sveku-piedeva-limem\/","name":"ARDEX E90 sint\u0113tisko sve\u0137u piedeva l\u012bm\u0113m &#8226; Vides Tehnika","isPartOf":{"@id":"https:\/\/videstehnika.lv\/en\/#website"},"primaryImageOfPage":{"@id":"https:\/\/videstehnika.lv\/katalogs\/buvmateriali-buvei-remontam-un-ieksdarbiem\/sausie-maisijumi-ara-darbiem-un-ieksdarbiem\/flizu-limes-uz-cementa-bazes\/ardex-e90-sintetisko-sveku-piedeva-limem\/#primaryimage"},"image":{"@id":"https:\/\/videstehnika.lv\/katalogs\/buvmateriali-buvei-remontam-un-ieksdarbiem\/sausie-maisijumi-ara-darbiem-un-ieksdarbiem\/flizu-limes-uz-cementa-bazes\/ardex-e90-sintetisko-sveku-piedeva-limem\/#primaryimage"},"thumbnailUrl":"https:\/\/videstehnika.lv\/wp-content\/uploads\/2025\/10\/ARDEX-E-90-web.png","datePublished":"2025-10-27T14:00:52+00:00","dateModified":"2025-11-20T09:57:23+00:00","description":"ARDEX E90 sint\u0113tisko sve\u0137u piedeva l\u012bm\u0113m","breadcrumb":{"@id":"https:\/\/videstehnika.lv\/katalogs\/buvmateriali-buvei-remontam-un-ieksdarbiem\/sausie-maisijumi-ara-darbiem-un-ieksdarbiem\/flizu-limes-uz-cementa-bazes\/ardex-e90-sintetisko-sveku-piedeva-limem\/#breadcrumb"},"inLanguage":"en-US","potentialAction":[{"@type":"ReadAction","target":["https:\/\/videstehnika.lv\/katalogs\/buvmateriali-buvei-remontam-un-ieksdarbiem\/sausie-maisijumi-ara-darbiem-un-ieksdarbiem\/flizu-limes-uz-cementa-bazes\/ardex-e90-sintetisko-sveku-piedeva-limem\/"]}]},{"@type":"ImageObject","inLanguage":"en-US","@id":"https:\/\/videstehnika.lv\/katalogs\/buvmateriali-buvei-remontam-un-ieksdarbiem\/sausie-maisijumi-ara-darbiem-un-ieksdarbiem\/flizu-limes-uz-cementa-bazes\/ardex-e90-sintetisko-sveku-piedeva-limem\/#primaryimage","url":"https:\/\/videstehnika.lv\/wp-content\/uploads\/2025\/10\/ARDEX-E-90-web.png","contentUrl":"https:\/\/videstehnika.lv\/wp-content\/uploads\/2025\/10\/ARDEX-E-90-web.png","width":594,"height":640},{"@type":"BreadcrumbList","@id":"https:\/\/videstehnika.lv\/katalogs\/buvmateriali-buvei-remontam-un-ieksdarbiem\/sausie-maisijumi-ara-darbiem-un-ieksdarbiem\/flizu-limes-uz-cementa-bazes\/ardex-e90-sintetisko-sveku-piedeva-limem\/#breadcrumb","itemListElement":[{"@type":"ListItem","position":1,"name":"Home","item":"https:\/\/videstehnika.lv\/en\/"},{"@type":"ListItem","position":2,"name":"Katalogs","item":"https:\/\/videstehnika.lv\/en\/katalogs\/"},{"@type":"ListItem","position":3,"name":"ARDEX E90 sint\u0113tisko sve\u0137u piedeva l\u012bm\u0113m"}]},{"@type":"WebSite","@id":"https:\/\/videstehnika.lv\/en\/#website","url":"https:\/\/videstehnika.lv\/en\/","name":"Vides Tehnika","description":"","potentialAction":[{"@type":"SearchAction","target":{"@type":"EntryPoint","urlTemplate":"https:\/\/videstehnika.lv\/en\/?s={search_term_string}"},"query-input":{"@type":"PropertyValueSpecification","valueRequired":true,"valueName":"search_term_string"}}],"inLanguage":"en-US"}]}},"_links":{"self":[{"href":"https:\/\/videstehnika.lv\/en\/wp-json\/wp\/v2\/product\/80735","targetHints":{"allow":["GET"]}}],"collection":[{"href":"https:\/\/videstehnika.lv\/en\/wp-json\/wp\/v2\/product"}],"about":[{"href":"https:\/\/videstehnika.lv\/en\/wp-json\/wp\/v2\/types\/product"}],"wp:featuredmedia":[{"embeddable":true,"href":"https:\/\/videstehnika.lv\/en\/wp-json\/wp\/v2\/media\/80741"}],"wp:attachment":[{"href":"https:\/\/videstehnika.lv\/en\/wp-json\/wp\/v2\/media?parent=80735"}],"wp:term":[{"taxonomy":"product_cat","embeddable":true,"href":"https:\/\/videstehnika.lv\/en\/wp-json\/wp\/v2\/product_cat?post=80735"},{"taxonomy":"product_tag","embeddable":true,"href":"https:\/\/videstehnika.lv\/en\/wp-json\/wp\/v2\/product_tag?post=80735"}],"curies":[{"name":"wp","href":"https:\/\/api.w.org\/{rel}","templated":true}]}}