{"id":80965,"date":"2025-10-28T16:33:48","date_gmt":"2025-10-28T14:33:48","guid":{"rendered":"https:\/\/videstehnika.lv\/?post_type=product&#038;p=80965"},"modified":"2026-01-12T09:20:58","modified_gmt":"2026-01-12T07:20:58","slug":"terramaxx-ds-ha-27-augstuma-regulesanas-gredzens","status":"publish","type":"product","link":"https:\/\/videstehnika.lv\/katalogs\/majai-un-darzam\/balkoni-jumtaterases\/balstu-un-ramja-sistemas\/terramaxx-ds-ha-27-augstuma-regulesanas-gredzens\/","title":{"rendered":"TerraMaxx DS-HA 27 augstuma regul\u0113\u0161anas gredzens"},"content":{"rendered":"<h2>TerraMaxx DS-HA 27 augstuma regul\u0113\u0161anas gredzens<\/h2>\n<p>\u2022 50 gabali kast\u0113<br \/>\n\u2022 Var likt vienu virs otra<br \/>\n\u2022 L\u012bdz 150 mm kop\u0113jam augstumam<\/p>\n<p>TerraMaxx DS-HA 27\/50 augstuma regul\u0113\u0161anas gredzens tiek izmantots k\u0101 veidnis MorTec DrainZE cementa b\u0101zes dren\u0101\u017eas javai uz TerraMaxx DS palikt\u0146iem. Gredzenus var vair\u0101kus likt vienu virs otra, l\u012bdz 150 mm kop\u0113jam augstumam. Gredzenu perfor\u0101cija pa\u0101trina dren\u0101\u017eas javas \u017e\u016b\u0161anu.<\/p>\n","protected":false},"excerpt":{"rendered":"<p>TerraMaxx DS-HA 27 augstuma regul\u0113\u0161anas gredzens \u2022 50 gabali kast\u0113 \u2022 Var likt vienu virs otra \u2022 L\u012bdz 150 mm<\/p>\n","protected":false},"featured_media":80967,"template":"","meta":{"_acf_changed":false},"product_cat":[5545],"product_tag":[],"class_list":{"0":"post-80965","1":"product","2":"type-product","3":"status-publish","4":"has-post-thumbnail","6":"product_cat-balstu-un-ramja-sistemas","8":"first","9":"onbackorder","10":"taxable","11":"shipping-taxable","12":"purchasable","13":"product-type-simple"},"acf":[],"yoast_head":"<!-- This site is optimized with the Yoast SEO plugin v24.2 - https:\/\/yoast.com\/wordpress\/plugins\/seo\/ -->\n<title>TerraMaxx DS-HA 27 augstuma regul\u0113\u0161anas gredzens &#8226; Vides Tehnika<\/title>\n<meta name=\"description\" content=\"TerraMaxx DS-HA 27\/50 augstuma regul\u0113\u0161anas gredzens tiek izmantots k\u0101 veidnis MorTec DrainZE cementa b\u0101zes dren\u0101\u017eas javai uz TerraMaxx DS palikt\u0146iem\" \/>\n<meta name=\"robots\" content=\"index, follow, max-snippet:-1, max-image-preview:large, max-video-preview:-1\" \/>\n<link rel=\"canonical\" href=\"https:\/\/videstehnika.lv\/en\/katalogs\/majai-un-darzam\/balkoni-jumtaterases\/balstu-un-ramja-sistemas\/terramaxx-ds-ha-27-augstuma-regulesanas-gredzens\/\" \/>\n<meta property=\"og:locale\" content=\"en_US\" \/>\n<meta property=\"og:type\" content=\"article\" \/>\n<meta property=\"og:title\" content=\"TerraMaxx DS-HA 27 augstuma regul\u0113\u0161anas gredzens &#8226; Vides Tehnika\" \/>\n<meta property=\"og:description\" content=\"TerraMaxx DS-HA 27\/50 augstuma regul\u0113\u0161anas gredzens tiek izmantots k\u0101 veidnis MorTec DrainZE cementa b\u0101zes dren\u0101\u017eas javai uz TerraMaxx DS palikt\u0146iem\" \/>\n<meta property=\"og:url\" content=\"https:\/\/videstehnika.lv\/katalogs\/majai-un-darzam\/balkoni-jumtaterases\/balstu-un-ramja-sistemas\/terramaxx-ds-ha-27-augstuma-regulesanas-gredzens\/\" \/>\n<meta property=\"og:site_name\" content=\"Vides Tehnika\" \/>\n<meta property=\"article:modified_time\" content=\"2026-01-12T07:20:58+00:00\" \/>\n<meta property=\"og:image\" content=\"https:\/\/videstehnika.lv\/wp-content\/uploads\/2025\/10\/gutjahr_terramaxx_ds-ha20.jpg\" \/>\n\t<meta property=\"og:image:width\" content=\"800\" \/>\n\t<meta property=\"og:image:height\" content=\"533\" \/>\n\t<meta property=\"og:image:type\" content=\"image\/jpeg\" \/>\n<meta name=\"twitter:card\" content=\"summary_large_image\" \/>\n<meta name=\"twitter:label1\" content=\"Est. reading time\" \/>\n\t<meta name=\"twitter:data1\" content=\"1 minute\" \/>\n<script type=\"application\/ld+json\" class=\"yoast-schema-graph\">{\"@context\":\"https:\/\/schema.org\",\"@graph\":[{\"@type\":\"WebPage\",\"@id\":\"https:\/\/videstehnika.lv\/katalogs\/majai-un-darzam\/balkoni-jumtaterases\/balstu-un-ramja-sistemas\/terramaxx-ds-ha-27-augstuma-regulesanas-gredzens\/\",\"url\":\"https:\/\/videstehnika.lv\/katalogs\/majai-un-darzam\/balkoni-jumtaterases\/balstu-un-ramja-sistemas\/terramaxx-ds-ha-27-augstuma-regulesanas-gredzens\/\",\"name\":\"TerraMaxx DS-HA 27 augstuma regul\u0113\u0161anas gredzens &#8226; Vides Tehnika\",\"isPartOf\":{\"@id\":\"https:\/\/videstehnika.lv\/en\/#website\"},\"primaryImageOfPage\":{\"@id\":\"https:\/\/videstehnika.lv\/katalogs\/majai-un-darzam\/balkoni-jumtaterases\/balstu-un-ramja-sistemas\/terramaxx-ds-ha-27-augstuma-regulesanas-gredzens\/#primaryimage\"},\"image\":{\"@id\":\"https:\/\/videstehnika.lv\/katalogs\/majai-un-darzam\/balkoni-jumtaterases\/balstu-un-ramja-sistemas\/terramaxx-ds-ha-27-augstuma-regulesanas-gredzens\/#primaryimage\"},\"thumbnailUrl\":\"https:\/\/videstehnika.lv\/wp-content\/uploads\/2025\/10\/gutjahr_terramaxx_ds-ha20.jpg\",\"datePublished\":\"2025-10-28T14:33:48+00:00\",\"dateModified\":\"2026-01-12T07:20:58+00:00\",\"description\":\"TerraMaxx DS-HA 27\/50 augstuma regul\u0113\u0161anas gredzens tiek izmantots k\u0101 veidnis MorTec DrainZE cementa b\u0101zes dren\u0101\u017eas javai uz TerraMaxx DS palikt\u0146iem\",\"breadcrumb\":{\"@id\":\"https:\/\/videstehnika.lv\/katalogs\/majai-un-darzam\/balkoni-jumtaterases\/balstu-un-ramja-sistemas\/terramaxx-ds-ha-27-augstuma-regulesanas-gredzens\/#breadcrumb\"},\"inLanguage\":\"en-US\",\"potentialAction\":[{\"@type\":\"ReadAction\",\"target\":[\"https:\/\/videstehnika.lv\/katalogs\/majai-un-darzam\/balkoni-jumtaterases\/balstu-un-ramja-sistemas\/terramaxx-ds-ha-27-augstuma-regulesanas-gredzens\/\"]}]},{\"@type\":\"ImageObject\",\"inLanguage\":\"en-US\",\"@id\":\"https:\/\/videstehnika.lv\/katalogs\/majai-un-darzam\/balkoni-jumtaterases\/balstu-un-ramja-sistemas\/terramaxx-ds-ha-27-augstuma-regulesanas-gredzens\/#primaryimage\",\"url\":\"https:\/\/videstehnika.lv\/wp-content\/uploads\/2025\/10\/gutjahr_terramaxx_ds-ha20.jpg\",\"contentUrl\":\"https:\/\/videstehnika.lv\/wp-content\/uploads\/2025\/10\/gutjahr_terramaxx_ds-ha20.jpg\",\"width\":800,\"height\":533},{\"@type\":\"BreadcrumbList\",\"@id\":\"https:\/\/videstehnika.lv\/katalogs\/majai-un-darzam\/balkoni-jumtaterases\/balstu-un-ramja-sistemas\/terramaxx-ds-ha-27-augstuma-regulesanas-gredzens\/#breadcrumb\",\"itemListElement\":[{\"@type\":\"ListItem\",\"position\":1,\"name\":\"Home\",\"item\":\"https:\/\/videstehnika.lv\/en\/\"},{\"@type\":\"ListItem\",\"position\":2,\"name\":\"Katalogs\",\"item\":\"https:\/\/videstehnika.lv\/en\/katalogs\/\"},{\"@type\":\"ListItem\",\"position\":3,\"name\":\"TerraMaxx DS-HA 27 augstuma regul\u0113\u0161anas gredzens\"}]},{\"@type\":\"WebSite\",\"@id\":\"https:\/\/videstehnika.lv\/en\/#website\",\"url\":\"https:\/\/videstehnika.lv\/en\/\",\"name\":\"Vides Tehnika\",\"description\":\"\",\"potentialAction\":[{\"@type\":\"SearchAction\",\"target\":{\"@type\":\"EntryPoint\",\"urlTemplate\":\"https:\/\/videstehnika.lv\/en\/?s={search_term_string}\"},\"query-input\":{\"@type\":\"PropertyValueSpecification\",\"valueRequired\":true,\"valueName\":\"search_term_string\"}}],\"inLanguage\":\"en-US\"}]}<\/script>\n<!-- \/ Yoast SEO plugin. -->","yoast_head_json":{"title":"TerraMaxx DS-HA 27 augstuma regul\u0113\u0161anas gredzens &#8226; Vides Tehnika","description":"TerraMaxx DS-HA 27\/50 augstuma regul\u0113\u0161anas gredzens tiek izmantots k\u0101 veidnis MorTec DrainZE cementa b\u0101zes dren\u0101\u017eas javai uz TerraMaxx DS palikt\u0146iem","robots":{"index":"index","follow":"follow","max-snippet":"max-snippet:-1","max-image-preview":"max-image-preview:large","max-video-preview":"max-video-preview:-1"},"canonical":"https:\/\/videstehnika.lv\/en\/katalogs\/majai-un-darzam\/balkoni-jumtaterases\/balstu-un-ramja-sistemas\/terramaxx-ds-ha-27-augstuma-regulesanas-gredzens\/","og_locale":"en_US","og_type":"article","og_title":"TerraMaxx DS-HA 27 augstuma regul\u0113\u0161anas gredzens &#8226; Vides Tehnika","og_description":"TerraMaxx DS-HA 27\/50 augstuma regul\u0113\u0161anas gredzens tiek izmantots k\u0101 veidnis MorTec DrainZE cementa b\u0101zes dren\u0101\u017eas javai uz TerraMaxx DS palikt\u0146iem","og_url":"https:\/\/videstehnika.lv\/katalogs\/majai-un-darzam\/balkoni-jumtaterases\/balstu-un-ramja-sistemas\/terramaxx-ds-ha-27-augstuma-regulesanas-gredzens\/","og_site_name":"Vides Tehnika","article_modified_time":"2026-01-12T07:20:58+00:00","og_image":[{"width":800,"height":533,"url":"https:\/\/videstehnika.lv\/wp-content\/uploads\/2025\/10\/gutjahr_terramaxx_ds-ha20.jpg","type":"image\/jpeg"}],"twitter_card":"summary_large_image","twitter_misc":{"Est. reading time":"1 minute"},"schema":{"@context":"https:\/\/schema.org","@graph":[{"@type":"WebPage","@id":"https:\/\/videstehnika.lv\/katalogs\/majai-un-darzam\/balkoni-jumtaterases\/balstu-un-ramja-sistemas\/terramaxx-ds-ha-27-augstuma-regulesanas-gredzens\/","url":"https:\/\/videstehnika.lv\/katalogs\/majai-un-darzam\/balkoni-jumtaterases\/balstu-un-ramja-sistemas\/terramaxx-ds-ha-27-augstuma-regulesanas-gredzens\/","name":"TerraMaxx DS-HA 27 augstuma regul\u0113\u0161anas gredzens &#8226; Vides Tehnika","isPartOf":{"@id":"https:\/\/videstehnika.lv\/en\/#website"},"primaryImageOfPage":{"@id":"https:\/\/videstehnika.lv\/katalogs\/majai-un-darzam\/balkoni-jumtaterases\/balstu-un-ramja-sistemas\/terramaxx-ds-ha-27-augstuma-regulesanas-gredzens\/#primaryimage"},"image":{"@id":"https:\/\/videstehnika.lv\/katalogs\/majai-un-darzam\/balkoni-jumtaterases\/balstu-un-ramja-sistemas\/terramaxx-ds-ha-27-augstuma-regulesanas-gredzens\/#primaryimage"},"thumbnailUrl":"https:\/\/videstehnika.lv\/wp-content\/uploads\/2025\/10\/gutjahr_terramaxx_ds-ha20.jpg","datePublished":"2025-10-28T14:33:48+00:00","dateModified":"2026-01-12T07:20:58+00:00","description":"TerraMaxx DS-HA 27\/50 augstuma regul\u0113\u0161anas gredzens tiek izmantots k\u0101 veidnis MorTec DrainZE cementa b\u0101zes dren\u0101\u017eas javai uz TerraMaxx DS palikt\u0146iem","breadcrumb":{"@id":"https:\/\/videstehnika.lv\/katalogs\/majai-un-darzam\/balkoni-jumtaterases\/balstu-un-ramja-sistemas\/terramaxx-ds-ha-27-augstuma-regulesanas-gredzens\/#breadcrumb"},"inLanguage":"en-US","potentialAction":[{"@type":"ReadAction","target":["https:\/\/videstehnika.lv\/katalogs\/majai-un-darzam\/balkoni-jumtaterases\/balstu-un-ramja-sistemas\/terramaxx-ds-ha-27-augstuma-regulesanas-gredzens\/"]}]},{"@type":"ImageObject","inLanguage":"en-US","@id":"https:\/\/videstehnika.lv\/katalogs\/majai-un-darzam\/balkoni-jumtaterases\/balstu-un-ramja-sistemas\/terramaxx-ds-ha-27-augstuma-regulesanas-gredzens\/#primaryimage","url":"https:\/\/videstehnika.lv\/wp-content\/uploads\/2025\/10\/gutjahr_terramaxx_ds-ha20.jpg","contentUrl":"https:\/\/videstehnika.lv\/wp-content\/uploads\/2025\/10\/gutjahr_terramaxx_ds-ha20.jpg","width":800,"height":533},{"@type":"BreadcrumbList","@id":"https:\/\/videstehnika.lv\/katalogs\/majai-un-darzam\/balkoni-jumtaterases\/balstu-un-ramja-sistemas\/terramaxx-ds-ha-27-augstuma-regulesanas-gredzens\/#breadcrumb","itemListElement":[{"@type":"ListItem","position":1,"name":"Home","item":"https:\/\/videstehnika.lv\/en\/"},{"@type":"ListItem","position":2,"name":"Katalogs","item":"https:\/\/videstehnika.lv\/en\/katalogs\/"},{"@type":"ListItem","position":3,"name":"TerraMaxx DS-HA 27 augstuma regul\u0113\u0161anas gredzens"}]},{"@type":"WebSite","@id":"https:\/\/videstehnika.lv\/en\/#website","url":"https:\/\/videstehnika.lv\/en\/","name":"Vides Tehnika","description":"","potentialAction":[{"@type":"SearchAction","target":{"@type":"EntryPoint","urlTemplate":"https:\/\/videstehnika.lv\/en\/?s={search_term_string}"},"query-input":{"@type":"PropertyValueSpecification","valueRequired":true,"valueName":"search_term_string"}}],"inLanguage":"en-US"}]}},"_links":{"self":[{"href":"https:\/\/videstehnika.lv\/en\/wp-json\/wp\/v2\/product\/80965","targetHints":{"allow":["GET"]}}],"collection":[{"href":"https:\/\/videstehnika.lv\/en\/wp-json\/wp\/v2\/product"}],"about":[{"href":"https:\/\/videstehnika.lv\/en\/wp-json\/wp\/v2\/types\/product"}],"wp:featuredmedia":[{"embeddable":true,"href":"https:\/\/videstehnika.lv\/en\/wp-json\/wp\/v2\/media\/80967"}],"wp:attachment":[{"href":"https:\/\/videstehnika.lv\/en\/wp-json\/wp\/v2\/media?parent=80965"}],"wp:term":[{"taxonomy":"product_cat","embeddable":true,"href":"https:\/\/videstehnika.lv\/en\/wp-json\/wp\/v2\/product_cat?post=80965"},{"taxonomy":"product_tag","embeddable":true,"href":"https:\/\/videstehnika.lv\/en\/wp-json\/wp\/v2\/product_tag?post=80965"}],"curies":[{"name":"wp","href":"https:\/\/api.w.org\/{rel}","templated":true}]}}