{"id":82290,"date":"2026-01-13T14:58:59","date_gmt":"2026-01-13T12:58:59","guid":{"rendered":"https:\/\/videstehnika.lv\/?post_type=product&#038;p=82290"},"modified":"2026-01-23T12:24:17","modified_gmt":"2026-01-23T10:24:17","slug":"wedi-xxl-celtniecibas-plaksne-1200-x-2500","status":"publish","type":"product","link":"https:\/\/videstehnika.lv\/katalogs\/buvmateriali-buvei-remontam-un-ieksdarbiem\/celtniecibas-plaksnes\/celtniecibas-plaksnes-mitram-telpam\/wedi-xxl-celtniecibas-plaksne-1200-x-2500\/","title":{"rendered":"wedi XXL 1200 x 2500 celtniec\u012bbas pl\u0101ksne"},"content":{"rendered":"<h2>wedi XXL 1200 x 2500 mm celtniec\u012bbas pl\u0101ksne<\/h2>\n<p>wedi XXL \u016bdens necaurlaid\u012bga celtniec\u012bbas pl\u0101ksne \u2013 \u201cNeierobe\u017eota da\u017e\u0101d\u012bba: grie\u0161ana, formu veido\u0161ana, l\u012bm\u0113\u0161ana.\u201d<\/p>\n<p>Wedi celtniec\u012bbas pl\u0101ksnes pamat\u0101 ir zila serde, kas izgatavota no HCFC nesaturo\u0161\u0101m, stingr\u0101m ekstrud\u0113t\u0101m putupolistirola put\u0101m. Tas padara to par ide\u0101lu pamatni visu veidu apmetumam un fl\u012bz\u0113m. Wedi standarta \u016bdens necaurlaid\u012bgo celtniec\u012bbas pl\u0101ksni var piestiprin\u0101t gandr\u012bz pie jebkuras virsmas, t\u0101 ir \u016bdensiztur\u012bga, siltumizol\u0113jo\u0161a, daudzpus\u012bgi lietojama, viegla un stabila.<\/p>\n<p>Zil\u0101 XPS serde ir 100% \u016bdensiztur\u012bga un piln\u012bb\u0101 funkcion\u0113 pat iesp\u0113jamu boj\u0101jumu gad\u012bjum\u0101.<br \/>\nwedi celtniec\u012bbas pl\u0101k\u0161\u0146u sadures \u0161uves var hidroizol\u0113t tikai ar wedi 610 mont\u0101\u017eas l\u012bmi. T\u0101 k\u0101 turpm\u0101ka bl\u012bv\u0113\u0161ana nav nepiecie\u0161ama, meistars g\u016bst labumu no augsta l\u012bme\u0146a dro\u0161\u012bbas ar \u012bs\u0101ku uzst\u0101d\u012b\u0161anas laiku.<br \/>\nCementa virsmai ir laba adh\u0113zija. Turkl\u0101t audums absorb\u0113 stiepes sp\u0113kus. Vis\u0101m wedi celtniec\u012bbas pl\u0101k\u0161\u0146u sist\u0113m\u0101m ir augstas siltumizol\u0101cijas \u012bpa\u0161\u012bbas, ietaupa ener\u0123ijas izmaksas un nodro\u0161ina ilgsto\u0161u aizsardz\u012bbu pret pel\u0113jumu.<\/p>\n<h2>wedi celtniec\u012bbas pl\u0101ksnes priek\u0161roc\u012bbas:<\/h2>\n<p>Sienu un starpsienu ap\u0161\u016b\u0161anai.<br \/>\n100 % \u016bdens necaurlaid\u012bga.<br \/>\nSiltumizol\u0113jo\u0161a.<br \/>\nTvaikus necaurlaid\u012bga.<br \/>\nPilda mitro telpu hidroizol\u0101cijas funkciju.<br \/>\n\u0100tri viegli iestr\u0101d\u0101jama.<br \/>\nViegla, piegrie\u017eot neveido putek\u013cus.<\/p>\n","protected":false},"excerpt":{"rendered":"<p>wedi XXL 1200 x 2500 mm celtniec\u012bbas pl\u0101ksne wedi XXL \u016bdens necaurlaid\u012bga celtniec\u012bbas pl\u0101ksne \u2013 \u201cNeierobe\u017eota da\u017e\u0101d\u012bba: grie\u0161ana, formu veido\u0161ana,<\/p>\n","protected":false},"featured_media":38229,"template":"","meta":{"_acf_changed":false},"product_cat":[5498],"product_tag":[],"class_list":{"0":"post-82290","1":"product","2":"type-product","3":"status-publish","4":"has-post-thumbnail","6":"product_cat-celtniecibas-plaksnes-mitram-telpam","8":"first","9":"instock","10":"taxable","11":"shipping-taxable","12":"purchasable","13":"product-type-variable"},"acf":[],"yoast_head":"<!-- This site is optimized with the Yoast SEO plugin v24.2 - https:\/\/yoast.com\/wordpress\/plugins\/seo\/ -->\n<title>wedi XXL 1200 x 2500 celtniec\u012bbas pl\u0101ksne &#8226; Vides Tehnika<\/title>\n<meta name=\"description\" content=\"wedi XXL celtniec\u012bbas pl\u0101ksne, 100% \u016bdens necaurlaid\u012bga, sien\u0101m un starpsien\u0101m\" \/>\n<meta name=\"robots\" content=\"index, follow, max-snippet:-1, max-image-preview:large, max-video-preview:-1\" \/>\n<link rel=\"canonical\" href=\"https:\/\/videstehnika.lv\/en\/katalogs\/buvmateriali-buvei-remontam-un-ieksdarbiem\/celtniecibas-plaksnes\/celtniecibas-plaksnes-mitram-telpam\/wedi-xxl-celtniecibas-plaksne-1200-x-2500\/\" \/>\n<meta property=\"og:locale\" content=\"en_US\" \/>\n<meta property=\"og:type\" content=\"article\" \/>\n<meta property=\"og:title\" content=\"wedi XXL 1200 x 2500 celtniec\u012bbas pl\u0101ksne &#8226; Vides Tehnika\" \/>\n<meta property=\"og:description\" content=\"wedi XXL celtniec\u012bbas pl\u0101ksne, 100% \u016bdens necaurlaid\u012bga, sien\u0101m un starpsien\u0101m\" \/>\n<meta property=\"og:url\" content=\"https:\/\/videstehnika.lv\/katalogs\/buvmateriali-buvei-remontam-un-ieksdarbiem\/celtniecibas-plaksnes\/celtniecibas-plaksnes-mitram-telpam\/wedi-xxl-celtniecibas-plaksne-1200-x-2500\/\" \/>\n<meta property=\"og:site_name\" content=\"Vides Tehnika\" \/>\n<meta property=\"article:modified_time\" content=\"2026-01-23T10:24:17+00:00\" \/>\n<meta property=\"og:image\" content=\"https:\/\/videstehnika.lv\/wp-content\/uploads\/2024\/08\/wedi-celtniecibas-plaksne.jpg\" \/>\n\t<meta property=\"og:image:width\" content=\"385\" \/>\n\t<meta property=\"og:image:height\" content=\"315\" \/>\n\t<meta property=\"og:image:type\" content=\"image\/jpeg\" \/>\n<meta name=\"twitter:card\" content=\"summary_large_image\" \/>\n<meta name=\"twitter:label1\" content=\"Est. reading time\" \/>\n\t<meta name=\"twitter:data1\" content=\"1 minute\" \/>\n<script type=\"application\/ld+json\" class=\"yoast-schema-graph\">{\"@context\":\"https:\/\/schema.org\",\"@graph\":[{\"@type\":\"WebPage\",\"@id\":\"https:\/\/videstehnika.lv\/katalogs\/buvmateriali-buvei-remontam-un-ieksdarbiem\/celtniecibas-plaksnes\/celtniecibas-plaksnes-mitram-telpam\/wedi-xxl-celtniecibas-plaksne-1200-x-2500\/\",\"url\":\"https:\/\/videstehnika.lv\/katalogs\/buvmateriali-buvei-remontam-un-ieksdarbiem\/celtniecibas-plaksnes\/celtniecibas-plaksnes-mitram-telpam\/wedi-xxl-celtniecibas-plaksne-1200-x-2500\/\",\"name\":\"wedi XXL 1200 x 2500 celtniec\u012bbas pl\u0101ksne &#8226; Vides Tehnika\",\"isPartOf\":{\"@id\":\"https:\/\/videstehnika.lv\/en\/#website\"},\"primaryImageOfPage\":{\"@id\":\"https:\/\/videstehnika.lv\/katalogs\/buvmateriali-buvei-remontam-un-ieksdarbiem\/celtniecibas-plaksnes\/celtniecibas-plaksnes-mitram-telpam\/wedi-xxl-celtniecibas-plaksne-1200-x-2500\/#primaryimage\"},\"image\":{\"@id\":\"https:\/\/videstehnika.lv\/katalogs\/buvmateriali-buvei-remontam-un-ieksdarbiem\/celtniecibas-plaksnes\/celtniecibas-plaksnes-mitram-telpam\/wedi-xxl-celtniecibas-plaksne-1200-x-2500\/#primaryimage\"},\"thumbnailUrl\":\"https:\/\/videstehnika.lv\/wp-content\/uploads\/2024\/08\/wedi-celtniecibas-plaksne.jpg\",\"datePublished\":\"2026-01-13T12:58:59+00:00\",\"dateModified\":\"2026-01-23T10:24:17+00:00\",\"description\":\"wedi XXL celtniec\u012bbas pl\u0101ksne, 100% \u016bdens necaurlaid\u012bga, sien\u0101m un starpsien\u0101m\",\"breadcrumb\":{\"@id\":\"https:\/\/videstehnika.lv\/katalogs\/buvmateriali-buvei-remontam-un-ieksdarbiem\/celtniecibas-plaksnes\/celtniecibas-plaksnes-mitram-telpam\/wedi-xxl-celtniecibas-plaksne-1200-x-2500\/#breadcrumb\"},\"inLanguage\":\"en-US\",\"potentialAction\":[{\"@type\":\"ReadAction\",\"target\":[\"https:\/\/videstehnika.lv\/katalogs\/buvmateriali-buvei-remontam-un-ieksdarbiem\/celtniecibas-plaksnes\/celtniecibas-plaksnes-mitram-telpam\/wedi-xxl-celtniecibas-plaksne-1200-x-2500\/\"]}]},{\"@type\":\"ImageObject\",\"inLanguage\":\"en-US\",\"@id\":\"https:\/\/videstehnika.lv\/katalogs\/buvmateriali-buvei-remontam-un-ieksdarbiem\/celtniecibas-plaksnes\/celtniecibas-plaksnes-mitram-telpam\/wedi-xxl-celtniecibas-plaksne-1200-x-2500\/#primaryimage\",\"url\":\"https:\/\/videstehnika.lv\/wp-content\/uploads\/2024\/08\/wedi-celtniecibas-plaksne.jpg\",\"contentUrl\":\"https:\/\/videstehnika.lv\/wp-content\/uploads\/2024\/08\/wedi-celtniecibas-plaksne.jpg\",\"width\":385,\"height\":315},{\"@type\":\"BreadcrumbList\",\"@id\":\"https:\/\/videstehnika.lv\/katalogs\/buvmateriali-buvei-remontam-un-ieksdarbiem\/celtniecibas-plaksnes\/celtniecibas-plaksnes-mitram-telpam\/wedi-xxl-celtniecibas-plaksne-1200-x-2500\/#breadcrumb\",\"itemListElement\":[{\"@type\":\"ListItem\",\"position\":1,\"name\":\"Home\",\"item\":\"https:\/\/videstehnika.lv\/en\/\"},{\"@type\":\"ListItem\",\"position\":2,\"name\":\"Katalogs\",\"item\":\"https:\/\/videstehnika.lv\/en\/katalogs\/\"},{\"@type\":\"ListItem\",\"position\":3,\"name\":\"wedi XXL 1200 x 2500 celtniec\u012bbas pl\u0101ksne\"}]},{\"@type\":\"WebSite\",\"@id\":\"https:\/\/videstehnika.lv\/en\/#website\",\"url\":\"https:\/\/videstehnika.lv\/en\/\",\"name\":\"Vides Tehnika\",\"description\":\"\",\"potentialAction\":[{\"@type\":\"SearchAction\",\"target\":{\"@type\":\"EntryPoint\",\"urlTemplate\":\"https:\/\/videstehnika.lv\/en\/?s={search_term_string}\"},\"query-input\":{\"@type\":\"PropertyValueSpecification\",\"valueRequired\":true,\"valueName\":\"search_term_string\"}}],\"inLanguage\":\"en-US\"}]}<\/script>\n<!-- \/ Yoast SEO plugin. -->","yoast_head_json":{"title":"wedi XXL 1200 x 2500 celtniec\u012bbas pl\u0101ksne &#8226; Vides Tehnika","description":"wedi XXL celtniec\u012bbas pl\u0101ksne, 100% \u016bdens necaurlaid\u012bga, sien\u0101m un starpsien\u0101m","robots":{"index":"index","follow":"follow","max-snippet":"max-snippet:-1","max-image-preview":"max-image-preview:large","max-video-preview":"max-video-preview:-1"},"canonical":"https:\/\/videstehnika.lv\/en\/katalogs\/buvmateriali-buvei-remontam-un-ieksdarbiem\/celtniecibas-plaksnes\/celtniecibas-plaksnes-mitram-telpam\/wedi-xxl-celtniecibas-plaksne-1200-x-2500\/","og_locale":"en_US","og_type":"article","og_title":"wedi XXL 1200 x 2500 celtniec\u012bbas pl\u0101ksne &#8226; Vides Tehnika","og_description":"wedi XXL celtniec\u012bbas pl\u0101ksne, 100% \u016bdens necaurlaid\u012bga, sien\u0101m un starpsien\u0101m","og_url":"https:\/\/videstehnika.lv\/katalogs\/buvmateriali-buvei-remontam-un-ieksdarbiem\/celtniecibas-plaksnes\/celtniecibas-plaksnes-mitram-telpam\/wedi-xxl-celtniecibas-plaksne-1200-x-2500\/","og_site_name":"Vides Tehnika","article_modified_time":"2026-01-23T10:24:17+00:00","og_image":[{"width":385,"height":315,"url":"https:\/\/videstehnika.lv\/wp-content\/uploads\/2024\/08\/wedi-celtniecibas-plaksne.jpg","type":"image\/jpeg"}],"twitter_card":"summary_large_image","twitter_misc":{"Est. reading time":"1 minute"},"schema":{"@context":"https:\/\/schema.org","@graph":[{"@type":"WebPage","@id":"https:\/\/videstehnika.lv\/katalogs\/buvmateriali-buvei-remontam-un-ieksdarbiem\/celtniecibas-plaksnes\/celtniecibas-plaksnes-mitram-telpam\/wedi-xxl-celtniecibas-plaksne-1200-x-2500\/","url":"https:\/\/videstehnika.lv\/katalogs\/buvmateriali-buvei-remontam-un-ieksdarbiem\/celtniecibas-plaksnes\/celtniecibas-plaksnes-mitram-telpam\/wedi-xxl-celtniecibas-plaksne-1200-x-2500\/","name":"wedi XXL 1200 x 2500 celtniec\u012bbas pl\u0101ksne &#8226; Vides Tehnika","isPartOf":{"@id":"https:\/\/videstehnika.lv\/en\/#website"},"primaryImageOfPage":{"@id":"https:\/\/videstehnika.lv\/katalogs\/buvmateriali-buvei-remontam-un-ieksdarbiem\/celtniecibas-plaksnes\/celtniecibas-plaksnes-mitram-telpam\/wedi-xxl-celtniecibas-plaksne-1200-x-2500\/#primaryimage"},"image":{"@id":"https:\/\/videstehnika.lv\/katalogs\/buvmateriali-buvei-remontam-un-ieksdarbiem\/celtniecibas-plaksnes\/celtniecibas-plaksnes-mitram-telpam\/wedi-xxl-celtniecibas-plaksne-1200-x-2500\/#primaryimage"},"thumbnailUrl":"https:\/\/videstehnika.lv\/wp-content\/uploads\/2024\/08\/wedi-celtniecibas-plaksne.jpg","datePublished":"2026-01-13T12:58:59+00:00","dateModified":"2026-01-23T10:24:17+00:00","description":"wedi XXL celtniec\u012bbas pl\u0101ksne, 100% \u016bdens necaurlaid\u012bga, sien\u0101m un starpsien\u0101m","breadcrumb":{"@id":"https:\/\/videstehnika.lv\/katalogs\/buvmateriali-buvei-remontam-un-ieksdarbiem\/celtniecibas-plaksnes\/celtniecibas-plaksnes-mitram-telpam\/wedi-xxl-celtniecibas-plaksne-1200-x-2500\/#breadcrumb"},"inLanguage":"en-US","potentialAction":[{"@type":"ReadAction","target":["https:\/\/videstehnika.lv\/katalogs\/buvmateriali-buvei-remontam-un-ieksdarbiem\/celtniecibas-plaksnes\/celtniecibas-plaksnes-mitram-telpam\/wedi-xxl-celtniecibas-plaksne-1200-x-2500\/"]}]},{"@type":"ImageObject","inLanguage":"en-US","@id":"https:\/\/videstehnika.lv\/katalogs\/buvmateriali-buvei-remontam-un-ieksdarbiem\/celtniecibas-plaksnes\/celtniecibas-plaksnes-mitram-telpam\/wedi-xxl-celtniecibas-plaksne-1200-x-2500\/#primaryimage","url":"https:\/\/videstehnika.lv\/wp-content\/uploads\/2024\/08\/wedi-celtniecibas-plaksne.jpg","contentUrl":"https:\/\/videstehnika.lv\/wp-content\/uploads\/2024\/08\/wedi-celtniecibas-plaksne.jpg","width":385,"height":315},{"@type":"BreadcrumbList","@id":"https:\/\/videstehnika.lv\/katalogs\/buvmateriali-buvei-remontam-un-ieksdarbiem\/celtniecibas-plaksnes\/celtniecibas-plaksnes-mitram-telpam\/wedi-xxl-celtniecibas-plaksne-1200-x-2500\/#breadcrumb","itemListElement":[{"@type":"ListItem","position":1,"name":"Home","item":"https:\/\/videstehnika.lv\/en\/"},{"@type":"ListItem","position":2,"name":"Katalogs","item":"https:\/\/videstehnika.lv\/en\/katalogs\/"},{"@type":"ListItem","position":3,"name":"wedi XXL 1200 x 2500 celtniec\u012bbas pl\u0101ksne"}]},{"@type":"WebSite","@id":"https:\/\/videstehnika.lv\/en\/#website","url":"https:\/\/videstehnika.lv\/en\/","name":"Vides Tehnika","description":"","potentialAction":[{"@type":"SearchAction","target":{"@type":"EntryPoint","urlTemplate":"https:\/\/videstehnika.lv\/en\/?s={search_term_string}"},"query-input":{"@type":"PropertyValueSpecification","valueRequired":true,"valueName":"search_term_string"}}],"inLanguage":"en-US"}]}},"_links":{"self":[{"href":"https:\/\/videstehnika.lv\/en\/wp-json\/wp\/v2\/product\/82290","targetHints":{"allow":["GET"]}}],"collection":[{"href":"https:\/\/videstehnika.lv\/en\/wp-json\/wp\/v2\/product"}],"about":[{"href":"https:\/\/videstehnika.lv\/en\/wp-json\/wp\/v2\/types\/product"}],"wp:featuredmedia":[{"embeddable":true,"href":"https:\/\/videstehnika.lv\/en\/wp-json\/wp\/v2\/media\/38229"}],"wp:attachment":[{"href":"https:\/\/videstehnika.lv\/en\/wp-json\/wp\/v2\/media?parent=82290"}],"wp:term":[{"taxonomy":"product_cat","embeddable":true,"href":"https:\/\/videstehnika.lv\/en\/wp-json\/wp\/v2\/product_cat?post=82290"},{"taxonomy":"product_tag","embeddable":true,"href":"https:\/\/videstehnika.lv\/en\/wp-json\/wp\/v2\/product_tag?post=82290"}],"curies":[{"name":"wp","href":"https:\/\/api.w.org\/{rel}","templated":true}]}}