{"id":9005,"date":"2021-03-30T13:57:25","date_gmt":"2021-03-31T11:08:34","guid":{"rendered":"https:\/\/videstehnika.lv\/?post_type=product&#038;p=9005"},"modified":"2021-03-31T14:08:35","modified_gmt":"2021-03-31T11:08:35","slug":"viessmann","status":"publish","type":"product","link":"https:\/\/videstehnika.lv\/en\/catalog\/apkure-en\/apkures-katli-en\/gas-heating-boilers\/viessmann\/","title":{"rendered":"Viessmann"},"content":{"rendered":"","protected":false},"excerpt":{"rendered":"<p>Viessmann &#8211; Heating, industrial and cooling systems. The Viessmann Group is an international leader in the production of heating, industrial and refrigeration systems. Viessmann offers individual solutions with an efficient system and a capacity of 1.5 to 120,000 kW for all applications and all energy users.<\/p>\n","protected":false},"featured_media":8978,"template":"","meta":{"_acf_changed":false},"product_cat":[1446,1449,1447,1445,1448,402,1438,405,399],"product_tag":[],"class_list":{"0":"post-9005","1":"product","2":"type-product","3":"status-publish","4":"has-post-thumbnail","6":"product_cat-gas-heating-boilers","7":"product_cat-hot-water-boilers","8":"product_cat-diesel-heating-boilers","9":"product_cat-heat-pumps","10":"product_cat-solid-fuel","11":"product_cat-apkures-katli-en","12":"product_cat-heating-and-cooling-system-equipment","13":"product_cat-solaras-sistemas-en","14":"product_cat-apkure-en","16":"first","17":"instock","18":"taxable","19":"shipping-taxable","20":"product-type-external"},"acf":[],"yoast_head":"<!-- This site is optimized with the Yoast SEO plugin v24.2 - https:\/\/yoast.com\/wordpress\/plugins\/seo\/ -->\n<title>Viessmann - heating system equipment &#8226; Vides Tehnika<\/title>\n<meta name=\"description\" content=\"Viessmann - heating, industrial and cooling systems. International manufacturer of heating, industrial and cooling systems.\" \/>\n<meta name=\"robots\" content=\"index, follow, max-snippet:-1, max-image-preview:large, max-video-preview:-1\" \/>\n<link rel=\"canonical\" href=\"https:\/\/videstehnika.lv\/en\/catalog\/apkure-en\/apkures-katli-en\/gas-heating-boilers\/viessmann\/\" \/>\n<meta property=\"og:locale\" content=\"en_US\" \/>\n<meta property=\"og:type\" content=\"article\" \/>\n<meta property=\"og:title\" content=\"Viessmann - heating system equipment &#8226; Vides Tehnika\" \/>\n<meta property=\"og:description\" content=\"Viessmann - heating, industrial and cooling systems. International manufacturer of heating, industrial and cooling systems.\" \/>\n<meta property=\"og:url\" content=\"https:\/\/videstehnika.lv\/en\/catalog\/apkure-en\/apkures-katli-en\/gas-heating-boilers\/viessmann\/\" \/>\n<meta property=\"og:site_name\" content=\"Vides Tehnika\" \/>\n<meta property=\"article:modified_time\" content=\"2021-03-31T11:08:35+00:00\" \/>\n<meta property=\"og:image\" content=\"https:\/\/videstehnika.lv\/wp-content\/uploads\/2021\/03\/viessmann.jpg\" \/>\n\t<meta property=\"og:image:width\" content=\"900\" \/>\n\t<meta property=\"og:image:height\" content=\"900\" \/>\n\t<meta property=\"og:image:type\" content=\"image\/jpeg\" \/>\n<meta name=\"twitter:card\" content=\"summary_large_image\" \/>\n<script type=\"application\/ld+json\" class=\"yoast-schema-graph\">{\"@context\":\"https:\/\/schema.org\",\"@graph\":[{\"@type\":\"WebPage\",\"@id\":\"https:\/\/videstehnika.lv\/en\/catalog\/apkure-en\/apkures-katli-en\/gas-heating-boilers\/viessmann\/\",\"url\":\"https:\/\/videstehnika.lv\/en\/catalog\/apkure-en\/apkures-katli-en\/gas-heating-boilers\/viessmann\/\",\"name\":\"Viessmann - heating system equipment &#8226; Vides Tehnika\",\"isPartOf\":{\"@id\":\"https:\/\/videstehnika.lv\/en\/#website\"},\"primaryImageOfPage\":{\"@id\":\"https:\/\/videstehnika.lv\/en\/catalog\/apkure-en\/apkures-katli-en\/gas-heating-boilers\/viessmann\/#primaryimage\"},\"image\":{\"@id\":\"https:\/\/videstehnika.lv\/en\/catalog\/apkure-en\/apkures-katli-en\/gas-heating-boilers\/viessmann\/#primaryimage\"},\"thumbnailUrl\":\"https:\/\/videstehnika.lv\/wp-content\/uploads\/2021\/03\/viessmann.jpg\",\"datePublished\":\"2021-03-31T11:08:34+00:00\",\"dateModified\":\"2021-03-31T11:08:35+00:00\",\"description\":\"Viessmann - heating, industrial and cooling systems. International manufacturer of heating, industrial and cooling systems.\",\"breadcrumb\":{\"@id\":\"https:\/\/videstehnika.lv\/en\/catalog\/apkure-en\/apkures-katli-en\/gas-heating-boilers\/viessmann\/#breadcrumb\"},\"inLanguage\":\"en-US\",\"potentialAction\":[{\"@type\":\"ReadAction\",\"target\":[\"https:\/\/videstehnika.lv\/en\/catalog\/apkure-en\/apkures-katli-en\/gas-heating-boilers\/viessmann\/\"]}]},{\"@type\":\"ImageObject\",\"inLanguage\":\"en-US\",\"@id\":\"https:\/\/videstehnika.lv\/en\/catalog\/apkure-en\/apkures-katli-en\/gas-heating-boilers\/viessmann\/#primaryimage\",\"url\":\"https:\/\/videstehnika.lv\/wp-content\/uploads\/2021\/03\/viessmann.jpg\",\"contentUrl\":\"https:\/\/videstehnika.lv\/wp-content\/uploads\/2021\/03\/viessmann.jpg\",\"width\":900,\"height\":900,\"caption\":\"Viessmann uz\u0146\u0113mumu grupa ir starptautisks apkures, industri\u0101l\u0101s un dzes\u0113\u0161anas tehnikas sist\u0113mu ra\u017eo\u0161anas l\u012bderis.\"},{\"@type\":\"BreadcrumbList\",\"@id\":\"https:\/\/videstehnika.lv\/en\/catalog\/apkure-en\/apkures-katli-en\/gas-heating-boilers\/viessmann\/#breadcrumb\",\"itemListElement\":[{\"@type\":\"ListItem\",\"position\":1,\"name\":\"Home\",\"item\":\"https:\/\/videstehnika.lv\/en\/\"},{\"@type\":\"ListItem\",\"position\":2,\"name\":\"Katalogs\",\"item\":\"https:\/\/videstehnika.lv\/en\/katalogs\/\"},{\"@type\":\"ListItem\",\"position\":3,\"name\":\"Viessmann\"}]},{\"@type\":\"WebSite\",\"@id\":\"https:\/\/videstehnika.lv\/en\/#website\",\"url\":\"https:\/\/videstehnika.lv\/en\/\",\"name\":\"Vides Tehnika\",\"description\":\"\",\"potentialAction\":[{\"@type\":\"SearchAction\",\"target\":{\"@type\":\"EntryPoint\",\"urlTemplate\":\"https:\/\/videstehnika.lv\/en\/?s={search_term_string}\"},\"query-input\":{\"@type\":\"PropertyValueSpecification\",\"valueRequired\":true,\"valueName\":\"search_term_string\"}}],\"inLanguage\":\"en-US\"}]}<\/script>\n<!-- \/ Yoast SEO plugin. -->","yoast_head_json":{"title":"Viessmann - heating system equipment &#8226; Vides Tehnika","description":"Viessmann - heating, industrial and cooling systems. International manufacturer of heating, industrial and cooling systems.","robots":{"index":"index","follow":"follow","max-snippet":"max-snippet:-1","max-image-preview":"max-image-preview:large","max-video-preview":"max-video-preview:-1"},"canonical":"https:\/\/videstehnika.lv\/en\/catalog\/apkure-en\/apkures-katli-en\/gas-heating-boilers\/viessmann\/","og_locale":"en_US","og_type":"article","og_title":"Viessmann - heating system equipment &#8226; Vides Tehnika","og_description":"Viessmann - heating, industrial and cooling systems. International manufacturer of heating, industrial and cooling systems.","og_url":"https:\/\/videstehnika.lv\/en\/catalog\/apkure-en\/apkures-katli-en\/gas-heating-boilers\/viessmann\/","og_site_name":"Vides Tehnika","article_modified_time":"2021-03-31T11:08:35+00:00","og_image":[{"width":900,"height":900,"url":"https:\/\/videstehnika.lv\/wp-content\/uploads\/2021\/03\/viessmann.jpg","type":"image\/jpeg"}],"twitter_card":"summary_large_image","schema":{"@context":"https:\/\/schema.org","@graph":[{"@type":"WebPage","@id":"https:\/\/videstehnika.lv\/en\/catalog\/apkure-en\/apkures-katli-en\/gas-heating-boilers\/viessmann\/","url":"https:\/\/videstehnika.lv\/en\/catalog\/apkure-en\/apkures-katli-en\/gas-heating-boilers\/viessmann\/","name":"Viessmann - heating system equipment &#8226; Vides Tehnika","isPartOf":{"@id":"https:\/\/videstehnika.lv\/en\/#website"},"primaryImageOfPage":{"@id":"https:\/\/videstehnika.lv\/en\/catalog\/apkure-en\/apkures-katli-en\/gas-heating-boilers\/viessmann\/#primaryimage"},"image":{"@id":"https:\/\/videstehnika.lv\/en\/catalog\/apkure-en\/apkures-katli-en\/gas-heating-boilers\/viessmann\/#primaryimage"},"thumbnailUrl":"https:\/\/videstehnika.lv\/wp-content\/uploads\/2021\/03\/viessmann.jpg","datePublished":"2021-03-31T11:08:34+00:00","dateModified":"2021-03-31T11:08:35+00:00","description":"Viessmann - heating, industrial and cooling systems. International manufacturer of heating, industrial and cooling systems.","breadcrumb":{"@id":"https:\/\/videstehnika.lv\/en\/catalog\/apkure-en\/apkures-katli-en\/gas-heating-boilers\/viessmann\/#breadcrumb"},"inLanguage":"en-US","potentialAction":[{"@type":"ReadAction","target":["https:\/\/videstehnika.lv\/en\/catalog\/apkure-en\/apkures-katli-en\/gas-heating-boilers\/viessmann\/"]}]},{"@type":"ImageObject","inLanguage":"en-US","@id":"https:\/\/videstehnika.lv\/en\/catalog\/apkure-en\/apkures-katli-en\/gas-heating-boilers\/viessmann\/#primaryimage","url":"https:\/\/videstehnika.lv\/wp-content\/uploads\/2021\/03\/viessmann.jpg","contentUrl":"https:\/\/videstehnika.lv\/wp-content\/uploads\/2021\/03\/viessmann.jpg","width":900,"height":900,"caption":"Viessmann uz\u0146\u0113mumu grupa ir starptautisks apkures, industri\u0101l\u0101s un dzes\u0113\u0161anas tehnikas sist\u0113mu ra\u017eo\u0161anas l\u012bderis."},{"@type":"BreadcrumbList","@id":"https:\/\/videstehnika.lv\/en\/catalog\/apkure-en\/apkures-katli-en\/gas-heating-boilers\/viessmann\/#breadcrumb","itemListElement":[{"@type":"ListItem","position":1,"name":"Home","item":"https:\/\/videstehnika.lv\/en\/"},{"@type":"ListItem","position":2,"name":"Katalogs","item":"https:\/\/videstehnika.lv\/en\/katalogs\/"},{"@type":"ListItem","position":3,"name":"Viessmann"}]},{"@type":"WebSite","@id":"https:\/\/videstehnika.lv\/en\/#website","url":"https:\/\/videstehnika.lv\/en\/","name":"Vides Tehnika","description":"","potentialAction":[{"@type":"SearchAction","target":{"@type":"EntryPoint","urlTemplate":"https:\/\/videstehnika.lv\/en\/?s={search_term_string}"},"query-input":{"@type":"PropertyValueSpecification","valueRequired":true,"valueName":"search_term_string"}}],"inLanguage":"en-US"}]}},"_links":{"self":[{"href":"https:\/\/videstehnika.lv\/en\/wp-json\/wp\/v2\/product\/9005","targetHints":{"allow":["GET"]}}],"collection":[{"href":"https:\/\/videstehnika.lv\/en\/wp-json\/wp\/v2\/product"}],"about":[{"href":"https:\/\/videstehnika.lv\/en\/wp-json\/wp\/v2\/types\/product"}],"wp:featuredmedia":[{"embeddable":true,"href":"https:\/\/videstehnika.lv\/en\/wp-json\/wp\/v2\/media\/8978"}],"wp:attachment":[{"href":"https:\/\/videstehnika.lv\/en\/wp-json\/wp\/v2\/media?parent=9005"}],"wp:term":[{"taxonomy":"product_cat","embeddable":true,"href":"https:\/\/videstehnika.lv\/en\/wp-json\/wp\/v2\/product_cat?post=9005"},{"taxonomy":"product_tag","embeddable":true,"href":"https:\/\/videstehnika.lv\/en\/wp-json\/wp\/v2\/product_tag?post=9005"}],"curies":[{"name":"wp","href":"https:\/\/api.w.org\/{rel}","templated":true}]}}