{"id":9009,"date":"2021-03-30T16:20:11","date_gmt":"2021-03-31T11:27:23","guid":{"rendered":"https:\/\/videstehnika.lv\/?post_type=product&#038;p=9009"},"modified":"2021-03-31T14:28:37","modified_gmt":"2021-03-31T11:28:37","slug":"honeywell","status":"publish","type":"product","link":"https:\/\/videstehnika.lv\/en\/catalog\/ventilacija-un-klimats-en\/ventilacijas-sistemas-en\/honeywell\/","title":{"rendered":"Honeywell"},"content":{"rendered":"","protected":false},"excerpt":{"rendered":"<p>Honeywell International Inc. is a technology and manufacturing company. The company operates in four segments: Aerospace, Home and Building Technologies, Performance Materials and Technologies, and Security and Productivity Solutions. Honeywell manufactures thermostats, sensors, burglar alarm systems, as well as air purifiers and dehumidifiers.<\/p>\n","protected":false},"featured_media":8991,"template":"","meta":{"_acf_changed":false},"product_cat":[505,503,1438,399,499],"product_tag":[],"class_list":{"0":"post-9009","1":"product","2":"type-product","3":"status-publish","4":"has-post-thumbnail","6":"product_cat-ventilacijas-sistemas-en","7":"product_cat-ventilatori-en","8":"product_cat-heating-and-cooling-system-equipment","9":"product_cat-apkure-en","10":"product_cat-ventilacija-un-klimats-en","12":"first","13":"instock","14":"taxable","15":"shipping-taxable","16":"product-type-external"},"acf":[],"yoast_head":"<!-- This site is optimized with the Yoast SEO plugin v24.2 - https:\/\/yoast.com\/wordpress\/plugins\/seo\/ -->\n<title>Honeywell - heating and air conditioning systems &#8226; Vides Tehnika<\/title>\n<meta name=\"description\" content=\"Honeywell manufactures thermostats, sensors, burglar alarm systems, as well as air purifiers and dehumidifiers.\" \/>\n<meta name=\"robots\" content=\"index, follow, max-snippet:-1, max-image-preview:large, max-video-preview:-1\" \/>\n<link rel=\"canonical\" href=\"https:\/\/videstehnika.lv\/en\/catalog\/ventilacija-un-klimats-en\/ventilacijas-sistemas-en\/honeywell\/\" \/>\n<meta property=\"og:locale\" content=\"en_US\" \/>\n<meta property=\"og:type\" content=\"article\" \/>\n<meta property=\"og:title\" content=\"Honeywell - heating and air conditioning systems &#8226; Vides Tehnika\" \/>\n<meta property=\"og:description\" content=\"Honeywell manufactures thermostats, sensors, burglar alarm systems, as well as air purifiers and dehumidifiers.\" \/>\n<meta property=\"og:url\" content=\"https:\/\/videstehnika.lv\/en\/catalog\/ventilacija-un-klimats-en\/ventilacijas-sistemas-en\/honeywell\/\" \/>\n<meta property=\"og:site_name\" content=\"Vides Tehnika\" \/>\n<meta property=\"article:modified_time\" content=\"2021-03-31T11:28:37+00:00\" \/>\n<meta property=\"og:image\" content=\"https:\/\/videstehnika.lv\/wp-content\/uploads\/2021\/03\/honeywell-logo.jpg\" \/>\n\t<meta property=\"og:image:width\" content=\"900\" \/>\n\t<meta property=\"og:image:height\" content=\"900\" \/>\n\t<meta property=\"og:image:type\" content=\"image\/jpeg\" \/>\n<meta name=\"twitter:card\" content=\"summary_large_image\" \/>\n<script type=\"application\/ld+json\" class=\"yoast-schema-graph\">{\"@context\":\"https:\/\/schema.org\",\"@graph\":[{\"@type\":\"WebPage\",\"@id\":\"https:\/\/videstehnika.lv\/en\/catalog\/ventilacija-un-klimats-en\/ventilacijas-sistemas-en\/honeywell\/\",\"url\":\"https:\/\/videstehnika.lv\/en\/catalog\/ventilacija-un-klimats-en\/ventilacijas-sistemas-en\/honeywell\/\",\"name\":\"Honeywell - heating and air conditioning systems &#8226; Vides Tehnika\",\"isPartOf\":{\"@id\":\"https:\/\/videstehnika.lv\/en\/#website\"},\"primaryImageOfPage\":{\"@id\":\"https:\/\/videstehnika.lv\/en\/catalog\/ventilacija-un-klimats-en\/ventilacijas-sistemas-en\/honeywell\/#primaryimage\"},\"image\":{\"@id\":\"https:\/\/videstehnika.lv\/en\/catalog\/ventilacija-un-klimats-en\/ventilacijas-sistemas-en\/honeywell\/#primaryimage\"},\"thumbnailUrl\":\"https:\/\/videstehnika.lv\/wp-content\/uploads\/2021\/03\/honeywell-logo.jpg\",\"datePublished\":\"2021-03-31T11:27:23+00:00\",\"dateModified\":\"2021-03-31T11:28:37+00:00\",\"description\":\"Honeywell manufactures thermostats, sensors, burglar alarm systems, as well as air purifiers and dehumidifiers.\",\"breadcrumb\":{\"@id\":\"https:\/\/videstehnika.lv\/en\/catalog\/ventilacija-un-klimats-en\/ventilacijas-sistemas-en\/honeywell\/#breadcrumb\"},\"inLanguage\":\"en-US\",\"potentialAction\":[{\"@type\":\"ReadAction\",\"target\":[\"https:\/\/videstehnika.lv\/en\/catalog\/ventilacija-un-klimats-en\/ventilacijas-sistemas-en\/honeywell\/\"]}]},{\"@type\":\"ImageObject\",\"inLanguage\":\"en-US\",\"@id\":\"https:\/\/videstehnika.lv\/en\/catalog\/ventilacija-un-klimats-en\/ventilacijas-sistemas-en\/honeywell\/#primaryimage\",\"url\":\"https:\/\/videstehnika.lv\/wp-content\/uploads\/2021\/03\/honeywell-logo.jpg\",\"contentUrl\":\"https:\/\/videstehnika.lv\/wp-content\/uploads\/2021\/03\/honeywell-logo.jpg\",\"width\":900,\"height\":900,\"caption\":\"Honeywell apkures un gaisa kondicion\u0113\u0161anas sist\u0113mas\"},{\"@type\":\"BreadcrumbList\",\"@id\":\"https:\/\/videstehnika.lv\/en\/catalog\/ventilacija-un-klimats-en\/ventilacijas-sistemas-en\/honeywell\/#breadcrumb\",\"itemListElement\":[{\"@type\":\"ListItem\",\"position\":1,\"name\":\"Home\",\"item\":\"https:\/\/videstehnika.lv\/en\/\"},{\"@type\":\"ListItem\",\"position\":2,\"name\":\"Katalogs\",\"item\":\"https:\/\/videstehnika.lv\/en\/katalogs\/\"},{\"@type\":\"ListItem\",\"position\":3,\"name\":\"Honeywell\"}]},{\"@type\":\"WebSite\",\"@id\":\"https:\/\/videstehnika.lv\/en\/#website\",\"url\":\"https:\/\/videstehnika.lv\/en\/\",\"name\":\"Vides Tehnika\",\"description\":\"\",\"potentialAction\":[{\"@type\":\"SearchAction\",\"target\":{\"@type\":\"EntryPoint\",\"urlTemplate\":\"https:\/\/videstehnika.lv\/en\/?s={search_term_string}\"},\"query-input\":{\"@type\":\"PropertyValueSpecification\",\"valueRequired\":true,\"valueName\":\"search_term_string\"}}],\"inLanguage\":\"en-US\"}]}<\/script>\n<!-- \/ Yoast SEO plugin. -->","yoast_head_json":{"title":"Honeywell - heating and air conditioning systems &#8226; Vides Tehnika","description":"Honeywell manufactures thermostats, sensors, burglar alarm systems, as well as air purifiers and dehumidifiers.","robots":{"index":"index","follow":"follow","max-snippet":"max-snippet:-1","max-image-preview":"max-image-preview:large","max-video-preview":"max-video-preview:-1"},"canonical":"https:\/\/videstehnika.lv\/en\/catalog\/ventilacija-un-klimats-en\/ventilacijas-sistemas-en\/honeywell\/","og_locale":"en_US","og_type":"article","og_title":"Honeywell - heating and air conditioning systems &#8226; Vides Tehnika","og_description":"Honeywell manufactures thermostats, sensors, burglar alarm systems, as well as air purifiers and dehumidifiers.","og_url":"https:\/\/videstehnika.lv\/en\/catalog\/ventilacija-un-klimats-en\/ventilacijas-sistemas-en\/honeywell\/","og_site_name":"Vides Tehnika","article_modified_time":"2021-03-31T11:28:37+00:00","og_image":[{"width":900,"height":900,"url":"https:\/\/videstehnika.lv\/wp-content\/uploads\/2021\/03\/honeywell-logo.jpg","type":"image\/jpeg"}],"twitter_card":"summary_large_image","schema":{"@context":"https:\/\/schema.org","@graph":[{"@type":"WebPage","@id":"https:\/\/videstehnika.lv\/en\/catalog\/ventilacija-un-klimats-en\/ventilacijas-sistemas-en\/honeywell\/","url":"https:\/\/videstehnika.lv\/en\/catalog\/ventilacija-un-klimats-en\/ventilacijas-sistemas-en\/honeywell\/","name":"Honeywell - heating and air conditioning systems &#8226; Vides Tehnika","isPartOf":{"@id":"https:\/\/videstehnika.lv\/en\/#website"},"primaryImageOfPage":{"@id":"https:\/\/videstehnika.lv\/en\/catalog\/ventilacija-un-klimats-en\/ventilacijas-sistemas-en\/honeywell\/#primaryimage"},"image":{"@id":"https:\/\/videstehnika.lv\/en\/catalog\/ventilacija-un-klimats-en\/ventilacijas-sistemas-en\/honeywell\/#primaryimage"},"thumbnailUrl":"https:\/\/videstehnika.lv\/wp-content\/uploads\/2021\/03\/honeywell-logo.jpg","datePublished":"2021-03-31T11:27:23+00:00","dateModified":"2021-03-31T11:28:37+00:00","description":"Honeywell manufactures thermostats, sensors, burglar alarm systems, as well as air purifiers and dehumidifiers.","breadcrumb":{"@id":"https:\/\/videstehnika.lv\/en\/catalog\/ventilacija-un-klimats-en\/ventilacijas-sistemas-en\/honeywell\/#breadcrumb"},"inLanguage":"en-US","potentialAction":[{"@type":"ReadAction","target":["https:\/\/videstehnika.lv\/en\/catalog\/ventilacija-un-klimats-en\/ventilacijas-sistemas-en\/honeywell\/"]}]},{"@type":"ImageObject","inLanguage":"en-US","@id":"https:\/\/videstehnika.lv\/en\/catalog\/ventilacija-un-klimats-en\/ventilacijas-sistemas-en\/honeywell\/#primaryimage","url":"https:\/\/videstehnika.lv\/wp-content\/uploads\/2021\/03\/honeywell-logo.jpg","contentUrl":"https:\/\/videstehnika.lv\/wp-content\/uploads\/2021\/03\/honeywell-logo.jpg","width":900,"height":900,"caption":"Honeywell apkures un gaisa kondicion\u0113\u0161anas sist\u0113mas"},{"@type":"BreadcrumbList","@id":"https:\/\/videstehnika.lv\/en\/catalog\/ventilacija-un-klimats-en\/ventilacijas-sistemas-en\/honeywell\/#breadcrumb","itemListElement":[{"@type":"ListItem","position":1,"name":"Home","item":"https:\/\/videstehnika.lv\/en\/"},{"@type":"ListItem","position":2,"name":"Katalogs","item":"https:\/\/videstehnika.lv\/en\/katalogs\/"},{"@type":"ListItem","position":3,"name":"Honeywell"}]},{"@type":"WebSite","@id":"https:\/\/videstehnika.lv\/en\/#website","url":"https:\/\/videstehnika.lv\/en\/","name":"Vides Tehnika","description":"","potentialAction":[{"@type":"SearchAction","target":{"@type":"EntryPoint","urlTemplate":"https:\/\/videstehnika.lv\/en\/?s={search_term_string}"},"query-input":{"@type":"PropertyValueSpecification","valueRequired":true,"valueName":"search_term_string"}}],"inLanguage":"en-US"}]}},"_links":{"self":[{"href":"https:\/\/videstehnika.lv\/en\/wp-json\/wp\/v2\/product\/9009","targetHints":{"allow":["GET"]}}],"collection":[{"href":"https:\/\/videstehnika.lv\/en\/wp-json\/wp\/v2\/product"}],"about":[{"href":"https:\/\/videstehnika.lv\/en\/wp-json\/wp\/v2\/types\/product"}],"wp:featuredmedia":[{"embeddable":true,"href":"https:\/\/videstehnika.lv\/en\/wp-json\/wp\/v2\/media\/8991"}],"wp:attachment":[{"href":"https:\/\/videstehnika.lv\/en\/wp-json\/wp\/v2\/media?parent=9009"}],"wp:term":[{"taxonomy":"product_cat","embeddable":true,"href":"https:\/\/videstehnika.lv\/en\/wp-json\/wp\/v2\/product_cat?post=9009"},{"taxonomy":"product_tag","embeddable":true,"href":"https:\/\/videstehnika.lv\/en\/wp-json\/wp\/v2\/product_tag?post=9009"}],"curies":[{"name":"wp","href":"https:\/\/api.w.org\/{rel}","templated":true}]}}