{"id":29863,"date":"2020-07-30T00:11:19","date_gmt":"2020-07-29T21:11:19","guid":{"rendered":"https:\/\/videstehnika.lv\/piegade-un-norekini\/"},"modified":"2023-11-15T14:57:15","modified_gmt":"2023-11-15T12:57:15","slug":"piegade-un-norekini","status":"publish","type":"page","link":"https:\/\/videstehnika.lv\/et\/piegade-un-norekini\/","title":{"rendered":"Pirk\u0161anas nosac\u012bjumi"},"content":{"rendered":"<p class=\"has-text-align-left\">L\u016bdzam iepaz\u012bties un akcept\u0113t zem\u0101k pievienotos, svar\u012bg\u0101kos, SIA &#8220;VIDES TEHNIKA&#8221;, vienotais re\u0123.nr. 40103191846 (turpm\u0101k tekst\u0101 &#8211; videstehnika.lv), pied\u0101v\u0101to pre\u010du ieg\u0101des noteikumus.<\/p><p class=\"has-text-align-left\">1. Saska\u0146\u0101 ar Latvijas Republikas Pat\u0113r\u0113t\u0101ju ties\u012bbu aizsardz\u012bbas likuma (PTAL) 10. pantu, pirc\u0113jam, veicot pas\u016bt\u012bjumu, starp pirc\u0113ju un p\u0101rdev\u0113ju tiek sl\u0113gts Distances l\u012bgums.<\/p><p class=\"has-text-align-left\">2. Noform\u0113t pas\u016bt\u012bjumu ir iesp\u0113jams interneta vietn\u0113 www.videstehnika.lv<\/p><p class=\"has-text-align-left\">3. videstehnika.lv m\u0101jaslap\u0101 visas pre\u010du cenas ir nor\u0101d\u012btas ar Pievienot\u0101s v\u0113rt\u012bbas nodokli (21%). Pied\u0101v\u0101t\u0101s cenas ir sp\u0113k\u0101 laika posm\u0101, kas nor\u0101d\u012bts pie preces. Pre\u010du pieg\u0101des pakalpojuma izmaksas nav iek\u013cautas nor\u0101d\u012btaj\u0101 preces cen\u0101.<\/p><p class=\"has-text-align-left\">4. Par pas\u016bt\u012bto preci un izv\u0113l\u0113to pieg\u0101des pakalpojumu var nor\u0113\u0137in\u0101ties izmantojot bankas p\u0101rskait\u012bjumu, vai preces sa\u0146em\u0161anas br\u012bd\u012b (\u010cuibes iela 6, R\u012bga, LV-1063), nor\u0113\u0137inoties ar bankas maks\u0101juma karti.<\/p><p class=\"has-text-align-left\">5. Veicot pas\u016bt\u012bjumu, nepiecie\u0161ams nor\u0101d\u012bt e-pasta adresi un telefona numuru, lai klientam var\u0113tu nos\u016bt\u012bt r\u0113\u0137inu, pavadz\u012bmi u.c. nepiecie\u0161amo dokument\u0101ciju, k\u0101 ar\u012b, lai sazin\u0101tos ar klientu par pieg\u0101des laiku, adresi vai citu jaut\u0101jumu preciz\u0113\u0161anai.<\/p><p class=\"has-text-align-left\">6. Pas\u016btot preci, pied\u0101v\u0101jam preces sa\u0146em\u0161anas veidus: bezmaksas \u2013 m\u016bsu noliktav\u0101 \u010cuibes iel\u0101 6, R\u012bga, vai izmantojot transporta pakalpojumus ar preces pieg\u0101di, klienta nor\u0101d\u012btaj\u0101 adres\u0113.<\/p><p class=\"has-text-align-left\">7. L\u016bdzam r\u016bp\u012bgi izlas\u012bt preces lieto\u0161anas instrukciju un preci lietot tikai saska\u0146\u0101 ar t\u0101s ra\u017eot\u0101ja nor\u0101d\u012bjumiem, atbilsto\u0161i preces \u012bpa\u0161\u012bb\u0101m un paredz\u0113tajiem lieto\u0161anas m\u0113r\u0137iem. Jaut\u0101jumu vai neskaidr\u012bbu gad\u012bjum\u0101 par preces lieto\u0161anu, iesp\u0113jams sazin\u0101ties ar\u012b ar k\u0101du no m\u016bsu speci\u0101listiem.<\/p><p class=\"has-text-align-left\">8. Ja p\u0101rdom\u0101j\u0101t un nol\u0113m\u0101t atteikties no pirkuma, Latvijas Republikas Pat\u0113r\u0113t\u0101ju ties\u012bbu aizsardz\u012bbas likums (PTAL) un reglament\u0113jo\u0161ie Ministru Kabineta Noteikumi Nr.255 &#8220;Noteikumi par distances l\u012bgumu&#8221; (MK Noteikumi Nr. 255) nosaka, ka pirc\u0113jam ir ties\u012bbas atk\u0101pties no l\u012bguma 14 kalend\u0101ro dienu laik\u0101 un atdot interneta veikal\u0101 ieg\u0101d\u0101to preci atpaka\u013c p\u0101rdev\u0113jam. PTAL 12. panta 6. da\u013ca nosaka, ka atsakoties no pirkuma Distances l\u012bguma gad\u012bjum\u0101 &#8220;pat\u0113r\u0113t\u0101js ir atbild\u012bgs par preces kvalit\u0101tes un dro\u0161uma saglab\u0101\u0161anu atteikuma ties\u012bbu realiz\u0113\u0161anas termi\u0146\u0101&#8221;. Iesak\u0101m saglab\u0101t preces ori\u0123in\u0101lo iepakojumu, lai realiz\u0113jot atteikuma ties\u012bbas saska\u0146\u0101 ar Distances l\u012bguma noteikumiem, prece netiktu \u0101r\u0113ji meh\u0101niski boj\u0101ta. Lai vienotos par preces atdo\u0161anu atpaka\u013c, l\u016bdzam sazin\u0101ties ar mums pa e-pastu: ofiss@videstehnika.lv vai pa t\u0101lruni: +371 20004989, nor\u0101dot pas\u016bt\u012bjuma numuru un datumu.<\/p><p class=\"has-text-align-left\">9. S\u016bdz\u012bbu un \u0101rpustiesas str\u012bdu izskat\u012b\u0161anas k\u0101rt\u012bba.<br>S\u016bdz\u012bbu par pre\u010du pieejam\u012bbu vai kvalit\u0101ti l\u016bdzam iesniegt elektroniski, nos\u016btot uz elektronisk\u0101 pasta adresi ofiss@videstehnika.lv vai rakstveid\u0101, nos\u016btot uz adresi \u010cuibes iela 6, R\u012bga, LV-1063. S\u016bdz\u012bba tiks izskat\u012bta 7 darba dienu laik\u0101 no s\u016bdz\u012bbas sa\u0146em\u0161anas dienas, atbildi nos\u016btot uz s\u016bdz\u012bb\u0101 nor\u0101d\u012bto sazi\u0146as adresi. Ja s\u016bdz\u012bba tiks atz\u012bta par nepamatotu, un J\u016bs s\u016bdz\u012bbas atz\u012b\u0161anai par nepamatotu nepiekrit\u012bsiet, Jums ir ties\u012bbas izmantot normat\u012bvajos aktos noteikt\u0101s alternat\u012bvo str\u012bdu risin\u0101\u0161anas iesp\u0113jas, iesniedzot preces p\u0101rdev\u0113jam rakstveida iesniegumu par \u0101rpustiesas str\u012bda risin\u0101\u0161anu, nor\u0101dot: <\/p><ul class=\"wp-block-list\"><li>v\u0101rdu, uzv\u0101rdu, kontaktinform\u0101ciju;<\/li>\n\n<li>iesnieguma iesnieg\u0161anas datumu;<\/li>\n\n<li>str\u012bda b\u016bt\u012bbu, pras\u012bjumus un to pamatojumu.<\/li><\/ul><p class=\"has-text-align-left\">9.1 Inform\u0101cija par \u0101rpustiesas str\u012bdu risin\u0101\u0161anas iesp\u0113j\u0101m un \u0101rpustiesas str\u012bdu risin\u0101t\u0101jiem:<\/p><ul class=\"wp-block-list\"><li>Inform\u0101cija par str\u012bdu risin\u0101\u0161anas procesu: www.ptac.gov.lv\/lv\/content\/stridu-risinasanas-process<\/li>\n\n<li>Inform\u0101cija par \u0101rpustiesas pat\u0113r\u0113t\u0101ju str\u012bdu risin\u0101t\u0101ju datub\u0101zi: www.ptac.gov.lv\/lv\/content\/arpustiesas-pateretaju-stridu-risinataju-datubaze<\/li>\n\n<li>Inform\u0101cija par str\u012bdu iz\u0161\u0137ir\u0161anu tie\u0161saist\u0113 (SIT): Ja ir radusies probl\u0113ma ar tie\u0161saist\u0113 nopirktu preci, klients var izmantot SIT platformu, lai iesniegtu s\u016bdz\u012bbu, ko izskat\u012bs neatkar\u012bga str\u012bdu iz\u0161\u0137ir\u0161anas strukt\u016bra. Links uz SIT platformu: https:\/\/ec.europa.eu\/consumers\/odr\/main\/index.cfm?event=main.home2.show&amp;lng=LV<\/li><\/ul><p class=\"has-text-align-left\">10. Ja preces lieto\u0161anas laik\u0101 precei ir radu\u0161\u0101s tehniska rakstura probl\u0113mas, preces servisa apkalpo\u0161ana tiks veikta saska\u0146\u0101 ar Latvijas Republikas Pat\u0113r\u0113t\u0101ju ties\u012bbu aizsardz\u012bbas likuma (PTAL) norm\u0101m. Pirkuma dokumenti ir sp\u0113k\u0101 tikai tad, ja tajos pareizi un skaidri nor\u0101d\u012bts: preces modelis, s\u0113rijas numurs, p\u0101rdo\u0161anas datums. Pirkuma dokumentos aizliegts izdar\u012bt jebk\u0101das izmai\u0146as, dz\u0113st vai p\u0101rrakst\u012bt tajos nor\u0101d\u012btos datus &#8211; \u0161\u0101d\u0101 gad\u012bjum\u0101 servisa dokumenti tiks atz\u012bti p\u0101r sp\u0113k\u0101 neeso\u0161iem. Atg\u0101din\u0101m, ka pat\u0113r\u0113t\u0101jiem 24 m\u0113ne\u0161u laik\u0101 no preces pieg\u0101des dienas ir likum\u0101 noteiktas ties\u012bbas pieteikt pras\u012bjumu par l\u012bguma noteikumiem neatbilsto\u0161u preci.<\/p><p class=\"has-text-align-left\">11. Atg\u0101din\u0101m, ka PTAL normas neattiecas uz gad\u012bjumiem, kad preci ieg\u0101d\u0101jas juridiskas personas.<\/p><p class=\"has-text-align-left\">12. Iev\u0113rojot Latvijas Republikas likumdo\u0161anas normas, SIA VIDES TEHNIKA saglab\u0101 ar pirc\u0113jiem nosl\u0113gtos pirkuma l\u012bgumus gr\u0101matved\u012bbas k\u0101rto\u0161anai nepiecie\u0161amaj\u0101 apjom\u0101.<\/p><p class=\"has-text-align-left\">13. Interneta veikals videstehnika.lv patur ties\u012bbas neapkalpot pas\u016bt\u012bjumu, ja interneta veikalam neizdodas sazin\u0101ties ar klientu pa vi\u0146a norad\u012bto t\u0101lru\u0146a numuru vai e-pastu.<\/p><p class=\"has-text-align-left\">14. Ja izv\u0113laties apmaks\u0101t pas\u016bt\u012bjumu ar bankas maks\u0101jumu karti, l\u016bdzam pirms apmaksas iepaz\u012bties ar J\u016bsu bankas kartes dienas maks\u0101jumu limitiem.<\/p><p class=\"has-text-align-left\"><br>Jaut\u0101jumu gad\u012bjum\u0101 var zvan\u012bt +371 20004989 vai rakst\u012bt uz e-pastu: ofiss@videstehnika.lv<\/p>","protected":false},"excerpt":{"rendered":"<p>L\u016bdzam iepaz\u012bties un akcept\u0113t zem\u0101k pievienotos, svar\u012bg\u0101kos, SIA &#8220;VIDES TEHNIKA&#8221;, vienotais re\u0123.nr. 40103191846 (turpm\u0101k tekst\u0101 &#8211; videstehnika.lv), pied\u0101v\u0101to pre\u010du ieg\u0101des<\/p>\n","protected":false},"author":1,"featured_media":0,"parent":0,"menu_order":0,"comment_status":"closed","ping_status":"closed","template":"","meta":{"_acf_changed":false,"footnotes":""},"class_list":["post-29863","page","type-page","status-publish","hentry"],"acf":[],"yoast_head":"<!-- This site is optimized with the Yoast SEO plugin v24.2 - https:\/\/yoast.com\/wordpress\/plugins\/seo\/ -->\n<title>Pirk\u0161anas nosac\u012bjumi &#8226; Vides Tehnika<\/title>\n<meta name=\"robots\" content=\"index, follow, max-snippet:-1, max-image-preview:large, max-video-preview:-1\" \/>\n<link rel=\"canonical\" href=\"https:\/\/videstehnika.lv\/et\/piegade-un-norekini\/\" \/>\n<meta property=\"og:locale\" content=\"et_EE\" \/>\n<meta property=\"og:type\" content=\"article\" \/>\n<meta property=\"og:title\" content=\"Pirk\u0161anas nosac\u012bjumi &#8226; Vides Tehnika\" \/>\n<meta property=\"og:description\" content=\"L\u016bdzam iepaz\u012bties un akcept\u0113t zem\u0101k pievienotos, svar\u012bg\u0101kos, SIA &#8220;VIDES TEHNIKA&#8221;, vienotais re\u0123.nr. 40103191846 (turpm\u0101k tekst\u0101 &#8211; videstehnika.lv), pied\u0101v\u0101to pre\u010du ieg\u0101des\" \/>\n<meta property=\"og:url\" content=\"https:\/\/videstehnika.lv\/et\/piegade-un-norekini\/\" \/>\n<meta property=\"og:site_name\" content=\"Vides Tehnika\" \/>\n<meta property=\"article:modified_time\" content=\"2023-11-15T12:57:15+00:00\" \/>\n<meta name=\"twitter:card\" content=\"summary_large_image\" \/>\n<meta name=\"twitter:label1\" content=\"Est. reading time\" \/>\n\t<meta name=\"twitter:data1\" content=\"4 minutit\" \/>\n<script type=\"application\/ld+json\" class=\"yoast-schema-graph\">{\"@context\":\"https:\/\/schema.org\",\"@graph\":[{\"@type\":\"WebPage\",\"@id\":\"https:\/\/videstehnika.lv\/et\/piegade-un-norekini\/\",\"url\":\"https:\/\/videstehnika.lv\/et\/piegade-un-norekini\/\",\"name\":\"Pirk\u0161anas nosac\u012bjumi &#8226; Vides Tehnika\",\"isPartOf\":{\"@id\":\"https:\/\/videstehnika.lv\/et\/#website\"},\"datePublished\":\"2020-07-29T21:11:19+00:00\",\"dateModified\":\"2023-11-15T12:57:15+00:00\",\"breadcrumb\":{\"@id\":\"https:\/\/videstehnika.lv\/et\/piegade-un-norekini\/#breadcrumb\"},\"inLanguage\":\"et\",\"potentialAction\":[{\"@type\":\"ReadAction\",\"target\":[\"https:\/\/videstehnika.lv\/et\/piegade-un-norekini\/\"]}]},{\"@type\":\"BreadcrumbList\",\"@id\":\"https:\/\/videstehnika.lv\/et\/piegade-un-norekini\/#breadcrumb\",\"itemListElement\":[{\"@type\":\"ListItem\",\"position\":1,\"name\":\"Home\",\"item\":\"https:\/\/videstehnika.lv\/et\/\"},{\"@type\":\"ListItem\",\"position\":2,\"name\":\"Pirk\u0161anas nosac\u012bjumi\"}]},{\"@type\":\"WebSite\",\"@id\":\"https:\/\/videstehnika.lv\/et\/#website\",\"url\":\"https:\/\/videstehnika.lv\/et\/\",\"name\":\"Vides Tehnika\",\"description\":\"\",\"potentialAction\":[{\"@type\":\"SearchAction\",\"target\":{\"@type\":\"EntryPoint\",\"urlTemplate\":\"https:\/\/videstehnika.lv\/et\/?s={search_term_string}\"},\"query-input\":{\"@type\":\"PropertyValueSpecification\",\"valueRequired\":true,\"valueName\":\"search_term_string\"}}],\"inLanguage\":\"et\"}]}<\/script>\n<!-- \/ Yoast SEO plugin. -->","yoast_head_json":{"title":"Pirk\u0161anas nosac\u012bjumi &#8226; Vides Tehnika","robots":{"index":"index","follow":"follow","max-snippet":"max-snippet:-1","max-image-preview":"max-image-preview:large","max-video-preview":"max-video-preview:-1"},"canonical":"https:\/\/videstehnika.lv\/et\/piegade-un-norekini\/","og_locale":"et_EE","og_type":"article","og_title":"Pirk\u0161anas nosac\u012bjumi &#8226; Vides Tehnika","og_description":"L\u016bdzam iepaz\u012bties un akcept\u0113t zem\u0101k pievienotos, svar\u012bg\u0101kos, SIA &#8220;VIDES TEHNIKA&#8221;, vienotais re\u0123.nr. 40103191846 (turpm\u0101k tekst\u0101 &#8211; videstehnika.lv), pied\u0101v\u0101to pre\u010du ieg\u0101des","og_url":"https:\/\/videstehnika.lv\/et\/piegade-un-norekini\/","og_site_name":"Vides Tehnika","article_modified_time":"2023-11-15T12:57:15+00:00","twitter_card":"summary_large_image","twitter_misc":{"Est. reading time":"4 minutit"},"schema":{"@context":"https:\/\/schema.org","@graph":[{"@type":"WebPage","@id":"https:\/\/videstehnika.lv\/et\/piegade-un-norekini\/","url":"https:\/\/videstehnika.lv\/et\/piegade-un-norekini\/","name":"Pirk\u0161anas nosac\u012bjumi &#8226; Vides Tehnika","isPartOf":{"@id":"https:\/\/videstehnika.lv\/et\/#website"},"datePublished":"2020-07-29T21:11:19+00:00","dateModified":"2023-11-15T12:57:15+00:00","breadcrumb":{"@id":"https:\/\/videstehnika.lv\/et\/piegade-un-norekini\/#breadcrumb"},"inLanguage":"et","potentialAction":[{"@type":"ReadAction","target":["https:\/\/videstehnika.lv\/et\/piegade-un-norekini\/"]}]},{"@type":"BreadcrumbList","@id":"https:\/\/videstehnika.lv\/et\/piegade-un-norekini\/#breadcrumb","itemListElement":[{"@type":"ListItem","position":1,"name":"Home","item":"https:\/\/videstehnika.lv\/et\/"},{"@type":"ListItem","position":2,"name":"Pirk\u0161anas nosac\u012bjumi"}]},{"@type":"WebSite","@id":"https:\/\/videstehnika.lv\/et\/#website","url":"https:\/\/videstehnika.lv\/et\/","name":"Vides Tehnika","description":"","potentialAction":[{"@type":"SearchAction","target":{"@type":"EntryPoint","urlTemplate":"https:\/\/videstehnika.lv\/et\/?s={search_term_string}"},"query-input":{"@type":"PropertyValueSpecification","valueRequired":true,"valueName":"search_term_string"}}],"inLanguage":"et"}]}},"_links":{"self":[{"href":"https:\/\/videstehnika.lv\/et\/wp-json\/wp\/v2\/pages\/29863","targetHints":{"allow":["GET"]}}],"collection":[{"href":"https:\/\/videstehnika.lv\/et\/wp-json\/wp\/v2\/pages"}],"about":[{"href":"https:\/\/videstehnika.lv\/et\/wp-json\/wp\/v2\/types\/page"}],"author":[{"embeddable":true,"href":"https:\/\/videstehnika.lv\/et\/wp-json\/wp\/v2\/users\/1"}],"replies":[{"embeddable":true,"href":"https:\/\/videstehnika.lv\/et\/wp-json\/wp\/v2\/comments?post=29863"}],"version-history":[{"count":1,"href":"https:\/\/videstehnika.lv\/et\/wp-json\/wp\/v2\/pages\/29863\/revisions"}],"predecessor-version":[{"id":29864,"href":"https:\/\/videstehnika.lv\/et\/wp-json\/wp\/v2\/pages\/29863\/revisions\/29864"}],"wp:attachment":[{"href":"https:\/\/videstehnika.lv\/et\/wp-json\/wp\/v2\/media?parent=29863"}],"curies":[{"name":"wp","href":"https:\/\/api.w.org\/{rel}","templated":true}]}}