{"id":12518,"date":"2021-09-27T15:08:02","date_gmt":"2021-09-27T12:08:02","guid":{"rendered":"https:\/\/videstehnika.lv\/?post_type=product&#038;p=12518"},"modified":"2025-10-24T10:59:38","modified_gmt":"2025-10-24T07:59:38","slug":"sakret-be-betons-c25","status":"publish","type":"product","link":"https:\/\/videstehnika.lv\/katalogs\/buvmateriali-buvei-remontam-un-ieksdarbiem\/sausie-maisijumi-ara-darbiem-un-ieksdarbiem\/betons-gridu-betonesanai\/sakret-be-betons-c25\/","title":{"rendered":"SAKRET BE betons (C25)"},"content":{"rendered":"<h2>SAKRET BE betons &#8211; klons<\/h2>\n<p>SAKRET betons &#8211; klons BE ir paredz\u0113ts betona un dzelzbetona konstrukciju izgatavo\u0161anai. Tam piem\u012bt teicama meh\u0101nisk\u0101 un klimata iztur\u012bba, tas ir \u016bdens un sala iztur\u012bgs. Piem\u0113rots apsild\u0101maj\u0101m gr\u012bd\u0101m.<\/p>\n<h2>SAKRET BE \u012bpa\u0161\u012bbas:<\/h2>\n<ul>\n<li>Augsta \u016bdens necaurlaid\u012bba;<\/li>\n<li>Nesatur azbestu;<\/li>\n<li>Augsta notur\u012bba agres\u012bv\u0101s vid\u0113s;<\/li>\n<li>\u016adens un sala iztur\u012bgs;<\/li>\n<li>Betona klase C30\/37.<\/li>\n<\/ul>\n<h3>SAKRET BE izstr\u0101de:<\/h3>\n<ul>\n<li>Virsmai j\u0101b\u016bt stingrai, notur\u012bgai un bez plais\u0101m;<\/li>\n<li>Not\u012br\u012bt virsmu no maz\u0101k notur\u012bgiem un\/vai atdal\u0101miem sl\u0101\u0146iem;<\/li>\n<li>\u012apa\u0161i bl\u012bvas un\/vai gludas pamatnes j\u0101apstr\u0101d\u0101 ar abraz\u012bvu materi\u0101lu;<\/li>\n<li>Iev\u0113rot visus SAKRET BE sagatavo\u0161anas nosac\u012bjumus, kas nor\u0101d\u012bti uz materi\u0101la iepakojuma;<\/li>\n<li>Beton\u0113jot lietot neuzs\u016bco\u0161us vai v\u0101ji uzs\u016bco\u0161us veud\u0146us;<\/li>\n<li>Dzelzsbetona konstrukcij\u0101s nodro\u0161in\u0101t pietiekamu stiegrojuma aizsargsl\u0101ni;<\/li>\n<li>Lielu horizont\u0101lo konstrukciju virsm\u0101m iev\u0113rot deform\u0101cijas \u0161uvju interv\u0101lus;<\/li>\n<li>Veidnes apstr\u0101d\u0101t ar veid\u0146u e\u013c\u013cu;<\/li>\n<li>Betonu veidn\u0113s iekl\u0101t vienm\u0113r\u012bgi un nobl\u012bv\u0113t;<\/li>\n<li>Klonu uzkl\u0101t vajadz\u012bgaj\u0101 sl\u0101\u0146a biezum\u0101, nobl\u012bv\u0113t, izl\u012bdzin\u0101t un nogludin\u0101t;<\/li>\n<li>Deform\u0101cijas \u0161uves neaizpild\u012bt ar betonu;<\/li>\n<li>Tehniskie dati atteicas uz +20\u00b0C temperat\u016bru un 50% relat\u012bvo gaisa mitrumu. Zem\u0101ka temperat\u016bra palielina, augst\u0101ka &#8211; samazina nor\u0101d\u012bt\u0101s v\u0113rt\u012bbas;<\/li>\n<li>Javu saciet\u0113\u0161anas f\u0101z\u0113 sarg\u0101t no saules, caurv\u0113ja un p\u0101r\u0101k augstas temperat\u016bras (&gt;30\u00b0C);<\/li>\n<li>Svaigu l\u012bmjavu sarg\u0101t no lietus un p\u0101r\u0101k straujas \u017e\u016b\u0161anas;<\/li>\n<li>Kad java s\u0101kusi saist\u012bties, \u016bdeni vairs pievienot nedr\u012bkst;<\/li>\n<li>Tul\u012bt p\u0113c javas izstr\u0101d\u0101\u0161anas ar \u016bdeni izmazg\u0101t tvertnes un r\u012bkus;<\/li>\n<li>Saciet\u0113ju\u0161u javu var not\u012br\u012bt tikai meh\u0101niski;<\/li>\n<li>Satur cementu, rea\u0123\u0113 s\u0101rmaini;<\/li>\n<li>Sarg\u0101t \u0101du un acis, iev\u0113rot tehniskos nor\u0101d\u012bjumus. Ja java iek\u013cuvusi ac\u012bs, skalot ar lielu \u016bdens daudzumu, nepiecie\u0161am\u012bbas gad\u012bjum\u0101 v\u0113rsties pie \u0101rsta;<\/li>\n<li>Sarg\u0101t iepakojumu no laika apst\u0101k\u013cu ietekmes, uzglab\u0101t uz koka palet\u0113m, v\u0113s\u0101 un saus\u0101 viet\u0101, iepl\u0113stu iepakojumu nekav\u0113joties nosegt.<\/li>\n<\/ul>\n<h4>Iepakojums:<\/h4>\n<p>25 kg \/ pap\u012bra maisi \/ 48 maisi uz paletes<br \/>\n40 kg \/ pap\u012bra maisi \/ 36 maisi uz paletes<br \/>\n1 000 kg \/ BigBag iepakojums \/ iepriek\u0161 pas\u016btot<br \/>\n10 000 kg &#8211; 20 000 kg \/ mobilais transporta siloss<\/p>\n","protected":false},"excerpt":{"rendered":"<p><strong>Cena nor\u0101d\u012bta par maisu (25 kg)<\/strong><\/p>\n","protected":false},"featured_media":12528,"template":"","meta":{"_acf_changed":false},"product_cat":[2053],"product_tag":[],"class_list":{"0":"post-12518","1":"product","2":"type-product","3":"status-publish","4":"has-post-thumbnail","6":"product_cat-betons-gridu-betonesanai","8":"first","9":"instock","10":"taxable","11":"shipping-taxable","12":"purchasable","13":"product-type-simple"},"acf":[],"yoast_head":"<!-- This site is optimized with the Yoast SEO plugin v24.2 - https:\/\/yoast.com\/wordpress\/plugins\/seo\/ -->\n<title>SAKRET betons - klons BE (C25) 25kg &#8226; Vides Tehnika<\/title>\n<meta name=\"description\" content=\"SAKRET betons\/klons BE ir paredz\u0113ts betona un dzelzbetona konstrukciju izgatavo\u0161anai. Teicama meh\u0101nisk\u0101 un klimata iztur\u012bba.\" \/>\n<meta name=\"robots\" content=\"index, follow, max-snippet:-1, max-image-preview:large, max-video-preview:-1\" \/>\n<link rel=\"canonical\" href=\"https:\/\/videstehnika.lv\/et\/katalogs\/buvmateriali-buvei-remontam-un-ieksdarbiem\/sausie-maisijumi-ara-darbiem-un-ieksdarbiem\/betons-gridu-betonesanai\/sakret-be-betons-c25\/\" \/>\n<meta property=\"og:locale\" content=\"et_EE\" \/>\n<meta property=\"og:type\" content=\"article\" \/>\n<meta property=\"og:title\" content=\"SAKRET betons - klons BE (C25) 25kg &#8226; Vides Tehnika\" \/>\n<meta property=\"og:description\" content=\"SAKRET betons\/klons BE ir paredz\u0113ts betona un dzelzbetona konstrukciju izgatavo\u0161anai. Teicama meh\u0101nisk\u0101 un klimata iztur\u012bba.\" \/>\n<meta property=\"og:url\" content=\"https:\/\/videstehnika.lv\/katalogs\/buvmateriali-buvei-remontam-un-ieksdarbiem\/sausie-maisijumi-ara-darbiem-un-ieksdarbiem\/betons-gridu-betonesanai\/sakret-be-betons-c25\/\" \/>\n<meta property=\"og:site_name\" content=\"Vides Tehnika\" \/>\n<meta property=\"article:modified_time\" content=\"2025-10-24T07:59:38+00:00\" \/>\n<meta property=\"og:image\" content=\"https:\/\/videstehnika.lv\/wp-content\/uploads\/2021\/09\/sakret-betons-klons-be-25-kg.jpg\" \/>\n\t<meta property=\"og:image:width\" content=\"900\" \/>\n\t<meta property=\"og:image:height\" content=\"900\" \/>\n\t<meta property=\"og:image:type\" content=\"image\/jpeg\" \/>\n<meta name=\"twitter:card\" content=\"summary_large_image\" \/>\n<meta name=\"twitter:label1\" content=\"Est. reading time\" \/>\n\t<meta name=\"twitter:data1\" content=\"2 minutit\" \/>\n<script type=\"application\/ld+json\" class=\"yoast-schema-graph\">{\"@context\":\"https:\/\/schema.org\",\"@graph\":[{\"@type\":\"WebPage\",\"@id\":\"https:\/\/videstehnika.lv\/katalogs\/buvmateriali-buvei-remontam-un-ieksdarbiem\/sausie-maisijumi-ara-darbiem-un-ieksdarbiem\/betons-gridu-betonesanai\/sakret-be-betons-c25\/\",\"url\":\"https:\/\/videstehnika.lv\/katalogs\/buvmateriali-buvei-remontam-un-ieksdarbiem\/sausie-maisijumi-ara-darbiem-un-ieksdarbiem\/betons-gridu-betonesanai\/sakret-be-betons-c25\/\",\"name\":\"SAKRET betons - klons BE (C25) 25kg &#8226; Vides Tehnika\",\"isPartOf\":{\"@id\":\"https:\/\/videstehnika.lv\/et\/#website\"},\"primaryImageOfPage\":{\"@id\":\"https:\/\/videstehnika.lv\/katalogs\/buvmateriali-buvei-remontam-un-ieksdarbiem\/sausie-maisijumi-ara-darbiem-un-ieksdarbiem\/betons-gridu-betonesanai\/sakret-be-betons-c25\/#primaryimage\"},\"image\":{\"@id\":\"https:\/\/videstehnika.lv\/katalogs\/buvmateriali-buvei-remontam-un-ieksdarbiem\/sausie-maisijumi-ara-darbiem-un-ieksdarbiem\/betons-gridu-betonesanai\/sakret-be-betons-c25\/#primaryimage\"},\"thumbnailUrl\":\"https:\/\/videstehnika.lv\/wp-content\/uploads\/2021\/09\/sakret-betons-klons-be-25-kg.jpg\",\"datePublished\":\"2021-09-27T12:08:02+00:00\",\"dateModified\":\"2025-10-24T07:59:38+00:00\",\"description\":\"SAKRET betons\/klons BE ir paredz\u0113ts betona un dzelzbetona konstrukciju izgatavo\u0161anai. Teicama meh\u0101nisk\u0101 un klimata iztur\u012bba.\",\"breadcrumb\":{\"@id\":\"https:\/\/videstehnika.lv\/katalogs\/buvmateriali-buvei-remontam-un-ieksdarbiem\/sausie-maisijumi-ara-darbiem-un-ieksdarbiem\/betons-gridu-betonesanai\/sakret-be-betons-c25\/#breadcrumb\"},\"inLanguage\":\"et\",\"potentialAction\":[{\"@type\":\"ReadAction\",\"target\":[\"https:\/\/videstehnika.lv\/katalogs\/buvmateriali-buvei-remontam-un-ieksdarbiem\/sausie-maisijumi-ara-darbiem-un-ieksdarbiem\/betons-gridu-betonesanai\/sakret-be-betons-c25\/\"]}]},{\"@type\":\"ImageObject\",\"inLanguage\":\"et\",\"@id\":\"https:\/\/videstehnika.lv\/katalogs\/buvmateriali-buvei-remontam-un-ieksdarbiem\/sausie-maisijumi-ara-darbiem-un-ieksdarbiem\/betons-gridu-betonesanai\/sakret-be-betons-c25\/#primaryimage\",\"url\":\"https:\/\/videstehnika.lv\/wp-content\/uploads\/2021\/09\/sakret-betons-klons-be-25-kg.jpg\",\"contentUrl\":\"https:\/\/videstehnika.lv\/wp-content\/uploads\/2021\/09\/sakret-betons-klons-be-25-kg.jpg\",\"width\":900,\"height\":900,\"caption\":\"SAKRET BE betons-klons\"},{\"@type\":\"BreadcrumbList\",\"@id\":\"https:\/\/videstehnika.lv\/katalogs\/buvmateriali-buvei-remontam-un-ieksdarbiem\/sausie-maisijumi-ara-darbiem-un-ieksdarbiem\/betons-gridu-betonesanai\/sakret-be-betons-c25\/#breadcrumb\",\"itemListElement\":[{\"@type\":\"ListItem\",\"position\":1,\"name\":\"Home\",\"item\":\"https:\/\/videstehnika.lv\/et\/\"},{\"@type\":\"ListItem\",\"position\":2,\"name\":\"Kataloog\",\"item\":\"https:\/\/videstehnika.lv\/et\/kataloog\/\"},{\"@type\":\"ListItem\",\"position\":3,\"name\":\"SAKRET BE betons (C25)\"}]},{\"@type\":\"WebSite\",\"@id\":\"https:\/\/videstehnika.lv\/et\/#website\",\"url\":\"https:\/\/videstehnika.lv\/et\/\",\"name\":\"Vides Tehnika\",\"description\":\"\",\"potentialAction\":[{\"@type\":\"SearchAction\",\"target\":{\"@type\":\"EntryPoint\",\"urlTemplate\":\"https:\/\/videstehnika.lv\/et\/?s={search_term_string}\"},\"query-input\":{\"@type\":\"PropertyValueSpecification\",\"valueRequired\":true,\"valueName\":\"search_term_string\"}}],\"inLanguage\":\"et\"}]}<\/script>\n<!-- \/ Yoast SEO plugin. -->","yoast_head_json":{"title":"SAKRET betons - klons BE (C25) 25kg &#8226; Vides Tehnika","description":"SAKRET betons\/klons BE ir paredz\u0113ts betona un dzelzbetona konstrukciju izgatavo\u0161anai. Teicama meh\u0101nisk\u0101 un klimata iztur\u012bba.","robots":{"index":"index","follow":"follow","max-snippet":"max-snippet:-1","max-image-preview":"max-image-preview:large","max-video-preview":"max-video-preview:-1"},"canonical":"https:\/\/videstehnika.lv\/et\/katalogs\/buvmateriali-buvei-remontam-un-ieksdarbiem\/sausie-maisijumi-ara-darbiem-un-ieksdarbiem\/betons-gridu-betonesanai\/sakret-be-betons-c25\/","og_locale":"et_EE","og_type":"article","og_title":"SAKRET betons - klons BE (C25) 25kg &#8226; Vides Tehnika","og_description":"SAKRET betons\/klons BE ir paredz\u0113ts betona un dzelzbetona konstrukciju izgatavo\u0161anai. Teicama meh\u0101nisk\u0101 un klimata iztur\u012bba.","og_url":"https:\/\/videstehnika.lv\/katalogs\/buvmateriali-buvei-remontam-un-ieksdarbiem\/sausie-maisijumi-ara-darbiem-un-ieksdarbiem\/betons-gridu-betonesanai\/sakret-be-betons-c25\/","og_site_name":"Vides Tehnika","article_modified_time":"2025-10-24T07:59:38+00:00","og_image":[{"width":900,"height":900,"url":"https:\/\/videstehnika.lv\/wp-content\/uploads\/2021\/09\/sakret-betons-klons-be-25-kg.jpg","type":"image\/jpeg"}],"twitter_card":"summary_large_image","twitter_misc":{"Est. reading time":"2 minutit"},"schema":{"@context":"https:\/\/schema.org","@graph":[{"@type":"WebPage","@id":"https:\/\/videstehnika.lv\/katalogs\/buvmateriali-buvei-remontam-un-ieksdarbiem\/sausie-maisijumi-ara-darbiem-un-ieksdarbiem\/betons-gridu-betonesanai\/sakret-be-betons-c25\/","url":"https:\/\/videstehnika.lv\/katalogs\/buvmateriali-buvei-remontam-un-ieksdarbiem\/sausie-maisijumi-ara-darbiem-un-ieksdarbiem\/betons-gridu-betonesanai\/sakret-be-betons-c25\/","name":"SAKRET betons - klons BE (C25) 25kg &#8226; Vides Tehnika","isPartOf":{"@id":"https:\/\/videstehnika.lv\/et\/#website"},"primaryImageOfPage":{"@id":"https:\/\/videstehnika.lv\/katalogs\/buvmateriali-buvei-remontam-un-ieksdarbiem\/sausie-maisijumi-ara-darbiem-un-ieksdarbiem\/betons-gridu-betonesanai\/sakret-be-betons-c25\/#primaryimage"},"image":{"@id":"https:\/\/videstehnika.lv\/katalogs\/buvmateriali-buvei-remontam-un-ieksdarbiem\/sausie-maisijumi-ara-darbiem-un-ieksdarbiem\/betons-gridu-betonesanai\/sakret-be-betons-c25\/#primaryimage"},"thumbnailUrl":"https:\/\/videstehnika.lv\/wp-content\/uploads\/2021\/09\/sakret-betons-klons-be-25-kg.jpg","datePublished":"2021-09-27T12:08:02+00:00","dateModified":"2025-10-24T07:59:38+00:00","description":"SAKRET betons\/klons BE ir paredz\u0113ts betona un dzelzbetona konstrukciju izgatavo\u0161anai. Teicama meh\u0101nisk\u0101 un klimata iztur\u012bba.","breadcrumb":{"@id":"https:\/\/videstehnika.lv\/katalogs\/buvmateriali-buvei-remontam-un-ieksdarbiem\/sausie-maisijumi-ara-darbiem-un-ieksdarbiem\/betons-gridu-betonesanai\/sakret-be-betons-c25\/#breadcrumb"},"inLanguage":"et","potentialAction":[{"@type":"ReadAction","target":["https:\/\/videstehnika.lv\/katalogs\/buvmateriali-buvei-remontam-un-ieksdarbiem\/sausie-maisijumi-ara-darbiem-un-ieksdarbiem\/betons-gridu-betonesanai\/sakret-be-betons-c25\/"]}]},{"@type":"ImageObject","inLanguage":"et","@id":"https:\/\/videstehnika.lv\/katalogs\/buvmateriali-buvei-remontam-un-ieksdarbiem\/sausie-maisijumi-ara-darbiem-un-ieksdarbiem\/betons-gridu-betonesanai\/sakret-be-betons-c25\/#primaryimage","url":"https:\/\/videstehnika.lv\/wp-content\/uploads\/2021\/09\/sakret-betons-klons-be-25-kg.jpg","contentUrl":"https:\/\/videstehnika.lv\/wp-content\/uploads\/2021\/09\/sakret-betons-klons-be-25-kg.jpg","width":900,"height":900,"caption":"SAKRET BE betons-klons"},{"@type":"BreadcrumbList","@id":"https:\/\/videstehnika.lv\/katalogs\/buvmateriali-buvei-remontam-un-ieksdarbiem\/sausie-maisijumi-ara-darbiem-un-ieksdarbiem\/betons-gridu-betonesanai\/sakret-be-betons-c25\/#breadcrumb","itemListElement":[{"@type":"ListItem","position":1,"name":"Home","item":"https:\/\/videstehnika.lv\/et\/"},{"@type":"ListItem","position":2,"name":"Kataloog","item":"https:\/\/videstehnika.lv\/et\/kataloog\/"},{"@type":"ListItem","position":3,"name":"SAKRET BE betons (C25)"}]},{"@type":"WebSite","@id":"https:\/\/videstehnika.lv\/et\/#website","url":"https:\/\/videstehnika.lv\/et\/","name":"Vides Tehnika","description":"","potentialAction":[{"@type":"SearchAction","target":{"@type":"EntryPoint","urlTemplate":"https:\/\/videstehnika.lv\/et\/?s={search_term_string}"},"query-input":{"@type":"PropertyValueSpecification","valueRequired":true,"valueName":"search_term_string"}}],"inLanguage":"et"}]}},"_links":{"self":[{"href":"https:\/\/videstehnika.lv\/et\/wp-json\/wp\/v2\/product\/12518","targetHints":{"allow":["GET"]}}],"collection":[{"href":"https:\/\/videstehnika.lv\/et\/wp-json\/wp\/v2\/product"}],"about":[{"href":"https:\/\/videstehnika.lv\/et\/wp-json\/wp\/v2\/types\/product"}],"wp:featuredmedia":[{"embeddable":true,"href":"https:\/\/videstehnika.lv\/et\/wp-json\/wp\/v2\/media\/12528"}],"wp:attachment":[{"href":"https:\/\/videstehnika.lv\/et\/wp-json\/wp\/v2\/media?parent=12518"}],"wp:term":[{"taxonomy":"product_cat","embeddable":true,"href":"https:\/\/videstehnika.lv\/et\/wp-json\/wp\/v2\/product_cat?post=12518"},{"taxonomy":"product_tag","embeddable":true,"href":"https:\/\/videstehnika.lv\/et\/wp-json\/wp\/v2\/product_tag?post=12518"}],"curies":[{"name":"wp","href":"https:\/\/api.w.org\/{rel}","templated":true}]}}