{"id":12534,"date":"2021-09-27T15:32:05","date_gmt":"2021-09-27T12:32:05","guid":{"rendered":"https:\/\/videstehnika.lv\/?post_type=product&#038;p=12534"},"modified":"2025-10-24T11:34:49","modified_gmt":"2025-10-24T08:34:49","slug":"sakret-zm-cementa-java","status":"publish","type":"product","link":"https:\/\/videstehnika.lv\/katalogs\/buvmateriali-buvei-remontam-un-ieksdarbiem\/sausie-maisijumi-ara-darbiem-un-ieksdarbiem\/cementa-muresanas-un-apmesanas-javas\/sakret-zm-cementa-java\/","title":{"rendered":"SAKRET ZM cementa java (M10)"},"content":{"rendered":"<h2>SAKRET ZM cementa m\u016br\u0113\u0161anas un apme\u0161anas java<\/h2>\n<p>SAKRET ZM cementa java ir veidota uz cementa b\u0101zes un paredz\u0113ta \u0137ie\u0123e\u013cu un bloku m\u016br\u0113\u0161anai, k\u0101 ar\u012b m\u016br\u0113\u0161anas un apme\u0161anas darbiem. SAKRET ZM \u012bpa\u0161i piem\u0113rota telp\u0101m ar augstu mitruma l\u012bmeni.<\/p>\n<h2>SAKRET ZM \u012bpa\u0161\u012bbas:<\/h2>\n<ul>\n<li>Stipr\u012bbas klase M10;<\/li>\n<li>Plastiska;<\/li>\n<li>Teicama meh\u0101nisk\u0101 un klimatisk\u0101 notur\u012bba;<\/li>\n<li>Izmantojama d\u016bmvadu m\u016br\u0113\u0161anai;<\/li>\n<li>Pel\u0113k\u0101 vai balt\u0101 kr\u0101s\u0101;<\/li>\n<li>Augsta hidrofobit\u0101te un \u016bdens tvaika caurlaid\u012bba.<\/li>\n<\/ul>\n<h3>SAKRET ZM izstr\u0101de:<\/h3>\n<ul>\n<li>Pamatnei j\u0101b\u016bt sausai un stingrai, vis\u0101m plais\u0101m un tuk\u0161umiem j\u0101b\u016bt aizpild\u012btiem;<\/li>\n<li>Blokiem vai \u0137ie\u0123e\u013ciem j\u0101b\u016bt t\u012briem un sausiem;<\/li>\n<li>Not\u012br\u012bt pamatni no maz\u0101k notur\u012bgiem un\/vai atdal\u0101miem sl\u0101\u0146iem;<\/li>\n<li>\u012apa\u0161i bl\u012bvas un\/vai gludas pamatnes j\u0101apstr\u0101d\u0101 ar abraz\u012bvu materi\u0101lu;<\/li>\n<li>\u016adeni stipri uzs\u016bco\u0161as virsmas j\u0101grunt\u0113 ar grunti SAKRET BG vai grunti SAKRET UG (at\u0161\u0137aid\u012btu attiec\u012bb\u0101 1:3);<\/li>\n<li>\u012apa\u0161i gludas betona virsmas j\u0101grunt\u0113 ar grunti SAKRET QG;<\/li>\n<li>SAKRET ZM iejaukt t\u012br\u0101 trauk\u0101 ar aukstu \u016bdeni l\u012bdz izveidojas viendab\u012bga masa bez kunku\u013ciem;<\/li>\n<li>Ieteicams lietot mikseri ar 600 apgriezieniem min\u016bt\u0113;<\/li>\n<li>P\u0113c nobrie\u0161anas laika (~3 min\u016btes) atk\u0101rtoti samais\u012bt;<\/li>\n<li>Tehniskie dati atteicas uz +20\u00b0C temperat\u016bru un 50% relat\u012bvo gaisa mitrumu. Zem\u0101ka temperat\u016bra palielina, augst\u0101ka &#8211; samazina nor\u0101d\u012bt\u0101s v\u0113rt\u012bbas;<\/li>\n<li>Javu saciet\u0113\u0161anas f\u0101z\u0113 sarg\u0101t no saules, caurv\u0113ja un p\u0101r\u0101k augstas temperat\u016bras (&gt;30\u00b0C);<\/li>\n<li>Svaigu l\u012bmjavu sarg\u0101t no lietus un p\u0101r\u0101k straujas \u017e\u016b\u0161anas;<\/li>\n<li>Kad java s\u0101kusi saist\u012bties, \u016bdeni vairs pievienot nedr\u012bkst;<\/li>\n<li>Tul\u012bt p\u0113c javas izstr\u0101d\u0101\u0161anas ar \u016bdeni izmazg\u0101t tvertnes un r\u012bkus;<\/li>\n<li>Saciet\u0113ju\u0161u javu var not\u012br\u012bt tikai meh\u0101niski;<\/li>\n<li>Satur cementu, rea\u0123\u0113 s\u0101rmaini;<\/li>\n<li>Sarg\u0101t \u0101du un acis, iev\u0113rot tehniskos nor\u0101d\u012bjumus. Ja java iek\u013cuvusi ac\u012bs, skalot ar lielu \u016bdens daudzumu, nepiecie\u0161am\u012bbas gad\u012bjum\u0101 v\u0113rsties pie \u0101rsta;<\/li>\n<li>Sarg\u0101t iepakojumu no laika apst\u0101k\u013cu ietekmes, uzglab\u0101t uz koka palet\u0113m, v\u0113s\u0101 un saus\u0101 viet\u0101, iepl\u0113stu iepakojumu nekav\u0113joties nosegt.<\/li>\n<\/ul>\n<h4>Iepakojums:<\/h4>\n<p>12,5 kg \/ pap\u012bra maisi \/ 60 maisi uz paletes<br \/>\n25 kg \/ pap\u012bra maisi \/ 48 maisi uz paletes<br \/>\n40 kg \/ \/ pap\u012bra maisi \/ 36 maisi uz paletes<br \/>\n1 000 kg \/ BigBag iepakojums \/ iepriek\u0161 pas\u016btot<br \/>\n10 000 kg &#8211; 20 000 kg \/ mobilais transporta siloss<\/p>\n","protected":false},"excerpt":{"rendered":"<p><strong>Cena nor\u0101d\u012bta par maisu (25 kg)<\/strong><\/p>\n","protected":false},"featured_media":12545,"template":"","meta":{"_acf_changed":false},"product_cat":[2061],"product_tag":[],"class_list":{"0":"post-12534","1":"product","2":"type-product","3":"status-publish","4":"has-post-thumbnail","6":"product_cat-cementa-muresanas-un-apmesanas-javas","8":"first","9":"instock","10":"taxable","11":"shipping-taxable","12":"purchasable","13":"product-type-simple"},"acf":[],"yoast_head":"<!-- This site is optimized with the Yoast SEO plugin v24.2 - https:\/\/yoast.com\/wordpress\/plugins\/seo\/ -->\n<title>SAKRET ZM cementa m\u016br\u0113\u0161anas un apme\u0161anas java &#8226; Vides Tehnika<\/title>\n<meta name=\"description\" content=\"SAKRET ZM cementa java ir veidota uz cementa b\u0101zes un paredz\u0113ta \u0137ie\u0123e\u013cu un bloku m\u016br\u0113\u0161anai, k\u0101 ar\u012b m\u016br\u0113\u0161anas un apme\u0161anas darbiem.\" \/>\n<meta name=\"robots\" content=\"index, follow, max-snippet:-1, max-image-preview:large, max-video-preview:-1\" \/>\n<link rel=\"canonical\" href=\"https:\/\/videstehnika.lv\/et\/katalogs\/buvmateriali-buvei-remontam-un-ieksdarbiem\/sausie-maisijumi-ara-darbiem-un-ieksdarbiem\/cementa-muresanas-un-apmesanas-javas\/sakret-zm-cementa-java\/\" \/>\n<meta property=\"og:locale\" content=\"et_EE\" \/>\n<meta property=\"og:type\" content=\"article\" \/>\n<meta property=\"og:title\" content=\"SAKRET ZM cementa m\u016br\u0113\u0161anas un apme\u0161anas java &#8226; Vides Tehnika\" \/>\n<meta property=\"og:description\" content=\"SAKRET ZM cementa java ir veidota uz cementa b\u0101zes un paredz\u0113ta \u0137ie\u0123e\u013cu un bloku m\u016br\u0113\u0161anai, k\u0101 ar\u012b m\u016br\u0113\u0161anas un apme\u0161anas darbiem.\" \/>\n<meta property=\"og:url\" content=\"https:\/\/videstehnika.lv\/katalogs\/buvmateriali-buvei-remontam-un-ieksdarbiem\/sausie-maisijumi-ara-darbiem-un-ieksdarbiem\/cementa-muresanas-un-apmesanas-javas\/sakret-zm-cementa-java\/\" \/>\n<meta property=\"og:site_name\" content=\"Vides Tehnika\" \/>\n<meta property=\"article:modified_time\" content=\"2025-10-24T08:34:49+00:00\" \/>\n<meta property=\"og:image\" content=\"https:\/\/videstehnika.lv\/wp-content\/uploads\/2021\/09\/sakret-zm-cementa-java.jpg\" \/>\n\t<meta property=\"og:image:width\" content=\"900\" \/>\n\t<meta property=\"og:image:height\" content=\"900\" \/>\n\t<meta property=\"og:image:type\" content=\"image\/jpeg\" \/>\n<meta name=\"twitter:card\" content=\"summary_large_image\" \/>\n<meta name=\"twitter:label1\" content=\"Est. reading time\" \/>\n\t<meta name=\"twitter:data1\" content=\"2 minutit\" \/>\n<script type=\"application\/ld+json\" class=\"yoast-schema-graph\">{\"@context\":\"https:\/\/schema.org\",\"@graph\":[{\"@type\":\"WebPage\",\"@id\":\"https:\/\/videstehnika.lv\/katalogs\/buvmateriali-buvei-remontam-un-ieksdarbiem\/sausie-maisijumi-ara-darbiem-un-ieksdarbiem\/cementa-muresanas-un-apmesanas-javas\/sakret-zm-cementa-java\/\",\"url\":\"https:\/\/videstehnika.lv\/katalogs\/buvmateriali-buvei-remontam-un-ieksdarbiem\/sausie-maisijumi-ara-darbiem-un-ieksdarbiem\/cementa-muresanas-un-apmesanas-javas\/sakret-zm-cementa-java\/\",\"name\":\"SAKRET ZM cementa m\u016br\u0113\u0161anas un apme\u0161anas java &#8226; Vides Tehnika\",\"isPartOf\":{\"@id\":\"https:\/\/videstehnika.lv\/et\/#website\"},\"primaryImageOfPage\":{\"@id\":\"https:\/\/videstehnika.lv\/katalogs\/buvmateriali-buvei-remontam-un-ieksdarbiem\/sausie-maisijumi-ara-darbiem-un-ieksdarbiem\/cementa-muresanas-un-apmesanas-javas\/sakret-zm-cementa-java\/#primaryimage\"},\"image\":{\"@id\":\"https:\/\/videstehnika.lv\/katalogs\/buvmateriali-buvei-remontam-un-ieksdarbiem\/sausie-maisijumi-ara-darbiem-un-ieksdarbiem\/cementa-muresanas-un-apmesanas-javas\/sakret-zm-cementa-java\/#primaryimage\"},\"thumbnailUrl\":\"https:\/\/videstehnika.lv\/wp-content\/uploads\/2021\/09\/sakret-zm-cementa-java.jpg\",\"datePublished\":\"2021-09-27T12:32:05+00:00\",\"dateModified\":\"2025-10-24T08:34:49+00:00\",\"description\":\"SAKRET ZM cementa java ir veidota uz cementa b\u0101zes un paredz\u0113ta \u0137ie\u0123e\u013cu un bloku m\u016br\u0113\u0161anai, k\u0101 ar\u012b m\u016br\u0113\u0161anas un apme\u0161anas darbiem.\",\"breadcrumb\":{\"@id\":\"https:\/\/videstehnika.lv\/katalogs\/buvmateriali-buvei-remontam-un-ieksdarbiem\/sausie-maisijumi-ara-darbiem-un-ieksdarbiem\/cementa-muresanas-un-apmesanas-javas\/sakret-zm-cementa-java\/#breadcrumb\"},\"inLanguage\":\"et\",\"potentialAction\":[{\"@type\":\"ReadAction\",\"target\":[\"https:\/\/videstehnika.lv\/katalogs\/buvmateriali-buvei-remontam-un-ieksdarbiem\/sausie-maisijumi-ara-darbiem-un-ieksdarbiem\/cementa-muresanas-un-apmesanas-javas\/sakret-zm-cementa-java\/\"]}]},{\"@type\":\"ImageObject\",\"inLanguage\":\"et\",\"@id\":\"https:\/\/videstehnika.lv\/katalogs\/buvmateriali-buvei-remontam-un-ieksdarbiem\/sausie-maisijumi-ara-darbiem-un-ieksdarbiem\/cementa-muresanas-un-apmesanas-javas\/sakret-zm-cementa-java\/#primaryimage\",\"url\":\"https:\/\/videstehnika.lv\/wp-content\/uploads\/2021\/09\/sakret-zm-cementa-java.jpg\",\"contentUrl\":\"https:\/\/videstehnika.lv\/wp-content\/uploads\/2021\/09\/sakret-zm-cementa-java.jpg\",\"width\":900,\"height\":900,\"caption\":\"Sakret ZM cementa java\"},{\"@type\":\"BreadcrumbList\",\"@id\":\"https:\/\/videstehnika.lv\/katalogs\/buvmateriali-buvei-remontam-un-ieksdarbiem\/sausie-maisijumi-ara-darbiem-un-ieksdarbiem\/cementa-muresanas-un-apmesanas-javas\/sakret-zm-cementa-java\/#breadcrumb\",\"itemListElement\":[{\"@type\":\"ListItem\",\"position\":1,\"name\":\"Home\",\"item\":\"https:\/\/videstehnika.lv\/et\/\"},{\"@type\":\"ListItem\",\"position\":2,\"name\":\"Kataloog\",\"item\":\"https:\/\/videstehnika.lv\/et\/kataloog\/\"},{\"@type\":\"ListItem\",\"position\":3,\"name\":\"SAKRET ZM cementa java (M10)\"}]},{\"@type\":\"WebSite\",\"@id\":\"https:\/\/videstehnika.lv\/et\/#website\",\"url\":\"https:\/\/videstehnika.lv\/et\/\",\"name\":\"Vides Tehnika\",\"description\":\"\",\"potentialAction\":[{\"@type\":\"SearchAction\",\"target\":{\"@type\":\"EntryPoint\",\"urlTemplate\":\"https:\/\/videstehnika.lv\/et\/?s={search_term_string}\"},\"query-input\":{\"@type\":\"PropertyValueSpecification\",\"valueRequired\":true,\"valueName\":\"search_term_string\"}}],\"inLanguage\":\"et\"}]}<\/script>\n<!-- \/ Yoast SEO plugin. -->","yoast_head_json":{"title":"SAKRET ZM cementa m\u016br\u0113\u0161anas un apme\u0161anas java &#8226; Vides Tehnika","description":"SAKRET ZM cementa java ir veidota uz cementa b\u0101zes un paredz\u0113ta \u0137ie\u0123e\u013cu un bloku m\u016br\u0113\u0161anai, k\u0101 ar\u012b m\u016br\u0113\u0161anas un apme\u0161anas darbiem.","robots":{"index":"index","follow":"follow","max-snippet":"max-snippet:-1","max-image-preview":"max-image-preview:large","max-video-preview":"max-video-preview:-1"},"canonical":"https:\/\/videstehnika.lv\/et\/katalogs\/buvmateriali-buvei-remontam-un-ieksdarbiem\/sausie-maisijumi-ara-darbiem-un-ieksdarbiem\/cementa-muresanas-un-apmesanas-javas\/sakret-zm-cementa-java\/","og_locale":"et_EE","og_type":"article","og_title":"SAKRET ZM cementa m\u016br\u0113\u0161anas un apme\u0161anas java &#8226; Vides Tehnika","og_description":"SAKRET ZM cementa java ir veidota uz cementa b\u0101zes un paredz\u0113ta \u0137ie\u0123e\u013cu un bloku m\u016br\u0113\u0161anai, k\u0101 ar\u012b m\u016br\u0113\u0161anas un apme\u0161anas darbiem.","og_url":"https:\/\/videstehnika.lv\/katalogs\/buvmateriali-buvei-remontam-un-ieksdarbiem\/sausie-maisijumi-ara-darbiem-un-ieksdarbiem\/cementa-muresanas-un-apmesanas-javas\/sakret-zm-cementa-java\/","og_site_name":"Vides Tehnika","article_modified_time":"2025-10-24T08:34:49+00:00","og_image":[{"width":900,"height":900,"url":"https:\/\/videstehnika.lv\/wp-content\/uploads\/2021\/09\/sakret-zm-cementa-java.jpg","type":"image\/jpeg"}],"twitter_card":"summary_large_image","twitter_misc":{"Est. reading time":"2 minutit"},"schema":{"@context":"https:\/\/schema.org","@graph":[{"@type":"WebPage","@id":"https:\/\/videstehnika.lv\/katalogs\/buvmateriali-buvei-remontam-un-ieksdarbiem\/sausie-maisijumi-ara-darbiem-un-ieksdarbiem\/cementa-muresanas-un-apmesanas-javas\/sakret-zm-cementa-java\/","url":"https:\/\/videstehnika.lv\/katalogs\/buvmateriali-buvei-remontam-un-ieksdarbiem\/sausie-maisijumi-ara-darbiem-un-ieksdarbiem\/cementa-muresanas-un-apmesanas-javas\/sakret-zm-cementa-java\/","name":"SAKRET ZM cementa m\u016br\u0113\u0161anas un apme\u0161anas java &#8226; Vides Tehnika","isPartOf":{"@id":"https:\/\/videstehnika.lv\/et\/#website"},"primaryImageOfPage":{"@id":"https:\/\/videstehnika.lv\/katalogs\/buvmateriali-buvei-remontam-un-ieksdarbiem\/sausie-maisijumi-ara-darbiem-un-ieksdarbiem\/cementa-muresanas-un-apmesanas-javas\/sakret-zm-cementa-java\/#primaryimage"},"image":{"@id":"https:\/\/videstehnika.lv\/katalogs\/buvmateriali-buvei-remontam-un-ieksdarbiem\/sausie-maisijumi-ara-darbiem-un-ieksdarbiem\/cementa-muresanas-un-apmesanas-javas\/sakret-zm-cementa-java\/#primaryimage"},"thumbnailUrl":"https:\/\/videstehnika.lv\/wp-content\/uploads\/2021\/09\/sakret-zm-cementa-java.jpg","datePublished":"2021-09-27T12:32:05+00:00","dateModified":"2025-10-24T08:34:49+00:00","description":"SAKRET ZM cementa java ir veidota uz cementa b\u0101zes un paredz\u0113ta \u0137ie\u0123e\u013cu un bloku m\u016br\u0113\u0161anai, k\u0101 ar\u012b m\u016br\u0113\u0161anas un apme\u0161anas darbiem.","breadcrumb":{"@id":"https:\/\/videstehnika.lv\/katalogs\/buvmateriali-buvei-remontam-un-ieksdarbiem\/sausie-maisijumi-ara-darbiem-un-ieksdarbiem\/cementa-muresanas-un-apmesanas-javas\/sakret-zm-cementa-java\/#breadcrumb"},"inLanguage":"et","potentialAction":[{"@type":"ReadAction","target":["https:\/\/videstehnika.lv\/katalogs\/buvmateriali-buvei-remontam-un-ieksdarbiem\/sausie-maisijumi-ara-darbiem-un-ieksdarbiem\/cementa-muresanas-un-apmesanas-javas\/sakret-zm-cementa-java\/"]}]},{"@type":"ImageObject","inLanguage":"et","@id":"https:\/\/videstehnika.lv\/katalogs\/buvmateriali-buvei-remontam-un-ieksdarbiem\/sausie-maisijumi-ara-darbiem-un-ieksdarbiem\/cementa-muresanas-un-apmesanas-javas\/sakret-zm-cementa-java\/#primaryimage","url":"https:\/\/videstehnika.lv\/wp-content\/uploads\/2021\/09\/sakret-zm-cementa-java.jpg","contentUrl":"https:\/\/videstehnika.lv\/wp-content\/uploads\/2021\/09\/sakret-zm-cementa-java.jpg","width":900,"height":900,"caption":"Sakret ZM cementa java"},{"@type":"BreadcrumbList","@id":"https:\/\/videstehnika.lv\/katalogs\/buvmateriali-buvei-remontam-un-ieksdarbiem\/sausie-maisijumi-ara-darbiem-un-ieksdarbiem\/cementa-muresanas-un-apmesanas-javas\/sakret-zm-cementa-java\/#breadcrumb","itemListElement":[{"@type":"ListItem","position":1,"name":"Home","item":"https:\/\/videstehnika.lv\/et\/"},{"@type":"ListItem","position":2,"name":"Kataloog","item":"https:\/\/videstehnika.lv\/et\/kataloog\/"},{"@type":"ListItem","position":3,"name":"SAKRET ZM cementa java (M10)"}]},{"@type":"WebSite","@id":"https:\/\/videstehnika.lv\/et\/#website","url":"https:\/\/videstehnika.lv\/et\/","name":"Vides Tehnika","description":"","potentialAction":[{"@type":"SearchAction","target":{"@type":"EntryPoint","urlTemplate":"https:\/\/videstehnika.lv\/et\/?s={search_term_string}"},"query-input":{"@type":"PropertyValueSpecification","valueRequired":true,"valueName":"search_term_string"}}],"inLanguage":"et"}]}},"_links":{"self":[{"href":"https:\/\/videstehnika.lv\/et\/wp-json\/wp\/v2\/product\/12534","targetHints":{"allow":["GET"]}}],"collection":[{"href":"https:\/\/videstehnika.lv\/et\/wp-json\/wp\/v2\/product"}],"about":[{"href":"https:\/\/videstehnika.lv\/et\/wp-json\/wp\/v2\/types\/product"}],"wp:featuredmedia":[{"embeddable":true,"href":"https:\/\/videstehnika.lv\/et\/wp-json\/wp\/v2\/media\/12545"}],"wp:attachment":[{"href":"https:\/\/videstehnika.lv\/et\/wp-json\/wp\/v2\/media?parent=12534"}],"wp:term":[{"taxonomy":"product_cat","embeddable":true,"href":"https:\/\/videstehnika.lv\/et\/wp-json\/wp\/v2\/product_cat?post=12534"},{"taxonomy":"product_tag","embeddable":true,"href":"https:\/\/videstehnika.lv\/et\/wp-json\/wp\/v2\/product_tag?post=12534"}],"curies":[{"name":"wp","href":"https:\/\/api.w.org\/{rel}","templated":true}]}}