{"id":12561,"date":"2021-09-27T16:06:07","date_gmt":"2021-09-27T13:06:07","guid":{"rendered":"https:\/\/videstehnika.lv\/?post_type=product&#038;p=12561"},"modified":"2025-10-24T10:57:16","modified_gmt":"2025-10-24T07:57:16","slug":"sakret-bam-izlidzinosa-masa-gridam","status":"publish","type":"product","link":"https:\/\/videstehnika.lv\/katalogs\/buvmateriali-buvei-remontam-un-ieksdarbiem\/sausie-maisijumi-ara-darbiem-un-ieksdarbiem\/gridu-remonta-un-izlidzinosie-maisijumi\/sakret-bam-izlidzinosa-masa-gridam\/","title":{"rendered":"SAKRET BAM izl\u012bdzino\u0161\u0101 masa gr\u012bd\u0101m"},"content":{"rendered":"<h2>SAKRET BAM izl\u012bdzino\u0161\u0101 masa gr\u012bd\u0101m<\/h2>\n<p>SAKRET BAM paredz\u0113ta gr\u012bdu l\u012bdzin\u0101\u0161anai pirms nobeiguma apdares. T\u0101 izmantojama k\u0101 nobeiguma kl\u0101jums maz noslogot\u0101m virsm\u0101m, pilnu un da\u013c\u0113ju horizont\u0101lo plak\u0146u l\u012bdzin\u0101\u0161anai, k\u0101 ar\u012b sl\u012bpumu veido\u0161anai.<\/p>\n<h2>SAKRET BAM \u012bpa\u0161\u012bbas:<\/h2>\n<ul>\n<li>Piem\u0113rota betona pamat\u0146u defektu izlabo\u0161anai;<\/li>\n<li>Piem\u0113rota apsild\u0101m\u0101m gr\u012bd\u0101m;<\/li>\n<li>Sala un mitruma iztur\u012bga;<\/li>\n<li>Meh\u0101niski l\u012bdzin\u0101ma;<\/li>\n<li>Uz cementa b\u0101zes;<\/li>\n<li>K\u0101rtas biezums 3 &#8211; 40mm.<\/li>\n<\/ul>\n<h3>SAKRET BAM pielietojums:<\/h3>\n<ul>\n<li>SAKRET BAM iejaukt t\u012br\u0101 trauk\u0101 ar aukstu \u016bdeni l\u012bdz izveidojas viendab\u012bga masa bez kunku\u013ciem;<\/li>\n<li>Ieteicams lietot mikseri ar 600 apgriezieniem min\u016bt\u0113;<\/li>\n<li>P\u0113c nobrie\u0161anas laika ~3 min. atk\u0101rtoti samais\u012bt;<\/li>\n<li>Saist\u012bties s\u0101ku\u0161u masu neat\u0161\u0137aid\u012bt ar \u016bdeni, bet atk\u0101rtoti samais\u012bt ar mikseri;<\/li>\n<li>Izliet masu uz virsmas (sl\u0101\u0146a biezums \u22653mm) un izl\u012bdzin\u0101t;<\/li>\n<li>Gr\u012bdas deform\u0101cijas \u0161uves nedr\u012bkst aizpild\u012bt ar l\u012bdzin\u0101t\u0101ju;<\/li>\n<li>Izl\u012bdzinot pamatnes, pa perimetru j\u0101iestr\u0101d\u0101 amortiz\u0113jo\u0161ais materi\u0101ls;<\/li>\n<li>Izmantojot materi\u0101lu lielapjoma gr\u012bdu l\u012bdzin\u0101\u0161anai, oblig\u0101ti j\u0101iev\u0113ro gr\u012bdas deform\u0101cijas \u0161uvju interv\u0101lus.<\/li>\n<\/ul>\n<h4>Iepakojums:<\/h4>\n<p>12,5 kg \/ pap\u012bra maisi \/ 96 maisi uz paletes<br \/>\n25 kg \/ pap\u012bra maisi \/ 48 maisi uz paletes<br \/>\n1 000 kg \/ BigBag iepakojums \/ iepriek\u0161 pas\u016btot<br \/>\n10 000kg &#8211; 20 000kg \/ mobilais transporta siloss<\/p>\n","protected":false},"excerpt":{"rendered":"<p><strong>Cena nor\u0101d\u012bta par maisu (25 kg)<\/strong><\/p>\n","protected":false},"featured_media":12571,"template":"","meta":{"_acf_changed":false},"product_cat":[2055],"product_tag":[],"class_list":{"0":"post-12561","1":"product","2":"type-product","3":"status-publish","4":"has-post-thumbnail","6":"product_cat-gridu-remonta-un-izlidzinosie-maisijumi","8":"first","9":"onbackorder","10":"taxable","11":"shipping-taxable","12":"purchasable","13":"product-type-simple"},"acf":[],"yoast_head":"<!-- This site is optimized with the Yoast SEO plugin v24.2 - https:\/\/yoast.com\/wordpress\/plugins\/seo\/ -->\n<title>SAKRET BAM izl\u012bdzino\u0161\u0101 masa gr\u012bd\u0101m &#8226; Vides Tehnika<\/title>\n<meta name=\"description\" content=\"SAKRET BAM izmantojama k\u0101 nobeiguma kl\u0101jums maz noslogot\u0101m virsm\u0101m, pilnu un da\u013c\u0113ju horizont\u0101lo plak\u0146u l\u012bdzin\u0101\u0161anai, sl\u012bpumu veido\u0161anai.\" \/>\n<meta name=\"robots\" content=\"index, follow, max-snippet:-1, max-image-preview:large, max-video-preview:-1\" \/>\n<link rel=\"canonical\" href=\"https:\/\/videstehnika.lv\/et\/katalogs\/buvmateriali-buvei-remontam-un-ieksdarbiem\/sausie-maisijumi-ara-darbiem-un-ieksdarbiem\/gridu-remonta-un-izlidzinosie-maisijumi\/sakret-bam-izlidzinosa-masa-gridam\/\" \/>\n<meta property=\"og:locale\" content=\"et_EE\" \/>\n<meta property=\"og:type\" content=\"article\" \/>\n<meta property=\"og:title\" content=\"SAKRET BAM izl\u012bdzino\u0161\u0101 masa gr\u012bd\u0101m &#8226; Vides Tehnika\" \/>\n<meta property=\"og:description\" content=\"SAKRET BAM izmantojama k\u0101 nobeiguma kl\u0101jums maz noslogot\u0101m virsm\u0101m, pilnu un da\u013c\u0113ju horizont\u0101lo plak\u0146u l\u012bdzin\u0101\u0161anai, sl\u012bpumu veido\u0161anai.\" \/>\n<meta property=\"og:url\" content=\"https:\/\/videstehnika.lv\/katalogs\/buvmateriali-buvei-remontam-un-ieksdarbiem\/sausie-maisijumi-ara-darbiem-un-ieksdarbiem\/gridu-remonta-un-izlidzinosie-maisijumi\/sakret-bam-izlidzinosa-masa-gridam\/\" \/>\n<meta property=\"og:site_name\" content=\"Vides Tehnika\" \/>\n<meta property=\"article:modified_time\" content=\"2025-10-24T07:57:16+00:00\" \/>\n<meta property=\"og:image\" content=\"https:\/\/videstehnika.lv\/wp-content\/uploads\/2021\/09\/sakret-bam-gridu-izlidzinosa-masa.jpg\" \/>\n\t<meta property=\"og:image:width\" content=\"900\" \/>\n\t<meta property=\"og:image:height\" content=\"900\" \/>\n\t<meta property=\"og:image:type\" content=\"image\/jpeg\" \/>\n<meta name=\"twitter:card\" content=\"summary_large_image\" \/>\n<meta name=\"twitter:label1\" content=\"Est. reading time\" \/>\n\t<meta name=\"twitter:data1\" content=\"1 minut\" \/>\n<script type=\"application\/ld+json\" class=\"yoast-schema-graph\">{\"@context\":\"https:\/\/schema.org\",\"@graph\":[{\"@type\":\"WebPage\",\"@id\":\"https:\/\/videstehnika.lv\/katalogs\/buvmateriali-buvei-remontam-un-ieksdarbiem\/sausie-maisijumi-ara-darbiem-un-ieksdarbiem\/gridu-remonta-un-izlidzinosie-maisijumi\/sakret-bam-izlidzinosa-masa-gridam\/\",\"url\":\"https:\/\/videstehnika.lv\/katalogs\/buvmateriali-buvei-remontam-un-ieksdarbiem\/sausie-maisijumi-ara-darbiem-un-ieksdarbiem\/gridu-remonta-un-izlidzinosie-maisijumi\/sakret-bam-izlidzinosa-masa-gridam\/\",\"name\":\"SAKRET BAM izl\u012bdzino\u0161\u0101 masa gr\u012bd\u0101m &#8226; Vides Tehnika\",\"isPartOf\":{\"@id\":\"https:\/\/videstehnika.lv\/et\/#website\"},\"primaryImageOfPage\":{\"@id\":\"https:\/\/videstehnika.lv\/katalogs\/buvmateriali-buvei-remontam-un-ieksdarbiem\/sausie-maisijumi-ara-darbiem-un-ieksdarbiem\/gridu-remonta-un-izlidzinosie-maisijumi\/sakret-bam-izlidzinosa-masa-gridam\/#primaryimage\"},\"image\":{\"@id\":\"https:\/\/videstehnika.lv\/katalogs\/buvmateriali-buvei-remontam-un-ieksdarbiem\/sausie-maisijumi-ara-darbiem-un-ieksdarbiem\/gridu-remonta-un-izlidzinosie-maisijumi\/sakret-bam-izlidzinosa-masa-gridam\/#primaryimage\"},\"thumbnailUrl\":\"https:\/\/videstehnika.lv\/wp-content\/uploads\/2021\/09\/sakret-bam-gridu-izlidzinosa-masa.jpg\",\"datePublished\":\"2021-09-27T13:06:07+00:00\",\"dateModified\":\"2025-10-24T07:57:16+00:00\",\"description\":\"SAKRET BAM izmantojama k\u0101 nobeiguma kl\u0101jums maz noslogot\u0101m virsm\u0101m, pilnu un da\u013c\u0113ju horizont\u0101lo plak\u0146u l\u012bdzin\u0101\u0161anai, sl\u012bpumu veido\u0161anai.\",\"breadcrumb\":{\"@id\":\"https:\/\/videstehnika.lv\/katalogs\/buvmateriali-buvei-remontam-un-ieksdarbiem\/sausie-maisijumi-ara-darbiem-un-ieksdarbiem\/gridu-remonta-un-izlidzinosie-maisijumi\/sakret-bam-izlidzinosa-masa-gridam\/#breadcrumb\"},\"inLanguage\":\"et\",\"potentialAction\":[{\"@type\":\"ReadAction\",\"target\":[\"https:\/\/videstehnika.lv\/katalogs\/buvmateriali-buvei-remontam-un-ieksdarbiem\/sausie-maisijumi-ara-darbiem-un-ieksdarbiem\/gridu-remonta-un-izlidzinosie-maisijumi\/sakret-bam-izlidzinosa-masa-gridam\/\"]}]},{\"@type\":\"ImageObject\",\"inLanguage\":\"et\",\"@id\":\"https:\/\/videstehnika.lv\/katalogs\/buvmateriali-buvei-remontam-un-ieksdarbiem\/sausie-maisijumi-ara-darbiem-un-ieksdarbiem\/gridu-remonta-un-izlidzinosie-maisijumi\/sakret-bam-izlidzinosa-masa-gridam\/#primaryimage\",\"url\":\"https:\/\/videstehnika.lv\/wp-content\/uploads\/2021\/09\/sakret-bam-gridu-izlidzinosa-masa.jpg\",\"contentUrl\":\"https:\/\/videstehnika.lv\/wp-content\/uploads\/2021\/09\/sakret-bam-gridu-izlidzinosa-masa.jpg\",\"width\":900,\"height\":900,\"caption\":\"SAKRET BAM Izl\u012bdzino\u0161\u0101 masa gr\u012bd\u0101m\"},{\"@type\":\"BreadcrumbList\",\"@id\":\"https:\/\/videstehnika.lv\/katalogs\/buvmateriali-buvei-remontam-un-ieksdarbiem\/sausie-maisijumi-ara-darbiem-un-ieksdarbiem\/gridu-remonta-un-izlidzinosie-maisijumi\/sakret-bam-izlidzinosa-masa-gridam\/#breadcrumb\",\"itemListElement\":[{\"@type\":\"ListItem\",\"position\":1,\"name\":\"Home\",\"item\":\"https:\/\/videstehnika.lv\/et\/\"},{\"@type\":\"ListItem\",\"position\":2,\"name\":\"Kataloog\",\"item\":\"https:\/\/videstehnika.lv\/et\/kataloog\/\"},{\"@type\":\"ListItem\",\"position\":3,\"name\":\"SAKRET BAM izl\u012bdzino\u0161\u0101 masa gr\u012bd\u0101m\"}]},{\"@type\":\"WebSite\",\"@id\":\"https:\/\/videstehnika.lv\/et\/#website\",\"url\":\"https:\/\/videstehnika.lv\/et\/\",\"name\":\"Vides Tehnika\",\"description\":\"\",\"potentialAction\":[{\"@type\":\"SearchAction\",\"target\":{\"@type\":\"EntryPoint\",\"urlTemplate\":\"https:\/\/videstehnika.lv\/et\/?s={search_term_string}\"},\"query-input\":{\"@type\":\"PropertyValueSpecification\",\"valueRequired\":true,\"valueName\":\"search_term_string\"}}],\"inLanguage\":\"et\"}]}<\/script>\n<!-- \/ Yoast SEO plugin. -->","yoast_head_json":{"title":"SAKRET BAM izl\u012bdzino\u0161\u0101 masa gr\u012bd\u0101m &#8226; Vides Tehnika","description":"SAKRET BAM izmantojama k\u0101 nobeiguma kl\u0101jums maz noslogot\u0101m virsm\u0101m, pilnu un da\u013c\u0113ju horizont\u0101lo plak\u0146u l\u012bdzin\u0101\u0161anai, sl\u012bpumu veido\u0161anai.","robots":{"index":"index","follow":"follow","max-snippet":"max-snippet:-1","max-image-preview":"max-image-preview:large","max-video-preview":"max-video-preview:-1"},"canonical":"https:\/\/videstehnika.lv\/et\/katalogs\/buvmateriali-buvei-remontam-un-ieksdarbiem\/sausie-maisijumi-ara-darbiem-un-ieksdarbiem\/gridu-remonta-un-izlidzinosie-maisijumi\/sakret-bam-izlidzinosa-masa-gridam\/","og_locale":"et_EE","og_type":"article","og_title":"SAKRET BAM izl\u012bdzino\u0161\u0101 masa gr\u012bd\u0101m &#8226; Vides Tehnika","og_description":"SAKRET BAM izmantojama k\u0101 nobeiguma kl\u0101jums maz noslogot\u0101m virsm\u0101m, pilnu un da\u013c\u0113ju horizont\u0101lo plak\u0146u l\u012bdzin\u0101\u0161anai, sl\u012bpumu veido\u0161anai.","og_url":"https:\/\/videstehnika.lv\/katalogs\/buvmateriali-buvei-remontam-un-ieksdarbiem\/sausie-maisijumi-ara-darbiem-un-ieksdarbiem\/gridu-remonta-un-izlidzinosie-maisijumi\/sakret-bam-izlidzinosa-masa-gridam\/","og_site_name":"Vides Tehnika","article_modified_time":"2025-10-24T07:57:16+00:00","og_image":[{"width":900,"height":900,"url":"https:\/\/videstehnika.lv\/wp-content\/uploads\/2021\/09\/sakret-bam-gridu-izlidzinosa-masa.jpg","type":"image\/jpeg"}],"twitter_card":"summary_large_image","twitter_misc":{"Est. reading time":"1 minut"},"schema":{"@context":"https:\/\/schema.org","@graph":[{"@type":"WebPage","@id":"https:\/\/videstehnika.lv\/katalogs\/buvmateriali-buvei-remontam-un-ieksdarbiem\/sausie-maisijumi-ara-darbiem-un-ieksdarbiem\/gridu-remonta-un-izlidzinosie-maisijumi\/sakret-bam-izlidzinosa-masa-gridam\/","url":"https:\/\/videstehnika.lv\/katalogs\/buvmateriali-buvei-remontam-un-ieksdarbiem\/sausie-maisijumi-ara-darbiem-un-ieksdarbiem\/gridu-remonta-un-izlidzinosie-maisijumi\/sakret-bam-izlidzinosa-masa-gridam\/","name":"SAKRET BAM izl\u012bdzino\u0161\u0101 masa gr\u012bd\u0101m &#8226; Vides Tehnika","isPartOf":{"@id":"https:\/\/videstehnika.lv\/et\/#website"},"primaryImageOfPage":{"@id":"https:\/\/videstehnika.lv\/katalogs\/buvmateriali-buvei-remontam-un-ieksdarbiem\/sausie-maisijumi-ara-darbiem-un-ieksdarbiem\/gridu-remonta-un-izlidzinosie-maisijumi\/sakret-bam-izlidzinosa-masa-gridam\/#primaryimage"},"image":{"@id":"https:\/\/videstehnika.lv\/katalogs\/buvmateriali-buvei-remontam-un-ieksdarbiem\/sausie-maisijumi-ara-darbiem-un-ieksdarbiem\/gridu-remonta-un-izlidzinosie-maisijumi\/sakret-bam-izlidzinosa-masa-gridam\/#primaryimage"},"thumbnailUrl":"https:\/\/videstehnika.lv\/wp-content\/uploads\/2021\/09\/sakret-bam-gridu-izlidzinosa-masa.jpg","datePublished":"2021-09-27T13:06:07+00:00","dateModified":"2025-10-24T07:57:16+00:00","description":"SAKRET BAM izmantojama k\u0101 nobeiguma kl\u0101jums maz noslogot\u0101m virsm\u0101m, pilnu un da\u013c\u0113ju horizont\u0101lo plak\u0146u l\u012bdzin\u0101\u0161anai, sl\u012bpumu veido\u0161anai.","breadcrumb":{"@id":"https:\/\/videstehnika.lv\/katalogs\/buvmateriali-buvei-remontam-un-ieksdarbiem\/sausie-maisijumi-ara-darbiem-un-ieksdarbiem\/gridu-remonta-un-izlidzinosie-maisijumi\/sakret-bam-izlidzinosa-masa-gridam\/#breadcrumb"},"inLanguage":"et","potentialAction":[{"@type":"ReadAction","target":["https:\/\/videstehnika.lv\/katalogs\/buvmateriali-buvei-remontam-un-ieksdarbiem\/sausie-maisijumi-ara-darbiem-un-ieksdarbiem\/gridu-remonta-un-izlidzinosie-maisijumi\/sakret-bam-izlidzinosa-masa-gridam\/"]}]},{"@type":"ImageObject","inLanguage":"et","@id":"https:\/\/videstehnika.lv\/katalogs\/buvmateriali-buvei-remontam-un-ieksdarbiem\/sausie-maisijumi-ara-darbiem-un-ieksdarbiem\/gridu-remonta-un-izlidzinosie-maisijumi\/sakret-bam-izlidzinosa-masa-gridam\/#primaryimage","url":"https:\/\/videstehnika.lv\/wp-content\/uploads\/2021\/09\/sakret-bam-gridu-izlidzinosa-masa.jpg","contentUrl":"https:\/\/videstehnika.lv\/wp-content\/uploads\/2021\/09\/sakret-bam-gridu-izlidzinosa-masa.jpg","width":900,"height":900,"caption":"SAKRET BAM Izl\u012bdzino\u0161\u0101 masa gr\u012bd\u0101m"},{"@type":"BreadcrumbList","@id":"https:\/\/videstehnika.lv\/katalogs\/buvmateriali-buvei-remontam-un-ieksdarbiem\/sausie-maisijumi-ara-darbiem-un-ieksdarbiem\/gridu-remonta-un-izlidzinosie-maisijumi\/sakret-bam-izlidzinosa-masa-gridam\/#breadcrumb","itemListElement":[{"@type":"ListItem","position":1,"name":"Home","item":"https:\/\/videstehnika.lv\/et\/"},{"@type":"ListItem","position":2,"name":"Kataloog","item":"https:\/\/videstehnika.lv\/et\/kataloog\/"},{"@type":"ListItem","position":3,"name":"SAKRET BAM izl\u012bdzino\u0161\u0101 masa gr\u012bd\u0101m"}]},{"@type":"WebSite","@id":"https:\/\/videstehnika.lv\/et\/#website","url":"https:\/\/videstehnika.lv\/et\/","name":"Vides Tehnika","description":"","potentialAction":[{"@type":"SearchAction","target":{"@type":"EntryPoint","urlTemplate":"https:\/\/videstehnika.lv\/et\/?s={search_term_string}"},"query-input":{"@type":"PropertyValueSpecification","valueRequired":true,"valueName":"search_term_string"}}],"inLanguage":"et"}]}},"_links":{"self":[{"href":"https:\/\/videstehnika.lv\/et\/wp-json\/wp\/v2\/product\/12561","targetHints":{"allow":["GET"]}}],"collection":[{"href":"https:\/\/videstehnika.lv\/et\/wp-json\/wp\/v2\/product"}],"about":[{"href":"https:\/\/videstehnika.lv\/et\/wp-json\/wp\/v2\/types\/product"}],"wp:featuredmedia":[{"embeddable":true,"href":"https:\/\/videstehnika.lv\/et\/wp-json\/wp\/v2\/media\/12571"}],"wp:attachment":[{"href":"https:\/\/videstehnika.lv\/et\/wp-json\/wp\/v2\/media?parent=12561"}],"wp:term":[{"taxonomy":"product_cat","embeddable":true,"href":"https:\/\/videstehnika.lv\/et\/wp-json\/wp\/v2\/product_cat?post=12561"},{"taxonomy":"product_tag","embeddable":true,"href":"https:\/\/videstehnika.lv\/et\/wp-json\/wp\/v2\/product_tag?post=12561"}],"curies":[{"name":"wp","href":"https:\/\/api.w.org\/{rel}","templated":true}]}}