{"id":15252,"date":"2022-12-22T11:47:17","date_gmt":"2022-12-22T09:47:17","guid":{"rendered":"https:\/\/videstehnika.lv\/?post_type=product&#038;p=15252"},"modified":"2023-10-17T13:12:26","modified_gmt":"2023-10-17T10:12:26","slug":"penosil-bitumen-sealant-939-plasa-pielietojuma-hermetikis-ardarbiem","status":"publish","type":"product","link":"https:\/\/videstehnika.lv\/katalogs\/buvmateriali-buvei-remontam-un-ieksdarbiem\/penosil-bitumen-sealant-939-plasa-pielietojuma-hermetikis-ardarbiem\/","title":{"rendered":"PENOSIL Bitumen Sealant 939 Pla\u0161a pielietojuma herm\u0113ti\u0137is \u0101rdarbiem"},"content":{"rendered":"<h2 class=\"product_title entry-title\">PENOSIL Bitumen Sealant 939 Pla\u0161a pielietojuma herm\u0113ti\u0137is \u0101rdarbiem<\/h2>\n<p class=\"product_title entry-title\">Pla\u0161a pielietojuma, plastiski elast\u012bgs herm\u0113ti\u0137is uz \u0161\u0137\u012bdin\u0101t\u0101ju b\u0101zes da\u017e\u0101diem remonta un bl\u012bv\u0113\u0161anas \u0101rdarbiem. Lieliska sa\u0137ere ar da\u017e\u0101d\u0101m virsm\u0101m, ar\u012b ar bitumena un mitr\u0101m virsm\u0101m. Ar \u013coti augstu viskozit\u0101ti un \u0101tru pl\u0113ves izveido\u0161an\u0101s laiku, l\u012bdz ar to var tik pla\u0161i izmantots da\u017eados \u0101rdarbos un vertik\u0101l\u0101s \u0161uv\u0113s.<\/p>\n<h2 class=\"product_title entry-title\">PENOSIL Bitumen Sealant 939 priek\u0161roc\u012bbas<\/h2>\n<div class=\"product_column\">\n<div class=\"product_column\">\n<div class=\"product_column\">\n<ul>\n<li>\u0100tri ap\u017e\u016bst.<\/li>\n<li>Uzreiz iztur\u012bgs pret lietu un ledu.<\/li>\n<li>Piem\u0113rots bitumena materi\u0101liem, s\u0101rmain\u0101m virsm\u0101m un met\u0101liem.<\/li>\n<li>Iztur\u012bgs pret UV staru iedarb\u012bbu.<\/li>\n<li>Izmantojams uz mitr\u0101m virsm\u0101m.<\/li>\n<li>Aukstum\u0101 nek\u013c\u016bst trausls.<\/li>\n<li>Var izmantot ar\u012b vertik\u0101los savienojumos.<\/li>\n<\/ul>\n<\/div>\n<div class=\"product_column\">\n<ul>\n<li>Iztur\u012bgs pret vieglu sk\u0101bju, s\u0101rmu, izpl\u016bdes g\u0101zu un laikapst\u0101k\u013cu ietekmi.<\/li>\n<li>Augsta stiepes iztur\u012bba.<\/li>\n<\/ul>\n<p>&nbsp;<\/p>\n<\/div>\n<\/div>\n<\/div>\n<h2 class=\"product_title entry-title\">PENOSIL Bitumen Sealant 939 pielietojums<\/h2>\n<ul>\n<li>Jumtu, skurste\u0146u un pamatu \u0161uves<\/li>\n<li>\u0160uvju izol\u0101cija starp bitumena loksn\u0113m<\/li>\n<li>Nelielu nopl\u016b\u017eu un va\u013c\u0113ju plaisu nov\u0113r\u0161ana uz plakaniem jumtiem<\/li>\n<li>Plaisu labo\u0161ana starp met\u0101la loksn\u0113m<\/li>\n<\/ul>\n","protected":false},"excerpt":{"rendered":"<p>PENOSIL Bitumen Sealant 939 Pla\u0161a pielietojuma herm\u0113ti\u0137is \u0101rdarbiem Pla\u0161a pielietojuma, plastiski elast\u012bgs herm\u0113ti\u0137is uz \u0161\u0137\u012bdin\u0101t\u0101ju b\u0101zes da\u017e\u0101diem remonta un bl\u012bv\u0113\u0161anas<\/p>\n","protected":false},"featured_media":23137,"template":"","meta":{"_acf_changed":false},"product_cat":[70,1462],"product_tag":[],"class_list":{"0":"post-15252","1":"product","2":"type-product","3":"status-publish","4":"has-post-thumbnail","6":"product_cat-buvmateriali-buvei-remontam-un-ieksdarbiem","7":"product_cat-montazas-putas-limesanai-vai-blivesanai-hermetiki","9":"first","10":"instock","11":"featured","12":"taxable","13":"shipping-taxable","14":"purchasable","15":"product-type-simple"},"acf":[],"yoast_head":"<!-- This site is optimized with the Yoast SEO plugin v24.2 - https:\/\/yoast.com\/wordpress\/plugins\/seo\/ -->\n<title>PENOSIL Bitumen Sealant 939 &#8226; Vides Tehnika<\/title>\n<meta name=\"description\" content=\"Pla\u0161a pielietojuma, plastiski elast\u012bgs herm\u0113ti\u0137is uz \u0161\u0137\u012bdin\u0101t\u0101ju b\u0101zes da\u017e\u0101diem remonta un bl\u012bv\u0113\u0161anas \u0101rdarbiem. Lieliska sa\u0137ere ar da\u017e\u0101d\u0101m virsm\u0101m, ar\u012b ar bitumena un mitr\u0101m virsm\u0101m.\" \/>\n<meta name=\"robots\" content=\"index, follow, max-snippet:-1, max-image-preview:large, max-video-preview:-1\" \/>\n<link rel=\"canonical\" href=\"https:\/\/videstehnika.lv\/et\/katalogs\/buvmateriali-buvei-remontam-un-ieksdarbiem\/penosil-bitumen-sealant-939-plasa-pielietojuma-hermetikis-ardarbiem\/\" \/>\n<meta property=\"og:locale\" content=\"et_EE\" \/>\n<meta property=\"og:type\" content=\"article\" \/>\n<meta property=\"og:title\" content=\"PENOSIL Bitumen Sealant 939 &#8226; Vides Tehnika\" \/>\n<meta property=\"og:description\" content=\"Pla\u0161a pielietojuma, plastiski elast\u012bgs herm\u0113ti\u0137is uz \u0161\u0137\u012bdin\u0101t\u0101ju b\u0101zes da\u017e\u0101diem remonta un bl\u012bv\u0113\u0161anas \u0101rdarbiem. Lieliska sa\u0137ere ar da\u017e\u0101d\u0101m virsm\u0101m, ar\u012b ar bitumena un mitr\u0101m virsm\u0101m.\" \/>\n<meta property=\"og:url\" content=\"https:\/\/videstehnika.lv\/katalogs\/buvmateriali-buvei-remontam-un-ieksdarbiem\/penosil-bitumen-sealant-939-plasa-pielietojuma-hermetikis-ardarbiem\/\" \/>\n<meta property=\"og:site_name\" content=\"Vides Tehnika\" \/>\n<meta property=\"article:modified_time\" content=\"2023-10-17T10:12:26+00:00\" \/>\n<meta property=\"og:image\" content=\"https:\/\/videstehnika.lv\/wp-content\/uploads\/2022\/12\/Screenshot-2023-10-17-131017.jpg\" \/>\n\t<meta property=\"og:image:width\" content=\"506\" \/>\n\t<meta property=\"og:image:height\" content=\"731\" \/>\n\t<meta property=\"og:image:type\" content=\"image\/jpeg\" \/>\n<meta name=\"twitter:card\" content=\"summary_large_image\" \/>\n<meta name=\"twitter:label1\" content=\"Est. reading time\" \/>\n\t<meta name=\"twitter:data1\" content=\"1 minut\" \/>\n<script type=\"application\/ld+json\" class=\"yoast-schema-graph\">{\"@context\":\"https:\/\/schema.org\",\"@graph\":[{\"@type\":\"WebPage\",\"@id\":\"https:\/\/videstehnika.lv\/katalogs\/buvmateriali-buvei-remontam-un-ieksdarbiem\/penosil-bitumen-sealant-939-plasa-pielietojuma-hermetikis-ardarbiem\/\",\"url\":\"https:\/\/videstehnika.lv\/katalogs\/buvmateriali-buvei-remontam-un-ieksdarbiem\/penosil-bitumen-sealant-939-plasa-pielietojuma-hermetikis-ardarbiem\/\",\"name\":\"PENOSIL Bitumen Sealant 939 &#8226; Vides Tehnika\",\"isPartOf\":{\"@id\":\"https:\/\/videstehnika.lv\/et\/#website\"},\"primaryImageOfPage\":{\"@id\":\"https:\/\/videstehnika.lv\/katalogs\/buvmateriali-buvei-remontam-un-ieksdarbiem\/penosil-bitumen-sealant-939-plasa-pielietojuma-hermetikis-ardarbiem\/#primaryimage\"},\"image\":{\"@id\":\"https:\/\/videstehnika.lv\/katalogs\/buvmateriali-buvei-remontam-un-ieksdarbiem\/penosil-bitumen-sealant-939-plasa-pielietojuma-hermetikis-ardarbiem\/#primaryimage\"},\"thumbnailUrl\":\"https:\/\/videstehnika.lv\/wp-content\/uploads\/2022\/12\/Screenshot-2023-10-17-131017.jpg\",\"datePublished\":\"2022-12-22T09:47:17+00:00\",\"dateModified\":\"2023-10-17T10:12:26+00:00\",\"description\":\"Pla\u0161a pielietojuma, plastiski elast\u012bgs herm\u0113ti\u0137is uz \u0161\u0137\u012bdin\u0101t\u0101ju b\u0101zes da\u017e\u0101diem remonta un bl\u012bv\u0113\u0161anas \u0101rdarbiem. Lieliska sa\u0137ere ar da\u017e\u0101d\u0101m virsm\u0101m, ar\u012b ar bitumena un mitr\u0101m virsm\u0101m.\",\"breadcrumb\":{\"@id\":\"https:\/\/videstehnika.lv\/katalogs\/buvmateriali-buvei-remontam-un-ieksdarbiem\/penosil-bitumen-sealant-939-plasa-pielietojuma-hermetikis-ardarbiem\/#breadcrumb\"},\"inLanguage\":\"et\",\"potentialAction\":[{\"@type\":\"ReadAction\",\"target\":[\"https:\/\/videstehnika.lv\/katalogs\/buvmateriali-buvei-remontam-un-ieksdarbiem\/penosil-bitumen-sealant-939-plasa-pielietojuma-hermetikis-ardarbiem\/\"]}]},{\"@type\":\"ImageObject\",\"inLanguage\":\"et\",\"@id\":\"https:\/\/videstehnika.lv\/katalogs\/buvmateriali-buvei-remontam-un-ieksdarbiem\/penosil-bitumen-sealant-939-plasa-pielietojuma-hermetikis-ardarbiem\/#primaryimage\",\"url\":\"https:\/\/videstehnika.lv\/wp-content\/uploads\/2022\/12\/Screenshot-2023-10-17-131017.jpg\",\"contentUrl\":\"https:\/\/videstehnika.lv\/wp-content\/uploads\/2022\/12\/Screenshot-2023-10-17-131017.jpg\",\"width\":506,\"height\":731},{\"@type\":\"BreadcrumbList\",\"@id\":\"https:\/\/videstehnika.lv\/katalogs\/buvmateriali-buvei-remontam-un-ieksdarbiem\/penosil-bitumen-sealant-939-plasa-pielietojuma-hermetikis-ardarbiem\/#breadcrumb\",\"itemListElement\":[{\"@type\":\"ListItem\",\"position\":1,\"name\":\"Home\",\"item\":\"https:\/\/videstehnika.lv\/et\/\"},{\"@type\":\"ListItem\",\"position\":2,\"name\":\"Kataloog\",\"item\":\"https:\/\/videstehnika.lv\/et\/kataloog\/\"},{\"@type\":\"ListItem\",\"position\":3,\"name\":\"PENOSIL Bitumen Sealant 939 Pla\u0161a pielietojuma herm\u0113ti\u0137is \u0101rdarbiem\"}]},{\"@type\":\"WebSite\",\"@id\":\"https:\/\/videstehnika.lv\/et\/#website\",\"url\":\"https:\/\/videstehnika.lv\/et\/\",\"name\":\"Vides Tehnika\",\"description\":\"\",\"potentialAction\":[{\"@type\":\"SearchAction\",\"target\":{\"@type\":\"EntryPoint\",\"urlTemplate\":\"https:\/\/videstehnika.lv\/et\/?s={search_term_string}\"},\"query-input\":{\"@type\":\"PropertyValueSpecification\",\"valueRequired\":true,\"valueName\":\"search_term_string\"}}],\"inLanguage\":\"et\"}]}<\/script>\n<!-- \/ Yoast SEO plugin. -->","yoast_head_json":{"title":"PENOSIL Bitumen Sealant 939 &#8226; Vides Tehnika","description":"Pla\u0161a pielietojuma, plastiski elast\u012bgs herm\u0113ti\u0137is uz \u0161\u0137\u012bdin\u0101t\u0101ju b\u0101zes da\u017e\u0101diem remonta un bl\u012bv\u0113\u0161anas \u0101rdarbiem. Lieliska sa\u0137ere ar da\u017e\u0101d\u0101m virsm\u0101m, ar\u012b ar bitumena un mitr\u0101m virsm\u0101m.","robots":{"index":"index","follow":"follow","max-snippet":"max-snippet:-1","max-image-preview":"max-image-preview:large","max-video-preview":"max-video-preview:-1"},"canonical":"https:\/\/videstehnika.lv\/et\/katalogs\/buvmateriali-buvei-remontam-un-ieksdarbiem\/penosil-bitumen-sealant-939-plasa-pielietojuma-hermetikis-ardarbiem\/","og_locale":"et_EE","og_type":"article","og_title":"PENOSIL Bitumen Sealant 939 &#8226; Vides Tehnika","og_description":"Pla\u0161a pielietojuma, plastiski elast\u012bgs herm\u0113ti\u0137is uz \u0161\u0137\u012bdin\u0101t\u0101ju b\u0101zes da\u017e\u0101diem remonta un bl\u012bv\u0113\u0161anas \u0101rdarbiem. Lieliska sa\u0137ere ar da\u017e\u0101d\u0101m virsm\u0101m, ar\u012b ar bitumena un mitr\u0101m virsm\u0101m.","og_url":"https:\/\/videstehnika.lv\/katalogs\/buvmateriali-buvei-remontam-un-ieksdarbiem\/penosil-bitumen-sealant-939-plasa-pielietojuma-hermetikis-ardarbiem\/","og_site_name":"Vides Tehnika","article_modified_time":"2023-10-17T10:12:26+00:00","og_image":[{"width":506,"height":731,"url":"https:\/\/videstehnika.lv\/wp-content\/uploads\/2022\/12\/Screenshot-2023-10-17-131017.jpg","type":"image\/jpeg"}],"twitter_card":"summary_large_image","twitter_misc":{"Est. reading time":"1 minut"},"schema":{"@context":"https:\/\/schema.org","@graph":[{"@type":"WebPage","@id":"https:\/\/videstehnika.lv\/katalogs\/buvmateriali-buvei-remontam-un-ieksdarbiem\/penosil-bitumen-sealant-939-plasa-pielietojuma-hermetikis-ardarbiem\/","url":"https:\/\/videstehnika.lv\/katalogs\/buvmateriali-buvei-remontam-un-ieksdarbiem\/penosil-bitumen-sealant-939-plasa-pielietojuma-hermetikis-ardarbiem\/","name":"PENOSIL Bitumen Sealant 939 &#8226; Vides Tehnika","isPartOf":{"@id":"https:\/\/videstehnika.lv\/et\/#website"},"primaryImageOfPage":{"@id":"https:\/\/videstehnika.lv\/katalogs\/buvmateriali-buvei-remontam-un-ieksdarbiem\/penosil-bitumen-sealant-939-plasa-pielietojuma-hermetikis-ardarbiem\/#primaryimage"},"image":{"@id":"https:\/\/videstehnika.lv\/katalogs\/buvmateriali-buvei-remontam-un-ieksdarbiem\/penosil-bitumen-sealant-939-plasa-pielietojuma-hermetikis-ardarbiem\/#primaryimage"},"thumbnailUrl":"https:\/\/videstehnika.lv\/wp-content\/uploads\/2022\/12\/Screenshot-2023-10-17-131017.jpg","datePublished":"2022-12-22T09:47:17+00:00","dateModified":"2023-10-17T10:12:26+00:00","description":"Pla\u0161a pielietojuma, plastiski elast\u012bgs herm\u0113ti\u0137is uz \u0161\u0137\u012bdin\u0101t\u0101ju b\u0101zes da\u017e\u0101diem remonta un bl\u012bv\u0113\u0161anas \u0101rdarbiem. Lieliska sa\u0137ere ar da\u017e\u0101d\u0101m virsm\u0101m, ar\u012b ar bitumena un mitr\u0101m virsm\u0101m.","breadcrumb":{"@id":"https:\/\/videstehnika.lv\/katalogs\/buvmateriali-buvei-remontam-un-ieksdarbiem\/penosil-bitumen-sealant-939-plasa-pielietojuma-hermetikis-ardarbiem\/#breadcrumb"},"inLanguage":"et","potentialAction":[{"@type":"ReadAction","target":["https:\/\/videstehnika.lv\/katalogs\/buvmateriali-buvei-remontam-un-ieksdarbiem\/penosil-bitumen-sealant-939-plasa-pielietojuma-hermetikis-ardarbiem\/"]}]},{"@type":"ImageObject","inLanguage":"et","@id":"https:\/\/videstehnika.lv\/katalogs\/buvmateriali-buvei-remontam-un-ieksdarbiem\/penosil-bitumen-sealant-939-plasa-pielietojuma-hermetikis-ardarbiem\/#primaryimage","url":"https:\/\/videstehnika.lv\/wp-content\/uploads\/2022\/12\/Screenshot-2023-10-17-131017.jpg","contentUrl":"https:\/\/videstehnika.lv\/wp-content\/uploads\/2022\/12\/Screenshot-2023-10-17-131017.jpg","width":506,"height":731},{"@type":"BreadcrumbList","@id":"https:\/\/videstehnika.lv\/katalogs\/buvmateriali-buvei-remontam-un-ieksdarbiem\/penosil-bitumen-sealant-939-plasa-pielietojuma-hermetikis-ardarbiem\/#breadcrumb","itemListElement":[{"@type":"ListItem","position":1,"name":"Home","item":"https:\/\/videstehnika.lv\/et\/"},{"@type":"ListItem","position":2,"name":"Kataloog","item":"https:\/\/videstehnika.lv\/et\/kataloog\/"},{"@type":"ListItem","position":3,"name":"PENOSIL Bitumen Sealant 939 Pla\u0161a pielietojuma herm\u0113ti\u0137is \u0101rdarbiem"}]},{"@type":"WebSite","@id":"https:\/\/videstehnika.lv\/et\/#website","url":"https:\/\/videstehnika.lv\/et\/","name":"Vides Tehnika","description":"","potentialAction":[{"@type":"SearchAction","target":{"@type":"EntryPoint","urlTemplate":"https:\/\/videstehnika.lv\/et\/?s={search_term_string}"},"query-input":{"@type":"PropertyValueSpecification","valueRequired":true,"valueName":"search_term_string"}}],"inLanguage":"et"}]}},"_links":{"self":[{"href":"https:\/\/videstehnika.lv\/et\/wp-json\/wp\/v2\/product\/15252","targetHints":{"allow":["GET"]}}],"collection":[{"href":"https:\/\/videstehnika.lv\/et\/wp-json\/wp\/v2\/product"}],"about":[{"href":"https:\/\/videstehnika.lv\/et\/wp-json\/wp\/v2\/types\/product"}],"wp:featuredmedia":[{"embeddable":true,"href":"https:\/\/videstehnika.lv\/et\/wp-json\/wp\/v2\/media\/23137"}],"wp:attachment":[{"href":"https:\/\/videstehnika.lv\/et\/wp-json\/wp\/v2\/media?parent=15252"}],"wp:term":[{"taxonomy":"product_cat","embeddable":true,"href":"https:\/\/videstehnika.lv\/et\/wp-json\/wp\/v2\/product_cat?post=15252"},{"taxonomy":"product_tag","embeddable":true,"href":"https:\/\/videstehnika.lv\/et\/wp-json\/wp\/v2\/product_tag?post=15252"}],"curies":[{"name":"wp","href":"https:\/\/api.w.org\/{rel}","templated":true}]}}