{"id":15308,"date":"2022-12-22T15:33:18","date_gmt":"2022-12-22T13:33:18","guid":{"rendered":"https:\/\/videstehnika.lv\/?post_type=product&#038;p=15308"},"modified":"2024-02-29T09:43:14","modified_gmt":"2024-02-29T07:43:14","slug":"penosil-greenhouse-silicone-393-silikona-hermetikis-siltumnicam","status":"publish","type":"product","link":"https:\/\/videstehnika.lv\/katalogs\/buvmateriali-buvei-remontam-un-ieksdarbiem\/penosil-greenhouse-silicone-393-silikona-hermetikis-siltumnicam\/","title":{"rendered":"PENOSIL Greenhouse Silicone 393 Silikona herm\u0113ti\u0137is siltumn\u012bc\u0101m"},"content":{"rendered":"<h2 class=\"product_title entry-title\">PENOSIL Greenhouse Silicone 393 Silikona herm\u0113ti\u0137is siltumn\u012bc\u0101m<\/h2>\n<p class=\"product_title entry-title\">Pla\u0161a pielietojuma, neitr\u0101ls silikona herm\u0113ti\u0137is ar pret laikapst\u0101k\u013cu iedarb\u012bbu un pel\u0113jumu iztur\u012bg\u0101m \u012bpa\u0161\u012bb\u0101m un lielisku sa\u0137eri bl\u012bv\u0113\u0161anas darbiem siltumn\u012bc\u0101s un ziemas d\u0101rzos. Izveido elast\u012bgu un temperat\u016bras iztur\u012bgu bl\u012bv\u0113jumu ar daudziem porainiem un neporainiem materi\u0101liem, piem\u0113ram, met\u0101liem, plastmasu, koku un alum\u012bniju.<\/p>\n<h2 class=\"product_title entry-title\">PENOSIL Greenhouse Silicone 393 priek\u0161roc\u012bbas<\/h2>\n<div class=\"product_column\">\n<div class=\"product_column\">\n<div class=\"product_column\">\n<ul>\n<li>Tiksotrops, neizpl\u016bst \u0161uv\u0113.<\/li>\n<li>P\u0113c saciet\u0113\u0161anas ir elast\u012bgs pat \u0101rk\u0101rt\u0113j\u0101s temperat\u016br\u0101s (no -40 \u00b0C l\u012bdz + 100 \u00b0C).<\/li>\n<li>Neizraisa met\u0101lu koroziju.<\/li>\n<li>Lieliska sa\u0137ere ar liel\u0101ko da\u013cu substr\u0101tu.<\/li>\n<li>Piem\u0113rots ar polikarbon\u0101tiem.<\/li>\n<li>Iztur\u012bgs pret pel\u0113juma, UV staru, mitruma un laikapst\u0101k\u013cu iedarb\u012bbu.<\/li>\n<li>Labas kust\u012bbas sp\u0113jas.<\/li>\n<\/ul>\n<h2 class=\"product_title entry-title\">PENOSIL Greenhouse Silicone 393 pielietojums<\/h2>\n<\/div>\n<\/div>\n<\/div>\n<ul>\n<li>Stiklo\u0161anas darbi siltumn\u012bc\u0101s un ziemas d\u0101rzos.<\/li>\n<li>\u0160uvju bl\u012bv\u0113\u0161ana siltumn\u012bc\u0101s.<\/li>\n<li>Logu un durvju r\u0101mju siltin\u0101\u0161ana un bl\u012bv\u0113\u0161ana.<\/li>\n<li>Organisk\u0101 stikla, k\u0101rtainas un gofr\u0113tas plastmasas vai polikarbon\u0101ta konstrukciju izol\u0101cija un bl\u012bv\u0113\u0161ana.<\/li>\n<li>Nodro\u0161ina lielisku sa\u0137eri ar visizplat\u012bt\u0101kajiem siltumn\u012bcu celtniec\u012bbas materi\u0101liem.<\/li>\n<\/ul>\n","protected":false},"excerpt":{"rendered":"<p>PENOSIL Greenhouse Silicone 393 Silikona herm\u0113ti\u0137is siltumn\u012bc\u0101m Pla\u0161a pielietojuma, neitr\u0101ls silikona herm\u0113ti\u0137is ar pret laikapst\u0101k\u013cu iedarb\u012bbu un pel\u0113jumu iztur\u012bg\u0101m \u012bpa\u0161\u012bb\u0101m<\/p>\n","protected":false},"featured_media":15317,"template":"","meta":{"_acf_changed":false},"product_cat":[70,1462],"product_tag":[],"class_list":{"0":"post-15308","1":"product","2":"type-product","3":"status-publish","4":"has-post-thumbnail","6":"product_cat-buvmateriali-buvei-remontam-un-ieksdarbiem","7":"product_cat-montazas-putas-limesanai-vai-blivesanai-hermetiki","9":"first","10":"onbackorder","11":"featured","12":"taxable","13":"shipping-taxable","14":"purchasable","15":"product-type-simple"},"acf":[],"yoast_head":"<!-- This site is optimized with the Yoast SEO plugin v24.2 - https:\/\/yoast.com\/wordpress\/plugins\/seo\/ -->\n<title>PENOSIL Greenhouse Silicone 393 &#8226; Vides Tehnika<\/title>\n<meta name=\"description\" content=\"Pla\u0161a pielietojuma, neitr\u0101ls silikona herm\u0113ti\u0137is ar pret laikapst\u0101k\u013cu iedarb\u012bbu un pel\u0113jumu iztur\u012bg\u0101m \u012bpa\u0161\u012bb\u0101m un lielisku sa\u0137eri bl\u012bv\u0113\u0161anas darbiem siltumn\u012bc\u0101s un ziemas d\u0101rzos.\" \/>\n<meta name=\"robots\" content=\"index, follow, max-snippet:-1, max-image-preview:large, max-video-preview:-1\" \/>\n<link rel=\"canonical\" href=\"https:\/\/videstehnika.lv\/et\/katalogs\/buvmateriali-buvei-remontam-un-ieksdarbiem\/penosil-greenhouse-silicone-393-silikona-hermetikis-siltumnicam\/\" \/>\n<meta property=\"og:locale\" content=\"et_EE\" \/>\n<meta property=\"og:type\" content=\"article\" \/>\n<meta property=\"og:title\" content=\"PENOSIL Greenhouse Silicone 393 &#8226; Vides Tehnika\" \/>\n<meta property=\"og:description\" content=\"Pla\u0161a pielietojuma, neitr\u0101ls silikona herm\u0113ti\u0137is ar pret laikapst\u0101k\u013cu iedarb\u012bbu un pel\u0113jumu iztur\u012bg\u0101m \u012bpa\u0161\u012bb\u0101m un lielisku sa\u0137eri bl\u012bv\u0113\u0161anas darbiem siltumn\u012bc\u0101s un ziemas d\u0101rzos.\" \/>\n<meta property=\"og:url\" content=\"https:\/\/videstehnika.lv\/katalogs\/buvmateriali-buvei-remontam-un-ieksdarbiem\/penosil-greenhouse-silicone-393-silikona-hermetikis-siltumnicam\/\" \/>\n<meta property=\"og:site_name\" content=\"Vides Tehnika\" \/>\n<meta property=\"article:modified_time\" content=\"2024-02-29T07:43:14+00:00\" \/>\n<meta property=\"og:image\" content=\"https:\/\/videstehnika.lv\/wp-content\/uploads\/2022\/12\/capture-20221222-153136.png\" \/>\n\t<meta property=\"og:image:width\" content=\"538\" \/>\n\t<meta property=\"og:image:height\" content=\"746\" \/>\n\t<meta property=\"og:image:type\" content=\"image\/png\" \/>\n<meta name=\"twitter:card\" content=\"summary_large_image\" \/>\n<meta name=\"twitter:label1\" content=\"Est. reading time\" \/>\n\t<meta name=\"twitter:data1\" content=\"1 minut\" \/>\n<script type=\"application\/ld+json\" class=\"yoast-schema-graph\">{\"@context\":\"https:\/\/schema.org\",\"@graph\":[{\"@type\":\"WebPage\",\"@id\":\"https:\/\/videstehnika.lv\/katalogs\/buvmateriali-buvei-remontam-un-ieksdarbiem\/penosil-greenhouse-silicone-393-silikona-hermetikis-siltumnicam\/\",\"url\":\"https:\/\/videstehnika.lv\/katalogs\/buvmateriali-buvei-remontam-un-ieksdarbiem\/penosil-greenhouse-silicone-393-silikona-hermetikis-siltumnicam\/\",\"name\":\"PENOSIL Greenhouse Silicone 393 &#8226; Vides Tehnika\",\"isPartOf\":{\"@id\":\"https:\/\/videstehnika.lv\/et\/#website\"},\"primaryImageOfPage\":{\"@id\":\"https:\/\/videstehnika.lv\/katalogs\/buvmateriali-buvei-remontam-un-ieksdarbiem\/penosil-greenhouse-silicone-393-silikona-hermetikis-siltumnicam\/#primaryimage\"},\"image\":{\"@id\":\"https:\/\/videstehnika.lv\/katalogs\/buvmateriali-buvei-remontam-un-ieksdarbiem\/penosil-greenhouse-silicone-393-silikona-hermetikis-siltumnicam\/#primaryimage\"},\"thumbnailUrl\":\"https:\/\/videstehnika.lv\/wp-content\/uploads\/2022\/12\/capture-20221222-153136.png\",\"datePublished\":\"2022-12-22T13:33:18+00:00\",\"dateModified\":\"2024-02-29T07:43:14+00:00\",\"description\":\"Pla\u0161a pielietojuma, neitr\u0101ls silikona herm\u0113ti\u0137is ar pret laikapst\u0101k\u013cu iedarb\u012bbu un pel\u0113jumu iztur\u012bg\u0101m \u012bpa\u0161\u012bb\u0101m un lielisku sa\u0137eri bl\u012bv\u0113\u0161anas darbiem siltumn\u012bc\u0101s un ziemas d\u0101rzos.\",\"breadcrumb\":{\"@id\":\"https:\/\/videstehnika.lv\/katalogs\/buvmateriali-buvei-remontam-un-ieksdarbiem\/penosil-greenhouse-silicone-393-silikona-hermetikis-siltumnicam\/#breadcrumb\"},\"inLanguage\":\"et\",\"potentialAction\":[{\"@type\":\"ReadAction\",\"target\":[\"https:\/\/videstehnika.lv\/katalogs\/buvmateriali-buvei-remontam-un-ieksdarbiem\/penosil-greenhouse-silicone-393-silikona-hermetikis-siltumnicam\/\"]}]},{\"@type\":\"ImageObject\",\"inLanguage\":\"et\",\"@id\":\"https:\/\/videstehnika.lv\/katalogs\/buvmateriali-buvei-remontam-un-ieksdarbiem\/penosil-greenhouse-silicone-393-silikona-hermetikis-siltumnicam\/#primaryimage\",\"url\":\"https:\/\/videstehnika.lv\/wp-content\/uploads\/2022\/12\/capture-20221222-153136.png\",\"contentUrl\":\"https:\/\/videstehnika.lv\/wp-content\/uploads\/2022\/12\/capture-20221222-153136.png\",\"width\":538,\"height\":746},{\"@type\":\"BreadcrumbList\",\"@id\":\"https:\/\/videstehnika.lv\/katalogs\/buvmateriali-buvei-remontam-un-ieksdarbiem\/penosil-greenhouse-silicone-393-silikona-hermetikis-siltumnicam\/#breadcrumb\",\"itemListElement\":[{\"@type\":\"ListItem\",\"position\":1,\"name\":\"Home\",\"item\":\"https:\/\/videstehnika.lv\/et\/\"},{\"@type\":\"ListItem\",\"position\":2,\"name\":\"Kataloog\",\"item\":\"https:\/\/videstehnika.lv\/et\/kataloog\/\"},{\"@type\":\"ListItem\",\"position\":3,\"name\":\"PENOSIL Greenhouse Silicone 393 Silikona herm\u0113ti\u0137is siltumn\u012bc\u0101m\"}]},{\"@type\":\"WebSite\",\"@id\":\"https:\/\/videstehnika.lv\/et\/#website\",\"url\":\"https:\/\/videstehnika.lv\/et\/\",\"name\":\"Vides Tehnika\",\"description\":\"\",\"potentialAction\":[{\"@type\":\"SearchAction\",\"target\":{\"@type\":\"EntryPoint\",\"urlTemplate\":\"https:\/\/videstehnika.lv\/et\/?s={search_term_string}\"},\"query-input\":{\"@type\":\"PropertyValueSpecification\",\"valueRequired\":true,\"valueName\":\"search_term_string\"}}],\"inLanguage\":\"et\"}]}<\/script>\n<!-- \/ Yoast SEO plugin. -->","yoast_head_json":{"title":"PENOSIL Greenhouse Silicone 393 &#8226; Vides Tehnika","description":"Pla\u0161a pielietojuma, neitr\u0101ls silikona herm\u0113ti\u0137is ar pret laikapst\u0101k\u013cu iedarb\u012bbu un pel\u0113jumu iztur\u012bg\u0101m \u012bpa\u0161\u012bb\u0101m un lielisku sa\u0137eri bl\u012bv\u0113\u0161anas darbiem siltumn\u012bc\u0101s un ziemas d\u0101rzos.","robots":{"index":"index","follow":"follow","max-snippet":"max-snippet:-1","max-image-preview":"max-image-preview:large","max-video-preview":"max-video-preview:-1"},"canonical":"https:\/\/videstehnika.lv\/et\/katalogs\/buvmateriali-buvei-remontam-un-ieksdarbiem\/penosil-greenhouse-silicone-393-silikona-hermetikis-siltumnicam\/","og_locale":"et_EE","og_type":"article","og_title":"PENOSIL Greenhouse Silicone 393 &#8226; Vides Tehnika","og_description":"Pla\u0161a pielietojuma, neitr\u0101ls silikona herm\u0113ti\u0137is ar pret laikapst\u0101k\u013cu iedarb\u012bbu un pel\u0113jumu iztur\u012bg\u0101m \u012bpa\u0161\u012bb\u0101m un lielisku sa\u0137eri bl\u012bv\u0113\u0161anas darbiem siltumn\u012bc\u0101s un ziemas d\u0101rzos.","og_url":"https:\/\/videstehnika.lv\/katalogs\/buvmateriali-buvei-remontam-un-ieksdarbiem\/penosil-greenhouse-silicone-393-silikona-hermetikis-siltumnicam\/","og_site_name":"Vides Tehnika","article_modified_time":"2024-02-29T07:43:14+00:00","og_image":[{"width":538,"height":746,"url":"https:\/\/videstehnika.lv\/wp-content\/uploads\/2022\/12\/capture-20221222-153136.png","type":"image\/png"}],"twitter_card":"summary_large_image","twitter_misc":{"Est. reading time":"1 minut"},"schema":{"@context":"https:\/\/schema.org","@graph":[{"@type":"WebPage","@id":"https:\/\/videstehnika.lv\/katalogs\/buvmateriali-buvei-remontam-un-ieksdarbiem\/penosil-greenhouse-silicone-393-silikona-hermetikis-siltumnicam\/","url":"https:\/\/videstehnika.lv\/katalogs\/buvmateriali-buvei-remontam-un-ieksdarbiem\/penosil-greenhouse-silicone-393-silikona-hermetikis-siltumnicam\/","name":"PENOSIL Greenhouse Silicone 393 &#8226; Vides Tehnika","isPartOf":{"@id":"https:\/\/videstehnika.lv\/et\/#website"},"primaryImageOfPage":{"@id":"https:\/\/videstehnika.lv\/katalogs\/buvmateriali-buvei-remontam-un-ieksdarbiem\/penosil-greenhouse-silicone-393-silikona-hermetikis-siltumnicam\/#primaryimage"},"image":{"@id":"https:\/\/videstehnika.lv\/katalogs\/buvmateriali-buvei-remontam-un-ieksdarbiem\/penosil-greenhouse-silicone-393-silikona-hermetikis-siltumnicam\/#primaryimage"},"thumbnailUrl":"https:\/\/videstehnika.lv\/wp-content\/uploads\/2022\/12\/capture-20221222-153136.png","datePublished":"2022-12-22T13:33:18+00:00","dateModified":"2024-02-29T07:43:14+00:00","description":"Pla\u0161a pielietojuma, neitr\u0101ls silikona herm\u0113ti\u0137is ar pret laikapst\u0101k\u013cu iedarb\u012bbu un pel\u0113jumu iztur\u012bg\u0101m \u012bpa\u0161\u012bb\u0101m un lielisku sa\u0137eri bl\u012bv\u0113\u0161anas darbiem siltumn\u012bc\u0101s un ziemas d\u0101rzos.","breadcrumb":{"@id":"https:\/\/videstehnika.lv\/katalogs\/buvmateriali-buvei-remontam-un-ieksdarbiem\/penosil-greenhouse-silicone-393-silikona-hermetikis-siltumnicam\/#breadcrumb"},"inLanguage":"et","potentialAction":[{"@type":"ReadAction","target":["https:\/\/videstehnika.lv\/katalogs\/buvmateriali-buvei-remontam-un-ieksdarbiem\/penosil-greenhouse-silicone-393-silikona-hermetikis-siltumnicam\/"]}]},{"@type":"ImageObject","inLanguage":"et","@id":"https:\/\/videstehnika.lv\/katalogs\/buvmateriali-buvei-remontam-un-ieksdarbiem\/penosil-greenhouse-silicone-393-silikona-hermetikis-siltumnicam\/#primaryimage","url":"https:\/\/videstehnika.lv\/wp-content\/uploads\/2022\/12\/capture-20221222-153136.png","contentUrl":"https:\/\/videstehnika.lv\/wp-content\/uploads\/2022\/12\/capture-20221222-153136.png","width":538,"height":746},{"@type":"BreadcrumbList","@id":"https:\/\/videstehnika.lv\/katalogs\/buvmateriali-buvei-remontam-un-ieksdarbiem\/penosil-greenhouse-silicone-393-silikona-hermetikis-siltumnicam\/#breadcrumb","itemListElement":[{"@type":"ListItem","position":1,"name":"Home","item":"https:\/\/videstehnika.lv\/et\/"},{"@type":"ListItem","position":2,"name":"Kataloog","item":"https:\/\/videstehnika.lv\/et\/kataloog\/"},{"@type":"ListItem","position":3,"name":"PENOSIL Greenhouse Silicone 393 Silikona herm\u0113ti\u0137is siltumn\u012bc\u0101m"}]},{"@type":"WebSite","@id":"https:\/\/videstehnika.lv\/et\/#website","url":"https:\/\/videstehnika.lv\/et\/","name":"Vides Tehnika","description":"","potentialAction":[{"@type":"SearchAction","target":{"@type":"EntryPoint","urlTemplate":"https:\/\/videstehnika.lv\/et\/?s={search_term_string}"},"query-input":{"@type":"PropertyValueSpecification","valueRequired":true,"valueName":"search_term_string"}}],"inLanguage":"et"}]}},"_links":{"self":[{"href":"https:\/\/videstehnika.lv\/et\/wp-json\/wp\/v2\/product\/15308","targetHints":{"allow":["GET"]}}],"collection":[{"href":"https:\/\/videstehnika.lv\/et\/wp-json\/wp\/v2\/product"}],"about":[{"href":"https:\/\/videstehnika.lv\/et\/wp-json\/wp\/v2\/types\/product"}],"wp:featuredmedia":[{"embeddable":true,"href":"https:\/\/videstehnika.lv\/et\/wp-json\/wp\/v2\/media\/15317"}],"wp:attachment":[{"href":"https:\/\/videstehnika.lv\/et\/wp-json\/wp\/v2\/media?parent=15308"}],"wp:term":[{"taxonomy":"product_cat","embeddable":true,"href":"https:\/\/videstehnika.lv\/et\/wp-json\/wp\/v2\/product_cat?post=15308"},{"taxonomy":"product_tag","embeddable":true,"href":"https:\/\/videstehnika.lv\/et\/wp-json\/wp\/v2\/product_tag?post=15308"}],"curies":[{"name":"wp","href":"https:\/\/api.w.org\/{rel}","templated":true}]}}