{"id":15386,"date":"2022-12-23T14:28:42","date_gmt":"2022-12-23T12:28:42","guid":{"rendered":"https:\/\/videstehnika.lv\/?post_type=product&#038;p=15386"},"modified":"2022-12-23T14:33:52","modified_gmt":"2022-12-23T12:33:52","slug":"penosil-all-purpose-gunfoam-winter-165-profesionalas-ziemas-pu-putas","status":"publish","type":"product","link":"https:\/\/videstehnika.lv\/katalogs\/buvmateriali-buvei-remontam-un-ieksdarbiem\/penosil-all-purpose-gunfoam-winter-165-profesionalas-ziemas-pu-putas\/","title":{"rendered":"PENOSIL All Purpose Gunfoam Winter 165 Profesion\u0101las ziemas PU putas"},"content":{"rendered":"<h2 class=\"product_title entry-title\">PENOSIL All Purpose Gunfoam Winter 165 Profesion\u0101las ziemas PU putas<\/h2>\n<p>Profesion\u0101l\u0101s ziemas pisto\u013cputas liel\u0101kajai da\u013cai bl\u012bv\u0113\u0161anas un aizpild\u012b\u0161anas darbu b\u016bvniec\u012bb\u0101, piem., logu un durvju r\u0101mju uzst\u0101d\u012b\u0161anai, \u0161uvju un caurlaidumu bl\u012bv\u0113\u0161anai, siltuma un ska\u0146as izol\u0101cijai. Laba sa\u0137ere ar liel\u0101ko da\u013cu materi\u0101lu &#8211; koku, betonu, akmeni, \u0123ipsi, met\u0101lu, PVC un polistirolu.<\/p>\n<h2 class=\"product_title entry-title\">PENOSIL All Purpose Gunfoam Winter 165 priek\u0161roc\u012bbas<\/h2>\n<div class=\"product_column\">\n<ul>\n<li>Augsta siltuma un ska\u0146as izol\u0101cija.<\/li>\n<li>Zems spiediens saciet\u0113\u0161anas laik\u0101 un m\u0113rena otrreiz\u0113j\u0101 izple\u0161an\u0101s \u013cauj izvair\u012bties no b\u016bvelementu deform\u0101cijas.<\/li>\n<li>Augsta meh\u0101nisk\u0101 iztur\u012bba.<\/li>\n<li>Piem\u0113rotas lieto\u0161anai zem\u0101k\u0101 temperat\u016br\u0101, no -10\u00b0C l\u012bdz +30\u00b0C.<\/li>\n<\/ul>\n<\/div>\n<h2 class=\"product_title entry-title\">PENOSIL All Purpose Gunfoam Winter 165 pielietojums<\/h2>\n<div class=\"product_column\">\n<ul>\n<li>Durvju un logu uzst\u0101d\u012b\u0161ana un izol\u0101cija aukstos laikapst\u0101k\u013cos.<\/li>\n<li>Cauru\u013cu izol\u0101cija un nostiprin\u0101\u0161ana.<\/li>\n<li>Caurumu un spraugu aizpild\u012b\u0161ana, savienojumu izol\u0101cija.<\/li>\n<li>Siltuma un ska\u0146as izol\u0101cija.<\/li>\n<\/ul>\n<\/div>\n<div class=\"product_column\"><\/div>\n","protected":false},"excerpt":{"rendered":"<p>PENOSIL All Purpose Gunfoam Winter 165 Profesion\u0101las ziemas PU putas Profesion\u0101l\u0101s ziemas pisto\u013cputas liel\u0101kajai da\u013cai bl\u012bv\u0113\u0161anas un aizpild\u012b\u0161anas darbu b\u016bvniec\u012bb\u0101,<\/p>\n","protected":false},"featured_media":15395,"template":"","meta":{"_acf_changed":false},"product_cat":[70,1462],"product_tag":[],"class_list":{"0":"post-15386","1":"product","2":"type-product","3":"status-publish","4":"has-post-thumbnail","6":"product_cat-buvmateriali-buvei-remontam-un-ieksdarbiem","7":"product_cat-montazas-putas-limesanai-vai-blivesanai-hermetiki","9":"first","10":"instock","11":"featured","12":"taxable","13":"shipping-taxable","14":"purchasable","15":"product-type-simple"},"acf":[],"yoast_head":"<!-- This site is optimized with the Yoast SEO plugin v24.2 - https:\/\/yoast.com\/wordpress\/plugins\/seo\/ -->\n<title>PENOSIL All Purpose Gunfoam Winter 165 &#8226;<\/title>\n<meta name=\"description\" content=\"Profesion\u0101l\u0101s ziemas pisto\u013cputas liel\u0101kajai da\u013cai bl\u012bv\u0113\u0161anas un aizpild\u012b\u0161anas darbu b\u016bvniec\u012bb\u0101, piem., logu un durvju r\u0101mju uzst\u0101d\u012b\u0161anai, \u0161uvju un caurlaidumu bl\u012bv\u0113\u0161anai, siltuma un ska\u0146as izol\u0101cijai.\" \/>\n<meta name=\"robots\" content=\"index, follow, max-snippet:-1, max-image-preview:large, max-video-preview:-1\" \/>\n<link rel=\"canonical\" href=\"https:\/\/videstehnika.lv\/et\/katalogs\/buvmateriali-buvei-remontam-un-ieksdarbiem\/penosil-all-purpose-gunfoam-winter-165-profesionalas-ziemas-pu-putas\/\" \/>\n<meta property=\"og:locale\" content=\"et_EE\" \/>\n<meta property=\"og:type\" content=\"article\" \/>\n<meta property=\"og:title\" content=\"PENOSIL All Purpose Gunfoam Winter 165 &#8226;\" \/>\n<meta property=\"og:description\" content=\"Profesion\u0101l\u0101s ziemas pisto\u013cputas liel\u0101kajai da\u013cai bl\u012bv\u0113\u0161anas un aizpild\u012b\u0161anas darbu b\u016bvniec\u012bb\u0101, piem., logu un durvju r\u0101mju uzst\u0101d\u012b\u0161anai, \u0161uvju un caurlaidumu bl\u012bv\u0113\u0161anai, siltuma un ska\u0146as izol\u0101cijai.\" \/>\n<meta property=\"og:url\" content=\"https:\/\/videstehnika.lv\/katalogs\/buvmateriali-buvei-remontam-un-ieksdarbiem\/penosil-all-purpose-gunfoam-winter-165-profesionalas-ziemas-pu-putas\/\" \/>\n<meta property=\"og:site_name\" content=\"Vides Tehnika\" \/>\n<meta property=\"article:modified_time\" content=\"2022-12-23T12:33:52+00:00\" \/>\n<meta property=\"og:image\" content=\"https:\/\/videstehnika.lv\/wp-content\/uploads\/2022\/12\/capture-20221223-142559.png\" \/>\n\t<meta property=\"og:image:width\" content=\"538\" \/>\n\t<meta property=\"og:image:height\" content=\"729\" \/>\n\t<meta property=\"og:image:type\" content=\"image\/png\" \/>\n<meta name=\"twitter:card\" content=\"summary_large_image\" \/>\n<meta name=\"twitter:label1\" content=\"Est. reading time\" \/>\n\t<meta name=\"twitter:data1\" content=\"1 minut\" \/>\n<script type=\"application\/ld+json\" class=\"yoast-schema-graph\">{\"@context\":\"https:\/\/schema.org\",\"@graph\":[{\"@type\":\"WebPage\",\"@id\":\"https:\/\/videstehnika.lv\/katalogs\/buvmateriali-buvei-remontam-un-ieksdarbiem\/penosil-all-purpose-gunfoam-winter-165-profesionalas-ziemas-pu-putas\/\",\"url\":\"https:\/\/videstehnika.lv\/katalogs\/buvmateriali-buvei-remontam-un-ieksdarbiem\/penosil-all-purpose-gunfoam-winter-165-profesionalas-ziemas-pu-putas\/\",\"name\":\"PENOSIL All Purpose Gunfoam Winter 165 &#8226;\",\"isPartOf\":{\"@id\":\"https:\/\/videstehnika.lv\/et\/#website\"},\"primaryImageOfPage\":{\"@id\":\"https:\/\/videstehnika.lv\/katalogs\/buvmateriali-buvei-remontam-un-ieksdarbiem\/penosil-all-purpose-gunfoam-winter-165-profesionalas-ziemas-pu-putas\/#primaryimage\"},\"image\":{\"@id\":\"https:\/\/videstehnika.lv\/katalogs\/buvmateriali-buvei-remontam-un-ieksdarbiem\/penosil-all-purpose-gunfoam-winter-165-profesionalas-ziemas-pu-putas\/#primaryimage\"},\"thumbnailUrl\":\"https:\/\/videstehnika.lv\/wp-content\/uploads\/2022\/12\/capture-20221223-142559.png\",\"datePublished\":\"2022-12-23T12:28:42+00:00\",\"dateModified\":\"2022-12-23T12:33:52+00:00\",\"description\":\"Profesion\u0101l\u0101s ziemas pisto\u013cputas liel\u0101kajai da\u013cai bl\u012bv\u0113\u0161anas un aizpild\u012b\u0161anas darbu b\u016bvniec\u012bb\u0101, piem., logu un durvju r\u0101mju uzst\u0101d\u012b\u0161anai, \u0161uvju un caurlaidumu bl\u012bv\u0113\u0161anai, siltuma un ska\u0146as izol\u0101cijai.\",\"breadcrumb\":{\"@id\":\"https:\/\/videstehnika.lv\/katalogs\/buvmateriali-buvei-remontam-un-ieksdarbiem\/penosil-all-purpose-gunfoam-winter-165-profesionalas-ziemas-pu-putas\/#breadcrumb\"},\"inLanguage\":\"et\",\"potentialAction\":[{\"@type\":\"ReadAction\",\"target\":[\"https:\/\/videstehnika.lv\/katalogs\/buvmateriali-buvei-remontam-un-ieksdarbiem\/penosil-all-purpose-gunfoam-winter-165-profesionalas-ziemas-pu-putas\/\"]}]},{\"@type\":\"ImageObject\",\"inLanguage\":\"et\",\"@id\":\"https:\/\/videstehnika.lv\/katalogs\/buvmateriali-buvei-remontam-un-ieksdarbiem\/penosil-all-purpose-gunfoam-winter-165-profesionalas-ziemas-pu-putas\/#primaryimage\",\"url\":\"https:\/\/videstehnika.lv\/wp-content\/uploads\/2022\/12\/capture-20221223-142559.png\",\"contentUrl\":\"https:\/\/videstehnika.lv\/wp-content\/uploads\/2022\/12\/capture-20221223-142559.png\",\"width\":538,\"height\":729},{\"@type\":\"BreadcrumbList\",\"@id\":\"https:\/\/videstehnika.lv\/katalogs\/buvmateriali-buvei-remontam-un-ieksdarbiem\/penosil-all-purpose-gunfoam-winter-165-profesionalas-ziemas-pu-putas\/#breadcrumb\",\"itemListElement\":[{\"@type\":\"ListItem\",\"position\":1,\"name\":\"Home\",\"item\":\"https:\/\/videstehnika.lv\/et\/\"},{\"@type\":\"ListItem\",\"position\":2,\"name\":\"Kataloog\",\"item\":\"https:\/\/videstehnika.lv\/et\/kataloog\/\"},{\"@type\":\"ListItem\",\"position\":3,\"name\":\"PENOSIL All Purpose Gunfoam Winter 165 Profesion\u0101las ziemas PU putas\"}]},{\"@type\":\"WebSite\",\"@id\":\"https:\/\/videstehnika.lv\/et\/#website\",\"url\":\"https:\/\/videstehnika.lv\/et\/\",\"name\":\"Vides Tehnika\",\"description\":\"\",\"potentialAction\":[{\"@type\":\"SearchAction\",\"target\":{\"@type\":\"EntryPoint\",\"urlTemplate\":\"https:\/\/videstehnika.lv\/et\/?s={search_term_string}\"},\"query-input\":{\"@type\":\"PropertyValueSpecification\",\"valueRequired\":true,\"valueName\":\"search_term_string\"}}],\"inLanguage\":\"et\"}]}<\/script>\n<!-- \/ Yoast SEO plugin. -->","yoast_head_json":{"title":"PENOSIL All Purpose Gunfoam Winter 165 &#8226;","description":"Profesion\u0101l\u0101s ziemas pisto\u013cputas liel\u0101kajai da\u013cai bl\u012bv\u0113\u0161anas un aizpild\u012b\u0161anas darbu b\u016bvniec\u012bb\u0101, piem., logu un durvju r\u0101mju uzst\u0101d\u012b\u0161anai, \u0161uvju un caurlaidumu bl\u012bv\u0113\u0161anai, siltuma un ska\u0146as izol\u0101cijai.","robots":{"index":"index","follow":"follow","max-snippet":"max-snippet:-1","max-image-preview":"max-image-preview:large","max-video-preview":"max-video-preview:-1"},"canonical":"https:\/\/videstehnika.lv\/et\/katalogs\/buvmateriali-buvei-remontam-un-ieksdarbiem\/penosil-all-purpose-gunfoam-winter-165-profesionalas-ziemas-pu-putas\/","og_locale":"et_EE","og_type":"article","og_title":"PENOSIL All Purpose Gunfoam Winter 165 &#8226;","og_description":"Profesion\u0101l\u0101s ziemas pisto\u013cputas liel\u0101kajai da\u013cai bl\u012bv\u0113\u0161anas un aizpild\u012b\u0161anas darbu b\u016bvniec\u012bb\u0101, piem., logu un durvju r\u0101mju uzst\u0101d\u012b\u0161anai, \u0161uvju un caurlaidumu bl\u012bv\u0113\u0161anai, siltuma un ska\u0146as izol\u0101cijai.","og_url":"https:\/\/videstehnika.lv\/katalogs\/buvmateriali-buvei-remontam-un-ieksdarbiem\/penosil-all-purpose-gunfoam-winter-165-profesionalas-ziemas-pu-putas\/","og_site_name":"Vides Tehnika","article_modified_time":"2022-12-23T12:33:52+00:00","og_image":[{"width":538,"height":729,"url":"https:\/\/videstehnika.lv\/wp-content\/uploads\/2022\/12\/capture-20221223-142559.png","type":"image\/png"}],"twitter_card":"summary_large_image","twitter_misc":{"Est. reading time":"1 minut"},"schema":{"@context":"https:\/\/schema.org","@graph":[{"@type":"WebPage","@id":"https:\/\/videstehnika.lv\/katalogs\/buvmateriali-buvei-remontam-un-ieksdarbiem\/penosil-all-purpose-gunfoam-winter-165-profesionalas-ziemas-pu-putas\/","url":"https:\/\/videstehnika.lv\/katalogs\/buvmateriali-buvei-remontam-un-ieksdarbiem\/penosil-all-purpose-gunfoam-winter-165-profesionalas-ziemas-pu-putas\/","name":"PENOSIL All Purpose Gunfoam Winter 165 &#8226;","isPartOf":{"@id":"https:\/\/videstehnika.lv\/et\/#website"},"primaryImageOfPage":{"@id":"https:\/\/videstehnika.lv\/katalogs\/buvmateriali-buvei-remontam-un-ieksdarbiem\/penosil-all-purpose-gunfoam-winter-165-profesionalas-ziemas-pu-putas\/#primaryimage"},"image":{"@id":"https:\/\/videstehnika.lv\/katalogs\/buvmateriali-buvei-remontam-un-ieksdarbiem\/penosil-all-purpose-gunfoam-winter-165-profesionalas-ziemas-pu-putas\/#primaryimage"},"thumbnailUrl":"https:\/\/videstehnika.lv\/wp-content\/uploads\/2022\/12\/capture-20221223-142559.png","datePublished":"2022-12-23T12:28:42+00:00","dateModified":"2022-12-23T12:33:52+00:00","description":"Profesion\u0101l\u0101s ziemas pisto\u013cputas liel\u0101kajai da\u013cai bl\u012bv\u0113\u0161anas un aizpild\u012b\u0161anas darbu b\u016bvniec\u012bb\u0101, piem., logu un durvju r\u0101mju uzst\u0101d\u012b\u0161anai, \u0161uvju un caurlaidumu bl\u012bv\u0113\u0161anai, siltuma un ska\u0146as izol\u0101cijai.","breadcrumb":{"@id":"https:\/\/videstehnika.lv\/katalogs\/buvmateriali-buvei-remontam-un-ieksdarbiem\/penosil-all-purpose-gunfoam-winter-165-profesionalas-ziemas-pu-putas\/#breadcrumb"},"inLanguage":"et","potentialAction":[{"@type":"ReadAction","target":["https:\/\/videstehnika.lv\/katalogs\/buvmateriali-buvei-remontam-un-ieksdarbiem\/penosil-all-purpose-gunfoam-winter-165-profesionalas-ziemas-pu-putas\/"]}]},{"@type":"ImageObject","inLanguage":"et","@id":"https:\/\/videstehnika.lv\/katalogs\/buvmateriali-buvei-remontam-un-ieksdarbiem\/penosil-all-purpose-gunfoam-winter-165-profesionalas-ziemas-pu-putas\/#primaryimage","url":"https:\/\/videstehnika.lv\/wp-content\/uploads\/2022\/12\/capture-20221223-142559.png","contentUrl":"https:\/\/videstehnika.lv\/wp-content\/uploads\/2022\/12\/capture-20221223-142559.png","width":538,"height":729},{"@type":"BreadcrumbList","@id":"https:\/\/videstehnika.lv\/katalogs\/buvmateriali-buvei-remontam-un-ieksdarbiem\/penosil-all-purpose-gunfoam-winter-165-profesionalas-ziemas-pu-putas\/#breadcrumb","itemListElement":[{"@type":"ListItem","position":1,"name":"Home","item":"https:\/\/videstehnika.lv\/et\/"},{"@type":"ListItem","position":2,"name":"Kataloog","item":"https:\/\/videstehnika.lv\/et\/kataloog\/"},{"@type":"ListItem","position":3,"name":"PENOSIL All Purpose Gunfoam Winter 165 Profesion\u0101las ziemas PU putas"}]},{"@type":"WebSite","@id":"https:\/\/videstehnika.lv\/et\/#website","url":"https:\/\/videstehnika.lv\/et\/","name":"Vides Tehnika","description":"","potentialAction":[{"@type":"SearchAction","target":{"@type":"EntryPoint","urlTemplate":"https:\/\/videstehnika.lv\/et\/?s={search_term_string}"},"query-input":{"@type":"PropertyValueSpecification","valueRequired":true,"valueName":"search_term_string"}}],"inLanguage":"et"}]}},"_links":{"self":[{"href":"https:\/\/videstehnika.lv\/et\/wp-json\/wp\/v2\/product\/15386","targetHints":{"allow":["GET"]}}],"collection":[{"href":"https:\/\/videstehnika.lv\/et\/wp-json\/wp\/v2\/product"}],"about":[{"href":"https:\/\/videstehnika.lv\/et\/wp-json\/wp\/v2\/types\/product"}],"wp:featuredmedia":[{"embeddable":true,"href":"https:\/\/videstehnika.lv\/et\/wp-json\/wp\/v2\/media\/15395"}],"wp:attachment":[{"href":"https:\/\/videstehnika.lv\/et\/wp-json\/wp\/v2\/media?parent=15386"}],"wp:term":[{"taxonomy":"product_cat","embeddable":true,"href":"https:\/\/videstehnika.lv\/et\/wp-json\/wp\/v2\/product_cat?post=15386"},{"taxonomy":"product_tag","embeddable":true,"href":"https:\/\/videstehnika.lv\/et\/wp-json\/wp\/v2\/product_tag?post=15386"}],"curies":[{"name":"wp","href":"https:\/\/api.w.org\/{rel}","templated":true}]}}