{"id":15398,"date":"2022-12-23T14:34:21","date_gmt":"2022-12-23T12:34:21","guid":{"rendered":"https:\/\/videstehnika.lv\/?post_type=product&#038;p=15398"},"modified":"2024-05-21T16:01:34","modified_gmt":"2024-05-21T13:01:34","slug":"penosil-easyspray-izsmidzinamas-siltumizolacijas-putas","status":"publish","type":"product","link":"https:\/\/videstehnika.lv\/katalogs\/buvmateriali-buvei-remontam-un-ieksdarbiem\/penosil-easyspray-izsmidzinamas-siltumizolacijas-putas\/","title":{"rendered":"PENOSIL EasySpray Izsmidzin\u0101mas siltumizol\u0101cijas putas"},"content":{"rendered":"<h2 class=\"product_title entry-title\">PENOSIL EasySpray Izsmidzin\u0101mas siltumizol\u0101cijas putas<\/h2>\n<p>Videi draudz\u012bgas, izsmidzin\u0101mas siltumizol\u0101cijas putas ar speci\u0101lu izsmidzin\u0101\u0161anas sprauslu pistoles galam. Izsmidzin\u0101\u0161ana dod iesp\u0113ju izol\u0113t nel\u012bdzenas vai izliektas pamatnes un gr\u016bti sasniedzamas vietas ar gludu, vienm\u0113r\u012bgu putu sl\u0101ni. Pal\u012bdz samazin\u0101t aukstuma tiltus un nov\u0113rst kondens\u0101ta veido\u0161anos.<\/p>\n<h2 class=\"product_title entry-title\">PENOSIL EasySpray priek\u0161roc\u012bbas<\/h2>\n<div class=\"product_column\">\n<ul>\n<li>\u012apa\u0161\u0101 formula un izsmidzin\u0101\u0161anas sprausla rada unik\u0101lu putu strukt\u016bru ar \u013coti efekt\u012bvu akustisko un siltuma izol\u0101ciju un lielisk\u0101m herm\u0113tiskuma \u012bpa\u0161\u012bb\u0101m.<\/li>\n<li>Izsmidzin\u0101\u0161anas sprausla \u013cauj izol\u0113t nel\u012bdzenas vai gr\u016bti sasniedzamas virsmas, kur nav iesp\u0113jams izmantot tradicion\u0101los izol\u0101cijas materi\u0101lus.<\/li>\n<li>Izol\u0101cijas sl\u0101\u0146a biezumu var br\u012bvi izv\u0113l\u0113ties, un sl\u0101\u0146u skaits nav ierobe\u017eots.<\/li>\n<\/ul>\n<\/div>\n<h2 class=\"product_title entry-title\">PENOSIL EasySpray pielietojums<\/h2>\n<div class=\"product_column\">\n<ul>\n<li>Visu veidu virsmu p\u0101rkl\u0101\u0161anai, lai nodro\u0161in\u0101tu siltuma un ska\u0146as izol\u0101ciju.<\/li>\n<li>Ne\u0113rt\u0101m izol\u0101cijas viet\u0101m, kur ir sare\u017e\u0123\u012bti izmantot tradicion\u0101los izol\u0101cijas materi\u0101lus.<\/li>\n<li>Cauru\u013cu, b\u0113ni\u0146u, balkonu, gar\u0101\u017eu, pagrabu, cisternu un trauku izol\u0101cija.<\/li>\n<li>Ap\u0161uvuma, durvju, griestu un citu konstrukcijas da\u013cu izol\u0101cija ar termisko tiltu risku.<\/li>\n<\/ul>\n<\/div>\n<div class=\"product_column\"><\/div>\n","protected":false},"excerpt":{"rendered":"<p>PENOSIL EasySpray Izsmidzin\u0101mas siltumizol\u0101cijas putas Videi draudz\u012bgas, izsmidzin\u0101mas siltumizol\u0101cijas putas ar speci\u0101lu izsmidzin\u0101\u0161anas sprauslu pistoles galam. Izsmidzin\u0101\u0161ana dod iesp\u0113ju izol\u0113t<\/p>\n","protected":false},"featured_media":15407,"template":"","meta":{"_acf_changed":false},"product_cat":[411,1464],"product_tag":[],"class_list":{"0":"post-15398","1":"product","2":"type-product","3":"status-publish","4":"has-post-thumbnail","6":"product_cat-buvmateriali-en","7":"product_cat-mounting-foam","9":"first","10":"onbackorder","11":"featured","12":"taxable","13":"shipping-taxable","14":"purchasable","15":"product-type-simple"},"acf":[],"yoast_head":"<!-- This site is optimized with the Yoast SEO plugin v24.2 - https:\/\/yoast.com\/wordpress\/plugins\/seo\/ -->\n<title>PENOSIL EasySpray &#8226;<\/title>\n<meta name=\"description\" content=\"Videi draudz\u012bgas, izsmidzin\u0101mas siltumizol\u0101cijas putas ar speci\u0101lu izsmidzin\u0101\u0161anas sprauslu pistoles galam.\" \/>\n<meta name=\"robots\" content=\"index, follow, max-snippet:-1, max-image-preview:large, max-video-preview:-1\" \/>\n<link rel=\"canonical\" href=\"https:\/\/videstehnika.lv\/et\/katalogs\/buvmateriali-buvei-remontam-un-ieksdarbiem\/penosil-easyspray-izsmidzinamas-siltumizolacijas-putas\/\" \/>\n<meta property=\"og:locale\" content=\"et_EE\" \/>\n<meta property=\"og:type\" content=\"article\" \/>\n<meta property=\"og:title\" content=\"PENOSIL EasySpray &#8226;\" \/>\n<meta property=\"og:description\" content=\"Videi draudz\u012bgas, izsmidzin\u0101mas siltumizol\u0101cijas putas ar speci\u0101lu izsmidzin\u0101\u0161anas sprauslu pistoles galam.\" \/>\n<meta property=\"og:url\" content=\"https:\/\/videstehnika.lv\/katalogs\/buvmateriali-buvei-remontam-un-ieksdarbiem\/penosil-easyspray-izsmidzinamas-siltumizolacijas-putas\/\" \/>\n<meta property=\"og:site_name\" content=\"Vides Tehnika\" \/>\n<meta property=\"article:modified_time\" content=\"2024-05-21T13:01:34+00:00\" \/>\n<meta property=\"og:image\" content=\"https:\/\/videstehnika.lv\/wp-content\/uploads\/2022\/12\/capture-20221223-143717.png\" \/>\n\t<meta property=\"og:image:width\" content=\"535\" \/>\n\t<meta property=\"og:image:height\" content=\"743\" \/>\n\t<meta property=\"og:image:type\" content=\"image\/png\" \/>\n<meta name=\"twitter:card\" content=\"summary_large_image\" \/>\n<meta name=\"twitter:label1\" content=\"Est. reading time\" \/>\n\t<meta name=\"twitter:data1\" content=\"1 minut\" \/>\n<script type=\"application\/ld+json\" class=\"yoast-schema-graph\">{\"@context\":\"https:\/\/schema.org\",\"@graph\":[{\"@type\":\"WebPage\",\"@id\":\"https:\/\/videstehnika.lv\/katalogs\/buvmateriali-buvei-remontam-un-ieksdarbiem\/penosil-easyspray-izsmidzinamas-siltumizolacijas-putas\/\",\"url\":\"https:\/\/videstehnika.lv\/katalogs\/buvmateriali-buvei-remontam-un-ieksdarbiem\/penosil-easyspray-izsmidzinamas-siltumizolacijas-putas\/\",\"name\":\"PENOSIL EasySpray &#8226;\",\"isPartOf\":{\"@id\":\"https:\/\/videstehnika.lv\/et\/#website\"},\"primaryImageOfPage\":{\"@id\":\"https:\/\/videstehnika.lv\/katalogs\/buvmateriali-buvei-remontam-un-ieksdarbiem\/penosil-easyspray-izsmidzinamas-siltumizolacijas-putas\/#primaryimage\"},\"image\":{\"@id\":\"https:\/\/videstehnika.lv\/katalogs\/buvmateriali-buvei-remontam-un-ieksdarbiem\/penosil-easyspray-izsmidzinamas-siltumizolacijas-putas\/#primaryimage\"},\"thumbnailUrl\":\"https:\/\/videstehnika.lv\/wp-content\/uploads\/2022\/12\/capture-20221223-143717.png\",\"datePublished\":\"2022-12-23T12:34:21+00:00\",\"dateModified\":\"2024-05-21T13:01:34+00:00\",\"description\":\"Videi draudz\u012bgas, izsmidzin\u0101mas siltumizol\u0101cijas putas ar speci\u0101lu izsmidzin\u0101\u0161anas sprauslu pistoles galam.\",\"breadcrumb\":{\"@id\":\"https:\/\/videstehnika.lv\/katalogs\/buvmateriali-buvei-remontam-un-ieksdarbiem\/penosil-easyspray-izsmidzinamas-siltumizolacijas-putas\/#breadcrumb\"},\"inLanguage\":\"et\",\"potentialAction\":[{\"@type\":\"ReadAction\",\"target\":[\"https:\/\/videstehnika.lv\/katalogs\/buvmateriali-buvei-remontam-un-ieksdarbiem\/penosil-easyspray-izsmidzinamas-siltumizolacijas-putas\/\"]}]},{\"@type\":\"ImageObject\",\"inLanguage\":\"et\",\"@id\":\"https:\/\/videstehnika.lv\/katalogs\/buvmateriali-buvei-remontam-un-ieksdarbiem\/penosil-easyspray-izsmidzinamas-siltumizolacijas-putas\/#primaryimage\",\"url\":\"https:\/\/videstehnika.lv\/wp-content\/uploads\/2022\/12\/capture-20221223-143717.png\",\"contentUrl\":\"https:\/\/videstehnika.lv\/wp-content\/uploads\/2022\/12\/capture-20221223-143717.png\",\"width\":535,\"height\":743},{\"@type\":\"BreadcrumbList\",\"@id\":\"https:\/\/videstehnika.lv\/katalogs\/buvmateriali-buvei-remontam-un-ieksdarbiem\/penosil-easyspray-izsmidzinamas-siltumizolacijas-putas\/#breadcrumb\",\"itemListElement\":[{\"@type\":\"ListItem\",\"position\":1,\"name\":\"Home\",\"item\":\"https:\/\/videstehnika.lv\/et\/\"},{\"@type\":\"ListItem\",\"position\":2,\"name\":\"Kataloog\",\"item\":\"https:\/\/videstehnika.lv\/et\/kataloog\/\"},{\"@type\":\"ListItem\",\"position\":3,\"name\":\"PENOSIL EasySpray Izsmidzin\u0101mas siltumizol\u0101cijas putas\"}]},{\"@type\":\"WebSite\",\"@id\":\"https:\/\/videstehnika.lv\/et\/#website\",\"url\":\"https:\/\/videstehnika.lv\/et\/\",\"name\":\"Vides Tehnika\",\"description\":\"\",\"potentialAction\":[{\"@type\":\"SearchAction\",\"target\":{\"@type\":\"EntryPoint\",\"urlTemplate\":\"https:\/\/videstehnika.lv\/et\/?s={search_term_string}\"},\"query-input\":{\"@type\":\"PropertyValueSpecification\",\"valueRequired\":true,\"valueName\":\"search_term_string\"}}],\"inLanguage\":\"et\"}]}<\/script>\n<!-- \/ Yoast SEO plugin. -->","yoast_head_json":{"title":"PENOSIL EasySpray &#8226;","description":"Videi draudz\u012bgas, izsmidzin\u0101mas siltumizol\u0101cijas putas ar speci\u0101lu izsmidzin\u0101\u0161anas sprauslu pistoles galam.","robots":{"index":"index","follow":"follow","max-snippet":"max-snippet:-1","max-image-preview":"max-image-preview:large","max-video-preview":"max-video-preview:-1"},"canonical":"https:\/\/videstehnika.lv\/et\/katalogs\/buvmateriali-buvei-remontam-un-ieksdarbiem\/penosil-easyspray-izsmidzinamas-siltumizolacijas-putas\/","og_locale":"et_EE","og_type":"article","og_title":"PENOSIL EasySpray &#8226;","og_description":"Videi draudz\u012bgas, izsmidzin\u0101mas siltumizol\u0101cijas putas ar speci\u0101lu izsmidzin\u0101\u0161anas sprauslu pistoles galam.","og_url":"https:\/\/videstehnika.lv\/katalogs\/buvmateriali-buvei-remontam-un-ieksdarbiem\/penosil-easyspray-izsmidzinamas-siltumizolacijas-putas\/","og_site_name":"Vides Tehnika","article_modified_time":"2024-05-21T13:01:34+00:00","og_image":[{"width":535,"height":743,"url":"https:\/\/videstehnika.lv\/wp-content\/uploads\/2022\/12\/capture-20221223-143717.png","type":"image\/png"}],"twitter_card":"summary_large_image","twitter_misc":{"Est. reading time":"1 minut"},"schema":{"@context":"https:\/\/schema.org","@graph":[{"@type":"WebPage","@id":"https:\/\/videstehnika.lv\/katalogs\/buvmateriali-buvei-remontam-un-ieksdarbiem\/penosil-easyspray-izsmidzinamas-siltumizolacijas-putas\/","url":"https:\/\/videstehnika.lv\/katalogs\/buvmateriali-buvei-remontam-un-ieksdarbiem\/penosil-easyspray-izsmidzinamas-siltumizolacijas-putas\/","name":"PENOSIL EasySpray &#8226;","isPartOf":{"@id":"https:\/\/videstehnika.lv\/et\/#website"},"primaryImageOfPage":{"@id":"https:\/\/videstehnika.lv\/katalogs\/buvmateriali-buvei-remontam-un-ieksdarbiem\/penosil-easyspray-izsmidzinamas-siltumizolacijas-putas\/#primaryimage"},"image":{"@id":"https:\/\/videstehnika.lv\/katalogs\/buvmateriali-buvei-remontam-un-ieksdarbiem\/penosil-easyspray-izsmidzinamas-siltumizolacijas-putas\/#primaryimage"},"thumbnailUrl":"https:\/\/videstehnika.lv\/wp-content\/uploads\/2022\/12\/capture-20221223-143717.png","datePublished":"2022-12-23T12:34:21+00:00","dateModified":"2024-05-21T13:01:34+00:00","description":"Videi draudz\u012bgas, izsmidzin\u0101mas siltumizol\u0101cijas putas ar speci\u0101lu izsmidzin\u0101\u0161anas sprauslu pistoles galam.","breadcrumb":{"@id":"https:\/\/videstehnika.lv\/katalogs\/buvmateriali-buvei-remontam-un-ieksdarbiem\/penosil-easyspray-izsmidzinamas-siltumizolacijas-putas\/#breadcrumb"},"inLanguage":"et","potentialAction":[{"@type":"ReadAction","target":["https:\/\/videstehnika.lv\/katalogs\/buvmateriali-buvei-remontam-un-ieksdarbiem\/penosil-easyspray-izsmidzinamas-siltumizolacijas-putas\/"]}]},{"@type":"ImageObject","inLanguage":"et","@id":"https:\/\/videstehnika.lv\/katalogs\/buvmateriali-buvei-remontam-un-ieksdarbiem\/penosil-easyspray-izsmidzinamas-siltumizolacijas-putas\/#primaryimage","url":"https:\/\/videstehnika.lv\/wp-content\/uploads\/2022\/12\/capture-20221223-143717.png","contentUrl":"https:\/\/videstehnika.lv\/wp-content\/uploads\/2022\/12\/capture-20221223-143717.png","width":535,"height":743},{"@type":"BreadcrumbList","@id":"https:\/\/videstehnika.lv\/katalogs\/buvmateriali-buvei-remontam-un-ieksdarbiem\/penosil-easyspray-izsmidzinamas-siltumizolacijas-putas\/#breadcrumb","itemListElement":[{"@type":"ListItem","position":1,"name":"Home","item":"https:\/\/videstehnika.lv\/et\/"},{"@type":"ListItem","position":2,"name":"Kataloog","item":"https:\/\/videstehnika.lv\/et\/kataloog\/"},{"@type":"ListItem","position":3,"name":"PENOSIL EasySpray Izsmidzin\u0101mas siltumizol\u0101cijas putas"}]},{"@type":"WebSite","@id":"https:\/\/videstehnika.lv\/et\/#website","url":"https:\/\/videstehnika.lv\/et\/","name":"Vides Tehnika","description":"","potentialAction":[{"@type":"SearchAction","target":{"@type":"EntryPoint","urlTemplate":"https:\/\/videstehnika.lv\/et\/?s={search_term_string}"},"query-input":{"@type":"PropertyValueSpecification","valueRequired":true,"valueName":"search_term_string"}}],"inLanguage":"et"}]}},"_links":{"self":[{"href":"https:\/\/videstehnika.lv\/et\/wp-json\/wp\/v2\/product\/15398","targetHints":{"allow":["GET"]}}],"collection":[{"href":"https:\/\/videstehnika.lv\/et\/wp-json\/wp\/v2\/product"}],"about":[{"href":"https:\/\/videstehnika.lv\/et\/wp-json\/wp\/v2\/types\/product"}],"wp:featuredmedia":[{"embeddable":true,"href":"https:\/\/videstehnika.lv\/et\/wp-json\/wp\/v2\/media\/15407"}],"wp:attachment":[{"href":"https:\/\/videstehnika.lv\/et\/wp-json\/wp\/v2\/media?parent=15398"}],"wp:term":[{"taxonomy":"product_cat","embeddable":true,"href":"https:\/\/videstehnika.lv\/et\/wp-json\/wp\/v2\/product_cat?post=15398"},{"taxonomy":"product_tag","embeddable":true,"href":"https:\/\/videstehnika.lv\/et\/wp-json\/wp\/v2\/product_tag?post=15398"}],"curies":[{"name":"wp","href":"https:\/\/api.w.org\/{rel}","templated":true}]}}