{"id":15572,"date":"2023-01-23T15:17:05","date_gmt":"2023-01-23T13:17:05","guid":{"rendered":"https:\/\/videstehnika.lv\/?post_type=product&#038;p=15572"},"modified":"2024-04-17T09:43:23","modified_gmt":"2024-04-17T06:43:23","slug":"cetris-basic","status":"publish","type":"product","link":"https:\/\/videstehnika.lv\/katalogs\/buvmateriali-buvei-remontam-un-ieksdarbiem\/cetris-basic\/","title":{"rendered":"Cetris Basic"},"content":{"rendered":"<h2>Cetris Basic<\/h2>\n<p>Cetris Basic ir cementa skaidu pl\u0101ksne ar gludu virsmu. Pl\u0101ksnes ir piem\u0113rotas k\u0101 gatavais gala apdares materi\u0101ls vai kr\u0101sojams ar caursp\u012bd\u012bgu kr\u0101su, ja nepiecie\u0161ams saglab\u0101t ori\u0123in\u0101lo cementa kr\u0101su. Virsmas apstr\u0101de palielina pl\u0101ksnes aizsardz\u012bbu pret nelabv\u0113l\u012bgu laika apst\u0101k\u013cu ietekmi un pagarina t\u0101s m\u016b\u017eu. \u0160o pl\u0101k\u0161\u0146u pamat\u0101 ir 63% koka skaidu, 25% cementa un 2% hidr\u0101cijas piedevas. \u0160\u012bs pl\u0101ksnes ir \u016bdens iztur\u012bgas un nedego\u0161as, uguns reakcijas klase A2.<\/p>\n<p><strong>Cetris Basic pl\u0101ksn\u0113m ir pla\u0161s pielietojums<\/strong> \u2013<\/p>\n<ul>\n<li>renov\u0113jam\u0101m \u0113k\u0101m vai ar\u012b no jauna b\u016bv\u0113t\u0101m \u0113k\u0101m,<\/li>\n<li>pl\u0101ksnes izmantojot<\/li>\n<li>gr\u012bd\u0101s, griestos, sien\u0101s,<\/li>\n<li>jumtu izb\u016bv\u0113m,<\/li>\n<li>vai ar\u012b viet\u0101s, kur ir speci\u0101las vajadz\u012bbas uz paaugstin\u0101tu ugunsdro\u0161\u012bbu un pras\u012bbas p\u0113c ekolo\u0123iskiem materi\u0101liem.<\/li>\n<\/ul>\n<p>Konstru\u0113jot fas\u0101des sist\u0113mu no Cetris Basic pl\u0101ksn\u0113m bez virsmas apstr\u0101des ir j\u0101\u0146em v\u0113r\u0101, ka tas ir cementa izstr\u0101d\u0101jums. Tas noz\u012bm\u0113, ka portlandcement\u0101 eso\u0161ais ka\u013c\u0137is \u0101r\u0101 laika apst\u0101k\u013cu ietekm\u0113 pl\u0101ksnes virsmu var padar\u012bt gai\u0161\u0101ku.<\/p>\n<h2><strong>Cetris Basic priek\u0161roc\u012bbas<\/strong><\/h2>\n<ul>\n<li>Ekolo\u0123iskums;<\/li>\n<li>Siltumizol\u0101cija;<\/li>\n<li>Ska\u0146as izol\u0101cija.<\/li>\n<\/ul>\n<p><strong>Uzst\u0101d\u012b\u0161ana ar skr\u016bv\u0113m:<\/strong><\/p>\n<ul>\n<li>Gaisa temperat\u016bra pie uzst\u0101d\u012b\u0161anas -30oC \u2013 +50oC<\/li>\n<li>Pl\u0101ksnes virsmai j\u0101b\u016bt t\u012brai no putek\u013ciem un br\u012bv\u0101m da\u013ci\u0146\u0101m<\/li>\n<li>Cetris pl\u0101ksnes ir stiprin\u0101mas pie koka vai met\u0101la karkasa<\/li>\n<\/ul>\n","protected":false},"excerpt":{"rendered":"<p>Cena nor\u0101d\u012bta par pl\u0101ksni<\/p>\n","protected":false},"featured_media":15615,"template":"","meta":{"_acf_changed":false},"product_cat":[70,96],"product_tag":[],"class_list":{"0":"post-15572","1":"product","2":"type-product","3":"status-publish","4":"has-post-thumbnail","6":"product_cat-buvmateriali-buvei-remontam-un-ieksdarbiem","7":"product_cat-fasades-plaksnes","9":"first","10":"instock","11":"taxable","12":"shipping-taxable","13":"purchasable","14":"product-type-variable"},"acf":[],"yoast_head":"<!-- This site is optimized with the Yoast SEO plugin v24.2 - https:\/\/yoast.com\/wordpress\/plugins\/seo\/ -->\n<title>Cetris Basic &#8226; Vides Tehnika<\/title>\n<meta name=\"description\" content=\"Cetris Basic ir cementa skaidu pl\u0101ksne ar gludu virsmu.\" \/>\n<meta name=\"robots\" content=\"index, follow, max-snippet:-1, max-image-preview:large, max-video-preview:-1\" \/>\n<link rel=\"canonical\" href=\"https:\/\/videstehnika.lv\/et\/katalogs\/buvmateriali-buvei-remontam-un-ieksdarbiem\/cetris-basic\/\" \/>\n<meta property=\"og:locale\" content=\"et_EE\" \/>\n<meta property=\"og:type\" content=\"article\" \/>\n<meta property=\"og:title\" content=\"Cetris Basic &#8226; Vides Tehnika\" \/>\n<meta property=\"og:description\" content=\"Cetris Basic ir cementa skaidu pl\u0101ksne ar gludu virsmu.\" \/>\n<meta property=\"og:url\" content=\"https:\/\/videstehnika.lv\/katalogs\/buvmateriali-buvei-remontam-un-ieksdarbiem\/cetris-basic\/\" \/>\n<meta property=\"og:site_name\" content=\"Vides Tehnika\" \/>\n<meta property=\"article:modified_time\" content=\"2024-04-17T06:43:23+00:00\" \/>\n<meta property=\"og:image\" content=\"https:\/\/videstehnika.lv\/wp-content\/uploads\/2023\/01\/2431174425.jpg\" \/>\n\t<meta property=\"og:image:width\" content=\"500\" \/>\n\t<meta property=\"og:image:height\" content=\"500\" \/>\n\t<meta property=\"og:image:type\" content=\"image\/jpeg\" \/>\n<meta name=\"twitter:card\" content=\"summary_large_image\" \/>\n<meta name=\"twitter:label1\" content=\"Est. reading time\" \/>\n\t<meta name=\"twitter:data1\" content=\"1 minut\" \/>\n<script type=\"application\/ld+json\" class=\"yoast-schema-graph\">{\"@context\":\"https:\/\/schema.org\",\"@graph\":[{\"@type\":\"WebPage\",\"@id\":\"https:\/\/videstehnika.lv\/katalogs\/buvmateriali-buvei-remontam-un-ieksdarbiem\/cetris-basic\/\",\"url\":\"https:\/\/videstehnika.lv\/katalogs\/buvmateriali-buvei-remontam-un-ieksdarbiem\/cetris-basic\/\",\"name\":\"Cetris Basic &#8226; Vides Tehnika\",\"isPartOf\":{\"@id\":\"https:\/\/videstehnika.lv\/et\/#website\"},\"primaryImageOfPage\":{\"@id\":\"https:\/\/videstehnika.lv\/katalogs\/buvmateriali-buvei-remontam-un-ieksdarbiem\/cetris-basic\/#primaryimage\"},\"image\":{\"@id\":\"https:\/\/videstehnika.lv\/katalogs\/buvmateriali-buvei-remontam-un-ieksdarbiem\/cetris-basic\/#primaryimage\"},\"thumbnailUrl\":\"https:\/\/videstehnika.lv\/wp-content\/uploads\/2023\/01\/2431174425.jpg\",\"datePublished\":\"2023-01-23T13:17:05+00:00\",\"dateModified\":\"2024-04-17T06:43:23+00:00\",\"description\":\"Cetris Basic ir cementa skaidu pl\u0101ksne ar gludu virsmu.\",\"breadcrumb\":{\"@id\":\"https:\/\/videstehnika.lv\/katalogs\/buvmateriali-buvei-remontam-un-ieksdarbiem\/cetris-basic\/#breadcrumb\"},\"inLanguage\":\"et\",\"potentialAction\":[{\"@type\":\"ReadAction\",\"target\":[\"https:\/\/videstehnika.lv\/katalogs\/buvmateriali-buvei-remontam-un-ieksdarbiem\/cetris-basic\/\"]}]},{\"@type\":\"ImageObject\",\"inLanguage\":\"et\",\"@id\":\"https:\/\/videstehnika.lv\/katalogs\/buvmateriali-buvei-remontam-un-ieksdarbiem\/cetris-basic\/#primaryimage\",\"url\":\"https:\/\/videstehnika.lv\/wp-content\/uploads\/2023\/01\/2431174425.jpg\",\"contentUrl\":\"https:\/\/videstehnika.lv\/wp-content\/uploads\/2023\/01\/2431174425.jpg\",\"width\":500,\"height\":500},{\"@type\":\"BreadcrumbList\",\"@id\":\"https:\/\/videstehnika.lv\/katalogs\/buvmateriali-buvei-remontam-un-ieksdarbiem\/cetris-basic\/#breadcrumb\",\"itemListElement\":[{\"@type\":\"ListItem\",\"position\":1,\"name\":\"Home\",\"item\":\"https:\/\/videstehnika.lv\/et\/\"},{\"@type\":\"ListItem\",\"position\":2,\"name\":\"Kataloog\",\"item\":\"https:\/\/videstehnika.lv\/et\/kataloog\/\"},{\"@type\":\"ListItem\",\"position\":3,\"name\":\"Cetris Basic\"}]},{\"@type\":\"WebSite\",\"@id\":\"https:\/\/videstehnika.lv\/et\/#website\",\"url\":\"https:\/\/videstehnika.lv\/et\/\",\"name\":\"Vides Tehnika\",\"description\":\"\",\"potentialAction\":[{\"@type\":\"SearchAction\",\"target\":{\"@type\":\"EntryPoint\",\"urlTemplate\":\"https:\/\/videstehnika.lv\/et\/?s={search_term_string}\"},\"query-input\":{\"@type\":\"PropertyValueSpecification\",\"valueRequired\":true,\"valueName\":\"search_term_string\"}}],\"inLanguage\":\"et\"}]}<\/script>\n<!-- \/ Yoast SEO plugin. -->","yoast_head_json":{"title":"Cetris Basic &#8226; Vides Tehnika","description":"Cetris Basic ir cementa skaidu pl\u0101ksne ar gludu virsmu.","robots":{"index":"index","follow":"follow","max-snippet":"max-snippet:-1","max-image-preview":"max-image-preview:large","max-video-preview":"max-video-preview:-1"},"canonical":"https:\/\/videstehnika.lv\/et\/katalogs\/buvmateriali-buvei-remontam-un-ieksdarbiem\/cetris-basic\/","og_locale":"et_EE","og_type":"article","og_title":"Cetris Basic &#8226; Vides Tehnika","og_description":"Cetris Basic ir cementa skaidu pl\u0101ksne ar gludu virsmu.","og_url":"https:\/\/videstehnika.lv\/katalogs\/buvmateriali-buvei-remontam-un-ieksdarbiem\/cetris-basic\/","og_site_name":"Vides Tehnika","article_modified_time":"2024-04-17T06:43:23+00:00","og_image":[{"width":500,"height":500,"url":"https:\/\/videstehnika.lv\/wp-content\/uploads\/2023\/01\/2431174425.jpg","type":"image\/jpeg"}],"twitter_card":"summary_large_image","twitter_misc":{"Est. reading time":"1 minut"},"schema":{"@context":"https:\/\/schema.org","@graph":[{"@type":"WebPage","@id":"https:\/\/videstehnika.lv\/katalogs\/buvmateriali-buvei-remontam-un-ieksdarbiem\/cetris-basic\/","url":"https:\/\/videstehnika.lv\/katalogs\/buvmateriali-buvei-remontam-un-ieksdarbiem\/cetris-basic\/","name":"Cetris Basic &#8226; Vides Tehnika","isPartOf":{"@id":"https:\/\/videstehnika.lv\/et\/#website"},"primaryImageOfPage":{"@id":"https:\/\/videstehnika.lv\/katalogs\/buvmateriali-buvei-remontam-un-ieksdarbiem\/cetris-basic\/#primaryimage"},"image":{"@id":"https:\/\/videstehnika.lv\/katalogs\/buvmateriali-buvei-remontam-un-ieksdarbiem\/cetris-basic\/#primaryimage"},"thumbnailUrl":"https:\/\/videstehnika.lv\/wp-content\/uploads\/2023\/01\/2431174425.jpg","datePublished":"2023-01-23T13:17:05+00:00","dateModified":"2024-04-17T06:43:23+00:00","description":"Cetris Basic ir cementa skaidu pl\u0101ksne ar gludu virsmu.","breadcrumb":{"@id":"https:\/\/videstehnika.lv\/katalogs\/buvmateriali-buvei-remontam-un-ieksdarbiem\/cetris-basic\/#breadcrumb"},"inLanguage":"et","potentialAction":[{"@type":"ReadAction","target":["https:\/\/videstehnika.lv\/katalogs\/buvmateriali-buvei-remontam-un-ieksdarbiem\/cetris-basic\/"]}]},{"@type":"ImageObject","inLanguage":"et","@id":"https:\/\/videstehnika.lv\/katalogs\/buvmateriali-buvei-remontam-un-ieksdarbiem\/cetris-basic\/#primaryimage","url":"https:\/\/videstehnika.lv\/wp-content\/uploads\/2023\/01\/2431174425.jpg","contentUrl":"https:\/\/videstehnika.lv\/wp-content\/uploads\/2023\/01\/2431174425.jpg","width":500,"height":500},{"@type":"BreadcrumbList","@id":"https:\/\/videstehnika.lv\/katalogs\/buvmateriali-buvei-remontam-un-ieksdarbiem\/cetris-basic\/#breadcrumb","itemListElement":[{"@type":"ListItem","position":1,"name":"Home","item":"https:\/\/videstehnika.lv\/et\/"},{"@type":"ListItem","position":2,"name":"Kataloog","item":"https:\/\/videstehnika.lv\/et\/kataloog\/"},{"@type":"ListItem","position":3,"name":"Cetris Basic"}]},{"@type":"WebSite","@id":"https:\/\/videstehnika.lv\/et\/#website","url":"https:\/\/videstehnika.lv\/et\/","name":"Vides Tehnika","description":"","potentialAction":[{"@type":"SearchAction","target":{"@type":"EntryPoint","urlTemplate":"https:\/\/videstehnika.lv\/et\/?s={search_term_string}"},"query-input":{"@type":"PropertyValueSpecification","valueRequired":true,"valueName":"search_term_string"}}],"inLanguage":"et"}]}},"_links":{"self":[{"href":"https:\/\/videstehnika.lv\/et\/wp-json\/wp\/v2\/product\/15572","targetHints":{"allow":["GET"]}}],"collection":[{"href":"https:\/\/videstehnika.lv\/et\/wp-json\/wp\/v2\/product"}],"about":[{"href":"https:\/\/videstehnika.lv\/et\/wp-json\/wp\/v2\/types\/product"}],"wp:featuredmedia":[{"embeddable":true,"href":"https:\/\/videstehnika.lv\/et\/wp-json\/wp\/v2\/media\/15615"}],"wp:attachment":[{"href":"https:\/\/videstehnika.lv\/et\/wp-json\/wp\/v2\/media?parent=15572"}],"wp:term":[{"taxonomy":"product_cat","embeddable":true,"href":"https:\/\/videstehnika.lv\/et\/wp-json\/wp\/v2\/product_cat?post=15572"},{"taxonomy":"product_tag","embeddable":true,"href":"https:\/\/videstehnika.lv\/et\/wp-json\/wp\/v2\/product_tag?post=15572"}],"curies":[{"name":"wp","href":"https:\/\/api.w.org\/{rel}","templated":true}]}}