{"id":15942,"date":"2023-01-26T14:04:34","date_gmt":"2023-01-26T12:04:34","guid":{"rendered":"https:\/\/videstehnika.lv\/?post_type=product&#038;p=15942"},"modified":"2024-05-02T15:05:12","modified_gmt":"2024-05-02T12:05:12","slug":"siga-majcoat-250-sob","status":"publish","type":"product","link":"https:\/\/videstehnika.lv\/katalogs\/celtniecibas-pleves-kontsrukciju-aizsardzibai\/siga-majcoat-250-sob\/","title":{"rendered":"SIGA Majcoat 250 SOB"},"content":{"rendered":"<h2 class=\"mainbox-title\">SIGA Majcoat 250 SOB jumta pretv\u0113ja membr\u0101na<\/h2>\n<p>Jumta pretv\u0113ja membr\u0101nas. SIGA liptsp\u0113ja nodro\u0161in\u0101ta notur\u012bgi un \u013coti labi piel\u012bp gan augst\u0101, gan zem\u0101 temperat\u016br\u0101. 3 sl\u0101\u0146i, funkcion\u0101lo sl\u0101ni aizsarg\u0101 2 aizsargsl\u0101\u0146i notur\u012bga pret lietusg\u0101z\u0113m un mitruma dif\u016bziju. iztur\u012bga, notur\u012bga pret boj\u0101jumiem netiek boj\u0101ta celtniec\u012bbas darbu laik\u0101. 3 sl\u0101\u0146i, funkcion\u0101lais sl\u0101nis pastiprin\u0101ts no ab\u0101m pus\u0113m ar neaustu PP materi\u0101lu. Biezums: 0,6 mm. Svars uz plat\u012bbu: 190 g\/m2. EN 13859-1\/EN 13859-2. sd v\u0113rt\u012bba: 0,1 m. Tvaika notur\u012bba: &lt;0,02 MNs\/g notur\u012bga pret lietusg\u0101z\u0113m. \u016bdensnecaurlaid\u012bga: iev\u0113rojami p\u0101rsniedz EN 1928 standarta W1 klases pras\u012bbas Reakcija uz uguns iedarb\u012bbu: E klase, atbilsto\u0161i EN 13501-1 standartam . Jumta sl\u012bpumam j\u0101b\u016bt vismaz 10\u00b0.<\/p>\n<h2 class=\"mainbox-title\">SIGA Majcoat 250 SOB p<strong>ielietojums<\/strong><\/h2>\n<ul>\n<li>\n<div class=\"product data-item-wrap toggle-mobile\">\n<div id=\"description-content\" class=\"data item-content content-toggle\">\n<div class=\"product attribute description\">\n<div class=\"value\">\n<p>Piem\u0113rota jumta apak\u0161\u0113jam sl\u0101nim pie norm\u0101l\u0101m un paaugstin\u0101t\u0101m pras\u012bb\u0101m atbilsto\u0161i SIA 232 Atbilst ZVDH izstr\u0101d\u0101juma &#8220;Elpojo\u0161\u0101s membr\u0101nas&#8221; datu lapas UDB-A klases 1. tabulas pras\u012bb\u0101m<\/p>\n<p>Piem\u0113rota izmanto\u0161anai k\u0101 USB-A klases jumta membr\u0101na<\/p>\n<p>Piem\u0113rota pagaidu p\u0101rkl\u0101jumiem\/celtniec\u012bbas p\u0101rkl\u0101jumiem uz laiku l\u012bdz 8 ned\u0113\u013c\u0101m<\/p>\n<p>Piem\u0113roti SIGA piederumi: Wigluv, Primur ru\u013c\u013ci, SIGA naglu izol\u0113\u0161anas lenteMajcoat SOB:<\/p>\n<p>Piem\u0113rota \u016bdensnecaurlaid\u012bgu jumtu apak\u0161\u0113jam sl\u0101nim atbilsto\u0161i \u00d6NORM B 4119 standartam<\/p>\n<\/div>\n<\/div>\n<\/div>\n<\/div>\n<div class=\"product data-item-wrap toggle-mobile\">\n<div id=\"amfile_attachment\" class=\"data switch\"><\/div>\n<\/div>\n<\/li>\n<\/ul>\n","protected":false},"excerpt":{"rendered":"<p>SIGA Majcoat 250 SOB jumta pretv\u0113ja membr\u0101na Jumta pretv\u0113ja membr\u0101nas. SIGA liptsp\u0113ja nodro\u0161in\u0101ta notur\u012bgi un \u013coti labi piel\u012bp gan augst\u0101,<\/p>\n","protected":false},"featured_media":15950,"template":"","meta":{"_acf_changed":false},"product_cat":[87,67],"product_tag":[],"class_list":{"0":"post-15942","1":"product","2":"type-product","3":"status-publish","4":"has-post-thumbnail","6":"product_cat-pretveja-membranas","7":"product_cat-celtniecibas-pleves-kontsrukciju-aizsardzibai","9":"first","10":"instock","11":"taxable","12":"shipping-taxable","13":"purchasable","14":"product-type-variable"},"acf":[],"yoast_head":"<!-- This site is optimized with the Yoast SEO plugin v24.2 - https:\/\/yoast.com\/wordpress\/plugins\/seo\/ -->\n<title>SIGA Majcoat 250 SOB &#8226; Vides Tehnika<\/title>\n<meta name=\"description\" content=\"SIGA Majcoat 250 SOB Jumta pretv\u0113ja membr\u0101nas. SIGA liptsp\u0113ja nodro\u0161in\u0101ta notur\u012bgi un \u013coti labi piel\u012bp gan augst\u0101, gan zem\u0101 temperat\u016br\u0101.\" \/>\n<meta name=\"robots\" content=\"index, follow, max-snippet:-1, max-image-preview:large, max-video-preview:-1\" \/>\n<link rel=\"canonical\" href=\"https:\/\/videstehnika.lv\/et\/katalogs\/celtniecibas-pleves-kontsrukciju-aizsardzibai\/siga-majcoat-250-sob\/\" \/>\n<meta property=\"og:locale\" content=\"et_EE\" \/>\n<meta property=\"og:type\" content=\"article\" \/>\n<meta property=\"og:title\" content=\"SIGA Majcoat 250 SOB &#8226; Vides Tehnika\" \/>\n<meta property=\"og:description\" content=\"SIGA Majcoat 250 SOB Jumta pretv\u0113ja membr\u0101nas. SIGA liptsp\u0113ja nodro\u0161in\u0101ta notur\u012bgi un \u013coti labi piel\u012bp gan augst\u0101, gan zem\u0101 temperat\u016br\u0101.\" \/>\n<meta property=\"og:url\" content=\"https:\/\/videstehnika.lv\/katalogs\/celtniecibas-pleves-kontsrukciju-aizsardzibai\/siga-majcoat-250-sob\/\" \/>\n<meta property=\"og:site_name\" content=\"Vides Tehnika\" \/>\n<meta property=\"article:modified_time\" content=\"2024-05-02T12:05:12+00:00\" \/>\n<meta property=\"og:image\" content=\"https:\/\/videstehnika.lv\/wp-content\/uploads\/2023\/01\/Majcoat-250-SOB.png\" \/>\n\t<meta property=\"og:image:width\" content=\"234\" \/>\n\t<meta property=\"og:image:height\" content=\"330\" \/>\n\t<meta property=\"og:image:type\" content=\"image\/png\" \/>\n<meta name=\"twitter:card\" content=\"summary_large_image\" \/>\n<meta name=\"twitter:label1\" content=\"Est. reading time\" \/>\n\t<meta name=\"twitter:data1\" content=\"1 minut\" \/>\n<script type=\"application\/ld+json\" class=\"yoast-schema-graph\">{\"@context\":\"https:\/\/schema.org\",\"@graph\":[{\"@type\":\"WebPage\",\"@id\":\"https:\/\/videstehnika.lv\/katalogs\/celtniecibas-pleves-kontsrukciju-aizsardzibai\/siga-majcoat-250-sob\/\",\"url\":\"https:\/\/videstehnika.lv\/katalogs\/celtniecibas-pleves-kontsrukciju-aizsardzibai\/siga-majcoat-250-sob\/\",\"name\":\"SIGA Majcoat 250 SOB &#8226; Vides Tehnika\",\"isPartOf\":{\"@id\":\"https:\/\/videstehnika.lv\/et\/#website\"},\"primaryImageOfPage\":{\"@id\":\"https:\/\/videstehnika.lv\/katalogs\/celtniecibas-pleves-kontsrukciju-aizsardzibai\/siga-majcoat-250-sob\/#primaryimage\"},\"image\":{\"@id\":\"https:\/\/videstehnika.lv\/katalogs\/celtniecibas-pleves-kontsrukciju-aizsardzibai\/siga-majcoat-250-sob\/#primaryimage\"},\"thumbnailUrl\":\"https:\/\/videstehnika.lv\/wp-content\/uploads\/2023\/01\/Majcoat-250-SOB.png\",\"datePublished\":\"2023-01-26T12:04:34+00:00\",\"dateModified\":\"2024-05-02T12:05:12+00:00\",\"description\":\"SIGA Majcoat 250 SOB Jumta pretv\u0113ja membr\u0101nas. SIGA liptsp\u0113ja nodro\u0161in\u0101ta notur\u012bgi un \u013coti labi piel\u012bp gan augst\u0101, gan zem\u0101 temperat\u016br\u0101.\",\"breadcrumb\":{\"@id\":\"https:\/\/videstehnika.lv\/katalogs\/celtniecibas-pleves-kontsrukciju-aizsardzibai\/siga-majcoat-250-sob\/#breadcrumb\"},\"inLanguage\":\"et\",\"potentialAction\":[{\"@type\":\"ReadAction\",\"target\":[\"https:\/\/videstehnika.lv\/katalogs\/celtniecibas-pleves-kontsrukciju-aizsardzibai\/siga-majcoat-250-sob\/\"]}]},{\"@type\":\"ImageObject\",\"inLanguage\":\"et\",\"@id\":\"https:\/\/videstehnika.lv\/katalogs\/celtniecibas-pleves-kontsrukciju-aizsardzibai\/siga-majcoat-250-sob\/#primaryimage\",\"url\":\"https:\/\/videstehnika.lv\/wp-content\/uploads\/2023\/01\/Majcoat-250-SOB.png\",\"contentUrl\":\"https:\/\/videstehnika.lv\/wp-content\/uploads\/2023\/01\/Majcoat-250-SOB.png\",\"width\":234,\"height\":330},{\"@type\":\"BreadcrumbList\",\"@id\":\"https:\/\/videstehnika.lv\/katalogs\/celtniecibas-pleves-kontsrukciju-aizsardzibai\/siga-majcoat-250-sob\/#breadcrumb\",\"itemListElement\":[{\"@type\":\"ListItem\",\"position\":1,\"name\":\"Home\",\"item\":\"https:\/\/videstehnika.lv\/et\/\"},{\"@type\":\"ListItem\",\"position\":2,\"name\":\"Kataloog\",\"item\":\"https:\/\/videstehnika.lv\/et\/kataloog\/\"},{\"@type\":\"ListItem\",\"position\":3,\"name\":\"SIGA Majcoat 250 SOB\"}]},{\"@type\":\"WebSite\",\"@id\":\"https:\/\/videstehnika.lv\/et\/#website\",\"url\":\"https:\/\/videstehnika.lv\/et\/\",\"name\":\"Vides Tehnika\",\"description\":\"\",\"potentialAction\":[{\"@type\":\"SearchAction\",\"target\":{\"@type\":\"EntryPoint\",\"urlTemplate\":\"https:\/\/videstehnika.lv\/et\/?s={search_term_string}\"},\"query-input\":{\"@type\":\"PropertyValueSpecification\",\"valueRequired\":true,\"valueName\":\"search_term_string\"}}],\"inLanguage\":\"et\"}]}<\/script>\n<!-- \/ Yoast SEO plugin. -->","yoast_head_json":{"title":"SIGA Majcoat 250 SOB &#8226; Vides Tehnika","description":"SIGA Majcoat 250 SOB Jumta pretv\u0113ja membr\u0101nas. SIGA liptsp\u0113ja nodro\u0161in\u0101ta notur\u012bgi un \u013coti labi piel\u012bp gan augst\u0101, gan zem\u0101 temperat\u016br\u0101.","robots":{"index":"index","follow":"follow","max-snippet":"max-snippet:-1","max-image-preview":"max-image-preview:large","max-video-preview":"max-video-preview:-1"},"canonical":"https:\/\/videstehnika.lv\/et\/katalogs\/celtniecibas-pleves-kontsrukciju-aizsardzibai\/siga-majcoat-250-sob\/","og_locale":"et_EE","og_type":"article","og_title":"SIGA Majcoat 250 SOB &#8226; Vides Tehnika","og_description":"SIGA Majcoat 250 SOB Jumta pretv\u0113ja membr\u0101nas. SIGA liptsp\u0113ja nodro\u0161in\u0101ta notur\u012bgi un \u013coti labi piel\u012bp gan augst\u0101, gan zem\u0101 temperat\u016br\u0101.","og_url":"https:\/\/videstehnika.lv\/katalogs\/celtniecibas-pleves-kontsrukciju-aizsardzibai\/siga-majcoat-250-sob\/","og_site_name":"Vides Tehnika","article_modified_time":"2024-05-02T12:05:12+00:00","og_image":[{"width":234,"height":330,"url":"https:\/\/videstehnika.lv\/wp-content\/uploads\/2023\/01\/Majcoat-250-SOB.png","type":"image\/png"}],"twitter_card":"summary_large_image","twitter_misc":{"Est. reading time":"1 minut"},"schema":{"@context":"https:\/\/schema.org","@graph":[{"@type":"WebPage","@id":"https:\/\/videstehnika.lv\/katalogs\/celtniecibas-pleves-kontsrukciju-aizsardzibai\/siga-majcoat-250-sob\/","url":"https:\/\/videstehnika.lv\/katalogs\/celtniecibas-pleves-kontsrukciju-aizsardzibai\/siga-majcoat-250-sob\/","name":"SIGA Majcoat 250 SOB &#8226; Vides Tehnika","isPartOf":{"@id":"https:\/\/videstehnika.lv\/et\/#website"},"primaryImageOfPage":{"@id":"https:\/\/videstehnika.lv\/katalogs\/celtniecibas-pleves-kontsrukciju-aizsardzibai\/siga-majcoat-250-sob\/#primaryimage"},"image":{"@id":"https:\/\/videstehnika.lv\/katalogs\/celtniecibas-pleves-kontsrukciju-aizsardzibai\/siga-majcoat-250-sob\/#primaryimage"},"thumbnailUrl":"https:\/\/videstehnika.lv\/wp-content\/uploads\/2023\/01\/Majcoat-250-SOB.png","datePublished":"2023-01-26T12:04:34+00:00","dateModified":"2024-05-02T12:05:12+00:00","description":"SIGA Majcoat 250 SOB Jumta pretv\u0113ja membr\u0101nas. SIGA liptsp\u0113ja nodro\u0161in\u0101ta notur\u012bgi un \u013coti labi piel\u012bp gan augst\u0101, gan zem\u0101 temperat\u016br\u0101.","breadcrumb":{"@id":"https:\/\/videstehnika.lv\/katalogs\/celtniecibas-pleves-kontsrukciju-aizsardzibai\/siga-majcoat-250-sob\/#breadcrumb"},"inLanguage":"et","potentialAction":[{"@type":"ReadAction","target":["https:\/\/videstehnika.lv\/katalogs\/celtniecibas-pleves-kontsrukciju-aizsardzibai\/siga-majcoat-250-sob\/"]}]},{"@type":"ImageObject","inLanguage":"et","@id":"https:\/\/videstehnika.lv\/katalogs\/celtniecibas-pleves-kontsrukciju-aizsardzibai\/siga-majcoat-250-sob\/#primaryimage","url":"https:\/\/videstehnika.lv\/wp-content\/uploads\/2023\/01\/Majcoat-250-SOB.png","contentUrl":"https:\/\/videstehnika.lv\/wp-content\/uploads\/2023\/01\/Majcoat-250-SOB.png","width":234,"height":330},{"@type":"BreadcrumbList","@id":"https:\/\/videstehnika.lv\/katalogs\/celtniecibas-pleves-kontsrukciju-aizsardzibai\/siga-majcoat-250-sob\/#breadcrumb","itemListElement":[{"@type":"ListItem","position":1,"name":"Home","item":"https:\/\/videstehnika.lv\/et\/"},{"@type":"ListItem","position":2,"name":"Kataloog","item":"https:\/\/videstehnika.lv\/et\/kataloog\/"},{"@type":"ListItem","position":3,"name":"SIGA Majcoat 250 SOB"}]},{"@type":"WebSite","@id":"https:\/\/videstehnika.lv\/et\/#website","url":"https:\/\/videstehnika.lv\/et\/","name":"Vides Tehnika","description":"","potentialAction":[{"@type":"SearchAction","target":{"@type":"EntryPoint","urlTemplate":"https:\/\/videstehnika.lv\/et\/?s={search_term_string}"},"query-input":{"@type":"PropertyValueSpecification","valueRequired":true,"valueName":"search_term_string"}}],"inLanguage":"et"}]}},"_links":{"self":[{"href":"https:\/\/videstehnika.lv\/et\/wp-json\/wp\/v2\/product\/15942","targetHints":{"allow":["GET"]}}],"collection":[{"href":"https:\/\/videstehnika.lv\/et\/wp-json\/wp\/v2\/product"}],"about":[{"href":"https:\/\/videstehnika.lv\/et\/wp-json\/wp\/v2\/types\/product"}],"wp:featuredmedia":[{"embeddable":true,"href":"https:\/\/videstehnika.lv\/et\/wp-json\/wp\/v2\/media\/15950"}],"wp:attachment":[{"href":"https:\/\/videstehnika.lv\/et\/wp-json\/wp\/v2\/media?parent=15942"}],"wp:term":[{"taxonomy":"product_cat","embeddable":true,"href":"https:\/\/videstehnika.lv\/et\/wp-json\/wp\/v2\/product_cat?post=15942"},{"taxonomy":"product_tag","embeddable":true,"href":"https:\/\/videstehnika.lv\/et\/wp-json\/wp\/v2\/product_tag?post=15942"}],"curies":[{"name":"wp","href":"https:\/\/api.w.org\/{rel}","templated":true}]}}