{"id":16605,"date":"2023-02-08T09:55:13","date_gmt":"2023-02-08T07:55:13","guid":{"rendered":"https:\/\/videstehnika.lv\/?post_type=product&#038;p=16605"},"modified":"2023-02-08T10:09:08","modified_gmt":"2023-02-08T08:09:08","slug":"bauroc-parsedzes","status":"publish","type":"product","link":"https:\/\/videstehnika.lv\/katalogs\/buvmateriali-buvei-remontam-un-ieksdarbiem\/bauroc-parsedzes\/","title":{"rendered":"Bauroc P\u0100RSEDZES"},"content":{"rendered":"<h2>Bauroc P\u0100RSEDZES<\/h2>\n<p>bauroc P\u0100RSEDZES tiek izgatavotas no autoklav\u0113ta g\u0101zbetona ar videjo sauso bl\u012bvumu 500 kg\/m\u00b3 atbilsto\u0161i bauroc bloku platumam (500mm, 375 mm, 300 mm, 250 mm, 200 mm, 150 mm, 100mm). To augstums ir 200 mm (viena bloka augstums), 400 mm (divu bloku augstums) vai 600 mm (tr\u012bs bloku augstums).<\/p>\n<h2>Pielietojums<\/h2>\n<p>bauroc P\u0100RSEDZE tiek izmantota k\u0101 neso\u0161ais elements logu un durvju ailu p\u0101rseg\u0161anai bauroc bloku sien\u0101s (iz\u0146emot P\u0100RSEDZI ar 100 mm platumu). bauroc P\u0100RSEDZE ir apr\u0113\u0137in\u0101ta k\u0101 vienlaiduma sija un paredz\u0113ta zin\u0101mas slodzes uz\u0146em\u0161anai.<br \/>\nbauroc P\u0100RSEDZE nav ieteicams slogot ar koncentr\u0113tu slodzi. P\u0100RSEDZES arm\u0113jums \u013cauj balst\u012bt daudzst\u0101vu m\u0101ju starpst\u0101vu pane\u013cus tie\u0161i uz p\u0101rsedzes bez papildu bloku rindu iekl\u0101\u0161anas.<\/p>\n<h2>Izm\u0113ri<\/h2>\n<p>bauroc P\u0100RSEDZES tiek izgatavotas atbilsto\u0161i bauroc bloku platumam (500mm, 375 mm, 300 mm, 250 mm, 200 mm, 150 mm, 100mm). To augstums ir 200 mm (viena bloka augstums), 400 mm (divu bloku augstums) vai 600 mm (tr\u012bs bloku augstums), ja t\u0101s garums ir liel\u0101ks par 5 m. Visas P\u0100RSEDZES (iz\u0146emot p\u0101rsedzes ar platumu 100 mm), tiek izmantotas k\u0101 neso\u0161ie elementi.<br \/>\nTabul\u0101 ir atspogu\u013coti izm\u0113ri P\u0100RSEDZ\u0112M, kas tiek ra\u017eotas s\u0101kot ar 01.01.2010.<\/p>\n","protected":false},"excerpt":{"rendered":"<p>Izm\u0113ri: <strong>ECOTERM 375 200x375x600mm<\/strong><\/p>\n","protected":false},"featured_media":16608,"template":"","meta":{"_acf_changed":false},"product_cat":[70,2873],"product_tag":[],"class_list":{"0":"post-16605","1":"product","2":"type-product","3":"status-publish","4":"has-post-thumbnail","6":"product_cat-buvmateriali-buvei-remontam-un-ieksdarbiem","7":"product_cat-parsedzes","9":"first","10":"instock","11":"taxable","12":"shipping-taxable","13":"purchasable","14":"product-type-simple"},"acf":[],"yoast_head":"<!-- This site is optimized with the Yoast SEO plugin v24.2 - https:\/\/yoast.com\/wordpress\/plugins\/seo\/ -->\n<title>Bauroc P\u0100RSEDZES &#8226; Vides Tehnika<\/title>\n<meta name=\"description\" content=\"bauroc P\u0100RSEDZES tiek izgatavotas no autoklav\u0113ta g\u0101zbetona ar videjo sauso bl\u012bvumu 500 kg\/m\u00b3 atbilsto\u0161i bauroc bloku platumam (500mm, 375 mm, 300 mm, 250 mm, 200 mm, 150 mm, 100mm).\" \/>\n<meta name=\"robots\" content=\"index, follow, max-snippet:-1, max-image-preview:large, max-video-preview:-1\" \/>\n<link rel=\"canonical\" href=\"https:\/\/videstehnika.lv\/et\/katalogs\/buvmateriali-buvei-remontam-un-ieksdarbiem\/bauroc-parsedzes\/\" \/>\n<meta property=\"og:locale\" content=\"et_EE\" \/>\n<meta property=\"og:type\" content=\"article\" \/>\n<meta property=\"og:title\" content=\"Bauroc P\u0100RSEDZES &#8226; Vides Tehnika\" \/>\n<meta property=\"og:description\" content=\"bauroc P\u0100RSEDZES tiek izgatavotas no autoklav\u0113ta g\u0101zbetona ar videjo sauso bl\u012bvumu 500 kg\/m\u00b3 atbilsto\u0161i bauroc bloku platumam (500mm, 375 mm, 300 mm, 250 mm, 200 mm, 150 mm, 100mm).\" \/>\n<meta property=\"og:url\" content=\"https:\/\/videstehnika.lv\/katalogs\/buvmateriali-buvei-remontam-un-ieksdarbiem\/bauroc-parsedzes\/\" \/>\n<meta property=\"og:site_name\" content=\"Vides Tehnika\" \/>\n<meta property=\"article:modified_time\" content=\"2023-02-08T08:09:08+00:00\" \/>\n<meta property=\"og:image\" content=\"https:\/\/videstehnika.lv\/wp-content\/uploads\/2023\/02\/sillus.jpg.webp\" \/>\n\t<meta property=\"og:image:width\" content=\"2279\" \/>\n\t<meta property=\"og:image:height\" content=\"827\" \/>\n\t<meta property=\"og:image:type\" content=\"image\/webp\" \/>\n<meta name=\"twitter:card\" content=\"summary_large_image\" \/>\n<meta name=\"twitter:label1\" content=\"Est. reading time\" \/>\n\t<meta name=\"twitter:data1\" content=\"1 minut\" \/>\n<script type=\"application\/ld+json\" class=\"yoast-schema-graph\">{\"@context\":\"https:\/\/schema.org\",\"@graph\":[{\"@type\":\"WebPage\",\"@id\":\"https:\/\/videstehnika.lv\/katalogs\/buvmateriali-buvei-remontam-un-ieksdarbiem\/bauroc-parsedzes\/\",\"url\":\"https:\/\/videstehnika.lv\/katalogs\/buvmateriali-buvei-remontam-un-ieksdarbiem\/bauroc-parsedzes\/\",\"name\":\"Bauroc P\u0100RSEDZES &#8226; Vides Tehnika\",\"isPartOf\":{\"@id\":\"https:\/\/videstehnika.lv\/et\/#website\"},\"primaryImageOfPage\":{\"@id\":\"https:\/\/videstehnika.lv\/katalogs\/buvmateriali-buvei-remontam-un-ieksdarbiem\/bauroc-parsedzes\/#primaryimage\"},\"image\":{\"@id\":\"https:\/\/videstehnika.lv\/katalogs\/buvmateriali-buvei-remontam-un-ieksdarbiem\/bauroc-parsedzes\/#primaryimage\"},\"thumbnailUrl\":\"https:\/\/videstehnika.lv\/wp-content\/uploads\/2023\/02\/sillus.jpg.webp\",\"datePublished\":\"2023-02-08T07:55:13+00:00\",\"dateModified\":\"2023-02-08T08:09:08+00:00\",\"description\":\"bauroc P\u0100RSEDZES tiek izgatavotas no autoklav\u0113ta g\u0101zbetona ar videjo sauso bl\u012bvumu 500 kg\/m\u00b3 atbilsto\u0161i bauroc bloku platumam (500mm, 375 mm, 300 mm, 250 mm, 200 mm, 150 mm, 100mm).\",\"breadcrumb\":{\"@id\":\"https:\/\/videstehnika.lv\/katalogs\/buvmateriali-buvei-remontam-un-ieksdarbiem\/bauroc-parsedzes\/#breadcrumb\"},\"inLanguage\":\"et\",\"potentialAction\":[{\"@type\":\"ReadAction\",\"target\":[\"https:\/\/videstehnika.lv\/katalogs\/buvmateriali-buvei-remontam-un-ieksdarbiem\/bauroc-parsedzes\/\"]}]},{\"@type\":\"ImageObject\",\"inLanguage\":\"et\",\"@id\":\"https:\/\/videstehnika.lv\/katalogs\/buvmateriali-buvei-remontam-un-ieksdarbiem\/bauroc-parsedzes\/#primaryimage\",\"url\":\"https:\/\/videstehnika.lv\/wp-content\/uploads\/2023\/02\/sillus.jpg.webp\",\"contentUrl\":\"https:\/\/videstehnika.lv\/wp-content\/uploads\/2023\/02\/sillus.jpg.webp\",\"width\":2279,\"height\":827},{\"@type\":\"BreadcrumbList\",\"@id\":\"https:\/\/videstehnika.lv\/katalogs\/buvmateriali-buvei-remontam-un-ieksdarbiem\/bauroc-parsedzes\/#breadcrumb\",\"itemListElement\":[{\"@type\":\"ListItem\",\"position\":1,\"name\":\"Home\",\"item\":\"https:\/\/videstehnika.lv\/et\/\"},{\"@type\":\"ListItem\",\"position\":2,\"name\":\"Kataloog\",\"item\":\"https:\/\/videstehnika.lv\/et\/kataloog\/\"},{\"@type\":\"ListItem\",\"position\":3,\"name\":\"Bauroc P\u0100RSEDZES\"}]},{\"@type\":\"WebSite\",\"@id\":\"https:\/\/videstehnika.lv\/et\/#website\",\"url\":\"https:\/\/videstehnika.lv\/et\/\",\"name\":\"Vides Tehnika\",\"description\":\"\",\"potentialAction\":[{\"@type\":\"SearchAction\",\"target\":{\"@type\":\"EntryPoint\",\"urlTemplate\":\"https:\/\/videstehnika.lv\/et\/?s={search_term_string}\"},\"query-input\":{\"@type\":\"PropertyValueSpecification\",\"valueRequired\":true,\"valueName\":\"search_term_string\"}}],\"inLanguage\":\"et\"}]}<\/script>\n<!-- \/ Yoast SEO plugin. -->","yoast_head_json":{"title":"Bauroc P\u0100RSEDZES &#8226; Vides Tehnika","description":"bauroc P\u0100RSEDZES tiek izgatavotas no autoklav\u0113ta g\u0101zbetona ar videjo sauso bl\u012bvumu 500 kg\/m\u00b3 atbilsto\u0161i bauroc bloku platumam (500mm, 375 mm, 300 mm, 250 mm, 200 mm, 150 mm, 100mm).","robots":{"index":"index","follow":"follow","max-snippet":"max-snippet:-1","max-image-preview":"max-image-preview:large","max-video-preview":"max-video-preview:-1"},"canonical":"https:\/\/videstehnika.lv\/et\/katalogs\/buvmateriali-buvei-remontam-un-ieksdarbiem\/bauroc-parsedzes\/","og_locale":"et_EE","og_type":"article","og_title":"Bauroc P\u0100RSEDZES &#8226; Vides Tehnika","og_description":"bauroc P\u0100RSEDZES tiek izgatavotas no autoklav\u0113ta g\u0101zbetona ar videjo sauso bl\u012bvumu 500 kg\/m\u00b3 atbilsto\u0161i bauroc bloku platumam (500mm, 375 mm, 300 mm, 250 mm, 200 mm, 150 mm, 100mm).","og_url":"https:\/\/videstehnika.lv\/katalogs\/buvmateriali-buvei-remontam-un-ieksdarbiem\/bauroc-parsedzes\/","og_site_name":"Vides Tehnika","article_modified_time":"2023-02-08T08:09:08+00:00","og_image":[{"width":2279,"height":827,"url":"https:\/\/videstehnika.lv\/wp-content\/uploads\/2023\/02\/sillus.jpg.webp","type":"image\/webp"}],"twitter_card":"summary_large_image","twitter_misc":{"Est. reading time":"1 minut"},"schema":{"@context":"https:\/\/schema.org","@graph":[{"@type":"WebPage","@id":"https:\/\/videstehnika.lv\/katalogs\/buvmateriali-buvei-remontam-un-ieksdarbiem\/bauroc-parsedzes\/","url":"https:\/\/videstehnika.lv\/katalogs\/buvmateriali-buvei-remontam-un-ieksdarbiem\/bauroc-parsedzes\/","name":"Bauroc P\u0100RSEDZES &#8226; Vides Tehnika","isPartOf":{"@id":"https:\/\/videstehnika.lv\/et\/#website"},"primaryImageOfPage":{"@id":"https:\/\/videstehnika.lv\/katalogs\/buvmateriali-buvei-remontam-un-ieksdarbiem\/bauroc-parsedzes\/#primaryimage"},"image":{"@id":"https:\/\/videstehnika.lv\/katalogs\/buvmateriali-buvei-remontam-un-ieksdarbiem\/bauroc-parsedzes\/#primaryimage"},"thumbnailUrl":"https:\/\/videstehnika.lv\/wp-content\/uploads\/2023\/02\/sillus.jpg.webp","datePublished":"2023-02-08T07:55:13+00:00","dateModified":"2023-02-08T08:09:08+00:00","description":"bauroc P\u0100RSEDZES tiek izgatavotas no autoklav\u0113ta g\u0101zbetona ar videjo sauso bl\u012bvumu 500 kg\/m\u00b3 atbilsto\u0161i bauroc bloku platumam (500mm, 375 mm, 300 mm, 250 mm, 200 mm, 150 mm, 100mm).","breadcrumb":{"@id":"https:\/\/videstehnika.lv\/katalogs\/buvmateriali-buvei-remontam-un-ieksdarbiem\/bauroc-parsedzes\/#breadcrumb"},"inLanguage":"et","potentialAction":[{"@type":"ReadAction","target":["https:\/\/videstehnika.lv\/katalogs\/buvmateriali-buvei-remontam-un-ieksdarbiem\/bauroc-parsedzes\/"]}]},{"@type":"ImageObject","inLanguage":"et","@id":"https:\/\/videstehnika.lv\/katalogs\/buvmateriali-buvei-remontam-un-ieksdarbiem\/bauroc-parsedzes\/#primaryimage","url":"https:\/\/videstehnika.lv\/wp-content\/uploads\/2023\/02\/sillus.jpg.webp","contentUrl":"https:\/\/videstehnika.lv\/wp-content\/uploads\/2023\/02\/sillus.jpg.webp","width":2279,"height":827},{"@type":"BreadcrumbList","@id":"https:\/\/videstehnika.lv\/katalogs\/buvmateriali-buvei-remontam-un-ieksdarbiem\/bauroc-parsedzes\/#breadcrumb","itemListElement":[{"@type":"ListItem","position":1,"name":"Home","item":"https:\/\/videstehnika.lv\/et\/"},{"@type":"ListItem","position":2,"name":"Kataloog","item":"https:\/\/videstehnika.lv\/et\/kataloog\/"},{"@type":"ListItem","position":3,"name":"Bauroc P\u0100RSEDZES"}]},{"@type":"WebSite","@id":"https:\/\/videstehnika.lv\/et\/#website","url":"https:\/\/videstehnika.lv\/et\/","name":"Vides Tehnika","description":"","potentialAction":[{"@type":"SearchAction","target":{"@type":"EntryPoint","urlTemplate":"https:\/\/videstehnika.lv\/et\/?s={search_term_string}"},"query-input":{"@type":"PropertyValueSpecification","valueRequired":true,"valueName":"search_term_string"}}],"inLanguage":"et"}]}},"_links":{"self":[{"href":"https:\/\/videstehnika.lv\/et\/wp-json\/wp\/v2\/product\/16605","targetHints":{"allow":["GET"]}}],"collection":[{"href":"https:\/\/videstehnika.lv\/et\/wp-json\/wp\/v2\/product"}],"about":[{"href":"https:\/\/videstehnika.lv\/et\/wp-json\/wp\/v2\/types\/product"}],"wp:featuredmedia":[{"embeddable":true,"href":"https:\/\/videstehnika.lv\/et\/wp-json\/wp\/v2\/media\/16608"}],"wp:attachment":[{"href":"https:\/\/videstehnika.lv\/et\/wp-json\/wp\/v2\/media?parent=16605"}],"wp:term":[{"taxonomy":"product_cat","embeddable":true,"href":"https:\/\/videstehnika.lv\/et\/wp-json\/wp\/v2\/product_cat?post=16605"},{"taxonomy":"product_tag","embeddable":true,"href":"https:\/\/videstehnika.lv\/et\/wp-json\/wp\/v2\/product_tag?post=16605"}],"curies":[{"name":"wp","href":"https:\/\/api.w.org\/{rel}","templated":true}]}}