{"id":18450,"date":"2023-05-12T09:38:06","date_gmt":"2023-05-12T06:38:06","guid":{"rendered":"https:\/\/videstehnika.lv\/?post_type=product&#038;p=18450"},"modified":"2023-05-12T09:42:09","modified_gmt":"2023-05-12T06:42:09","slug":"halet-chair-wood-atputas-kresls-galdins-paliknis-kajam","status":"publish","type":"product","link":"https:\/\/videstehnika.lv\/katalogs\/majai-un-darzam\/halet-chair-wood-atputas-kresls-galdins-paliknis-kajam\/","title":{"rendered":"halet Chair Wood- atp\u016btas kr\u0113sls + galdi\u0146\u0161 + paliknis k\u0101j\u0101m"},"content":{"rendered":"<h2 class=\"product-name\">Chalet Chair Wood &#8211; atp\u016btas kr\u0113sls + galdi\u0146\u0161 + paliknis k\u0101j\u0101m<\/h2>\n<p>WoodSun ir m\u0113be\u013cu ra\u017eot\u0101js, kas specializ\u0113jas mas\u012bvkoka m\u0113be\u013cu ra\u017eo\u0161an\u0101.<\/p>\n<p>M\u0113beles tiek rok\u0101m veidotas, no augstas kvalit\u0101tes koksnes materi\u0101liem, nodro\u0161inot izsmalcin\u0101tu kvalit\u0101ti.<\/p>\n<p>WoodSun m\u0113beles ir izgatavotas tikai no dab\u012bgiem materi\u0101liem, un klientiem ir iesp\u0113ja pas\u016bt\u012bt ar\u012b da\u017e\u0101dus koka, un auduma p\u0101rkl\u0101juma materi\u0101lu veidus p\u0113c izv\u0113les.<\/p>\n<p>T\u0101pat klienti var izv\u0113l\u0113ties ar\u012b koka ton\u0113jumu, lai piel\u0101gotu m\u0113beles savam interjeram. WoodSun m\u0113beles ir ar p\u0101rbaud\u012btu kvalit\u0101ti un iztur\u012bbu.<\/p>\n<p>Atp\u016btas kr\u0113sls:<\/p>\n<p>Kop\u0113jais augstums: 910mm<\/p>\n<p>S\u0113dvietas augstums:380 mm<\/p>\n<p>Platums: 760mm<\/p>\n<p>Garums: 900mm<\/p>\n<p>S\u0113dvietas platums: 570mm<\/p>\n<p>Garums salikt\u0101 veid\u0101: 1250mm<\/p>\n<p>Biezums salikt\u0101 veid\u0101: 80mm<\/p>\n<p>Galdi\u0146\u0161:<\/p>\n<p>Augstums: 570mm<\/p>\n<p>Platums: 450mm<\/p>\n<p>Garums: 450mm<\/p>\n<p>Galdi\u0146\u0161 k\u0101j\u0101m:<\/p>\n<p>Augstums: 350mm<\/p>\n<p>Platums: 450mm<\/p>\n<p>Garums 550mm<\/p>\n<p>Nodro\u0161in\u0101m m\u0113be\u013cu pieg\u0101di vis\u0101 pasaul\u0113, k\u0101 ar\u012b konsult\u0113jam klientus, un atrodam Jums v\u0113lamu risin\u0101jumu. S\u012bk\u0101ku inform\u0101ciju sniedzam pa zem\u0101k nor\u0101d\u012bto t\u0101lruni:<\/p>\n<p>+371 23227100<\/p>\n<p>+371 24967408<\/p>\n","protected":false},"excerpt":{"rendered":"<p>Cena nor\u0101d\u012bta par pl\u0101ksni<\/p>\n","protected":false},"featured_media":18453,"template":"","meta":{"_acf_changed":false},"product_cat":[3017,2977],"product_tag":[],"class_list":{"0":"post-18450","1":"product","2":"type-product","3":"status-publish","4":"has-post-thumbnail","6":"product_cat-mebeles","7":"product_cat-majai-un-darzam","9":"first","10":"instock","11":"featured","12":"taxable","13":"shipping-taxable","14":"purchasable","15":"product-type-simple"},"acf":[],"yoast_head":"<!-- This site is optimized with the Yoast SEO plugin v24.2 - https:\/\/yoast.com\/wordpress\/plugins\/seo\/ -->\n<title>Chalet Chair Sof<\/title>\n<meta name=\"description\" content=\"Chalet Chair Soft - atp\u016btas kr\u0113sls + galdi\u0146\u0161 + paliknis k\u0101j\u0101m\" \/>\n<meta name=\"robots\" content=\"index, follow, max-snippet:-1, max-image-preview:large, max-video-preview:-1\" \/>\n<link rel=\"canonical\" href=\"https:\/\/videstehnika.lv\/et\/katalogs\/majai-un-darzam\/halet-chair-wood-atputas-kresls-galdins-paliknis-kajam\/\" \/>\n<meta property=\"og:locale\" content=\"et_EE\" \/>\n<meta property=\"og:type\" content=\"article\" \/>\n<meta property=\"og:title\" content=\"Chalet Chair Sof\" \/>\n<meta property=\"og:description\" content=\"Chalet Chair Soft - atp\u016btas kr\u0113sls + galdi\u0146\u0161 + paliknis k\u0101j\u0101m\" \/>\n<meta property=\"og:url\" content=\"https:\/\/videstehnika.lv\/katalogs\/majai-un-darzam\/halet-chair-wood-atputas-kresls-galdins-paliknis-kajam\/\" \/>\n<meta property=\"og:site_name\" content=\"Vides Tehnika\" \/>\n<meta property=\"article:modified_time\" content=\"2023-05-12T06:42:09+00:00\" \/>\n<meta property=\"og:image\" content=\"https:\/\/videstehnika.lv\/wp-content\/uploads\/2023\/05\/IMG_5014-copy-scaled.jpg\" \/>\n\t<meta property=\"og:image:width\" content=\"1706\" \/>\n\t<meta property=\"og:image:height\" content=\"2560\" \/>\n\t<meta property=\"og:image:type\" content=\"image\/jpeg\" \/>\n<meta name=\"twitter:card\" content=\"summary_large_image\" \/>\n<meta name=\"twitter:label1\" content=\"Est. reading time\" \/>\n\t<meta name=\"twitter:data1\" content=\"1 minut\" \/>\n<script type=\"application\/ld+json\" class=\"yoast-schema-graph\">{\"@context\":\"https:\/\/schema.org\",\"@graph\":[{\"@type\":\"WebPage\",\"@id\":\"https:\/\/videstehnika.lv\/katalogs\/majai-un-darzam\/halet-chair-wood-atputas-kresls-galdins-paliknis-kajam\/\",\"url\":\"https:\/\/videstehnika.lv\/katalogs\/majai-un-darzam\/halet-chair-wood-atputas-kresls-galdins-paliknis-kajam\/\",\"name\":\"Chalet Chair Sof\",\"isPartOf\":{\"@id\":\"https:\/\/videstehnika.lv\/et\/#website\"},\"primaryImageOfPage\":{\"@id\":\"https:\/\/videstehnika.lv\/katalogs\/majai-un-darzam\/halet-chair-wood-atputas-kresls-galdins-paliknis-kajam\/#primaryimage\"},\"image\":{\"@id\":\"https:\/\/videstehnika.lv\/katalogs\/majai-un-darzam\/halet-chair-wood-atputas-kresls-galdins-paliknis-kajam\/#primaryimage\"},\"thumbnailUrl\":\"https:\/\/videstehnika.lv\/wp-content\/uploads\/2023\/05\/IMG_5014-copy-scaled.jpg\",\"datePublished\":\"2023-05-12T06:38:06+00:00\",\"dateModified\":\"2023-05-12T06:42:09+00:00\",\"description\":\"Chalet Chair Soft - atp\u016btas kr\u0113sls + galdi\u0146\u0161 + paliknis k\u0101j\u0101m\",\"breadcrumb\":{\"@id\":\"https:\/\/videstehnika.lv\/katalogs\/majai-un-darzam\/halet-chair-wood-atputas-kresls-galdins-paliknis-kajam\/#breadcrumb\"},\"inLanguage\":\"et\",\"potentialAction\":[{\"@type\":\"ReadAction\",\"target\":[\"https:\/\/videstehnika.lv\/katalogs\/majai-un-darzam\/halet-chair-wood-atputas-kresls-galdins-paliknis-kajam\/\"]}]},{\"@type\":\"ImageObject\",\"inLanguage\":\"et\",\"@id\":\"https:\/\/videstehnika.lv\/katalogs\/majai-un-darzam\/halet-chair-wood-atputas-kresls-galdins-paliknis-kajam\/#primaryimage\",\"url\":\"https:\/\/videstehnika.lv\/wp-content\/uploads\/2023\/05\/IMG_5014-copy-scaled.jpg\",\"contentUrl\":\"https:\/\/videstehnika.lv\/wp-content\/uploads\/2023\/05\/IMG_5014-copy-scaled.jpg\",\"width\":1706,\"height\":2560},{\"@type\":\"BreadcrumbList\",\"@id\":\"https:\/\/videstehnika.lv\/katalogs\/majai-un-darzam\/halet-chair-wood-atputas-kresls-galdins-paliknis-kajam\/#breadcrumb\",\"itemListElement\":[{\"@type\":\"ListItem\",\"position\":1,\"name\":\"Home\",\"item\":\"https:\/\/videstehnika.lv\/et\/\"},{\"@type\":\"ListItem\",\"position\":2,\"name\":\"Kataloog\",\"item\":\"https:\/\/videstehnika.lv\/et\/kataloog\/\"},{\"@type\":\"ListItem\",\"position\":3,\"name\":\"halet Chair Wood- atp\u016btas kr\u0113sls + galdi\u0146\u0161 + paliknis k\u0101j\u0101m\"}]},{\"@type\":\"WebSite\",\"@id\":\"https:\/\/videstehnika.lv\/et\/#website\",\"url\":\"https:\/\/videstehnika.lv\/et\/\",\"name\":\"Vides Tehnika\",\"description\":\"\",\"potentialAction\":[{\"@type\":\"SearchAction\",\"target\":{\"@type\":\"EntryPoint\",\"urlTemplate\":\"https:\/\/videstehnika.lv\/et\/?s={search_term_string}\"},\"query-input\":{\"@type\":\"PropertyValueSpecification\",\"valueRequired\":true,\"valueName\":\"search_term_string\"}}],\"inLanguage\":\"et\"}]}<\/script>\n<!-- \/ Yoast SEO plugin. -->","yoast_head_json":{"title":"Chalet Chair Sof","description":"Chalet Chair Soft - atp\u016btas kr\u0113sls + galdi\u0146\u0161 + paliknis k\u0101j\u0101m","robots":{"index":"index","follow":"follow","max-snippet":"max-snippet:-1","max-image-preview":"max-image-preview:large","max-video-preview":"max-video-preview:-1"},"canonical":"https:\/\/videstehnika.lv\/et\/katalogs\/majai-un-darzam\/halet-chair-wood-atputas-kresls-galdins-paliknis-kajam\/","og_locale":"et_EE","og_type":"article","og_title":"Chalet Chair Sof","og_description":"Chalet Chair Soft - atp\u016btas kr\u0113sls + galdi\u0146\u0161 + paliknis k\u0101j\u0101m","og_url":"https:\/\/videstehnika.lv\/katalogs\/majai-un-darzam\/halet-chair-wood-atputas-kresls-galdins-paliknis-kajam\/","og_site_name":"Vides Tehnika","article_modified_time":"2023-05-12T06:42:09+00:00","og_image":[{"width":1706,"height":2560,"url":"https:\/\/videstehnika.lv\/wp-content\/uploads\/2023\/05\/IMG_5014-copy-scaled.jpg","type":"image\/jpeg"}],"twitter_card":"summary_large_image","twitter_misc":{"Est. reading time":"1 minut"},"schema":{"@context":"https:\/\/schema.org","@graph":[{"@type":"WebPage","@id":"https:\/\/videstehnika.lv\/katalogs\/majai-un-darzam\/halet-chair-wood-atputas-kresls-galdins-paliknis-kajam\/","url":"https:\/\/videstehnika.lv\/katalogs\/majai-un-darzam\/halet-chair-wood-atputas-kresls-galdins-paliknis-kajam\/","name":"Chalet Chair Sof","isPartOf":{"@id":"https:\/\/videstehnika.lv\/et\/#website"},"primaryImageOfPage":{"@id":"https:\/\/videstehnika.lv\/katalogs\/majai-un-darzam\/halet-chair-wood-atputas-kresls-galdins-paliknis-kajam\/#primaryimage"},"image":{"@id":"https:\/\/videstehnika.lv\/katalogs\/majai-un-darzam\/halet-chair-wood-atputas-kresls-galdins-paliknis-kajam\/#primaryimage"},"thumbnailUrl":"https:\/\/videstehnika.lv\/wp-content\/uploads\/2023\/05\/IMG_5014-copy-scaled.jpg","datePublished":"2023-05-12T06:38:06+00:00","dateModified":"2023-05-12T06:42:09+00:00","description":"Chalet Chair Soft - atp\u016btas kr\u0113sls + galdi\u0146\u0161 + paliknis k\u0101j\u0101m","breadcrumb":{"@id":"https:\/\/videstehnika.lv\/katalogs\/majai-un-darzam\/halet-chair-wood-atputas-kresls-galdins-paliknis-kajam\/#breadcrumb"},"inLanguage":"et","potentialAction":[{"@type":"ReadAction","target":["https:\/\/videstehnika.lv\/katalogs\/majai-un-darzam\/halet-chair-wood-atputas-kresls-galdins-paliknis-kajam\/"]}]},{"@type":"ImageObject","inLanguage":"et","@id":"https:\/\/videstehnika.lv\/katalogs\/majai-un-darzam\/halet-chair-wood-atputas-kresls-galdins-paliknis-kajam\/#primaryimage","url":"https:\/\/videstehnika.lv\/wp-content\/uploads\/2023\/05\/IMG_5014-copy-scaled.jpg","contentUrl":"https:\/\/videstehnika.lv\/wp-content\/uploads\/2023\/05\/IMG_5014-copy-scaled.jpg","width":1706,"height":2560},{"@type":"BreadcrumbList","@id":"https:\/\/videstehnika.lv\/katalogs\/majai-un-darzam\/halet-chair-wood-atputas-kresls-galdins-paliknis-kajam\/#breadcrumb","itemListElement":[{"@type":"ListItem","position":1,"name":"Home","item":"https:\/\/videstehnika.lv\/et\/"},{"@type":"ListItem","position":2,"name":"Kataloog","item":"https:\/\/videstehnika.lv\/et\/kataloog\/"},{"@type":"ListItem","position":3,"name":"halet Chair Wood- atp\u016btas kr\u0113sls + galdi\u0146\u0161 + paliknis k\u0101j\u0101m"}]},{"@type":"WebSite","@id":"https:\/\/videstehnika.lv\/et\/#website","url":"https:\/\/videstehnika.lv\/et\/","name":"Vides Tehnika","description":"","potentialAction":[{"@type":"SearchAction","target":{"@type":"EntryPoint","urlTemplate":"https:\/\/videstehnika.lv\/et\/?s={search_term_string}"},"query-input":{"@type":"PropertyValueSpecification","valueRequired":true,"valueName":"search_term_string"}}],"inLanguage":"et"}]}},"_links":{"self":[{"href":"https:\/\/videstehnika.lv\/et\/wp-json\/wp\/v2\/product\/18450","targetHints":{"allow":["GET"]}}],"collection":[{"href":"https:\/\/videstehnika.lv\/et\/wp-json\/wp\/v2\/product"}],"about":[{"href":"https:\/\/videstehnika.lv\/et\/wp-json\/wp\/v2\/types\/product"}],"wp:featuredmedia":[{"embeddable":true,"href":"https:\/\/videstehnika.lv\/et\/wp-json\/wp\/v2\/media\/18453"}],"wp:attachment":[{"href":"https:\/\/videstehnika.lv\/et\/wp-json\/wp\/v2\/media?parent=18450"}],"wp:term":[{"taxonomy":"product_cat","embeddable":true,"href":"https:\/\/videstehnika.lv\/et\/wp-json\/wp\/v2\/product_cat?post=18450"},{"taxonomy":"product_tag","embeddable":true,"href":"https:\/\/videstehnika.lv\/et\/wp-json\/wp\/v2\/product_tag?post=18450"}],"curies":[{"name":"wp","href":"https:\/\/api.w.org\/{rel}","templated":true}]}}