{"id":19784,"date":"2023-06-06T16:29:54","date_gmt":"2023-06-06T13:29:54","guid":{"rendered":"https:\/\/videstehnika.lv\/?post_type=product&#038;p=19784"},"modified":"2025-02-28T15:05:06","modified_gmt":"2025-02-28T13:05:06","slug":"barcode-platnes","status":"publish","type":"product","link":"https:\/\/videstehnika.lv\/katalogs\/buvmateriali-buvei-remontam-un-ieksdarbiem\/barcode-platnes\/","title":{"rendered":"Barcode tipa pl\u0101tnes 1200&#215;600"},"content":{"rendered":"<p><strong>Barcode pl\u0101tnes<\/strong><br \/>\n<strong>Mont\u0101\u017ea uz koka latu vai CD profilu karkasa<\/strong><\/p>\n<p>Izm\u0113rs: 1200&#215;600<br \/>\nBiezums: 25mm<br \/>\nSkaidas platums: 1.0 mm<br \/>\nKr\u0101sa: natur\u0101ls (N), balts (WP), pel\u0113ks (GP), melns (BP), Nestandarta RAL vai NCS tonis<br \/>\nSvars: 8.5 kg\/m2<br \/>\nPl\u0101t\u0146u malu profils: P0<br \/>\nApjoms \u2013 1 palete \u2013 160 pl\u0101tnes 600x600x25mm, 80 pl\u0101tnes 1200x600x25mm \u2013 57,6 m2.<\/p>\n","protected":false},"excerpt":{"rendered":"<p>Cena nor\u0101d\u012bta par pl\u0101ksni<\/p>\n","protected":false},"featured_media":53004,"template":"","meta":{"_acf_changed":false},"product_cat":[70,98],"product_tag":[],"class_list":{"0":"post-19784","1":"product","2":"type-product","3":"status-publish","4":"has-post-thumbnail","6":"product_cat-buvmateriali-buvei-remontam-un-ieksdarbiem","7":"product_cat-fibrolita-plaksnes","9":"first","10":"instock","11":"taxable","12":"shipping-taxable","13":"purchasable","14":"product-type-simple"},"acf":[],"yoast_head":"<!-- This site is optimized with the Yoast SEO plugin v24.2 - https:\/\/yoast.com\/wordpress\/plugins\/seo\/ -->\n<title>Akustisk\u0101s pl\u0101tnes &#8226; Vides Tehnika<\/title>\n<meta name=\"description\" content=\"Akustisk\u0101s pl\u0101tnes ir ra\u017eotas Latvij\u0101. T\u0101s ir ekolo\u0123iskas, dab\u012bgas, videi un vesel\u012bbai draudz\u012bgas.\" \/>\n<meta name=\"robots\" content=\"index, follow, max-snippet:-1, max-image-preview:large, max-video-preview:-1\" \/>\n<link rel=\"canonical\" href=\"https:\/\/videstehnika.lv\/et\/katalogs\/buvmateriali-buvei-remontam-un-ieksdarbiem\/barcode-platnes\/\" \/>\n<meta property=\"og:locale\" content=\"et_EE\" \/>\n<meta property=\"og:type\" content=\"article\" \/>\n<meta property=\"og:title\" content=\"Akustisk\u0101s pl\u0101tnes &#8226; Vides Tehnika\" \/>\n<meta property=\"og:description\" content=\"Akustisk\u0101s pl\u0101tnes ir ra\u017eotas Latvij\u0101. T\u0101s ir ekolo\u0123iskas, dab\u012bgas, videi un vesel\u012bbai draudz\u012bgas.\" \/>\n<meta property=\"og:url\" content=\"https:\/\/videstehnika.lv\/katalogs\/buvmateriali-buvei-remontam-un-ieksdarbiem\/barcode-platnes\/\" \/>\n<meta property=\"og:site_name\" content=\"Vides Tehnika\" \/>\n<meta property=\"article:modified_time\" content=\"2025-02-28T13:05:06+00:00\" \/>\n<meta property=\"og:image\" content=\"https:\/\/videstehnika.lv\/wp-content\/uploads\/2023\/06\/4-Barcode-akustiskas-evelskaidu-platnes.jpg\" \/>\n\t<meta property=\"og:image:width\" content=\"2222\" \/>\n\t<meta property=\"og:image:height\" content=\"2222\" \/>\n\t<meta property=\"og:image:type\" content=\"image\/jpeg\" \/>\n<meta name=\"twitter:card\" content=\"summary_large_image\" \/>\n<meta name=\"twitter:label1\" content=\"Est. reading time\" \/>\n\t<meta name=\"twitter:data1\" content=\"1 minut\" \/>\n<script type=\"application\/ld+json\" class=\"yoast-schema-graph\">{\"@context\":\"https:\/\/schema.org\",\"@graph\":[{\"@type\":\"WebPage\",\"@id\":\"https:\/\/videstehnika.lv\/katalogs\/buvmateriali-buvei-remontam-un-ieksdarbiem\/barcode-platnes\/\",\"url\":\"https:\/\/videstehnika.lv\/katalogs\/buvmateriali-buvei-remontam-un-ieksdarbiem\/barcode-platnes\/\",\"name\":\"Akustisk\u0101s pl\u0101tnes &#8226; Vides Tehnika\",\"isPartOf\":{\"@id\":\"https:\/\/videstehnika.lv\/et\/#website\"},\"primaryImageOfPage\":{\"@id\":\"https:\/\/videstehnika.lv\/katalogs\/buvmateriali-buvei-remontam-un-ieksdarbiem\/barcode-platnes\/#primaryimage\"},\"image\":{\"@id\":\"https:\/\/videstehnika.lv\/katalogs\/buvmateriali-buvei-remontam-un-ieksdarbiem\/barcode-platnes\/#primaryimage\"},\"thumbnailUrl\":\"https:\/\/videstehnika.lv\/wp-content\/uploads\/2023\/06\/4-Barcode-akustiskas-evelskaidu-platnes.jpg\",\"datePublished\":\"2023-06-06T13:29:54+00:00\",\"dateModified\":\"2025-02-28T13:05:06+00:00\",\"description\":\"Akustisk\u0101s pl\u0101tnes ir ra\u017eotas Latvij\u0101. T\u0101s ir ekolo\u0123iskas, dab\u012bgas, videi un vesel\u012bbai draudz\u012bgas.\",\"breadcrumb\":{\"@id\":\"https:\/\/videstehnika.lv\/katalogs\/buvmateriali-buvei-remontam-un-ieksdarbiem\/barcode-platnes\/#breadcrumb\"},\"inLanguage\":\"et\",\"potentialAction\":[{\"@type\":\"ReadAction\",\"target\":[\"https:\/\/videstehnika.lv\/katalogs\/buvmateriali-buvei-remontam-un-ieksdarbiem\/barcode-platnes\/\"]}]},{\"@type\":\"ImageObject\",\"inLanguage\":\"et\",\"@id\":\"https:\/\/videstehnika.lv\/katalogs\/buvmateriali-buvei-remontam-un-ieksdarbiem\/barcode-platnes\/#primaryimage\",\"url\":\"https:\/\/videstehnika.lv\/wp-content\/uploads\/2023\/06\/4-Barcode-akustiskas-evelskaidu-platnes.jpg\",\"contentUrl\":\"https:\/\/videstehnika.lv\/wp-content\/uploads\/2023\/06\/4-Barcode-akustiskas-evelskaidu-platnes.jpg\",\"width\":2222,\"height\":2222},{\"@type\":\"BreadcrumbList\",\"@id\":\"https:\/\/videstehnika.lv\/katalogs\/buvmateriali-buvei-remontam-un-ieksdarbiem\/barcode-platnes\/#breadcrumb\",\"itemListElement\":[{\"@type\":\"ListItem\",\"position\":1,\"name\":\"Home\",\"item\":\"https:\/\/videstehnika.lv\/et\/\"},{\"@type\":\"ListItem\",\"position\":2,\"name\":\"Kataloog\",\"item\":\"https:\/\/videstehnika.lv\/et\/kataloog\/\"},{\"@type\":\"ListItem\",\"position\":3,\"name\":\"Barcode tipa pl\u0101tnes 1200&#215;600\"}]},{\"@type\":\"WebSite\",\"@id\":\"https:\/\/videstehnika.lv\/et\/#website\",\"url\":\"https:\/\/videstehnika.lv\/et\/\",\"name\":\"Vides Tehnika\",\"description\":\"\",\"potentialAction\":[{\"@type\":\"SearchAction\",\"target\":{\"@type\":\"EntryPoint\",\"urlTemplate\":\"https:\/\/videstehnika.lv\/et\/?s={search_term_string}\"},\"query-input\":{\"@type\":\"PropertyValueSpecification\",\"valueRequired\":true,\"valueName\":\"search_term_string\"}}],\"inLanguage\":\"et\"}]}<\/script>\n<!-- \/ Yoast SEO plugin. -->","yoast_head_json":{"title":"Akustisk\u0101s pl\u0101tnes &#8226; Vides Tehnika","description":"Akustisk\u0101s pl\u0101tnes ir ra\u017eotas Latvij\u0101. T\u0101s ir ekolo\u0123iskas, dab\u012bgas, videi un vesel\u012bbai draudz\u012bgas.","robots":{"index":"index","follow":"follow","max-snippet":"max-snippet:-1","max-image-preview":"max-image-preview:large","max-video-preview":"max-video-preview:-1"},"canonical":"https:\/\/videstehnika.lv\/et\/katalogs\/buvmateriali-buvei-remontam-un-ieksdarbiem\/barcode-platnes\/","og_locale":"et_EE","og_type":"article","og_title":"Akustisk\u0101s pl\u0101tnes &#8226; Vides Tehnika","og_description":"Akustisk\u0101s pl\u0101tnes ir ra\u017eotas Latvij\u0101. T\u0101s ir ekolo\u0123iskas, dab\u012bgas, videi un vesel\u012bbai draudz\u012bgas.","og_url":"https:\/\/videstehnika.lv\/katalogs\/buvmateriali-buvei-remontam-un-ieksdarbiem\/barcode-platnes\/","og_site_name":"Vides Tehnika","article_modified_time":"2025-02-28T13:05:06+00:00","og_image":[{"width":2222,"height":2222,"url":"https:\/\/videstehnika.lv\/wp-content\/uploads\/2023\/06\/4-Barcode-akustiskas-evelskaidu-platnes.jpg","type":"image\/jpeg"}],"twitter_card":"summary_large_image","twitter_misc":{"Est. reading time":"1 minut"},"schema":{"@context":"https:\/\/schema.org","@graph":[{"@type":"WebPage","@id":"https:\/\/videstehnika.lv\/katalogs\/buvmateriali-buvei-remontam-un-ieksdarbiem\/barcode-platnes\/","url":"https:\/\/videstehnika.lv\/katalogs\/buvmateriali-buvei-remontam-un-ieksdarbiem\/barcode-platnes\/","name":"Akustisk\u0101s pl\u0101tnes &#8226; Vides Tehnika","isPartOf":{"@id":"https:\/\/videstehnika.lv\/et\/#website"},"primaryImageOfPage":{"@id":"https:\/\/videstehnika.lv\/katalogs\/buvmateriali-buvei-remontam-un-ieksdarbiem\/barcode-platnes\/#primaryimage"},"image":{"@id":"https:\/\/videstehnika.lv\/katalogs\/buvmateriali-buvei-remontam-un-ieksdarbiem\/barcode-platnes\/#primaryimage"},"thumbnailUrl":"https:\/\/videstehnika.lv\/wp-content\/uploads\/2023\/06\/4-Barcode-akustiskas-evelskaidu-platnes.jpg","datePublished":"2023-06-06T13:29:54+00:00","dateModified":"2025-02-28T13:05:06+00:00","description":"Akustisk\u0101s pl\u0101tnes ir ra\u017eotas Latvij\u0101. T\u0101s ir ekolo\u0123iskas, dab\u012bgas, videi un vesel\u012bbai draudz\u012bgas.","breadcrumb":{"@id":"https:\/\/videstehnika.lv\/katalogs\/buvmateriali-buvei-remontam-un-ieksdarbiem\/barcode-platnes\/#breadcrumb"},"inLanguage":"et","potentialAction":[{"@type":"ReadAction","target":["https:\/\/videstehnika.lv\/katalogs\/buvmateriali-buvei-remontam-un-ieksdarbiem\/barcode-platnes\/"]}]},{"@type":"ImageObject","inLanguage":"et","@id":"https:\/\/videstehnika.lv\/katalogs\/buvmateriali-buvei-remontam-un-ieksdarbiem\/barcode-platnes\/#primaryimage","url":"https:\/\/videstehnika.lv\/wp-content\/uploads\/2023\/06\/4-Barcode-akustiskas-evelskaidu-platnes.jpg","contentUrl":"https:\/\/videstehnika.lv\/wp-content\/uploads\/2023\/06\/4-Barcode-akustiskas-evelskaidu-platnes.jpg","width":2222,"height":2222},{"@type":"BreadcrumbList","@id":"https:\/\/videstehnika.lv\/katalogs\/buvmateriali-buvei-remontam-un-ieksdarbiem\/barcode-platnes\/#breadcrumb","itemListElement":[{"@type":"ListItem","position":1,"name":"Home","item":"https:\/\/videstehnika.lv\/et\/"},{"@type":"ListItem","position":2,"name":"Kataloog","item":"https:\/\/videstehnika.lv\/et\/kataloog\/"},{"@type":"ListItem","position":3,"name":"Barcode tipa pl\u0101tnes 1200&#215;600"}]},{"@type":"WebSite","@id":"https:\/\/videstehnika.lv\/et\/#website","url":"https:\/\/videstehnika.lv\/et\/","name":"Vides Tehnika","description":"","potentialAction":[{"@type":"SearchAction","target":{"@type":"EntryPoint","urlTemplate":"https:\/\/videstehnika.lv\/et\/?s={search_term_string}"},"query-input":{"@type":"PropertyValueSpecification","valueRequired":true,"valueName":"search_term_string"}}],"inLanguage":"et"}]}},"_links":{"self":[{"href":"https:\/\/videstehnika.lv\/et\/wp-json\/wp\/v2\/product\/19784","targetHints":{"allow":["GET"]}}],"collection":[{"href":"https:\/\/videstehnika.lv\/et\/wp-json\/wp\/v2\/product"}],"about":[{"href":"https:\/\/videstehnika.lv\/et\/wp-json\/wp\/v2\/types\/product"}],"wp:featuredmedia":[{"embeddable":true,"href":"https:\/\/videstehnika.lv\/et\/wp-json\/wp\/v2\/media\/53004"}],"wp:attachment":[{"href":"https:\/\/videstehnika.lv\/et\/wp-json\/wp\/v2\/media?parent=19784"}],"wp:term":[{"taxonomy":"product_cat","embeddable":true,"href":"https:\/\/videstehnika.lv\/et\/wp-json\/wp\/v2\/product_cat?post=19784"},{"taxonomy":"product_tag","embeddable":true,"href":"https:\/\/videstehnika.lv\/et\/wp-json\/wp\/v2\/product_tag?post=19784"}],"curies":[{"name":"wp","href":"https:\/\/api.w.org\/{rel}","templated":true}]}}