{"id":20198,"date":"2023-06-08T09:56:27","date_gmt":"2023-06-08T06:56:27","guid":{"rendered":"https:\/\/videstehnika.lv\/?post_type=product&#038;p=20198"},"modified":"2024-01-25T09:52:56","modified_gmt":"2024-01-25T07:52:56","slug":"fibo-kermazits","status":"publish","type":"product","link":"https:\/\/videstehnika.lv\/katalogs\/buvmateriali-buvei-remontam-un-ieksdarbiem\/fibo-kermazits\/","title":{"rendered":"FIBO keramz\u012bts"},"content":{"rendered":"<div class=\"et_pb_module et_pb_text et_pb_text_2 et_pb_text_align_left et_pb_bg_layout_light et_had_animation\">\n<div class=\"et_pb_text_inner\">\n<h2><strong>Fibo keramz\u012bts Weber Leca<\/strong>\u00a0&#8211; LECA\u00ae keramz\u012bts ir celtniec\u012bbas materi\u0101ls &#8211; aizpild\u012bt\u0101js, kas ir \u010detras reizes viegl\u0101ks par tradicion\u0101li lietotajiem aizpild\u012bt\u0101jiem, piem\u0113ram, smilt\u012bm vai granti. \u0112k\u0101s \u2013 konstrukcij\u0101s ar paredzamu lielu slodzes pretest\u012bbu (&#8220;peldo\u0161aj\u0101m&#8221; gr\u012bd\u0101m, teras\u0113m). In\u017eenierb\u016bv\u0113s \u2013 betona konstrukciju neliela svara samazin\u0101\u0161anai. D\u0101rzkop\u012bb\u0101 \u2013 dobju dekorat\u012bvam noform\u0113jumam, pu\u0137u podu augsnes virsk\u0101rtas p\u0101rkl\u0101\u0161anai.<\/h2>\n<hr \/>\n<p>POZIT\u012aV\u0100S \u012aPA\u0160\u012aBAS:<\/p>\n<ul>\n<li>Dab\u012bgs materi\u0101ls &#8211; izgatavots no m\u0101liem<\/li>\n<li>Iztur\u012bgs pret mitrumu, salu un \u0137imik\u0101lij\u0101m<\/li>\n<li>Ugunsiztur\u012bgs &#8211; klase A1 (nedego\u0161s materi\u0101ls)<\/li>\n<li>Stingrs, neraugoties uz materi\u0101la vieglumu<\/li>\n<li>Lielisks siltuma un ska\u0146as izol\u0101tors<\/li>\n<li>Nesatur kaitigas g\u0101zes vai savienojumus<\/li>\n<li>Nodro\u0161ina labu ventil\u0101ciju un dren\u0101\u017eu<\/li>\n<li>Pirms materi\u0101la iekla\u0161anas nav j\u0101izl\u012bdzina pamatvirsma<\/li>\n<li>Nepel un nep\u016bst. Var izmantot atk\u0101rtoti<\/li>\n<li>Nelabv\u0113l\u012bga vide grauz\u0113jiem un kukai\u0146iem<\/li>\n<li>Sausa iestr\u0101de &#8211; konstrukcij\u0101s nenon\u0101k liekais mitrums<\/li>\n<li>\u0100tri un viegli iestr\u0101d\u0101jams<\/li>\n<\/ul>\n<\/div>\n<\/div>\n","protected":false},"excerpt":{"rendered":"<p>Cena nor\u0101d\u012bta par pl\u0101ksni<\/p>\n","protected":false},"featured_media":20306,"template":"","meta":{"_acf_changed":false},"product_cat":[842,791,70],"product_tag":[],"class_list":{"0":"post-20198","1":"product","2":"type-product","3":"status-publish","4":"has-post-thumbnail","6":"product_cat-saint-gobain-celtniecibas-bloki","7":"product_cat-keramzita-bloki","8":"product_cat-buvmateriali-buvei-remontam-un-ieksdarbiem","10":"first","11":"instock","12":"featured","13":"taxable","14":"shipping-taxable","15":"purchasable","16":"product-type-variable"},"acf":[],"yoast_head":"<!-- This site is optimized with the Yoast SEO plugin v24.2 - https:\/\/yoast.com\/wordpress\/plugins\/seo\/ -->\n<title>Lapenes<\/title>\n<meta name=\"description\" content=\"Lapenes\" \/>\n<meta name=\"robots\" content=\"index, follow, max-snippet:-1, max-image-preview:large, max-video-preview:-1\" \/>\n<link rel=\"canonical\" href=\"https:\/\/videstehnika.lv\/et\/katalogs\/buvmateriali-buvei-remontam-un-ieksdarbiem\/fibo-kermazits\/\" \/>\n<meta property=\"og:locale\" content=\"et_EE\" \/>\n<meta property=\"og:type\" content=\"article\" \/>\n<meta property=\"og:title\" content=\"Lapenes\" \/>\n<meta property=\"og:description\" content=\"Lapenes\" \/>\n<meta property=\"og:url\" content=\"https:\/\/videstehnika.lv\/katalogs\/buvmateriali-buvei-remontam-un-ieksdarbiem\/fibo-kermazits\/\" \/>\n<meta property=\"og:site_name\" content=\"Vides Tehnika\" \/>\n<meta property=\"article:modified_time\" content=\"2024-01-25T07:52:56+00:00\" \/>\n<meta property=\"og:image\" content=\"https:\/\/videstehnika.lv\/wp-content\/uploads\/2023\/06\/fibo-keramzits-mzits-weber-leca-s-fibo-keramzits-50l-frakcija-2-4-51957_1.jpeg\" \/>\n\t<meta property=\"og:image:width\" content=\"416\" \/>\n\t<meta property=\"og:image:height\" content=\"600\" \/>\n\t<meta property=\"og:image:type\" content=\"image\/jpeg\" \/>\n<meta name=\"twitter:card\" content=\"summary_large_image\" \/>\n<meta name=\"twitter:label1\" content=\"Est. reading time\" \/>\n\t<meta name=\"twitter:data1\" content=\"1 minut\" \/>\n<script type=\"application\/ld+json\" class=\"yoast-schema-graph\">{\"@context\":\"https:\/\/schema.org\",\"@graph\":[{\"@type\":\"WebPage\",\"@id\":\"https:\/\/videstehnika.lv\/katalogs\/buvmateriali-buvei-remontam-un-ieksdarbiem\/fibo-kermazits\/\",\"url\":\"https:\/\/videstehnika.lv\/katalogs\/buvmateriali-buvei-remontam-un-ieksdarbiem\/fibo-kermazits\/\",\"name\":\"Lapenes\",\"isPartOf\":{\"@id\":\"https:\/\/videstehnika.lv\/et\/#website\"},\"primaryImageOfPage\":{\"@id\":\"https:\/\/videstehnika.lv\/katalogs\/buvmateriali-buvei-remontam-un-ieksdarbiem\/fibo-kermazits\/#primaryimage\"},\"image\":{\"@id\":\"https:\/\/videstehnika.lv\/katalogs\/buvmateriali-buvei-remontam-un-ieksdarbiem\/fibo-kermazits\/#primaryimage\"},\"thumbnailUrl\":\"https:\/\/videstehnika.lv\/wp-content\/uploads\/2023\/06\/fibo-keramzits-mzits-weber-leca-s-fibo-keramzits-50l-frakcija-2-4-51957_1.jpeg\",\"datePublished\":\"2023-06-08T06:56:27+00:00\",\"dateModified\":\"2024-01-25T07:52:56+00:00\",\"description\":\"Lapenes\",\"breadcrumb\":{\"@id\":\"https:\/\/videstehnika.lv\/katalogs\/buvmateriali-buvei-remontam-un-ieksdarbiem\/fibo-kermazits\/#breadcrumb\"},\"inLanguage\":\"et\",\"potentialAction\":[{\"@type\":\"ReadAction\",\"target\":[\"https:\/\/videstehnika.lv\/katalogs\/buvmateriali-buvei-remontam-un-ieksdarbiem\/fibo-kermazits\/\"]}]},{\"@type\":\"ImageObject\",\"inLanguage\":\"et\",\"@id\":\"https:\/\/videstehnika.lv\/katalogs\/buvmateriali-buvei-remontam-un-ieksdarbiem\/fibo-kermazits\/#primaryimage\",\"url\":\"https:\/\/videstehnika.lv\/wp-content\/uploads\/2023\/06\/fibo-keramzits-mzits-weber-leca-s-fibo-keramzits-50l-frakcija-2-4-51957_1.jpeg\",\"contentUrl\":\"https:\/\/videstehnika.lv\/wp-content\/uploads\/2023\/06\/fibo-keramzits-mzits-weber-leca-s-fibo-keramzits-50l-frakcija-2-4-51957_1.jpeg\",\"width\":416,\"height\":600},{\"@type\":\"BreadcrumbList\",\"@id\":\"https:\/\/videstehnika.lv\/katalogs\/buvmateriali-buvei-remontam-un-ieksdarbiem\/fibo-kermazits\/#breadcrumb\",\"itemListElement\":[{\"@type\":\"ListItem\",\"position\":1,\"name\":\"Home\",\"item\":\"https:\/\/videstehnika.lv\/et\/\"},{\"@type\":\"ListItem\",\"position\":2,\"name\":\"Kataloog\",\"item\":\"https:\/\/videstehnika.lv\/et\/kataloog\/\"},{\"@type\":\"ListItem\",\"position\":3,\"name\":\"FIBO keramz\u012bts\"}]},{\"@type\":\"WebSite\",\"@id\":\"https:\/\/videstehnika.lv\/et\/#website\",\"url\":\"https:\/\/videstehnika.lv\/et\/\",\"name\":\"Vides Tehnika\",\"description\":\"\",\"potentialAction\":[{\"@type\":\"SearchAction\",\"target\":{\"@type\":\"EntryPoint\",\"urlTemplate\":\"https:\/\/videstehnika.lv\/et\/?s={search_term_string}\"},\"query-input\":{\"@type\":\"PropertyValueSpecification\",\"valueRequired\":true,\"valueName\":\"search_term_string\"}}],\"inLanguage\":\"et\"}]}<\/script>\n<!-- \/ Yoast SEO plugin. -->","yoast_head_json":{"title":"Lapenes","description":"Lapenes","robots":{"index":"index","follow":"follow","max-snippet":"max-snippet:-1","max-image-preview":"max-image-preview:large","max-video-preview":"max-video-preview:-1"},"canonical":"https:\/\/videstehnika.lv\/et\/katalogs\/buvmateriali-buvei-remontam-un-ieksdarbiem\/fibo-kermazits\/","og_locale":"et_EE","og_type":"article","og_title":"Lapenes","og_description":"Lapenes","og_url":"https:\/\/videstehnika.lv\/katalogs\/buvmateriali-buvei-remontam-un-ieksdarbiem\/fibo-kermazits\/","og_site_name":"Vides Tehnika","article_modified_time":"2024-01-25T07:52:56+00:00","og_image":[{"width":416,"height":600,"url":"https:\/\/videstehnika.lv\/wp-content\/uploads\/2023\/06\/fibo-keramzits-mzits-weber-leca-s-fibo-keramzits-50l-frakcija-2-4-51957_1.jpeg","type":"image\/jpeg"}],"twitter_card":"summary_large_image","twitter_misc":{"Est. reading time":"1 minut"},"schema":{"@context":"https:\/\/schema.org","@graph":[{"@type":"WebPage","@id":"https:\/\/videstehnika.lv\/katalogs\/buvmateriali-buvei-remontam-un-ieksdarbiem\/fibo-kermazits\/","url":"https:\/\/videstehnika.lv\/katalogs\/buvmateriali-buvei-remontam-un-ieksdarbiem\/fibo-kermazits\/","name":"Lapenes","isPartOf":{"@id":"https:\/\/videstehnika.lv\/et\/#website"},"primaryImageOfPage":{"@id":"https:\/\/videstehnika.lv\/katalogs\/buvmateriali-buvei-remontam-un-ieksdarbiem\/fibo-kermazits\/#primaryimage"},"image":{"@id":"https:\/\/videstehnika.lv\/katalogs\/buvmateriali-buvei-remontam-un-ieksdarbiem\/fibo-kermazits\/#primaryimage"},"thumbnailUrl":"https:\/\/videstehnika.lv\/wp-content\/uploads\/2023\/06\/fibo-keramzits-mzits-weber-leca-s-fibo-keramzits-50l-frakcija-2-4-51957_1.jpeg","datePublished":"2023-06-08T06:56:27+00:00","dateModified":"2024-01-25T07:52:56+00:00","description":"Lapenes","breadcrumb":{"@id":"https:\/\/videstehnika.lv\/katalogs\/buvmateriali-buvei-remontam-un-ieksdarbiem\/fibo-kermazits\/#breadcrumb"},"inLanguage":"et","potentialAction":[{"@type":"ReadAction","target":["https:\/\/videstehnika.lv\/katalogs\/buvmateriali-buvei-remontam-un-ieksdarbiem\/fibo-kermazits\/"]}]},{"@type":"ImageObject","inLanguage":"et","@id":"https:\/\/videstehnika.lv\/katalogs\/buvmateriali-buvei-remontam-un-ieksdarbiem\/fibo-kermazits\/#primaryimage","url":"https:\/\/videstehnika.lv\/wp-content\/uploads\/2023\/06\/fibo-keramzits-mzits-weber-leca-s-fibo-keramzits-50l-frakcija-2-4-51957_1.jpeg","contentUrl":"https:\/\/videstehnika.lv\/wp-content\/uploads\/2023\/06\/fibo-keramzits-mzits-weber-leca-s-fibo-keramzits-50l-frakcija-2-4-51957_1.jpeg","width":416,"height":600},{"@type":"BreadcrumbList","@id":"https:\/\/videstehnika.lv\/katalogs\/buvmateriali-buvei-remontam-un-ieksdarbiem\/fibo-kermazits\/#breadcrumb","itemListElement":[{"@type":"ListItem","position":1,"name":"Home","item":"https:\/\/videstehnika.lv\/et\/"},{"@type":"ListItem","position":2,"name":"Kataloog","item":"https:\/\/videstehnika.lv\/et\/kataloog\/"},{"@type":"ListItem","position":3,"name":"FIBO keramz\u012bts"}]},{"@type":"WebSite","@id":"https:\/\/videstehnika.lv\/et\/#website","url":"https:\/\/videstehnika.lv\/et\/","name":"Vides Tehnika","description":"","potentialAction":[{"@type":"SearchAction","target":{"@type":"EntryPoint","urlTemplate":"https:\/\/videstehnika.lv\/et\/?s={search_term_string}"},"query-input":{"@type":"PropertyValueSpecification","valueRequired":true,"valueName":"search_term_string"}}],"inLanguage":"et"}]}},"_links":{"self":[{"href":"https:\/\/videstehnika.lv\/et\/wp-json\/wp\/v2\/product\/20198","targetHints":{"allow":["GET"]}}],"collection":[{"href":"https:\/\/videstehnika.lv\/et\/wp-json\/wp\/v2\/product"}],"about":[{"href":"https:\/\/videstehnika.lv\/et\/wp-json\/wp\/v2\/types\/product"}],"wp:featuredmedia":[{"embeddable":true,"href":"https:\/\/videstehnika.lv\/et\/wp-json\/wp\/v2\/media\/20306"}],"wp:attachment":[{"href":"https:\/\/videstehnika.lv\/et\/wp-json\/wp\/v2\/media?parent=20198"}],"wp:term":[{"taxonomy":"product_cat","embeddable":true,"href":"https:\/\/videstehnika.lv\/et\/wp-json\/wp\/v2\/product_cat?post=20198"},{"taxonomy":"product_tag","embeddable":true,"href":"https:\/\/videstehnika.lv\/et\/wp-json\/wp\/v2\/product_tag?post=20198"}],"curies":[{"name":"wp","href":"https:\/\/api.w.org\/{rel}","templated":true}]}}