{"id":20566,"date":"2023-06-08T11:35:24","date_gmt":"2023-06-08T08:35:24","guid":{"rendered":"https:\/\/videstehnika.lv\/?post_type=product&#038;p=20566"},"modified":"2023-06-08T13:13:38","modified_gmt":"2023-06-08T10:13:38","slug":"ramkon-keramzitbetona-parsedzes","status":"publish","type":"product","link":"https:\/\/videstehnika.lv\/katalogs\/buvmateriali-buvei-remontam-un-ieksdarbiem\/ramkon-keramzitbetona-parsedzes\/","title":{"rendered":"Ramkon keramz\u012btbetona p\u0101rsedzes"},"content":{"rendered":"","protected":false},"excerpt":{"rendered":"<p>Cena nor\u0101d\u012bta par pl\u0101ksni<\/p>\n","protected":false},"featured_media":20641,"template":"","meta":{"_acf_changed":false},"product_cat":[842,791,70,2873],"product_tag":[],"class_list":{"0":"post-20566","1":"product","2":"type-product","3":"status-publish","4":"has-post-thumbnail","6":"product_cat-saint-gobain-celtniecibas-bloki","7":"product_cat-keramzita-bloki","8":"product_cat-buvmateriali-buvei-remontam-un-ieksdarbiem","9":"product_cat-parsedzes","11":"first","12":"instock","13":"featured","14":"taxable","15":"shipping-taxable","16":"purchasable","17":"product-type-variable"},"acf":[],"yoast_head":"<!-- This site is optimized with the Yoast SEO plugin v24.2 - https:\/\/yoast.com\/wordpress\/plugins\/seo\/ -->\n<title>Lapenes<\/title>\n<meta name=\"description\" content=\"Lapenes\" \/>\n<meta name=\"robots\" content=\"index, follow, max-snippet:-1, max-image-preview:large, max-video-preview:-1\" \/>\n<link rel=\"canonical\" href=\"https:\/\/videstehnika.lv\/et\/katalogs\/buvmateriali-buvei-remontam-un-ieksdarbiem\/ramkon-keramzitbetona-parsedzes\/\" \/>\n<meta property=\"og:locale\" content=\"et_EE\" \/>\n<meta property=\"og:type\" content=\"article\" \/>\n<meta property=\"og:title\" content=\"Lapenes\" \/>\n<meta property=\"og:description\" content=\"Lapenes\" \/>\n<meta property=\"og:url\" content=\"https:\/\/videstehnika.lv\/katalogs\/buvmateriali-buvei-remontam-un-ieksdarbiem\/ramkon-keramzitbetona-parsedzes\/\" \/>\n<meta property=\"og:site_name\" content=\"Vides Tehnika\" \/>\n<meta property=\"article:modified_time\" content=\"2023-06-08T10:13:38+00:00\" \/>\n<meta property=\"og:image\" content=\"https:\/\/videstehnika.lv\/wp-content\/uploads\/2023\/06\/2679982636.jpg\" \/>\n\t<meta property=\"og:image:width\" content=\"691\" \/>\n\t<meta property=\"og:image:height\" content=\"550\" \/>\n\t<meta property=\"og:image:type\" content=\"image\/jpeg\" \/>\n<meta name=\"twitter:card\" content=\"summary_large_image\" \/>\n<script type=\"application\/ld+json\" class=\"yoast-schema-graph\">{\"@context\":\"https:\/\/schema.org\",\"@graph\":[{\"@type\":\"WebPage\",\"@id\":\"https:\/\/videstehnika.lv\/katalogs\/buvmateriali-buvei-remontam-un-ieksdarbiem\/ramkon-keramzitbetona-parsedzes\/\",\"url\":\"https:\/\/videstehnika.lv\/katalogs\/buvmateriali-buvei-remontam-un-ieksdarbiem\/ramkon-keramzitbetona-parsedzes\/\",\"name\":\"Lapenes\",\"isPartOf\":{\"@id\":\"https:\/\/videstehnika.lv\/et\/#website\"},\"primaryImageOfPage\":{\"@id\":\"https:\/\/videstehnika.lv\/katalogs\/buvmateriali-buvei-remontam-un-ieksdarbiem\/ramkon-keramzitbetona-parsedzes\/#primaryimage\"},\"image\":{\"@id\":\"https:\/\/videstehnika.lv\/katalogs\/buvmateriali-buvei-remontam-un-ieksdarbiem\/ramkon-keramzitbetona-parsedzes\/#primaryimage\"},\"thumbnailUrl\":\"https:\/\/videstehnika.lv\/wp-content\/uploads\/2023\/06\/2679982636.jpg\",\"datePublished\":\"2023-06-08T08:35:24+00:00\",\"dateModified\":\"2023-06-08T10:13:38+00:00\",\"description\":\"Lapenes\",\"breadcrumb\":{\"@id\":\"https:\/\/videstehnika.lv\/katalogs\/buvmateriali-buvei-remontam-un-ieksdarbiem\/ramkon-keramzitbetona-parsedzes\/#breadcrumb\"},\"inLanguage\":\"et\",\"potentialAction\":[{\"@type\":\"ReadAction\",\"target\":[\"https:\/\/videstehnika.lv\/katalogs\/buvmateriali-buvei-remontam-un-ieksdarbiem\/ramkon-keramzitbetona-parsedzes\/\"]}]},{\"@type\":\"ImageObject\",\"inLanguage\":\"et\",\"@id\":\"https:\/\/videstehnika.lv\/katalogs\/buvmateriali-buvei-remontam-un-ieksdarbiem\/ramkon-keramzitbetona-parsedzes\/#primaryimage\",\"url\":\"https:\/\/videstehnika.lv\/wp-content\/uploads\/2023\/06\/2679982636.jpg\",\"contentUrl\":\"https:\/\/videstehnika.lv\/wp-content\/uploads\/2023\/06\/2679982636.jpg\",\"width\":691,\"height\":550},{\"@type\":\"BreadcrumbList\",\"@id\":\"https:\/\/videstehnika.lv\/katalogs\/buvmateriali-buvei-remontam-un-ieksdarbiem\/ramkon-keramzitbetona-parsedzes\/#breadcrumb\",\"itemListElement\":[{\"@type\":\"ListItem\",\"position\":1,\"name\":\"Home\",\"item\":\"https:\/\/videstehnika.lv\/et\/\"},{\"@type\":\"ListItem\",\"position\":2,\"name\":\"Kataloog\",\"item\":\"https:\/\/videstehnika.lv\/et\/kataloog\/\"},{\"@type\":\"ListItem\",\"position\":3,\"name\":\"Ramkon keramz\u012btbetona p\u0101rsedzes\"}]},{\"@type\":\"WebSite\",\"@id\":\"https:\/\/videstehnika.lv\/et\/#website\",\"url\":\"https:\/\/videstehnika.lv\/et\/\",\"name\":\"Vides Tehnika\",\"description\":\"\",\"potentialAction\":[{\"@type\":\"SearchAction\",\"target\":{\"@type\":\"EntryPoint\",\"urlTemplate\":\"https:\/\/videstehnika.lv\/et\/?s={search_term_string}\"},\"query-input\":{\"@type\":\"PropertyValueSpecification\",\"valueRequired\":true,\"valueName\":\"search_term_string\"}}],\"inLanguage\":\"et\"}]}<\/script>\n<!-- \/ Yoast SEO plugin. -->","yoast_head_json":{"title":"Lapenes","description":"Lapenes","robots":{"index":"index","follow":"follow","max-snippet":"max-snippet:-1","max-image-preview":"max-image-preview:large","max-video-preview":"max-video-preview:-1"},"canonical":"https:\/\/videstehnika.lv\/et\/katalogs\/buvmateriali-buvei-remontam-un-ieksdarbiem\/ramkon-keramzitbetona-parsedzes\/","og_locale":"et_EE","og_type":"article","og_title":"Lapenes","og_description":"Lapenes","og_url":"https:\/\/videstehnika.lv\/katalogs\/buvmateriali-buvei-remontam-un-ieksdarbiem\/ramkon-keramzitbetona-parsedzes\/","og_site_name":"Vides Tehnika","article_modified_time":"2023-06-08T10:13:38+00:00","og_image":[{"width":691,"height":550,"url":"https:\/\/videstehnika.lv\/wp-content\/uploads\/2023\/06\/2679982636.jpg","type":"image\/jpeg"}],"twitter_card":"summary_large_image","schema":{"@context":"https:\/\/schema.org","@graph":[{"@type":"WebPage","@id":"https:\/\/videstehnika.lv\/katalogs\/buvmateriali-buvei-remontam-un-ieksdarbiem\/ramkon-keramzitbetona-parsedzes\/","url":"https:\/\/videstehnika.lv\/katalogs\/buvmateriali-buvei-remontam-un-ieksdarbiem\/ramkon-keramzitbetona-parsedzes\/","name":"Lapenes","isPartOf":{"@id":"https:\/\/videstehnika.lv\/et\/#website"},"primaryImageOfPage":{"@id":"https:\/\/videstehnika.lv\/katalogs\/buvmateriali-buvei-remontam-un-ieksdarbiem\/ramkon-keramzitbetona-parsedzes\/#primaryimage"},"image":{"@id":"https:\/\/videstehnika.lv\/katalogs\/buvmateriali-buvei-remontam-un-ieksdarbiem\/ramkon-keramzitbetona-parsedzes\/#primaryimage"},"thumbnailUrl":"https:\/\/videstehnika.lv\/wp-content\/uploads\/2023\/06\/2679982636.jpg","datePublished":"2023-06-08T08:35:24+00:00","dateModified":"2023-06-08T10:13:38+00:00","description":"Lapenes","breadcrumb":{"@id":"https:\/\/videstehnika.lv\/katalogs\/buvmateriali-buvei-remontam-un-ieksdarbiem\/ramkon-keramzitbetona-parsedzes\/#breadcrumb"},"inLanguage":"et","potentialAction":[{"@type":"ReadAction","target":["https:\/\/videstehnika.lv\/katalogs\/buvmateriali-buvei-remontam-un-ieksdarbiem\/ramkon-keramzitbetona-parsedzes\/"]}]},{"@type":"ImageObject","inLanguage":"et","@id":"https:\/\/videstehnika.lv\/katalogs\/buvmateriali-buvei-remontam-un-ieksdarbiem\/ramkon-keramzitbetona-parsedzes\/#primaryimage","url":"https:\/\/videstehnika.lv\/wp-content\/uploads\/2023\/06\/2679982636.jpg","contentUrl":"https:\/\/videstehnika.lv\/wp-content\/uploads\/2023\/06\/2679982636.jpg","width":691,"height":550},{"@type":"BreadcrumbList","@id":"https:\/\/videstehnika.lv\/katalogs\/buvmateriali-buvei-remontam-un-ieksdarbiem\/ramkon-keramzitbetona-parsedzes\/#breadcrumb","itemListElement":[{"@type":"ListItem","position":1,"name":"Home","item":"https:\/\/videstehnika.lv\/et\/"},{"@type":"ListItem","position":2,"name":"Kataloog","item":"https:\/\/videstehnika.lv\/et\/kataloog\/"},{"@type":"ListItem","position":3,"name":"Ramkon keramz\u012btbetona p\u0101rsedzes"}]},{"@type":"WebSite","@id":"https:\/\/videstehnika.lv\/et\/#website","url":"https:\/\/videstehnika.lv\/et\/","name":"Vides Tehnika","description":"","potentialAction":[{"@type":"SearchAction","target":{"@type":"EntryPoint","urlTemplate":"https:\/\/videstehnika.lv\/et\/?s={search_term_string}"},"query-input":{"@type":"PropertyValueSpecification","valueRequired":true,"valueName":"search_term_string"}}],"inLanguage":"et"}]}},"_links":{"self":[{"href":"https:\/\/videstehnika.lv\/et\/wp-json\/wp\/v2\/product\/20566","targetHints":{"allow":["GET"]}}],"collection":[{"href":"https:\/\/videstehnika.lv\/et\/wp-json\/wp\/v2\/product"}],"about":[{"href":"https:\/\/videstehnika.lv\/et\/wp-json\/wp\/v2\/types\/product"}],"wp:featuredmedia":[{"embeddable":true,"href":"https:\/\/videstehnika.lv\/et\/wp-json\/wp\/v2\/media\/20641"}],"wp:attachment":[{"href":"https:\/\/videstehnika.lv\/et\/wp-json\/wp\/v2\/media?parent=20566"}],"wp:term":[{"taxonomy":"product_cat","embeddable":true,"href":"https:\/\/videstehnika.lv\/et\/wp-json\/wp\/v2\/product_cat?post=20566"},{"taxonomy":"product_tag","embeddable":true,"href":"https:\/\/videstehnika.lv\/et\/wp-json\/wp\/v2\/product_tag?post=20566"}],"curies":[{"name":"wp","href":"https:\/\/api.w.org\/{rel}","templated":true}]}}