{"id":20629,"date":"2023-06-08T11:57:41","date_gmt":"2023-06-08T08:57:41","guid":{"rendered":"https:\/\/videstehnika.lv\/?post_type=product&#038;p=20629"},"modified":"2023-06-08T12:02:10","modified_gmt":"2023-06-08T09:02:10","slug":"weber-fibo-fix","status":"publish","type":"product","link":"https:\/\/videstehnika.lv\/katalogs\/buvmateriali-buvei-remontam-un-ieksdarbiem\/weber-fibo-fix\/","title":{"rendered":"Weber Fibo Fix"},"content":{"rendered":"<div class=\"et_pb_module et_pb_text et_pb_text_2 et_pb_text_align_left et_pb_bg_layout_light et_had_animation\">\n<div class=\"et_pb_text_inner\">\n<p>Augst\u0101k\u0101s kvalit\u0101tes akmens l\u012bme Fibo Fix izmantojama\u00a0<a target=\"_blank\" href=\"https:\/\/www.lv.weber\/fibo-keramzita-izstradajumi\/fibor-bloki\/fibor-starpsienu-bloki\" rel=\"noopener\">Fibo starpsienu bloku<\/a>\u00a0vai citu\u00a0celtniec\u012bbas bloku savieno\u0161anai, izb\u016bv\u0113jot neneso\u0161as iek\u0161\u0113j\u0101s sienas. T\u0101 ir speci\u0101li izstr\u0101d\u0101ta speci\u0101li da\u017e\u0101du miner\u0101las izcelsmes materi\u0101lu sal\u012bm\u0113\u0161anai &#8211; porain\u0101m, keramisk\u0101m un monol\u012bt\u0101m virsm\u0101m. Ar vienu 750 ml l\u012bmes iepakojumu pietiek apm\u0113ram 4,2-5,2 m2 sienas mont\u0101\u017eai.<\/p>\n<\/div>\n<ul>\n<li>Iestr\u0101des temperat\u016bta\u00a0 -5\u00b0C&#8230;+35\u00b0C<\/li>\n<li>Balona temperat\u016bra iestr\u0101des\u00a0laik\u0101 +5\u00b0C&#8230;+30\u00b0C<\/li>\n<li>Vislab\u0101kais rezult\u0101ts &#8211; pie +20\u00b0C temperat\u016bras<\/li>\n<li>Gal\u012bga saciet\u0113\u0161ana &#8211;\u00a024 stundas (+23\u00b0C, 50% RH)<\/li>\n<\/ul>\n<p>&nbsp;<\/p>\n<ul>\n<li>Alternat\u012bva celtniec\u012bbas m\u016br\u0113\u0161anas javai<\/li>\n<li>\u0100tra, t\u012bra un vienk\u0101r\u0161a mont\u0101\u017ea<\/li>\n<li>Iztur\u012bgs l\u012bmes savienojums jau 30 min\u016b\u0161u laik\u0101<\/li>\n<\/ul>\n<\/div>\n","protected":false},"excerpt":{"rendered":"<p>Cena nor\u0101d\u012bta par pl\u0101ksni<\/p>\n","protected":false},"featured_media":20616,"template":"","meta":{"_acf_changed":false},"product_cat":[842,791,70],"product_tag":[],"class_list":{"0":"post-20629","1":"product","2":"type-product","3":"status-publish","4":"has-post-thumbnail","6":"product_cat-saint-gobain-celtniecibas-bloki","7":"product_cat-keramzita-bloki","8":"product_cat-buvmateriali-buvei-remontam-un-ieksdarbiem","10":"first","11":"instock","12":"featured","13":"taxable","14":"shipping-taxable","15":"purchasable","16":"product-type-variable"},"acf":[],"yoast_head":"<!-- This site is optimized with the Yoast SEO plugin v24.2 - https:\/\/yoast.com\/wordpress\/plugins\/seo\/ -->\n<title>Lapenes<\/title>\n<meta name=\"description\" content=\"Lapenes\" \/>\n<meta name=\"robots\" content=\"index, follow, max-snippet:-1, max-image-preview:large, max-video-preview:-1\" \/>\n<link rel=\"canonical\" href=\"https:\/\/videstehnika.lv\/et\/katalogs\/buvmateriali-buvei-remontam-un-ieksdarbiem\/weber-fibo-fix\/\" \/>\n<meta property=\"og:locale\" content=\"et_EE\" \/>\n<meta property=\"og:type\" content=\"article\" \/>\n<meta property=\"og:title\" content=\"Lapenes\" \/>\n<meta property=\"og:description\" content=\"Lapenes\" \/>\n<meta property=\"og:url\" content=\"https:\/\/videstehnika.lv\/katalogs\/buvmateriali-buvei-remontam-un-ieksdarbiem\/weber-fibo-fix\/\" \/>\n<meta property=\"og:site_name\" content=\"Vides Tehnika\" \/>\n<meta property=\"article:modified_time\" content=\"2023-06-08T09:02:10+00:00\" \/>\n<meta property=\"og:image\" content=\"https:\/\/videstehnika.lv\/wp-content\/uploads\/2023\/06\/m100600.png\" \/>\n\t<meta property=\"og:image:width\" content=\"1260\" \/>\n\t<meta property=\"og:image:height\" content=\"1128\" \/>\n\t<meta property=\"og:image:type\" content=\"image\/png\" \/>\n<meta name=\"twitter:card\" content=\"summary_large_image\" \/>\n<meta name=\"twitter:label1\" content=\"Est. reading time\" \/>\n\t<meta name=\"twitter:data1\" content=\"1 minut\" \/>\n<script type=\"application\/ld+json\" class=\"yoast-schema-graph\">{\"@context\":\"https:\/\/schema.org\",\"@graph\":[{\"@type\":\"WebPage\",\"@id\":\"https:\/\/videstehnika.lv\/katalogs\/buvmateriali-buvei-remontam-un-ieksdarbiem\/weber-fibo-fix\/\",\"url\":\"https:\/\/videstehnika.lv\/katalogs\/buvmateriali-buvei-remontam-un-ieksdarbiem\/weber-fibo-fix\/\",\"name\":\"Lapenes\",\"isPartOf\":{\"@id\":\"https:\/\/videstehnika.lv\/et\/#website\"},\"primaryImageOfPage\":{\"@id\":\"https:\/\/videstehnika.lv\/katalogs\/buvmateriali-buvei-remontam-un-ieksdarbiem\/weber-fibo-fix\/#primaryimage\"},\"image\":{\"@id\":\"https:\/\/videstehnika.lv\/katalogs\/buvmateriali-buvei-remontam-un-ieksdarbiem\/weber-fibo-fix\/#primaryimage\"},\"thumbnailUrl\":\"https:\/\/videstehnika.lv\/wp-content\/uploads\/2023\/06\/m100600.png\",\"datePublished\":\"2023-06-08T08:57:41+00:00\",\"dateModified\":\"2023-06-08T09:02:10+00:00\",\"description\":\"Lapenes\",\"breadcrumb\":{\"@id\":\"https:\/\/videstehnika.lv\/katalogs\/buvmateriali-buvei-remontam-un-ieksdarbiem\/weber-fibo-fix\/#breadcrumb\"},\"inLanguage\":\"et\",\"potentialAction\":[{\"@type\":\"ReadAction\",\"target\":[\"https:\/\/videstehnika.lv\/katalogs\/buvmateriali-buvei-remontam-un-ieksdarbiem\/weber-fibo-fix\/\"]}]},{\"@type\":\"ImageObject\",\"inLanguage\":\"et\",\"@id\":\"https:\/\/videstehnika.lv\/katalogs\/buvmateriali-buvei-remontam-un-ieksdarbiem\/weber-fibo-fix\/#primaryimage\",\"url\":\"https:\/\/videstehnika.lv\/wp-content\/uploads\/2023\/06\/m100600.png\",\"contentUrl\":\"https:\/\/videstehnika.lv\/wp-content\/uploads\/2023\/06\/m100600.png\",\"width\":1260,\"height\":1128},{\"@type\":\"BreadcrumbList\",\"@id\":\"https:\/\/videstehnika.lv\/katalogs\/buvmateriali-buvei-remontam-un-ieksdarbiem\/weber-fibo-fix\/#breadcrumb\",\"itemListElement\":[{\"@type\":\"ListItem\",\"position\":1,\"name\":\"Home\",\"item\":\"https:\/\/videstehnika.lv\/et\/\"},{\"@type\":\"ListItem\",\"position\":2,\"name\":\"Kataloog\",\"item\":\"https:\/\/videstehnika.lv\/et\/kataloog\/\"},{\"@type\":\"ListItem\",\"position\":3,\"name\":\"Weber Fibo Fix\"}]},{\"@type\":\"WebSite\",\"@id\":\"https:\/\/videstehnika.lv\/et\/#website\",\"url\":\"https:\/\/videstehnika.lv\/et\/\",\"name\":\"Vides Tehnika\",\"description\":\"\",\"potentialAction\":[{\"@type\":\"SearchAction\",\"target\":{\"@type\":\"EntryPoint\",\"urlTemplate\":\"https:\/\/videstehnika.lv\/et\/?s={search_term_string}\"},\"query-input\":{\"@type\":\"PropertyValueSpecification\",\"valueRequired\":true,\"valueName\":\"search_term_string\"}}],\"inLanguage\":\"et\"}]}<\/script>\n<!-- \/ Yoast SEO plugin. -->","yoast_head_json":{"title":"Lapenes","description":"Lapenes","robots":{"index":"index","follow":"follow","max-snippet":"max-snippet:-1","max-image-preview":"max-image-preview:large","max-video-preview":"max-video-preview:-1"},"canonical":"https:\/\/videstehnika.lv\/et\/katalogs\/buvmateriali-buvei-remontam-un-ieksdarbiem\/weber-fibo-fix\/","og_locale":"et_EE","og_type":"article","og_title":"Lapenes","og_description":"Lapenes","og_url":"https:\/\/videstehnika.lv\/katalogs\/buvmateriali-buvei-remontam-un-ieksdarbiem\/weber-fibo-fix\/","og_site_name":"Vides Tehnika","article_modified_time":"2023-06-08T09:02:10+00:00","og_image":[{"width":1260,"height":1128,"url":"https:\/\/videstehnika.lv\/wp-content\/uploads\/2023\/06\/m100600.png","type":"image\/png"}],"twitter_card":"summary_large_image","twitter_misc":{"Est. reading time":"1 minut"},"schema":{"@context":"https:\/\/schema.org","@graph":[{"@type":"WebPage","@id":"https:\/\/videstehnika.lv\/katalogs\/buvmateriali-buvei-remontam-un-ieksdarbiem\/weber-fibo-fix\/","url":"https:\/\/videstehnika.lv\/katalogs\/buvmateriali-buvei-remontam-un-ieksdarbiem\/weber-fibo-fix\/","name":"Lapenes","isPartOf":{"@id":"https:\/\/videstehnika.lv\/et\/#website"},"primaryImageOfPage":{"@id":"https:\/\/videstehnika.lv\/katalogs\/buvmateriali-buvei-remontam-un-ieksdarbiem\/weber-fibo-fix\/#primaryimage"},"image":{"@id":"https:\/\/videstehnika.lv\/katalogs\/buvmateriali-buvei-remontam-un-ieksdarbiem\/weber-fibo-fix\/#primaryimage"},"thumbnailUrl":"https:\/\/videstehnika.lv\/wp-content\/uploads\/2023\/06\/m100600.png","datePublished":"2023-06-08T08:57:41+00:00","dateModified":"2023-06-08T09:02:10+00:00","description":"Lapenes","breadcrumb":{"@id":"https:\/\/videstehnika.lv\/katalogs\/buvmateriali-buvei-remontam-un-ieksdarbiem\/weber-fibo-fix\/#breadcrumb"},"inLanguage":"et","potentialAction":[{"@type":"ReadAction","target":["https:\/\/videstehnika.lv\/katalogs\/buvmateriali-buvei-remontam-un-ieksdarbiem\/weber-fibo-fix\/"]}]},{"@type":"ImageObject","inLanguage":"et","@id":"https:\/\/videstehnika.lv\/katalogs\/buvmateriali-buvei-remontam-un-ieksdarbiem\/weber-fibo-fix\/#primaryimage","url":"https:\/\/videstehnika.lv\/wp-content\/uploads\/2023\/06\/m100600.png","contentUrl":"https:\/\/videstehnika.lv\/wp-content\/uploads\/2023\/06\/m100600.png","width":1260,"height":1128},{"@type":"BreadcrumbList","@id":"https:\/\/videstehnika.lv\/katalogs\/buvmateriali-buvei-remontam-un-ieksdarbiem\/weber-fibo-fix\/#breadcrumb","itemListElement":[{"@type":"ListItem","position":1,"name":"Home","item":"https:\/\/videstehnika.lv\/et\/"},{"@type":"ListItem","position":2,"name":"Kataloog","item":"https:\/\/videstehnika.lv\/et\/kataloog\/"},{"@type":"ListItem","position":3,"name":"Weber Fibo Fix"}]},{"@type":"WebSite","@id":"https:\/\/videstehnika.lv\/et\/#website","url":"https:\/\/videstehnika.lv\/et\/","name":"Vides Tehnika","description":"","potentialAction":[{"@type":"SearchAction","target":{"@type":"EntryPoint","urlTemplate":"https:\/\/videstehnika.lv\/et\/?s={search_term_string}"},"query-input":{"@type":"PropertyValueSpecification","valueRequired":true,"valueName":"search_term_string"}}],"inLanguage":"et"}]}},"_links":{"self":[{"href":"https:\/\/videstehnika.lv\/et\/wp-json\/wp\/v2\/product\/20629","targetHints":{"allow":["GET"]}}],"collection":[{"href":"https:\/\/videstehnika.lv\/et\/wp-json\/wp\/v2\/product"}],"about":[{"href":"https:\/\/videstehnika.lv\/et\/wp-json\/wp\/v2\/types\/product"}],"wp:featuredmedia":[{"embeddable":true,"href":"https:\/\/videstehnika.lv\/et\/wp-json\/wp\/v2\/media\/20616"}],"wp:attachment":[{"href":"https:\/\/videstehnika.lv\/et\/wp-json\/wp\/v2\/media?parent=20629"}],"wp:term":[{"taxonomy":"product_cat","embeddable":true,"href":"https:\/\/videstehnika.lv\/et\/wp-json\/wp\/v2\/product_cat?post=20629"},{"taxonomy":"product_tag","embeddable":true,"href":"https:\/\/videstehnika.lv\/et\/wp-json\/wp\/v2\/product_tag?post=20629"}],"curies":[{"name":"wp","href":"https:\/\/api.w.org\/{rel}","templated":true}]}}