{"id":30115,"date":"2023-10-09T15:56:52","date_gmt":"2023-10-09T12:56:52","guid":{"rendered":"https:\/\/videstehnika.lv\/catalog\/maaratlemata\/poliuretana-paneli-thermano-agro-alu\/"},"modified":"2023-11-19T12:10:56","modified_gmt":"2023-11-19T10:10:56","slug":"poliuretana-paneli-thermano-agro-alu","status":"publish","type":"product","link":"https:\/\/videstehnika.lv\/et\/katalogs\/vaht-soojusisolatsiooniks\/poliuretana-paneli-thermano-agro-alu\/","title":{"rendered":"Pol\u00fcuretaanpaneelid Thermano AGRO ALU"},"content":{"rendered":"<h2>Pol\u00fcuretaanpaneelid Thermano AGRO ALU<\/h2>\n<div class=\"product-tabs-wrapper\">\n<div class=\"container\">\n<div class=\"row\">\n<div class=\"col-12 poduct-tabs-inner\">\n<div class=\"woocommerce-tabs wc-tabs-wrapper tabs-layout-tabs\" data-state=\"first\" data-layout=\"tabs\">\n<div class=\"wd-accordion-item wd-tab-wrapper woodmart-tab-wrapper\">\n<div id=\"tab-description\" class=\"entry-content woocommerce-Tabs-panel woocommerce-Tabs-panel--description wd-active panel wc-tab\" role=\"tabpanel\" aria-labelledby=\"tab-title-description\" data-accordion-index=\"description\">\n<div class=\"wc-tab-inner\">\n<p class=\"dominant\"><strong>ROHKEM KUI LIHTSALT ALTERNATIIV PUUVILLA JA POL\u00dcESTERVAHULE<\/strong><\/p>\n<p>Thermano Alu hoone isolatsioon on see, mis tagab paremad ja stabiilsemad soojustingimused p\u00f5llumajandusrajatistes, s\u00f5ltumata v\u00e4lisilmast.<\/p>\n<p>Thermano Alu kaitseb suvel kuumuse eest ja hoolitseb sooja eest talvel. Isolatsiooni sees olev \u00fchtlane valge v\u00e4rv loob hoones neutraalse keskkonna.<br \/>\nPaneelidel pole mitte ainult suurep\u00e4rased soojusisolatsiooni parameetrid, vaid ka k\u00f5rge vastupidavus ammoniaagile, seentele ja hallitusele, samuti putukatele, n\u00e4rilistele ja linnupesadele.<\/p>\n<p>Thermano on modifitseeritud pol\u00fcuretaant\u00e4idisega (pol\u00fcisots\u00fcanuraat \u2013 PIR) soojusisolatsioonipaneelid, mis annab madalaima soojusjuhtivuse koefitsiendi enimlevinud hoonete soojustamiseks kasutatavate materjalide hulgas.<\/p>\n<p>Vananemistegur \u03bb = 0,023 (W\/mK) tagab igale hoonele v\u00e4ga hea lisasoojustuse, kasutades mitme kasutatud materjaliga v\u00f5rreldes peaaegu kaks korda suuremat soojustuse paksust.<\/p>\n<h2><strong>Thermano <\/strong>AGRO ALU <strong>eeliseid<\/strong><\/h2>\n<ul>\n<li>loomade suurem tootlikkus ja aretuse tasuvus<\/li>\n<li>maksimaalne piimatoodang ja loomade stabiilne kaalut\u00f5us<\/li>\n<li>optimaalne s\u00f6\u00f6dav\u00e4\u00e4rtuse kasutamine<\/li>\n<li>\u00fclekuumenemise probleemi v\u00e4ltimine suvel<\/li>\n<li>esinemissageduse v\u00e4hendamine<\/li>\n<li>p\u00f5llumajandustoodete s\u00e4ilivusaja pikendamine<\/li>\n<li>\u00f6\u00f6p\u00e4evaste temperatuurik\u00f5ikumiste \u00fchtlustamine.<\/li>\n<\/ul>\n<h3><strong>Thermano <\/strong>AGRO ALU rakendus<\/h3>\n<ul>\n<li>&#8211; P\u00f5llumajandushoonete soojendamiseks<br \/>\n&#8211; Angaarid<br \/>\n&#8211; Seinte jaoks<br \/>\n&#8211; Lae jaoks.<\/li>\n<\/ul>\n<\/div>\n<\/div>\n<\/div>\n<div class=\"wd-accordion-item wd-tab-wrapper woodmart-tab-wrapper\">\n<div class=\"wd-accordion-title wd-opener-pos-right woodmart-accordion-title tab-title-additional_information\" data-accordion-index=\"additional_information\">\n<div class=\"wd-accordion-title-text\"><\/div>\n<\/div>\n<\/div>\n<\/div>\n<\/div>\n<\/div>\n<\/div>\n<\/div>\n<div class=\"container related-and-upsells\">\n<div class=\"related-products\"><\/div>\n<\/div>\n","protected":false},"excerpt":{"rendered":"<p>Pol\u00fcuretaanpaneelid Thermano AGRO ALU ROHKEM KUI LIHTSALT ALTERNATIIV PUUVILLA JA POL\u00dcESTERVAHULE Thermano Alu hoone isolatsioon on see, mis tagab paremad<\/p>\n","protected":false},"featured_media":29781,"template":"","meta":{"_acf_changed":false},"product_cat":[5222,4263],"product_tag":[],"class_list":{"0":"post-30115","1":"product","2":"type-product","3":"status-publish","4":"has-post-thumbnail","6":"product_cat-siltumizolacijas-materiali-et","7":"product_cat-vaht-soojusisolatsiooniks","9":"first","10":"instock","11":"taxable","12":"shipping-taxable","13":"purchasable","14":"product-type-variable"},"acf":[],"yoast_head":"<!-- This site is optimized with the Yoast SEO plugin v24.2 - https:\/\/yoast.com\/wordpress\/plugins\/seo\/ -->\n<title>Pol\u00fcuretaanpaneelid Thermano AGRO ALU &#8226; Vides Tehnika<\/title>\n<meta name=\"description\" content=\"Ekstrud\u0113t\u0101 putuplasta pl\u0101ksnes Finnfoam XX tiek izmantotas cokolu, ai\u013cu, termisko tiltu izol\u0113\u0161anai, sienu un citu konstrukciju izol\u0113\u0161anai.\" \/>\n<meta name=\"robots\" content=\"index, follow, max-snippet:-1, max-image-preview:large, max-video-preview:-1\" \/>\n<link rel=\"canonical\" href=\"https:\/\/videstehnika.lv\/et\/katalogs\/vaht-soojusisolatsiooniks\/poliuretana-paneli-thermano-agro-alu\/\" \/>\n<meta property=\"og:locale\" content=\"et_EE\" \/>\n<meta property=\"og:type\" content=\"article\" \/>\n<meta property=\"og:title\" content=\"Pol\u00fcuretaanpaneelid Thermano AGRO ALU &#8226; Vides Tehnika\" \/>\n<meta property=\"og:description\" content=\"Ekstrud\u0113t\u0101 putuplasta pl\u0101ksnes Finnfoam XX tiek izmantotas cokolu, ai\u013cu, termisko tiltu izol\u0113\u0161anai, sienu un citu konstrukciju izol\u0113\u0161anai.\" \/>\n<meta property=\"og:url\" content=\"https:\/\/videstehnika.lv\/et\/katalogs\/vaht-soojusisolatsiooniks\/poliuretana-paneli-thermano-agro-alu\/\" \/>\n<meta property=\"og:site_name\" content=\"Vides Tehnika\" \/>\n<meta property=\"article:modified_time\" content=\"2023-11-19T10:10:56+00:00\" \/>\n<meta property=\"og:image\" content=\"https:\/\/videstehnika.lv\/wp-content\/uploads\/2023\/10\/thermano-agro-alu_l.png\" \/>\n\t<meta property=\"og:image:width\" content=\"654\" \/>\n\t<meta property=\"og:image:height\" content=\"654\" \/>\n\t<meta property=\"og:image:type\" content=\"image\/png\" \/>\n<meta name=\"twitter:card\" content=\"summary_large_image\" \/>\n<meta name=\"twitter:label1\" content=\"Est. reading time\" \/>\n\t<meta name=\"twitter:data1\" content=\"1 minut\" \/>\n<script type=\"application\/ld+json\" class=\"yoast-schema-graph\">{\"@context\":\"https:\/\/schema.org\",\"@graph\":[{\"@type\":\"WebPage\",\"@id\":\"https:\/\/videstehnika.lv\/et\/katalogs\/vaht-soojusisolatsiooniks\/poliuretana-paneli-thermano-agro-alu\/\",\"url\":\"https:\/\/videstehnika.lv\/et\/katalogs\/vaht-soojusisolatsiooniks\/poliuretana-paneli-thermano-agro-alu\/\",\"name\":\"Pol\u00fcuretaanpaneelid Thermano AGRO ALU &#8226; Vides Tehnika\",\"isPartOf\":{\"@id\":\"https:\/\/videstehnika.lv\/et\/#website\"},\"primaryImageOfPage\":{\"@id\":\"https:\/\/videstehnika.lv\/et\/katalogs\/vaht-soojusisolatsiooniks\/poliuretana-paneli-thermano-agro-alu\/#primaryimage\"},\"image\":{\"@id\":\"https:\/\/videstehnika.lv\/et\/katalogs\/vaht-soojusisolatsiooniks\/poliuretana-paneli-thermano-agro-alu\/#primaryimage\"},\"thumbnailUrl\":\"https:\/\/videstehnika.lv\/wp-content\/uploads\/2023\/10\/thermano-agro-alu_l.png\",\"datePublished\":\"2023-10-09T12:56:52+00:00\",\"dateModified\":\"2023-11-19T10:10:56+00:00\",\"description\":\"Ekstrud\u0113t\u0101 putuplasta pl\u0101ksnes Finnfoam XX tiek izmantotas cokolu, ai\u013cu, termisko tiltu izol\u0113\u0161anai, sienu un citu konstrukciju izol\u0113\u0161anai.\",\"breadcrumb\":{\"@id\":\"https:\/\/videstehnika.lv\/et\/katalogs\/vaht-soojusisolatsiooniks\/poliuretana-paneli-thermano-agro-alu\/#breadcrumb\"},\"inLanguage\":\"et\",\"potentialAction\":[{\"@type\":\"ReadAction\",\"target\":[\"https:\/\/videstehnika.lv\/et\/katalogs\/vaht-soojusisolatsiooniks\/poliuretana-paneli-thermano-agro-alu\/\"]}]},{\"@type\":\"ImageObject\",\"inLanguage\":\"et\",\"@id\":\"https:\/\/videstehnika.lv\/et\/katalogs\/vaht-soojusisolatsiooniks\/poliuretana-paneli-thermano-agro-alu\/#primaryimage\",\"url\":\"https:\/\/videstehnika.lv\/wp-content\/uploads\/2023\/10\/thermano-agro-alu_l.png\",\"contentUrl\":\"https:\/\/videstehnika.lv\/wp-content\/uploads\/2023\/10\/thermano-agro-alu_l.png\",\"width\":654,\"height\":654},{\"@type\":\"BreadcrumbList\",\"@id\":\"https:\/\/videstehnika.lv\/et\/katalogs\/vaht-soojusisolatsiooniks\/poliuretana-paneli-thermano-agro-alu\/#breadcrumb\",\"itemListElement\":[{\"@type\":\"ListItem\",\"position\":1,\"name\":\"Home\",\"item\":\"https:\/\/videstehnika.lv\/et\/\"},{\"@type\":\"ListItem\",\"position\":2,\"name\":\"Kataloog\",\"item\":\"https:\/\/videstehnika.lv\/et\/kataloog\/\"},{\"@type\":\"ListItem\",\"position\":3,\"name\":\"Pol\u00fcuretaanpaneelid Thermano AGRO ALU\"}]},{\"@type\":\"WebSite\",\"@id\":\"https:\/\/videstehnika.lv\/et\/#website\",\"url\":\"https:\/\/videstehnika.lv\/et\/\",\"name\":\"Vides Tehnika\",\"description\":\"\",\"potentialAction\":[{\"@type\":\"SearchAction\",\"target\":{\"@type\":\"EntryPoint\",\"urlTemplate\":\"https:\/\/videstehnika.lv\/et\/?s={search_term_string}\"},\"query-input\":{\"@type\":\"PropertyValueSpecification\",\"valueRequired\":true,\"valueName\":\"search_term_string\"}}],\"inLanguage\":\"et\"}]}<\/script>\n<!-- \/ Yoast SEO plugin. -->","yoast_head_json":{"title":"Pol\u00fcuretaanpaneelid Thermano AGRO ALU &#8226; Vides Tehnika","description":"Ekstrud\u0113t\u0101 putuplasta pl\u0101ksnes Finnfoam XX tiek izmantotas cokolu, ai\u013cu, termisko tiltu izol\u0113\u0161anai, sienu un citu konstrukciju izol\u0113\u0161anai.","robots":{"index":"index","follow":"follow","max-snippet":"max-snippet:-1","max-image-preview":"max-image-preview:large","max-video-preview":"max-video-preview:-1"},"canonical":"https:\/\/videstehnika.lv\/et\/katalogs\/vaht-soojusisolatsiooniks\/poliuretana-paneli-thermano-agro-alu\/","og_locale":"et_EE","og_type":"article","og_title":"Pol\u00fcuretaanpaneelid Thermano AGRO ALU &#8226; Vides Tehnika","og_description":"Ekstrud\u0113t\u0101 putuplasta pl\u0101ksnes Finnfoam XX tiek izmantotas cokolu, ai\u013cu, termisko tiltu izol\u0113\u0161anai, sienu un citu konstrukciju izol\u0113\u0161anai.","og_url":"https:\/\/videstehnika.lv\/et\/katalogs\/vaht-soojusisolatsiooniks\/poliuretana-paneli-thermano-agro-alu\/","og_site_name":"Vides Tehnika","article_modified_time":"2023-11-19T10:10:56+00:00","og_image":[{"width":654,"height":654,"url":"https:\/\/videstehnika.lv\/wp-content\/uploads\/2023\/10\/thermano-agro-alu_l.png","type":"image\/png"}],"twitter_card":"summary_large_image","twitter_misc":{"Est. reading time":"1 minut"},"schema":{"@context":"https:\/\/schema.org","@graph":[{"@type":"WebPage","@id":"https:\/\/videstehnika.lv\/et\/katalogs\/vaht-soojusisolatsiooniks\/poliuretana-paneli-thermano-agro-alu\/","url":"https:\/\/videstehnika.lv\/et\/katalogs\/vaht-soojusisolatsiooniks\/poliuretana-paneli-thermano-agro-alu\/","name":"Pol\u00fcuretaanpaneelid Thermano AGRO ALU &#8226; Vides Tehnika","isPartOf":{"@id":"https:\/\/videstehnika.lv\/et\/#website"},"primaryImageOfPage":{"@id":"https:\/\/videstehnika.lv\/et\/katalogs\/vaht-soojusisolatsiooniks\/poliuretana-paneli-thermano-agro-alu\/#primaryimage"},"image":{"@id":"https:\/\/videstehnika.lv\/et\/katalogs\/vaht-soojusisolatsiooniks\/poliuretana-paneli-thermano-agro-alu\/#primaryimage"},"thumbnailUrl":"https:\/\/videstehnika.lv\/wp-content\/uploads\/2023\/10\/thermano-agro-alu_l.png","datePublished":"2023-10-09T12:56:52+00:00","dateModified":"2023-11-19T10:10:56+00:00","description":"Ekstrud\u0113t\u0101 putuplasta pl\u0101ksnes Finnfoam XX tiek izmantotas cokolu, ai\u013cu, termisko tiltu izol\u0113\u0161anai, sienu un citu konstrukciju izol\u0113\u0161anai.","breadcrumb":{"@id":"https:\/\/videstehnika.lv\/et\/katalogs\/vaht-soojusisolatsiooniks\/poliuretana-paneli-thermano-agro-alu\/#breadcrumb"},"inLanguage":"et","potentialAction":[{"@type":"ReadAction","target":["https:\/\/videstehnika.lv\/et\/katalogs\/vaht-soojusisolatsiooniks\/poliuretana-paneli-thermano-agro-alu\/"]}]},{"@type":"ImageObject","inLanguage":"et","@id":"https:\/\/videstehnika.lv\/et\/katalogs\/vaht-soojusisolatsiooniks\/poliuretana-paneli-thermano-agro-alu\/#primaryimage","url":"https:\/\/videstehnika.lv\/wp-content\/uploads\/2023\/10\/thermano-agro-alu_l.png","contentUrl":"https:\/\/videstehnika.lv\/wp-content\/uploads\/2023\/10\/thermano-agro-alu_l.png","width":654,"height":654},{"@type":"BreadcrumbList","@id":"https:\/\/videstehnika.lv\/et\/katalogs\/vaht-soojusisolatsiooniks\/poliuretana-paneli-thermano-agro-alu\/#breadcrumb","itemListElement":[{"@type":"ListItem","position":1,"name":"Home","item":"https:\/\/videstehnika.lv\/et\/"},{"@type":"ListItem","position":2,"name":"Kataloog","item":"https:\/\/videstehnika.lv\/et\/kataloog\/"},{"@type":"ListItem","position":3,"name":"Pol\u00fcuretaanpaneelid Thermano AGRO ALU"}]},{"@type":"WebSite","@id":"https:\/\/videstehnika.lv\/et\/#website","url":"https:\/\/videstehnika.lv\/et\/","name":"Vides Tehnika","description":"","potentialAction":[{"@type":"SearchAction","target":{"@type":"EntryPoint","urlTemplate":"https:\/\/videstehnika.lv\/et\/?s={search_term_string}"},"query-input":{"@type":"PropertyValueSpecification","valueRequired":true,"valueName":"search_term_string"}}],"inLanguage":"et"}]}},"_links":{"self":[{"href":"https:\/\/videstehnika.lv\/et\/wp-json\/wp\/v2\/product\/30115","targetHints":{"allow":["GET"]}}],"collection":[{"href":"https:\/\/videstehnika.lv\/et\/wp-json\/wp\/v2\/product"}],"about":[{"href":"https:\/\/videstehnika.lv\/et\/wp-json\/wp\/v2\/types\/product"}],"wp:featuredmedia":[{"embeddable":true,"href":"https:\/\/videstehnika.lv\/et\/wp-json\/wp\/v2\/media\/29781"}],"wp:attachment":[{"href":"https:\/\/videstehnika.lv\/et\/wp-json\/wp\/v2\/media?parent=30115"}],"wp:term":[{"taxonomy":"product_cat","embeddable":true,"href":"https:\/\/videstehnika.lv\/et\/wp-json\/wp\/v2\/product_cat?post=30115"},{"taxonomy":"product_tag","embeddable":true,"href":"https:\/\/videstehnika.lv\/et\/wp-json\/wp\/v2\/product_tag?post=30115"}],"curies":[{"name":"wp","href":"https:\/\/api.w.org\/{rel}","templated":true}]}}