{"id":30157,"date":"2023-10-04T15:21:09","date_gmt":"2023-10-04T12:21:09","guid":{"rendered":"https:\/\/videstehnika.lv\/catalog\/maaratlemata\/putuplasts-thermano-roof\/"},"modified":"2024-08-07T09:35:09","modified_gmt":"2024-08-07T06:35:09","slug":"putuplasts-thermano-roof","status":"publish","type":"product","link":"https:\/\/videstehnika.lv\/et\/katalogs\/siltumizolacijas-materiali\/putuplasts-thermano-roof\/","title":{"rendered":"Poliuret\u0101na pane\u013ci Thermano ROOF"},"content":{"rendered":"<h2>Poliuret\u0101na pane\u013ci Thermano ROOF<\/h2>\n<p class=\"dominant\"><strong>VAIR\u0100K NEK\u0100 TIKAI VATES UN PUTUPOLISTIROLA ALTERNAT\u012aVA<\/strong><\/p>\n<p>Thermano ir revol\u016bcija termoizol\u0101cijas tirg\u016b. Viens panelis nodro\u0161ina divk\u0101rt lab\u0101ko termisko izol\u0101ciju nek\u0101 t\u0101da pa\u0161a biezuma putupolistirols vai miner\u0101lvate.<br \/>\nTermoizol\u0101cija no poliuret\u0101na ir turkl\u0101t dro\u0161a un nav mitrumietilp\u012bga, t\u0101d\u0113\u013c t\u0101 ir lielisks termoizol\u0101cijas materi\u0101ls uz ilgu laiku.<\/p>\n<p>Thermano pane\u013ci ir univers\u0101las lieto\u0161anas materi\u0101ls. Tas noz\u012bm\u0113, ka pane\u013cus var likt k\u0101 uz gr\u012bd\u0101m, t\u0101 ar\u012b uz tr\u012bsk\u0101rtain\u0101m sien\u0101m, plakaniem jumtiem, uz jumtiem, kurus ir paredz\u0113ts apza\u013cumot, un sl\u012bpiem jumtiem.<\/p>\n<p>Sl\u012bpajiem jumtiem b\u016btiska Thermano priek\u0161roc\u012bba ir t\u0101, ka ir iesp\u0113jams uzst\u0101d\u012bt izol\u0101cijas materi\u0101lu virssp\u0101ru sist\u0113m\u0101, tas piln\u012bb\u0101 izsl\u0113dz termisko tiltu ra\u0161anas probl\u0113mu.<\/p>\n<h2><strong>Thermano ROOF priek\u0161roc\u012bbas<\/strong><\/h2>\n<ul>\n<li>Augsta spiedes iztur\u012bba (20 t\/m<sup>2<\/sup>)<\/li>\n<li>stiprums \u2013 pane\u013ci ar laiku nezaud\u0113 savas termoizol\u0101cijas \u012bpa\u0161\u012bbas<\/li>\n<li>vieglums \u2013 sal\u012bdzino\u0161i maz\u0101ks izol\u0101cijas biezums un mazs materi\u0101la, no kura ir izgatavoti pane\u013ci, bl\u012bvums, mazina kop\u0113jo jumta svaru, tas noz\u012bm\u0113 iesp\u0113ju mazin\u0101t neso\u0161\u0101s konstrukcijas izmaksas l\u012bdz 15\u201320%.<\/li>\n<\/ul>\n<h3><strong>Thermano ROOF pielietojums<\/strong><\/h3>\n<ul>\n<li>\u00a0-Gr\u012bd\u0101m<br \/>\n-Tr\u012bsk\u0101rtain\u0101m sien\u0101m<br \/>\n&#8211; Plakaniem jumtiem<br \/>\n&#8211; Jumtiem, kurus ir paredz\u0113ts apza\u013cumot,<br \/>\n&#8211; Sl\u012bpiem jumtiem.<\/li>\n<\/ul>\n","protected":false},"excerpt":{"rendered":"<p>Poliuret\u0101na pane\u013ci Thermano ROOF VAIR\u0100K NEK\u0100 TIKAI VATES UN PUTUPOLISTIROLA ALTERNAT\u012aVA Thermano ir revol\u016bcija termoizol\u0101cijas tirg\u016b. Viens panelis nodro\u0161ina divk\u0101rt<\/p>\n","protected":false},"featured_media":29775,"template":"","meta":{"_acf_changed":false},"product_cat":[5222,4263],"product_tag":[],"class_list":{"0":"post-30157","1":"product","2":"type-product","3":"status-publish","4":"has-post-thumbnail","6":"product_cat-siltumizolacijas-materiali-et","7":"product_cat-vaht-soojusisolatsiooniks","9":"first","10":"instock","11":"taxable","12":"shipping-taxable","13":"purchasable","14":"product-type-variable"},"acf":[],"yoast_head":"<!-- This site is optimized with the Yoast SEO plugin v24.2 - https:\/\/yoast.com\/wordpress\/plugins\/seo\/ -->\n<title>Poliuret\u0101na pane\u013ci Thermano ROOF &#8226; Vides Tehnika<\/title>\n<meta name=\"description\" content=\"Ekstrud\u0113t\u0101 putuplasta pl\u0101ksnes Finnfoam XX tiek izmantotas cokolu, ai\u013cu, termisko tiltu izol\u0113\u0161anai, sienu un citu konstrukciju izol\u0113\u0161anai.\" \/>\n<meta name=\"robots\" content=\"index, follow, max-snippet:-1, max-image-preview:large, max-video-preview:-1\" \/>\n<link rel=\"canonical\" href=\"https:\/\/videstehnika.lv\/et\/katalogs\/siltumizolacijas-materiali\/putuplasts-thermano-roof\/\" \/>\n<meta property=\"og:locale\" content=\"et_EE\" \/>\n<meta property=\"og:type\" content=\"article\" \/>\n<meta property=\"og:title\" content=\"Poliuret\u0101na pane\u013ci Thermano ROOF &#8226; Vides Tehnika\" \/>\n<meta property=\"og:description\" content=\"Ekstrud\u0113t\u0101 putuplasta pl\u0101ksnes Finnfoam XX tiek izmantotas cokolu, ai\u013cu, termisko tiltu izol\u0113\u0161anai, sienu un citu konstrukciju izol\u0113\u0161anai.\" \/>\n<meta property=\"og:url\" content=\"https:\/\/videstehnika.lv\/et\/katalogs\/siltumizolacijas-materiali\/putuplasts-thermano-roof\/\" \/>\n<meta property=\"og:site_name\" content=\"Vides Tehnika\" \/>\n<meta property=\"article:modified_time\" content=\"2024-08-07T06:35:09+00:00\" \/>\n<meta property=\"og:image\" content=\"https:\/\/videstehnika.lv\/wp-content\/uploads\/2023\/10\/thermano-plyty-termoizolacyjne-pir_l.jpg\" \/>\n\t<meta property=\"og:image:width\" content=\"654\" \/>\n\t<meta property=\"og:image:height\" content=\"654\" \/>\n\t<meta property=\"og:image:type\" content=\"image\/jpeg\" \/>\n<meta name=\"twitter:card\" content=\"summary_large_image\" \/>\n<meta name=\"twitter:label1\" content=\"Est. reading time\" \/>\n\t<meta name=\"twitter:data1\" content=\"1 minut\" \/>\n<script type=\"application\/ld+json\" class=\"yoast-schema-graph\">{\"@context\":\"https:\/\/schema.org\",\"@graph\":[{\"@type\":\"WebPage\",\"@id\":\"https:\/\/videstehnika.lv\/et\/katalogs\/siltumizolacijas-materiali\/putuplasts-thermano-roof\/\",\"url\":\"https:\/\/videstehnika.lv\/et\/katalogs\/siltumizolacijas-materiali\/putuplasts-thermano-roof\/\",\"name\":\"Poliuret\u0101na pane\u013ci Thermano ROOF &#8226; Vides Tehnika\",\"isPartOf\":{\"@id\":\"https:\/\/videstehnika.lv\/et\/#website\"},\"primaryImageOfPage\":{\"@id\":\"https:\/\/videstehnika.lv\/et\/katalogs\/siltumizolacijas-materiali\/putuplasts-thermano-roof\/#primaryimage\"},\"image\":{\"@id\":\"https:\/\/videstehnika.lv\/et\/katalogs\/siltumizolacijas-materiali\/putuplasts-thermano-roof\/#primaryimage\"},\"thumbnailUrl\":\"https:\/\/videstehnika.lv\/wp-content\/uploads\/2023\/10\/thermano-plyty-termoizolacyjne-pir_l.jpg\",\"datePublished\":\"2023-10-04T12:21:09+00:00\",\"dateModified\":\"2024-08-07T06:35:09+00:00\",\"description\":\"Ekstrud\u0113t\u0101 putuplasta pl\u0101ksnes Finnfoam XX tiek izmantotas cokolu, ai\u013cu, termisko tiltu izol\u0113\u0161anai, sienu un citu konstrukciju izol\u0113\u0161anai.\",\"breadcrumb\":{\"@id\":\"https:\/\/videstehnika.lv\/et\/katalogs\/siltumizolacijas-materiali\/putuplasts-thermano-roof\/#breadcrumb\"},\"inLanguage\":\"et\",\"potentialAction\":[{\"@type\":\"ReadAction\",\"target\":[\"https:\/\/videstehnika.lv\/et\/katalogs\/siltumizolacijas-materiali\/putuplasts-thermano-roof\/\"]}]},{\"@type\":\"ImageObject\",\"inLanguage\":\"et\",\"@id\":\"https:\/\/videstehnika.lv\/et\/katalogs\/siltumizolacijas-materiali\/putuplasts-thermano-roof\/#primaryimage\",\"url\":\"https:\/\/videstehnika.lv\/wp-content\/uploads\/2023\/10\/thermano-plyty-termoizolacyjne-pir_l.jpg\",\"contentUrl\":\"https:\/\/videstehnika.lv\/wp-content\/uploads\/2023\/10\/thermano-plyty-termoizolacyjne-pir_l.jpg\",\"width\":654,\"height\":654},{\"@type\":\"BreadcrumbList\",\"@id\":\"https:\/\/videstehnika.lv\/et\/katalogs\/siltumizolacijas-materiali\/putuplasts-thermano-roof\/#breadcrumb\",\"itemListElement\":[{\"@type\":\"ListItem\",\"position\":1,\"name\":\"Home\",\"item\":\"https:\/\/videstehnika.lv\/et\/\"},{\"@type\":\"ListItem\",\"position\":2,\"name\":\"Kataloog\",\"item\":\"https:\/\/videstehnika.lv\/et\/kataloog\/\"},{\"@type\":\"ListItem\",\"position\":3,\"name\":\"Poliuret\u0101na pane\u013ci Thermano ROOF\"}]},{\"@type\":\"WebSite\",\"@id\":\"https:\/\/videstehnika.lv\/et\/#website\",\"url\":\"https:\/\/videstehnika.lv\/et\/\",\"name\":\"Vides Tehnika\",\"description\":\"\",\"potentialAction\":[{\"@type\":\"SearchAction\",\"target\":{\"@type\":\"EntryPoint\",\"urlTemplate\":\"https:\/\/videstehnika.lv\/et\/?s={search_term_string}\"},\"query-input\":{\"@type\":\"PropertyValueSpecification\",\"valueRequired\":true,\"valueName\":\"search_term_string\"}}],\"inLanguage\":\"et\"}]}<\/script>\n<!-- \/ Yoast SEO plugin. -->","yoast_head_json":{"title":"Poliuret\u0101na pane\u013ci Thermano ROOF &#8226; Vides Tehnika","description":"Ekstrud\u0113t\u0101 putuplasta pl\u0101ksnes Finnfoam XX tiek izmantotas cokolu, ai\u013cu, termisko tiltu izol\u0113\u0161anai, sienu un citu konstrukciju izol\u0113\u0161anai.","robots":{"index":"index","follow":"follow","max-snippet":"max-snippet:-1","max-image-preview":"max-image-preview:large","max-video-preview":"max-video-preview:-1"},"canonical":"https:\/\/videstehnika.lv\/et\/katalogs\/siltumizolacijas-materiali\/putuplasts-thermano-roof\/","og_locale":"et_EE","og_type":"article","og_title":"Poliuret\u0101na pane\u013ci Thermano ROOF &#8226; Vides Tehnika","og_description":"Ekstrud\u0113t\u0101 putuplasta pl\u0101ksnes Finnfoam XX tiek izmantotas cokolu, ai\u013cu, termisko tiltu izol\u0113\u0161anai, sienu un citu konstrukciju izol\u0113\u0161anai.","og_url":"https:\/\/videstehnika.lv\/et\/katalogs\/siltumizolacijas-materiali\/putuplasts-thermano-roof\/","og_site_name":"Vides Tehnika","article_modified_time":"2024-08-07T06:35:09+00:00","og_image":[{"width":654,"height":654,"url":"https:\/\/videstehnika.lv\/wp-content\/uploads\/2023\/10\/thermano-plyty-termoizolacyjne-pir_l.jpg","type":"image\/jpeg"}],"twitter_card":"summary_large_image","twitter_misc":{"Est. reading time":"1 minut"},"schema":{"@context":"https:\/\/schema.org","@graph":[{"@type":"WebPage","@id":"https:\/\/videstehnika.lv\/et\/katalogs\/siltumizolacijas-materiali\/putuplasts-thermano-roof\/","url":"https:\/\/videstehnika.lv\/et\/katalogs\/siltumizolacijas-materiali\/putuplasts-thermano-roof\/","name":"Poliuret\u0101na pane\u013ci Thermano ROOF &#8226; Vides Tehnika","isPartOf":{"@id":"https:\/\/videstehnika.lv\/et\/#website"},"primaryImageOfPage":{"@id":"https:\/\/videstehnika.lv\/et\/katalogs\/siltumizolacijas-materiali\/putuplasts-thermano-roof\/#primaryimage"},"image":{"@id":"https:\/\/videstehnika.lv\/et\/katalogs\/siltumizolacijas-materiali\/putuplasts-thermano-roof\/#primaryimage"},"thumbnailUrl":"https:\/\/videstehnika.lv\/wp-content\/uploads\/2023\/10\/thermano-plyty-termoizolacyjne-pir_l.jpg","datePublished":"2023-10-04T12:21:09+00:00","dateModified":"2024-08-07T06:35:09+00:00","description":"Ekstrud\u0113t\u0101 putuplasta pl\u0101ksnes Finnfoam XX tiek izmantotas cokolu, ai\u013cu, termisko tiltu izol\u0113\u0161anai, sienu un citu konstrukciju izol\u0113\u0161anai.","breadcrumb":{"@id":"https:\/\/videstehnika.lv\/et\/katalogs\/siltumizolacijas-materiali\/putuplasts-thermano-roof\/#breadcrumb"},"inLanguage":"et","potentialAction":[{"@type":"ReadAction","target":["https:\/\/videstehnika.lv\/et\/katalogs\/siltumizolacijas-materiali\/putuplasts-thermano-roof\/"]}]},{"@type":"ImageObject","inLanguage":"et","@id":"https:\/\/videstehnika.lv\/et\/katalogs\/siltumizolacijas-materiali\/putuplasts-thermano-roof\/#primaryimage","url":"https:\/\/videstehnika.lv\/wp-content\/uploads\/2023\/10\/thermano-plyty-termoizolacyjne-pir_l.jpg","contentUrl":"https:\/\/videstehnika.lv\/wp-content\/uploads\/2023\/10\/thermano-plyty-termoizolacyjne-pir_l.jpg","width":654,"height":654},{"@type":"BreadcrumbList","@id":"https:\/\/videstehnika.lv\/et\/katalogs\/siltumizolacijas-materiali\/putuplasts-thermano-roof\/#breadcrumb","itemListElement":[{"@type":"ListItem","position":1,"name":"Home","item":"https:\/\/videstehnika.lv\/et\/"},{"@type":"ListItem","position":2,"name":"Kataloog","item":"https:\/\/videstehnika.lv\/et\/kataloog\/"},{"@type":"ListItem","position":3,"name":"Poliuret\u0101na pane\u013ci Thermano ROOF"}]},{"@type":"WebSite","@id":"https:\/\/videstehnika.lv\/et\/#website","url":"https:\/\/videstehnika.lv\/et\/","name":"Vides Tehnika","description":"","potentialAction":[{"@type":"SearchAction","target":{"@type":"EntryPoint","urlTemplate":"https:\/\/videstehnika.lv\/et\/?s={search_term_string}"},"query-input":{"@type":"PropertyValueSpecification","valueRequired":true,"valueName":"search_term_string"}}],"inLanguage":"et"}]}},"_links":{"self":[{"href":"https:\/\/videstehnika.lv\/et\/wp-json\/wp\/v2\/product\/30157","targetHints":{"allow":["GET"]}}],"collection":[{"href":"https:\/\/videstehnika.lv\/et\/wp-json\/wp\/v2\/product"}],"about":[{"href":"https:\/\/videstehnika.lv\/et\/wp-json\/wp\/v2\/types\/product"}],"wp:featuredmedia":[{"embeddable":true,"href":"https:\/\/videstehnika.lv\/et\/wp-json\/wp\/v2\/media\/29775"}],"wp:attachment":[{"href":"https:\/\/videstehnika.lv\/et\/wp-json\/wp\/v2\/media?parent=30157"}],"wp:term":[{"taxonomy":"product_cat","embeddable":true,"href":"https:\/\/videstehnika.lv\/et\/wp-json\/wp\/v2\/product_cat?post=30157"},{"taxonomy":"product_tag","embeddable":true,"href":"https:\/\/videstehnika.lv\/et\/wp-json\/wp\/v2\/product_tag?post=30157"}],"curies":[{"name":"wp","href":"https:\/\/api.w.org\/{rel}","templated":true}]}}