{"id":30185,"date":"2023-07-26T11:29:47","date_gmt":"2023-07-26T08:29:47","guid":{"rendered":"https:\/\/videstehnika.lv\/catalog\/maaratlemata\/ekovate-steico-floc-15kg\/"},"modified":"2023-11-19T12:17:09","modified_gmt":"2023-11-19T10:17:09","slug":"ekovate-steico-floc-15kg","status":"publish","type":"product","link":"https:\/\/videstehnika.lv\/et\/katalogs\/ekovate-okoloogiline-soojendav-materjal\/ekovate-steico-floc-15kg\/","title":{"rendered":"Ekovate STEICO floc 15kg"},"content":{"rendered":"<h2>Ekovate &#8220;STEICO floc &#8220;<\/h2>\n<p id=\"tw-target-text\" class=\"tw-data-text tw-text-large tw-ta\" dir=\"ltr\" data-placeholder=\"Tulkojums\">Ekovate &#8220;STEICO floc&#8221; on valmistatud taaskasutatud paberist. Kvaliteetne tselluloos, suurep\u00e4rane isolatsioon talvel, suurep\u00e4rane suvine kuumakaitse. Tegemist on lahtise, kerge, keskkonna- ja inims\u00f5braliku soojusisolatsiooniga, mis kestab \u00fcle 50 aasta. Ekovatel on k\u00f5rge soojusjuhtivus ja t\u00f5hus heliisolatsioon.<\/p>\n<h2>Ekovates eeliseid:<\/h2>\n<ul>\n<li>\u00d6koloogiline;<\/li>\n<li>Tulekindel;<\/li>\n<li>Kaitseb struktuure;<\/li>\n<li>Suurep\u00e4rane heliisolatsioon;<\/li>\n<li>Kerge ja kauakestev.<\/li>\n<\/ul>\n<h3>STEICO floc rakendus:<\/h3>\n<ul>\n<li>P\u00f6\u00f6ning puit- ja raudbetoonist vahelaega;<\/li>\n<li>P\u00f5randad;<\/li>\n<li>V\u00e4lisseinad;<\/li>\n<li>viilkatused;<\/li>\n<li>Elamute ja l\u00f5petamata majade sisevaheseinad;<\/li>\n<li>Vanade majade soojusisolatsiooni renoveerimiseks.<\/li>\n<\/ul>\n<p>&nbsp;<\/p>\n","protected":false},"excerpt":{"rendered":"<p>Ekovate &#8220;STEICO floc &#8220; Ekovate &#8220;STEICO floc&#8221; on valmistatud taaskasutatud paberist. Kvaliteetne tselluloos, suurep\u00e4rane isolatsioon talvel, suurep\u00e4rane suvine kuumakaitse. Tegemist<\/p>\n","protected":false},"featured_media":29660,"template":"","meta":{"_acf_changed":false},"product_cat":[5222,4256],"product_tag":[],"class_list":{"0":"post-30185","1":"product","2":"type-product","3":"status-publish","4":"has-post-thumbnail","6":"product_cat-siltumizolacijas-materiali-et","7":"product_cat-berama-villa-ehituseks-soojendamiseks","9":"first","10":"instock","11":"taxable","12":"shipping-taxable","13":"purchasable","14":"product-type-simple"},"acf":[],"yoast_head":"<!-- This site is optimized with the Yoast SEO plugin v24.2 - https:\/\/yoast.com\/wordpress\/plugins\/seo\/ -->\n<title>Ekovate STEICO floc 15kg &#8226; Vides Tehnika<\/title>\n<meta name=\"description\" content=\"Celulozes \u0161\u0137iedras ekovate &quot;Green Pulp&quot;. T\u0101 ir irdena, viegla, videi un cilv\u0113kam draudz\u012bga siltumizol\u0101cija, kas kalpos vair\u0101k nek\u0101 50 gadus.\" \/>\n<meta name=\"robots\" content=\"index, follow, max-snippet:-1, max-image-preview:large, max-video-preview:-1\" \/>\n<link rel=\"canonical\" href=\"https:\/\/videstehnika.lv\/et\/katalogs\/ekovate-okoloogiline-soojendav-materjal\/ekovate-steico-floc-15kg\/\" \/>\n<meta property=\"og:locale\" content=\"et_EE\" \/>\n<meta property=\"og:type\" content=\"article\" \/>\n<meta property=\"og:title\" content=\"Ekovate STEICO floc 15kg &#8226; Vides Tehnika\" \/>\n<meta property=\"og:description\" content=\"Celulozes \u0161\u0137iedras ekovate &quot;Green Pulp&quot;. T\u0101 ir irdena, viegla, videi un cilv\u0113kam draudz\u012bga siltumizol\u0101cija, kas kalpos vair\u0101k nek\u0101 50 gadus.\" \/>\n<meta property=\"og:url\" content=\"https:\/\/videstehnika.lv\/et\/katalogs\/ekovate-okoloogiline-soojendav-materjal\/ekovate-steico-floc-15kg\/\" \/>\n<meta property=\"og:site_name\" content=\"Vides Tehnika\" \/>\n<meta property=\"article:modified_time\" content=\"2023-11-19T10:17:09+00:00\" \/>\n<meta property=\"og:image\" content=\"https:\/\/videstehnika.lv\/wp-content\/uploads\/2023\/07\/steico-floc-nb-zellulose-einblasdaemmung-borfrei-15-kg-sack.jpg\" \/>\n\t<meta property=\"og:image:width\" content=\"591\" \/>\n\t<meta property=\"og:image:height\" content=\"591\" \/>\n\t<meta property=\"og:image:type\" content=\"image\/jpeg\" \/>\n<meta name=\"twitter:card\" content=\"summary_large_image\" \/>\n<meta name=\"twitter:label1\" content=\"Est. reading time\" \/>\n\t<meta name=\"twitter:data1\" content=\"1 minut\" \/>\n<script type=\"application\/ld+json\" class=\"yoast-schema-graph\">{\"@context\":\"https:\/\/schema.org\",\"@graph\":[{\"@type\":\"WebPage\",\"@id\":\"https:\/\/videstehnika.lv\/et\/katalogs\/ekovate-okoloogiline-soojendav-materjal\/ekovate-steico-floc-15kg\/\",\"url\":\"https:\/\/videstehnika.lv\/et\/katalogs\/ekovate-okoloogiline-soojendav-materjal\/ekovate-steico-floc-15kg\/\",\"name\":\"Ekovate STEICO floc 15kg &#8226; Vides Tehnika\",\"isPartOf\":{\"@id\":\"https:\/\/videstehnika.lv\/et\/#website\"},\"primaryImageOfPage\":{\"@id\":\"https:\/\/videstehnika.lv\/et\/katalogs\/ekovate-okoloogiline-soojendav-materjal\/ekovate-steico-floc-15kg\/#primaryimage\"},\"image\":{\"@id\":\"https:\/\/videstehnika.lv\/et\/katalogs\/ekovate-okoloogiline-soojendav-materjal\/ekovate-steico-floc-15kg\/#primaryimage\"},\"thumbnailUrl\":\"https:\/\/videstehnika.lv\/wp-content\/uploads\/2023\/07\/steico-floc-nb-zellulose-einblasdaemmung-borfrei-15-kg-sack.jpg\",\"datePublished\":\"2023-07-26T08:29:47+00:00\",\"dateModified\":\"2023-11-19T10:17:09+00:00\",\"description\":\"Celulozes \u0161\u0137iedras ekovate \\\"Green Pulp\\\". T\u0101 ir irdena, viegla, videi un cilv\u0113kam draudz\u012bga siltumizol\u0101cija, kas kalpos vair\u0101k nek\u0101 50 gadus.\",\"breadcrumb\":{\"@id\":\"https:\/\/videstehnika.lv\/et\/katalogs\/ekovate-okoloogiline-soojendav-materjal\/ekovate-steico-floc-15kg\/#breadcrumb\"},\"inLanguage\":\"et\",\"potentialAction\":[{\"@type\":\"ReadAction\",\"target\":[\"https:\/\/videstehnika.lv\/et\/katalogs\/ekovate-okoloogiline-soojendav-materjal\/ekovate-steico-floc-15kg\/\"]}]},{\"@type\":\"ImageObject\",\"inLanguage\":\"et\",\"@id\":\"https:\/\/videstehnika.lv\/et\/katalogs\/ekovate-okoloogiline-soojendav-materjal\/ekovate-steico-floc-15kg\/#primaryimage\",\"url\":\"https:\/\/videstehnika.lv\/wp-content\/uploads\/2023\/07\/steico-floc-nb-zellulose-einblasdaemmung-borfrei-15-kg-sack.jpg\",\"contentUrl\":\"https:\/\/videstehnika.lv\/wp-content\/uploads\/2023\/07\/steico-floc-nb-zellulose-einblasdaemmung-borfrei-15-kg-sack.jpg\",\"width\":591,\"height\":591},{\"@type\":\"BreadcrumbList\",\"@id\":\"https:\/\/videstehnika.lv\/et\/katalogs\/ekovate-okoloogiline-soojendav-materjal\/ekovate-steico-floc-15kg\/#breadcrumb\",\"itemListElement\":[{\"@type\":\"ListItem\",\"position\":1,\"name\":\"Home\",\"item\":\"https:\/\/videstehnika.lv\/et\/\"},{\"@type\":\"ListItem\",\"position\":2,\"name\":\"Kataloog\",\"item\":\"https:\/\/videstehnika.lv\/et\/kataloog\/\"},{\"@type\":\"ListItem\",\"position\":3,\"name\":\"Ekovate STEICO floc 15kg\"}]},{\"@type\":\"WebSite\",\"@id\":\"https:\/\/videstehnika.lv\/et\/#website\",\"url\":\"https:\/\/videstehnika.lv\/et\/\",\"name\":\"Vides Tehnika\",\"description\":\"\",\"potentialAction\":[{\"@type\":\"SearchAction\",\"target\":{\"@type\":\"EntryPoint\",\"urlTemplate\":\"https:\/\/videstehnika.lv\/et\/?s={search_term_string}\"},\"query-input\":{\"@type\":\"PropertyValueSpecification\",\"valueRequired\":true,\"valueName\":\"search_term_string\"}}],\"inLanguage\":\"et\"}]}<\/script>\n<!-- \/ Yoast SEO plugin. -->","yoast_head_json":{"title":"Ekovate STEICO floc 15kg &#8226; Vides Tehnika","description":"Celulozes \u0161\u0137iedras ekovate \"Green Pulp\". T\u0101 ir irdena, viegla, videi un cilv\u0113kam draudz\u012bga siltumizol\u0101cija, kas kalpos vair\u0101k nek\u0101 50 gadus.","robots":{"index":"index","follow":"follow","max-snippet":"max-snippet:-1","max-image-preview":"max-image-preview:large","max-video-preview":"max-video-preview:-1"},"canonical":"https:\/\/videstehnika.lv\/et\/katalogs\/ekovate-okoloogiline-soojendav-materjal\/ekovate-steico-floc-15kg\/","og_locale":"et_EE","og_type":"article","og_title":"Ekovate STEICO floc 15kg &#8226; Vides Tehnika","og_description":"Celulozes \u0161\u0137iedras ekovate \"Green Pulp\". T\u0101 ir irdena, viegla, videi un cilv\u0113kam draudz\u012bga siltumizol\u0101cija, kas kalpos vair\u0101k nek\u0101 50 gadus.","og_url":"https:\/\/videstehnika.lv\/et\/katalogs\/ekovate-okoloogiline-soojendav-materjal\/ekovate-steico-floc-15kg\/","og_site_name":"Vides Tehnika","article_modified_time":"2023-11-19T10:17:09+00:00","og_image":[{"width":591,"height":591,"url":"https:\/\/videstehnika.lv\/wp-content\/uploads\/2023\/07\/steico-floc-nb-zellulose-einblasdaemmung-borfrei-15-kg-sack.jpg","type":"image\/jpeg"}],"twitter_card":"summary_large_image","twitter_misc":{"Est. reading time":"1 minut"},"schema":{"@context":"https:\/\/schema.org","@graph":[{"@type":"WebPage","@id":"https:\/\/videstehnika.lv\/et\/katalogs\/ekovate-okoloogiline-soojendav-materjal\/ekovate-steico-floc-15kg\/","url":"https:\/\/videstehnika.lv\/et\/katalogs\/ekovate-okoloogiline-soojendav-materjal\/ekovate-steico-floc-15kg\/","name":"Ekovate STEICO floc 15kg &#8226; Vides Tehnika","isPartOf":{"@id":"https:\/\/videstehnika.lv\/et\/#website"},"primaryImageOfPage":{"@id":"https:\/\/videstehnika.lv\/et\/katalogs\/ekovate-okoloogiline-soojendav-materjal\/ekovate-steico-floc-15kg\/#primaryimage"},"image":{"@id":"https:\/\/videstehnika.lv\/et\/katalogs\/ekovate-okoloogiline-soojendav-materjal\/ekovate-steico-floc-15kg\/#primaryimage"},"thumbnailUrl":"https:\/\/videstehnika.lv\/wp-content\/uploads\/2023\/07\/steico-floc-nb-zellulose-einblasdaemmung-borfrei-15-kg-sack.jpg","datePublished":"2023-07-26T08:29:47+00:00","dateModified":"2023-11-19T10:17:09+00:00","description":"Celulozes \u0161\u0137iedras ekovate \"Green Pulp\". T\u0101 ir irdena, viegla, videi un cilv\u0113kam draudz\u012bga siltumizol\u0101cija, kas kalpos vair\u0101k nek\u0101 50 gadus.","breadcrumb":{"@id":"https:\/\/videstehnika.lv\/et\/katalogs\/ekovate-okoloogiline-soojendav-materjal\/ekovate-steico-floc-15kg\/#breadcrumb"},"inLanguage":"et","potentialAction":[{"@type":"ReadAction","target":["https:\/\/videstehnika.lv\/et\/katalogs\/ekovate-okoloogiline-soojendav-materjal\/ekovate-steico-floc-15kg\/"]}]},{"@type":"ImageObject","inLanguage":"et","@id":"https:\/\/videstehnika.lv\/et\/katalogs\/ekovate-okoloogiline-soojendav-materjal\/ekovate-steico-floc-15kg\/#primaryimage","url":"https:\/\/videstehnika.lv\/wp-content\/uploads\/2023\/07\/steico-floc-nb-zellulose-einblasdaemmung-borfrei-15-kg-sack.jpg","contentUrl":"https:\/\/videstehnika.lv\/wp-content\/uploads\/2023\/07\/steico-floc-nb-zellulose-einblasdaemmung-borfrei-15-kg-sack.jpg","width":591,"height":591},{"@type":"BreadcrumbList","@id":"https:\/\/videstehnika.lv\/et\/katalogs\/ekovate-okoloogiline-soojendav-materjal\/ekovate-steico-floc-15kg\/#breadcrumb","itemListElement":[{"@type":"ListItem","position":1,"name":"Home","item":"https:\/\/videstehnika.lv\/et\/"},{"@type":"ListItem","position":2,"name":"Kataloog","item":"https:\/\/videstehnika.lv\/et\/kataloog\/"},{"@type":"ListItem","position":3,"name":"Ekovate STEICO floc 15kg"}]},{"@type":"WebSite","@id":"https:\/\/videstehnika.lv\/et\/#website","url":"https:\/\/videstehnika.lv\/et\/","name":"Vides Tehnika","description":"","potentialAction":[{"@type":"SearchAction","target":{"@type":"EntryPoint","urlTemplate":"https:\/\/videstehnika.lv\/et\/?s={search_term_string}"},"query-input":{"@type":"PropertyValueSpecification","valueRequired":true,"valueName":"search_term_string"}}],"inLanguage":"et"}]}},"_links":{"self":[{"href":"https:\/\/videstehnika.lv\/et\/wp-json\/wp\/v2\/product\/30185","targetHints":{"allow":["GET"]}}],"collection":[{"href":"https:\/\/videstehnika.lv\/et\/wp-json\/wp\/v2\/product"}],"about":[{"href":"https:\/\/videstehnika.lv\/et\/wp-json\/wp\/v2\/types\/product"}],"wp:featuredmedia":[{"embeddable":true,"href":"https:\/\/videstehnika.lv\/et\/wp-json\/wp\/v2\/media\/29660"}],"wp:attachment":[{"href":"https:\/\/videstehnika.lv\/et\/wp-json\/wp\/v2\/media?parent=30185"}],"wp:term":[{"taxonomy":"product_cat","embeddable":true,"href":"https:\/\/videstehnika.lv\/et\/wp-json\/wp\/v2\/product_cat?post=30185"},{"taxonomy":"product_tag","embeddable":true,"href":"https:\/\/videstehnika.lv\/et\/wp-json\/wp\/v2\/product_tag?post=30185"}],"curies":[{"name":"wp","href":"https:\/\/api.w.org\/{rel}","templated":true}]}}